{"id":7763,"date":"2016-08-10T10:28:04","date_gmt":"2016-08-10T08:28:04","guid":{"rendered":"https:\/\/www.casarredo.it\/it\/?post_type=product&#038;p=7763"},"modified":"2024-05-03T18:23:17","modified_gmt":"2024-05-03T16:23:17","slug":"mak-tavolino-su-ruote-driade","status":"publish","type":"product","link":"https:\/\/www.casarredo.it\/en\/prodotto\/mak-tavolino-su-ruote-driade\/","title":{"rendered":"Mak tavolino su ruote Driade"},"content":{"rendered":"<p><\/p>\n<h1>MAK TAVOLINO SU RUOTE DRIADE<\/h1>\n<h2>TAVOLINO CARRELLO DRIADE<\/h2>\n<p>Mak \u00e8 uno speciale tavolino su ruote, con quattro ripiani che sporgono dal corpo del tavolino, in modo che possano infilarsi quello pi\u00f9 basso sotto il letto e il pi\u00f9 alto fungere da appoggio per un servizio di prima colazione. O anche un semplice caff\u00e8.<\/p>\n<p><img loading=\"lazy\" decoding=\"async\" class=\"irc_mi i0PcoflvaSBc-pQOPx8XEepE\" src=\"http:\/\/img.edilportale.com\/products\/mak-driade-209654-prelc6b06145.jpg\" alt=\"\" width=\"722\" height=\"543\" \/><\/p>\n<p><\/p>\n","protected":false},"excerpt":{"rendered":"<p>MAK TAVOLINO SU RUOTE DRIADE TAVOLINO CARRELLO DRIADE Mak \u00e8 uno speciale tavolino su ruote, con quattro ripiani che sporgono dal corpo del tavolino, in modo che possano infilarsi quello pi\u00f9 basso sotto il letto e il pi\u00f9 alto fungere da appoggio per un servizio di prima colazione. O anche un semplice caff\u00e8.<\/p>\n","protected":false},"featured_media":7764,"template":"","meta":[],"product_brand":[],"product_cat":[363,1000,653,594,737,367],"product_tag":[1219],"class_list":{"0":"post-7763","1":"product","2":"type-product","3":"status-publish","4":"has-post-thumbnail","6":"product_cat-complementi","7":"product_cat-da-non-perdere","8":"product_cat-driade","9":"product_cat-tavoli","10":"product_cat-tavoli-bassi","11":"product_cat-zona-giorno","12":"product_tag-chigiotti","14":"first","15":"outofstock","16":"shipping-taxable","17":"product-type-simple","18":"add-to-wishlist-after_add_to_cart"},"yoast_head":"<!-- This site is optimized with the Yoast SEO plugin v27.4 - https:\/\/yoast.com\/product\/yoast-seo-wordpress\/ -->\n<title>Mak tavolino su ruote Driade &#8212; Casarredo.it<\/title>\n<meta name=\"description\" content=\"Mak \u00e8 uno speciale tavolino su ruote, con quattro ripiani che sporgono dal corpo del tavolino, in modo che possano infilarsi quello pi\u00f9 basso sotto il letto\" \/>\n<meta name=\"robots\" content=\"index, follow, max-snippet:-1, max-image-preview:large, max-video-preview:-1\" \/>\n<link rel=\"canonical\" href=\"https:\/\/www.casarredo.it\/en\/prodotto\/mak-tavolino-su-ruote-driade\/\" \/>\n<meta property=\"og:locale\" content=\"en_US\" \/>\n<meta property=\"og:type\" content=\"article\" \/>\n<meta property=\"og:title\" content=\"Mak tavolino su ruote Driade &#8212; Casarredo.it\" \/>\n<meta property=\"og:description\" content=\"Mak \u00e8 uno speciale tavolino su ruote, con quattro ripiani che sporgono dal corpo del tavolino, in modo che possano infilarsi quello pi\u00f9 basso sotto il letto\" \/>\n<meta property=\"og:url\" content=\"https:\/\/www.casarredo.it\/en\/prodotto\/mak-tavolino-su-ruote-driade\/\" \/>\n<meta property=\"og:site_name\" content=\"Casarredo.it\" \/>\n<meta property=\"article:publisher\" content=\"https:\/\/www.facebook.com\/Casarredo-632870513490892\" \/>\n<meta property=\"article:modified_time\" content=\"2024-05-03T16:23:17+00:00\" \/>\n<meta property=\"og:image\" content=\"https:\/\/www.casarredo.it\/wp-content\/uploads\/2016\/08\/mak-driade.jpg\" \/>\n\t<meta property=\"og:image:width\" content=\"194\" \/>\n\t<meta property=\"og:image:height\" content=\"259\" \/>\n\t<meta property=\"og:image:type\" content=\"image\/jpeg\" \/>\n<meta name=\"twitter:card\" content=\"summary_large_image\" \/>\n<meta name=\"twitter:label1\" content=\"Est. reading time\" \/>\n\t<meta name=\"twitter:data1\" content=\"1 minute\" \/>\n<script type=\"application\/ld+json\" class=\"yoast-schema-graph\">{\"@context\":\"https:\\\/\\\/schema.org\",\"@graph\":[{\"@type\":\"WebPage\",\"@id\":\"https:\\\/\\\/www.casarredo.it\\\/en\\\/prodotto\\\/mak-tavolino-su-ruote-driade\\\/\",\"url\":\"https:\\\/\\\/www.casarredo.it\\\/en\\\/prodotto\\\/mak-tavolino-su-ruote-driade\\\/\",\"name\":\"Mak tavolino su ruote Driade &#8212; Casarredo.it\",\"isPartOf\":{\"@id\":\"https:\\\/\\\/www.casarredo.it\\\/en\\\/#website\"},\"primaryImageOfPage\":{\"@id\":\"https:\\\/\\\/www.casarredo.it\\\/en\\\/prodotto\\\/mak-tavolino-su-ruote-driade\\\/#primaryimage\"},\"image\":{\"@id\":\"https:\\\/\\\/www.casarredo.it\\\/en\\\/prodotto\\\/mak-tavolino-su-ruote-driade\\\/#primaryimage\"},\"thumbnailUrl\":\"https:\\\/\\\/www.casarredo.it\\\/wp-content\\\/uploads\\\/2016\\\/08\\\/mak-driade.jpg\",\"datePublished\":\"2016-08-10T08:28:04+00:00\",\"dateModified\":\"2024-05-03T16:23:17+00:00\",\"description\":\"Mak \u00e8 uno speciale tavolino su ruote, con quattro ripiani che sporgono dal corpo del tavolino, in modo che possano infilarsi quello pi\u00f9 basso sotto il letto\",\"breadcrumb\":{\"@id\":\"https:\\\/\\\/www.casarredo.it\\\/en\\\/prodotto\\\/mak-tavolino-su-ruote-driade\\\/#breadcrumb\"},\"inLanguage\":\"en-US\",\"potentialAction\":[{\"@type\":\"ReadAction\",\"target\":[\"https:\\\/\\\/www.casarredo.it\\\/en\\\/prodotto\\\/mak-tavolino-su-ruote-driade\\\/\"]}]},{\"@type\":\"ImageObject\",\"inLanguage\":\"en-US\",\"@id\":\"https:\\\/\\\/www.casarredo.it\\\/en\\\/prodotto\\\/mak-tavolino-su-ruote-driade\\\/#primaryimage\",\"url\":\"https:\\\/\\\/www.casarredo.it\\\/wp-content\\\/uploads\\\/2016\\\/08\\\/mak-driade.jpg\",\"contentUrl\":\"https:\\\/\\\/www.casarredo.it\\\/wp-content\\\/uploads\\\/2016\\\/08\\\/mak-driade.jpg\",\"width\":194,\"height\":259},{\"@type\":\"BreadcrumbList\",\"@id\":\"https:\\\/\\\/www.casarredo.it\\\/en\\\/prodotto\\\/mak-tavolino-su-ruote-driade\\\/#breadcrumb\",\"itemListElement\":[{\"@type\":\"ListItem\",\"position\":1,\"name\":\"Home\",\"item\":\"https:\\\/\\\/www.casarredo.it\\\/en\\\/\"},{\"@type\":\"ListItem\",\"position\":2,\"name\":\"Shop online\",\"item\":\"https:\\\/\\\/www.casarredo.it\\\/en\\\/shop\\\/\"},{\"@type\":\"ListItem\",\"position\":3,\"name\":\"Mak tavolino su ruote Driade\"}]},{\"@type\":\"WebSite\",\"@id\":\"https:\\\/\\\/www.casarredo.it\\\/en\\\/#website\",\"url\":\"https:\\\/\\\/www.casarredo.it\\\/en\\\/\",\"name\":\"Casarredo.it\",\"description\":\"Design da vivere\",\"publisher\":{\"@id\":\"https:\\\/\\\/www.casarredo.it\\\/en\\\/#organization\"},\"potentialAction\":[{\"@type\":\"SearchAction\",\"target\":{\"@type\":\"EntryPoint\",\"urlTemplate\":\"https:\\\/\\\/www.casarredo.it\\\/en\\\/?s={search_term_string}\"},\"query-input\":{\"@type\":\"PropertyValueSpecification\",\"valueRequired\":true,\"valueName\":\"search_term_string\"}}],\"inLanguage\":\"en-US\"},{\"@type\":\"Organization\",\"@id\":\"https:\\\/\\\/www.casarredo.it\\\/en\\\/#organization\",\"name\":\"casarredo srl\",\"url\":\"https:\\\/\\\/www.casarredo.it\\\/en\\\/\",\"logo\":{\"@type\":\"ImageObject\",\"inLanguage\":\"en-US\",\"@id\":\"https:\\\/\\\/www.casarredo.it\\\/en\\\/#\\\/schema\\\/logo\\\/image\\\/\",\"url\":\"https:\\\/\\\/www.casarredo.it\\\/wp-content\\\/uploads\\\/2018\\\/05\\\/vanity-scaled.jpg\",\"contentUrl\":\"https:\\\/\\\/www.casarredo.it\\\/wp-content\\\/uploads\\\/2018\\\/05\\\/vanity-scaled.jpg\",\"width\":2560,\"height\":1848,\"caption\":\"casarredo srl\"},\"image\":{\"@id\":\"https:\\\/\\\/www.casarredo.it\\\/en\\\/#\\\/schema\\\/logo\\\/image\\\/\"},\"sameAs\":[\"https:\\\/\\\/www.facebook.com\\\/Casarredo-632870513490892\",\"https:\\\/\\\/www.instagram.com\\\/casarredo_fano\\\/\"]}]}<\/script>\n<!-- \/ Yoast SEO plugin. -->","yoast_head_json":{"title":"Mak tavolino su ruote Driade &#8212; Casarredo.it","description":"Mak \u00e8 uno speciale tavolino su ruote, con quattro ripiani che sporgono dal corpo del tavolino, in modo che possano infilarsi quello pi\u00f9 basso sotto il letto","robots":{"index":"index","follow":"follow","max-snippet":"max-snippet:-1","max-image-preview":"max-image-preview:large","max-video-preview":"max-video-preview:-1"},"canonical":"https:\/\/www.casarredo.it\/en\/prodotto\/mak-tavolino-su-ruote-driade\/","og_locale":"en_US","og_type":"article","og_title":"Mak tavolino su ruote Driade &#8212; Casarredo.it","og_description":"Mak \u00e8 uno speciale tavolino su ruote, con quattro ripiani che sporgono dal corpo del tavolino, in modo che possano infilarsi quello pi\u00f9 basso sotto il letto","og_url":"https:\/\/www.casarredo.it\/en\/prodotto\/mak-tavolino-su-ruote-driade\/","og_site_name":"Casarredo.it","article_publisher":"https:\/\/www.facebook.com\/Casarredo-632870513490892","article_modified_time":"2024-05-03T16:23:17+00:00","og_image":[{"width":194,"height":259,"url":"https:\/\/www.casarredo.it\/wp-content\/uploads\/2016\/08\/mak-driade.jpg","type":"image\/jpeg"}],"twitter_card":"summary_large_image","twitter_misc":{"Est. reading time":"1 minute"},"schema":{"@context":"https:\/\/schema.org","@graph":[{"@type":"WebPage","@id":"https:\/\/www.casarredo.it\/en\/prodotto\/mak-tavolino-su-ruote-driade\/","url":"https:\/\/www.casarredo.it\/en\/prodotto\/mak-tavolino-su-ruote-driade\/","name":"Mak tavolino su ruote Driade &#8212; Casarredo.it","isPartOf":{"@id":"https:\/\/www.casarredo.it\/en\/#website"},"primaryImageOfPage":{"@id":"https:\/\/www.casarredo.it\/en\/prodotto\/mak-tavolino-su-ruote-driade\/#primaryimage"},"image":{"@id":"https:\/\/www.casarredo.it\/en\/prodotto\/mak-tavolino-su-ruote-driade\/#primaryimage"},"thumbnailUrl":"https:\/\/www.casarredo.it\/wp-content\/uploads\/2016\/08\/mak-driade.jpg","datePublished":"2016-08-10T08:28:04+00:00","dateModified":"2024-05-03T16:23:17+00:00","description":"Mak \u00e8 uno speciale tavolino su ruote, con quattro ripiani che sporgono dal corpo del tavolino, in modo che possano infilarsi quello pi\u00f9 basso sotto il letto","breadcrumb":{"@id":"https:\/\/www.casarredo.it\/en\/prodotto\/mak-tavolino-su-ruote-driade\/#breadcrumb"},"inLanguage":"en-US","potentialAction":[{"@type":"ReadAction","target":["https:\/\/www.casarredo.it\/en\/prodotto\/mak-tavolino-su-ruote-driade\/"]}]},{"@type":"ImageObject","inLanguage":"en-US","@id":"https:\/\/www.casarredo.it\/en\/prodotto\/mak-tavolino-su-ruote-driade\/#primaryimage","url":"https:\/\/www.casarredo.it\/wp-content\/uploads\/2016\/08\/mak-driade.jpg","contentUrl":"https:\/\/www.casarredo.it\/wp-content\/uploads\/2016\/08\/mak-driade.jpg","width":194,"height":259},{"@type":"BreadcrumbList","@id":"https:\/\/www.casarredo.it\/en\/prodotto\/mak-tavolino-su-ruote-driade\/#breadcrumb","itemListElement":[{"@type":"ListItem","position":1,"name":"Home","item":"https:\/\/www.casarredo.it\/en\/"},{"@type":"ListItem","position":2,"name":"Shop online","item":"https:\/\/www.casarredo.it\/en\/shop\/"},{"@type":"ListItem","position":3,"name":"Mak tavolino su ruote Driade"}]},{"@type":"WebSite","@id":"https:\/\/www.casarredo.it\/en\/#website","url":"https:\/\/www.casarredo.it\/en\/","name":"Casarredo.it","description":"Design da vivere","publisher":{"@id":"https:\/\/www.casarredo.it\/en\/#organization"},"potentialAction":[{"@type":"SearchAction","target":{"@type":"EntryPoint","urlTemplate":"https:\/\/www.casarredo.it\/en\/?s={search_term_string}"},"query-input":{"@type":"PropertyValueSpecification","valueRequired":true,"valueName":"search_term_string"}}],"inLanguage":"en-US"},{"@type":"Organization","@id":"https:\/\/www.casarredo.it\/en\/#organization","name":"casarredo srl","url":"https:\/\/www.casarredo.it\/en\/","logo":{"@type":"ImageObject","inLanguage":"en-US","@id":"https:\/\/www.casarredo.it\/en\/#\/schema\/logo\/image\/","url":"https:\/\/www.casarredo.it\/wp-content\/uploads\/2018\/05\/vanity-scaled.jpg","contentUrl":"https:\/\/www.casarredo.it\/wp-content\/uploads\/2018\/05\/vanity-scaled.jpg","width":2560,"height":1848,"caption":"casarredo srl"},"image":{"@id":"https:\/\/www.casarredo.it\/en\/#\/schema\/logo\/image\/"},"sameAs":["https:\/\/www.facebook.com\/Casarredo-632870513490892","https:\/\/www.instagram.com\/casarredo_fano\/"]}]}},"_links":{"self":[{"href":"https:\/\/www.casarredo.it\/en\/wp-json\/wp\/v2\/product\/7763","targetHints":{"allow":["GET"]}}],"collection":[{"href":"https:\/\/www.casarredo.it\/en\/wp-json\/wp\/v2\/product"}],"about":[{"href":"https:\/\/www.casarredo.it\/en\/wp-json\/wp\/v2\/types\/product"}],"wp:featuredmedia":[{"embeddable":true,"href":"https:\/\/www.casarredo.it\/en\/wp-json\/wp\/v2\/media\/7764"}],"wp:attachment":[{"href":"https:\/\/www.casarredo.it\/en\/wp-json\/wp\/v2\/media?parent=7763"}],"wp:term":[{"taxonomy":"product_brand","embeddable":true,"href":"https:\/\/www.casarredo.it\/en\/wp-json\/wp\/v2\/product_brand?post=7763"},{"taxonomy":"product_cat","embeddable":true,"href":"https:\/\/www.casarredo.it\/en\/wp-json\/wp\/v2\/product_cat?post=7763"},{"taxonomy":"product_tag","embeddable":true,"href":"https:\/\/www.casarredo.it\/en\/wp-json\/wp\/v2\/product_tag?post=7763"}],"curies":[{"name":"wp","href":"https:\/\/api.w.org\/{rel}","templated":true}]}}