{"id":3720,"date":"2015-10-03T00:00:00","date_gmt":"2015-10-02T22:00:00","guid":{"rendered":"https:\/\/www.casarredo.it\/?post_type=product&#038;p=4283"},"modified":"2025-08-18T17:19:05","modified_gmt":"2025-08-18T15:19:05","slug":"poltrona-nemo-di-fabio-novembre-per-driade","status":"publish","type":"product","link":"https:\/\/www.casarredo.it\/en\/prodotto\/poltrona-nemo-di-fabio-novembre-per-driade\/","title":{"rendered":"Nemo poltrona di Fabio Novembre per Driade"},"content":{"rendered":"<p><\/p>\n<h1>Nemo Poltrona<\/h1>\n<p>Nemo poltrona,Driade ha scelto l\u2019importante appuntamento con il Salone Internazionale del Mobile di Milano 2010 per presentare al grande pubblico l\u2019ultima eccezionale creazione del grande designer di fama mondiale Fabio Novembre per lo storico marchio italiano. Si chiama Nemo ed \u00e8 un\u2019originalissima seduta caratterizzata da grandi dimensioni e da una curiosa forma di volto umano che di certo non pu\u00f2 passare inosservata! Realizzata in materiale plastico polietilene monoblocco \u00e8 disponibile in tre varianti di colore: bianco, nero e rosso vernice. Nemo \u00e8 il nome della poltrona ideata e progettata dal designer milanese Fabio Novembre per Driade, una seduta dalle imponenti dimensioni e dalla forma di volto umano.\u00a0Ispirandosi ala figura umana, il designer realizza un prodotto davvero unico nel suo genere che richiama altre due sue ormai celebri realizzazioni presentate nel 2008: le sedie Him&amp;Her forgiate sulla figura di un uomo e su quella di una donna per Casamania e il divano Divina caratterizzato da uno schienale a forma di profilo di donna pensato per Driade.\u00a0Nemo \u00e8 un volto dalle sembianze classiche che viene scavato per creare uno spazio abitabile: una sorta di testa-poltrona quindi che, come una maschera, nasconde e contemporaneamente rivela il suo fruitore. Dal design antropomorfo, questa seduta \u00e8 una vera e propria scultura capace di proporre una bellezza mitizzata dalle sembianze proporzionate e divine.\u00a0La poltrona Nemo firmata da Fabio Novembre per Driade \u00e8 una seduta perfetta per arredare gli ambienti interni come quelli esterni.<\/p>\n<p><\/p>\n","protected":false},"excerpt":{"rendered":"<p>Nemo Poltrona Nemo poltrona,Driade ha scelto l\u2019importante appuntamento con il Salone Internazionale del Mobile di Milano 2010 per presentare al grande pubblico l\u2019ultima eccezionale creazione del grande designer di fama mondiale Fabio Novembre per lo storico marchio italiano. Si chiama Nemo ed \u00e8 un\u2019originalissima seduta caratterizzata da grandi dimensioni e da una curiosa forma di [&hellip;]<\/p>\n","protected":false},"featured_media":6871,"template":"","meta":[],"product_brand":[],"product_cat":[653,671,672],"product_tag":[654,714,673,674,590],"class_list":{"0":"post-3720","1":"product","2":"type-product","3":"status-publish","4":"has-post-thumbnail","6":"product_cat-driade","7":"product_cat-mobili-da-esterno","8":"product_cat-poltrone","9":"product_tag-driade","10":"product_tag-fabio-novembre","11":"product_tag-mobili-da-esterno","12":"product_tag-poltrone","13":"product_tag-top-designers","14":"pa_colore-bianco-opaco","15":"pa_colore-grigio-opaco","16":"pa_colore-nero-opaco","17":"pa_colore-rosso-opaco","19":"first","20":"onbackorder","21":"sale","22":"shipping-taxable","23":"purchasable","24":"product-type-variable","25":"add-to-wishlist-after_add_to_cart"},"yoast_head":"<!-- This site is optimized with the Yoast SEO plugin v27.3 - https:\/\/yoast.com\/product\/yoast-seo-wordpress\/ -->\n<title>Nemo poltrona di Fabio Novembre per Driade &#8212; Casarredo.it<\/title>\n<meta name=\"description\" content=\"Nemo \u00e8 un\u2019originalissima seduta caratterizzata da grandi dimensioni e da una curiosa forma di volto umano realizzata in materiale plastico monoblocco\" \/>\n<meta name=\"robots\" content=\"index, follow, max-snippet:-1, max-image-preview:large, max-video-preview:-1\" \/>\n<link rel=\"canonical\" href=\"https:\/\/www.casarredo.it\/en\/prodotto\/poltrona-nemo-di-fabio-novembre-per-driade\/\" \/>\n<meta property=\"og:locale\" content=\"en_US\" \/>\n<meta property=\"og:type\" content=\"article\" \/>\n<meta property=\"og:title\" content=\"Nemo poltrona di Fabio Novembre per Driade &#8212; Casarredo.it\" \/>\n<meta property=\"og:description\" content=\"Nemo \u00e8 un\u2019originalissima seduta caratterizzata da grandi dimensioni e da una curiosa forma di volto umano realizzata in materiale plastico monoblocco\" \/>\n<meta property=\"og:url\" content=\"https:\/\/www.casarredo.it\/en\/prodotto\/poltrona-nemo-di-fabio-novembre-per-driade\/\" \/>\n<meta property=\"og:site_name\" content=\"Casarredo.it\" \/>\n<meta property=\"article:publisher\" content=\"https:\/\/www.facebook.com\/Casarredo-632870513490892\" \/>\n<meta property=\"article:modified_time\" content=\"2025-08-18T15:19:05+00:00\" \/>\n<meta property=\"og:image\" content=\"https:\/\/www.casarredo.it\/wp-content\/uploads\/2015\/10\/nemo2.jpg\" \/>\n\t<meta property=\"og:image:width\" content=\"450\" \/>\n\t<meta property=\"og:image:height\" content=\"450\" \/>\n\t<meta property=\"og:image:type\" content=\"image\/jpeg\" \/>\n<meta name=\"twitter:card\" content=\"summary_large_image\" \/>\n<meta name=\"twitter:label1\" content=\"Est. reading time\" \/>\n\t<meta name=\"twitter:data1\" content=\"2 minutes\" \/>\n<script type=\"application\/ld+json\" class=\"yoast-schema-graph\">{\"@context\":\"https:\\\/\\\/schema.org\",\"@graph\":[{\"@type\":\"WebPage\",\"@id\":\"https:\\\/\\\/www.casarredo.it\\\/en\\\/prodotto\\\/poltrona-nemo-di-fabio-novembre-per-driade\\\/\",\"url\":\"https:\\\/\\\/www.casarredo.it\\\/en\\\/prodotto\\\/poltrona-nemo-di-fabio-novembre-per-driade\\\/\",\"name\":\"Nemo poltrona di Fabio Novembre per Driade &#8212; Casarredo.it\",\"isPartOf\":{\"@id\":\"https:\\\/\\\/www.casarredo.it\\\/en\\\/#website\"},\"primaryImageOfPage\":{\"@id\":\"https:\\\/\\\/www.casarredo.it\\\/en\\\/prodotto\\\/poltrona-nemo-di-fabio-novembre-per-driade\\\/#primaryimage\"},\"image\":{\"@id\":\"https:\\\/\\\/www.casarredo.it\\\/en\\\/prodotto\\\/poltrona-nemo-di-fabio-novembre-per-driade\\\/#primaryimage\"},\"thumbnailUrl\":\"https:\\\/\\\/www.casarredo.it\\\/wp-content\\\/uploads\\\/2015\\\/10\\\/nemo2.jpg\",\"datePublished\":\"2015-10-02T22:00:00+00:00\",\"dateModified\":\"2025-08-18T15:19:05+00:00\",\"description\":\"Nemo \u00e8 un\u2019originalissima seduta caratterizzata da grandi dimensioni e da una curiosa forma di volto umano realizzata in materiale plastico monoblocco\",\"breadcrumb\":{\"@id\":\"https:\\\/\\\/www.casarredo.it\\\/en\\\/prodotto\\\/poltrona-nemo-di-fabio-novembre-per-driade\\\/#breadcrumb\"},\"inLanguage\":\"en-US\",\"potentialAction\":[{\"@type\":\"ReadAction\",\"target\":[\"https:\\\/\\\/www.casarredo.it\\\/en\\\/prodotto\\\/poltrona-nemo-di-fabio-novembre-per-driade\\\/\"]}]},{\"@type\":\"ImageObject\",\"inLanguage\":\"en-US\",\"@id\":\"https:\\\/\\\/www.casarredo.it\\\/en\\\/prodotto\\\/poltrona-nemo-di-fabio-novembre-per-driade\\\/#primaryimage\",\"url\":\"https:\\\/\\\/www.casarredo.it\\\/wp-content\\\/uploads\\\/2015\\\/10\\\/nemo2.jpg\",\"contentUrl\":\"https:\\\/\\\/www.casarredo.it\\\/wp-content\\\/uploads\\\/2015\\\/10\\\/nemo2.jpg\",\"width\":450,\"height\":450},{\"@type\":\"BreadcrumbList\",\"@id\":\"https:\\\/\\\/www.casarredo.it\\\/en\\\/prodotto\\\/poltrona-nemo-di-fabio-novembre-per-driade\\\/#breadcrumb\",\"itemListElement\":[{\"@type\":\"ListItem\",\"position\":1,\"name\":\"Home\",\"item\":\"https:\\\/\\\/www.casarredo.it\\\/en\\\/\"},{\"@type\":\"ListItem\",\"position\":2,\"name\":\"Shop online\",\"item\":\"https:\\\/\\\/www.casarredo.it\\\/en\\\/shop\\\/\"},{\"@type\":\"ListItem\",\"position\":3,\"name\":\"Nemo poltrona di Fabio Novembre per Driade\"}]},{\"@type\":\"WebSite\",\"@id\":\"https:\\\/\\\/www.casarredo.it\\\/en\\\/#website\",\"url\":\"https:\\\/\\\/www.casarredo.it\\\/en\\\/\",\"name\":\"Casarredo.it\",\"description\":\"Design da vivere\",\"publisher\":{\"@id\":\"https:\\\/\\\/www.casarredo.it\\\/en\\\/#organization\"},\"potentialAction\":[{\"@type\":\"SearchAction\",\"target\":{\"@type\":\"EntryPoint\",\"urlTemplate\":\"https:\\\/\\\/www.casarredo.it\\\/en\\\/?s={search_term_string}\"},\"query-input\":{\"@type\":\"PropertyValueSpecification\",\"valueRequired\":true,\"valueName\":\"search_term_string\"}}],\"inLanguage\":\"en-US\"},{\"@type\":\"Organization\",\"@id\":\"https:\\\/\\\/www.casarredo.it\\\/en\\\/#organization\",\"name\":\"casarredo srl\",\"url\":\"https:\\\/\\\/www.casarredo.it\\\/en\\\/\",\"logo\":{\"@type\":\"ImageObject\",\"inLanguage\":\"en-US\",\"@id\":\"https:\\\/\\\/www.casarredo.it\\\/en\\\/#\\\/schema\\\/logo\\\/image\\\/\",\"url\":\"https:\\\/\\\/www.casarredo.it\\\/wp-content\\\/uploads\\\/2018\\\/05\\\/vanity-scaled.jpg\",\"contentUrl\":\"https:\\\/\\\/www.casarredo.it\\\/wp-content\\\/uploads\\\/2018\\\/05\\\/vanity-scaled.jpg\",\"width\":2560,\"height\":1848,\"caption\":\"casarredo srl\"},\"image\":{\"@id\":\"https:\\\/\\\/www.casarredo.it\\\/en\\\/#\\\/schema\\\/logo\\\/image\\\/\"},\"sameAs\":[\"https:\\\/\\\/www.facebook.com\\\/Casarredo-632870513490892\",\"https:\\\/\\\/www.instagram.com\\\/casarredo_fano\\\/\"]}]}<\/script>\n<!-- \/ Yoast SEO plugin. -->","yoast_head_json":{"title":"Nemo poltrona di Fabio Novembre per Driade &#8212; Casarredo.it","description":"Nemo \u00e8 un\u2019originalissima seduta caratterizzata da grandi dimensioni e da una curiosa forma di volto umano realizzata in materiale plastico monoblocco","robots":{"index":"index","follow":"follow","max-snippet":"max-snippet:-1","max-image-preview":"max-image-preview:large","max-video-preview":"max-video-preview:-1"},"canonical":"https:\/\/www.casarredo.it\/en\/prodotto\/poltrona-nemo-di-fabio-novembre-per-driade\/","og_locale":"en_US","og_type":"article","og_title":"Nemo poltrona di Fabio Novembre per Driade &#8212; Casarredo.it","og_description":"Nemo \u00e8 un\u2019originalissima seduta caratterizzata da grandi dimensioni e da una curiosa forma di volto umano realizzata in materiale plastico monoblocco","og_url":"https:\/\/www.casarredo.it\/en\/prodotto\/poltrona-nemo-di-fabio-novembre-per-driade\/","og_site_name":"Casarredo.it","article_publisher":"https:\/\/www.facebook.com\/Casarredo-632870513490892","article_modified_time":"2025-08-18T15:19:05+00:00","og_image":[{"width":450,"height":450,"url":"https:\/\/www.casarredo.it\/wp-content\/uploads\/2015\/10\/nemo2.jpg","type":"image\/jpeg"}],"twitter_card":"summary_large_image","twitter_misc":{"Est. reading time":"2 minutes"},"schema":{"@context":"https:\/\/schema.org","@graph":[{"@type":"WebPage","@id":"https:\/\/www.casarredo.it\/en\/prodotto\/poltrona-nemo-di-fabio-novembre-per-driade\/","url":"https:\/\/www.casarredo.it\/en\/prodotto\/poltrona-nemo-di-fabio-novembre-per-driade\/","name":"Nemo poltrona di Fabio Novembre per Driade &#8212; Casarredo.it","isPartOf":{"@id":"https:\/\/www.casarredo.it\/en\/#website"},"primaryImageOfPage":{"@id":"https:\/\/www.casarredo.it\/en\/prodotto\/poltrona-nemo-di-fabio-novembre-per-driade\/#primaryimage"},"image":{"@id":"https:\/\/www.casarredo.it\/en\/prodotto\/poltrona-nemo-di-fabio-novembre-per-driade\/#primaryimage"},"thumbnailUrl":"https:\/\/www.casarredo.it\/wp-content\/uploads\/2015\/10\/nemo2.jpg","datePublished":"2015-10-02T22:00:00+00:00","dateModified":"2025-08-18T15:19:05+00:00","description":"Nemo \u00e8 un\u2019originalissima seduta caratterizzata da grandi dimensioni e da una curiosa forma di volto umano realizzata in materiale plastico monoblocco","breadcrumb":{"@id":"https:\/\/www.casarredo.it\/en\/prodotto\/poltrona-nemo-di-fabio-novembre-per-driade\/#breadcrumb"},"inLanguage":"en-US","potentialAction":[{"@type":"ReadAction","target":["https:\/\/www.casarredo.it\/en\/prodotto\/poltrona-nemo-di-fabio-novembre-per-driade\/"]}]},{"@type":"ImageObject","inLanguage":"en-US","@id":"https:\/\/www.casarredo.it\/en\/prodotto\/poltrona-nemo-di-fabio-novembre-per-driade\/#primaryimage","url":"https:\/\/www.casarredo.it\/wp-content\/uploads\/2015\/10\/nemo2.jpg","contentUrl":"https:\/\/www.casarredo.it\/wp-content\/uploads\/2015\/10\/nemo2.jpg","width":450,"height":450},{"@type":"BreadcrumbList","@id":"https:\/\/www.casarredo.it\/en\/prodotto\/poltrona-nemo-di-fabio-novembre-per-driade\/#breadcrumb","itemListElement":[{"@type":"ListItem","position":1,"name":"Home","item":"https:\/\/www.casarredo.it\/en\/"},{"@type":"ListItem","position":2,"name":"Shop online","item":"https:\/\/www.casarredo.it\/en\/shop\/"},{"@type":"ListItem","position":3,"name":"Nemo poltrona di Fabio Novembre per Driade"}]},{"@type":"WebSite","@id":"https:\/\/www.casarredo.it\/en\/#website","url":"https:\/\/www.casarredo.it\/en\/","name":"Casarredo.it","description":"Design da vivere","publisher":{"@id":"https:\/\/www.casarredo.it\/en\/#organization"},"potentialAction":[{"@type":"SearchAction","target":{"@type":"EntryPoint","urlTemplate":"https:\/\/www.casarredo.it\/en\/?s={search_term_string}"},"query-input":{"@type":"PropertyValueSpecification","valueRequired":true,"valueName":"search_term_string"}}],"inLanguage":"en-US"},{"@type":"Organization","@id":"https:\/\/www.casarredo.it\/en\/#organization","name":"casarredo srl","url":"https:\/\/www.casarredo.it\/en\/","logo":{"@type":"ImageObject","inLanguage":"en-US","@id":"https:\/\/www.casarredo.it\/en\/#\/schema\/logo\/image\/","url":"https:\/\/www.casarredo.it\/wp-content\/uploads\/2018\/05\/vanity-scaled.jpg","contentUrl":"https:\/\/www.casarredo.it\/wp-content\/uploads\/2018\/05\/vanity-scaled.jpg","width":2560,"height":1848,"caption":"casarredo srl"},"image":{"@id":"https:\/\/www.casarredo.it\/en\/#\/schema\/logo\/image\/"},"sameAs":["https:\/\/www.facebook.com\/Casarredo-632870513490892","https:\/\/www.instagram.com\/casarredo_fano\/"]}]}},"_links":{"self":[{"href":"https:\/\/www.casarredo.it\/en\/wp-json\/wp\/v2\/product\/3720","targetHints":{"allow":["GET"]}}],"collection":[{"href":"https:\/\/www.casarredo.it\/en\/wp-json\/wp\/v2\/product"}],"about":[{"href":"https:\/\/www.casarredo.it\/en\/wp-json\/wp\/v2\/types\/product"}],"wp:featuredmedia":[{"embeddable":true,"href":"https:\/\/www.casarredo.it\/en\/wp-json\/wp\/v2\/media\/6871"}],"wp:attachment":[{"href":"https:\/\/www.casarredo.it\/en\/wp-json\/wp\/v2\/media?parent=3720"}],"wp:term":[{"taxonomy":"product_brand","embeddable":true,"href":"https:\/\/www.casarredo.it\/en\/wp-json\/wp\/v2\/product_brand?post=3720"},{"taxonomy":"product_cat","embeddable":true,"href":"https:\/\/www.casarredo.it\/en\/wp-json\/wp\/v2\/product_cat?post=3720"},{"taxonomy":"product_tag","embeddable":true,"href":"https:\/\/www.casarredo.it\/en\/wp-json\/wp\/v2\/product_tag?post=3720"}],"curies":[{"name":"wp","href":"https:\/\/api.w.org\/{rel}","templated":true}]}}