{"id":33745,"date":"2026-03-28T12:43:12","date_gmt":"2026-03-28T11:43:12","guid":{"rendered":"https:\/\/www.casarredo.it\/?post_type=product&#038;p=33745"},"modified":"2026-03-28T12:43:13","modified_gmt":"2026-03-28T11:43:13","slug":"tufty-time-20-divano-bb","status":"publish","type":"product","link":"https:\/\/www.casarredo.it\/en\/prodotto\/tufty-time-20-divano-bb\/","title":{"rendered":"TUFTY TIME 20 DIVANO B&#038;B"},"content":{"rendered":"<p>TUFTY TIME 20 POUF TERMINALE CORTO DX CM115X115 IN TESSUTO LARISSA GRIGIO CENERE 2917151 PIEDINI COL.NERO<br \/>\nTUFTY TIME 20 TERMINALE LUNGO DX CM183X115 IN TESSUTO LARISSA GRIGIO CENERE 2917151 PIEDINI COL.NERO<br \/>\nTUFTY TIME CUSCINO SCHIENALE CM60X60 IN TESSUTO SIRIO ARTICO 2053860<\/p>\n<p>TUFTY TIME 20 POUF TERMINALE CORTO DX CM115X115 IN TESSUTO LARISSA GRIGIO CENERE 2917151 PIEDINI COL.NERO<br \/>\nTufty Time 20 rappresenta l\u2019evoluzione contemporanea di Tufty Time, l\u2019iconico sistema di divani disegnato da Patricia Urquiola nel 2005. A vent\u2019anni dal lancio, il sistema \u00e8 stato reinterpretato mantenendo le caratteristiche essenziali che ne hanno decretato il grande successo, tra cui modularit\u00e0, comfort avvolgente e flessibilit\u00e0 compositiva. I volumi, le imbottiture e l\u2019altezza della seduta sono stati riprogettati per offrire un comfort ancora maggiore, mentre l\u2019introduzione di un modulo curvo amplia il potenziale del sistema, dando vita a configurazioni ancora pi\u00f9 fluide e conviviali, ideali sia per ambienti residenziali che per spazi contract. Un\u2019attenzione particolare \u00e8 stata riservata al tema della circolarit\u00e0. Tufty-Time 20 \u00e8 infatti completamente disassemblabile cos\u00ec che tutti i suoi componenti possano essere recuperati alla fine del ciclo di vita del prodotto<\/p>\n","protected":false},"excerpt":{"rendered":"<p>TUFTY TIME 20 POUF TERMINALE CORTO DX CM115X115 IN TESSUTO LARISSA GRIGIO CENERE 2917151 PIEDINI COL.NERO<br \/>\nTUFTY TIME 20 TERMINALE LUNGO DX CM183X115 IN TESSUTO LARISSA GRIGIO CENERE 2917151 PIEDINI COL.NERO<br \/>\nTUFTY TIME CUSCINO SCHIENALE CM60X60 IN TESSUTO SIRIO ARTICO 2053860<\/p>\n<p>TUFTY TIME 20 POUF TERMINALE CORTO DX CM115X115 IN TESSUTO LARISSA GRIGIO CENERE 2917151 PIEDINI COL.NERO<\/p>\n","protected":false},"featured_media":33747,"template":"","meta":[],"product_brand":[],"product_cat":[1533,615],"product_tag":[2683,3404,2950,591,3921,3920],"class_list":{"0":"post-33745","1":"product","2":"type-product","3":"status-publish","4":"has-post-thumbnail","6":"product_cat-bb","7":"product_cat-divani","8":"product_tag-bb-2","9":"product_tag-bb-italia","10":"product_tag-divano","11":"product_tag-patricia-urquiola","12":"product_tag-sfoferabile","13":"product_tag-tufty-time","15":"first","16":"instock","17":"sale","18":"shipping-taxable","19":"purchasable","20":"product-type-simple","21":"add-to-wishlist-after_add_to_cart"},"yoast_head":"<!-- This site is optimized with the Yoast SEO plugin v27.6 - https:\/\/yoast.com\/product\/yoast-seo-wordpress\/ -->\n<title>TUFTY TIME 20 DIVANO B&amp;B &#8212; Casarredo.it<\/title>\n<meta name=\"description\" content=\"TUFTY TIME 20 TESSUTO LARISSA GRIGIO CENERE. B&amp;B ITALIA\" \/>\n<meta name=\"robots\" content=\"index, follow, max-snippet:-1, max-image-preview:large, max-video-preview:-1\" \/>\n<link rel=\"canonical\" href=\"https:\/\/www.casarredo.it\/en\/prodotto\/tufty-time-20-divano-bb\/\" \/>\n<meta property=\"og:locale\" content=\"en_US\" \/>\n<meta property=\"og:type\" content=\"article\" \/>\n<meta property=\"og:title\" content=\"TUFTY TIME 20 DIVANO B&amp;B &#8212; Casarredo.it\" \/>\n<meta property=\"og:description\" content=\"TUFTY TIME 20 TESSUTO LARISSA GRIGIO CENERE. B&amp;B ITALIA\" \/>\n<meta property=\"og:url\" content=\"https:\/\/www.casarredo.it\/en\/prodotto\/tufty-time-20-divano-bb\/\" \/>\n<meta property=\"og:site_name\" content=\"Casarredo.it\" \/>\n<meta property=\"article:publisher\" content=\"https:\/\/www.facebook.com\/Casarredo-632870513490892\" \/>\n<meta property=\"article:modified_time\" content=\"2026-03-28T11:43:13+00:00\" \/>\n<meta property=\"og:image\" content=\"https:\/\/www.casarredo.it\/wp-content\/uploads\/2026\/03\/TUFTY-TIME-20.jpeg\" \/>\n\t<meta property=\"og:image:width\" content=\"1512\" \/>\n\t<meta property=\"og:image:height\" content=\"1512\" \/>\n\t<meta property=\"og:image:type\" content=\"image\/jpeg\" \/>\n<meta name=\"twitter:card\" content=\"summary_large_image\" \/>\n<meta name=\"twitter:label1\" content=\"Est. reading time\" \/>\n\t<meta name=\"twitter:data1\" content=\"1 minute\" \/>\n<script type=\"application\/ld+json\" class=\"yoast-schema-graph\">{\"@context\":\"https:\\\/\\\/schema.org\",\"@graph\":[{\"@type\":\"WebPage\",\"@id\":\"https:\\\/\\\/www.casarredo.it\\\/en\\\/prodotto\\\/tufty-time-20-divano-bb\\\/\",\"url\":\"https:\\\/\\\/www.casarredo.it\\\/en\\\/prodotto\\\/tufty-time-20-divano-bb\\\/\",\"name\":\"TUFTY TIME 20 DIVANO B&B &#8212; Casarredo.it\",\"isPartOf\":{\"@id\":\"https:\\\/\\\/www.casarredo.it\\\/en\\\/#website\"},\"primaryImageOfPage\":{\"@id\":\"https:\\\/\\\/www.casarredo.it\\\/en\\\/prodotto\\\/tufty-time-20-divano-bb\\\/#primaryimage\"},\"image\":{\"@id\":\"https:\\\/\\\/www.casarredo.it\\\/en\\\/prodotto\\\/tufty-time-20-divano-bb\\\/#primaryimage\"},\"thumbnailUrl\":\"https:\\\/\\\/www.casarredo.it\\\/wp-content\\\/uploads\\\/2026\\\/03\\\/TUFTY-TIME-20.jpeg\",\"datePublished\":\"2026-03-28T11:43:12+00:00\",\"dateModified\":\"2026-03-28T11:43:13+00:00\",\"description\":\"TUFTY TIME 20 TESSUTO LARISSA GRIGIO CENERE. B&B ITALIA\",\"breadcrumb\":{\"@id\":\"https:\\\/\\\/www.casarredo.it\\\/en\\\/prodotto\\\/tufty-time-20-divano-bb\\\/#breadcrumb\"},\"inLanguage\":\"en-US\",\"potentialAction\":[{\"@type\":\"ReadAction\",\"target\":[\"https:\\\/\\\/www.casarredo.it\\\/en\\\/prodotto\\\/tufty-time-20-divano-bb\\\/\"]}]},{\"@type\":\"ImageObject\",\"inLanguage\":\"en-US\",\"@id\":\"https:\\\/\\\/www.casarredo.it\\\/en\\\/prodotto\\\/tufty-time-20-divano-bb\\\/#primaryimage\",\"url\":\"https:\\\/\\\/www.casarredo.it\\\/wp-content\\\/uploads\\\/2026\\\/03\\\/TUFTY-TIME-20.jpeg\",\"contentUrl\":\"https:\\\/\\\/www.casarredo.it\\\/wp-content\\\/uploads\\\/2026\\\/03\\\/TUFTY-TIME-20.jpeg\",\"width\":1512,\"height\":1512},{\"@type\":\"BreadcrumbList\",\"@id\":\"https:\\\/\\\/www.casarredo.it\\\/en\\\/prodotto\\\/tufty-time-20-divano-bb\\\/#breadcrumb\",\"itemListElement\":[{\"@type\":\"ListItem\",\"position\":1,\"name\":\"Home\",\"item\":\"https:\\\/\\\/www.casarredo.it\\\/en\\\/\"},{\"@type\":\"ListItem\",\"position\":2,\"name\":\"Shop online\",\"item\":\"https:\\\/\\\/www.casarredo.it\\\/en\\\/shop\\\/\"},{\"@type\":\"ListItem\",\"position\":3,\"name\":\"TUFTY TIME 20 DIVANO B&#038;B\"}]},{\"@type\":\"WebSite\",\"@id\":\"https:\\\/\\\/www.casarredo.it\\\/en\\\/#website\",\"url\":\"https:\\\/\\\/www.casarredo.it\\\/en\\\/\",\"name\":\"Casarredo.it\",\"description\":\"Design da vivere\",\"publisher\":{\"@id\":\"https:\\\/\\\/www.casarredo.it\\\/en\\\/#organization\"},\"potentialAction\":[{\"@type\":\"SearchAction\",\"target\":{\"@type\":\"EntryPoint\",\"urlTemplate\":\"https:\\\/\\\/www.casarredo.it\\\/en\\\/?s={search_term_string}\"},\"query-input\":{\"@type\":\"PropertyValueSpecification\",\"valueRequired\":true,\"valueName\":\"search_term_string\"}}],\"inLanguage\":\"en-US\"},{\"@type\":\"Organization\",\"@id\":\"https:\\\/\\\/www.casarredo.it\\\/en\\\/#organization\",\"name\":\"casarredo srl\",\"url\":\"https:\\\/\\\/www.casarredo.it\\\/en\\\/\",\"logo\":{\"@type\":\"ImageObject\",\"inLanguage\":\"en-US\",\"@id\":\"https:\\\/\\\/www.casarredo.it\\\/en\\\/#\\\/schema\\\/logo\\\/image\\\/\",\"url\":\"https:\\\/\\\/www.casarredo.it\\\/wp-content\\\/uploads\\\/2018\\\/05\\\/vanity-scaled.jpg\",\"contentUrl\":\"https:\\\/\\\/www.casarredo.it\\\/wp-content\\\/uploads\\\/2018\\\/05\\\/vanity-scaled.jpg\",\"width\":2560,\"height\":1848,\"caption\":\"casarredo srl\"},\"image\":{\"@id\":\"https:\\\/\\\/www.casarredo.it\\\/en\\\/#\\\/schema\\\/logo\\\/image\\\/\"},\"sameAs\":[\"https:\\\/\\\/www.facebook.com\\\/Casarredo-632870513490892\",\"https:\\\/\\\/www.instagram.com\\\/casarredo_fano\\\/\"]}]}<\/script>\n<!-- \/ Yoast SEO plugin. -->","yoast_head_json":{"title":"TUFTY TIME 20 DIVANO B&B &#8212; Casarredo.it","description":"TUFTY TIME 20 TESSUTO LARISSA GRIGIO CENERE. B&B ITALIA","robots":{"index":"index","follow":"follow","max-snippet":"max-snippet:-1","max-image-preview":"max-image-preview:large","max-video-preview":"max-video-preview:-1"},"canonical":"https:\/\/www.casarredo.it\/en\/prodotto\/tufty-time-20-divano-bb\/","og_locale":"en_US","og_type":"article","og_title":"TUFTY TIME 20 DIVANO B&B &#8212; Casarredo.it","og_description":"TUFTY TIME 20 TESSUTO LARISSA GRIGIO CENERE. B&B ITALIA","og_url":"https:\/\/www.casarredo.it\/en\/prodotto\/tufty-time-20-divano-bb\/","og_site_name":"Casarredo.it","article_publisher":"https:\/\/www.facebook.com\/Casarredo-632870513490892","article_modified_time":"2026-03-28T11:43:13+00:00","og_image":[{"width":1512,"height":1512,"url":"https:\/\/www.casarredo.it\/wp-content\/uploads\/2026\/03\/TUFTY-TIME-20.jpeg","type":"image\/jpeg"}],"twitter_card":"summary_large_image","twitter_misc":{"Est. reading time":"1 minute"},"schema":{"@context":"https:\/\/schema.org","@graph":[{"@type":"WebPage","@id":"https:\/\/www.casarredo.it\/en\/prodotto\/tufty-time-20-divano-bb\/","url":"https:\/\/www.casarredo.it\/en\/prodotto\/tufty-time-20-divano-bb\/","name":"TUFTY TIME 20 DIVANO B&B &#8212; Casarredo.it","isPartOf":{"@id":"https:\/\/www.casarredo.it\/en\/#website"},"primaryImageOfPage":{"@id":"https:\/\/www.casarredo.it\/en\/prodotto\/tufty-time-20-divano-bb\/#primaryimage"},"image":{"@id":"https:\/\/www.casarredo.it\/en\/prodotto\/tufty-time-20-divano-bb\/#primaryimage"},"thumbnailUrl":"https:\/\/www.casarredo.it\/wp-content\/uploads\/2026\/03\/TUFTY-TIME-20.jpeg","datePublished":"2026-03-28T11:43:12+00:00","dateModified":"2026-03-28T11:43:13+00:00","description":"TUFTY TIME 20 TESSUTO LARISSA GRIGIO CENERE. B&B ITALIA","breadcrumb":{"@id":"https:\/\/www.casarredo.it\/en\/prodotto\/tufty-time-20-divano-bb\/#breadcrumb"},"inLanguage":"en-US","potentialAction":[{"@type":"ReadAction","target":["https:\/\/www.casarredo.it\/en\/prodotto\/tufty-time-20-divano-bb\/"]}]},{"@type":"ImageObject","inLanguage":"en-US","@id":"https:\/\/www.casarredo.it\/en\/prodotto\/tufty-time-20-divano-bb\/#primaryimage","url":"https:\/\/www.casarredo.it\/wp-content\/uploads\/2026\/03\/TUFTY-TIME-20.jpeg","contentUrl":"https:\/\/www.casarredo.it\/wp-content\/uploads\/2026\/03\/TUFTY-TIME-20.jpeg","width":1512,"height":1512},{"@type":"BreadcrumbList","@id":"https:\/\/www.casarredo.it\/en\/prodotto\/tufty-time-20-divano-bb\/#breadcrumb","itemListElement":[{"@type":"ListItem","position":1,"name":"Home","item":"https:\/\/www.casarredo.it\/en\/"},{"@type":"ListItem","position":2,"name":"Shop online","item":"https:\/\/www.casarredo.it\/en\/shop\/"},{"@type":"ListItem","position":3,"name":"TUFTY TIME 20 DIVANO B&#038;B"}]},{"@type":"WebSite","@id":"https:\/\/www.casarredo.it\/en\/#website","url":"https:\/\/www.casarredo.it\/en\/","name":"Casarredo.it","description":"Design da vivere","publisher":{"@id":"https:\/\/www.casarredo.it\/en\/#organization"},"potentialAction":[{"@type":"SearchAction","target":{"@type":"EntryPoint","urlTemplate":"https:\/\/www.casarredo.it\/en\/?s={search_term_string}"},"query-input":{"@type":"PropertyValueSpecification","valueRequired":true,"valueName":"search_term_string"}}],"inLanguage":"en-US"},{"@type":"Organization","@id":"https:\/\/www.casarredo.it\/en\/#organization","name":"casarredo srl","url":"https:\/\/www.casarredo.it\/en\/","logo":{"@type":"ImageObject","inLanguage":"en-US","@id":"https:\/\/www.casarredo.it\/en\/#\/schema\/logo\/image\/","url":"https:\/\/www.casarredo.it\/wp-content\/uploads\/2018\/05\/vanity-scaled.jpg","contentUrl":"https:\/\/www.casarredo.it\/wp-content\/uploads\/2018\/05\/vanity-scaled.jpg","width":2560,"height":1848,"caption":"casarredo srl"},"image":{"@id":"https:\/\/www.casarredo.it\/en\/#\/schema\/logo\/image\/"},"sameAs":["https:\/\/www.facebook.com\/Casarredo-632870513490892","https:\/\/www.instagram.com\/casarredo_fano\/"]}]}},"_links":{"self":[{"href":"https:\/\/www.casarredo.it\/en\/wp-json\/wp\/v2\/product\/33745","targetHints":{"allow":["GET"]}}],"collection":[{"href":"https:\/\/www.casarredo.it\/en\/wp-json\/wp\/v2\/product"}],"about":[{"href":"https:\/\/www.casarredo.it\/en\/wp-json\/wp\/v2\/types\/product"}],"wp:featuredmedia":[{"embeddable":true,"href":"https:\/\/www.casarredo.it\/en\/wp-json\/wp\/v2\/media\/33747"}],"wp:attachment":[{"href":"https:\/\/www.casarredo.it\/en\/wp-json\/wp\/v2\/media?parent=33745"}],"wp:term":[{"taxonomy":"product_brand","embeddable":true,"href":"https:\/\/www.casarredo.it\/en\/wp-json\/wp\/v2\/product_brand?post=33745"},{"taxonomy":"product_cat","embeddable":true,"href":"https:\/\/www.casarredo.it\/en\/wp-json\/wp\/v2\/product_cat?post=33745"},{"taxonomy":"product_tag","embeddable":true,"href":"https:\/\/www.casarredo.it\/en\/wp-json\/wp\/v2\/product_tag?post=33745"}],"curies":[{"name":"wp","href":"https:\/\/api.w.org\/{rel}","templated":true}]}}