{"id":33328,"date":"2025-10-11T17:15:34","date_gmt":"2025-10-11T15:15:34","guid":{"rendered":"https:\/\/www.casarredo.it\/?post_type=product&#038;p=33328"},"modified":"2026-02-17T17:04:19","modified_gmt":"2026-02-17T16:04:19","slug":"xz3-tavolo-tondo-magis","status":"publish","type":"product","link":"https:\/\/www.casarredo.it\/en\/prodotto\/xz3-tavolo-tondo-magis\/","title":{"rendered":"XZ3 TAVOLO TONDO MAGIS"},"content":{"rendered":"<h1>XZ3 TAVOLO TONDO MAGIS<\/h1>\n<p>XZ 3 \u00e8 un tavolo da pranzo rotondo progettato dallo Studio Tecnico Magis.\u00a0XZ3 \u00e8 un tavolo adatto ad ogni ambiente, Il piano \u00e8 sorretto da una struttura con tondini di acciaio mentre il piano \u00e8 in MDF rivestito di una foglia polimerica. Si adatta ad uno stile classico donando alla casa un tocco di contemporanea modernit\u00e0. La bellezza di questo tavolo sta proprio nella sua ricercata semplicit\u00e0. La base con il suo movimento dona un senso di architettura moderna che arreda senza eccesso, con gusto e sobriet\u00e0.<\/p>\n<p>Piano HPL nero struttura base verniciata nero<\/p>\n<p>Dimensioni: \u00f8 120 cm \u2013 H . 74 cm<\/p>\n<p>&nbsp;<\/p>\n","protected":false},"excerpt":{"rendered":"<p>XZ3 TAVOLO TONDO MAGIS XZ 3 \u00e8 un tavolo da pranzo rotondo progettato dallo Studio Tecnico Magis.\u00a0XZ3 \u00e8 un tavolo adatto ad ogni ambiente, Il piano \u00e8 sorretto da una struttura con tondini di acciaio mentre il piano \u00e8 in MDF rivestito di una foglia polimerica. Si adatta ad uno stile classico donando alla casa [&hellip;]<\/p>\n","protected":false},"featured_media":33329,"template":"","meta":[],"product_brand":[],"product_cat":[557,594],"product_tag":[559,3857,1399,3156,3856],"class_list":{"0":"post-33328","1":"product","2":"type-product","3":"status-publish","4":"has-post-thumbnail","6":"product_cat-magis","7":"product_cat-tavoli","8":"product_tag-magis","9":"product_tag-nero","10":"product_tag-tavolo","11":"product_tag-tavolo-tondo","12":"product_tag-xz3","14":"first","15":"instock","16":"sale","17":"shipping-taxable","18":"purchasable","19":"product-type-simple","20":"add-to-wishlist-after_add_to_cart"},"yoast_head":"<!-- This site is optimized with the Yoast SEO plugin v27.3 - https:\/\/yoast.com\/product\/yoast-seo-wordpress\/ -->\n<title>XZ3 TAVOLO TONDO MAGIS &#8212; Casarredo.it<\/title>\n<meta name=\"description\" content=\"XZ 3 \u00e8 un tavolo da pranzo rotondo progettato dallo Studio Tecnico Magis.\u00a0XZ3 \u00e8 un tavolo adatto ad ogni ambiente, Il piano \u00e8 sorretto da una struttura con tondini di acciaio mentre il piano \u00e8 in MDF rivestito di una foglia polimerica. Si adatta ad uno stile classico donando alla casa un tocco di contemporanea modernit\u00e0.\" \/>\n<meta name=\"robots\" content=\"index, follow, max-snippet:-1, max-image-preview:large, max-video-preview:-1\" \/>\n<link rel=\"canonical\" href=\"https:\/\/www.casarredo.it\/en\/prodotto\/xz3-tavolo-tondo-magis\/\" \/>\n<meta property=\"og:locale\" content=\"en_US\" \/>\n<meta property=\"og:type\" content=\"article\" \/>\n<meta property=\"og:title\" content=\"XZ3 TAVOLO TONDO MAGIS &#8212; Casarredo.it\" \/>\n<meta property=\"og:description\" content=\"XZ 3 \u00e8 un tavolo da pranzo rotondo progettato dallo Studio Tecnico Magis.\u00a0XZ3 \u00e8 un tavolo adatto ad ogni ambiente, Il piano \u00e8 sorretto da una struttura con tondini di acciaio mentre il piano \u00e8 in MDF rivestito di una foglia polimerica. Si adatta ad uno stile classico donando alla casa un tocco di contemporanea modernit\u00e0.\" \/>\n<meta property=\"og:url\" content=\"https:\/\/www.casarredo.it\/en\/prodotto\/xz3-tavolo-tondo-magis\/\" \/>\n<meta property=\"og:site_name\" content=\"Casarredo.it\" \/>\n<meta property=\"article:publisher\" content=\"https:\/\/www.facebook.com\/Casarredo-632870513490892\" \/>\n<meta property=\"article:modified_time\" content=\"2026-02-17T16:04:19+00:00\" \/>\n<meta property=\"og:image\" content=\"https:\/\/www.casarredo.it\/wp-content\/uploads\/2025\/10\/xz3.jpg\" \/>\n\t<meta property=\"og:image:width\" content=\"600\" \/>\n\t<meta property=\"og:image:height\" content=\"600\" \/>\n\t<meta property=\"og:image:type\" content=\"image\/jpeg\" \/>\n<meta name=\"twitter:card\" content=\"summary_large_image\" \/>\n<meta name=\"twitter:label1\" content=\"Est. reading time\" \/>\n\t<meta name=\"twitter:data1\" content=\"1 minute\" \/>\n<script type=\"application\/ld+json\" class=\"yoast-schema-graph\">{\"@context\":\"https:\\\/\\\/schema.org\",\"@graph\":[{\"@type\":\"WebPage\",\"@id\":\"https:\\\/\\\/www.casarredo.it\\\/en\\\/prodotto\\\/xz3-tavolo-tondo-magis\\\/\",\"url\":\"https:\\\/\\\/www.casarredo.it\\\/en\\\/prodotto\\\/xz3-tavolo-tondo-magis\\\/\",\"name\":\"XZ3 TAVOLO TONDO MAGIS &#8212; Casarredo.it\",\"isPartOf\":{\"@id\":\"https:\\\/\\\/www.casarredo.it\\\/en\\\/#website\"},\"primaryImageOfPage\":{\"@id\":\"https:\\\/\\\/www.casarredo.it\\\/en\\\/prodotto\\\/xz3-tavolo-tondo-magis\\\/#primaryimage\"},\"image\":{\"@id\":\"https:\\\/\\\/www.casarredo.it\\\/en\\\/prodotto\\\/xz3-tavolo-tondo-magis\\\/#primaryimage\"},\"thumbnailUrl\":\"https:\\\/\\\/www.casarredo.it\\\/wp-content\\\/uploads\\\/2025\\\/10\\\/xz3.jpg\",\"datePublished\":\"2025-10-11T15:15:34+00:00\",\"dateModified\":\"2026-02-17T16:04:19+00:00\",\"description\":\"XZ 3 \u00e8 un tavolo da pranzo rotondo progettato dallo Studio Tecnico Magis.\u00a0XZ3 \u00e8 un tavolo adatto ad ogni ambiente, Il piano \u00e8 sorretto da una struttura con tondini di acciaio mentre il piano \u00e8 in MDF rivestito di una foglia polimerica. Si adatta ad uno stile classico donando alla casa un tocco di contemporanea modernit\u00e0.\",\"breadcrumb\":{\"@id\":\"https:\\\/\\\/www.casarredo.it\\\/en\\\/prodotto\\\/xz3-tavolo-tondo-magis\\\/#breadcrumb\"},\"inLanguage\":\"en-US\",\"potentialAction\":[{\"@type\":\"ReadAction\",\"target\":[\"https:\\\/\\\/www.casarredo.it\\\/en\\\/prodotto\\\/xz3-tavolo-tondo-magis\\\/\"]}]},{\"@type\":\"ImageObject\",\"inLanguage\":\"en-US\",\"@id\":\"https:\\\/\\\/www.casarredo.it\\\/en\\\/prodotto\\\/xz3-tavolo-tondo-magis\\\/#primaryimage\",\"url\":\"https:\\\/\\\/www.casarredo.it\\\/wp-content\\\/uploads\\\/2025\\\/10\\\/xz3.jpg\",\"contentUrl\":\"https:\\\/\\\/www.casarredo.it\\\/wp-content\\\/uploads\\\/2025\\\/10\\\/xz3.jpg\",\"width\":600,\"height\":600},{\"@type\":\"BreadcrumbList\",\"@id\":\"https:\\\/\\\/www.casarredo.it\\\/en\\\/prodotto\\\/xz3-tavolo-tondo-magis\\\/#breadcrumb\",\"itemListElement\":[{\"@type\":\"ListItem\",\"position\":1,\"name\":\"Home\",\"item\":\"https:\\\/\\\/www.casarredo.it\\\/en\\\/\"},{\"@type\":\"ListItem\",\"position\":2,\"name\":\"Shop online\",\"item\":\"https:\\\/\\\/www.casarredo.it\\\/en\\\/shop\\\/\"},{\"@type\":\"ListItem\",\"position\":3,\"name\":\"XZ3 TAVOLO TONDO MAGIS\"}]},{\"@type\":\"WebSite\",\"@id\":\"https:\\\/\\\/www.casarredo.it\\\/en\\\/#website\",\"url\":\"https:\\\/\\\/www.casarredo.it\\\/en\\\/\",\"name\":\"Casarredo.it\",\"description\":\"Design da vivere\",\"publisher\":{\"@id\":\"https:\\\/\\\/www.casarredo.it\\\/en\\\/#organization\"},\"potentialAction\":[{\"@type\":\"SearchAction\",\"target\":{\"@type\":\"EntryPoint\",\"urlTemplate\":\"https:\\\/\\\/www.casarredo.it\\\/en\\\/?s={search_term_string}\"},\"query-input\":{\"@type\":\"PropertyValueSpecification\",\"valueRequired\":true,\"valueName\":\"search_term_string\"}}],\"inLanguage\":\"en-US\"},{\"@type\":\"Organization\",\"@id\":\"https:\\\/\\\/www.casarredo.it\\\/en\\\/#organization\",\"name\":\"casarredo srl\",\"url\":\"https:\\\/\\\/www.casarredo.it\\\/en\\\/\",\"logo\":{\"@type\":\"ImageObject\",\"inLanguage\":\"en-US\",\"@id\":\"https:\\\/\\\/www.casarredo.it\\\/en\\\/#\\\/schema\\\/logo\\\/image\\\/\",\"url\":\"https:\\\/\\\/www.casarredo.it\\\/wp-content\\\/uploads\\\/2018\\\/05\\\/vanity-scaled.jpg\",\"contentUrl\":\"https:\\\/\\\/www.casarredo.it\\\/wp-content\\\/uploads\\\/2018\\\/05\\\/vanity-scaled.jpg\",\"width\":2560,\"height\":1848,\"caption\":\"casarredo srl\"},\"image\":{\"@id\":\"https:\\\/\\\/www.casarredo.it\\\/en\\\/#\\\/schema\\\/logo\\\/image\\\/\"},\"sameAs\":[\"https:\\\/\\\/www.facebook.com\\\/Casarredo-632870513490892\",\"https:\\\/\\\/www.instagram.com\\\/casarredo_fano\\\/\"]}]}<\/script>\n<!-- \/ Yoast SEO plugin. -->","yoast_head_json":{"title":"XZ3 TAVOLO TONDO MAGIS &#8212; Casarredo.it","description":"XZ 3 \u00e8 un tavolo da pranzo rotondo progettato dallo Studio Tecnico Magis.\u00a0XZ3 \u00e8 un tavolo adatto ad ogni ambiente, Il piano \u00e8 sorretto da una struttura con tondini di acciaio mentre il piano \u00e8 in MDF rivestito di una foglia polimerica. Si adatta ad uno stile classico donando alla casa un tocco di contemporanea modernit\u00e0.","robots":{"index":"index","follow":"follow","max-snippet":"max-snippet:-1","max-image-preview":"max-image-preview:large","max-video-preview":"max-video-preview:-1"},"canonical":"https:\/\/www.casarredo.it\/en\/prodotto\/xz3-tavolo-tondo-magis\/","og_locale":"en_US","og_type":"article","og_title":"XZ3 TAVOLO TONDO MAGIS &#8212; Casarredo.it","og_description":"XZ 3 \u00e8 un tavolo da pranzo rotondo progettato dallo Studio Tecnico Magis.\u00a0XZ3 \u00e8 un tavolo adatto ad ogni ambiente, Il piano \u00e8 sorretto da una struttura con tondini di acciaio mentre il piano \u00e8 in MDF rivestito di una foglia polimerica. Si adatta ad uno stile classico donando alla casa un tocco di contemporanea modernit\u00e0.","og_url":"https:\/\/www.casarredo.it\/en\/prodotto\/xz3-tavolo-tondo-magis\/","og_site_name":"Casarredo.it","article_publisher":"https:\/\/www.facebook.com\/Casarredo-632870513490892","article_modified_time":"2026-02-17T16:04:19+00:00","og_image":[{"width":600,"height":600,"url":"https:\/\/www.casarredo.it\/wp-content\/uploads\/2025\/10\/xz3.jpg","type":"image\/jpeg"}],"twitter_card":"summary_large_image","twitter_misc":{"Est. reading time":"1 minute"},"schema":{"@context":"https:\/\/schema.org","@graph":[{"@type":"WebPage","@id":"https:\/\/www.casarredo.it\/en\/prodotto\/xz3-tavolo-tondo-magis\/","url":"https:\/\/www.casarredo.it\/en\/prodotto\/xz3-tavolo-tondo-magis\/","name":"XZ3 TAVOLO TONDO MAGIS &#8212; Casarredo.it","isPartOf":{"@id":"https:\/\/www.casarredo.it\/en\/#website"},"primaryImageOfPage":{"@id":"https:\/\/www.casarredo.it\/en\/prodotto\/xz3-tavolo-tondo-magis\/#primaryimage"},"image":{"@id":"https:\/\/www.casarredo.it\/en\/prodotto\/xz3-tavolo-tondo-magis\/#primaryimage"},"thumbnailUrl":"https:\/\/www.casarredo.it\/wp-content\/uploads\/2025\/10\/xz3.jpg","datePublished":"2025-10-11T15:15:34+00:00","dateModified":"2026-02-17T16:04:19+00:00","description":"XZ 3 \u00e8 un tavolo da pranzo rotondo progettato dallo Studio Tecnico Magis.\u00a0XZ3 \u00e8 un tavolo adatto ad ogni ambiente, Il piano \u00e8 sorretto da una struttura con tondini di acciaio mentre il piano \u00e8 in MDF rivestito di una foglia polimerica. Si adatta ad uno stile classico donando alla casa un tocco di contemporanea modernit\u00e0.","breadcrumb":{"@id":"https:\/\/www.casarredo.it\/en\/prodotto\/xz3-tavolo-tondo-magis\/#breadcrumb"},"inLanguage":"en-US","potentialAction":[{"@type":"ReadAction","target":["https:\/\/www.casarredo.it\/en\/prodotto\/xz3-tavolo-tondo-magis\/"]}]},{"@type":"ImageObject","inLanguage":"en-US","@id":"https:\/\/www.casarredo.it\/en\/prodotto\/xz3-tavolo-tondo-magis\/#primaryimage","url":"https:\/\/www.casarredo.it\/wp-content\/uploads\/2025\/10\/xz3.jpg","contentUrl":"https:\/\/www.casarredo.it\/wp-content\/uploads\/2025\/10\/xz3.jpg","width":600,"height":600},{"@type":"BreadcrumbList","@id":"https:\/\/www.casarredo.it\/en\/prodotto\/xz3-tavolo-tondo-magis\/#breadcrumb","itemListElement":[{"@type":"ListItem","position":1,"name":"Home","item":"https:\/\/www.casarredo.it\/en\/"},{"@type":"ListItem","position":2,"name":"Shop online","item":"https:\/\/www.casarredo.it\/en\/shop\/"},{"@type":"ListItem","position":3,"name":"XZ3 TAVOLO TONDO MAGIS"}]},{"@type":"WebSite","@id":"https:\/\/www.casarredo.it\/en\/#website","url":"https:\/\/www.casarredo.it\/en\/","name":"Casarredo.it","description":"Design da vivere","publisher":{"@id":"https:\/\/www.casarredo.it\/en\/#organization"},"potentialAction":[{"@type":"SearchAction","target":{"@type":"EntryPoint","urlTemplate":"https:\/\/www.casarredo.it\/en\/?s={search_term_string}"},"query-input":{"@type":"PropertyValueSpecification","valueRequired":true,"valueName":"search_term_string"}}],"inLanguage":"en-US"},{"@type":"Organization","@id":"https:\/\/www.casarredo.it\/en\/#organization","name":"casarredo srl","url":"https:\/\/www.casarredo.it\/en\/","logo":{"@type":"ImageObject","inLanguage":"en-US","@id":"https:\/\/www.casarredo.it\/en\/#\/schema\/logo\/image\/","url":"https:\/\/www.casarredo.it\/wp-content\/uploads\/2018\/05\/vanity-scaled.jpg","contentUrl":"https:\/\/www.casarredo.it\/wp-content\/uploads\/2018\/05\/vanity-scaled.jpg","width":2560,"height":1848,"caption":"casarredo srl"},"image":{"@id":"https:\/\/www.casarredo.it\/en\/#\/schema\/logo\/image\/"},"sameAs":["https:\/\/www.facebook.com\/Casarredo-632870513490892","https:\/\/www.instagram.com\/casarredo_fano\/"]}]}},"_links":{"self":[{"href":"https:\/\/www.casarredo.it\/en\/wp-json\/wp\/v2\/product\/33328","targetHints":{"allow":["GET"]}}],"collection":[{"href":"https:\/\/www.casarredo.it\/en\/wp-json\/wp\/v2\/product"}],"about":[{"href":"https:\/\/www.casarredo.it\/en\/wp-json\/wp\/v2\/types\/product"}],"wp:featuredmedia":[{"embeddable":true,"href":"https:\/\/www.casarredo.it\/en\/wp-json\/wp\/v2\/media\/33329"}],"wp:attachment":[{"href":"https:\/\/www.casarredo.it\/en\/wp-json\/wp\/v2\/media?parent=33328"}],"wp:term":[{"taxonomy":"product_brand","embeddable":true,"href":"https:\/\/www.casarredo.it\/en\/wp-json\/wp\/v2\/product_brand?post=33328"},{"taxonomy":"product_cat","embeddable":true,"href":"https:\/\/www.casarredo.it\/en\/wp-json\/wp\/v2\/product_cat?post=33328"},{"taxonomy":"product_tag","embeddable":true,"href":"https:\/\/www.casarredo.it\/en\/wp-json\/wp\/v2\/product_tag?post=33328"}],"curies":[{"name":"wp","href":"https:\/\/api.w.org\/{rel}","templated":true}]}}