{"id":33270,"date":"2025-08-23T18:28:32","date_gmt":"2025-08-23T16:28:32","guid":{"rendered":"https:\/\/www.casarredo.it\/?post_type=product&#038;p=33270"},"modified":"2025-11-12T19:47:07","modified_gmt":"2025-11-12T18:47:07","slug":"33270","status":"publish","type":"product","link":"https:\/\/www.casarredo.it\/en\/prodotto\/33270\/","title":{"rendered":"POPPINS PORTOMBRELLI"},"content":{"rendered":"<h1>POPPINS PORTOMBRELLI MAGIS<\/h1>\n<p><strong>Poppins Portaombrelli<\/strong>\u00a0\u00e8 il<a href=\"https:\/\/www.designperte.it\/complementi\/portaombrelli\">portaombrelli di design<\/a>\u00a0in ABS lucido utilizzando una tecnica di stampaggio ad iniezione standard. Questo materiale \u00e8 noto per la sua resistenza e lucentezza, conferendo al portaombrelli non solo una notevole durabilit\u00e0 ma anche un aspetto elegante e contemporaneo. L&#8217;ABS \u00e8 una scelta comune per articoli di alta qualit\u00e0 grazie alla sua capacit\u00e0 di mantenere la forma e la sua resistenza agli urti. L&#8217;approccio di Magis nel design si focalizza su una combinazione di estetica e funzionalit\u00e0, e i loro portaombrelli incarnano perfettamente questo principio, risultando in un prodotto che \u00e8 non solo pratico, ma anche un elemento di design distintivo e moderno per ogni ambiente.<\/p>\n<p>Design: Edward Barber &amp; Jay Osgerby, 2010<\/p>\n<p>SPECIFICHE<br \/>\nMateriale: ABS lucido<\/p>\n","protected":false},"excerpt":{"rendered":"<h1>POPPINS PORTOMBRELLI MAGIS<\/h1>\n<p><strong>Poppins Portaombrelli<\/strong>\u00a0\u00e8 il<a href=\"https:\/\/www.designperte.it\/complementi\/portaombrelli\">portaombrelli di design<\/a>\u00a0in ABS lucido utilizzando una tecnica di stampaggio ad iniezione standard. Questo materiale \u00e8 noto per la sua resistenza e lucentezza, conferendo al portaombrelli non solo una notevole durabilit\u00e0 ma anche un aspetto elegante e contemporaneo. L&#8217;ABS \u00e8 una scelta comune per articoli di alta qualit\u00e0 grazie alla sua capacit\u00e0 di mantenere la forma e la sua resistenza agli urti. L&#8217;approccio di Magis nel design si focalizza su una combinazione di estetica e funzionalit\u00e0, e i loro portaombrelli incarnano perfettamente questo principio, risultando in un prodotto che \u00e8 non solo pratico, ma anche un elemento di design distintivo e moderno per ogni ambiente.<\/p>\n<p>Design: Edward Barber &amp; Jay Osgerby, 2010<\/p>\n<p>SPECIFICHE<br \/>\nMateriale: ABS lucido<\/p>\n","protected":false},"featured_media":33277,"template":"","meta":[],"product_brand":[],"product_cat":[363,1000,389,557],"product_tag":[559,3851,3634],"class_list":{"0":"post-33270","1":"product","2":"type-product","3":"status-publish","4":"has-post-thumbnail","6":"product_cat-complementi","7":"product_cat-da-non-perdere","8":"product_cat-idee-regalo","9":"product_cat-magis","10":"product_tag-magis","11":"product_tag-poppins","12":"product_tag-portombrelli","13":"pa_colore-bianco-1673c","14":"pa_colore-blu-1233c","15":"pa_colore-giallo-1017c","16":"pa_colore-nero-1764c","18":"first","19":"instock","20":"sale","21":"shipping-taxable","22":"purchasable","23":"product-type-variable","24":"add-to-wishlist-after_add_to_cart"},"yoast_head":"<!-- This site is optimized with the Yoast SEO plugin v27.4 - https:\/\/yoast.com\/product\/yoast-seo-wordpress\/ -->\n<title>POPPINS PORTOMBRELLI &#8212; Casarredo.it<\/title>\n<meta name=\"description\" content=\"Poppins Portaombrelli \u00e8 ilportaombrelli di design in ABS lucido utilizzando una tecnica di stampaggio ad iniezione standard. Questo materiale \u00e8 noto per la sua resistenza e lucentezza, conferendo al portaombrelli non solo una notevole durabilit\u00e0 ma anche un aspetto elegante e contemporaneo. L&#039;ABS \u00e8 una scelta comune per articoli di alta qualit\u00e0 grazie alla sua capacit\u00e0 di mantenere la forma e la sua resistenza agli urti.\" \/>\n<meta name=\"robots\" content=\"index, follow, max-snippet:-1, max-image-preview:large, max-video-preview:-1\" \/>\n<link rel=\"canonical\" href=\"https:\/\/www.casarredo.it\/en\/prodotto\/33270\/\" \/>\n<meta property=\"og:locale\" content=\"en_US\" \/>\n<meta property=\"og:type\" content=\"article\" \/>\n<meta property=\"og:title\" content=\"POPPINS PORTOMBRELLI &#8212; Casarredo.it\" \/>\n<meta property=\"og:description\" content=\"Poppins Portaombrelli \u00e8 ilportaombrelli di design in ABS lucido utilizzando una tecnica di stampaggio ad iniezione standard. Questo materiale \u00e8 noto per la sua resistenza e lucentezza, conferendo al portaombrelli non solo una notevole durabilit\u00e0 ma anche un aspetto elegante e contemporaneo. L&#039;ABS \u00e8 una scelta comune per articoli di alta qualit\u00e0 grazie alla sua capacit\u00e0 di mantenere la forma e la sua resistenza agli urti.\" \/>\n<meta property=\"og:url\" content=\"https:\/\/www.casarredo.it\/en\/prodotto\/33270\/\" \/>\n<meta property=\"og:site_name\" content=\"Casarredo.it\" \/>\n<meta property=\"article:publisher\" content=\"https:\/\/www.facebook.com\/Casarredo-632870513490892\" \/>\n<meta property=\"article:modified_time\" content=\"2025-11-12T18:47:07+00:00\" \/>\n<meta property=\"og:image\" content=\"https:\/\/www.casarredo.it\/wp-content\/uploads\/2025\/08\/POPPINS-GIALLO.jpg\" \/>\n\t<meta property=\"og:image:width\" content=\"800\" \/>\n\t<meta property=\"og:image:height\" content=\"800\" \/>\n\t<meta property=\"og:image:type\" content=\"image\/jpeg\" \/>\n<meta name=\"twitter:card\" content=\"summary_large_image\" \/>\n<meta name=\"twitter:label1\" content=\"Est. reading time\" \/>\n\t<meta name=\"twitter:data1\" content=\"1 minute\" \/>\n<script type=\"application\/ld+json\" class=\"yoast-schema-graph\">{\"@context\":\"https:\\\/\\\/schema.org\",\"@graph\":[{\"@type\":\"WebPage\",\"@id\":\"https:\\\/\\\/www.casarredo.it\\\/en\\\/prodotto\\\/33270\\\/\",\"url\":\"https:\\\/\\\/www.casarredo.it\\\/en\\\/prodotto\\\/33270\\\/\",\"name\":\"POPPINS PORTOMBRELLI &#8212; Casarredo.it\",\"isPartOf\":{\"@id\":\"https:\\\/\\\/www.casarredo.it\\\/en\\\/#website\"},\"primaryImageOfPage\":{\"@id\":\"https:\\\/\\\/www.casarredo.it\\\/en\\\/prodotto\\\/33270\\\/#primaryimage\"},\"image\":{\"@id\":\"https:\\\/\\\/www.casarredo.it\\\/en\\\/prodotto\\\/33270\\\/#primaryimage\"},\"thumbnailUrl\":\"https:\\\/\\\/www.casarredo.it\\\/wp-content\\\/uploads\\\/2025\\\/08\\\/POPPINS-GIALLO.jpg\",\"datePublished\":\"2025-08-23T16:28:32+00:00\",\"dateModified\":\"2025-11-12T18:47:07+00:00\",\"description\":\"Poppins Portaombrelli \u00e8 ilportaombrelli di design in ABS lucido utilizzando una tecnica di stampaggio ad iniezione standard. Questo materiale \u00e8 noto per la sua resistenza e lucentezza, conferendo al portaombrelli non solo una notevole durabilit\u00e0 ma anche un aspetto elegante e contemporaneo. L'ABS \u00e8 una scelta comune per articoli di alta qualit\u00e0 grazie alla sua capacit\u00e0 di mantenere la forma e la sua resistenza agli urti.\",\"breadcrumb\":{\"@id\":\"https:\\\/\\\/www.casarredo.it\\\/en\\\/prodotto\\\/33270\\\/#breadcrumb\"},\"inLanguage\":\"en-US\",\"potentialAction\":[{\"@type\":\"ReadAction\",\"target\":[\"https:\\\/\\\/www.casarredo.it\\\/en\\\/prodotto\\\/33270\\\/\"]}]},{\"@type\":\"ImageObject\",\"inLanguage\":\"en-US\",\"@id\":\"https:\\\/\\\/www.casarredo.it\\\/en\\\/prodotto\\\/33270\\\/#primaryimage\",\"url\":\"https:\\\/\\\/www.casarredo.it\\\/wp-content\\\/uploads\\\/2025\\\/08\\\/POPPINS-GIALLO.jpg\",\"contentUrl\":\"https:\\\/\\\/www.casarredo.it\\\/wp-content\\\/uploads\\\/2025\\\/08\\\/POPPINS-GIALLO.jpg\",\"width\":800,\"height\":800},{\"@type\":\"BreadcrumbList\",\"@id\":\"https:\\\/\\\/www.casarredo.it\\\/en\\\/prodotto\\\/33270\\\/#breadcrumb\",\"itemListElement\":[{\"@type\":\"ListItem\",\"position\":1,\"name\":\"Home\",\"item\":\"https:\\\/\\\/www.casarredo.it\\\/en\\\/\"},{\"@type\":\"ListItem\",\"position\":2,\"name\":\"Shop online\",\"item\":\"https:\\\/\\\/www.casarredo.it\\\/en\\\/shop\\\/\"},{\"@type\":\"ListItem\",\"position\":3,\"name\":\"POPPINS PORTOMBRELLI\"}]},{\"@type\":\"WebSite\",\"@id\":\"https:\\\/\\\/www.casarredo.it\\\/en\\\/#website\",\"url\":\"https:\\\/\\\/www.casarredo.it\\\/en\\\/\",\"name\":\"Casarredo.it\",\"description\":\"Design da vivere\",\"publisher\":{\"@id\":\"https:\\\/\\\/www.casarredo.it\\\/en\\\/#organization\"},\"potentialAction\":[{\"@type\":\"SearchAction\",\"target\":{\"@type\":\"EntryPoint\",\"urlTemplate\":\"https:\\\/\\\/www.casarredo.it\\\/en\\\/?s={search_term_string}\"},\"query-input\":{\"@type\":\"PropertyValueSpecification\",\"valueRequired\":true,\"valueName\":\"search_term_string\"}}],\"inLanguage\":\"en-US\"},{\"@type\":\"Organization\",\"@id\":\"https:\\\/\\\/www.casarredo.it\\\/en\\\/#organization\",\"name\":\"casarredo srl\",\"url\":\"https:\\\/\\\/www.casarredo.it\\\/en\\\/\",\"logo\":{\"@type\":\"ImageObject\",\"inLanguage\":\"en-US\",\"@id\":\"https:\\\/\\\/www.casarredo.it\\\/en\\\/#\\\/schema\\\/logo\\\/image\\\/\",\"url\":\"https:\\\/\\\/www.casarredo.it\\\/wp-content\\\/uploads\\\/2018\\\/05\\\/vanity-scaled.jpg\",\"contentUrl\":\"https:\\\/\\\/www.casarredo.it\\\/wp-content\\\/uploads\\\/2018\\\/05\\\/vanity-scaled.jpg\",\"width\":2560,\"height\":1848,\"caption\":\"casarredo srl\"},\"image\":{\"@id\":\"https:\\\/\\\/www.casarredo.it\\\/en\\\/#\\\/schema\\\/logo\\\/image\\\/\"},\"sameAs\":[\"https:\\\/\\\/www.facebook.com\\\/Casarredo-632870513490892\",\"https:\\\/\\\/www.instagram.com\\\/casarredo_fano\\\/\"]}]}<\/script>\n<!-- \/ Yoast SEO plugin. -->","yoast_head_json":{"title":"POPPINS PORTOMBRELLI &#8212; Casarredo.it","description":"Poppins Portaombrelli \u00e8 ilportaombrelli di design in ABS lucido utilizzando una tecnica di stampaggio ad iniezione standard. Questo materiale \u00e8 noto per la sua resistenza e lucentezza, conferendo al portaombrelli non solo una notevole durabilit\u00e0 ma anche un aspetto elegante e contemporaneo. L'ABS \u00e8 una scelta comune per articoli di alta qualit\u00e0 grazie alla sua capacit\u00e0 di mantenere la forma e la sua resistenza agli urti.","robots":{"index":"index","follow":"follow","max-snippet":"max-snippet:-1","max-image-preview":"max-image-preview:large","max-video-preview":"max-video-preview:-1"},"canonical":"https:\/\/www.casarredo.it\/en\/prodotto\/33270\/","og_locale":"en_US","og_type":"article","og_title":"POPPINS PORTOMBRELLI &#8212; Casarredo.it","og_description":"Poppins Portaombrelli \u00e8 ilportaombrelli di design in ABS lucido utilizzando una tecnica di stampaggio ad iniezione standard. Questo materiale \u00e8 noto per la sua resistenza e lucentezza, conferendo al portaombrelli non solo una notevole durabilit\u00e0 ma anche un aspetto elegante e contemporaneo. L'ABS \u00e8 una scelta comune per articoli di alta qualit\u00e0 grazie alla sua capacit\u00e0 di mantenere la forma e la sua resistenza agli urti.","og_url":"https:\/\/www.casarredo.it\/en\/prodotto\/33270\/","og_site_name":"Casarredo.it","article_publisher":"https:\/\/www.facebook.com\/Casarredo-632870513490892","article_modified_time":"2025-11-12T18:47:07+00:00","og_image":[{"width":800,"height":800,"url":"https:\/\/www.casarredo.it\/wp-content\/uploads\/2025\/08\/POPPINS-GIALLO.jpg","type":"image\/jpeg"}],"twitter_card":"summary_large_image","twitter_misc":{"Est. reading time":"1 minute"},"schema":{"@context":"https:\/\/schema.org","@graph":[{"@type":"WebPage","@id":"https:\/\/www.casarredo.it\/en\/prodotto\/33270\/","url":"https:\/\/www.casarredo.it\/en\/prodotto\/33270\/","name":"POPPINS PORTOMBRELLI &#8212; Casarredo.it","isPartOf":{"@id":"https:\/\/www.casarredo.it\/en\/#website"},"primaryImageOfPage":{"@id":"https:\/\/www.casarredo.it\/en\/prodotto\/33270\/#primaryimage"},"image":{"@id":"https:\/\/www.casarredo.it\/en\/prodotto\/33270\/#primaryimage"},"thumbnailUrl":"https:\/\/www.casarredo.it\/wp-content\/uploads\/2025\/08\/POPPINS-GIALLO.jpg","datePublished":"2025-08-23T16:28:32+00:00","dateModified":"2025-11-12T18:47:07+00:00","description":"Poppins Portaombrelli \u00e8 ilportaombrelli di design in ABS lucido utilizzando una tecnica di stampaggio ad iniezione standard. Questo materiale \u00e8 noto per la sua resistenza e lucentezza, conferendo al portaombrelli non solo una notevole durabilit\u00e0 ma anche un aspetto elegante e contemporaneo. L'ABS \u00e8 una scelta comune per articoli di alta qualit\u00e0 grazie alla sua capacit\u00e0 di mantenere la forma e la sua resistenza agli urti.","breadcrumb":{"@id":"https:\/\/www.casarredo.it\/en\/prodotto\/33270\/#breadcrumb"},"inLanguage":"en-US","potentialAction":[{"@type":"ReadAction","target":["https:\/\/www.casarredo.it\/en\/prodotto\/33270\/"]}]},{"@type":"ImageObject","inLanguage":"en-US","@id":"https:\/\/www.casarredo.it\/en\/prodotto\/33270\/#primaryimage","url":"https:\/\/www.casarredo.it\/wp-content\/uploads\/2025\/08\/POPPINS-GIALLO.jpg","contentUrl":"https:\/\/www.casarredo.it\/wp-content\/uploads\/2025\/08\/POPPINS-GIALLO.jpg","width":800,"height":800},{"@type":"BreadcrumbList","@id":"https:\/\/www.casarredo.it\/en\/prodotto\/33270\/#breadcrumb","itemListElement":[{"@type":"ListItem","position":1,"name":"Home","item":"https:\/\/www.casarredo.it\/en\/"},{"@type":"ListItem","position":2,"name":"Shop online","item":"https:\/\/www.casarredo.it\/en\/shop\/"},{"@type":"ListItem","position":3,"name":"POPPINS PORTOMBRELLI"}]},{"@type":"WebSite","@id":"https:\/\/www.casarredo.it\/en\/#website","url":"https:\/\/www.casarredo.it\/en\/","name":"Casarredo.it","description":"Design da vivere","publisher":{"@id":"https:\/\/www.casarredo.it\/en\/#organization"},"potentialAction":[{"@type":"SearchAction","target":{"@type":"EntryPoint","urlTemplate":"https:\/\/www.casarredo.it\/en\/?s={search_term_string}"},"query-input":{"@type":"PropertyValueSpecification","valueRequired":true,"valueName":"search_term_string"}}],"inLanguage":"en-US"},{"@type":"Organization","@id":"https:\/\/www.casarredo.it\/en\/#organization","name":"casarredo srl","url":"https:\/\/www.casarredo.it\/en\/","logo":{"@type":"ImageObject","inLanguage":"en-US","@id":"https:\/\/www.casarredo.it\/en\/#\/schema\/logo\/image\/","url":"https:\/\/www.casarredo.it\/wp-content\/uploads\/2018\/05\/vanity-scaled.jpg","contentUrl":"https:\/\/www.casarredo.it\/wp-content\/uploads\/2018\/05\/vanity-scaled.jpg","width":2560,"height":1848,"caption":"casarredo srl"},"image":{"@id":"https:\/\/www.casarredo.it\/en\/#\/schema\/logo\/image\/"},"sameAs":["https:\/\/www.facebook.com\/Casarredo-632870513490892","https:\/\/www.instagram.com\/casarredo_fano\/"]}]}},"_links":{"self":[{"href":"https:\/\/www.casarredo.it\/en\/wp-json\/wp\/v2\/product\/33270","targetHints":{"allow":["GET"]}}],"collection":[{"href":"https:\/\/www.casarredo.it\/en\/wp-json\/wp\/v2\/product"}],"about":[{"href":"https:\/\/www.casarredo.it\/en\/wp-json\/wp\/v2\/types\/product"}],"wp:featuredmedia":[{"embeddable":true,"href":"https:\/\/www.casarredo.it\/en\/wp-json\/wp\/v2\/media\/33277"}],"wp:attachment":[{"href":"https:\/\/www.casarredo.it\/en\/wp-json\/wp\/v2\/media?parent=33270"}],"wp:term":[{"taxonomy":"product_brand","embeddable":true,"href":"https:\/\/www.casarredo.it\/en\/wp-json\/wp\/v2\/product_brand?post=33270"},{"taxonomy":"product_cat","embeddable":true,"href":"https:\/\/www.casarredo.it\/en\/wp-json\/wp\/v2\/product_cat?post=33270"},{"taxonomy":"product_tag","embeddable":true,"href":"https:\/\/www.casarredo.it\/en\/wp-json\/wp\/v2\/product_tag?post=33270"}],"curies":[{"name":"wp","href":"https:\/\/api.w.org\/{rel}","templated":true}]}}