{"id":33188,"date":"2025-06-28T19:49:35","date_gmt":"2025-06-28T17:49:35","guid":{"rendered":"https:\/\/www.casarredo.it\/?post_type=product&#038;p=33188"},"modified":"2026-02-27T18:51:34","modified_gmt":"2026-02-27T17:51:34","slug":"courier-table-piano-rovere-chiaro-base-gesso-37","status":"publish","type":"product","link":"https:\/\/www.casarredo.it\/en\/prodotto\/courier-table-piano-rovere-chiaro-base-gesso-37\/","title":{"rendered":"COURIER TABLE PIANO ROVERE CHIARO BASE GESSO 37"},"content":{"rendered":"<h1>COURIER TABLE PIANO ROVERE CHIARO BASE GESSO 37<\/h1>\n<p>Courier srittoio. Oltre ai suoi progetti di design, Ronan Bouroullec \u00e8 un artista, che produce disegni intricati in cui ripete sequenze intuitive di linee, disegnate a mano con un pennello giapponese con punta in feltro. I contorni di Courier si possono considerare espressione di questo approccio artistico, ma testimoniano anche il talento di Bouroullec per la forma e la composizione, nonch\u00e9 la sua perizia tecnica: la scrivania combina con facilit\u00e0 due materiali di alta qualit\u00e0, il legno e l&#8217;alluminio, per creare un design distintivo eppur discreto.<\/p>\n","protected":false},"excerpt":{"rendered":"<h1>COURIER SCRITTOIO<\/h1>\n<p>Courier srittoio. Oltre ai suoi progetti di design, Ronan Bouroullec \u00e8 un artista, che produce disegni intricati in cui ripete sequenze intuitive di linee, disegnate a mano con un pennello giapponese con punta in feltro. I contorni di Courier si possono considerare espressione di questo approccio artistico, ma testimoniano anche il talento di Bouroullec per la forma e la composizione, nonch\u00e9 la sua perizia tecnica: la scrivania combina con facilit\u00e0 due materiali di alta qualit\u00e0, il legno e l&#8217;alluminio, per creare un design distintivo eppur discreto.<\/p>\n","protected":false},"featured_media":33191,"template":"","meta":[],"product_brand":[],"product_cat":[1220,707],"product_tag":[3837,3838,1094,708],"class_list":{"0":"post-33188","1":"product","2":"type-product","3":"status-publish","4":"has-post-thumbnail","6":"product_cat-scrivania","7":"product_cat-vitra","8":"product_tag-courier","9":"product_tag-ronan-bouroullec","10":"product_tag-scrittoio","11":"product_tag-vitra","12":"product_shipping_class-standard","14":"first","15":"instock","16":"sale","17":"shipping-taxable","18":"purchasable","19":"product-type-simple","20":"add-to-wishlist-after_add_to_cart"},"yoast_head":"<!-- This site is optimized with the Yoast SEO plugin v27.4 - https:\/\/yoast.com\/product\/yoast-seo-wordpress\/ -->\n<title>COURIER TABLE PIANO ROVERE CHIARO BASE GESSO 37 &#8212; Casarredo.it<\/title>\n<meta name=\"description\" content=\"Courier srittoio. Oltre ai suoi progetti di design, Ronan Bouroullec \u00e8 un artista, che produce disegni intricati in cui ripete sequenze intuitive di linee, disegnate a mano con un pennello giapponese con punta in feltro. I contorni di Courier si possono considerare espressione di questo approccio artistico, ma testimoniano anche il talento di Bouroullec per la forma e la composizione, nonch\u00e9 la sua perizia tecnica: la scrivania combina con facilit\u00e0 due materiali di alta qualit\u00e0, il legno e l&#039;alluminio, per creare un design distintivo eppur discreto.\" \/>\n<meta name=\"robots\" content=\"index, follow, max-snippet:-1, max-image-preview:large, max-video-preview:-1\" \/>\n<link rel=\"canonical\" href=\"https:\/\/www.casarredo.it\/en\/prodotto\/courier-table-piano-rovere-chiaro-base-gesso-37\/\" \/>\n<meta property=\"og:locale\" content=\"en_US\" \/>\n<meta property=\"og:type\" content=\"article\" \/>\n<meta property=\"og:title\" content=\"COURIER TABLE PIANO ROVERE CHIARO BASE GESSO 37 &#8212; Casarredo.it\" \/>\n<meta property=\"og:description\" content=\"Courier srittoio. Oltre ai suoi progetti di design, Ronan Bouroullec \u00e8 un artista, che produce disegni intricati in cui ripete sequenze intuitive di linee, disegnate a mano con un pennello giapponese con punta in feltro. I contorni di Courier si possono considerare espressione di questo approccio artistico, ma testimoniano anche il talento di Bouroullec per la forma e la composizione, nonch\u00e9 la sua perizia tecnica: la scrivania combina con facilit\u00e0 due materiali di alta qualit\u00e0, il legno e l&#039;alluminio, per creare un design distintivo eppur discreto.\" \/>\n<meta property=\"og:url\" content=\"https:\/\/www.casarredo.it\/en\/prodotto\/courier-table-piano-rovere-chiaro-base-gesso-37\/\" \/>\n<meta property=\"og:site_name\" content=\"Casarredo.it\" \/>\n<meta property=\"article:publisher\" content=\"https:\/\/www.facebook.com\/Casarredo-632870513490892\" \/>\n<meta property=\"article:modified_time\" content=\"2026-02-27T17:51:34+00:00\" \/>\n<meta property=\"og:image\" content=\"https:\/\/www.casarredo.it\/wp-content\/uploads\/2025\/06\/COURIER-CASARREDO-JPG.webp\" \/>\n\t<meta property=\"og:image:width\" content=\"400\" \/>\n\t<meta property=\"og:image:height\" content=\"335\" \/>\n\t<meta property=\"og:image:type\" content=\"image\/webp\" \/>\n<meta name=\"twitter:card\" content=\"summary_large_image\" \/>\n<meta name=\"twitter:label1\" content=\"Est. reading time\" \/>\n\t<meta name=\"twitter:data1\" content=\"1 minute\" \/>\n<script type=\"application\/ld+json\" class=\"yoast-schema-graph\">{\"@context\":\"https:\\\/\\\/schema.org\",\"@graph\":[{\"@type\":\"WebPage\",\"@id\":\"https:\\\/\\\/www.casarredo.it\\\/en\\\/prodotto\\\/courier-table-piano-rovere-chiaro-base-gesso-37\\\/\",\"url\":\"https:\\\/\\\/www.casarredo.it\\\/en\\\/prodotto\\\/courier-table-piano-rovere-chiaro-base-gesso-37\\\/\",\"name\":\"COURIER TABLE PIANO ROVERE CHIARO BASE GESSO 37 &#8212; Casarredo.it\",\"isPartOf\":{\"@id\":\"https:\\\/\\\/www.casarredo.it\\\/en\\\/#website\"},\"primaryImageOfPage\":{\"@id\":\"https:\\\/\\\/www.casarredo.it\\\/en\\\/prodotto\\\/courier-table-piano-rovere-chiaro-base-gesso-37\\\/#primaryimage\"},\"image\":{\"@id\":\"https:\\\/\\\/www.casarredo.it\\\/en\\\/prodotto\\\/courier-table-piano-rovere-chiaro-base-gesso-37\\\/#primaryimage\"},\"thumbnailUrl\":\"https:\\\/\\\/www.casarredo.it\\\/wp-content\\\/uploads\\\/2025\\\/06\\\/COURIER-CASARREDO-JPG.webp\",\"datePublished\":\"2025-06-28T17:49:35+00:00\",\"dateModified\":\"2026-02-27T17:51:34+00:00\",\"description\":\"Courier srittoio. Oltre ai suoi progetti di design, Ronan Bouroullec \u00e8 un artista, che produce disegni intricati in cui ripete sequenze intuitive di linee, disegnate a mano con un pennello giapponese con punta in feltro. I contorni di Courier si possono considerare espressione di questo approccio artistico, ma testimoniano anche il talento di Bouroullec per la forma e la composizione, nonch\u00e9 la sua perizia tecnica: la scrivania combina con facilit\u00e0 due materiali di alta qualit\u00e0, il legno e l'alluminio, per creare un design distintivo eppur discreto.\",\"breadcrumb\":{\"@id\":\"https:\\\/\\\/www.casarredo.it\\\/en\\\/prodotto\\\/courier-table-piano-rovere-chiaro-base-gesso-37\\\/#breadcrumb\"},\"inLanguage\":\"en-US\",\"potentialAction\":[{\"@type\":\"ReadAction\",\"target\":[\"https:\\\/\\\/www.casarredo.it\\\/en\\\/prodotto\\\/courier-table-piano-rovere-chiaro-base-gesso-37\\\/\"]}]},{\"@type\":\"ImageObject\",\"inLanguage\":\"en-US\",\"@id\":\"https:\\\/\\\/www.casarredo.it\\\/en\\\/prodotto\\\/courier-table-piano-rovere-chiaro-base-gesso-37\\\/#primaryimage\",\"url\":\"https:\\\/\\\/www.casarredo.it\\\/wp-content\\\/uploads\\\/2025\\\/06\\\/COURIER-CASARREDO-JPG.webp\",\"contentUrl\":\"https:\\\/\\\/www.casarredo.it\\\/wp-content\\\/uploads\\\/2025\\\/06\\\/COURIER-CASARREDO-JPG.webp\",\"width\":400,\"height\":335},{\"@type\":\"BreadcrumbList\",\"@id\":\"https:\\\/\\\/www.casarredo.it\\\/en\\\/prodotto\\\/courier-table-piano-rovere-chiaro-base-gesso-37\\\/#breadcrumb\",\"itemListElement\":[{\"@type\":\"ListItem\",\"position\":1,\"name\":\"Home\",\"item\":\"https:\\\/\\\/www.casarredo.it\\\/en\\\/\"},{\"@type\":\"ListItem\",\"position\":2,\"name\":\"Shop online\",\"item\":\"https:\\\/\\\/www.casarredo.it\\\/en\\\/shop\\\/\"},{\"@type\":\"ListItem\",\"position\":3,\"name\":\"COURIER TABLE PIANO ROVERE CHIARO BASE GESSO 37\"}]},{\"@type\":\"WebSite\",\"@id\":\"https:\\\/\\\/www.casarredo.it\\\/en\\\/#website\",\"url\":\"https:\\\/\\\/www.casarredo.it\\\/en\\\/\",\"name\":\"Casarredo.it\",\"description\":\"Design da vivere\",\"publisher\":{\"@id\":\"https:\\\/\\\/www.casarredo.it\\\/en\\\/#organization\"},\"potentialAction\":[{\"@type\":\"SearchAction\",\"target\":{\"@type\":\"EntryPoint\",\"urlTemplate\":\"https:\\\/\\\/www.casarredo.it\\\/en\\\/?s={search_term_string}\"},\"query-input\":{\"@type\":\"PropertyValueSpecification\",\"valueRequired\":true,\"valueName\":\"search_term_string\"}}],\"inLanguage\":\"en-US\"},{\"@type\":\"Organization\",\"@id\":\"https:\\\/\\\/www.casarredo.it\\\/en\\\/#organization\",\"name\":\"casarredo srl\",\"url\":\"https:\\\/\\\/www.casarredo.it\\\/en\\\/\",\"logo\":{\"@type\":\"ImageObject\",\"inLanguage\":\"en-US\",\"@id\":\"https:\\\/\\\/www.casarredo.it\\\/en\\\/#\\\/schema\\\/logo\\\/image\\\/\",\"url\":\"https:\\\/\\\/www.casarredo.it\\\/wp-content\\\/uploads\\\/2018\\\/05\\\/vanity-scaled.jpg\",\"contentUrl\":\"https:\\\/\\\/www.casarredo.it\\\/wp-content\\\/uploads\\\/2018\\\/05\\\/vanity-scaled.jpg\",\"width\":2560,\"height\":1848,\"caption\":\"casarredo srl\"},\"image\":{\"@id\":\"https:\\\/\\\/www.casarredo.it\\\/en\\\/#\\\/schema\\\/logo\\\/image\\\/\"},\"sameAs\":[\"https:\\\/\\\/www.facebook.com\\\/Casarredo-632870513490892\",\"https:\\\/\\\/www.instagram.com\\\/casarredo_fano\\\/\"]}]}<\/script>\n<!-- \/ Yoast SEO plugin. -->","yoast_head_json":{"title":"COURIER TABLE PIANO ROVERE CHIARO BASE GESSO 37 &#8212; Casarredo.it","description":"Courier srittoio. Oltre ai suoi progetti di design, Ronan Bouroullec \u00e8 un artista, che produce disegni intricati in cui ripete sequenze intuitive di linee, disegnate a mano con un pennello giapponese con punta in feltro. I contorni di Courier si possono considerare espressione di questo approccio artistico, ma testimoniano anche il talento di Bouroullec per la forma e la composizione, nonch\u00e9 la sua perizia tecnica: la scrivania combina con facilit\u00e0 due materiali di alta qualit\u00e0, il legno e l'alluminio, per creare un design distintivo eppur discreto.","robots":{"index":"index","follow":"follow","max-snippet":"max-snippet:-1","max-image-preview":"max-image-preview:large","max-video-preview":"max-video-preview:-1"},"canonical":"https:\/\/www.casarredo.it\/en\/prodotto\/courier-table-piano-rovere-chiaro-base-gesso-37\/","og_locale":"en_US","og_type":"article","og_title":"COURIER TABLE PIANO ROVERE CHIARO BASE GESSO 37 &#8212; Casarredo.it","og_description":"Courier srittoio. Oltre ai suoi progetti di design, Ronan Bouroullec \u00e8 un artista, che produce disegni intricati in cui ripete sequenze intuitive di linee, disegnate a mano con un pennello giapponese con punta in feltro. I contorni di Courier si possono considerare espressione di questo approccio artistico, ma testimoniano anche il talento di Bouroullec per la forma e la composizione, nonch\u00e9 la sua perizia tecnica: la scrivania combina con facilit\u00e0 due materiali di alta qualit\u00e0, il legno e l'alluminio, per creare un design distintivo eppur discreto.","og_url":"https:\/\/www.casarredo.it\/en\/prodotto\/courier-table-piano-rovere-chiaro-base-gesso-37\/","og_site_name":"Casarredo.it","article_publisher":"https:\/\/www.facebook.com\/Casarredo-632870513490892","article_modified_time":"2026-02-27T17:51:34+00:00","og_image":[{"width":400,"height":335,"url":"https:\/\/www.casarredo.it\/wp-content\/uploads\/2025\/06\/COURIER-CASARREDO-JPG.webp","type":"image\/webp"}],"twitter_card":"summary_large_image","twitter_misc":{"Est. reading time":"1 minute"},"schema":{"@context":"https:\/\/schema.org","@graph":[{"@type":"WebPage","@id":"https:\/\/www.casarredo.it\/en\/prodotto\/courier-table-piano-rovere-chiaro-base-gesso-37\/","url":"https:\/\/www.casarredo.it\/en\/prodotto\/courier-table-piano-rovere-chiaro-base-gesso-37\/","name":"COURIER TABLE PIANO ROVERE CHIARO BASE GESSO 37 &#8212; Casarredo.it","isPartOf":{"@id":"https:\/\/www.casarredo.it\/en\/#website"},"primaryImageOfPage":{"@id":"https:\/\/www.casarredo.it\/en\/prodotto\/courier-table-piano-rovere-chiaro-base-gesso-37\/#primaryimage"},"image":{"@id":"https:\/\/www.casarredo.it\/en\/prodotto\/courier-table-piano-rovere-chiaro-base-gesso-37\/#primaryimage"},"thumbnailUrl":"https:\/\/www.casarredo.it\/wp-content\/uploads\/2025\/06\/COURIER-CASARREDO-JPG.webp","datePublished":"2025-06-28T17:49:35+00:00","dateModified":"2026-02-27T17:51:34+00:00","description":"Courier srittoio. Oltre ai suoi progetti di design, Ronan Bouroullec \u00e8 un artista, che produce disegni intricati in cui ripete sequenze intuitive di linee, disegnate a mano con un pennello giapponese con punta in feltro. I contorni di Courier si possono considerare espressione di questo approccio artistico, ma testimoniano anche il talento di Bouroullec per la forma e la composizione, nonch\u00e9 la sua perizia tecnica: la scrivania combina con facilit\u00e0 due materiali di alta qualit\u00e0, il legno e l'alluminio, per creare un design distintivo eppur discreto.","breadcrumb":{"@id":"https:\/\/www.casarredo.it\/en\/prodotto\/courier-table-piano-rovere-chiaro-base-gesso-37\/#breadcrumb"},"inLanguage":"en-US","potentialAction":[{"@type":"ReadAction","target":["https:\/\/www.casarredo.it\/en\/prodotto\/courier-table-piano-rovere-chiaro-base-gesso-37\/"]}]},{"@type":"ImageObject","inLanguage":"en-US","@id":"https:\/\/www.casarredo.it\/en\/prodotto\/courier-table-piano-rovere-chiaro-base-gesso-37\/#primaryimage","url":"https:\/\/www.casarredo.it\/wp-content\/uploads\/2025\/06\/COURIER-CASARREDO-JPG.webp","contentUrl":"https:\/\/www.casarredo.it\/wp-content\/uploads\/2025\/06\/COURIER-CASARREDO-JPG.webp","width":400,"height":335},{"@type":"BreadcrumbList","@id":"https:\/\/www.casarredo.it\/en\/prodotto\/courier-table-piano-rovere-chiaro-base-gesso-37\/#breadcrumb","itemListElement":[{"@type":"ListItem","position":1,"name":"Home","item":"https:\/\/www.casarredo.it\/en\/"},{"@type":"ListItem","position":2,"name":"Shop online","item":"https:\/\/www.casarredo.it\/en\/shop\/"},{"@type":"ListItem","position":3,"name":"COURIER TABLE PIANO ROVERE CHIARO BASE GESSO 37"}]},{"@type":"WebSite","@id":"https:\/\/www.casarredo.it\/en\/#website","url":"https:\/\/www.casarredo.it\/en\/","name":"Casarredo.it","description":"Design da vivere","publisher":{"@id":"https:\/\/www.casarredo.it\/en\/#organization"},"potentialAction":[{"@type":"SearchAction","target":{"@type":"EntryPoint","urlTemplate":"https:\/\/www.casarredo.it\/en\/?s={search_term_string}"},"query-input":{"@type":"PropertyValueSpecification","valueRequired":true,"valueName":"search_term_string"}}],"inLanguage":"en-US"},{"@type":"Organization","@id":"https:\/\/www.casarredo.it\/en\/#organization","name":"casarredo srl","url":"https:\/\/www.casarredo.it\/en\/","logo":{"@type":"ImageObject","inLanguage":"en-US","@id":"https:\/\/www.casarredo.it\/en\/#\/schema\/logo\/image\/","url":"https:\/\/www.casarredo.it\/wp-content\/uploads\/2018\/05\/vanity-scaled.jpg","contentUrl":"https:\/\/www.casarredo.it\/wp-content\/uploads\/2018\/05\/vanity-scaled.jpg","width":2560,"height":1848,"caption":"casarredo srl"},"image":{"@id":"https:\/\/www.casarredo.it\/en\/#\/schema\/logo\/image\/"},"sameAs":["https:\/\/www.facebook.com\/Casarredo-632870513490892","https:\/\/www.instagram.com\/casarredo_fano\/"]}]}},"_links":{"self":[{"href":"https:\/\/www.casarredo.it\/en\/wp-json\/wp\/v2\/product\/33188","targetHints":{"allow":["GET"]}}],"collection":[{"href":"https:\/\/www.casarredo.it\/en\/wp-json\/wp\/v2\/product"}],"about":[{"href":"https:\/\/www.casarredo.it\/en\/wp-json\/wp\/v2\/types\/product"}],"wp:featuredmedia":[{"embeddable":true,"href":"https:\/\/www.casarredo.it\/en\/wp-json\/wp\/v2\/media\/33191"}],"wp:attachment":[{"href":"https:\/\/www.casarredo.it\/en\/wp-json\/wp\/v2\/media?parent=33188"}],"wp:term":[{"taxonomy":"product_brand","embeddable":true,"href":"https:\/\/www.casarredo.it\/en\/wp-json\/wp\/v2\/product_brand?post=33188"},{"taxonomy":"product_cat","embeddable":true,"href":"https:\/\/www.casarredo.it\/en\/wp-json\/wp\/v2\/product_cat?post=33188"},{"taxonomy":"product_tag","embeddable":true,"href":"https:\/\/www.casarredo.it\/en\/wp-json\/wp\/v2\/product_tag?post=33188"}],"curies":[{"name":"wp","href":"https:\/\/api.w.org\/{rel}","templated":true}]}}