{"id":32986,"date":"2025-05-07T19:57:15","date_gmt":"2025-05-07T17:57:15","guid":{"rendered":"https:\/\/www.casarredo.it\/?post_type=product&#038;p=32986"},"modified":"2026-03-07T10:02:37","modified_gmt":"2026-03-07T09:02:37","slug":"ingram-sedia-mackintosh-cassina","status":"publish","type":"product","link":"https:\/\/www.casarredo.it\/en\/prodotto\/ingram-sedia-mackintosh-cassina\/","title":{"rendered":"INGRAM SEDIA MACKINTOSH CASSINA"},"content":{"rendered":"<p>Ingram sedia Mackintosh Cassina<\/p>\n<p>Ingram \u00e8 una sedia che riflette lo stile di Mackintosh e il suo approccio senza paura ai processi di produzione pi\u00f9 impegnativi. Progettato per la White Room e la Cloister Room delle sale da t\u00e8 di Ingram Street a Glasgow, questo modello iconico presenta forme geometriche lineari che hanno un impatto visivo notevole. La struttura combina curve e linee rette, forme rotonde e rettangolari che richiamano il gusto neogotico. Una successione di linee verticali in legno definisce il retro, mentre i dettagli arrotondati sulla parte superiore arricchiscono ulteriormente il design. La seduta \u00e8 rivestita con il tessuto originale satinato e patinato. Ogni sedia \u00e8 contrassegnata dalla firma di Cassina e Mackintosh.<\/p>\n<p>Struttura il legno di ciliegio e tessuto rosso.<\/p>\n<p>Dimensioni:<\/p>\n<p>larghezza cm.47\u00a0 \u00a0profondit\u00e0 cm. 44,5\u00a0 altezza cm. 95<\/p>\n","protected":false},"excerpt":{"rendered":"<p>Ingram \u00e8 una sedia che riflette lo stile di Mackintosh e il suo approccio senza paura ai processi di produzione pi\u00f9 impegnativi. Progettato per la White Room e la Cloister Room delle sale da t\u00e8 di Ingram Street a Glasgow, questo modello iconico presenta forme geometriche lineari che hanno un impatto visivo notevole. La struttura combina curve e linee rette, forme rotonde e rettangolari che richiamano il gusto neogotico. Una successione di linee verticali in legno definisce il retro, mentre i dettagli arrotondati sulla parte superiore arricchiscono ulteriormente il design. La seduta \u00e8 rivestita con il tessuto originale satinato e patinato. Ogni sedia \u00e8 contrassegnata dalla firma di Cassina e Mackintosh.<\/p>\n","protected":false},"featured_media":33019,"template":"","meta":[],"product_brand":[],"product_cat":[566,3792,639],"product_tag":[],"class_list":{"0":"post-32986","1":"product","2":"type-product","3":"status-publish","4":"has-post-thumbnail","6":"product_cat-cassina","7":"product_cat-outlet","8":"product_cat-sedie","9":"product_shipping_class-standard","11":"first","12":"instock","13":"sale","14":"downloadable","15":"shipping-taxable","16":"purchasable","17":"product-type-simple","18":"add-to-wishlist-after_add_to_cart"},"yoast_head":"<!-- This site is optimized with the Yoast SEO plugin v27.4 - https:\/\/yoast.com\/product\/yoast-seo-wordpress\/ -->\n<title>INGRAM SEDIA MACKINTOSH CASSINA &#8212; Casarredo.it<\/title>\n<meta name=\"description\" content=\"Ingram \u00e8 una sedia che riflette lo stile di Mackintosh e il suo approccio senza paura ai processi di produzione pi\u00f9 impegnativi. Progettato per la White Room e la Cloister Room delle sale da t\u00e8 di Ingram Street a Glasgow, questo modello iconico presenta forme geometriche lineari che hanno un impatto visivo notevole. La struttura combina curve e linee rette, forme rotonde e rettangolari che richiamano il gusto neogotico. Una successione di linee verticali in legno definisce il retro, mentre i dettagli arrotondati sulla parte superiore arricchiscono ulteriormente il design. La seduta \u00e8 rivestita con il tessuto originale satinato e patinato. Ogni sedia \u00e8 contrassegnata dalla firma di Cassina e Mackintosh.\" \/>\n<meta name=\"robots\" content=\"index, follow, max-snippet:-1, max-image-preview:large, max-video-preview:-1\" \/>\n<link rel=\"canonical\" href=\"https:\/\/www.casarredo.it\/en\/prodotto\/ingram-sedia-mackintosh-cassina\/\" \/>\n<meta property=\"og:locale\" content=\"en_US\" \/>\n<meta property=\"og:type\" content=\"article\" \/>\n<meta property=\"og:title\" content=\"INGRAM SEDIA MACKINTOSH CASSINA &#8212; Casarredo.it\" \/>\n<meta property=\"og:description\" content=\"Ingram \u00e8 una sedia che riflette lo stile di Mackintosh e il suo approccio senza paura ai processi di produzione pi\u00f9 impegnativi. Progettato per la White Room e la Cloister Room delle sale da t\u00e8 di Ingram Street a Glasgow, questo modello iconico presenta forme geometriche lineari che hanno un impatto visivo notevole. La struttura combina curve e linee rette, forme rotonde e rettangolari che richiamano il gusto neogotico. Una successione di linee verticali in legno definisce il retro, mentre i dettagli arrotondati sulla parte superiore arricchiscono ulteriormente il design. La seduta \u00e8 rivestita con il tessuto originale satinato e patinato. Ogni sedia \u00e8 contrassegnata dalla firma di Cassina e Mackintosh.\" \/>\n<meta property=\"og:url\" content=\"https:\/\/www.casarredo.it\/en\/prodotto\/ingram-sedia-mackintosh-cassina\/\" \/>\n<meta property=\"og:site_name\" content=\"Casarredo.it\" \/>\n<meta property=\"article:publisher\" content=\"https:\/\/www.facebook.com\/Casarredo-632870513490892\" \/>\n<meta property=\"article:modified_time\" content=\"2026-03-07T09:02:37+00:00\" \/>\n<meta property=\"og:image\" content=\"https:\/\/www.casarredo.it\/wp-content\/uploads\/2025\/05\/ingram-ant.2jpg-1.jpg\" \/>\n\t<meta property=\"og:image:width\" content=\"891\" \/>\n\t<meta property=\"og:image:height\" content=\"1191\" \/>\n\t<meta property=\"og:image:type\" content=\"image\/jpeg\" \/>\n<meta name=\"twitter:card\" content=\"summary_large_image\" \/>\n<meta name=\"twitter:label1\" content=\"Est. reading time\" \/>\n\t<meta name=\"twitter:data1\" content=\"1 minute\" \/>\n<script type=\"application\/ld+json\" class=\"yoast-schema-graph\">{\"@context\":\"https:\\\/\\\/schema.org\",\"@graph\":[{\"@type\":\"WebPage\",\"@id\":\"https:\\\/\\\/www.casarredo.it\\\/en\\\/prodotto\\\/ingram-sedia-mackintosh-cassina\\\/\",\"url\":\"https:\\\/\\\/www.casarredo.it\\\/en\\\/prodotto\\\/ingram-sedia-mackintosh-cassina\\\/\",\"name\":\"INGRAM SEDIA MACKINTOSH CASSINA &#8212; Casarredo.it\",\"isPartOf\":{\"@id\":\"https:\\\/\\\/www.casarredo.it\\\/en\\\/#website\"},\"primaryImageOfPage\":{\"@id\":\"https:\\\/\\\/www.casarredo.it\\\/en\\\/prodotto\\\/ingram-sedia-mackintosh-cassina\\\/#primaryimage\"},\"image\":{\"@id\":\"https:\\\/\\\/www.casarredo.it\\\/en\\\/prodotto\\\/ingram-sedia-mackintosh-cassina\\\/#primaryimage\"},\"thumbnailUrl\":\"https:\\\/\\\/www.casarredo.it\\\/wp-content\\\/uploads\\\/2025\\\/05\\\/ingram-ant.2jpg-1.jpg\",\"datePublished\":\"2025-05-07T17:57:15+00:00\",\"dateModified\":\"2026-03-07T09:02:37+00:00\",\"description\":\"Ingram \u00e8 una sedia che riflette lo stile di Mackintosh e il suo approccio senza paura ai processi di produzione pi\u00f9 impegnativi. Progettato per la White Room e la Cloister Room delle sale da t\u00e8 di Ingram Street a Glasgow, questo modello iconico presenta forme geometriche lineari che hanno un impatto visivo notevole. La struttura combina curve e linee rette, forme rotonde e rettangolari che richiamano il gusto neogotico. Una successione di linee verticali in legno definisce il retro, mentre i dettagli arrotondati sulla parte superiore arricchiscono ulteriormente il design. La seduta \u00e8 rivestita con il tessuto originale satinato e patinato. Ogni sedia \u00e8 contrassegnata dalla firma di Cassina e Mackintosh.\",\"breadcrumb\":{\"@id\":\"https:\\\/\\\/www.casarredo.it\\\/en\\\/prodotto\\\/ingram-sedia-mackintosh-cassina\\\/#breadcrumb\"},\"inLanguage\":\"en-US\",\"potentialAction\":[{\"@type\":\"ReadAction\",\"target\":[\"https:\\\/\\\/www.casarredo.it\\\/en\\\/prodotto\\\/ingram-sedia-mackintosh-cassina\\\/\"]}]},{\"@type\":\"ImageObject\",\"inLanguage\":\"en-US\",\"@id\":\"https:\\\/\\\/www.casarredo.it\\\/en\\\/prodotto\\\/ingram-sedia-mackintosh-cassina\\\/#primaryimage\",\"url\":\"https:\\\/\\\/www.casarredo.it\\\/wp-content\\\/uploads\\\/2025\\\/05\\\/ingram-ant.2jpg-1.jpg\",\"contentUrl\":\"https:\\\/\\\/www.casarredo.it\\\/wp-content\\\/uploads\\\/2025\\\/05\\\/ingram-ant.2jpg-1.jpg\",\"width\":891,\"height\":1191},{\"@type\":\"BreadcrumbList\",\"@id\":\"https:\\\/\\\/www.casarredo.it\\\/en\\\/prodotto\\\/ingram-sedia-mackintosh-cassina\\\/#breadcrumb\",\"itemListElement\":[{\"@type\":\"ListItem\",\"position\":1,\"name\":\"Home\",\"item\":\"https:\\\/\\\/www.casarredo.it\\\/en\\\/\"},{\"@type\":\"ListItem\",\"position\":2,\"name\":\"Shop online\",\"item\":\"https:\\\/\\\/www.casarredo.it\\\/en\\\/shop\\\/\"},{\"@type\":\"ListItem\",\"position\":3,\"name\":\"INGRAM SEDIA MACKINTOSH CASSINA\"}]},{\"@type\":\"WebSite\",\"@id\":\"https:\\\/\\\/www.casarredo.it\\\/en\\\/#website\",\"url\":\"https:\\\/\\\/www.casarredo.it\\\/en\\\/\",\"name\":\"Casarredo.it\",\"description\":\"Design da vivere\",\"publisher\":{\"@id\":\"https:\\\/\\\/www.casarredo.it\\\/en\\\/#organization\"},\"potentialAction\":[{\"@type\":\"SearchAction\",\"target\":{\"@type\":\"EntryPoint\",\"urlTemplate\":\"https:\\\/\\\/www.casarredo.it\\\/en\\\/?s={search_term_string}\"},\"query-input\":{\"@type\":\"PropertyValueSpecification\",\"valueRequired\":true,\"valueName\":\"search_term_string\"}}],\"inLanguage\":\"en-US\"},{\"@type\":\"Organization\",\"@id\":\"https:\\\/\\\/www.casarredo.it\\\/en\\\/#organization\",\"name\":\"casarredo srl\",\"url\":\"https:\\\/\\\/www.casarredo.it\\\/en\\\/\",\"logo\":{\"@type\":\"ImageObject\",\"inLanguage\":\"en-US\",\"@id\":\"https:\\\/\\\/www.casarredo.it\\\/en\\\/#\\\/schema\\\/logo\\\/image\\\/\",\"url\":\"https:\\\/\\\/www.casarredo.it\\\/wp-content\\\/uploads\\\/2018\\\/05\\\/vanity-scaled.jpg\",\"contentUrl\":\"https:\\\/\\\/www.casarredo.it\\\/wp-content\\\/uploads\\\/2018\\\/05\\\/vanity-scaled.jpg\",\"width\":2560,\"height\":1848,\"caption\":\"casarredo srl\"},\"image\":{\"@id\":\"https:\\\/\\\/www.casarredo.it\\\/en\\\/#\\\/schema\\\/logo\\\/image\\\/\"},\"sameAs\":[\"https:\\\/\\\/www.facebook.com\\\/Casarredo-632870513490892\",\"https:\\\/\\\/www.instagram.com\\\/casarredo_fano\\\/\"]}]}<\/script>\n<!-- \/ Yoast SEO plugin. -->","yoast_head_json":{"title":"INGRAM SEDIA MACKINTOSH CASSINA &#8212; Casarredo.it","description":"Ingram \u00e8 una sedia che riflette lo stile di Mackintosh e il suo approccio senza paura ai processi di produzione pi\u00f9 impegnativi. Progettato per la White Room e la Cloister Room delle sale da t\u00e8 di Ingram Street a Glasgow, questo modello iconico presenta forme geometriche lineari che hanno un impatto visivo notevole. La struttura combina curve e linee rette, forme rotonde e rettangolari che richiamano il gusto neogotico. Una successione di linee verticali in legno definisce il retro, mentre i dettagli arrotondati sulla parte superiore arricchiscono ulteriormente il design. La seduta \u00e8 rivestita con il tessuto originale satinato e patinato. Ogni sedia \u00e8 contrassegnata dalla firma di Cassina e Mackintosh.","robots":{"index":"index","follow":"follow","max-snippet":"max-snippet:-1","max-image-preview":"max-image-preview:large","max-video-preview":"max-video-preview:-1"},"canonical":"https:\/\/www.casarredo.it\/en\/prodotto\/ingram-sedia-mackintosh-cassina\/","og_locale":"en_US","og_type":"article","og_title":"INGRAM SEDIA MACKINTOSH CASSINA &#8212; Casarredo.it","og_description":"Ingram \u00e8 una sedia che riflette lo stile di Mackintosh e il suo approccio senza paura ai processi di produzione pi\u00f9 impegnativi. Progettato per la White Room e la Cloister Room delle sale da t\u00e8 di Ingram Street a Glasgow, questo modello iconico presenta forme geometriche lineari che hanno un impatto visivo notevole. La struttura combina curve e linee rette, forme rotonde e rettangolari che richiamano il gusto neogotico. Una successione di linee verticali in legno definisce il retro, mentre i dettagli arrotondati sulla parte superiore arricchiscono ulteriormente il design. La seduta \u00e8 rivestita con il tessuto originale satinato e patinato. Ogni sedia \u00e8 contrassegnata dalla firma di Cassina e Mackintosh.","og_url":"https:\/\/www.casarredo.it\/en\/prodotto\/ingram-sedia-mackintosh-cassina\/","og_site_name":"Casarredo.it","article_publisher":"https:\/\/www.facebook.com\/Casarredo-632870513490892","article_modified_time":"2026-03-07T09:02:37+00:00","og_image":[{"width":891,"height":1191,"url":"https:\/\/www.casarredo.it\/wp-content\/uploads\/2025\/05\/ingram-ant.2jpg-1.jpg","type":"image\/jpeg"}],"twitter_card":"summary_large_image","twitter_misc":{"Est. reading time":"1 minute"},"schema":{"@context":"https:\/\/schema.org","@graph":[{"@type":"WebPage","@id":"https:\/\/www.casarredo.it\/en\/prodotto\/ingram-sedia-mackintosh-cassina\/","url":"https:\/\/www.casarredo.it\/en\/prodotto\/ingram-sedia-mackintosh-cassina\/","name":"INGRAM SEDIA MACKINTOSH CASSINA &#8212; Casarredo.it","isPartOf":{"@id":"https:\/\/www.casarredo.it\/en\/#website"},"primaryImageOfPage":{"@id":"https:\/\/www.casarredo.it\/en\/prodotto\/ingram-sedia-mackintosh-cassina\/#primaryimage"},"image":{"@id":"https:\/\/www.casarredo.it\/en\/prodotto\/ingram-sedia-mackintosh-cassina\/#primaryimage"},"thumbnailUrl":"https:\/\/www.casarredo.it\/wp-content\/uploads\/2025\/05\/ingram-ant.2jpg-1.jpg","datePublished":"2025-05-07T17:57:15+00:00","dateModified":"2026-03-07T09:02:37+00:00","description":"Ingram \u00e8 una sedia che riflette lo stile di Mackintosh e il suo approccio senza paura ai processi di produzione pi\u00f9 impegnativi. Progettato per la White Room e la Cloister Room delle sale da t\u00e8 di Ingram Street a Glasgow, questo modello iconico presenta forme geometriche lineari che hanno un impatto visivo notevole. La struttura combina curve e linee rette, forme rotonde e rettangolari che richiamano il gusto neogotico. Una successione di linee verticali in legno definisce il retro, mentre i dettagli arrotondati sulla parte superiore arricchiscono ulteriormente il design. La seduta \u00e8 rivestita con il tessuto originale satinato e patinato. Ogni sedia \u00e8 contrassegnata dalla firma di Cassina e Mackintosh.","breadcrumb":{"@id":"https:\/\/www.casarredo.it\/en\/prodotto\/ingram-sedia-mackintosh-cassina\/#breadcrumb"},"inLanguage":"en-US","potentialAction":[{"@type":"ReadAction","target":["https:\/\/www.casarredo.it\/en\/prodotto\/ingram-sedia-mackintosh-cassina\/"]}]},{"@type":"ImageObject","inLanguage":"en-US","@id":"https:\/\/www.casarredo.it\/en\/prodotto\/ingram-sedia-mackintosh-cassina\/#primaryimage","url":"https:\/\/www.casarredo.it\/wp-content\/uploads\/2025\/05\/ingram-ant.2jpg-1.jpg","contentUrl":"https:\/\/www.casarredo.it\/wp-content\/uploads\/2025\/05\/ingram-ant.2jpg-1.jpg","width":891,"height":1191},{"@type":"BreadcrumbList","@id":"https:\/\/www.casarredo.it\/en\/prodotto\/ingram-sedia-mackintosh-cassina\/#breadcrumb","itemListElement":[{"@type":"ListItem","position":1,"name":"Home","item":"https:\/\/www.casarredo.it\/en\/"},{"@type":"ListItem","position":2,"name":"Shop online","item":"https:\/\/www.casarredo.it\/en\/shop\/"},{"@type":"ListItem","position":3,"name":"INGRAM SEDIA MACKINTOSH CASSINA"}]},{"@type":"WebSite","@id":"https:\/\/www.casarredo.it\/en\/#website","url":"https:\/\/www.casarredo.it\/en\/","name":"Casarredo.it","description":"Design da vivere","publisher":{"@id":"https:\/\/www.casarredo.it\/en\/#organization"},"potentialAction":[{"@type":"SearchAction","target":{"@type":"EntryPoint","urlTemplate":"https:\/\/www.casarredo.it\/en\/?s={search_term_string}"},"query-input":{"@type":"PropertyValueSpecification","valueRequired":true,"valueName":"search_term_string"}}],"inLanguage":"en-US"},{"@type":"Organization","@id":"https:\/\/www.casarredo.it\/en\/#organization","name":"casarredo srl","url":"https:\/\/www.casarredo.it\/en\/","logo":{"@type":"ImageObject","inLanguage":"en-US","@id":"https:\/\/www.casarredo.it\/en\/#\/schema\/logo\/image\/","url":"https:\/\/www.casarredo.it\/wp-content\/uploads\/2018\/05\/vanity-scaled.jpg","contentUrl":"https:\/\/www.casarredo.it\/wp-content\/uploads\/2018\/05\/vanity-scaled.jpg","width":2560,"height":1848,"caption":"casarredo srl"},"image":{"@id":"https:\/\/www.casarredo.it\/en\/#\/schema\/logo\/image\/"},"sameAs":["https:\/\/www.facebook.com\/Casarredo-632870513490892","https:\/\/www.instagram.com\/casarredo_fano\/"]}]}},"_links":{"self":[{"href":"https:\/\/www.casarredo.it\/en\/wp-json\/wp\/v2\/product\/32986","targetHints":{"allow":["GET"]}}],"collection":[{"href":"https:\/\/www.casarredo.it\/en\/wp-json\/wp\/v2\/product"}],"about":[{"href":"https:\/\/www.casarredo.it\/en\/wp-json\/wp\/v2\/types\/product"}],"wp:featuredmedia":[{"embeddable":true,"href":"https:\/\/www.casarredo.it\/en\/wp-json\/wp\/v2\/media\/33019"}],"wp:attachment":[{"href":"https:\/\/www.casarredo.it\/en\/wp-json\/wp\/v2\/media?parent=32986"}],"wp:term":[{"taxonomy":"product_brand","embeddable":true,"href":"https:\/\/www.casarredo.it\/en\/wp-json\/wp\/v2\/product_brand?post=32986"},{"taxonomy":"product_cat","embeddable":true,"href":"https:\/\/www.casarredo.it\/en\/wp-json\/wp\/v2\/product_cat?post=32986"},{"taxonomy":"product_tag","embeddable":true,"href":"https:\/\/www.casarredo.it\/en\/wp-json\/wp\/v2\/product_tag?post=32986"}],"curies":[{"name":"wp","href":"https:\/\/api.w.org\/{rel}","templated":true}]}}