{"id":31155,"date":"2025-01-20T19:21:26","date_gmt":"2025-01-20T18:21:26","guid":{"rendered":"https:\/\/www.casarredo.it\/?post_type=product&#038;p=31155"},"modified":"2025-05-06T16:38:45","modified_gmt":"2025-05-06T14:38:45","slug":"parays-tappeto-kartell","status":"publish","type":"product","link":"https:\/\/www.casarredo.it\/en\/prodotto\/parays-tappeto-kartell\/","title":{"rendered":"PARAYS TAPPETO KARTELL"},"content":{"rendered":"<p><\/p>\n<h1>PARAYS TAPPETO KARTELL<\/h1>\n<p>PARAYS. I nuovi tappeti PARAYS sono pensati per un living colorato e avvolgente, con un tessuto curly in perfetta armonia con i morbidi tessuti boucl\u00e9 o m\u00e9lange degli imbottiti. La fantasia \u00e8 giocata sul tratteggio nei toni del verde e del blu oppure in quelli pi\u00f9 caldi del rosa, del viola e del giallo. Le forme sono quella pi\u00f9 allungata del runner oppure quadrata.<\/p>\n<p><\/p>\n","protected":false},"excerpt":{"rendered":"<p>PARAYS ,tappeti pensati per un living colorato e avvolgente, con un tessuto curly in perfetta armonia con i morbidi tessuti boucl\u00e9 o m\u00e9lange degli imbottiti. La fantasia \u00e8 giocata sul tratteggio nei toni del verde e del blu oppure in quelli pi\u00f9 caldi del rosa, del viola e del giallo. Le forme sono quella pi\u00f9 allungata del runner oppure rettangolare.<\/p>\n","protected":false},"featured_media":31160,"template":"","meta":[],"product_brand":[],"product_cat":[363,356,731],"product_tag":[358,3644,591,2595],"class_list":{"0":"post-31155","1":"product","2":"type-product","3":"status-publish","4":"has-post-thumbnail","6":"product_cat-complementi","7":"product_cat-kartell","8":"product_cat-tappeti-e-tessuti","9":"product_tag-kartell","10":"product_tag-parays","11":"product_tag-patricia-urquiola","12":"product_tag-tappeto","13":"pa_colore-p2-mattone","14":"pa_colore-p3-blu","15":"pa_colore-p4-giallo-viola","16":"pa_colore-p5-arancio-verde","18":"first","19":"onbackorder","20":"sale","21":"shipping-taxable","22":"purchasable","23":"product-type-variable","24":"add-to-wishlist-after_add_to_cart"},"yoast_head":"<!-- This site is optimized with the Yoast SEO plugin v27.4 - https:\/\/yoast.com\/product\/yoast-seo-wordpress\/ -->\n<title>PARAYS TAPPETO KARTELL &#8212; Casarredo.it<\/title>\n<meta name=\"description\" content=\"PARAYS tappeti pensati per un living colorato e avvolgente, con un tessuto curly in perfetta armonia con i morbidi tessuti boucl\u00e9 o m\u00e9lange degli imbottiti. La fantasia \u00e8 giocata sul tratteggio nei toni del verde e del blu oppure in quelli pi\u00f9 caldi del rosa, del viola e del giallo.\" \/>\n<meta name=\"robots\" content=\"index, follow, max-snippet:-1, max-image-preview:large, max-video-preview:-1\" \/>\n<link rel=\"canonical\" href=\"https:\/\/www.casarredo.it\/en\/prodotto\/parays-tappeto-kartell\/\" \/>\n<meta property=\"og:locale\" content=\"en_US\" \/>\n<meta property=\"og:type\" content=\"article\" \/>\n<meta property=\"og:title\" content=\"PARAYS TAPPETO KARTELL &#8212; Casarredo.it\" \/>\n<meta property=\"og:description\" content=\"PARAYS tappeti pensati per un living colorato e avvolgente, con un tessuto curly in perfetta armonia con i morbidi tessuti boucl\u00e9 o m\u00e9lange degli imbottiti. La fantasia \u00e8 giocata sul tratteggio nei toni del verde e del blu oppure in quelli pi\u00f9 caldi del rosa, del viola e del giallo.\" \/>\n<meta property=\"og:url\" content=\"https:\/\/www.casarredo.it\/en\/prodotto\/parays-tappeto-kartell\/\" \/>\n<meta property=\"og:site_name\" content=\"Casarredo.it\" \/>\n<meta property=\"article:publisher\" content=\"https:\/\/www.facebook.com\/Casarredo-632870513490892\" \/>\n<meta property=\"article:modified_time\" content=\"2025-05-06T14:38:45+00:00\" \/>\n<meta property=\"og:image\" content=\"https:\/\/www.casarredo.it\/wp-content\/uploads\/2025\/01\/parays-giallo-viola.webp\" \/>\n\t<meta property=\"og:image:width\" content=\"940\" \/>\n\t<meta property=\"og:image:height\" content=\"1197\" \/>\n\t<meta property=\"og:image:type\" content=\"image\/webp\" \/>\n<meta name=\"twitter:card\" content=\"summary_large_image\" \/>\n<meta name=\"twitter:label1\" content=\"Est. reading time\" \/>\n\t<meta name=\"twitter:data1\" content=\"1 minute\" \/>\n<script type=\"application\/ld+json\" class=\"yoast-schema-graph\">{\"@context\":\"https:\\\/\\\/schema.org\",\"@graph\":[{\"@type\":\"WebPage\",\"@id\":\"https:\\\/\\\/www.casarredo.it\\\/en\\\/prodotto\\\/parays-tappeto-kartell\\\/\",\"url\":\"https:\\\/\\\/www.casarredo.it\\\/en\\\/prodotto\\\/parays-tappeto-kartell\\\/\",\"name\":\"PARAYS TAPPETO KARTELL &#8212; Casarredo.it\",\"isPartOf\":{\"@id\":\"https:\\\/\\\/www.casarredo.it\\\/en\\\/#website\"},\"primaryImageOfPage\":{\"@id\":\"https:\\\/\\\/www.casarredo.it\\\/en\\\/prodotto\\\/parays-tappeto-kartell\\\/#primaryimage\"},\"image\":{\"@id\":\"https:\\\/\\\/www.casarredo.it\\\/en\\\/prodotto\\\/parays-tappeto-kartell\\\/#primaryimage\"},\"thumbnailUrl\":\"https:\\\/\\\/www.casarredo.it\\\/wp-content\\\/uploads\\\/2025\\\/01\\\/parays-giallo-viola.webp\",\"datePublished\":\"2025-01-20T18:21:26+00:00\",\"dateModified\":\"2025-05-06T14:38:45+00:00\",\"description\":\"PARAYS tappeti pensati per un living colorato e avvolgente, con un tessuto curly in perfetta armonia con i morbidi tessuti boucl\u00e9 o m\u00e9lange degli imbottiti. La fantasia \u00e8 giocata sul tratteggio nei toni del verde e del blu oppure in quelli pi\u00f9 caldi del rosa, del viola e del giallo.\",\"breadcrumb\":{\"@id\":\"https:\\\/\\\/www.casarredo.it\\\/en\\\/prodotto\\\/parays-tappeto-kartell\\\/#breadcrumb\"},\"inLanguage\":\"en-US\",\"potentialAction\":[{\"@type\":\"ReadAction\",\"target\":[\"https:\\\/\\\/www.casarredo.it\\\/en\\\/prodotto\\\/parays-tappeto-kartell\\\/\"]}]},{\"@type\":\"ImageObject\",\"inLanguage\":\"en-US\",\"@id\":\"https:\\\/\\\/www.casarredo.it\\\/en\\\/prodotto\\\/parays-tappeto-kartell\\\/#primaryimage\",\"url\":\"https:\\\/\\\/www.casarredo.it\\\/wp-content\\\/uploads\\\/2025\\\/01\\\/parays-giallo-viola.webp\",\"contentUrl\":\"https:\\\/\\\/www.casarredo.it\\\/wp-content\\\/uploads\\\/2025\\\/01\\\/parays-giallo-viola.webp\",\"width\":940,\"height\":1197},{\"@type\":\"BreadcrumbList\",\"@id\":\"https:\\\/\\\/www.casarredo.it\\\/en\\\/prodotto\\\/parays-tappeto-kartell\\\/#breadcrumb\",\"itemListElement\":[{\"@type\":\"ListItem\",\"position\":1,\"name\":\"Home\",\"item\":\"https:\\\/\\\/www.casarredo.it\\\/en\\\/\"},{\"@type\":\"ListItem\",\"position\":2,\"name\":\"Shop online\",\"item\":\"https:\\\/\\\/www.casarredo.it\\\/en\\\/shop\\\/\"},{\"@type\":\"ListItem\",\"position\":3,\"name\":\"PARAYS TAPPETO KARTELL\"}]},{\"@type\":\"WebSite\",\"@id\":\"https:\\\/\\\/www.casarredo.it\\\/en\\\/#website\",\"url\":\"https:\\\/\\\/www.casarredo.it\\\/en\\\/\",\"name\":\"Casarredo.it\",\"description\":\"Design da vivere\",\"publisher\":{\"@id\":\"https:\\\/\\\/www.casarredo.it\\\/en\\\/#organization\"},\"potentialAction\":[{\"@type\":\"SearchAction\",\"target\":{\"@type\":\"EntryPoint\",\"urlTemplate\":\"https:\\\/\\\/www.casarredo.it\\\/en\\\/?s={search_term_string}\"},\"query-input\":{\"@type\":\"PropertyValueSpecification\",\"valueRequired\":true,\"valueName\":\"search_term_string\"}}],\"inLanguage\":\"en-US\"},{\"@type\":\"Organization\",\"@id\":\"https:\\\/\\\/www.casarredo.it\\\/en\\\/#organization\",\"name\":\"casarredo srl\",\"url\":\"https:\\\/\\\/www.casarredo.it\\\/en\\\/\",\"logo\":{\"@type\":\"ImageObject\",\"inLanguage\":\"en-US\",\"@id\":\"https:\\\/\\\/www.casarredo.it\\\/en\\\/#\\\/schema\\\/logo\\\/image\\\/\",\"url\":\"https:\\\/\\\/www.casarredo.it\\\/wp-content\\\/uploads\\\/2018\\\/05\\\/vanity-scaled.jpg\",\"contentUrl\":\"https:\\\/\\\/www.casarredo.it\\\/wp-content\\\/uploads\\\/2018\\\/05\\\/vanity-scaled.jpg\",\"width\":2560,\"height\":1848,\"caption\":\"casarredo srl\"},\"image\":{\"@id\":\"https:\\\/\\\/www.casarredo.it\\\/en\\\/#\\\/schema\\\/logo\\\/image\\\/\"},\"sameAs\":[\"https:\\\/\\\/www.facebook.com\\\/Casarredo-632870513490892\",\"https:\\\/\\\/www.instagram.com\\\/casarredo_fano\\\/\"]}]}<\/script>\n<!-- \/ Yoast SEO plugin. -->","yoast_head_json":{"title":"PARAYS TAPPETO KARTELL &#8212; Casarredo.it","description":"PARAYS tappeti pensati per un living colorato e avvolgente, con un tessuto curly in perfetta armonia con i morbidi tessuti boucl\u00e9 o m\u00e9lange degli imbottiti. La fantasia \u00e8 giocata sul tratteggio nei toni del verde e del blu oppure in quelli pi\u00f9 caldi del rosa, del viola e del giallo.","robots":{"index":"index","follow":"follow","max-snippet":"max-snippet:-1","max-image-preview":"max-image-preview:large","max-video-preview":"max-video-preview:-1"},"canonical":"https:\/\/www.casarredo.it\/en\/prodotto\/parays-tappeto-kartell\/","og_locale":"en_US","og_type":"article","og_title":"PARAYS TAPPETO KARTELL &#8212; Casarredo.it","og_description":"PARAYS tappeti pensati per un living colorato e avvolgente, con un tessuto curly in perfetta armonia con i morbidi tessuti boucl\u00e9 o m\u00e9lange degli imbottiti. La fantasia \u00e8 giocata sul tratteggio nei toni del verde e del blu oppure in quelli pi\u00f9 caldi del rosa, del viola e del giallo.","og_url":"https:\/\/www.casarredo.it\/en\/prodotto\/parays-tappeto-kartell\/","og_site_name":"Casarredo.it","article_publisher":"https:\/\/www.facebook.com\/Casarredo-632870513490892","article_modified_time":"2025-05-06T14:38:45+00:00","og_image":[{"width":940,"height":1197,"url":"https:\/\/www.casarredo.it\/wp-content\/uploads\/2025\/01\/parays-giallo-viola.webp","type":"image\/webp"}],"twitter_card":"summary_large_image","twitter_misc":{"Est. reading time":"1 minute"},"schema":{"@context":"https:\/\/schema.org","@graph":[{"@type":"WebPage","@id":"https:\/\/www.casarredo.it\/en\/prodotto\/parays-tappeto-kartell\/","url":"https:\/\/www.casarredo.it\/en\/prodotto\/parays-tappeto-kartell\/","name":"PARAYS TAPPETO KARTELL &#8212; Casarredo.it","isPartOf":{"@id":"https:\/\/www.casarredo.it\/en\/#website"},"primaryImageOfPage":{"@id":"https:\/\/www.casarredo.it\/en\/prodotto\/parays-tappeto-kartell\/#primaryimage"},"image":{"@id":"https:\/\/www.casarredo.it\/en\/prodotto\/parays-tappeto-kartell\/#primaryimage"},"thumbnailUrl":"https:\/\/www.casarredo.it\/wp-content\/uploads\/2025\/01\/parays-giallo-viola.webp","datePublished":"2025-01-20T18:21:26+00:00","dateModified":"2025-05-06T14:38:45+00:00","description":"PARAYS tappeti pensati per un living colorato e avvolgente, con un tessuto curly in perfetta armonia con i morbidi tessuti boucl\u00e9 o m\u00e9lange degli imbottiti. La fantasia \u00e8 giocata sul tratteggio nei toni del verde e del blu oppure in quelli pi\u00f9 caldi del rosa, del viola e del giallo.","breadcrumb":{"@id":"https:\/\/www.casarredo.it\/en\/prodotto\/parays-tappeto-kartell\/#breadcrumb"},"inLanguage":"en-US","potentialAction":[{"@type":"ReadAction","target":["https:\/\/www.casarredo.it\/en\/prodotto\/parays-tappeto-kartell\/"]}]},{"@type":"ImageObject","inLanguage":"en-US","@id":"https:\/\/www.casarredo.it\/en\/prodotto\/parays-tappeto-kartell\/#primaryimage","url":"https:\/\/www.casarredo.it\/wp-content\/uploads\/2025\/01\/parays-giallo-viola.webp","contentUrl":"https:\/\/www.casarredo.it\/wp-content\/uploads\/2025\/01\/parays-giallo-viola.webp","width":940,"height":1197},{"@type":"BreadcrumbList","@id":"https:\/\/www.casarredo.it\/en\/prodotto\/parays-tappeto-kartell\/#breadcrumb","itemListElement":[{"@type":"ListItem","position":1,"name":"Home","item":"https:\/\/www.casarredo.it\/en\/"},{"@type":"ListItem","position":2,"name":"Shop online","item":"https:\/\/www.casarredo.it\/en\/shop\/"},{"@type":"ListItem","position":3,"name":"PARAYS TAPPETO KARTELL"}]},{"@type":"WebSite","@id":"https:\/\/www.casarredo.it\/en\/#website","url":"https:\/\/www.casarredo.it\/en\/","name":"Casarredo.it","description":"Design da vivere","publisher":{"@id":"https:\/\/www.casarredo.it\/en\/#organization"},"potentialAction":[{"@type":"SearchAction","target":{"@type":"EntryPoint","urlTemplate":"https:\/\/www.casarredo.it\/en\/?s={search_term_string}"},"query-input":{"@type":"PropertyValueSpecification","valueRequired":true,"valueName":"search_term_string"}}],"inLanguage":"en-US"},{"@type":"Organization","@id":"https:\/\/www.casarredo.it\/en\/#organization","name":"casarredo srl","url":"https:\/\/www.casarredo.it\/en\/","logo":{"@type":"ImageObject","inLanguage":"en-US","@id":"https:\/\/www.casarredo.it\/en\/#\/schema\/logo\/image\/","url":"https:\/\/www.casarredo.it\/wp-content\/uploads\/2018\/05\/vanity-scaled.jpg","contentUrl":"https:\/\/www.casarredo.it\/wp-content\/uploads\/2018\/05\/vanity-scaled.jpg","width":2560,"height":1848,"caption":"casarredo srl"},"image":{"@id":"https:\/\/www.casarredo.it\/en\/#\/schema\/logo\/image\/"},"sameAs":["https:\/\/www.facebook.com\/Casarredo-632870513490892","https:\/\/www.instagram.com\/casarredo_fano\/"]}]}},"_links":{"self":[{"href":"https:\/\/www.casarredo.it\/en\/wp-json\/wp\/v2\/product\/31155","targetHints":{"allow":["GET"]}}],"collection":[{"href":"https:\/\/www.casarredo.it\/en\/wp-json\/wp\/v2\/product"}],"about":[{"href":"https:\/\/www.casarredo.it\/en\/wp-json\/wp\/v2\/types\/product"}],"wp:featuredmedia":[{"embeddable":true,"href":"https:\/\/www.casarredo.it\/en\/wp-json\/wp\/v2\/media\/31160"}],"wp:attachment":[{"href":"https:\/\/www.casarredo.it\/en\/wp-json\/wp\/v2\/media?parent=31155"}],"wp:term":[{"taxonomy":"product_brand","embeddable":true,"href":"https:\/\/www.casarredo.it\/en\/wp-json\/wp\/v2\/product_brand?post=31155"},{"taxonomy":"product_cat","embeddable":true,"href":"https:\/\/www.casarredo.it\/en\/wp-json\/wp\/v2\/product_cat?post=31155"},{"taxonomy":"product_tag","embeddable":true,"href":"https:\/\/www.casarredo.it\/en\/wp-json\/wp\/v2\/product_tag?post=31155"}],"curies":[{"name":"wp","href":"https:\/\/api.w.org\/{rel}","templated":true}]}}