{"id":31048,"date":"2024-12-31T18:56:26","date_gmt":"2024-12-31T17:56:26","guid":{"rendered":"https:\/\/www.casarredo.it\/?post_type=product&#038;p=31048"},"modified":"2026-02-27T18:48:20","modified_gmt":"2026-02-27T17:48:20","slug":"chap-vitra","status":"publish","type":"product","link":"https:\/\/www.casarredo.it\/en\/prodotto\/chap-vitra\/","title":{"rendered":"CHAP VITRA"},"content":{"rendered":"<p><\/p>\n<h1>CHAP VITRA<\/h1>\n<p>Chap\u00a0 \u00e8 uno sgabello\/tavolino adattabile e versatile. La qualit\u00e0 del design risiede nell&#8217;aspetto generico e nell&#8217;universalit\u00e0 di impiego, motivo per cui non pu\u00f2 limitarsi a una funzione specifica.<\/p>\n<p>Disegnato da Konstantin Grcic nel 2021<\/p>\n<p>Dimensioni:<\/p>\n<p>cm. 43&#215;43 h.45,5<\/p>\n<p><\/p>\n","protected":false},"excerpt":{"rendered":"<p>Chap\u00a0 \u00e8 uno sgabello\/tavolino adattabile e versatile. La qualit\u00e0 del design risiede nell&#8217;aspetto generico e nell&#8217;universalit\u00e0 di impiego, motivo per cui non pu\u00f2 limitarsi a una funzione specifica.<\/p>\n<p>Disegnato da Konstantin Grcic nel 2021<\/p>\n","protected":false},"featured_media":31055,"template":"","meta":[],"product_brand":[],"product_cat":[568,813,737,707],"product_tag":[3628,2858,803,1360,708],"class_list":{"0":"post-31048","1":"product","2":"type-product","3":"status-publish","4":"has-post-thumbnail","6":"product_cat-como-e-comodini","7":"product_cat-sgabelli","8":"product_cat-tavoli-bassi","9":"product_cat-vitra","10":"product_tag-chap","11":"product_tag-konstantin-grcic","12":"product_tag-sgabello","13":"product_tag-tavolino","14":"product_tag-vitra","15":"product_shipping_class-standard","16":"pa_colore-blu-marino-re","17":"pa_colore-grigio-scuro","18":"pa_colore-mattone","19":"pa_colore-nero-intenso","21":"first","22":"onbackorder","23":"sale","24":"shipping-taxable","25":"purchasable","26":"product-type-variable","27":"add-to-wishlist-after_add_to_cart"},"yoast_head":"<!-- This site is optimized with the Yoast SEO plugin v27.4 - https:\/\/yoast.com\/product\/yoast-seo-wordpress\/ -->\n<title>CHAP VITRA &#8212; Casarredo.it<\/title>\n<meta name=\"description\" content=\"Chap \u00e8 adattabile e versatile. La qualit\u00e0 del design risiede nell&#039;aspetto generico e nell&#039;universalit\u00e0 di impiego, motivo per cui non pu\u00f2 limitarsi a una funzione specifica.\" \/>\n<meta name=\"robots\" content=\"index, follow, max-snippet:-1, max-image-preview:large, max-video-preview:-1\" \/>\n<link rel=\"canonical\" href=\"https:\/\/www.casarredo.it\/en\/prodotto\/chap-vitra\/\" \/>\n<meta property=\"og:locale\" content=\"en_US\" \/>\n<meta property=\"og:type\" content=\"article\" \/>\n<meta property=\"og:title\" content=\"CHAP VITRA &#8212; Casarredo.it\" \/>\n<meta property=\"og:description\" content=\"Chap \u00e8 adattabile e versatile. La qualit\u00e0 del design risiede nell&#039;aspetto generico e nell&#039;universalit\u00e0 di impiego, motivo per cui non pu\u00f2 limitarsi a una funzione specifica.\" \/>\n<meta property=\"og:url\" content=\"https:\/\/www.casarredo.it\/en\/prodotto\/chap-vitra\/\" \/>\n<meta property=\"og:site_name\" content=\"Casarredo.it\" \/>\n<meta property=\"article:publisher\" content=\"https:\/\/www.facebook.com\/Casarredo-632870513490892\" \/>\n<meta property=\"article:modified_time\" content=\"2026-02-27T17:48:20+00:00\" \/>\n<meta property=\"og:image\" content=\"https:\/\/www.casarredo.it\/wp-content\/uploads\/2024\/12\/chap-mattone.webp\" \/>\n\t<meta property=\"og:image:width\" content=\"640\" \/>\n\t<meta property=\"og:image:height\" content=\"640\" \/>\n\t<meta property=\"og:image:type\" content=\"image\/webp\" \/>\n<meta name=\"twitter:card\" content=\"summary_large_image\" \/>\n<meta name=\"twitter:label1\" content=\"Est. reading time\" \/>\n\t<meta name=\"twitter:data1\" content=\"1 minute\" \/>\n<script type=\"application\/ld+json\" class=\"yoast-schema-graph\">{\"@context\":\"https:\\\/\\\/schema.org\",\"@graph\":[{\"@type\":\"WebPage\",\"@id\":\"https:\\\/\\\/www.casarredo.it\\\/en\\\/prodotto\\\/chap-vitra\\\/\",\"url\":\"https:\\\/\\\/www.casarredo.it\\\/en\\\/prodotto\\\/chap-vitra\\\/\",\"name\":\"CHAP VITRA &#8212; Casarredo.it\",\"isPartOf\":{\"@id\":\"https:\\\/\\\/www.casarredo.it\\\/en\\\/#website\"},\"primaryImageOfPage\":{\"@id\":\"https:\\\/\\\/www.casarredo.it\\\/en\\\/prodotto\\\/chap-vitra\\\/#primaryimage\"},\"image\":{\"@id\":\"https:\\\/\\\/www.casarredo.it\\\/en\\\/prodotto\\\/chap-vitra\\\/#primaryimage\"},\"thumbnailUrl\":\"https:\\\/\\\/www.casarredo.it\\\/wp-content\\\/uploads\\\/2024\\\/12\\\/chap-mattone.webp\",\"datePublished\":\"2024-12-31T17:56:26+00:00\",\"dateModified\":\"2026-02-27T17:48:20+00:00\",\"description\":\"Chap \u00e8 adattabile e versatile. La qualit\u00e0 del design risiede nell'aspetto generico e nell'universalit\u00e0 di impiego, motivo per cui non pu\u00f2 limitarsi a una funzione specifica.\",\"breadcrumb\":{\"@id\":\"https:\\\/\\\/www.casarredo.it\\\/en\\\/prodotto\\\/chap-vitra\\\/#breadcrumb\"},\"inLanguage\":\"en-US\",\"potentialAction\":[{\"@type\":\"ReadAction\",\"target\":[\"https:\\\/\\\/www.casarredo.it\\\/en\\\/prodotto\\\/chap-vitra\\\/\"]}]},{\"@type\":\"ImageObject\",\"inLanguage\":\"en-US\",\"@id\":\"https:\\\/\\\/www.casarredo.it\\\/en\\\/prodotto\\\/chap-vitra\\\/#primaryimage\",\"url\":\"https:\\\/\\\/www.casarredo.it\\\/wp-content\\\/uploads\\\/2024\\\/12\\\/chap-mattone.webp\",\"contentUrl\":\"https:\\\/\\\/www.casarredo.it\\\/wp-content\\\/uploads\\\/2024\\\/12\\\/chap-mattone.webp\",\"width\":640,\"height\":640},{\"@type\":\"BreadcrumbList\",\"@id\":\"https:\\\/\\\/www.casarredo.it\\\/en\\\/prodotto\\\/chap-vitra\\\/#breadcrumb\",\"itemListElement\":[{\"@type\":\"ListItem\",\"position\":1,\"name\":\"Home\",\"item\":\"https:\\\/\\\/www.casarredo.it\\\/en\\\/\"},{\"@type\":\"ListItem\",\"position\":2,\"name\":\"Shop online\",\"item\":\"https:\\\/\\\/www.casarredo.it\\\/en\\\/shop\\\/\"},{\"@type\":\"ListItem\",\"position\":3,\"name\":\"CHAP VITRA\"}]},{\"@type\":\"WebSite\",\"@id\":\"https:\\\/\\\/www.casarredo.it\\\/en\\\/#website\",\"url\":\"https:\\\/\\\/www.casarredo.it\\\/en\\\/\",\"name\":\"Casarredo.it\",\"description\":\"Design da vivere\",\"publisher\":{\"@id\":\"https:\\\/\\\/www.casarredo.it\\\/en\\\/#organization\"},\"potentialAction\":[{\"@type\":\"SearchAction\",\"target\":{\"@type\":\"EntryPoint\",\"urlTemplate\":\"https:\\\/\\\/www.casarredo.it\\\/en\\\/?s={search_term_string}\"},\"query-input\":{\"@type\":\"PropertyValueSpecification\",\"valueRequired\":true,\"valueName\":\"search_term_string\"}}],\"inLanguage\":\"en-US\"},{\"@type\":\"Organization\",\"@id\":\"https:\\\/\\\/www.casarredo.it\\\/en\\\/#organization\",\"name\":\"casarredo srl\",\"url\":\"https:\\\/\\\/www.casarredo.it\\\/en\\\/\",\"logo\":{\"@type\":\"ImageObject\",\"inLanguage\":\"en-US\",\"@id\":\"https:\\\/\\\/www.casarredo.it\\\/en\\\/#\\\/schema\\\/logo\\\/image\\\/\",\"url\":\"https:\\\/\\\/www.casarredo.it\\\/wp-content\\\/uploads\\\/2018\\\/05\\\/vanity-scaled.jpg\",\"contentUrl\":\"https:\\\/\\\/www.casarredo.it\\\/wp-content\\\/uploads\\\/2018\\\/05\\\/vanity-scaled.jpg\",\"width\":2560,\"height\":1848,\"caption\":\"casarredo srl\"},\"image\":{\"@id\":\"https:\\\/\\\/www.casarredo.it\\\/en\\\/#\\\/schema\\\/logo\\\/image\\\/\"},\"sameAs\":[\"https:\\\/\\\/www.facebook.com\\\/Casarredo-632870513490892\",\"https:\\\/\\\/www.instagram.com\\\/casarredo_fano\\\/\"]}]}<\/script>\n<!-- \/ Yoast SEO plugin. -->","yoast_head_json":{"title":"CHAP VITRA &#8212; Casarredo.it","description":"Chap \u00e8 adattabile e versatile. La qualit\u00e0 del design risiede nell'aspetto generico e nell'universalit\u00e0 di impiego, motivo per cui non pu\u00f2 limitarsi a una funzione specifica.","robots":{"index":"index","follow":"follow","max-snippet":"max-snippet:-1","max-image-preview":"max-image-preview:large","max-video-preview":"max-video-preview:-1"},"canonical":"https:\/\/www.casarredo.it\/en\/prodotto\/chap-vitra\/","og_locale":"en_US","og_type":"article","og_title":"CHAP VITRA &#8212; Casarredo.it","og_description":"Chap \u00e8 adattabile e versatile. La qualit\u00e0 del design risiede nell'aspetto generico e nell'universalit\u00e0 di impiego, motivo per cui non pu\u00f2 limitarsi a una funzione specifica.","og_url":"https:\/\/www.casarredo.it\/en\/prodotto\/chap-vitra\/","og_site_name":"Casarredo.it","article_publisher":"https:\/\/www.facebook.com\/Casarredo-632870513490892","article_modified_time":"2026-02-27T17:48:20+00:00","og_image":[{"width":640,"height":640,"url":"https:\/\/www.casarredo.it\/wp-content\/uploads\/2024\/12\/chap-mattone.webp","type":"image\/webp"}],"twitter_card":"summary_large_image","twitter_misc":{"Est. reading time":"1 minute"},"schema":{"@context":"https:\/\/schema.org","@graph":[{"@type":"WebPage","@id":"https:\/\/www.casarredo.it\/en\/prodotto\/chap-vitra\/","url":"https:\/\/www.casarredo.it\/en\/prodotto\/chap-vitra\/","name":"CHAP VITRA &#8212; Casarredo.it","isPartOf":{"@id":"https:\/\/www.casarredo.it\/en\/#website"},"primaryImageOfPage":{"@id":"https:\/\/www.casarredo.it\/en\/prodotto\/chap-vitra\/#primaryimage"},"image":{"@id":"https:\/\/www.casarredo.it\/en\/prodotto\/chap-vitra\/#primaryimage"},"thumbnailUrl":"https:\/\/www.casarredo.it\/wp-content\/uploads\/2024\/12\/chap-mattone.webp","datePublished":"2024-12-31T17:56:26+00:00","dateModified":"2026-02-27T17:48:20+00:00","description":"Chap \u00e8 adattabile e versatile. La qualit\u00e0 del design risiede nell'aspetto generico e nell'universalit\u00e0 di impiego, motivo per cui non pu\u00f2 limitarsi a una funzione specifica.","breadcrumb":{"@id":"https:\/\/www.casarredo.it\/en\/prodotto\/chap-vitra\/#breadcrumb"},"inLanguage":"en-US","potentialAction":[{"@type":"ReadAction","target":["https:\/\/www.casarredo.it\/en\/prodotto\/chap-vitra\/"]}]},{"@type":"ImageObject","inLanguage":"en-US","@id":"https:\/\/www.casarredo.it\/en\/prodotto\/chap-vitra\/#primaryimage","url":"https:\/\/www.casarredo.it\/wp-content\/uploads\/2024\/12\/chap-mattone.webp","contentUrl":"https:\/\/www.casarredo.it\/wp-content\/uploads\/2024\/12\/chap-mattone.webp","width":640,"height":640},{"@type":"BreadcrumbList","@id":"https:\/\/www.casarredo.it\/en\/prodotto\/chap-vitra\/#breadcrumb","itemListElement":[{"@type":"ListItem","position":1,"name":"Home","item":"https:\/\/www.casarredo.it\/en\/"},{"@type":"ListItem","position":2,"name":"Shop online","item":"https:\/\/www.casarredo.it\/en\/shop\/"},{"@type":"ListItem","position":3,"name":"CHAP VITRA"}]},{"@type":"WebSite","@id":"https:\/\/www.casarredo.it\/en\/#website","url":"https:\/\/www.casarredo.it\/en\/","name":"Casarredo.it","description":"Design da vivere","publisher":{"@id":"https:\/\/www.casarredo.it\/en\/#organization"},"potentialAction":[{"@type":"SearchAction","target":{"@type":"EntryPoint","urlTemplate":"https:\/\/www.casarredo.it\/en\/?s={search_term_string}"},"query-input":{"@type":"PropertyValueSpecification","valueRequired":true,"valueName":"search_term_string"}}],"inLanguage":"en-US"},{"@type":"Organization","@id":"https:\/\/www.casarredo.it\/en\/#organization","name":"casarredo srl","url":"https:\/\/www.casarredo.it\/en\/","logo":{"@type":"ImageObject","inLanguage":"en-US","@id":"https:\/\/www.casarredo.it\/en\/#\/schema\/logo\/image\/","url":"https:\/\/www.casarredo.it\/wp-content\/uploads\/2018\/05\/vanity-scaled.jpg","contentUrl":"https:\/\/www.casarredo.it\/wp-content\/uploads\/2018\/05\/vanity-scaled.jpg","width":2560,"height":1848,"caption":"casarredo srl"},"image":{"@id":"https:\/\/www.casarredo.it\/en\/#\/schema\/logo\/image\/"},"sameAs":["https:\/\/www.facebook.com\/Casarredo-632870513490892","https:\/\/www.instagram.com\/casarredo_fano\/"]}]}},"_links":{"self":[{"href":"https:\/\/www.casarredo.it\/en\/wp-json\/wp\/v2\/product\/31048","targetHints":{"allow":["GET"]}}],"collection":[{"href":"https:\/\/www.casarredo.it\/en\/wp-json\/wp\/v2\/product"}],"about":[{"href":"https:\/\/www.casarredo.it\/en\/wp-json\/wp\/v2\/types\/product"}],"wp:featuredmedia":[{"embeddable":true,"href":"https:\/\/www.casarredo.it\/en\/wp-json\/wp\/v2\/media\/31055"}],"wp:attachment":[{"href":"https:\/\/www.casarredo.it\/en\/wp-json\/wp\/v2\/media?parent=31048"}],"wp:term":[{"taxonomy":"product_brand","embeddable":true,"href":"https:\/\/www.casarredo.it\/en\/wp-json\/wp\/v2\/product_brand?post=31048"},{"taxonomy":"product_cat","embeddable":true,"href":"https:\/\/www.casarredo.it\/en\/wp-json\/wp\/v2\/product_cat?post=31048"},{"taxonomy":"product_tag","embeddable":true,"href":"https:\/\/www.casarredo.it\/en\/wp-json\/wp\/v2\/product_tag?post=31048"}],"curies":[{"name":"wp","href":"https:\/\/api.w.org\/{rel}","templated":true}]}}