{"id":30771,"date":"2024-10-10T11:45:16","date_gmt":"2024-10-10T09:45:16","guid":{"rendered":"https:\/\/www.casarredo.it\/?post_type=product&#038;p=30771"},"modified":"2026-02-07T09:49:15","modified_gmt":"2026-02-07T08:49:15","slug":"ixa-tavolo-artemide","status":"publish","type":"product","link":"https:\/\/www.casarredo.it\/en\/prodotto\/ixa-tavolo-artemide\/","title":{"rendered":"IXA TAVOLO ARTEMIDE"},"content":{"rendered":"<p>&nbsp;<\/p>\n<article>IXA LAMPADA TAVOLO ARTEMIDE<\/article>\n<article><\/article>\n<article><span dir=\"ltr\" role=\"presentation\">IXA Tavolo LED Artemide, \u00e8 l\u2019espressione di un\u2019intelligenza funzionale, produttiva e\u00a0<\/span><span dir=\"ltr\" role=\"presentation\">sostenibile attraverso la riduzione e la semplificazione delle\u00a0<\/span><span dir=\"ltr\" role=\"presentation\">scelte. \u00c8 il risultato di un solido know-how progettuale.\u00a0<\/span><span dir=\"ltr\" role=\"presentation\"><a href=\"https:\/\/www.artemide.com\/it\/\">Artemide<\/a>\u00a0e Foster+Partners condividono un approccio\u00a0<\/span><span dir=\"ltr\" role=\"presentation\">profondo al design sostenibile, che permea lo sviluppo del\u00a0<\/span><span dir=\"ltr\" role=\"presentation\">prodotto in ogni fase e si impone come valore essenziale del\u00a0<\/span><span dir=\"ltr\" role=\"presentation\">progetto.\u00a0<\/span><span dir=\"ltr\" role=\"presentation\">La lampada IXA\u00a0<a href=\"https:\/\/www.prismalight.it\/category\/illuminazione-interni-lampade-lampadari\/lampade-per-interni-da-tavolo\/\">Tavolo<\/a>\u00a0LED Artemide ha un dinamismo intrinseco che le permette\u00a0<\/span><span dir=\"ltr\" role=\"presentation\">di abbracciare diverse tipologie di luce, dall\u2019illuminazione\u00a0<\/span><span dir=\"ltr\" role=\"presentation\">focalizzata alle composizioni decorative e d\u2019ambiente.\u00a0<\/span><span dir=\"ltr\" role=\"presentation\">Ispirato alle sculture di Alexander Calder, il design interpreta\u00a0<\/span><span dir=\"ltr\" role=\"presentation\">l\u2019idea di \u201cequilibrio elegante\u201d attraverso una progettazione di\u00a0<\/span><span dir=\"ltr\" role=\"presentation\">precisione.\u00a0<\/span><span dir=\"ltr\" role=\"presentation\">Le versioni pi\u00f9 semplici, come i modelli da tavolo, si basano\u00a0<\/span><span dir=\"ltr\" role=\"presentation\">esclusivamente sulla rotazione della testa montata su una\u00a0<\/span><span dir=\"ltr\" role=\"presentation\">struttura fissa. Questa soluzione viene poi applicata a modelli\u00a0<\/span><span dir=\"ltr\" role=\"presentation\">con crescente complessit\u00e0 di movimento fino a soluzioni,\u00a0<\/span><span dir=\"ltr\" role=\"presentation\">come il modello da terra, che combinano contrappesi sferici e<\/span><\/article>\n<article><span dir=\"ltr\" role=\"presentation\">molteplici punti di rotazione e inclinazione per la massima\u00a0<\/span><span dir=\"ltr\" role=\"presentation\">libert\u00e0 e fluidit\u00e0 di movimento della luce nello spazio.<\/span><\/article>\n<article><\/article>\n<article><span dir=\"ltr\" role=\"presentation\">Flessibilit\u00e0 e funzionalit\u00e0, qualit\u00e0 e dinamicit\u00e0 della luce, linee\u00a0<\/span><span dir=\"ltr\" role=\"presentation\">minimali e morbide, con un look classico e semplice, fanno di\u00a0<\/span><span dir=\"ltr\" role=\"presentation\">Ixa un progetto senza tempo. Pu\u00f2 essere reinterpretato in\u00a0<\/span><span dir=\"ltr\" role=\"presentation\">innumerevoli situazioni per una lunga durata, la base di un\u00a0<\/span><span dir=\"ltr\" role=\"presentation\">progetto sostenibile.<\/span><\/article>\n<article><\/article>\n<article><\/article>\n<article><\/article>\n<article>Designers\u00a0<strong>Foster + Partners<\/strong>: \u00e8 uno studio internazionale di architettura, ingegneria e design, guidato dal Fondatore e Presidente Norman Foster e da un Consiglio di Amministrazione. Fondato nel 1967, lo studio si caratterizza per il suo approccio integrato alla progettazione, che riunisce la profondit\u00e0 delle risorse necessarie per affrontare alcuni dei progetti pi\u00f9 complessi al mondo.Hanno sempre avuto un forte interesse nella realizzazione delle cose come parte integrante del processo di progettazione, radicato in quello che ritengono sia il dovere di progettare bene e responsabilmente, sia che si tratti della scala di un aeroporto che della maniglia di una porta. Lo studio non ha mai operato una distinzione tra architettura e design industriale. Il punto di contatto, la cosa che si tocca, \u00e8 importante quanto la visione pi\u00f9 ampia.<\/article>\n<p><\/p>\n","protected":false},"excerpt":{"rendered":"<article><span dir=\"ltr\" role=\"presentation\">IXA Tavolo LED Artemide, \u00e8 l\u2019espressione di un\u2019intelligenza funzionale, produttiva e\u00a0<\/span><span dir=\"ltr\" role=\"presentation\">sostenibile attraverso la riduzione e la semplificazione delle\u00a0<\/span><span dir=\"ltr\" role=\"presentation\">scelte. \u00c8 il risultato di un solido know-how progettuale.\u00a0<\/span><span dir=\"ltr\" role=\"presentation\"><a href=\"https:\/\/www.artemide.com\/it\/\">Artemide<\/a>\u00a0e Foster+Partners condividono un approccio\u00a0<\/span><span dir=\"ltr\" role=\"presentation\">profondo al design sostenibile, che permea lo sviluppo del\u00a0<\/span><span dir=\"ltr\" role=\"presentation\">prodotto in ogni fase e si impone come valore essenziale del\u00a0<\/span><span dir=\"ltr\" role=\"presentation\">progetto.\u00a0<\/span><span dir=\"ltr\" role=\"presentation\">La lampada IXA\u00a0<a href=\"https:\/\/www.prismalight.it\/category\/illuminazione-interni-lampade-lampadari\/lampade-per-interni-da-tavolo\/\">Tavolo<\/a>\u00a0LED Artemide ha un dinamismo intrinseco che le permette\u00a0<\/span><span dir=\"ltr\" role=\"presentation\">di abbracciare diverse tipologie di luce, dall\u2019illuminazione\u00a0<\/span><span dir=\"ltr\" role=\"presentation\">focalizzata alle composizioni decorative e d\u2019ambiente.\u00a0<\/span><span dir=\"ltr\" role=\"presentation\">Ispirato alle sculture di Alexander Calder, il design interpreta\u00a0<\/span><span dir=\"ltr\" role=\"presentation\">l\u2019idea di \u201cequilibrio elegante\u201d attraverso una progettazione di\u00a0<\/span><span dir=\"ltr\" role=\"presentation\">precisione.\u00a0<\/span><span dir=\"ltr\" role=\"presentation\">Le versioni pi\u00f9 semplici, come i modelli da tavolo, si basano\u00a0<\/span><span dir=\"ltr\" role=\"presentation\">esclusivamente sulla rotazione della testa montata su una\u00a0<\/span><span dir=\"ltr\" role=\"presentation\">struttura fissa. Questa soluzione viene poi applicata a modelli\u00a0<\/span><span dir=\"ltr\" role=\"presentation\">con crescente complessit\u00e0 di movimento fino a soluzioni,\u00a0<\/span><span dir=\"ltr\" role=\"presentation\">come il modello da terra, che combinano contrappesi sferici e<\/span><\/article>\n<article><span dir=\"ltr\" role=\"presentation\">molteplici punti di rotazione e inclinazione per la massima\u00a0<\/span><span dir=\"ltr\" role=\"presentation\">libert\u00e0 e fluidit\u00e0 di movimento della luce nello spazio.<\/span><\/article>\n<article><\/article>\n<article><span dir=\"ltr\" role=\"presentation\">Flessibilit\u00e0 e funzionalit\u00e0, qualit\u00e0 e dinamicit\u00e0 della luce, linee\u00a0<\/span><span dir=\"ltr\" role=\"presentation\">minimali e morbide, con un look classico e semplice, fanno di\u00a0<\/span><span dir=\"ltr\" role=\"presentation\">Ixa un progetto senza tempo. Pu\u00f2 essere reinterpretato in\u00a0<\/span><span dir=\"ltr\" role=\"presentation\">innumerevoli situazioni per una lunga durata, la base di un\u00a0<\/span><span dir=\"ltr\" role=\"presentation\">progetto sostenibile.<\/span><\/article>\n<article><\/article>\n<article><\/article>\n<article><\/article>\n<article>Designers\u00a0<strong>Foster + Partners<\/strong>: \u00e8 uno studio internazionale di architettura, ingegneria e design, guidato dal Fondatore e Presidente Norman Foster e da un Consiglio di Amministrazione. Fondato nel 1967, lo studio si caratterizza per il suo approccio integrato alla progettazione, che riunisce la profondit\u00e0 delle risorse necessarie per affrontare alcuni dei progetti pi\u00f9 complessi al mondo.Hanno sempre avuto un forte interesse nella realizzazione delle cose come parte integrante del processo di progettazione, radicato in quello che ritengono sia il dovere di progettare bene e responsabilmente, sia che si tratti della scala di un aeroporto che della maniglia di una porta. Lo studio non ha mai operato una distinzione tra architettura e design industriale. Il punto di contatto, la cosa che si tocca, \u00e8 importante quanto la visione pi\u00f9 ampia.<\/article>\n","protected":false},"featured_media":30774,"template":"","meta":[],"product_brand":[],"product_cat":[402,399,403],"product_tag":[],"class_list":{"0":"post-30771","1":"product","2":"type-product","3":"status-publish","4":"has-post-thumbnail","6":"product_cat-artemide","7":"product_cat-lampada-da-tavolo","8":"product_cat-lampada","9":"product_shipping_class-standard","10":"pa_colore-antracite","11":"pa_colore-bianco-grigio","12":"pa_colore-blu","13":"pa_colore-giallo","14":"pa_colore-rosso","16":"first","17":"onbackorder","18":"sale","19":"featured","20":"shipping-taxable","21":"purchasable","22":"product-type-variable","23":"add-to-wishlist-after_add_to_cart"},"yoast_head":"<!-- This site is optimized with the Yoast SEO plugin v27.4 - https:\/\/yoast.com\/product\/yoast-seo-wordpress\/ -->\n<title>IXA TAVOLO ARTEMIDE &#8212; Casarredo.it<\/title>\n<meta name=\"description\" content=\"IXA Tavolo LED Artemide, \u00e8 l\u2019espressione di un\u2019intelligenza funzionale, produttiva e\u00a0sostenibile attraverso la riduzione e la semplificazione delle\u00a0scelte. \u00c8 il risultato di un solido know-how progettuale.\u00a0\" \/>\n<meta name=\"robots\" content=\"index, follow, max-snippet:-1, max-image-preview:large, max-video-preview:-1\" \/>\n<link rel=\"canonical\" href=\"https:\/\/www.casarredo.it\/en\/prodotto\/ixa-tavolo-artemide\/\" \/>\n<meta property=\"og:locale\" content=\"en_US\" \/>\n<meta property=\"og:type\" content=\"article\" \/>\n<meta property=\"og:title\" content=\"IXA TAVOLO ARTEMIDE &#8212; Casarredo.it\" \/>\n<meta property=\"og:description\" content=\"IXA Tavolo LED Artemide, \u00e8 l\u2019espressione di un\u2019intelligenza funzionale, produttiva e\u00a0sostenibile attraverso la riduzione e la semplificazione delle\u00a0scelte. \u00c8 il risultato di un solido know-how progettuale.\u00a0\" \/>\n<meta property=\"og:url\" content=\"https:\/\/www.casarredo.it\/en\/prodotto\/ixa-tavolo-artemide\/\" \/>\n<meta property=\"og:site_name\" content=\"Casarredo.it\" \/>\n<meta property=\"article:publisher\" content=\"https:\/\/www.facebook.com\/Casarredo-632870513490892\" \/>\n<meta property=\"article:modified_time\" content=\"2026-02-07T08:49:15+00:00\" \/>\n<meta property=\"og:image\" content=\"https:\/\/www.casarredo.it\/wp-content\/uploads\/2024\/10\/ixa-nera.webp\" \/>\n\t<meta property=\"og:image:width\" content=\"600\" \/>\n\t<meta property=\"og:image:height\" content=\"600\" \/>\n\t<meta property=\"og:image:type\" content=\"image\/webp\" \/>\n<meta name=\"twitter:card\" content=\"summary_large_image\" \/>\n<meta name=\"twitter:label1\" content=\"Est. reading time\" \/>\n\t<meta name=\"twitter:data1\" content=\"2 minutes\" \/>\n<script type=\"application\/ld+json\" class=\"yoast-schema-graph\">{\"@context\":\"https:\\\/\\\/schema.org\",\"@graph\":[{\"@type\":\"WebPage\",\"@id\":\"https:\\\/\\\/www.casarredo.it\\\/en\\\/prodotto\\\/ixa-tavolo-artemide\\\/\",\"url\":\"https:\\\/\\\/www.casarredo.it\\\/en\\\/prodotto\\\/ixa-tavolo-artemide\\\/\",\"name\":\"IXA TAVOLO ARTEMIDE &#8212; Casarredo.it\",\"isPartOf\":{\"@id\":\"https:\\\/\\\/www.casarredo.it\\\/en\\\/#website\"},\"primaryImageOfPage\":{\"@id\":\"https:\\\/\\\/www.casarredo.it\\\/en\\\/prodotto\\\/ixa-tavolo-artemide\\\/#primaryimage\"},\"image\":{\"@id\":\"https:\\\/\\\/www.casarredo.it\\\/en\\\/prodotto\\\/ixa-tavolo-artemide\\\/#primaryimage\"},\"thumbnailUrl\":\"https:\\\/\\\/www.casarredo.it\\\/wp-content\\\/uploads\\\/2024\\\/10\\\/ixa-nera.webp\",\"datePublished\":\"2024-10-10T09:45:16+00:00\",\"dateModified\":\"2026-02-07T08:49:15+00:00\",\"description\":\"IXA Tavolo LED Artemide, \u00e8 l\u2019espressione di un\u2019intelligenza funzionale, produttiva e\u00a0sostenibile attraverso la riduzione e la semplificazione delle\u00a0scelte. \u00c8 il risultato di un solido know-how progettuale.\u00a0\",\"breadcrumb\":{\"@id\":\"https:\\\/\\\/www.casarredo.it\\\/en\\\/prodotto\\\/ixa-tavolo-artemide\\\/#breadcrumb\"},\"inLanguage\":\"en-US\",\"potentialAction\":[{\"@type\":\"ReadAction\",\"target\":[\"https:\\\/\\\/www.casarredo.it\\\/en\\\/prodotto\\\/ixa-tavolo-artemide\\\/\"]}]},{\"@type\":\"ImageObject\",\"inLanguage\":\"en-US\",\"@id\":\"https:\\\/\\\/www.casarredo.it\\\/en\\\/prodotto\\\/ixa-tavolo-artemide\\\/#primaryimage\",\"url\":\"https:\\\/\\\/www.casarredo.it\\\/wp-content\\\/uploads\\\/2024\\\/10\\\/ixa-nera.webp\",\"contentUrl\":\"https:\\\/\\\/www.casarredo.it\\\/wp-content\\\/uploads\\\/2024\\\/10\\\/ixa-nera.webp\",\"width\":600,\"height\":600},{\"@type\":\"BreadcrumbList\",\"@id\":\"https:\\\/\\\/www.casarredo.it\\\/en\\\/prodotto\\\/ixa-tavolo-artemide\\\/#breadcrumb\",\"itemListElement\":[{\"@type\":\"ListItem\",\"position\":1,\"name\":\"Home\",\"item\":\"https:\\\/\\\/www.casarredo.it\\\/en\\\/\"},{\"@type\":\"ListItem\",\"position\":2,\"name\":\"Shop online\",\"item\":\"https:\\\/\\\/www.casarredo.it\\\/en\\\/shop\\\/\"},{\"@type\":\"ListItem\",\"position\":3,\"name\":\"IXA TAVOLO ARTEMIDE\"}]},{\"@type\":\"WebSite\",\"@id\":\"https:\\\/\\\/www.casarredo.it\\\/en\\\/#website\",\"url\":\"https:\\\/\\\/www.casarredo.it\\\/en\\\/\",\"name\":\"Casarredo.it\",\"description\":\"Design da vivere\",\"publisher\":{\"@id\":\"https:\\\/\\\/www.casarredo.it\\\/en\\\/#organization\"},\"potentialAction\":[{\"@type\":\"SearchAction\",\"target\":{\"@type\":\"EntryPoint\",\"urlTemplate\":\"https:\\\/\\\/www.casarredo.it\\\/en\\\/?s={search_term_string}\"},\"query-input\":{\"@type\":\"PropertyValueSpecification\",\"valueRequired\":true,\"valueName\":\"search_term_string\"}}],\"inLanguage\":\"en-US\"},{\"@type\":\"Organization\",\"@id\":\"https:\\\/\\\/www.casarredo.it\\\/en\\\/#organization\",\"name\":\"casarredo srl\",\"url\":\"https:\\\/\\\/www.casarredo.it\\\/en\\\/\",\"logo\":{\"@type\":\"ImageObject\",\"inLanguage\":\"en-US\",\"@id\":\"https:\\\/\\\/www.casarredo.it\\\/en\\\/#\\\/schema\\\/logo\\\/image\\\/\",\"url\":\"https:\\\/\\\/www.casarredo.it\\\/wp-content\\\/uploads\\\/2018\\\/05\\\/vanity-scaled.jpg\",\"contentUrl\":\"https:\\\/\\\/www.casarredo.it\\\/wp-content\\\/uploads\\\/2018\\\/05\\\/vanity-scaled.jpg\",\"width\":2560,\"height\":1848,\"caption\":\"casarredo srl\"},\"image\":{\"@id\":\"https:\\\/\\\/www.casarredo.it\\\/en\\\/#\\\/schema\\\/logo\\\/image\\\/\"},\"sameAs\":[\"https:\\\/\\\/www.facebook.com\\\/Casarredo-632870513490892\",\"https:\\\/\\\/www.instagram.com\\\/casarredo_fano\\\/\"]}]}<\/script>\n<!-- \/ Yoast SEO plugin. -->","yoast_head_json":{"title":"IXA TAVOLO ARTEMIDE &#8212; Casarredo.it","description":"IXA Tavolo LED Artemide, \u00e8 l\u2019espressione di un\u2019intelligenza funzionale, produttiva e\u00a0sostenibile attraverso la riduzione e la semplificazione delle\u00a0scelte. \u00c8 il risultato di un solido know-how progettuale.\u00a0","robots":{"index":"index","follow":"follow","max-snippet":"max-snippet:-1","max-image-preview":"max-image-preview:large","max-video-preview":"max-video-preview:-1"},"canonical":"https:\/\/www.casarredo.it\/en\/prodotto\/ixa-tavolo-artemide\/","og_locale":"en_US","og_type":"article","og_title":"IXA TAVOLO ARTEMIDE &#8212; Casarredo.it","og_description":"IXA Tavolo LED Artemide, \u00e8 l\u2019espressione di un\u2019intelligenza funzionale, produttiva e\u00a0sostenibile attraverso la riduzione e la semplificazione delle\u00a0scelte. \u00c8 il risultato di un solido know-how progettuale.\u00a0","og_url":"https:\/\/www.casarredo.it\/en\/prodotto\/ixa-tavolo-artemide\/","og_site_name":"Casarredo.it","article_publisher":"https:\/\/www.facebook.com\/Casarredo-632870513490892","article_modified_time":"2026-02-07T08:49:15+00:00","og_image":[{"width":600,"height":600,"url":"https:\/\/www.casarredo.it\/wp-content\/uploads\/2024\/10\/ixa-nera.webp","type":"image\/webp"}],"twitter_card":"summary_large_image","twitter_misc":{"Est. reading time":"2 minutes"},"schema":{"@context":"https:\/\/schema.org","@graph":[{"@type":"WebPage","@id":"https:\/\/www.casarredo.it\/en\/prodotto\/ixa-tavolo-artemide\/","url":"https:\/\/www.casarredo.it\/en\/prodotto\/ixa-tavolo-artemide\/","name":"IXA TAVOLO ARTEMIDE &#8212; Casarredo.it","isPartOf":{"@id":"https:\/\/www.casarredo.it\/en\/#website"},"primaryImageOfPage":{"@id":"https:\/\/www.casarredo.it\/en\/prodotto\/ixa-tavolo-artemide\/#primaryimage"},"image":{"@id":"https:\/\/www.casarredo.it\/en\/prodotto\/ixa-tavolo-artemide\/#primaryimage"},"thumbnailUrl":"https:\/\/www.casarredo.it\/wp-content\/uploads\/2024\/10\/ixa-nera.webp","datePublished":"2024-10-10T09:45:16+00:00","dateModified":"2026-02-07T08:49:15+00:00","description":"IXA Tavolo LED Artemide, \u00e8 l\u2019espressione di un\u2019intelligenza funzionale, produttiva e\u00a0sostenibile attraverso la riduzione e la semplificazione delle\u00a0scelte. \u00c8 il risultato di un solido know-how progettuale.\u00a0","breadcrumb":{"@id":"https:\/\/www.casarredo.it\/en\/prodotto\/ixa-tavolo-artemide\/#breadcrumb"},"inLanguage":"en-US","potentialAction":[{"@type":"ReadAction","target":["https:\/\/www.casarredo.it\/en\/prodotto\/ixa-tavolo-artemide\/"]}]},{"@type":"ImageObject","inLanguage":"en-US","@id":"https:\/\/www.casarredo.it\/en\/prodotto\/ixa-tavolo-artemide\/#primaryimage","url":"https:\/\/www.casarredo.it\/wp-content\/uploads\/2024\/10\/ixa-nera.webp","contentUrl":"https:\/\/www.casarredo.it\/wp-content\/uploads\/2024\/10\/ixa-nera.webp","width":600,"height":600},{"@type":"BreadcrumbList","@id":"https:\/\/www.casarredo.it\/en\/prodotto\/ixa-tavolo-artemide\/#breadcrumb","itemListElement":[{"@type":"ListItem","position":1,"name":"Home","item":"https:\/\/www.casarredo.it\/en\/"},{"@type":"ListItem","position":2,"name":"Shop online","item":"https:\/\/www.casarredo.it\/en\/shop\/"},{"@type":"ListItem","position":3,"name":"IXA TAVOLO ARTEMIDE"}]},{"@type":"WebSite","@id":"https:\/\/www.casarredo.it\/en\/#website","url":"https:\/\/www.casarredo.it\/en\/","name":"Casarredo.it","description":"Design da vivere","publisher":{"@id":"https:\/\/www.casarredo.it\/en\/#organization"},"potentialAction":[{"@type":"SearchAction","target":{"@type":"EntryPoint","urlTemplate":"https:\/\/www.casarredo.it\/en\/?s={search_term_string}"},"query-input":{"@type":"PropertyValueSpecification","valueRequired":true,"valueName":"search_term_string"}}],"inLanguage":"en-US"},{"@type":"Organization","@id":"https:\/\/www.casarredo.it\/en\/#organization","name":"casarredo srl","url":"https:\/\/www.casarredo.it\/en\/","logo":{"@type":"ImageObject","inLanguage":"en-US","@id":"https:\/\/www.casarredo.it\/en\/#\/schema\/logo\/image\/","url":"https:\/\/www.casarredo.it\/wp-content\/uploads\/2018\/05\/vanity-scaled.jpg","contentUrl":"https:\/\/www.casarredo.it\/wp-content\/uploads\/2018\/05\/vanity-scaled.jpg","width":2560,"height":1848,"caption":"casarredo srl"},"image":{"@id":"https:\/\/www.casarredo.it\/en\/#\/schema\/logo\/image\/"},"sameAs":["https:\/\/www.facebook.com\/Casarredo-632870513490892","https:\/\/www.instagram.com\/casarredo_fano\/"]}]}},"_links":{"self":[{"href":"https:\/\/www.casarredo.it\/en\/wp-json\/wp\/v2\/product\/30771","targetHints":{"allow":["GET"]}}],"collection":[{"href":"https:\/\/www.casarredo.it\/en\/wp-json\/wp\/v2\/product"}],"about":[{"href":"https:\/\/www.casarredo.it\/en\/wp-json\/wp\/v2\/types\/product"}],"wp:featuredmedia":[{"embeddable":true,"href":"https:\/\/www.casarredo.it\/en\/wp-json\/wp\/v2\/media\/30774"}],"wp:attachment":[{"href":"https:\/\/www.casarredo.it\/en\/wp-json\/wp\/v2\/media?parent=30771"}],"wp:term":[{"taxonomy":"product_brand","embeddable":true,"href":"https:\/\/www.casarredo.it\/en\/wp-json\/wp\/v2\/product_brand?post=30771"},{"taxonomy":"product_cat","embeddable":true,"href":"https:\/\/www.casarredo.it\/en\/wp-json\/wp\/v2\/product_cat?post=30771"},{"taxonomy":"product_tag","embeddable":true,"href":"https:\/\/www.casarredo.it\/en\/wp-json\/wp\/v2\/product_tag?post=30771"}],"curies":[{"name":"wp","href":"https:\/\/api.w.org\/{rel}","templated":true}]}}