{"id":30698,"date":"2024-09-11T18:25:53","date_gmt":"2024-09-11T16:25:53","guid":{"rendered":"https:\/\/www.casarredo.it\/?post_type=product&#038;p=30698"},"modified":"2025-11-03T19:48:53","modified_gmt":"2025-11-03T18:48:53","slug":"planet-plafone-kartell","status":"publish","type":"product","link":"https:\/\/www.casarredo.it\/en\/prodotto\/planet-plafone-kartell\/","title":{"rendered":"PLANET PLAFONE KARTELL"},"content":{"rendered":"<h1>PLANET PLAFONE KARTELL<\/h1>\n<p>Planet plafone. Una famiglia completa di lampade: a sospensione, da tavolo bassa e con struttura in metallo, da terra e la pi\u00f9 recente versione a plafone. La particolarit\u00e0 \u00e8 data dalla forma leggermente ovoidale del diffusore trasparente, caratterizzato da una superficie sfaccettata sia nella parte interna sia esterna che crea un ricco gioco di riflessi.<\/p>\n<p>Design\u00a0 Tokujin Yoshioka<\/p>\n<p>Disponibile nei colori:<\/p>\n<p>B4 Trasparente<\/p>\n<p>Fu Fum\u00e8<\/p>\n<p>GI ambra<\/p>\n<p>Dimensioni :<\/p>\n<p>diametro cm. 31<\/p>\n<p>altezza cm. 29<\/p>\n","protected":false},"excerpt":{"rendered":"<p>Planet plafone. Una famiglia completa di lampade: a sospensione, da tavolo bassa e con struttura in metallo, da terra e la pi\u00f9 recente versione a plafone. La particolarit\u00e0 \u00e8 data dalla forma leggermente ovoidale del diffusore trasparente, caratterizzato da una superficie sfaccettata sia nella parte interna sia esterna che crea un ricco gioco di riflessi.<\/p>\n<p>Disponibile nei colori:<\/p>\n<p>B4 Trasparente<\/p>\n<p>Fu Fum\u00e8<\/p>\n<p>Am ambra<\/p>\n<p>Dimensioni :<\/p>\n<p>diametro cm. 31<\/p>\n<p>altezza cm. 29<\/p>\n","protected":false},"featured_media":30689,"template":"","meta":[],"product_brand":[],"product_cat":[356,403],"product_tag":[358,1281,3559,1320],"class_list":{"0":"post-30698","1":"product","2":"type-product","3":"status-publish","4":"has-post-thumbnail","6":"product_cat-kartell","7":"product_cat-lampada","8":"product_tag-kartell","9":"product_tag-lampada","10":"product_tag-planet-plafone","11":"product_tag-tokujin-yoshioka","12":"pa_colore-b4-cristallo","13":"pa_colore-fu-fume","14":"pa_colore-gi-ambra","16":"first","17":"instock","18":"sale","19":"shipping-taxable","20":"purchasable","21":"product-type-simple","22":"add-to-wishlist-after_add_to_cart"},"yoast_head":"<!-- This site is optimized with the Yoast SEO plugin v27.4 - https:\/\/yoast.com\/product\/yoast-seo-wordpress\/ -->\n<title>PLANET PLAFONE KARTELL &#8212; Casarredo.it<\/title>\n<meta name=\"description\" content=\"Planet plafone. Una famiglia completa di lampade: a sospensione, da tavolo bassa e con struttura in metallo, da terra e la pi\u00f9 recente versione a plafone. La particolarit\u00e0 \u00e8 data dalla forma leggermente ovoidale del diffusore trasparente, caratterizzato da una superficie sfaccettata sia nella parte interna sia esterna che crea un ricco gioco di riflessi. Disponibile nei colori:\u00a0B4 Trasparente Fu Fum\u00e8 Gi ambra\" \/>\n<meta name=\"robots\" content=\"index, follow, max-snippet:-1, max-image-preview:large, max-video-preview:-1\" \/>\n<link rel=\"canonical\" href=\"https:\/\/www.casarredo.it\/en\/prodotto\/planet-plafone-kartell\/\" \/>\n<meta property=\"og:locale\" content=\"en_US\" \/>\n<meta property=\"og:type\" content=\"article\" \/>\n<meta property=\"og:title\" content=\"PLANET PLAFONE KARTELL &#8212; Casarredo.it\" \/>\n<meta property=\"og:description\" content=\"Planet plafone. Una famiglia completa di lampade: a sospensione, da tavolo bassa e con struttura in metallo, da terra e la pi\u00f9 recente versione a plafone. La particolarit\u00e0 \u00e8 data dalla forma leggermente ovoidale del diffusore trasparente, caratterizzato da una superficie sfaccettata sia nella parte interna sia esterna che crea un ricco gioco di riflessi. Disponibile nei colori:\u00a0B4 Trasparente Fu Fum\u00e8 Gi ambra\" \/>\n<meta property=\"og:url\" content=\"https:\/\/www.casarredo.it\/en\/prodotto\/planet-plafone-kartell\/\" \/>\n<meta property=\"og:site_name\" content=\"Casarredo.it\" \/>\n<meta property=\"article:publisher\" content=\"https:\/\/www.facebook.com\/Casarredo-632870513490892\" \/>\n<meta property=\"article:modified_time\" content=\"2025-11-03T18:48:53+00:00\" \/>\n<meta property=\"og:image\" content=\"https:\/\/www.casarredo.it\/wp-content\/uploads\/2024\/09\/planet-plafone-2.webp\" \/>\n\t<meta property=\"og:image:width\" content=\"940\" \/>\n\t<meta property=\"og:image:height\" content=\"1197\" \/>\n\t<meta property=\"og:image:type\" content=\"image\/webp\" \/>\n<meta name=\"twitter:card\" content=\"summary_large_image\" \/>\n<meta name=\"twitter:label1\" content=\"Est. reading time\" \/>\n\t<meta name=\"twitter:data1\" content=\"1 minute\" \/>\n<script type=\"application\/ld+json\" class=\"yoast-schema-graph\">{\"@context\":\"https:\\\/\\\/schema.org\",\"@graph\":[{\"@type\":\"WebPage\",\"@id\":\"https:\\\/\\\/www.casarredo.it\\\/en\\\/prodotto\\\/planet-plafone-kartell\\\/\",\"url\":\"https:\\\/\\\/www.casarredo.it\\\/en\\\/prodotto\\\/planet-plafone-kartell\\\/\",\"name\":\"PLANET PLAFONE KARTELL &#8212; Casarredo.it\",\"isPartOf\":{\"@id\":\"https:\\\/\\\/www.casarredo.it\\\/en\\\/#website\"},\"primaryImageOfPage\":{\"@id\":\"https:\\\/\\\/www.casarredo.it\\\/en\\\/prodotto\\\/planet-plafone-kartell\\\/#primaryimage\"},\"image\":{\"@id\":\"https:\\\/\\\/www.casarredo.it\\\/en\\\/prodotto\\\/planet-plafone-kartell\\\/#primaryimage\"},\"thumbnailUrl\":\"https:\\\/\\\/www.casarredo.it\\\/wp-content\\\/uploads\\\/2024\\\/09\\\/planet-plafone-2.webp\",\"datePublished\":\"2024-09-11T16:25:53+00:00\",\"dateModified\":\"2025-11-03T18:48:53+00:00\",\"description\":\"Planet plafone. Una famiglia completa di lampade: a sospensione, da tavolo bassa e con struttura in metallo, da terra e la pi\u00f9 recente versione a plafone. La particolarit\u00e0 \u00e8 data dalla forma leggermente ovoidale del diffusore trasparente, caratterizzato da una superficie sfaccettata sia nella parte interna sia esterna che crea un ricco gioco di riflessi. Disponibile nei colori:\u00a0B4 Trasparente Fu Fum\u00e8 Gi ambra\",\"breadcrumb\":{\"@id\":\"https:\\\/\\\/www.casarredo.it\\\/en\\\/prodotto\\\/planet-plafone-kartell\\\/#breadcrumb\"},\"inLanguage\":\"en-US\",\"potentialAction\":[{\"@type\":\"ReadAction\",\"target\":[\"https:\\\/\\\/www.casarredo.it\\\/en\\\/prodotto\\\/planet-plafone-kartell\\\/\"]}]},{\"@type\":\"ImageObject\",\"inLanguage\":\"en-US\",\"@id\":\"https:\\\/\\\/www.casarredo.it\\\/en\\\/prodotto\\\/planet-plafone-kartell\\\/#primaryimage\",\"url\":\"https:\\\/\\\/www.casarredo.it\\\/wp-content\\\/uploads\\\/2024\\\/09\\\/planet-plafone-2.webp\",\"contentUrl\":\"https:\\\/\\\/www.casarredo.it\\\/wp-content\\\/uploads\\\/2024\\\/09\\\/planet-plafone-2.webp\",\"width\":940,\"height\":1197},{\"@type\":\"BreadcrumbList\",\"@id\":\"https:\\\/\\\/www.casarredo.it\\\/en\\\/prodotto\\\/planet-plafone-kartell\\\/#breadcrumb\",\"itemListElement\":[{\"@type\":\"ListItem\",\"position\":1,\"name\":\"Home\",\"item\":\"https:\\\/\\\/www.casarredo.it\\\/en\\\/\"},{\"@type\":\"ListItem\",\"position\":2,\"name\":\"Shop online\",\"item\":\"https:\\\/\\\/www.casarredo.it\\\/en\\\/shop\\\/\"},{\"@type\":\"ListItem\",\"position\":3,\"name\":\"PLANET PLAFONE KARTELL\"}]},{\"@type\":\"WebSite\",\"@id\":\"https:\\\/\\\/www.casarredo.it\\\/en\\\/#website\",\"url\":\"https:\\\/\\\/www.casarredo.it\\\/en\\\/\",\"name\":\"Casarredo.it\",\"description\":\"Design da vivere\",\"publisher\":{\"@id\":\"https:\\\/\\\/www.casarredo.it\\\/en\\\/#organization\"},\"potentialAction\":[{\"@type\":\"SearchAction\",\"target\":{\"@type\":\"EntryPoint\",\"urlTemplate\":\"https:\\\/\\\/www.casarredo.it\\\/en\\\/?s={search_term_string}\"},\"query-input\":{\"@type\":\"PropertyValueSpecification\",\"valueRequired\":true,\"valueName\":\"search_term_string\"}}],\"inLanguage\":\"en-US\"},{\"@type\":\"Organization\",\"@id\":\"https:\\\/\\\/www.casarredo.it\\\/en\\\/#organization\",\"name\":\"casarredo srl\",\"url\":\"https:\\\/\\\/www.casarredo.it\\\/en\\\/\",\"logo\":{\"@type\":\"ImageObject\",\"inLanguage\":\"en-US\",\"@id\":\"https:\\\/\\\/www.casarredo.it\\\/en\\\/#\\\/schema\\\/logo\\\/image\\\/\",\"url\":\"https:\\\/\\\/www.casarredo.it\\\/wp-content\\\/uploads\\\/2018\\\/05\\\/vanity-scaled.jpg\",\"contentUrl\":\"https:\\\/\\\/www.casarredo.it\\\/wp-content\\\/uploads\\\/2018\\\/05\\\/vanity-scaled.jpg\",\"width\":2560,\"height\":1848,\"caption\":\"casarredo srl\"},\"image\":{\"@id\":\"https:\\\/\\\/www.casarredo.it\\\/en\\\/#\\\/schema\\\/logo\\\/image\\\/\"},\"sameAs\":[\"https:\\\/\\\/www.facebook.com\\\/Casarredo-632870513490892\",\"https:\\\/\\\/www.instagram.com\\\/casarredo_fano\\\/\"]}]}<\/script>\n<!-- \/ Yoast SEO plugin. -->","yoast_head_json":{"title":"PLANET PLAFONE KARTELL &#8212; Casarredo.it","description":"Planet plafone. Una famiglia completa di lampade: a sospensione, da tavolo bassa e con struttura in metallo, da terra e la pi\u00f9 recente versione a plafone. La particolarit\u00e0 \u00e8 data dalla forma leggermente ovoidale del diffusore trasparente, caratterizzato da una superficie sfaccettata sia nella parte interna sia esterna che crea un ricco gioco di riflessi. Disponibile nei colori:\u00a0B4 Trasparente Fu Fum\u00e8 Gi ambra","robots":{"index":"index","follow":"follow","max-snippet":"max-snippet:-1","max-image-preview":"max-image-preview:large","max-video-preview":"max-video-preview:-1"},"canonical":"https:\/\/www.casarredo.it\/en\/prodotto\/planet-plafone-kartell\/","og_locale":"en_US","og_type":"article","og_title":"PLANET PLAFONE KARTELL &#8212; Casarredo.it","og_description":"Planet plafone. Una famiglia completa di lampade: a sospensione, da tavolo bassa e con struttura in metallo, da terra e la pi\u00f9 recente versione a plafone. La particolarit\u00e0 \u00e8 data dalla forma leggermente ovoidale del diffusore trasparente, caratterizzato da una superficie sfaccettata sia nella parte interna sia esterna che crea un ricco gioco di riflessi. Disponibile nei colori:\u00a0B4 Trasparente Fu Fum\u00e8 Gi ambra","og_url":"https:\/\/www.casarredo.it\/en\/prodotto\/planet-plafone-kartell\/","og_site_name":"Casarredo.it","article_publisher":"https:\/\/www.facebook.com\/Casarredo-632870513490892","article_modified_time":"2025-11-03T18:48:53+00:00","og_image":[{"width":940,"height":1197,"url":"https:\/\/www.casarredo.it\/wp-content\/uploads\/2024\/09\/planet-plafone-2.webp","type":"image\/webp"}],"twitter_card":"summary_large_image","twitter_misc":{"Est. reading time":"1 minute"},"schema":{"@context":"https:\/\/schema.org","@graph":[{"@type":"WebPage","@id":"https:\/\/www.casarredo.it\/en\/prodotto\/planet-plafone-kartell\/","url":"https:\/\/www.casarredo.it\/en\/prodotto\/planet-plafone-kartell\/","name":"PLANET PLAFONE KARTELL &#8212; Casarredo.it","isPartOf":{"@id":"https:\/\/www.casarredo.it\/en\/#website"},"primaryImageOfPage":{"@id":"https:\/\/www.casarredo.it\/en\/prodotto\/planet-plafone-kartell\/#primaryimage"},"image":{"@id":"https:\/\/www.casarredo.it\/en\/prodotto\/planet-plafone-kartell\/#primaryimage"},"thumbnailUrl":"https:\/\/www.casarredo.it\/wp-content\/uploads\/2024\/09\/planet-plafone-2.webp","datePublished":"2024-09-11T16:25:53+00:00","dateModified":"2025-11-03T18:48:53+00:00","description":"Planet plafone. Una famiglia completa di lampade: a sospensione, da tavolo bassa e con struttura in metallo, da terra e la pi\u00f9 recente versione a plafone. La particolarit\u00e0 \u00e8 data dalla forma leggermente ovoidale del diffusore trasparente, caratterizzato da una superficie sfaccettata sia nella parte interna sia esterna che crea un ricco gioco di riflessi. Disponibile nei colori:\u00a0B4 Trasparente Fu Fum\u00e8 Gi ambra","breadcrumb":{"@id":"https:\/\/www.casarredo.it\/en\/prodotto\/planet-plafone-kartell\/#breadcrumb"},"inLanguage":"en-US","potentialAction":[{"@type":"ReadAction","target":["https:\/\/www.casarredo.it\/en\/prodotto\/planet-plafone-kartell\/"]}]},{"@type":"ImageObject","inLanguage":"en-US","@id":"https:\/\/www.casarredo.it\/en\/prodotto\/planet-plafone-kartell\/#primaryimage","url":"https:\/\/www.casarredo.it\/wp-content\/uploads\/2024\/09\/planet-plafone-2.webp","contentUrl":"https:\/\/www.casarredo.it\/wp-content\/uploads\/2024\/09\/planet-plafone-2.webp","width":940,"height":1197},{"@type":"BreadcrumbList","@id":"https:\/\/www.casarredo.it\/en\/prodotto\/planet-plafone-kartell\/#breadcrumb","itemListElement":[{"@type":"ListItem","position":1,"name":"Home","item":"https:\/\/www.casarredo.it\/en\/"},{"@type":"ListItem","position":2,"name":"Shop online","item":"https:\/\/www.casarredo.it\/en\/shop\/"},{"@type":"ListItem","position":3,"name":"PLANET PLAFONE KARTELL"}]},{"@type":"WebSite","@id":"https:\/\/www.casarredo.it\/en\/#website","url":"https:\/\/www.casarredo.it\/en\/","name":"Casarredo.it","description":"Design da vivere","publisher":{"@id":"https:\/\/www.casarredo.it\/en\/#organization"},"potentialAction":[{"@type":"SearchAction","target":{"@type":"EntryPoint","urlTemplate":"https:\/\/www.casarredo.it\/en\/?s={search_term_string}"},"query-input":{"@type":"PropertyValueSpecification","valueRequired":true,"valueName":"search_term_string"}}],"inLanguage":"en-US"},{"@type":"Organization","@id":"https:\/\/www.casarredo.it\/en\/#organization","name":"casarredo srl","url":"https:\/\/www.casarredo.it\/en\/","logo":{"@type":"ImageObject","inLanguage":"en-US","@id":"https:\/\/www.casarredo.it\/en\/#\/schema\/logo\/image\/","url":"https:\/\/www.casarredo.it\/wp-content\/uploads\/2018\/05\/vanity-scaled.jpg","contentUrl":"https:\/\/www.casarredo.it\/wp-content\/uploads\/2018\/05\/vanity-scaled.jpg","width":2560,"height":1848,"caption":"casarredo srl"},"image":{"@id":"https:\/\/www.casarredo.it\/en\/#\/schema\/logo\/image\/"},"sameAs":["https:\/\/www.facebook.com\/Casarredo-632870513490892","https:\/\/www.instagram.com\/casarredo_fano\/"]}]}},"_links":{"self":[{"href":"https:\/\/www.casarredo.it\/en\/wp-json\/wp\/v2\/product\/30698","targetHints":{"allow":["GET"]}}],"collection":[{"href":"https:\/\/www.casarredo.it\/en\/wp-json\/wp\/v2\/product"}],"about":[{"href":"https:\/\/www.casarredo.it\/en\/wp-json\/wp\/v2\/types\/product"}],"wp:featuredmedia":[{"embeddable":true,"href":"https:\/\/www.casarredo.it\/en\/wp-json\/wp\/v2\/media\/30689"}],"wp:attachment":[{"href":"https:\/\/www.casarredo.it\/en\/wp-json\/wp\/v2\/media?parent=30698"}],"wp:term":[{"taxonomy":"product_brand","embeddable":true,"href":"https:\/\/www.casarredo.it\/en\/wp-json\/wp\/v2\/product_brand?post=30698"},{"taxonomy":"product_cat","embeddable":true,"href":"https:\/\/www.casarredo.it\/en\/wp-json\/wp\/v2\/product_cat?post=30698"},{"taxonomy":"product_tag","embeddable":true,"href":"https:\/\/www.casarredo.it\/en\/wp-json\/wp\/v2\/product_tag?post=30698"}],"curies":[{"name":"wp","href":"https:\/\/api.w.org\/{rel}","templated":true}]}}