{"id":30671,"date":"2024-09-06T19:01:17","date_gmt":"2024-09-06T17:01:17","guid":{"rendered":"https:\/\/www.casarredo.it\/?post_type=product&#038;p=30671"},"modified":"2025-06-12T19:15:03","modified_gmt":"2025-06-12T17:15:03","slug":"tugendhat-poltrona-knoll","status":"publish","type":"product","link":"https:\/\/www.casarredo.it\/en\/prodotto\/tugendhat-poltrona-knoll\/","title":{"rendered":"TUGENDHAT POLTRONA KNOLL"},"content":{"rendered":"<p><\/p>\n<p>TUGENDHAT POLTRONA CON BRACCIOLI E STRUTT. CROMP CUSCINI IN PELLE VP03 ESPRESSO<\/p>\n<p>Tugendhat , con la sua elegante forma a sbalzo, la sedia Tugendhat&#x2122; incarna la precisione tecnica e l&#8217;intenzione artistica che attraversa tutto ci\u00f2 che Ludwig Mies van der Rohe ha progettato. La struttura in acciaio \u00e8 raffinata sia nella costruzione che nella materialit\u00e0, mentre i cuscini spessi offrono un alto grado di comfort e un&#8217;invitante informalit\u00e0. Questa sedia \u00e8 stata progettata nel 1929 per la Villa Tugendhat a Brno, nella Repubblica Ceca.<\/p>\n<p>DIMENSIONI:<\/p>\n<p>LARGHEZZA CM. 76<\/p>\n<p>PROFONDITA&#8217; CM.72<\/p>\n<p>ALTEZZA CM. 84<\/p>\n<p><\/p>\n","protected":false},"excerpt":{"rendered":"<p>Tugendhat , con la sua elegante forma a sbalzo, la sedia Tugendhat&#x2122; incarna la precisione tecnica e l&#8217;intenzione artistica che attraversa tutto ci\u00f2 che Ludwig Mies van der Rohe ha progettato. La struttura in acciaio \u00e8 raffinata sia nella costruzione che nella materialit\u00e0, mentre i cuscini spessi offrono un alto grado di comfort e un&#8217;invitante informalit\u00e0. Questa sedia \u00e8 stata progettata nel 1929 per la Villa Tugendhat a Brno, nella Repubblica Ceca.<\/p>\n","protected":false},"featured_media":30682,"template":"","meta":[],"product_brand":[],"product_cat":[1401,672],"product_tag":[744,1278,2946,1633,3557],"class_list":{"0":"post-30671","1":"product","2":"type-product","3":"status-publish","4":"has-post-thumbnail","6":"product_cat-knoll-2","7":"product_cat-poltrone","8":"product_tag-knoll","9":"product_tag-mies-van-der-rohe","10":"product_tag-pelle","11":"product_tag-poltrona","12":"product_tag-tagendhat","13":"product_shipping_class-standard","15":"first","16":"onbackorder","17":"sale","18":"shipping-taxable","19":"purchasable","20":"product-type-simple","21":"add-to-wishlist-after_add_to_cart"},"yoast_head":"<!-- This site is optimized with the Yoast SEO plugin v27.4 - https:\/\/yoast.com\/product\/yoast-seo-wordpress\/ -->\n<title>TUGENDHAT POLTRONA KNOLL &#8212; Casarredo.it<\/title>\n<meta name=\"description\" content=\"Tugendhat , con la sua elegante forma a sbalzo, la sedia Tugendhat\u2122 incarna la precisione tecnica e l&#039;intenzione artistica che attraversa tutto ci\u00f2 che Ludwig Mies van der Rohe ha progettato. La struttura in acciaio \u00e8 raffinata sia nella costruzione che nella materialit\u00e0, mentre i cuscini spessi offrono un alto grado di comfort e un&#039;invitante informalit\u00e0. Questa sedia \u00e8 stata progettata nel 1929 per la Villa Tugendhat a Brno, nella Repubblica Ceca.\" \/>\n<meta name=\"robots\" content=\"index, follow, max-snippet:-1, max-image-preview:large, max-video-preview:-1\" \/>\n<link rel=\"canonical\" href=\"https:\/\/www.casarredo.it\/en\/prodotto\/tugendhat-poltrona-knoll\/\" \/>\n<meta property=\"og:locale\" content=\"en_US\" \/>\n<meta property=\"og:type\" content=\"article\" \/>\n<meta property=\"og:title\" content=\"TUGENDHAT POLTRONA KNOLL &#8212; Casarredo.it\" \/>\n<meta property=\"og:description\" content=\"Tugendhat , con la sua elegante forma a sbalzo, la sedia Tugendhat\u2122 incarna la precisione tecnica e l&#039;intenzione artistica che attraversa tutto ci\u00f2 che Ludwig Mies van der Rohe ha progettato. La struttura in acciaio \u00e8 raffinata sia nella costruzione che nella materialit\u00e0, mentre i cuscini spessi offrono un alto grado di comfort e un&#039;invitante informalit\u00e0. Questa sedia \u00e8 stata progettata nel 1929 per la Villa Tugendhat a Brno, nella Repubblica Ceca.\" \/>\n<meta property=\"og:url\" content=\"https:\/\/www.casarredo.it\/en\/prodotto\/tugendhat-poltrona-knoll\/\" \/>\n<meta property=\"og:site_name\" content=\"Casarredo.it\" \/>\n<meta property=\"article:publisher\" content=\"https:\/\/www.facebook.com\/Casarredo-632870513490892\" \/>\n<meta property=\"article:modified_time\" content=\"2025-06-12T17:15:03+00:00\" \/>\n<meta property=\"og:image\" content=\"https:\/\/www.casarredo.it\/wp-content\/uploads\/2024\/09\/TUGENDHAT6.jpg\" \/>\n\t<meta property=\"og:image:width\" content=\"600\" \/>\n\t<meta property=\"og:image:height\" content=\"602\" \/>\n\t<meta property=\"og:image:type\" content=\"image\/jpeg\" \/>\n<meta name=\"twitter:card\" content=\"summary_large_image\" \/>\n<meta name=\"twitter:label1\" content=\"Est. reading time\" \/>\n\t<meta name=\"twitter:data1\" content=\"1 minute\" \/>\n<script type=\"application\/ld+json\" class=\"yoast-schema-graph\">{\"@context\":\"https:\\\/\\\/schema.org\",\"@graph\":[{\"@type\":\"WebPage\",\"@id\":\"https:\\\/\\\/www.casarredo.it\\\/en\\\/prodotto\\\/tugendhat-poltrona-knoll\\\/\",\"url\":\"https:\\\/\\\/www.casarredo.it\\\/en\\\/prodotto\\\/tugendhat-poltrona-knoll\\\/\",\"name\":\"TUGENDHAT POLTRONA KNOLL &#8212; Casarredo.it\",\"isPartOf\":{\"@id\":\"https:\\\/\\\/www.casarredo.it\\\/en\\\/#website\"},\"primaryImageOfPage\":{\"@id\":\"https:\\\/\\\/www.casarredo.it\\\/en\\\/prodotto\\\/tugendhat-poltrona-knoll\\\/#primaryimage\"},\"image\":{\"@id\":\"https:\\\/\\\/www.casarredo.it\\\/en\\\/prodotto\\\/tugendhat-poltrona-knoll\\\/#primaryimage\"},\"thumbnailUrl\":\"https:\\\/\\\/www.casarredo.it\\\/wp-content\\\/uploads\\\/2024\\\/09\\\/TUGENDHAT6.jpg\",\"datePublished\":\"2024-09-06T17:01:17+00:00\",\"dateModified\":\"2025-06-12T17:15:03+00:00\",\"description\":\"Tugendhat , con la sua elegante forma a sbalzo, la sedia Tugendhat\u2122 incarna la precisione tecnica e l'intenzione artistica che attraversa tutto ci\u00f2 che Ludwig Mies van der Rohe ha progettato. La struttura in acciaio \u00e8 raffinata sia nella costruzione che nella materialit\u00e0, mentre i cuscini spessi offrono un alto grado di comfort e un'invitante informalit\u00e0. Questa sedia \u00e8 stata progettata nel 1929 per la Villa Tugendhat a Brno, nella Repubblica Ceca.\",\"breadcrumb\":{\"@id\":\"https:\\\/\\\/www.casarredo.it\\\/en\\\/prodotto\\\/tugendhat-poltrona-knoll\\\/#breadcrumb\"},\"inLanguage\":\"en-US\",\"potentialAction\":[{\"@type\":\"ReadAction\",\"target\":[\"https:\\\/\\\/www.casarredo.it\\\/en\\\/prodotto\\\/tugendhat-poltrona-knoll\\\/\"]}]},{\"@type\":\"ImageObject\",\"inLanguage\":\"en-US\",\"@id\":\"https:\\\/\\\/www.casarredo.it\\\/en\\\/prodotto\\\/tugendhat-poltrona-knoll\\\/#primaryimage\",\"url\":\"https:\\\/\\\/www.casarredo.it\\\/wp-content\\\/uploads\\\/2024\\\/09\\\/TUGENDHAT6.jpg\",\"contentUrl\":\"https:\\\/\\\/www.casarredo.it\\\/wp-content\\\/uploads\\\/2024\\\/09\\\/TUGENDHAT6.jpg\",\"width\":600,\"height\":602},{\"@type\":\"BreadcrumbList\",\"@id\":\"https:\\\/\\\/www.casarredo.it\\\/en\\\/prodotto\\\/tugendhat-poltrona-knoll\\\/#breadcrumb\",\"itemListElement\":[{\"@type\":\"ListItem\",\"position\":1,\"name\":\"Home\",\"item\":\"https:\\\/\\\/www.casarredo.it\\\/en\\\/\"},{\"@type\":\"ListItem\",\"position\":2,\"name\":\"Shop online\",\"item\":\"https:\\\/\\\/www.casarredo.it\\\/en\\\/shop\\\/\"},{\"@type\":\"ListItem\",\"position\":3,\"name\":\"TUGENDHAT POLTRONA KNOLL\"}]},{\"@type\":\"WebSite\",\"@id\":\"https:\\\/\\\/www.casarredo.it\\\/en\\\/#website\",\"url\":\"https:\\\/\\\/www.casarredo.it\\\/en\\\/\",\"name\":\"Casarredo.it\",\"description\":\"Design da vivere\",\"publisher\":{\"@id\":\"https:\\\/\\\/www.casarredo.it\\\/en\\\/#organization\"},\"potentialAction\":[{\"@type\":\"SearchAction\",\"target\":{\"@type\":\"EntryPoint\",\"urlTemplate\":\"https:\\\/\\\/www.casarredo.it\\\/en\\\/?s={search_term_string}\"},\"query-input\":{\"@type\":\"PropertyValueSpecification\",\"valueRequired\":true,\"valueName\":\"search_term_string\"}}],\"inLanguage\":\"en-US\"},{\"@type\":\"Organization\",\"@id\":\"https:\\\/\\\/www.casarredo.it\\\/en\\\/#organization\",\"name\":\"casarredo srl\",\"url\":\"https:\\\/\\\/www.casarredo.it\\\/en\\\/\",\"logo\":{\"@type\":\"ImageObject\",\"inLanguage\":\"en-US\",\"@id\":\"https:\\\/\\\/www.casarredo.it\\\/en\\\/#\\\/schema\\\/logo\\\/image\\\/\",\"url\":\"https:\\\/\\\/www.casarredo.it\\\/wp-content\\\/uploads\\\/2018\\\/05\\\/vanity-scaled.jpg\",\"contentUrl\":\"https:\\\/\\\/www.casarredo.it\\\/wp-content\\\/uploads\\\/2018\\\/05\\\/vanity-scaled.jpg\",\"width\":2560,\"height\":1848,\"caption\":\"casarredo srl\"},\"image\":{\"@id\":\"https:\\\/\\\/www.casarredo.it\\\/en\\\/#\\\/schema\\\/logo\\\/image\\\/\"},\"sameAs\":[\"https:\\\/\\\/www.facebook.com\\\/Casarredo-632870513490892\",\"https:\\\/\\\/www.instagram.com\\\/casarredo_fano\\\/\"]}]}<\/script>\n<!-- \/ Yoast SEO plugin. -->","yoast_head_json":{"title":"TUGENDHAT POLTRONA KNOLL &#8212; Casarredo.it","description":"Tugendhat , con la sua elegante forma a sbalzo, la sedia Tugendhat\u2122 incarna la precisione tecnica e l'intenzione artistica che attraversa tutto ci\u00f2 che Ludwig Mies van der Rohe ha progettato. La struttura in acciaio \u00e8 raffinata sia nella costruzione che nella materialit\u00e0, mentre i cuscini spessi offrono un alto grado di comfort e un'invitante informalit\u00e0. Questa sedia \u00e8 stata progettata nel 1929 per la Villa Tugendhat a Brno, nella Repubblica Ceca.","robots":{"index":"index","follow":"follow","max-snippet":"max-snippet:-1","max-image-preview":"max-image-preview:large","max-video-preview":"max-video-preview:-1"},"canonical":"https:\/\/www.casarredo.it\/en\/prodotto\/tugendhat-poltrona-knoll\/","og_locale":"en_US","og_type":"article","og_title":"TUGENDHAT POLTRONA KNOLL &#8212; Casarredo.it","og_description":"Tugendhat , con la sua elegante forma a sbalzo, la sedia Tugendhat\u2122 incarna la precisione tecnica e l'intenzione artistica che attraversa tutto ci\u00f2 che Ludwig Mies van der Rohe ha progettato. La struttura in acciaio \u00e8 raffinata sia nella costruzione che nella materialit\u00e0, mentre i cuscini spessi offrono un alto grado di comfort e un'invitante informalit\u00e0. Questa sedia \u00e8 stata progettata nel 1929 per la Villa Tugendhat a Brno, nella Repubblica Ceca.","og_url":"https:\/\/www.casarredo.it\/en\/prodotto\/tugendhat-poltrona-knoll\/","og_site_name":"Casarredo.it","article_publisher":"https:\/\/www.facebook.com\/Casarredo-632870513490892","article_modified_time":"2025-06-12T17:15:03+00:00","og_image":[{"width":600,"height":602,"url":"https:\/\/www.casarredo.it\/wp-content\/uploads\/2024\/09\/TUGENDHAT6.jpg","type":"image\/jpeg"}],"twitter_card":"summary_large_image","twitter_misc":{"Est. reading time":"1 minute"},"schema":{"@context":"https:\/\/schema.org","@graph":[{"@type":"WebPage","@id":"https:\/\/www.casarredo.it\/en\/prodotto\/tugendhat-poltrona-knoll\/","url":"https:\/\/www.casarredo.it\/en\/prodotto\/tugendhat-poltrona-knoll\/","name":"TUGENDHAT POLTRONA KNOLL &#8212; Casarredo.it","isPartOf":{"@id":"https:\/\/www.casarredo.it\/en\/#website"},"primaryImageOfPage":{"@id":"https:\/\/www.casarredo.it\/en\/prodotto\/tugendhat-poltrona-knoll\/#primaryimage"},"image":{"@id":"https:\/\/www.casarredo.it\/en\/prodotto\/tugendhat-poltrona-knoll\/#primaryimage"},"thumbnailUrl":"https:\/\/www.casarredo.it\/wp-content\/uploads\/2024\/09\/TUGENDHAT6.jpg","datePublished":"2024-09-06T17:01:17+00:00","dateModified":"2025-06-12T17:15:03+00:00","description":"Tugendhat , con la sua elegante forma a sbalzo, la sedia Tugendhat\u2122 incarna la precisione tecnica e l'intenzione artistica che attraversa tutto ci\u00f2 che Ludwig Mies van der Rohe ha progettato. La struttura in acciaio \u00e8 raffinata sia nella costruzione che nella materialit\u00e0, mentre i cuscini spessi offrono un alto grado di comfort e un'invitante informalit\u00e0. Questa sedia \u00e8 stata progettata nel 1929 per la Villa Tugendhat a Brno, nella Repubblica Ceca.","breadcrumb":{"@id":"https:\/\/www.casarredo.it\/en\/prodotto\/tugendhat-poltrona-knoll\/#breadcrumb"},"inLanguage":"en-US","potentialAction":[{"@type":"ReadAction","target":["https:\/\/www.casarredo.it\/en\/prodotto\/tugendhat-poltrona-knoll\/"]}]},{"@type":"ImageObject","inLanguage":"en-US","@id":"https:\/\/www.casarredo.it\/en\/prodotto\/tugendhat-poltrona-knoll\/#primaryimage","url":"https:\/\/www.casarredo.it\/wp-content\/uploads\/2024\/09\/TUGENDHAT6.jpg","contentUrl":"https:\/\/www.casarredo.it\/wp-content\/uploads\/2024\/09\/TUGENDHAT6.jpg","width":600,"height":602},{"@type":"BreadcrumbList","@id":"https:\/\/www.casarredo.it\/en\/prodotto\/tugendhat-poltrona-knoll\/#breadcrumb","itemListElement":[{"@type":"ListItem","position":1,"name":"Home","item":"https:\/\/www.casarredo.it\/en\/"},{"@type":"ListItem","position":2,"name":"Shop online","item":"https:\/\/www.casarredo.it\/en\/shop\/"},{"@type":"ListItem","position":3,"name":"TUGENDHAT POLTRONA KNOLL"}]},{"@type":"WebSite","@id":"https:\/\/www.casarredo.it\/en\/#website","url":"https:\/\/www.casarredo.it\/en\/","name":"Casarredo.it","description":"Design da vivere","publisher":{"@id":"https:\/\/www.casarredo.it\/en\/#organization"},"potentialAction":[{"@type":"SearchAction","target":{"@type":"EntryPoint","urlTemplate":"https:\/\/www.casarredo.it\/en\/?s={search_term_string}"},"query-input":{"@type":"PropertyValueSpecification","valueRequired":true,"valueName":"search_term_string"}}],"inLanguage":"en-US"},{"@type":"Organization","@id":"https:\/\/www.casarredo.it\/en\/#organization","name":"casarredo srl","url":"https:\/\/www.casarredo.it\/en\/","logo":{"@type":"ImageObject","inLanguage":"en-US","@id":"https:\/\/www.casarredo.it\/en\/#\/schema\/logo\/image\/","url":"https:\/\/www.casarredo.it\/wp-content\/uploads\/2018\/05\/vanity-scaled.jpg","contentUrl":"https:\/\/www.casarredo.it\/wp-content\/uploads\/2018\/05\/vanity-scaled.jpg","width":2560,"height":1848,"caption":"casarredo srl"},"image":{"@id":"https:\/\/www.casarredo.it\/en\/#\/schema\/logo\/image\/"},"sameAs":["https:\/\/www.facebook.com\/Casarredo-632870513490892","https:\/\/www.instagram.com\/casarredo_fano\/"]}]}},"_links":{"self":[{"href":"https:\/\/www.casarredo.it\/en\/wp-json\/wp\/v2\/product\/30671","targetHints":{"allow":["GET"]}}],"collection":[{"href":"https:\/\/www.casarredo.it\/en\/wp-json\/wp\/v2\/product"}],"about":[{"href":"https:\/\/www.casarredo.it\/en\/wp-json\/wp\/v2\/types\/product"}],"wp:featuredmedia":[{"embeddable":true,"href":"https:\/\/www.casarredo.it\/en\/wp-json\/wp\/v2\/media\/30682"}],"wp:attachment":[{"href":"https:\/\/www.casarredo.it\/en\/wp-json\/wp\/v2\/media?parent=30671"}],"wp:term":[{"taxonomy":"product_brand","embeddable":true,"href":"https:\/\/www.casarredo.it\/en\/wp-json\/wp\/v2\/product_brand?post=30671"},{"taxonomy":"product_cat","embeddable":true,"href":"https:\/\/www.casarredo.it\/en\/wp-json\/wp\/v2\/product_cat?post=30671"},{"taxonomy":"product_tag","embeddable":true,"href":"https:\/\/www.casarredo.it\/en\/wp-json\/wp\/v2\/product_tag?post=30671"}],"curies":[{"name":"wp","href":"https:\/\/api.w.org\/{rel}","templated":true}]}}