{"id":30651,"date":"2024-08-31T17:46:34","date_gmt":"2024-08-31T15:46:34","guid":{"rendered":"https:\/\/www.casarredo.it\/?post_type=product&#038;p=30651"},"modified":"2026-02-27T18:43:08","modified_gmt":"2026-02-27T17:43:08","slug":"softshell-sedia-vitra","status":"publish","type":"product","link":"https:\/\/www.casarredo.it\/en\/prodotto\/softshell-sedia-vitra\/","title":{"rendered":"SOFTSHELL SIDE CHAIR"},"content":{"rendered":"<p><\/p>\n<h1>SOFTSHELL SIDE CHAIR<\/h1>\n<h3>TESSUTO PLANO COLORE 74 GAMBE BASIC DARK, PIEDI 05<\/h3>\n<h3 class=\"item-info__product-details-desktop__items-description\">Softshell side chair di Ronan ed Erwan Bouroullec combina un comfort di seduta eccezionale con dimensioni compatte. Il suo incredibile comfort di seduta si rivela quando ci si siede&#8230; La parte superiore dello schienale \u00e8 flessibile: le doghe verticali nascoste nella parte superiore dello schienale offrono grande libert\u00e0 di movimento e straordinario comfort, anche per un periodo prolungato. La scocca \u00e8 completamente imbottita e rivestita con un elegante tessuto premium. Con le sue forme morbide e delicate, Softshell mostra un carattere sereno, accogliente e confortevole. La robusta base in poliammide nera sottolinea la sobria eleganza di questa creazione.<\/h3>\n<p><\/p>\n","protected":false},"excerpt":{"rendered":"<h3 class=\"item-info__product-details-desktop__items-description\">Softshell di Ronan ed Erwan Bouroullec combina un comfort di seduta eccezionale con dimensioni compatte. Il suo incredibile comfort di seduta si rivela quando ci si siede&#8230; La parte superiore dello schienale \u00e8 flessibile: le doghe verticali nascoste nella parte superiore dello schienale offrono grande libert\u00e0 di movimento e straordinario comfort, anche per un periodo prolungato. La scocca \u00e8 completamente imbottita e rivestita con un elegante tessuto premium. Con le sue forme morbide e delicate, Softshell mostra un carattere sereno, accogliente e confortevole. La robusta base in poliammide nera sottolinea la sobria eleganza di questa creazione.<\/h3>\n","protected":false},"featured_media":30661,"template":"","meta":[],"product_brand":[],"product_cat":[3792,639,707],"product_tag":[3556,783,3555,708],"class_list":{"0":"post-30651","1":"product","2":"type-product","3":"status-publish","4":"has-post-thumbnail","6":"product_cat-outlet","7":"product_cat-sedie","8":"product_cat-vitra","9":"product_tag-bouroullec","10":"product_tag-sedia","11":"product_tag-softshell","12":"product_tag-vitra","14":"first","15":"instock","16":"sale","17":"shipping-taxable","18":"purchasable","19":"product-type-simple","20":"add-to-wishlist-after_add_to_cart"},"yoast_head":"<!-- This site is optimized with the Yoast SEO plugin v27.4 - https:\/\/yoast.com\/product\/yoast-seo-wordpress\/ -->\n<title>SOFTSHELL SIDE CHAIR &#8212; Casarredo.it<\/title>\n<meta name=\"description\" content=\"Softshell side chair di Ronan ed Erwan Bouroullec combina un comfort di seduta eccezionale con dimensioni compatte. Il suo incredibile comfort di seduta si rivela quando ci si siede... La parte superiore dello schienale \u00e8 flessibile: le doghe verticali nascoste nella parte superiore dello schienale offrono grande libert\u00e0 di movimento e straordinario comfort, anche per un periodo prolungato. La scocca \u00e8 completamente imbottita e rivestita con un elegante tessuto premium. Con le sue forme morbide e delicate, Softshell mostra un carattere sereno, accogliente e confortevole. La robusta base in poliammide nera sottolinea la sobria eleganza di questa creazione.\u00a0\" \/>\n<meta name=\"robots\" content=\"index, follow, max-snippet:-1, max-image-preview:large, max-video-preview:-1\" \/>\n<link rel=\"canonical\" href=\"https:\/\/www.casarredo.it\/en\/prodotto\/softshell-sedia-vitra\/\" \/>\n<meta property=\"og:locale\" content=\"en_US\" \/>\n<meta property=\"og:type\" content=\"article\" \/>\n<meta property=\"og:title\" content=\"SOFTSHELL SIDE CHAIR &#8212; Casarredo.it\" \/>\n<meta property=\"og:description\" content=\"Softshell side chair di Ronan ed Erwan Bouroullec combina un comfort di seduta eccezionale con dimensioni compatte. Il suo incredibile comfort di seduta si rivela quando ci si siede... La parte superiore dello schienale \u00e8 flessibile: le doghe verticali nascoste nella parte superiore dello schienale offrono grande libert\u00e0 di movimento e straordinario comfort, anche per un periodo prolungato. La scocca \u00e8 completamente imbottita e rivestita con un elegante tessuto premium. Con le sue forme morbide e delicate, Softshell mostra un carattere sereno, accogliente e confortevole. La robusta base in poliammide nera sottolinea la sobria eleganza di questa creazione.\u00a0\" \/>\n<meta property=\"og:url\" content=\"https:\/\/www.casarredo.it\/en\/prodotto\/softshell-sedia-vitra\/\" \/>\n<meta property=\"og:site_name\" content=\"Casarredo.it\" \/>\n<meta property=\"article:publisher\" content=\"https:\/\/www.facebook.com\/Casarredo-632870513490892\" \/>\n<meta property=\"article:modified_time\" content=\"2026-02-27T17:43:08+00:00\" \/>\n<meta property=\"og:image\" content=\"https:\/\/www.casarredo.it\/wp-content\/uploads\/2024\/08\/SOFTSHELLside-1chair-.webp\" \/>\n\t<meta property=\"og:image:width\" content=\"1200\" \/>\n\t<meta property=\"og:image:height\" content=\"900\" \/>\n\t<meta property=\"og:image:type\" content=\"image\/webp\" \/>\n<meta name=\"twitter:card\" content=\"summary_large_image\" \/>\n<meta name=\"twitter:label1\" content=\"Est. reading time\" \/>\n\t<meta name=\"twitter:data1\" content=\"2 minutes\" \/>\n<script type=\"application\/ld+json\" class=\"yoast-schema-graph\">{\"@context\":\"https:\\\/\\\/schema.org\",\"@graph\":[{\"@type\":\"WebPage\",\"@id\":\"https:\\\/\\\/www.casarredo.it\\\/en\\\/prodotto\\\/softshell-sedia-vitra\\\/\",\"url\":\"https:\\\/\\\/www.casarredo.it\\\/en\\\/prodotto\\\/softshell-sedia-vitra\\\/\",\"name\":\"SOFTSHELL SIDE CHAIR &#8212; Casarredo.it\",\"isPartOf\":{\"@id\":\"https:\\\/\\\/www.casarredo.it\\\/en\\\/#website\"},\"primaryImageOfPage\":{\"@id\":\"https:\\\/\\\/www.casarredo.it\\\/en\\\/prodotto\\\/softshell-sedia-vitra\\\/#primaryimage\"},\"image\":{\"@id\":\"https:\\\/\\\/www.casarredo.it\\\/en\\\/prodotto\\\/softshell-sedia-vitra\\\/#primaryimage\"},\"thumbnailUrl\":\"https:\\\/\\\/www.casarredo.it\\\/wp-content\\\/uploads\\\/2024\\\/08\\\/SOFTSHELLside-1chair-.webp\",\"datePublished\":\"2024-08-31T15:46:34+00:00\",\"dateModified\":\"2026-02-27T17:43:08+00:00\",\"description\":\"Softshell side chair di Ronan ed Erwan Bouroullec combina un comfort di seduta eccezionale con dimensioni compatte. Il suo incredibile comfort di seduta si rivela quando ci si siede... La parte superiore dello schienale \u00e8 flessibile: le doghe verticali nascoste nella parte superiore dello schienale offrono grande libert\u00e0 di movimento e straordinario comfort, anche per un periodo prolungato. La scocca \u00e8 completamente imbottita e rivestita con un elegante tessuto premium. Con le sue forme morbide e delicate, Softshell mostra un carattere sereno, accogliente e confortevole. La robusta base in poliammide nera sottolinea la sobria eleganza di questa creazione.\u00a0\",\"breadcrumb\":{\"@id\":\"https:\\\/\\\/www.casarredo.it\\\/en\\\/prodotto\\\/softshell-sedia-vitra\\\/#breadcrumb\"},\"inLanguage\":\"en-US\",\"potentialAction\":[{\"@type\":\"ReadAction\",\"target\":[\"https:\\\/\\\/www.casarredo.it\\\/en\\\/prodotto\\\/softshell-sedia-vitra\\\/\"]}]},{\"@type\":\"ImageObject\",\"inLanguage\":\"en-US\",\"@id\":\"https:\\\/\\\/www.casarredo.it\\\/en\\\/prodotto\\\/softshell-sedia-vitra\\\/#primaryimage\",\"url\":\"https:\\\/\\\/www.casarredo.it\\\/wp-content\\\/uploads\\\/2024\\\/08\\\/SOFTSHELLside-1chair-.webp\",\"contentUrl\":\"https:\\\/\\\/www.casarredo.it\\\/wp-content\\\/uploads\\\/2024\\\/08\\\/SOFTSHELLside-1chair-.webp\",\"width\":1200,\"height\":900},{\"@type\":\"BreadcrumbList\",\"@id\":\"https:\\\/\\\/www.casarredo.it\\\/en\\\/prodotto\\\/softshell-sedia-vitra\\\/#breadcrumb\",\"itemListElement\":[{\"@type\":\"ListItem\",\"position\":1,\"name\":\"Home\",\"item\":\"https:\\\/\\\/www.casarredo.it\\\/en\\\/\"},{\"@type\":\"ListItem\",\"position\":2,\"name\":\"Shop online\",\"item\":\"https:\\\/\\\/www.casarredo.it\\\/en\\\/shop\\\/\"},{\"@type\":\"ListItem\",\"position\":3,\"name\":\"SOFTSHELL SIDE CHAIR\"}]},{\"@type\":\"WebSite\",\"@id\":\"https:\\\/\\\/www.casarredo.it\\\/en\\\/#website\",\"url\":\"https:\\\/\\\/www.casarredo.it\\\/en\\\/\",\"name\":\"Casarredo.it\",\"description\":\"Design da vivere\",\"publisher\":{\"@id\":\"https:\\\/\\\/www.casarredo.it\\\/en\\\/#organization\"},\"potentialAction\":[{\"@type\":\"SearchAction\",\"target\":{\"@type\":\"EntryPoint\",\"urlTemplate\":\"https:\\\/\\\/www.casarredo.it\\\/en\\\/?s={search_term_string}\"},\"query-input\":{\"@type\":\"PropertyValueSpecification\",\"valueRequired\":true,\"valueName\":\"search_term_string\"}}],\"inLanguage\":\"en-US\"},{\"@type\":\"Organization\",\"@id\":\"https:\\\/\\\/www.casarredo.it\\\/en\\\/#organization\",\"name\":\"casarredo srl\",\"url\":\"https:\\\/\\\/www.casarredo.it\\\/en\\\/\",\"logo\":{\"@type\":\"ImageObject\",\"inLanguage\":\"en-US\",\"@id\":\"https:\\\/\\\/www.casarredo.it\\\/en\\\/#\\\/schema\\\/logo\\\/image\\\/\",\"url\":\"https:\\\/\\\/www.casarredo.it\\\/wp-content\\\/uploads\\\/2018\\\/05\\\/vanity-scaled.jpg\",\"contentUrl\":\"https:\\\/\\\/www.casarredo.it\\\/wp-content\\\/uploads\\\/2018\\\/05\\\/vanity-scaled.jpg\",\"width\":2560,\"height\":1848,\"caption\":\"casarredo srl\"},\"image\":{\"@id\":\"https:\\\/\\\/www.casarredo.it\\\/en\\\/#\\\/schema\\\/logo\\\/image\\\/\"},\"sameAs\":[\"https:\\\/\\\/www.facebook.com\\\/Casarredo-632870513490892\",\"https:\\\/\\\/www.instagram.com\\\/casarredo_fano\\\/\"]}]}<\/script>\n<!-- \/ Yoast SEO plugin. -->","yoast_head_json":{"title":"SOFTSHELL SIDE CHAIR &#8212; Casarredo.it","description":"Softshell side chair di Ronan ed Erwan Bouroullec combina un comfort di seduta eccezionale con dimensioni compatte. Il suo incredibile comfort di seduta si rivela quando ci si siede... La parte superiore dello schienale \u00e8 flessibile: le doghe verticali nascoste nella parte superiore dello schienale offrono grande libert\u00e0 di movimento e straordinario comfort, anche per un periodo prolungato. La scocca \u00e8 completamente imbottita e rivestita con un elegante tessuto premium. Con le sue forme morbide e delicate, Softshell mostra un carattere sereno, accogliente e confortevole. La robusta base in poliammide nera sottolinea la sobria eleganza di questa creazione.\u00a0","robots":{"index":"index","follow":"follow","max-snippet":"max-snippet:-1","max-image-preview":"max-image-preview:large","max-video-preview":"max-video-preview:-1"},"canonical":"https:\/\/www.casarredo.it\/en\/prodotto\/softshell-sedia-vitra\/","og_locale":"en_US","og_type":"article","og_title":"SOFTSHELL SIDE CHAIR &#8212; Casarredo.it","og_description":"Softshell side chair di Ronan ed Erwan Bouroullec combina un comfort di seduta eccezionale con dimensioni compatte. Il suo incredibile comfort di seduta si rivela quando ci si siede... La parte superiore dello schienale \u00e8 flessibile: le doghe verticali nascoste nella parte superiore dello schienale offrono grande libert\u00e0 di movimento e straordinario comfort, anche per un periodo prolungato. La scocca \u00e8 completamente imbottita e rivestita con un elegante tessuto premium. Con le sue forme morbide e delicate, Softshell mostra un carattere sereno, accogliente e confortevole. La robusta base in poliammide nera sottolinea la sobria eleganza di questa creazione.\u00a0","og_url":"https:\/\/www.casarredo.it\/en\/prodotto\/softshell-sedia-vitra\/","og_site_name":"Casarredo.it","article_publisher":"https:\/\/www.facebook.com\/Casarredo-632870513490892","article_modified_time":"2026-02-27T17:43:08+00:00","og_image":[{"width":1200,"height":900,"url":"https:\/\/www.casarredo.it\/wp-content\/uploads\/2024\/08\/SOFTSHELLside-1chair-.webp","type":"image\/webp"}],"twitter_card":"summary_large_image","twitter_misc":{"Est. reading time":"2 minutes"},"schema":{"@context":"https:\/\/schema.org","@graph":[{"@type":"WebPage","@id":"https:\/\/www.casarredo.it\/en\/prodotto\/softshell-sedia-vitra\/","url":"https:\/\/www.casarredo.it\/en\/prodotto\/softshell-sedia-vitra\/","name":"SOFTSHELL SIDE CHAIR &#8212; Casarredo.it","isPartOf":{"@id":"https:\/\/www.casarredo.it\/en\/#website"},"primaryImageOfPage":{"@id":"https:\/\/www.casarredo.it\/en\/prodotto\/softshell-sedia-vitra\/#primaryimage"},"image":{"@id":"https:\/\/www.casarredo.it\/en\/prodotto\/softshell-sedia-vitra\/#primaryimage"},"thumbnailUrl":"https:\/\/www.casarredo.it\/wp-content\/uploads\/2024\/08\/SOFTSHELLside-1chair-.webp","datePublished":"2024-08-31T15:46:34+00:00","dateModified":"2026-02-27T17:43:08+00:00","description":"Softshell side chair di Ronan ed Erwan Bouroullec combina un comfort di seduta eccezionale con dimensioni compatte. Il suo incredibile comfort di seduta si rivela quando ci si siede... La parte superiore dello schienale \u00e8 flessibile: le doghe verticali nascoste nella parte superiore dello schienale offrono grande libert\u00e0 di movimento e straordinario comfort, anche per un periodo prolungato. La scocca \u00e8 completamente imbottita e rivestita con un elegante tessuto premium. Con le sue forme morbide e delicate, Softshell mostra un carattere sereno, accogliente e confortevole. La robusta base in poliammide nera sottolinea la sobria eleganza di questa creazione.\u00a0","breadcrumb":{"@id":"https:\/\/www.casarredo.it\/en\/prodotto\/softshell-sedia-vitra\/#breadcrumb"},"inLanguage":"en-US","potentialAction":[{"@type":"ReadAction","target":["https:\/\/www.casarredo.it\/en\/prodotto\/softshell-sedia-vitra\/"]}]},{"@type":"ImageObject","inLanguage":"en-US","@id":"https:\/\/www.casarredo.it\/en\/prodotto\/softshell-sedia-vitra\/#primaryimage","url":"https:\/\/www.casarredo.it\/wp-content\/uploads\/2024\/08\/SOFTSHELLside-1chair-.webp","contentUrl":"https:\/\/www.casarredo.it\/wp-content\/uploads\/2024\/08\/SOFTSHELLside-1chair-.webp","width":1200,"height":900},{"@type":"BreadcrumbList","@id":"https:\/\/www.casarredo.it\/en\/prodotto\/softshell-sedia-vitra\/#breadcrumb","itemListElement":[{"@type":"ListItem","position":1,"name":"Home","item":"https:\/\/www.casarredo.it\/en\/"},{"@type":"ListItem","position":2,"name":"Shop online","item":"https:\/\/www.casarredo.it\/en\/shop\/"},{"@type":"ListItem","position":3,"name":"SOFTSHELL SIDE CHAIR"}]},{"@type":"WebSite","@id":"https:\/\/www.casarredo.it\/en\/#website","url":"https:\/\/www.casarredo.it\/en\/","name":"Casarredo.it","description":"Design da vivere","publisher":{"@id":"https:\/\/www.casarredo.it\/en\/#organization"},"potentialAction":[{"@type":"SearchAction","target":{"@type":"EntryPoint","urlTemplate":"https:\/\/www.casarredo.it\/en\/?s={search_term_string}"},"query-input":{"@type":"PropertyValueSpecification","valueRequired":true,"valueName":"search_term_string"}}],"inLanguage":"en-US"},{"@type":"Organization","@id":"https:\/\/www.casarredo.it\/en\/#organization","name":"casarredo srl","url":"https:\/\/www.casarredo.it\/en\/","logo":{"@type":"ImageObject","inLanguage":"en-US","@id":"https:\/\/www.casarredo.it\/en\/#\/schema\/logo\/image\/","url":"https:\/\/www.casarredo.it\/wp-content\/uploads\/2018\/05\/vanity-scaled.jpg","contentUrl":"https:\/\/www.casarredo.it\/wp-content\/uploads\/2018\/05\/vanity-scaled.jpg","width":2560,"height":1848,"caption":"casarredo srl"},"image":{"@id":"https:\/\/www.casarredo.it\/en\/#\/schema\/logo\/image\/"},"sameAs":["https:\/\/www.facebook.com\/Casarredo-632870513490892","https:\/\/www.instagram.com\/casarredo_fano\/"]}]}},"_links":{"self":[{"href":"https:\/\/www.casarredo.it\/en\/wp-json\/wp\/v2\/product\/30651","targetHints":{"allow":["GET"]}}],"collection":[{"href":"https:\/\/www.casarredo.it\/en\/wp-json\/wp\/v2\/product"}],"about":[{"href":"https:\/\/www.casarredo.it\/en\/wp-json\/wp\/v2\/types\/product"}],"wp:featuredmedia":[{"embeddable":true,"href":"https:\/\/www.casarredo.it\/en\/wp-json\/wp\/v2\/media\/30661"}],"wp:attachment":[{"href":"https:\/\/www.casarredo.it\/en\/wp-json\/wp\/v2\/media?parent=30651"}],"wp:term":[{"taxonomy":"product_brand","embeddable":true,"href":"https:\/\/www.casarredo.it\/en\/wp-json\/wp\/v2\/product_brand?post=30651"},{"taxonomy":"product_cat","embeddable":true,"href":"https:\/\/www.casarredo.it\/en\/wp-json\/wp\/v2\/product_cat?post=30651"},{"taxonomy":"product_tag","embeddable":true,"href":"https:\/\/www.casarredo.it\/en\/wp-json\/wp\/v2\/product_tag?post=30651"}],"curies":[{"name":"wp","href":"https:\/\/api.w.org\/{rel}","templated":true}]}}