{"id":30638,"date":"2024-08-23T11:19:21","date_gmt":"2024-08-23T09:19:21","guid":{"rendered":"https:\/\/www.casarredo.it\/?post_type=product&#038;p=30638"},"modified":"2025-09-25T12:44:50","modified_gmt":"2025-09-25T10:44:50","slug":"adjustable-tables-54","status":"publish","type":"product","link":"https:\/\/www.casarredo.it\/en\/prodotto\/adjustable-tables-54\/","title":{"rendered":"ADJUSTABLE TABLES"},"content":{"rendered":"<p>&nbsp;<\/p>\n<h1>ADJUSTABLE TABLES<\/h1>\n<h2>EYLEEN GRAY<\/h2>\n<p>Adjustable table.<\/p>\n<p>ADJUSTABLE\u00a0 TABLES Nel 1924, Eileen Gray in collaborazione con l&#8217;architetto rumeno Jean Badovici inizia a lavorare alla casa E-1027. Incaricata del suo arredamento, crea questo tavolino molto innovativo per l&#8217;epoca. Il lusso cede il posto alla semplicit\u00e0 e ad una forma pratica. Il piano in vetro \u00e8 regolabile in altezza, grazie ad una gamba scorrevole. Eileen Gray \u00e8 una delle prime ad utilizzare strutture tubolari in acciaio con Marcel Breuer, Gerrit Rietveld e Charlotte Perriand. Creato nel 1927, questo tavolino sorprende per la sua modernit\u00e0: potrebbe trattarsi di una creazione dei nostri giorni.<\/p>\n<p>Prodotto da Archilab<\/p>\n","protected":false},"excerpt":{"rendered":"<p>ADJUSTABLE\u00a0 TABLES Nel 1924, Eileen Gray in collaborazione con l&#8217;architetto rumeno Jean Badovici inizia a lavorare alla casa E-1027. Incaricata del suo arredamento, crea questo tavolino molto innovativo per l&#8217;epoca. Il lusso cede il posto alla semplicit\u00e0 e ad una forma pratica. Il piano in vetro \u00e8 regolabile in altezza, grazie ad una gamba scorrevole. Eileen Gray \u00e8 una delle prime ad utilizzare strutture tubolari in acciaio con Marcel Breuer, Gerrit Rietveld e Charlotte Perriand. Creato nel 1927, questo tavolino sorprende per la sua modernit\u00e0: potrebbe trattarsi di una creazione dei nostri giorni.<\/p>\n","protected":false},"featured_media":16384,"template":"","meta":[],"product_brand":[],"product_cat":[2942,363,737],"product_tag":[2608,2609,2980,1360],"class_list":{"0":"post-30638","1":"product","2":"type-product","3":"status-publish","4":"has-post-thumbnail","6":"product_cat-alivar","7":"product_cat-complementi","8":"product_cat-tavoli-bassi","9":"product_tag-eyleen","10":"product_tag-eyleen-gray","11":"product_tag-museum","12":"product_tag-tavolino","13":"product_shipping_class-standard","15":"first","16":"onbackorder","17":"sale","18":"shipping-taxable","19":"purchasable","20":"product-type-simple","21":"add-to-wishlist-after_add_to_cart"},"yoast_head":"<!-- This site is optimized with the Yoast SEO plugin v27.4 - https:\/\/yoast.com\/product\/yoast-seo-wordpress\/ -->\n<title>ADJUSTABLE TABLES &#8212; Casarredo.it<\/title>\n<meta name=\"description\" content=\"ADJUSTABLE TABLES tavolino regolabile disegnato da Eileen Gray nel 1924. Materiale: metallo cromato e cristallo.\" \/>\n<meta name=\"robots\" content=\"index, follow, max-snippet:-1, max-image-preview:large, max-video-preview:-1\" \/>\n<link rel=\"canonical\" href=\"https:\/\/www.casarredo.it\/en\/prodotto\/adjustable-tables-54\/\" \/>\n<meta property=\"og:locale\" content=\"en_US\" \/>\n<meta property=\"og:type\" content=\"article\" \/>\n<meta property=\"og:title\" content=\"ADJUSTABLE TABLES &#8212; Casarredo.it\" \/>\n<meta property=\"og:description\" content=\"ADJUSTABLE TABLES tavolino regolabile disegnato da Eileen Gray nel 1924. Materiale: metallo cromato e cristallo.\" \/>\n<meta property=\"og:url\" content=\"https:\/\/www.casarredo.it\/en\/prodotto\/adjustable-tables-54\/\" \/>\n<meta property=\"og:site_name\" content=\"Casarredo.it\" \/>\n<meta property=\"article:publisher\" content=\"https:\/\/www.facebook.com\/Casarredo-632870513490892\" \/>\n<meta property=\"article:modified_time\" content=\"2025-09-25T10:44:50+00:00\" \/>\n<meta property=\"og:image\" content=\"https:\/\/www.casarredo.it\/wp-content\/uploads\/2019\/06\/adjustable-2.jpg\" \/>\n\t<meta property=\"og:image:width\" content=\"800\" \/>\n\t<meta property=\"og:image:height\" content=\"700\" \/>\n\t<meta property=\"og:image:type\" content=\"image\/jpeg\" \/>\n<meta name=\"twitter:card\" content=\"summary_large_image\" \/>\n<meta name=\"twitter:label1\" content=\"Est. reading time\" \/>\n\t<meta name=\"twitter:data1\" content=\"1 minute\" \/>\n<script type=\"application\/ld+json\" class=\"yoast-schema-graph\">{\"@context\":\"https:\\\/\\\/schema.org\",\"@graph\":[{\"@type\":\"WebPage\",\"@id\":\"https:\\\/\\\/www.casarredo.it\\\/en\\\/prodotto\\\/adjustable-tables-54\\\/\",\"url\":\"https:\\\/\\\/www.casarredo.it\\\/en\\\/prodotto\\\/adjustable-tables-54\\\/\",\"name\":\"ADJUSTABLE TABLES &#8212; Casarredo.it\",\"isPartOf\":{\"@id\":\"https:\\\/\\\/www.casarredo.it\\\/en\\\/#website\"},\"primaryImageOfPage\":{\"@id\":\"https:\\\/\\\/www.casarredo.it\\\/en\\\/prodotto\\\/adjustable-tables-54\\\/#primaryimage\"},\"image\":{\"@id\":\"https:\\\/\\\/www.casarredo.it\\\/en\\\/prodotto\\\/adjustable-tables-54\\\/#primaryimage\"},\"thumbnailUrl\":\"https:\\\/\\\/www.casarredo.it\\\/wp-content\\\/uploads\\\/2019\\\/06\\\/adjustable-2.jpg\",\"datePublished\":\"2024-08-23T09:19:21+00:00\",\"dateModified\":\"2025-09-25T10:44:50+00:00\",\"description\":\"ADJUSTABLE TABLES tavolino regolabile disegnato da Eileen Gray nel 1924. Materiale: metallo cromato e cristallo.\",\"breadcrumb\":{\"@id\":\"https:\\\/\\\/www.casarredo.it\\\/en\\\/prodotto\\\/adjustable-tables-54\\\/#breadcrumb\"},\"inLanguage\":\"en-US\",\"potentialAction\":[{\"@type\":\"ReadAction\",\"target\":[\"https:\\\/\\\/www.casarredo.it\\\/en\\\/prodotto\\\/adjustable-tables-54\\\/\"]}]},{\"@type\":\"ImageObject\",\"inLanguage\":\"en-US\",\"@id\":\"https:\\\/\\\/www.casarredo.it\\\/en\\\/prodotto\\\/adjustable-tables-54\\\/#primaryimage\",\"url\":\"https:\\\/\\\/www.casarredo.it\\\/wp-content\\\/uploads\\\/2019\\\/06\\\/adjustable-2.jpg\",\"contentUrl\":\"https:\\\/\\\/www.casarredo.it\\\/wp-content\\\/uploads\\\/2019\\\/06\\\/adjustable-2.jpg\",\"width\":800,\"height\":700},{\"@type\":\"BreadcrumbList\",\"@id\":\"https:\\\/\\\/www.casarredo.it\\\/en\\\/prodotto\\\/adjustable-tables-54\\\/#breadcrumb\",\"itemListElement\":[{\"@type\":\"ListItem\",\"position\":1,\"name\":\"Home\",\"item\":\"https:\\\/\\\/www.casarredo.it\\\/en\\\/\"},{\"@type\":\"ListItem\",\"position\":2,\"name\":\"Shop online\",\"item\":\"https:\\\/\\\/www.casarredo.it\\\/en\\\/shop\\\/\"},{\"@type\":\"ListItem\",\"position\":3,\"name\":\"ADJUSTABLE TABLES\"}]},{\"@type\":\"WebSite\",\"@id\":\"https:\\\/\\\/www.casarredo.it\\\/en\\\/#website\",\"url\":\"https:\\\/\\\/www.casarredo.it\\\/en\\\/\",\"name\":\"Casarredo.it\",\"description\":\"Design da vivere\",\"publisher\":{\"@id\":\"https:\\\/\\\/www.casarredo.it\\\/en\\\/#organization\"},\"potentialAction\":[{\"@type\":\"SearchAction\",\"target\":{\"@type\":\"EntryPoint\",\"urlTemplate\":\"https:\\\/\\\/www.casarredo.it\\\/en\\\/?s={search_term_string}\"},\"query-input\":{\"@type\":\"PropertyValueSpecification\",\"valueRequired\":true,\"valueName\":\"search_term_string\"}}],\"inLanguage\":\"en-US\"},{\"@type\":\"Organization\",\"@id\":\"https:\\\/\\\/www.casarredo.it\\\/en\\\/#organization\",\"name\":\"casarredo srl\",\"url\":\"https:\\\/\\\/www.casarredo.it\\\/en\\\/\",\"logo\":{\"@type\":\"ImageObject\",\"inLanguage\":\"en-US\",\"@id\":\"https:\\\/\\\/www.casarredo.it\\\/en\\\/#\\\/schema\\\/logo\\\/image\\\/\",\"url\":\"https:\\\/\\\/www.casarredo.it\\\/wp-content\\\/uploads\\\/2018\\\/05\\\/vanity-scaled.jpg\",\"contentUrl\":\"https:\\\/\\\/www.casarredo.it\\\/wp-content\\\/uploads\\\/2018\\\/05\\\/vanity-scaled.jpg\",\"width\":2560,\"height\":1848,\"caption\":\"casarredo srl\"},\"image\":{\"@id\":\"https:\\\/\\\/www.casarredo.it\\\/en\\\/#\\\/schema\\\/logo\\\/image\\\/\"},\"sameAs\":[\"https:\\\/\\\/www.facebook.com\\\/Casarredo-632870513490892\",\"https:\\\/\\\/www.instagram.com\\\/casarredo_fano\\\/\"]}]}<\/script>\n<!-- \/ Yoast SEO plugin. -->","yoast_head_json":{"title":"ADJUSTABLE TABLES &#8212; Casarredo.it","description":"ADJUSTABLE TABLES tavolino regolabile disegnato da Eileen Gray nel 1924. Materiale: metallo cromato e cristallo.","robots":{"index":"index","follow":"follow","max-snippet":"max-snippet:-1","max-image-preview":"max-image-preview:large","max-video-preview":"max-video-preview:-1"},"canonical":"https:\/\/www.casarredo.it\/en\/prodotto\/adjustable-tables-54\/","og_locale":"en_US","og_type":"article","og_title":"ADJUSTABLE TABLES &#8212; Casarredo.it","og_description":"ADJUSTABLE TABLES tavolino regolabile disegnato da Eileen Gray nel 1924. Materiale: metallo cromato e cristallo.","og_url":"https:\/\/www.casarredo.it\/en\/prodotto\/adjustable-tables-54\/","og_site_name":"Casarredo.it","article_publisher":"https:\/\/www.facebook.com\/Casarredo-632870513490892","article_modified_time":"2025-09-25T10:44:50+00:00","og_image":[{"width":800,"height":700,"url":"https:\/\/www.casarredo.it\/wp-content\/uploads\/2019\/06\/adjustable-2.jpg","type":"image\/jpeg"}],"twitter_card":"summary_large_image","twitter_misc":{"Est. reading time":"1 minute"},"schema":{"@context":"https:\/\/schema.org","@graph":[{"@type":"WebPage","@id":"https:\/\/www.casarredo.it\/en\/prodotto\/adjustable-tables-54\/","url":"https:\/\/www.casarredo.it\/en\/prodotto\/adjustable-tables-54\/","name":"ADJUSTABLE TABLES &#8212; Casarredo.it","isPartOf":{"@id":"https:\/\/www.casarredo.it\/en\/#website"},"primaryImageOfPage":{"@id":"https:\/\/www.casarredo.it\/en\/prodotto\/adjustable-tables-54\/#primaryimage"},"image":{"@id":"https:\/\/www.casarredo.it\/en\/prodotto\/adjustable-tables-54\/#primaryimage"},"thumbnailUrl":"https:\/\/www.casarredo.it\/wp-content\/uploads\/2019\/06\/adjustable-2.jpg","datePublished":"2024-08-23T09:19:21+00:00","dateModified":"2025-09-25T10:44:50+00:00","description":"ADJUSTABLE TABLES tavolino regolabile disegnato da Eileen Gray nel 1924. Materiale: metallo cromato e cristallo.","breadcrumb":{"@id":"https:\/\/www.casarredo.it\/en\/prodotto\/adjustable-tables-54\/#breadcrumb"},"inLanguage":"en-US","potentialAction":[{"@type":"ReadAction","target":["https:\/\/www.casarredo.it\/en\/prodotto\/adjustable-tables-54\/"]}]},{"@type":"ImageObject","inLanguage":"en-US","@id":"https:\/\/www.casarredo.it\/en\/prodotto\/adjustable-tables-54\/#primaryimage","url":"https:\/\/www.casarredo.it\/wp-content\/uploads\/2019\/06\/adjustable-2.jpg","contentUrl":"https:\/\/www.casarredo.it\/wp-content\/uploads\/2019\/06\/adjustable-2.jpg","width":800,"height":700},{"@type":"BreadcrumbList","@id":"https:\/\/www.casarredo.it\/en\/prodotto\/adjustable-tables-54\/#breadcrumb","itemListElement":[{"@type":"ListItem","position":1,"name":"Home","item":"https:\/\/www.casarredo.it\/en\/"},{"@type":"ListItem","position":2,"name":"Shop online","item":"https:\/\/www.casarredo.it\/en\/shop\/"},{"@type":"ListItem","position":3,"name":"ADJUSTABLE TABLES"}]},{"@type":"WebSite","@id":"https:\/\/www.casarredo.it\/en\/#website","url":"https:\/\/www.casarredo.it\/en\/","name":"Casarredo.it","description":"Design da vivere","publisher":{"@id":"https:\/\/www.casarredo.it\/en\/#organization"},"potentialAction":[{"@type":"SearchAction","target":{"@type":"EntryPoint","urlTemplate":"https:\/\/www.casarredo.it\/en\/?s={search_term_string}"},"query-input":{"@type":"PropertyValueSpecification","valueRequired":true,"valueName":"search_term_string"}}],"inLanguage":"en-US"},{"@type":"Organization","@id":"https:\/\/www.casarredo.it\/en\/#organization","name":"casarredo srl","url":"https:\/\/www.casarredo.it\/en\/","logo":{"@type":"ImageObject","inLanguage":"en-US","@id":"https:\/\/www.casarredo.it\/en\/#\/schema\/logo\/image\/","url":"https:\/\/www.casarredo.it\/wp-content\/uploads\/2018\/05\/vanity-scaled.jpg","contentUrl":"https:\/\/www.casarredo.it\/wp-content\/uploads\/2018\/05\/vanity-scaled.jpg","width":2560,"height":1848,"caption":"casarredo srl"},"image":{"@id":"https:\/\/www.casarredo.it\/en\/#\/schema\/logo\/image\/"},"sameAs":["https:\/\/www.facebook.com\/Casarredo-632870513490892","https:\/\/www.instagram.com\/casarredo_fano\/"]}]}},"_links":{"self":[{"href":"https:\/\/www.casarredo.it\/en\/wp-json\/wp\/v2\/product\/30638","targetHints":{"allow":["GET"]}}],"collection":[{"href":"https:\/\/www.casarredo.it\/en\/wp-json\/wp\/v2\/product"}],"about":[{"href":"https:\/\/www.casarredo.it\/en\/wp-json\/wp\/v2\/types\/product"}],"wp:featuredmedia":[{"embeddable":true,"href":"https:\/\/www.casarredo.it\/en\/wp-json\/wp\/v2\/media\/16384"}],"wp:attachment":[{"href":"https:\/\/www.casarredo.it\/en\/wp-json\/wp\/v2\/media?parent=30638"}],"wp:term":[{"taxonomy":"product_brand","embeddable":true,"href":"https:\/\/www.casarredo.it\/en\/wp-json\/wp\/v2\/product_brand?post=30638"},{"taxonomy":"product_cat","embeddable":true,"href":"https:\/\/www.casarredo.it\/en\/wp-json\/wp\/v2\/product_cat?post=30638"},{"taxonomy":"product_tag","embeddable":true,"href":"https:\/\/www.casarredo.it\/en\/wp-json\/wp\/v2\/product_tag?post=30638"}],"curies":[{"name":"wp","href":"https:\/\/api.w.org\/{rel}","templated":true}]}}