{"id":30635,"date":"2024-08-23T11:01:10","date_gmt":"2024-08-23T09:01:10","guid":{"rendered":"https:\/\/www.casarredo.it\/?post_type=product&#038;p=30635"},"modified":"2025-12-20T17:18:44","modified_gmt":"2025-12-20T16:18:44","slug":"poltrona-eames-palissandro-pelle-nera","status":"publish","type":"product","link":"https:\/\/www.casarredo.it\/en\/prodotto\/poltrona-eames-palissandro-pelle-nera\/","title":{"rendered":"POLTRONA E PUF EAMES PALISSANDRO PELLE NERA"},"content":{"rendered":"<div>Poltrona Eames palissandro pelle nera<\/div>\n<div><\/div>\n<div class=\"overflow\">\n<div class=\"split-text__line\">Poltrona Eames .Questa poltrona con poggiapiedi \u00e8, certamente, non solo il pezzo<\/div>\n<div class=\"split-text__line\">pi\u00f9 conosciuto di Charles eRay Eames, ma anche una delle poltrone moderne pi\u00f9 famose.<\/div>\n<div class=\"split-text__line\">Come &#8220;status symbol&#8221;<\/div>\n<\/div>\n<div class=\"overflow\">\n<div class=\"split-text__line\">raggiunge il livello della poltrona che Mies Van Der Rohe realizz\u00f2 per il Padiglione di<\/div>\n<\/div>\n<div class=\"overflow\">\n<div class=\"split-text__line\">Barcellona. Inoltre \u00e8 famosa per essere una delle pi\u00f9 lussuose e comode poltrone moderne<\/div>\n<\/div>\n<div class=\"overflow\">\n<div class=\"split-text__line\">mai prodotte. Rappresenter\u00e0 un notevole contributo degli Eames al disegno moderno degli<\/div>\n<\/div>\n<div class=\"overflow\">\n<div class=\"split-text__line\">anni Cinquanta, liberato dalle austere e geometriche forme del design degli anni Venti, verso<\/div>\n<\/div>\n<div class=\"overflow\">\n<div class=\"split-text__line\">forme scolpite ed organiche. La notevole base a cinque razze in alluminio dipinto nero con<\/div>\n<\/div>\n<div class=\"overflow\">\n<div class=\"split-text__line\">parte superiore lucidata fu la prima base in alluminio in pressofusione disegnata da Eames,<\/div>\n<\/div>\n<div class=\"overflow\">\n<div class=\"split-text__line\">ed \u00e8 una delle parti pi\u00f9 caratteristiche della poltrona.<\/div>\n<div>\n<div class=\"elementor-element elementor-element-c3cad50 jltma-glass-effect-no elementor-widget elementor-widget-rhye-widget-content-block\" data-id=\"c3cad50\" data-element_type=\"widget\" data-widget_type=\"rhye-widget-content-block.default\">\n<div class=\"elementor-widget-container\">\n<div class=\"section section-content clearfix pt-xsmall \" data-arts-os-animation=\"animated\">\n<div class=\"section-content__inner\">\n<div class=\"section-content__wrapper-content\">\n<div class=\"section-content__text split-text\" data-split-text-type=\"lines\" data-split-text-set=\"lines\">\n<div class=\"overflow\">\n<div class=\"split-text__line\">717 &#8211; 716<\/div>\n<\/div>\n<p>Poltrona girevole in multistrato curvato impiallacciato palissandro, ciliegio o laccato nero. Schienale e seduta imbottiti e rivestiti in pelle o tessuto. Basamento in fusione di alluminio.<\/p>\n<\/div>\n<\/div>\n<\/div>\n<\/div>\n<\/div>\n<\/div>\n<div class=\"elementor-element elementor-element-aad729a jltma-glass-effect-no elementor-widget elementor-widget-ma-table\" data-id=\"aad729a\" data-element_type=\"widget\" data-widget_type=\"ma-table.default\">\n<div class=\"elementor-widget-container\">\n<table class=\"jltma-table table \">\n<tbody class=\"jltma-table-body\">\n<tr>\n<td class=\"elementor-repeater-item-63e558b\" data-column=\"COD: 717\">L.\/W.<\/td>\n<td class=\"elementor-repeater-item-444ce2f\" data-column=\"\">H.<\/td>\n<td class=\"elementor-repeater-item-0525490\" data-column=\"\">P.\/D.<\/td>\n<\/tr>\n<tr>\n<td class=\"elementor-repeater-item-520618c\" data-column=\"COD: 717\">86<\/td>\n<td class=\"elementor-repeater-item-d4ed955\" data-column=\"\">86<\/td>\n<td class=\"elementor-repeater-item-e43fb63\" data-column=\"\">80<\/td>\n<td class=\"elementor-repeater-item-9f5d5d3\" data-column=\"\">CM<\/td>\n<\/tr>\n<tr>\n<td class=\"elementor-repeater-item-e3171e9\" data-column=\"COD: 717\">W.<\/td>\n<td class=\"elementor-repeater-item-e7f76cd\" data-column=\"\">H.<\/td>\n<td class=\"elementor-repeater-item-338443e\" data-column=\"\">D.<\/td>\n<\/tr>\n<tr>\n<td class=\"elementor-repeater-item-ffe82dc\" data-column=\"COD: 717\">33,8\u2033<\/td>\n<td class=\"elementor-repeater-item-dc024bd\" data-column=\"\">33,8\u2033<\/td>\n<td class=\"elementor-repeater-item-c04c0fb\" data-column=\"\">31,5<\/td>\n<\/tr>\n<\/tbody>\n<\/table>\n<\/div>\n<\/div>\n<\/div>\n<\/div>\n","protected":false},"excerpt":{"rendered":"<p>Questa poltrona con poggiapiedi \u00e8, certamente, non solo il pezzo pi\u00f9 conosciuto di Charles eRay Eames, ma anche una delle poltrone moderne pi\u00f9 famose. Come &#8220;status symbol&#8221;raggiunge il livello della poltrona che Mies Van Der Rohe realizz\u00f2 per il Padiglione diBarcellona. Inoltre \u00e8 famosa per essere una delle pi\u00f9 lussuose e comode poltrone modernemai prodotte. Rappresenter\u00e0 un notevole contributo degli Eames al disegno moderno deglianni Cinquanta, liberato dalle austere e geometriche forme del design degli anni Venti, versoforme scolpite ed organiche. La notevole base a cinque razze in alluminio dipinto nero conparte superiore lucidata fu la prima base in alluminio in pressofusione disegnata da Eames,ed \u00e8 una delle parti pi\u00f9 caratteristiche della poltrona.<\/p>\n","protected":false},"featured_media":30636,"template":"","meta":[],"product_brand":[],"product_cat":[2942,672,367],"product_tag":[906,2980,1633],"class_list":{"0":"post-30635","1":"product","2":"type-product","3":"status-publish","4":"has-post-thumbnail","6":"product_cat-alivar","7":"product_cat-poltrone","8":"product_cat-zona-giorno","9":"product_tag-eames","10":"product_tag-museum","11":"product_tag-poltrona","13":"first","14":"onbackorder","15":"sale","16":"shipping-taxable","17":"purchasable","18":"product-type-simple","19":"add-to-wishlist-after_add_to_cart"},"yoast_head":"<!-- This site is optimized with the Yoast SEO plugin v27.4 - https:\/\/yoast.com\/product\/yoast-seo-wordpress\/ -->\n<title>POLTRONA E PUF EAMES PALISSANDRO PELLE NERA &#8212; Casarredo.it<\/title>\n<meta name=\"description\" content=\"Questa poltrona con poggiapiedi \u00e8, certamente, non solo il pezzo pi\u00f9 conosciuto di Charles eRay Eames, ma anche una delle poltrone moderne pi\u00f9 famose. Come &quot;status symbol&quot; raggiunge il livello della poltrona che Mies Van Der Rohe realizz\u00f2 per il Padiglione di Barcellona. Inoltre \u00e8 famosa per essere una delle pi\u00f9 lussuose e comode poltrone moderne mai prodotte. Rappresenter\u00e0 un notevole contributo degli Eames al disegno moderno degli anni Cinquanta, liberato dalle austere e geometriche forme del design degli anni Venti, versoforme scolpite ed organiche. La notevole base a cinque razze in alluminio verniciato nero con parte superiore lucidata fu la prima base in alluminio in pressofusione disegnata da Eames, ed \u00e8 una delle parti pi\u00f9 caratteristiche della poltrona.\" \/>\n<meta name=\"robots\" content=\"index, follow, max-snippet:-1, max-image-preview:large, max-video-preview:-1\" \/>\n<link rel=\"canonical\" href=\"https:\/\/www.casarredo.it\/en\/prodotto\/poltrona-eames-palissandro-pelle-nera\/\" \/>\n<meta property=\"og:locale\" content=\"en_US\" \/>\n<meta property=\"og:type\" content=\"article\" \/>\n<meta property=\"og:title\" content=\"POLTRONA E PUF EAMES PALISSANDRO PELLE NERA &#8212; Casarredo.it\" \/>\n<meta property=\"og:description\" content=\"Questa poltrona con poggiapiedi \u00e8, certamente, non solo il pezzo pi\u00f9 conosciuto di Charles eRay Eames, ma anche una delle poltrone moderne pi\u00f9 famose. Come &quot;status symbol&quot; raggiunge il livello della poltrona che Mies Van Der Rohe realizz\u00f2 per il Padiglione di Barcellona. Inoltre \u00e8 famosa per essere una delle pi\u00f9 lussuose e comode poltrone moderne mai prodotte. Rappresenter\u00e0 un notevole contributo degli Eames al disegno moderno degli anni Cinquanta, liberato dalle austere e geometriche forme del design degli anni Venti, versoforme scolpite ed organiche. La notevole base a cinque razze in alluminio verniciato nero con parte superiore lucidata fu la prima base in alluminio in pressofusione disegnata da Eames, ed \u00e8 una delle parti pi\u00f9 caratteristiche della poltrona.\" \/>\n<meta property=\"og:url\" content=\"https:\/\/www.casarredo.it\/en\/prodotto\/poltrona-eames-palissandro-pelle-nera\/\" \/>\n<meta property=\"og:site_name\" content=\"Casarredo.it\" \/>\n<meta property=\"article:publisher\" content=\"https:\/\/www.facebook.com\/Casarredo-632870513490892\" \/>\n<meta property=\"article:modified_time\" content=\"2025-12-20T16:18:44+00:00\" \/>\n<meta property=\"og:image\" content=\"https:\/\/www.casarredo.it\/wp-content\/uploads\/2024\/08\/717716-EAMES.webp\" \/>\n\t<meta property=\"og:image:width\" content=\"600\" \/>\n\t<meta property=\"og:image:height\" content=\"600\" \/>\n\t<meta property=\"og:image:type\" content=\"image\/webp\" \/>\n<meta name=\"twitter:card\" content=\"summary_large_image\" \/>\n<meta name=\"twitter:label1\" content=\"Est. reading time\" \/>\n\t<meta name=\"twitter:data1\" content=\"2 minutes\" \/>\n<script type=\"application\/ld+json\" class=\"yoast-schema-graph\">{\"@context\":\"https:\\\/\\\/schema.org\",\"@graph\":[{\"@type\":\"WebPage\",\"@id\":\"https:\\\/\\\/www.casarredo.it\\\/en\\\/prodotto\\\/poltrona-eames-palissandro-pelle-nera\\\/\",\"url\":\"https:\\\/\\\/www.casarredo.it\\\/en\\\/prodotto\\\/poltrona-eames-palissandro-pelle-nera\\\/\",\"name\":\"POLTRONA E PUF EAMES PALISSANDRO PELLE NERA &#8212; Casarredo.it\",\"isPartOf\":{\"@id\":\"https:\\\/\\\/www.casarredo.it\\\/en\\\/#website\"},\"primaryImageOfPage\":{\"@id\":\"https:\\\/\\\/www.casarredo.it\\\/en\\\/prodotto\\\/poltrona-eames-palissandro-pelle-nera\\\/#primaryimage\"},\"image\":{\"@id\":\"https:\\\/\\\/www.casarredo.it\\\/en\\\/prodotto\\\/poltrona-eames-palissandro-pelle-nera\\\/#primaryimage\"},\"thumbnailUrl\":\"https:\\\/\\\/www.casarredo.it\\\/wp-content\\\/uploads\\\/2024\\\/08\\\/717716-EAMES.webp\",\"datePublished\":\"2024-08-23T09:01:10+00:00\",\"dateModified\":\"2025-12-20T16:18:44+00:00\",\"description\":\"Questa poltrona con poggiapiedi \u00e8, certamente, non solo il pezzo pi\u00f9 conosciuto di Charles eRay Eames, ma anche una delle poltrone moderne pi\u00f9 famose. Come \\\"status symbol\\\" raggiunge il livello della poltrona che Mies Van Der Rohe realizz\u00f2 per il Padiglione di Barcellona. Inoltre \u00e8 famosa per essere una delle pi\u00f9 lussuose e comode poltrone moderne mai prodotte. Rappresenter\u00e0 un notevole contributo degli Eames al disegno moderno degli anni Cinquanta, liberato dalle austere e geometriche forme del design degli anni Venti, versoforme scolpite ed organiche. La notevole base a cinque razze in alluminio verniciato nero con parte superiore lucidata fu la prima base in alluminio in pressofusione disegnata da Eames, ed \u00e8 una delle parti pi\u00f9 caratteristiche della poltrona.\",\"breadcrumb\":{\"@id\":\"https:\\\/\\\/www.casarredo.it\\\/en\\\/prodotto\\\/poltrona-eames-palissandro-pelle-nera\\\/#breadcrumb\"},\"inLanguage\":\"en-US\",\"potentialAction\":[{\"@type\":\"ReadAction\",\"target\":[\"https:\\\/\\\/www.casarredo.it\\\/en\\\/prodotto\\\/poltrona-eames-palissandro-pelle-nera\\\/\"]}]},{\"@type\":\"ImageObject\",\"inLanguage\":\"en-US\",\"@id\":\"https:\\\/\\\/www.casarredo.it\\\/en\\\/prodotto\\\/poltrona-eames-palissandro-pelle-nera\\\/#primaryimage\",\"url\":\"https:\\\/\\\/www.casarredo.it\\\/wp-content\\\/uploads\\\/2024\\\/08\\\/717716-EAMES.webp\",\"contentUrl\":\"https:\\\/\\\/www.casarredo.it\\\/wp-content\\\/uploads\\\/2024\\\/08\\\/717716-EAMES.webp\",\"width\":600,\"height\":600},{\"@type\":\"BreadcrumbList\",\"@id\":\"https:\\\/\\\/www.casarredo.it\\\/en\\\/prodotto\\\/poltrona-eames-palissandro-pelle-nera\\\/#breadcrumb\",\"itemListElement\":[{\"@type\":\"ListItem\",\"position\":1,\"name\":\"Home\",\"item\":\"https:\\\/\\\/www.casarredo.it\\\/en\\\/\"},{\"@type\":\"ListItem\",\"position\":2,\"name\":\"Shop online\",\"item\":\"https:\\\/\\\/www.casarredo.it\\\/en\\\/shop\\\/\"},{\"@type\":\"ListItem\",\"position\":3,\"name\":\"POLTRONA E PUF EAMES PALISSANDRO PELLE NERA\"}]},{\"@type\":\"WebSite\",\"@id\":\"https:\\\/\\\/www.casarredo.it\\\/en\\\/#website\",\"url\":\"https:\\\/\\\/www.casarredo.it\\\/en\\\/\",\"name\":\"Casarredo.it\",\"description\":\"Design da vivere\",\"publisher\":{\"@id\":\"https:\\\/\\\/www.casarredo.it\\\/en\\\/#organization\"},\"potentialAction\":[{\"@type\":\"SearchAction\",\"target\":{\"@type\":\"EntryPoint\",\"urlTemplate\":\"https:\\\/\\\/www.casarredo.it\\\/en\\\/?s={search_term_string}\"},\"query-input\":{\"@type\":\"PropertyValueSpecification\",\"valueRequired\":true,\"valueName\":\"search_term_string\"}}],\"inLanguage\":\"en-US\"},{\"@type\":\"Organization\",\"@id\":\"https:\\\/\\\/www.casarredo.it\\\/en\\\/#organization\",\"name\":\"casarredo srl\",\"url\":\"https:\\\/\\\/www.casarredo.it\\\/en\\\/\",\"logo\":{\"@type\":\"ImageObject\",\"inLanguage\":\"en-US\",\"@id\":\"https:\\\/\\\/www.casarredo.it\\\/en\\\/#\\\/schema\\\/logo\\\/image\\\/\",\"url\":\"https:\\\/\\\/www.casarredo.it\\\/wp-content\\\/uploads\\\/2018\\\/05\\\/vanity-scaled.jpg\",\"contentUrl\":\"https:\\\/\\\/www.casarredo.it\\\/wp-content\\\/uploads\\\/2018\\\/05\\\/vanity-scaled.jpg\",\"width\":2560,\"height\":1848,\"caption\":\"casarredo srl\"},\"image\":{\"@id\":\"https:\\\/\\\/www.casarredo.it\\\/en\\\/#\\\/schema\\\/logo\\\/image\\\/\"},\"sameAs\":[\"https:\\\/\\\/www.facebook.com\\\/Casarredo-632870513490892\",\"https:\\\/\\\/www.instagram.com\\\/casarredo_fano\\\/\"]}]}<\/script>\n<!-- \/ Yoast SEO plugin. -->","yoast_head_json":{"title":"POLTRONA E PUF EAMES PALISSANDRO PELLE NERA &#8212; Casarredo.it","description":"Questa poltrona con poggiapiedi \u00e8, certamente, non solo il pezzo pi\u00f9 conosciuto di Charles eRay Eames, ma anche una delle poltrone moderne pi\u00f9 famose. Come \"status symbol\" raggiunge il livello della poltrona che Mies Van Der Rohe realizz\u00f2 per il Padiglione di Barcellona. Inoltre \u00e8 famosa per essere una delle pi\u00f9 lussuose e comode poltrone moderne mai prodotte. Rappresenter\u00e0 un notevole contributo degli Eames al disegno moderno degli anni Cinquanta, liberato dalle austere e geometriche forme del design degli anni Venti, versoforme scolpite ed organiche. La notevole base a cinque razze in alluminio verniciato nero con parte superiore lucidata fu la prima base in alluminio in pressofusione disegnata da Eames, ed \u00e8 una delle parti pi\u00f9 caratteristiche della poltrona.","robots":{"index":"index","follow":"follow","max-snippet":"max-snippet:-1","max-image-preview":"max-image-preview:large","max-video-preview":"max-video-preview:-1"},"canonical":"https:\/\/www.casarredo.it\/en\/prodotto\/poltrona-eames-palissandro-pelle-nera\/","og_locale":"en_US","og_type":"article","og_title":"POLTRONA E PUF EAMES PALISSANDRO PELLE NERA &#8212; Casarredo.it","og_description":"Questa poltrona con poggiapiedi \u00e8, certamente, non solo il pezzo pi\u00f9 conosciuto di Charles eRay Eames, ma anche una delle poltrone moderne pi\u00f9 famose. Come \"status symbol\" raggiunge il livello della poltrona che Mies Van Der Rohe realizz\u00f2 per il Padiglione di Barcellona. Inoltre \u00e8 famosa per essere una delle pi\u00f9 lussuose e comode poltrone moderne mai prodotte. Rappresenter\u00e0 un notevole contributo degli Eames al disegno moderno degli anni Cinquanta, liberato dalle austere e geometriche forme del design degli anni Venti, versoforme scolpite ed organiche. La notevole base a cinque razze in alluminio verniciato nero con parte superiore lucidata fu la prima base in alluminio in pressofusione disegnata da Eames, ed \u00e8 una delle parti pi\u00f9 caratteristiche della poltrona.","og_url":"https:\/\/www.casarredo.it\/en\/prodotto\/poltrona-eames-palissandro-pelle-nera\/","og_site_name":"Casarredo.it","article_publisher":"https:\/\/www.facebook.com\/Casarredo-632870513490892","article_modified_time":"2025-12-20T16:18:44+00:00","og_image":[{"width":600,"height":600,"url":"https:\/\/www.casarredo.it\/wp-content\/uploads\/2024\/08\/717716-EAMES.webp","type":"image\/webp"}],"twitter_card":"summary_large_image","twitter_misc":{"Est. reading time":"2 minutes"},"schema":{"@context":"https:\/\/schema.org","@graph":[{"@type":"WebPage","@id":"https:\/\/www.casarredo.it\/en\/prodotto\/poltrona-eames-palissandro-pelle-nera\/","url":"https:\/\/www.casarredo.it\/en\/prodotto\/poltrona-eames-palissandro-pelle-nera\/","name":"POLTRONA E PUF EAMES PALISSANDRO PELLE NERA &#8212; Casarredo.it","isPartOf":{"@id":"https:\/\/www.casarredo.it\/en\/#website"},"primaryImageOfPage":{"@id":"https:\/\/www.casarredo.it\/en\/prodotto\/poltrona-eames-palissandro-pelle-nera\/#primaryimage"},"image":{"@id":"https:\/\/www.casarredo.it\/en\/prodotto\/poltrona-eames-palissandro-pelle-nera\/#primaryimage"},"thumbnailUrl":"https:\/\/www.casarredo.it\/wp-content\/uploads\/2024\/08\/717716-EAMES.webp","datePublished":"2024-08-23T09:01:10+00:00","dateModified":"2025-12-20T16:18:44+00:00","description":"Questa poltrona con poggiapiedi \u00e8, certamente, non solo il pezzo pi\u00f9 conosciuto di Charles eRay Eames, ma anche una delle poltrone moderne pi\u00f9 famose. Come \"status symbol\" raggiunge il livello della poltrona che Mies Van Der Rohe realizz\u00f2 per il Padiglione di Barcellona. Inoltre \u00e8 famosa per essere una delle pi\u00f9 lussuose e comode poltrone moderne mai prodotte. Rappresenter\u00e0 un notevole contributo degli Eames al disegno moderno degli anni Cinquanta, liberato dalle austere e geometriche forme del design degli anni Venti, versoforme scolpite ed organiche. La notevole base a cinque razze in alluminio verniciato nero con parte superiore lucidata fu la prima base in alluminio in pressofusione disegnata da Eames, ed \u00e8 una delle parti pi\u00f9 caratteristiche della poltrona.","breadcrumb":{"@id":"https:\/\/www.casarredo.it\/en\/prodotto\/poltrona-eames-palissandro-pelle-nera\/#breadcrumb"},"inLanguage":"en-US","potentialAction":[{"@type":"ReadAction","target":["https:\/\/www.casarredo.it\/en\/prodotto\/poltrona-eames-palissandro-pelle-nera\/"]}]},{"@type":"ImageObject","inLanguage":"en-US","@id":"https:\/\/www.casarredo.it\/en\/prodotto\/poltrona-eames-palissandro-pelle-nera\/#primaryimage","url":"https:\/\/www.casarredo.it\/wp-content\/uploads\/2024\/08\/717716-EAMES.webp","contentUrl":"https:\/\/www.casarredo.it\/wp-content\/uploads\/2024\/08\/717716-EAMES.webp","width":600,"height":600},{"@type":"BreadcrumbList","@id":"https:\/\/www.casarredo.it\/en\/prodotto\/poltrona-eames-palissandro-pelle-nera\/#breadcrumb","itemListElement":[{"@type":"ListItem","position":1,"name":"Home","item":"https:\/\/www.casarredo.it\/en\/"},{"@type":"ListItem","position":2,"name":"Shop online","item":"https:\/\/www.casarredo.it\/en\/shop\/"},{"@type":"ListItem","position":3,"name":"POLTRONA E PUF EAMES PALISSANDRO PELLE NERA"}]},{"@type":"WebSite","@id":"https:\/\/www.casarredo.it\/en\/#website","url":"https:\/\/www.casarredo.it\/en\/","name":"Casarredo.it","description":"Design da vivere","publisher":{"@id":"https:\/\/www.casarredo.it\/en\/#organization"},"potentialAction":[{"@type":"SearchAction","target":{"@type":"EntryPoint","urlTemplate":"https:\/\/www.casarredo.it\/en\/?s={search_term_string}"},"query-input":{"@type":"PropertyValueSpecification","valueRequired":true,"valueName":"search_term_string"}}],"inLanguage":"en-US"},{"@type":"Organization","@id":"https:\/\/www.casarredo.it\/en\/#organization","name":"casarredo srl","url":"https:\/\/www.casarredo.it\/en\/","logo":{"@type":"ImageObject","inLanguage":"en-US","@id":"https:\/\/www.casarredo.it\/en\/#\/schema\/logo\/image\/","url":"https:\/\/www.casarredo.it\/wp-content\/uploads\/2018\/05\/vanity-scaled.jpg","contentUrl":"https:\/\/www.casarredo.it\/wp-content\/uploads\/2018\/05\/vanity-scaled.jpg","width":2560,"height":1848,"caption":"casarredo srl"},"image":{"@id":"https:\/\/www.casarredo.it\/en\/#\/schema\/logo\/image\/"},"sameAs":["https:\/\/www.facebook.com\/Casarredo-632870513490892","https:\/\/www.instagram.com\/casarredo_fano\/"]}]}},"_links":{"self":[{"href":"https:\/\/www.casarredo.it\/en\/wp-json\/wp\/v2\/product\/30635","targetHints":{"allow":["GET"]}}],"collection":[{"href":"https:\/\/www.casarredo.it\/en\/wp-json\/wp\/v2\/product"}],"about":[{"href":"https:\/\/www.casarredo.it\/en\/wp-json\/wp\/v2\/types\/product"}],"wp:featuredmedia":[{"embeddable":true,"href":"https:\/\/www.casarredo.it\/en\/wp-json\/wp\/v2\/media\/30636"}],"wp:attachment":[{"href":"https:\/\/www.casarredo.it\/en\/wp-json\/wp\/v2\/media?parent=30635"}],"wp:term":[{"taxonomy":"product_brand","embeddable":true,"href":"https:\/\/www.casarredo.it\/en\/wp-json\/wp\/v2\/product_brand?post=30635"},{"taxonomy":"product_cat","embeddable":true,"href":"https:\/\/www.casarredo.it\/en\/wp-json\/wp\/v2\/product_cat?post=30635"},{"taxonomy":"product_tag","embeddable":true,"href":"https:\/\/www.casarredo.it\/en\/wp-json\/wp\/v2\/product_tag?post=30635"}],"curies":[{"name":"wp","href":"https:\/\/api.w.org\/{rel}","templated":true}]}}