{"id":30377,"date":"2024-03-16T10:41:08","date_gmt":"2024-03-16T09:41:08","guid":{"rendered":"https:\/\/www.casarredo.it\/?post_type=product&#038;p=30377"},"modified":"2026-04-20T02:03:46","modified_gmt":"2026-04-20T00:03:46","slug":"dambo-3-posti-bb-italia","status":"publish","type":"product","link":"https:\/\/www.casarredo.it\/en\/prodotto\/dambo-3-posti-bb-italia\/","title":{"rendered":"DAMBO 3 POSTI B&#038;B ITALIA"},"content":{"rendered":"<p><\/p>\n<div class=\"description\">\n<div id=\"shortdesc\" class=\"detail-shortdesc collapse in\" aria-expanded=\"true\">\n<div class=\"maxi-desc\">\n<h1>DAMBO 3 POSTI PELLE NERA<\/h1>\n<p>Dambo \u00e8 il terzo sistema di divani che Piero Lissoni disegna per B&amp;B Italia. \u00c8 un sistema modulare composto da pentagoni irregolari e moduli rettangolari, che affianca forme geometriche pi\u00f9 complesse a elementi lineari prestandosi a molteplici composizioni e ambienti. Gli elementi a base pentagonale, dalle dimensioni importanti e dalla grande flessibilit\u00e0, sono utilizzabili come penisole in combinazione con altri elementi o come sedute a s\u00e9 stanti. Sono volumi accoglienti, da posizionare a centro stanza, per comporre soluzioni angolari o per creare composizioni personalizzate. Gli schienali alti e avvolgenti sono un inno alle forme organiche del mondo della botanica. I braccioli sembrano petali che, grazie ad uno snodo, possono essere abbassati e regolati a piacere. I cinque elementi di base, caratterizzati da una morbidezza accogliente e da un\u2019ergonomicit\u00e0 soffice, consentono di creare le pi\u00f9 svariate configurazioni. Le diverse geometrie sono in armonia tra loro, informali ma funzionali e versatili. L\u2019intera serie vanta un sistema costruttivo schiumato a freddo, con imbottiture di ultima generazione. Schienali e braccioli vengono innestati alla struttura di base mediante un sistema di aggancio a baionetta. I piedini, dal disegno discreto ed essenziale, si presentano con un\u2019elegante sezione ovale. Emergono leggerezza e versatilit\u00e0, in linea con i dettami di lifestyle contemporanei, che sempre pi\u00f9 fondono spazi living e ambienti di lavoro domestici. Dambo si propone cos\u00ec ad un vasto pubblico, fedele alla tradizione B&amp;B Italia, ma con lo sguardo rivolto al modern living.<\/p>\n<p>DAMBO DIVANO DM312 IN PELLE BETA BT155 NERO PIEDI CROMO NERO 170M<\/p>\n<\/div>\n<\/div>\n<\/div>\n<div class=\"product-details\">\n<div class=\"product-detail\">\n<div class=\"detail-label\" data-toggle=\"collapse\" data-target=\"#technical_information\">L 312 x P 95 x H 83,5 cm (DM312)<\/div>\n<\/div>\n<\/div>\n<p><\/p>\n","protected":false},"excerpt":{"rendered":"<h1>DAMBO 3 POSTI PELLE NERA<\/h1>\n<p>Dambo \u00e8 il terzo sistema di divani che Piero Lissoni disegna per B&amp;B Italia. \u00c8 un sistema modulare composto da pentagoni irregolari e moduli rettangolari, che affianca forme geometriche pi\u00f9 complesse a elementi lineari prestandosi a molteplici composizioni e ambienti. Gli elementi a base pentagonale, dalle dimensioni importanti e dalla grande flessibilit\u00e0, sono utilizzabili come penisole in combinazione con altri elementi o come sedute a s\u00e9 stanti. Sono volumi accoglienti, da posizionare a centro stanza, per comporre soluzioni angolari o per creare composizioni personalizzate. Gli schienali alti e avvolgenti sono un inno alle forme organiche del mondo della botanica. I braccioli sembrano petali che, grazie ad uno snodo, possono essere abbassati e regolati a piacere. I cinque elementi di base, caratterizzati da una morbidezza accogliente e da un\u2019ergonomicit\u00e0 soffice, consentono di creare le pi\u00f9 svariate configurazioni.<\/p>\n<p>DAMBO DIVANO DM312 IN PELLE BETA BT155 NERO PIEDI CROMO NERO 170M<\/p>\n<p>L 312 x P 95 x H 83,5 cm (DM312)<\/p>\n","protected":false},"featured_media":33741,"template":"","meta":[],"product_brand":[],"product_cat":[1533,1000,615,3792],"product_tag":[3404,3516,2950,2946,3517],"class_list":{"0":"post-30377","1":"product","2":"type-product","3":"status-publish","4":"has-post-thumbnail","6":"product_cat-bb","7":"product_cat-da-non-perdere","8":"product_cat-divani","9":"product_cat-outlet","10":"product_tag-bb-italia","11":"product_tag-dambo","12":"product_tag-divano","13":"product_tag-pelle","14":"product_tag-piero-lissoni","16":"first","17":"instock","18":"shipping-taxable","19":"purchasable","20":"product-type-simple","21":"add-to-wishlist-after_add_to_cart"},"yoast_head":"<!-- This site is optimized with the Yoast SEO plugin v27.4 - https:\/\/yoast.com\/product\/yoast-seo-wordpress\/ -->\n<title>DAMBO 3 POSTI B&amp;B ITALIA &#8212; Casarredo.it<\/title>\n<meta name=\"description\" content=\"Dambo \u00e8 il terzo sistema di divani che Piero Lissoni disegna per B&amp;B Italia. \u00c8 un sistema modulare composto da pentagoni irregolari e moduli rettangolari, che affianca forme geometriche pi\u00f9 complesse a elementi lineari prestandosi a molteplici composizioni e ambienti. Gli elementi a base pentagonale, dalle dimensioni importanti e dalla grande flessibilit\u00e0, sono utilizzabili come penisole in combinazione con altri elementi o come sedute a s\u00e9 stanti\" \/>\n<meta name=\"robots\" content=\"index, follow, max-snippet:-1, max-image-preview:large, max-video-preview:-1\" \/>\n<link rel=\"canonical\" href=\"https:\/\/www.casarredo.it\/en\/prodotto\/dambo-3-posti-bb-italia\/\" \/>\n<meta property=\"og:locale\" content=\"en_US\" \/>\n<meta property=\"og:type\" content=\"article\" \/>\n<meta property=\"og:title\" content=\"DAMBO 3 POSTI B&amp;B ITALIA &#8212; Casarredo.it\" \/>\n<meta property=\"og:description\" content=\"Dambo \u00e8 il terzo sistema di divani che Piero Lissoni disegna per B&amp;B Italia. \u00c8 un sistema modulare composto da pentagoni irregolari e moduli rettangolari, che affianca forme geometriche pi\u00f9 complesse a elementi lineari prestandosi a molteplici composizioni e ambienti. Gli elementi a base pentagonale, dalle dimensioni importanti e dalla grande flessibilit\u00e0, sono utilizzabili come penisole in combinazione con altri elementi o come sedute a s\u00e9 stanti\" \/>\n<meta property=\"og:url\" content=\"https:\/\/www.casarredo.it\/en\/prodotto\/dambo-3-posti-bb-italia\/\" \/>\n<meta property=\"og:site_name\" content=\"Casarredo.it\" \/>\n<meta property=\"article:publisher\" content=\"https:\/\/www.facebook.com\/Casarredo-632870513490892\" \/>\n<meta property=\"article:modified_time\" content=\"2026-04-20T00:03:46+00:00\" \/>\n<meta property=\"og:image\" content=\"https:\/\/www.casarredo.it\/wp-content\/uploads\/2024\/03\/DJAMBO.jpeg\" \/>\n\t<meta property=\"og:image:width\" content=\"2000\" \/>\n\t<meta property=\"og:image:height\" content=\"2000\" \/>\n\t<meta property=\"og:image:type\" content=\"image\/jpeg\" \/>\n<meta name=\"twitter:card\" content=\"summary_large_image\" \/>\n<meta name=\"twitter:label1\" content=\"Est. reading time\" \/>\n\t<meta name=\"twitter:data1\" content=\"2 minutes\" \/>\n<script type=\"application\/ld+json\" class=\"yoast-schema-graph\">{\"@context\":\"https:\\\/\\\/schema.org\",\"@graph\":[{\"@type\":\"WebPage\",\"@id\":\"https:\\\/\\\/www.casarredo.it\\\/en\\\/prodotto\\\/dambo-3-posti-bb-italia\\\/\",\"url\":\"https:\\\/\\\/www.casarredo.it\\\/en\\\/prodotto\\\/dambo-3-posti-bb-italia\\\/\",\"name\":\"DAMBO 3 POSTI B&B ITALIA &#8212; Casarredo.it\",\"isPartOf\":{\"@id\":\"https:\\\/\\\/www.casarredo.it\\\/en\\\/#website\"},\"primaryImageOfPage\":{\"@id\":\"https:\\\/\\\/www.casarredo.it\\\/en\\\/prodotto\\\/dambo-3-posti-bb-italia\\\/#primaryimage\"},\"image\":{\"@id\":\"https:\\\/\\\/www.casarredo.it\\\/en\\\/prodotto\\\/dambo-3-posti-bb-italia\\\/#primaryimage\"},\"thumbnailUrl\":\"https:\\\/\\\/www.casarredo.it\\\/wp-content\\\/uploads\\\/2024\\\/03\\\/DJAMBO.jpeg\",\"datePublished\":\"2024-03-16T09:41:08+00:00\",\"dateModified\":\"2026-04-20T00:03:46+00:00\",\"description\":\"Dambo \u00e8 il terzo sistema di divani che Piero Lissoni disegna per B&B Italia. \u00c8 un sistema modulare composto da pentagoni irregolari e moduli rettangolari, che affianca forme geometriche pi\u00f9 complesse a elementi lineari prestandosi a molteplici composizioni e ambienti. Gli elementi a base pentagonale, dalle dimensioni importanti e dalla grande flessibilit\u00e0, sono utilizzabili come penisole in combinazione con altri elementi o come sedute a s\u00e9 stanti\",\"breadcrumb\":{\"@id\":\"https:\\\/\\\/www.casarredo.it\\\/en\\\/prodotto\\\/dambo-3-posti-bb-italia\\\/#breadcrumb\"},\"inLanguage\":\"en-US\",\"potentialAction\":[{\"@type\":\"ReadAction\",\"target\":[\"https:\\\/\\\/www.casarredo.it\\\/en\\\/prodotto\\\/dambo-3-posti-bb-italia\\\/\"]}]},{\"@type\":\"ImageObject\",\"inLanguage\":\"en-US\",\"@id\":\"https:\\\/\\\/www.casarredo.it\\\/en\\\/prodotto\\\/dambo-3-posti-bb-italia\\\/#primaryimage\",\"url\":\"https:\\\/\\\/www.casarredo.it\\\/wp-content\\\/uploads\\\/2024\\\/03\\\/DJAMBO.jpeg\",\"contentUrl\":\"https:\\\/\\\/www.casarredo.it\\\/wp-content\\\/uploads\\\/2024\\\/03\\\/DJAMBO.jpeg\",\"width\":2000,\"height\":2000},{\"@type\":\"BreadcrumbList\",\"@id\":\"https:\\\/\\\/www.casarredo.it\\\/en\\\/prodotto\\\/dambo-3-posti-bb-italia\\\/#breadcrumb\",\"itemListElement\":[{\"@type\":\"ListItem\",\"position\":1,\"name\":\"Home\",\"item\":\"https:\\\/\\\/www.casarredo.it\\\/en\\\/\"},{\"@type\":\"ListItem\",\"position\":2,\"name\":\"Shop online\",\"item\":\"https:\\\/\\\/www.casarredo.it\\\/en\\\/shop\\\/\"},{\"@type\":\"ListItem\",\"position\":3,\"name\":\"DAMBO 3 POSTI B&#038;B ITALIA\"}]},{\"@type\":\"WebSite\",\"@id\":\"https:\\\/\\\/www.casarredo.it\\\/en\\\/#website\",\"url\":\"https:\\\/\\\/www.casarredo.it\\\/en\\\/\",\"name\":\"Casarredo.it\",\"description\":\"Design da vivere\",\"publisher\":{\"@id\":\"https:\\\/\\\/www.casarredo.it\\\/en\\\/#organization\"},\"potentialAction\":[{\"@type\":\"SearchAction\",\"target\":{\"@type\":\"EntryPoint\",\"urlTemplate\":\"https:\\\/\\\/www.casarredo.it\\\/en\\\/?s={search_term_string}\"},\"query-input\":{\"@type\":\"PropertyValueSpecification\",\"valueRequired\":true,\"valueName\":\"search_term_string\"}}],\"inLanguage\":\"en-US\"},{\"@type\":\"Organization\",\"@id\":\"https:\\\/\\\/www.casarredo.it\\\/en\\\/#organization\",\"name\":\"casarredo srl\",\"url\":\"https:\\\/\\\/www.casarredo.it\\\/en\\\/\",\"logo\":{\"@type\":\"ImageObject\",\"inLanguage\":\"en-US\",\"@id\":\"https:\\\/\\\/www.casarredo.it\\\/en\\\/#\\\/schema\\\/logo\\\/image\\\/\",\"url\":\"https:\\\/\\\/www.casarredo.it\\\/wp-content\\\/uploads\\\/2018\\\/05\\\/vanity-scaled.jpg\",\"contentUrl\":\"https:\\\/\\\/www.casarredo.it\\\/wp-content\\\/uploads\\\/2018\\\/05\\\/vanity-scaled.jpg\",\"width\":2560,\"height\":1848,\"caption\":\"casarredo srl\"},\"image\":{\"@id\":\"https:\\\/\\\/www.casarredo.it\\\/en\\\/#\\\/schema\\\/logo\\\/image\\\/\"},\"sameAs\":[\"https:\\\/\\\/www.facebook.com\\\/Casarredo-632870513490892\",\"https:\\\/\\\/www.instagram.com\\\/casarredo_fano\\\/\"]}]}<\/script>\n<!-- \/ Yoast SEO plugin. -->","yoast_head_json":{"title":"DAMBO 3 POSTI B&B ITALIA &#8212; Casarredo.it","description":"Dambo \u00e8 il terzo sistema di divani che Piero Lissoni disegna per B&B Italia. \u00c8 un sistema modulare composto da pentagoni irregolari e moduli rettangolari, che affianca forme geometriche pi\u00f9 complesse a elementi lineari prestandosi a molteplici composizioni e ambienti. Gli elementi a base pentagonale, dalle dimensioni importanti e dalla grande flessibilit\u00e0, sono utilizzabili come penisole in combinazione con altri elementi o come sedute a s\u00e9 stanti","robots":{"index":"index","follow":"follow","max-snippet":"max-snippet:-1","max-image-preview":"max-image-preview:large","max-video-preview":"max-video-preview:-1"},"canonical":"https:\/\/www.casarredo.it\/en\/prodotto\/dambo-3-posti-bb-italia\/","og_locale":"en_US","og_type":"article","og_title":"DAMBO 3 POSTI B&B ITALIA &#8212; Casarredo.it","og_description":"Dambo \u00e8 il terzo sistema di divani che Piero Lissoni disegna per B&B Italia. \u00c8 un sistema modulare composto da pentagoni irregolari e moduli rettangolari, che affianca forme geometriche pi\u00f9 complesse a elementi lineari prestandosi a molteplici composizioni e ambienti. Gli elementi a base pentagonale, dalle dimensioni importanti e dalla grande flessibilit\u00e0, sono utilizzabili come penisole in combinazione con altri elementi o come sedute a s\u00e9 stanti","og_url":"https:\/\/www.casarredo.it\/en\/prodotto\/dambo-3-posti-bb-italia\/","og_site_name":"Casarredo.it","article_publisher":"https:\/\/www.facebook.com\/Casarredo-632870513490892","article_modified_time":"2026-04-20T00:03:46+00:00","og_image":[{"width":2000,"height":2000,"url":"https:\/\/www.casarredo.it\/wp-content\/uploads\/2024\/03\/DJAMBO.jpeg","type":"image\/jpeg"}],"twitter_card":"summary_large_image","twitter_misc":{"Est. reading time":"2 minutes"},"schema":{"@context":"https:\/\/schema.org","@graph":[{"@type":"WebPage","@id":"https:\/\/www.casarredo.it\/en\/prodotto\/dambo-3-posti-bb-italia\/","url":"https:\/\/www.casarredo.it\/en\/prodotto\/dambo-3-posti-bb-italia\/","name":"DAMBO 3 POSTI B&B ITALIA &#8212; Casarredo.it","isPartOf":{"@id":"https:\/\/www.casarredo.it\/en\/#website"},"primaryImageOfPage":{"@id":"https:\/\/www.casarredo.it\/en\/prodotto\/dambo-3-posti-bb-italia\/#primaryimage"},"image":{"@id":"https:\/\/www.casarredo.it\/en\/prodotto\/dambo-3-posti-bb-italia\/#primaryimage"},"thumbnailUrl":"https:\/\/www.casarredo.it\/wp-content\/uploads\/2024\/03\/DJAMBO.jpeg","datePublished":"2024-03-16T09:41:08+00:00","dateModified":"2026-04-20T00:03:46+00:00","description":"Dambo \u00e8 il terzo sistema di divani che Piero Lissoni disegna per B&B Italia. \u00c8 un sistema modulare composto da pentagoni irregolari e moduli rettangolari, che affianca forme geometriche pi\u00f9 complesse a elementi lineari prestandosi a molteplici composizioni e ambienti. Gli elementi a base pentagonale, dalle dimensioni importanti e dalla grande flessibilit\u00e0, sono utilizzabili come penisole in combinazione con altri elementi o come sedute a s\u00e9 stanti","breadcrumb":{"@id":"https:\/\/www.casarredo.it\/en\/prodotto\/dambo-3-posti-bb-italia\/#breadcrumb"},"inLanguage":"en-US","potentialAction":[{"@type":"ReadAction","target":["https:\/\/www.casarredo.it\/en\/prodotto\/dambo-3-posti-bb-italia\/"]}]},{"@type":"ImageObject","inLanguage":"en-US","@id":"https:\/\/www.casarredo.it\/en\/prodotto\/dambo-3-posti-bb-italia\/#primaryimage","url":"https:\/\/www.casarredo.it\/wp-content\/uploads\/2024\/03\/DJAMBO.jpeg","contentUrl":"https:\/\/www.casarredo.it\/wp-content\/uploads\/2024\/03\/DJAMBO.jpeg","width":2000,"height":2000},{"@type":"BreadcrumbList","@id":"https:\/\/www.casarredo.it\/en\/prodotto\/dambo-3-posti-bb-italia\/#breadcrumb","itemListElement":[{"@type":"ListItem","position":1,"name":"Home","item":"https:\/\/www.casarredo.it\/en\/"},{"@type":"ListItem","position":2,"name":"Shop online","item":"https:\/\/www.casarredo.it\/en\/shop\/"},{"@type":"ListItem","position":3,"name":"DAMBO 3 POSTI B&#038;B ITALIA"}]},{"@type":"WebSite","@id":"https:\/\/www.casarredo.it\/en\/#website","url":"https:\/\/www.casarredo.it\/en\/","name":"Casarredo.it","description":"Design da vivere","publisher":{"@id":"https:\/\/www.casarredo.it\/en\/#organization"},"potentialAction":[{"@type":"SearchAction","target":{"@type":"EntryPoint","urlTemplate":"https:\/\/www.casarredo.it\/en\/?s={search_term_string}"},"query-input":{"@type":"PropertyValueSpecification","valueRequired":true,"valueName":"search_term_string"}}],"inLanguage":"en-US"},{"@type":"Organization","@id":"https:\/\/www.casarredo.it\/en\/#organization","name":"casarredo srl","url":"https:\/\/www.casarredo.it\/en\/","logo":{"@type":"ImageObject","inLanguage":"en-US","@id":"https:\/\/www.casarredo.it\/en\/#\/schema\/logo\/image\/","url":"https:\/\/www.casarredo.it\/wp-content\/uploads\/2018\/05\/vanity-scaled.jpg","contentUrl":"https:\/\/www.casarredo.it\/wp-content\/uploads\/2018\/05\/vanity-scaled.jpg","width":2560,"height":1848,"caption":"casarredo srl"},"image":{"@id":"https:\/\/www.casarredo.it\/en\/#\/schema\/logo\/image\/"},"sameAs":["https:\/\/www.facebook.com\/Casarredo-632870513490892","https:\/\/www.instagram.com\/casarredo_fano\/"]}]}},"_links":{"self":[{"href":"https:\/\/www.casarredo.it\/en\/wp-json\/wp\/v2\/product\/30377","targetHints":{"allow":["GET"]}}],"collection":[{"href":"https:\/\/www.casarredo.it\/en\/wp-json\/wp\/v2\/product"}],"about":[{"href":"https:\/\/www.casarredo.it\/en\/wp-json\/wp\/v2\/types\/product"}],"wp:featuredmedia":[{"embeddable":true,"href":"https:\/\/www.casarredo.it\/en\/wp-json\/wp\/v2\/media\/33741"}],"wp:attachment":[{"href":"https:\/\/www.casarredo.it\/en\/wp-json\/wp\/v2\/media?parent=30377"}],"wp:term":[{"taxonomy":"product_brand","embeddable":true,"href":"https:\/\/www.casarredo.it\/en\/wp-json\/wp\/v2\/product_brand?post=30377"},{"taxonomy":"product_cat","embeddable":true,"href":"https:\/\/www.casarredo.it\/en\/wp-json\/wp\/v2\/product_cat?post=30377"},{"taxonomy":"product_tag","embeddable":true,"href":"https:\/\/www.casarredo.it\/en\/wp-json\/wp\/v2\/product_tag?post=30377"}],"curies":[{"name":"wp","href":"https:\/\/api.w.org\/{rel}","templated":true}]}}