{"id":30364,"date":"2024-03-14T16:50:52","date_gmt":"2024-03-14T15:50:52","guid":{"rendered":"https:\/\/www.casarredo.it\/?post_type=product&#038;p=30364"},"modified":"2025-06-12T18:31:52","modified_gmt":"2025-06-12T16:31:52","slug":"move-divano","status":"publish","type":"product","link":"https:\/\/www.casarredo.it\/en\/prodotto\/move-divano\/","title":{"rendered":"MOVE COMPOSIZIONE"},"content":{"rendered":"<p><\/p>\n<h1><\/h1>\n<section class=\"elementor-section elementor-top-section elementor-element elementor-element-7c579889 elementor-section-boxed elementor-section-height-default elementor-section-height-default\" data-id=\"7c579889\" data-element_type=\"section\">\n<div class=\"elementor-container elementor-column-gap-default\">\n<div class=\"elementor-column elementor-col-100 elementor-top-column elementor-element elementor-element-4382c6b1\" data-id=\"4382c6b1\" data-element_type=\"column\">\n<div class=\"elementor-widget-wrap elementor-element-populated\">\n<div class=\"elementor-element elementor-element-6f780184 elementor-widget elementor-widget-heading\" data-id=\"6f780184\" data-element_type=\"widget\" data-widget_type=\"heading.default\">\n<h1 class=\"elementor-widget-container\">MOVE COMPOSIZIONE<\/h1>\n<\/div>\n<div class=\"elementor-element elementor-element-1ee22504 elementor-widget elementor-widget-heading\" data-id=\"1ee22504\" data-element_type=\"widget\" data-widget_type=\"heading.default\">\n<div class=\"elementor-widget-container\">\n<h2 class=\"elementor-heading-title elementor-size-default\">MOVE design: Danilo Bonfanti<\/h2>\n<\/div>\n<\/div>\n<\/div>\n<\/div>\n<\/div>\n<\/section>\n<div class=\"elementor-element elementor-element-f94caa2 e-flex e-con-boxed e-con e-parent\" data-id=\"f94caa2\" data-element_type=\"container\" data-settings=\"{&quot;content_width&quot;:&quot;boxed&quot;}\" data-core-v316-plus=\"true\">\n<div class=\"e-con-inner\">\n<div class=\"elementor-element elementor-element-dfb9db5 e-con-full e-flex e-con e-child\" data-id=\"dfb9db5\" data-element_type=\"container\" data-settings=\"{&quot;content_width&quot;:&quot;full&quot;}\">\n<div class=\"elementor-element elementor-element-1d16867 elementor-widget elementor-widget-heading\" data-id=\"1d16867\" data-element_type=\"widget\" data-widget_type=\"heading.default\">\n<div class=\"elementor-widget-container\">\n<h2 class=\"elementor-heading-title elementor-size-default\">MOVE DIVANO COMPOSTO DA:<\/h2>\n<h2 class=\"elementor-heading-title elementor-size-default\">N\u00b0 1 PANCA CM.240<\/h2>\n<h2 class=\"elementor-heading-title elementor-size-default\">N\u00b0 1 SCHIENALE\u00a0 CM.170<\/h2>\n<h2 class=\"elementor-heading-title elementor-size-default\">N\u00b0 2 BRACCIOLO CM.80<\/h2>\n<h2 class=\"elementor-heading-title elementor-size-default\">N\u00b0 1 PANCA CM.100<\/h2>\n<h2 class=\"elementor-heading-title elementor-size-default\">N\u00b0 2 GUANCIALI CM. 50X30<\/h2>\n<p class=\"elementor-heading-title elementor-size-default\">MOVE ,CREATIVIT\u00c0 E COMFORT DISEGNANO UNA NUOVA IDENTIT\u00c0 VERSATILE ED INNOVATIVA: MOVE. NATO DALLA RICERCA DI UNO STILE CAPACE DI ASSECONDARE LE ESIGENZE DI UNICIT\u00c0, MOVE \u00c8 UN SISTEMA DI SEDUTE DINAMICO E FLESSIBILE, ASSOLUTAMENTE LONTANO DAGLI SCHEMI TRADIZIONALI.<\/p>\n<\/div>\n<\/div>\n<\/div>\n<\/div>\n<\/div>\n<p><\/p>\n","protected":false},"excerpt":{"rendered":"<section class=\"elementor-section elementor-top-section elementor-element elementor-element-7c579889 elementor-section-boxed elementor-section-height-default elementor-section-height-default\" data-id=\"7c579889\" data-element_type=\"section\">\n<div class=\"elementor-container elementor-column-gap-default\">\n<div class=\"elementor-column elementor-col-100 elementor-top-column elementor-element elementor-element-4382c6b1\" data-id=\"4382c6b1\" data-element_type=\"column\">\n<div class=\"elementor-widget-wrap elementor-element-populated\">\n<div class=\"elementor-element elementor-element-6f780184 elementor-widget elementor-widget-heading\" data-id=\"6f780184\" data-element_type=\"widget\" data-widget_type=\"heading.default\">\n<div class=\"elementor-widget-container\">\n<h2 class=\"elementor-heading-title elementor-size-default\">MOVE COMPOSIZIONE<\/h2>\n<\/div>\n<\/div>\n<div class=\"elementor-element elementor-element-1ee22504 elementor-widget elementor-widget-heading\" data-id=\"1ee22504\" data-element_type=\"widget\" data-widget_type=\"heading.default\">\n<div class=\"elementor-widget-container\">\n<h2 class=\"elementor-heading-title elementor-size-default\">MOVE design: Danilo Bonfanti<\/h2>\n<\/div>\n<\/div>\n<\/div>\n<\/div>\n<\/div>\n<\/section>\n<div class=\"elementor-element elementor-element-f94caa2 e-flex e-con-boxed e-con e-parent\" data-id=\"f94caa2\" data-element_type=\"container\" data-settings=\"{&quot;content_width&quot;:&quot;boxed&quot;}\" data-core-v316-plus=\"true\">\n<div class=\"e-con-inner\">\n<div class=\"elementor-element elementor-element-dfb9db5 e-con-full e-flex e-con e-child\" data-id=\"dfb9db5\" data-element_type=\"container\" data-settings=\"{&quot;content_width&quot;:&quot;full&quot;}\">\n<div class=\"elementor-element elementor-element-1d16867 elementor-widget elementor-widget-heading\" data-id=\"1d16867\" data-element_type=\"widget\" data-widget_type=\"heading.default\">\n<div class=\"elementor-widget-container\">\n<h2 class=\"elementor-heading-title elementor-size-default\">MOVE ,CREATIVIT\u00c0 E COMFORT DISEGNANO UNA NUOVA IDENTIT\u00c0 VERSATILE ED INNOVATIVA: MOVE. NATO DALLA RICERCA DI UNO STILE CAPACE DI ASSECONDARE LE ESIGENZE DI UNICIT\u00c0, MOVE \u00c8 UN SISTEMA DI SEDUTE DINAMICO E FLESSIBILE, ASSOLUTAMENTE LONTANO DAGLI SCHEMI TRADIZIONALI.<\/h2>\n<\/div>\n<\/div>\n<\/div>\n<\/div>\n<\/div>\n","protected":false},"featured_media":30368,"template":"","meta":[],"product_brand":[],"product_cat":[3515,615],"product_tag":[],"class_list":{"0":"post-30364","1":"product","2":"type-product","3":"status-publish","4":"has-post-thumbnail","6":"product_cat-biba","7":"product_cat-divani","9":"first","10":"onbackorder","11":"sale","12":"shipping-taxable","13":"purchasable","14":"product-type-simple","15":"add-to-wishlist-after_add_to_cart"},"yoast_head":"<!-- This site is optimized with the Yoast SEO plugin v27.4 - https:\/\/yoast.com\/product\/yoast-seo-wordpress\/ -->\n<title>MOVE COMPOSIZIONE &#8212; Casarredo.it<\/title>\n<meta name=\"description\" content=\"MOVE DIVANO MOVE \u00c8 UN SISTEMA DI SEDUTE DINAMICO E FLESSIBILE, ASSOLUTAMENTE LONTANO DAGLI SCHEMI TRADIZIONALI.\" \/>\n<meta name=\"robots\" content=\"index, follow, max-snippet:-1, max-image-preview:large, max-video-preview:-1\" \/>\n<link rel=\"canonical\" href=\"https:\/\/www.casarredo.it\/en\/prodotto\/move-divano\/\" \/>\n<meta property=\"og:locale\" content=\"en_US\" \/>\n<meta property=\"og:type\" content=\"article\" \/>\n<meta property=\"og:title\" content=\"MOVE COMPOSIZIONE &#8212; Casarredo.it\" \/>\n<meta property=\"og:description\" content=\"MOVE DIVANO MOVE \u00c8 UN SISTEMA DI SEDUTE DINAMICO E FLESSIBILE, ASSOLUTAMENTE LONTANO DAGLI SCHEMI TRADIZIONALI.\" \/>\n<meta property=\"og:url\" content=\"https:\/\/www.casarredo.it\/en\/prodotto\/move-divano\/\" \/>\n<meta property=\"og:site_name\" content=\"Casarredo.it\" \/>\n<meta property=\"article:publisher\" content=\"https:\/\/www.facebook.com\/Casarredo-632870513490892\" \/>\n<meta property=\"article:modified_time\" content=\"2025-06-12T16:31:52+00:00\" \/>\n<meta property=\"og:image\" content=\"https:\/\/www.casarredo.it\/wp-content\/uploads\/2024\/03\/Biba_Move_mini.jpg\" \/>\n\t<meta property=\"og:image:width\" content=\"1500\" \/>\n\t<meta property=\"og:image:height\" content=\"844\" \/>\n\t<meta property=\"og:image:type\" content=\"image\/jpeg\" \/>\n<meta name=\"twitter:card\" content=\"summary_large_image\" \/>\n<meta name=\"twitter:label1\" content=\"Est. reading time\" \/>\n\t<meta name=\"twitter:data1\" content=\"1 minute\" \/>\n<script type=\"application\/ld+json\" class=\"yoast-schema-graph\">{\"@context\":\"https:\\\/\\\/schema.org\",\"@graph\":[{\"@type\":\"WebPage\",\"@id\":\"https:\\\/\\\/www.casarredo.it\\\/en\\\/prodotto\\\/move-divano\\\/\",\"url\":\"https:\\\/\\\/www.casarredo.it\\\/en\\\/prodotto\\\/move-divano\\\/\",\"name\":\"MOVE COMPOSIZIONE &#8212; Casarredo.it\",\"isPartOf\":{\"@id\":\"https:\\\/\\\/www.casarredo.it\\\/en\\\/#website\"},\"primaryImageOfPage\":{\"@id\":\"https:\\\/\\\/www.casarredo.it\\\/en\\\/prodotto\\\/move-divano\\\/#primaryimage\"},\"image\":{\"@id\":\"https:\\\/\\\/www.casarredo.it\\\/en\\\/prodotto\\\/move-divano\\\/#primaryimage\"},\"thumbnailUrl\":\"https:\\\/\\\/www.casarredo.it\\\/wp-content\\\/uploads\\\/2024\\\/03\\\/Biba_Move_mini.jpg\",\"datePublished\":\"2024-03-14T15:50:52+00:00\",\"dateModified\":\"2025-06-12T16:31:52+00:00\",\"description\":\"MOVE DIVANO MOVE \u00c8 UN SISTEMA DI SEDUTE DINAMICO E FLESSIBILE, ASSOLUTAMENTE LONTANO DAGLI SCHEMI TRADIZIONALI.\",\"breadcrumb\":{\"@id\":\"https:\\\/\\\/www.casarredo.it\\\/en\\\/prodotto\\\/move-divano\\\/#breadcrumb\"},\"inLanguage\":\"en-US\",\"potentialAction\":[{\"@type\":\"ReadAction\",\"target\":[\"https:\\\/\\\/www.casarredo.it\\\/en\\\/prodotto\\\/move-divano\\\/\"]}]},{\"@type\":\"ImageObject\",\"inLanguage\":\"en-US\",\"@id\":\"https:\\\/\\\/www.casarredo.it\\\/en\\\/prodotto\\\/move-divano\\\/#primaryimage\",\"url\":\"https:\\\/\\\/www.casarredo.it\\\/wp-content\\\/uploads\\\/2024\\\/03\\\/Biba_Move_mini.jpg\",\"contentUrl\":\"https:\\\/\\\/www.casarredo.it\\\/wp-content\\\/uploads\\\/2024\\\/03\\\/Biba_Move_mini.jpg\",\"width\":1500,\"height\":844},{\"@type\":\"BreadcrumbList\",\"@id\":\"https:\\\/\\\/www.casarredo.it\\\/en\\\/prodotto\\\/move-divano\\\/#breadcrumb\",\"itemListElement\":[{\"@type\":\"ListItem\",\"position\":1,\"name\":\"Home\",\"item\":\"https:\\\/\\\/www.casarredo.it\\\/en\\\/\"},{\"@type\":\"ListItem\",\"position\":2,\"name\":\"Shop online\",\"item\":\"https:\\\/\\\/www.casarredo.it\\\/en\\\/shop\\\/\"},{\"@type\":\"ListItem\",\"position\":3,\"name\":\"MOVE COMPOSIZIONE\"}]},{\"@type\":\"WebSite\",\"@id\":\"https:\\\/\\\/www.casarredo.it\\\/en\\\/#website\",\"url\":\"https:\\\/\\\/www.casarredo.it\\\/en\\\/\",\"name\":\"Casarredo.it\",\"description\":\"Design da vivere\",\"publisher\":{\"@id\":\"https:\\\/\\\/www.casarredo.it\\\/en\\\/#organization\"},\"potentialAction\":[{\"@type\":\"SearchAction\",\"target\":{\"@type\":\"EntryPoint\",\"urlTemplate\":\"https:\\\/\\\/www.casarredo.it\\\/en\\\/?s={search_term_string}\"},\"query-input\":{\"@type\":\"PropertyValueSpecification\",\"valueRequired\":true,\"valueName\":\"search_term_string\"}}],\"inLanguage\":\"en-US\"},{\"@type\":\"Organization\",\"@id\":\"https:\\\/\\\/www.casarredo.it\\\/en\\\/#organization\",\"name\":\"casarredo srl\",\"url\":\"https:\\\/\\\/www.casarredo.it\\\/en\\\/\",\"logo\":{\"@type\":\"ImageObject\",\"inLanguage\":\"en-US\",\"@id\":\"https:\\\/\\\/www.casarredo.it\\\/en\\\/#\\\/schema\\\/logo\\\/image\\\/\",\"url\":\"https:\\\/\\\/www.casarredo.it\\\/wp-content\\\/uploads\\\/2018\\\/05\\\/vanity-scaled.jpg\",\"contentUrl\":\"https:\\\/\\\/www.casarredo.it\\\/wp-content\\\/uploads\\\/2018\\\/05\\\/vanity-scaled.jpg\",\"width\":2560,\"height\":1848,\"caption\":\"casarredo srl\"},\"image\":{\"@id\":\"https:\\\/\\\/www.casarredo.it\\\/en\\\/#\\\/schema\\\/logo\\\/image\\\/\"},\"sameAs\":[\"https:\\\/\\\/www.facebook.com\\\/Casarredo-632870513490892\",\"https:\\\/\\\/www.instagram.com\\\/casarredo_fano\\\/\"]}]}<\/script>\n<!-- \/ Yoast SEO plugin. -->","yoast_head_json":{"title":"MOVE COMPOSIZIONE &#8212; Casarredo.it","description":"MOVE DIVANO MOVE \u00c8 UN SISTEMA DI SEDUTE DINAMICO E FLESSIBILE, ASSOLUTAMENTE LONTANO DAGLI SCHEMI TRADIZIONALI.","robots":{"index":"index","follow":"follow","max-snippet":"max-snippet:-1","max-image-preview":"max-image-preview:large","max-video-preview":"max-video-preview:-1"},"canonical":"https:\/\/www.casarredo.it\/en\/prodotto\/move-divano\/","og_locale":"en_US","og_type":"article","og_title":"MOVE COMPOSIZIONE &#8212; Casarredo.it","og_description":"MOVE DIVANO MOVE \u00c8 UN SISTEMA DI SEDUTE DINAMICO E FLESSIBILE, ASSOLUTAMENTE LONTANO DAGLI SCHEMI TRADIZIONALI.","og_url":"https:\/\/www.casarredo.it\/en\/prodotto\/move-divano\/","og_site_name":"Casarredo.it","article_publisher":"https:\/\/www.facebook.com\/Casarredo-632870513490892","article_modified_time":"2025-06-12T16:31:52+00:00","og_image":[{"width":1500,"height":844,"url":"https:\/\/www.casarredo.it\/wp-content\/uploads\/2024\/03\/Biba_Move_mini.jpg","type":"image\/jpeg"}],"twitter_card":"summary_large_image","twitter_misc":{"Est. reading time":"1 minute"},"schema":{"@context":"https:\/\/schema.org","@graph":[{"@type":"WebPage","@id":"https:\/\/www.casarredo.it\/en\/prodotto\/move-divano\/","url":"https:\/\/www.casarredo.it\/en\/prodotto\/move-divano\/","name":"MOVE COMPOSIZIONE &#8212; Casarredo.it","isPartOf":{"@id":"https:\/\/www.casarredo.it\/en\/#website"},"primaryImageOfPage":{"@id":"https:\/\/www.casarredo.it\/en\/prodotto\/move-divano\/#primaryimage"},"image":{"@id":"https:\/\/www.casarredo.it\/en\/prodotto\/move-divano\/#primaryimage"},"thumbnailUrl":"https:\/\/www.casarredo.it\/wp-content\/uploads\/2024\/03\/Biba_Move_mini.jpg","datePublished":"2024-03-14T15:50:52+00:00","dateModified":"2025-06-12T16:31:52+00:00","description":"MOVE DIVANO MOVE \u00c8 UN SISTEMA DI SEDUTE DINAMICO E FLESSIBILE, ASSOLUTAMENTE LONTANO DAGLI SCHEMI TRADIZIONALI.","breadcrumb":{"@id":"https:\/\/www.casarredo.it\/en\/prodotto\/move-divano\/#breadcrumb"},"inLanguage":"en-US","potentialAction":[{"@type":"ReadAction","target":["https:\/\/www.casarredo.it\/en\/prodotto\/move-divano\/"]}]},{"@type":"ImageObject","inLanguage":"en-US","@id":"https:\/\/www.casarredo.it\/en\/prodotto\/move-divano\/#primaryimage","url":"https:\/\/www.casarredo.it\/wp-content\/uploads\/2024\/03\/Biba_Move_mini.jpg","contentUrl":"https:\/\/www.casarredo.it\/wp-content\/uploads\/2024\/03\/Biba_Move_mini.jpg","width":1500,"height":844},{"@type":"BreadcrumbList","@id":"https:\/\/www.casarredo.it\/en\/prodotto\/move-divano\/#breadcrumb","itemListElement":[{"@type":"ListItem","position":1,"name":"Home","item":"https:\/\/www.casarredo.it\/en\/"},{"@type":"ListItem","position":2,"name":"Shop online","item":"https:\/\/www.casarredo.it\/en\/shop\/"},{"@type":"ListItem","position":3,"name":"MOVE COMPOSIZIONE"}]},{"@type":"WebSite","@id":"https:\/\/www.casarredo.it\/en\/#website","url":"https:\/\/www.casarredo.it\/en\/","name":"Casarredo.it","description":"Design da vivere","publisher":{"@id":"https:\/\/www.casarredo.it\/en\/#organization"},"potentialAction":[{"@type":"SearchAction","target":{"@type":"EntryPoint","urlTemplate":"https:\/\/www.casarredo.it\/en\/?s={search_term_string}"},"query-input":{"@type":"PropertyValueSpecification","valueRequired":true,"valueName":"search_term_string"}}],"inLanguage":"en-US"},{"@type":"Organization","@id":"https:\/\/www.casarredo.it\/en\/#organization","name":"casarredo srl","url":"https:\/\/www.casarredo.it\/en\/","logo":{"@type":"ImageObject","inLanguage":"en-US","@id":"https:\/\/www.casarredo.it\/en\/#\/schema\/logo\/image\/","url":"https:\/\/www.casarredo.it\/wp-content\/uploads\/2018\/05\/vanity-scaled.jpg","contentUrl":"https:\/\/www.casarredo.it\/wp-content\/uploads\/2018\/05\/vanity-scaled.jpg","width":2560,"height":1848,"caption":"casarredo srl"},"image":{"@id":"https:\/\/www.casarredo.it\/en\/#\/schema\/logo\/image\/"},"sameAs":["https:\/\/www.facebook.com\/Casarredo-632870513490892","https:\/\/www.instagram.com\/casarredo_fano\/"]}]}},"_links":{"self":[{"href":"https:\/\/www.casarredo.it\/en\/wp-json\/wp\/v2\/product\/30364","targetHints":{"allow":["GET"]}}],"collection":[{"href":"https:\/\/www.casarredo.it\/en\/wp-json\/wp\/v2\/product"}],"about":[{"href":"https:\/\/www.casarredo.it\/en\/wp-json\/wp\/v2\/types\/product"}],"wp:featuredmedia":[{"embeddable":true,"href":"https:\/\/www.casarredo.it\/en\/wp-json\/wp\/v2\/media\/30368"}],"wp:attachment":[{"href":"https:\/\/www.casarredo.it\/en\/wp-json\/wp\/v2\/media?parent=30364"}],"wp:term":[{"taxonomy":"product_brand","embeddable":true,"href":"https:\/\/www.casarredo.it\/en\/wp-json\/wp\/v2\/product_brand?post=30364"},{"taxonomy":"product_cat","embeddable":true,"href":"https:\/\/www.casarredo.it\/en\/wp-json\/wp\/v2\/product_cat?post=30364"},{"taxonomy":"product_tag","embeddable":true,"href":"https:\/\/www.casarredo.it\/en\/wp-json\/wp\/v2\/product_tag?post=30364"}],"curies":[{"name":"wp","href":"https:\/\/api.w.org\/{rel}","templated":true}]}}