{"id":30337,"date":"2024-02-22T18:54:49","date_gmt":"2024-02-22T17:54:49","guid":{"rendered":"https:\/\/www.casarredo.it\/?post_type=product&#038;p=30337"},"modified":"2025-12-20T17:38:39","modified_gmt":"2025-12-20T16:38:39","slug":"proust-poltrona-mendini","status":"publish","type":"product","link":"https:\/\/www.casarredo.it\/en\/prodotto\/proust-poltrona-mendini\/","title":{"rendered":"PROUST POLTRONA MENDINI"},"content":{"rendered":"<p><\/p>\n<h1>PROUST POLTRONA MENDINI<\/h1>\n<h2>CAPPELLINI<\/h2>\n<p>Proust, uno dei pezzi di design pi\u00f9 acclamati al mondo, la poltrona Proust di Alessandro Mendini \u00e8 stata lanciata nel 1978, quando \u00e8 stata utilizzata per arredare il Palazzo dei Diamanti, a Ferrara, durante una mostra intitolata &#8220;Incontri ravvicinati di architettura&#8221;. Poco dopo, il fascino postmoderno del pezzo cattur\u00f2 l&#8217;attenzione di intenditori e addetti al design su scala internazionale. Questa nuova edizione dell&#8217;iconica poltrona presenta la tradizionale struttura in legno intagliato e dipinto a mano con un rivestimento fisso in tessuto multicolore che riprende l&#8217;arredamento della struttura. La poltrona Proust viene prodotta in due diverse palette di colori: azzurro, grigio e giallo oppure nero, verde e rosso. Struttura: faggio massiccio intagliato e verniciato a mano, imbottitura: poliuretano espanso a pi\u00f9 densit\u00e0 Tessuto multicolore che si abbina ai colori della struttura: PR_1: azzurro, grigio, giallo, PR_2: nero, verde, rosso.<\/p>\n<p><\/p>\n","protected":false},"excerpt":{"rendered":"<p>Proust, uno dei pezzi di design pi\u00f9 acclamati al mondo, la poltrona Proust di Alessandro Mendini \u00e8 stata lanciata nel 1978, quando \u00e8 stata utilizzata per arredare il Palazzo dei Diamanti, a Ferrara, durante una mostra intitolata &#8220;Incontri ravvicinati di architettura&#8221;. Poco dopo, il fascino postmoderno del pezzo cattur\u00f2 l&#8217;attenzione di intenditori e addetti al design su scala internazionale. Questa nuova edizione dell&#8217;iconica poltrona presenta la tradizionale struttura in legno intagliato e dipinto a mano con un rivestimento fisso in tessuto multicolore che riprende l&#8217;arredamento della struttura. La poltrona Proust viene prodotta in due diverse palette di colori: azzurro, grigio e giallo oppure nero, verde e rosso. Struttura: faggio massiccio intagliato e verniciato a mano, imbottitura: poliuretano espanso a pi\u00f9 densit\u00e0 Tessuto multicolore che si abbina ai colori della struttura: PR_1: azzurro, grigio, giallo, PR_2: nero, verde, rosso.<\/p>\n","protected":false},"featured_media":30340,"template":"","meta":[],"product_brand":[],"product_cat":[630,1000,672],"product_tag":[632,1213,1633,3510],"class_list":{"0":"post-30337","1":"product","2":"type-product","3":"status-publish","4":"has-post-thumbnail","6":"product_cat-cappellini","7":"product_cat-da-non-perdere","8":"product_cat-poltrone","9":"product_tag-cappellini","10":"product_tag-mendini","11":"product_tag-poltrona","12":"product_tag-proust","13":"pa_colore-azzurro-grigio-giallo","14":"pa_colore-nero-verde-rosso","16":"first","17":"instock","18":"sale","19":"shipping-taxable","20":"purchasable","21":"product-type-variable","22":"add-to-wishlist-after_add_to_cart"},"yoast_head":"<!-- This site is optimized with the Yoast SEO plugin v27.4 - https:\/\/yoast.com\/product\/yoast-seo-wordpress\/ -->\n<title>PROUST POLTRONA MENDINI &#8212; Casarredo.it<\/title>\n<meta name=\"description\" content=\"Proust , uno dei pezzi di design pi\u00f9 acclamati al mondo, la poltrona di Alessandro Mendini \u00e8 stata lanciata nel 1978, quando \u00e8 stata utilizzata per arredare il Palazzo dei Diamanti, a Ferrara, durante una mostra intitolata &quot;Incontri ravvicinati di architettura&quot;. Poco dopo, il fascino postmoderno del pezzo cattur\u00f2 l&#039;attenzione di intenditori e addetti al design su scala internazionale. Questa nuova edizione dell&#039;iconica poltrona presenta la tradizionale struttura in legno intagliato e dipinto a mano con un rivestimento fisso in tessuto multicolore che riprende l&#039;arredamento della struttura. La poltrona Proust viene prodotta in due diverse palette di colori: azzurro, grigio e giallo oppure nero, verde e rosso. Struttura: faggio massiccio intagliato e verniciato a mano, imbottitura: poliuretano espanso a pi\u00f9 densit\u00e0 Tessuto multicolore che si abbina ai colori della struttura:PR_1: azzurro, grigio, giallo, PR_2: nero, verde, rosso.\" \/>\n<meta name=\"robots\" content=\"index, follow, max-snippet:-1, max-image-preview:large, max-video-preview:-1\" \/>\n<link rel=\"canonical\" href=\"https:\/\/www.casarredo.it\/en\/prodotto\/proust-poltrona-mendini\/\" \/>\n<meta property=\"og:locale\" content=\"en_US\" \/>\n<meta property=\"og:type\" content=\"article\" \/>\n<meta property=\"og:title\" content=\"PROUST POLTRONA MENDINI &#8212; Casarredo.it\" \/>\n<meta property=\"og:description\" content=\"Proust , uno dei pezzi di design pi\u00f9 acclamati al mondo, la poltrona di Alessandro Mendini \u00e8 stata lanciata nel 1978, quando \u00e8 stata utilizzata per arredare il Palazzo dei Diamanti, a Ferrara, durante una mostra intitolata &quot;Incontri ravvicinati di architettura&quot;. Poco dopo, il fascino postmoderno del pezzo cattur\u00f2 l&#039;attenzione di intenditori e addetti al design su scala internazionale. Questa nuova edizione dell&#039;iconica poltrona presenta la tradizionale struttura in legno intagliato e dipinto a mano con un rivestimento fisso in tessuto multicolore che riprende l&#039;arredamento della struttura. La poltrona Proust viene prodotta in due diverse palette di colori: azzurro, grigio e giallo oppure nero, verde e rosso. Struttura: faggio massiccio intagliato e verniciato a mano, imbottitura: poliuretano espanso a pi\u00f9 densit\u00e0 Tessuto multicolore che si abbina ai colori della struttura:PR_1: azzurro, grigio, giallo, PR_2: nero, verde, rosso.\" \/>\n<meta property=\"og:url\" content=\"https:\/\/www.casarredo.it\/en\/prodotto\/proust-poltrona-mendini\/\" \/>\n<meta property=\"og:site_name\" content=\"Casarredo.it\" \/>\n<meta property=\"article:publisher\" content=\"https:\/\/www.facebook.com\/Casarredo-632870513490892\" \/>\n<meta property=\"article:modified_time\" content=\"2025-12-20T16:38:39+00:00\" \/>\n<meta property=\"og:image\" content=\"https:\/\/www.casarredo.it\/wp-content\/uploads\/2024\/02\/proust-cappellini.webp\" \/>\n\t<meta property=\"og:image:width\" content=\"700\" \/>\n\t<meta property=\"og:image:height\" content=\"700\" \/>\n\t<meta property=\"og:image:type\" content=\"image\/webp\" \/>\n<meta name=\"twitter:card\" content=\"summary_large_image\" \/>\n<meta name=\"twitter:label1\" content=\"Est. reading time\" \/>\n\t<meta name=\"twitter:data1\" content=\"2 minutes\" \/>\n<script type=\"application\/ld+json\" class=\"yoast-schema-graph\">{\"@context\":\"https:\\\/\\\/schema.org\",\"@graph\":[{\"@type\":\"WebPage\",\"@id\":\"https:\\\/\\\/www.casarredo.it\\\/en\\\/prodotto\\\/proust-poltrona-mendini\\\/\",\"url\":\"https:\\\/\\\/www.casarredo.it\\\/en\\\/prodotto\\\/proust-poltrona-mendini\\\/\",\"name\":\"PROUST POLTRONA MENDINI &#8212; Casarredo.it\",\"isPartOf\":{\"@id\":\"https:\\\/\\\/www.casarredo.it\\\/en\\\/#website\"},\"primaryImageOfPage\":{\"@id\":\"https:\\\/\\\/www.casarredo.it\\\/en\\\/prodotto\\\/proust-poltrona-mendini\\\/#primaryimage\"},\"image\":{\"@id\":\"https:\\\/\\\/www.casarredo.it\\\/en\\\/prodotto\\\/proust-poltrona-mendini\\\/#primaryimage\"},\"thumbnailUrl\":\"https:\\\/\\\/www.casarredo.it\\\/wp-content\\\/uploads\\\/2024\\\/02\\\/proust-cappellini.webp\",\"datePublished\":\"2024-02-22T17:54:49+00:00\",\"dateModified\":\"2025-12-20T16:38:39+00:00\",\"description\":\"Proust , uno dei pezzi di design pi\u00f9 acclamati al mondo, la poltrona di Alessandro Mendini \u00e8 stata lanciata nel 1978, quando \u00e8 stata utilizzata per arredare il Palazzo dei Diamanti, a Ferrara, durante una mostra intitolata \\\"Incontri ravvicinati di architettura\\\". Poco dopo, il fascino postmoderno del pezzo cattur\u00f2 l'attenzione di intenditori e addetti al design su scala internazionale. Questa nuova edizione dell'iconica poltrona presenta la tradizionale struttura in legno intagliato e dipinto a mano con un rivestimento fisso in tessuto multicolore che riprende l'arredamento della struttura. La poltrona Proust viene prodotta in due diverse palette di colori: azzurro, grigio e giallo oppure nero, verde e rosso. Struttura: faggio massiccio intagliato e verniciato a mano, imbottitura: poliuretano espanso a pi\u00f9 densit\u00e0 Tessuto multicolore che si abbina ai colori della struttura:PR_1: azzurro, grigio, giallo, PR_2: nero, verde, rosso.\",\"breadcrumb\":{\"@id\":\"https:\\\/\\\/www.casarredo.it\\\/en\\\/prodotto\\\/proust-poltrona-mendini\\\/#breadcrumb\"},\"inLanguage\":\"en-US\",\"potentialAction\":[{\"@type\":\"ReadAction\",\"target\":[\"https:\\\/\\\/www.casarredo.it\\\/en\\\/prodotto\\\/proust-poltrona-mendini\\\/\"]}]},{\"@type\":\"ImageObject\",\"inLanguage\":\"en-US\",\"@id\":\"https:\\\/\\\/www.casarredo.it\\\/en\\\/prodotto\\\/proust-poltrona-mendini\\\/#primaryimage\",\"url\":\"https:\\\/\\\/www.casarredo.it\\\/wp-content\\\/uploads\\\/2024\\\/02\\\/proust-cappellini.webp\",\"contentUrl\":\"https:\\\/\\\/www.casarredo.it\\\/wp-content\\\/uploads\\\/2024\\\/02\\\/proust-cappellini.webp\",\"width\":700,\"height\":700},{\"@type\":\"BreadcrumbList\",\"@id\":\"https:\\\/\\\/www.casarredo.it\\\/en\\\/prodotto\\\/proust-poltrona-mendini\\\/#breadcrumb\",\"itemListElement\":[{\"@type\":\"ListItem\",\"position\":1,\"name\":\"Home\",\"item\":\"https:\\\/\\\/www.casarredo.it\\\/en\\\/\"},{\"@type\":\"ListItem\",\"position\":2,\"name\":\"Shop online\",\"item\":\"https:\\\/\\\/www.casarredo.it\\\/en\\\/shop\\\/\"},{\"@type\":\"ListItem\",\"position\":3,\"name\":\"PROUST POLTRONA MENDINI\"}]},{\"@type\":\"WebSite\",\"@id\":\"https:\\\/\\\/www.casarredo.it\\\/en\\\/#website\",\"url\":\"https:\\\/\\\/www.casarredo.it\\\/en\\\/\",\"name\":\"Casarredo.it\",\"description\":\"Design da vivere\",\"publisher\":{\"@id\":\"https:\\\/\\\/www.casarredo.it\\\/en\\\/#organization\"},\"potentialAction\":[{\"@type\":\"SearchAction\",\"target\":{\"@type\":\"EntryPoint\",\"urlTemplate\":\"https:\\\/\\\/www.casarredo.it\\\/en\\\/?s={search_term_string}\"},\"query-input\":{\"@type\":\"PropertyValueSpecification\",\"valueRequired\":true,\"valueName\":\"search_term_string\"}}],\"inLanguage\":\"en-US\"},{\"@type\":\"Organization\",\"@id\":\"https:\\\/\\\/www.casarredo.it\\\/en\\\/#organization\",\"name\":\"casarredo srl\",\"url\":\"https:\\\/\\\/www.casarredo.it\\\/en\\\/\",\"logo\":{\"@type\":\"ImageObject\",\"inLanguage\":\"en-US\",\"@id\":\"https:\\\/\\\/www.casarredo.it\\\/en\\\/#\\\/schema\\\/logo\\\/image\\\/\",\"url\":\"https:\\\/\\\/www.casarredo.it\\\/wp-content\\\/uploads\\\/2018\\\/05\\\/vanity-scaled.jpg\",\"contentUrl\":\"https:\\\/\\\/www.casarredo.it\\\/wp-content\\\/uploads\\\/2018\\\/05\\\/vanity-scaled.jpg\",\"width\":2560,\"height\":1848,\"caption\":\"casarredo srl\"},\"image\":{\"@id\":\"https:\\\/\\\/www.casarredo.it\\\/en\\\/#\\\/schema\\\/logo\\\/image\\\/\"},\"sameAs\":[\"https:\\\/\\\/www.facebook.com\\\/Casarredo-632870513490892\",\"https:\\\/\\\/www.instagram.com\\\/casarredo_fano\\\/\"]}]}<\/script>\n<!-- \/ Yoast SEO plugin. -->","yoast_head_json":{"title":"PROUST POLTRONA MENDINI &#8212; Casarredo.it","description":"Proust , uno dei pezzi di design pi\u00f9 acclamati al mondo, la poltrona di Alessandro Mendini \u00e8 stata lanciata nel 1978, quando \u00e8 stata utilizzata per arredare il Palazzo dei Diamanti, a Ferrara, durante una mostra intitolata \"Incontri ravvicinati di architettura\". Poco dopo, il fascino postmoderno del pezzo cattur\u00f2 l'attenzione di intenditori e addetti al design su scala internazionale. Questa nuova edizione dell'iconica poltrona presenta la tradizionale struttura in legno intagliato e dipinto a mano con un rivestimento fisso in tessuto multicolore che riprende l'arredamento della struttura. La poltrona Proust viene prodotta in due diverse palette di colori: azzurro, grigio e giallo oppure nero, verde e rosso. Struttura: faggio massiccio intagliato e verniciato a mano, imbottitura: poliuretano espanso a pi\u00f9 densit\u00e0 Tessuto multicolore che si abbina ai colori della struttura:PR_1: azzurro, grigio, giallo, PR_2: nero, verde, rosso.","robots":{"index":"index","follow":"follow","max-snippet":"max-snippet:-1","max-image-preview":"max-image-preview:large","max-video-preview":"max-video-preview:-1"},"canonical":"https:\/\/www.casarredo.it\/en\/prodotto\/proust-poltrona-mendini\/","og_locale":"en_US","og_type":"article","og_title":"PROUST POLTRONA MENDINI &#8212; Casarredo.it","og_description":"Proust , uno dei pezzi di design pi\u00f9 acclamati al mondo, la poltrona di Alessandro Mendini \u00e8 stata lanciata nel 1978, quando \u00e8 stata utilizzata per arredare il Palazzo dei Diamanti, a Ferrara, durante una mostra intitolata \"Incontri ravvicinati di architettura\". Poco dopo, il fascino postmoderno del pezzo cattur\u00f2 l'attenzione di intenditori e addetti al design su scala internazionale. Questa nuova edizione dell'iconica poltrona presenta la tradizionale struttura in legno intagliato e dipinto a mano con un rivestimento fisso in tessuto multicolore che riprende l'arredamento della struttura. La poltrona Proust viene prodotta in due diverse palette di colori: azzurro, grigio e giallo oppure nero, verde e rosso. Struttura: faggio massiccio intagliato e verniciato a mano, imbottitura: poliuretano espanso a pi\u00f9 densit\u00e0 Tessuto multicolore che si abbina ai colori della struttura:PR_1: azzurro, grigio, giallo, PR_2: nero, verde, rosso.","og_url":"https:\/\/www.casarredo.it\/en\/prodotto\/proust-poltrona-mendini\/","og_site_name":"Casarredo.it","article_publisher":"https:\/\/www.facebook.com\/Casarredo-632870513490892","article_modified_time":"2025-12-20T16:38:39+00:00","og_image":[{"width":700,"height":700,"url":"https:\/\/www.casarredo.it\/wp-content\/uploads\/2024\/02\/proust-cappellini.webp","type":"image\/webp"}],"twitter_card":"summary_large_image","twitter_misc":{"Est. reading time":"2 minutes"},"schema":{"@context":"https:\/\/schema.org","@graph":[{"@type":"WebPage","@id":"https:\/\/www.casarredo.it\/en\/prodotto\/proust-poltrona-mendini\/","url":"https:\/\/www.casarredo.it\/en\/prodotto\/proust-poltrona-mendini\/","name":"PROUST POLTRONA MENDINI &#8212; Casarredo.it","isPartOf":{"@id":"https:\/\/www.casarredo.it\/en\/#website"},"primaryImageOfPage":{"@id":"https:\/\/www.casarredo.it\/en\/prodotto\/proust-poltrona-mendini\/#primaryimage"},"image":{"@id":"https:\/\/www.casarredo.it\/en\/prodotto\/proust-poltrona-mendini\/#primaryimage"},"thumbnailUrl":"https:\/\/www.casarredo.it\/wp-content\/uploads\/2024\/02\/proust-cappellini.webp","datePublished":"2024-02-22T17:54:49+00:00","dateModified":"2025-12-20T16:38:39+00:00","description":"Proust , uno dei pezzi di design pi\u00f9 acclamati al mondo, la poltrona di Alessandro Mendini \u00e8 stata lanciata nel 1978, quando \u00e8 stata utilizzata per arredare il Palazzo dei Diamanti, a Ferrara, durante una mostra intitolata \"Incontri ravvicinati di architettura\". Poco dopo, il fascino postmoderno del pezzo cattur\u00f2 l'attenzione di intenditori e addetti al design su scala internazionale. Questa nuova edizione dell'iconica poltrona presenta la tradizionale struttura in legno intagliato e dipinto a mano con un rivestimento fisso in tessuto multicolore che riprende l'arredamento della struttura. La poltrona Proust viene prodotta in due diverse palette di colori: azzurro, grigio e giallo oppure nero, verde e rosso. Struttura: faggio massiccio intagliato e verniciato a mano, imbottitura: poliuretano espanso a pi\u00f9 densit\u00e0 Tessuto multicolore che si abbina ai colori della struttura:PR_1: azzurro, grigio, giallo, PR_2: nero, verde, rosso.","breadcrumb":{"@id":"https:\/\/www.casarredo.it\/en\/prodotto\/proust-poltrona-mendini\/#breadcrumb"},"inLanguage":"en-US","potentialAction":[{"@type":"ReadAction","target":["https:\/\/www.casarredo.it\/en\/prodotto\/proust-poltrona-mendini\/"]}]},{"@type":"ImageObject","inLanguage":"en-US","@id":"https:\/\/www.casarredo.it\/en\/prodotto\/proust-poltrona-mendini\/#primaryimage","url":"https:\/\/www.casarredo.it\/wp-content\/uploads\/2024\/02\/proust-cappellini.webp","contentUrl":"https:\/\/www.casarredo.it\/wp-content\/uploads\/2024\/02\/proust-cappellini.webp","width":700,"height":700},{"@type":"BreadcrumbList","@id":"https:\/\/www.casarredo.it\/en\/prodotto\/proust-poltrona-mendini\/#breadcrumb","itemListElement":[{"@type":"ListItem","position":1,"name":"Home","item":"https:\/\/www.casarredo.it\/en\/"},{"@type":"ListItem","position":2,"name":"Shop online","item":"https:\/\/www.casarredo.it\/en\/shop\/"},{"@type":"ListItem","position":3,"name":"PROUST POLTRONA MENDINI"}]},{"@type":"WebSite","@id":"https:\/\/www.casarredo.it\/en\/#website","url":"https:\/\/www.casarredo.it\/en\/","name":"Casarredo.it","description":"Design da vivere","publisher":{"@id":"https:\/\/www.casarredo.it\/en\/#organization"},"potentialAction":[{"@type":"SearchAction","target":{"@type":"EntryPoint","urlTemplate":"https:\/\/www.casarredo.it\/en\/?s={search_term_string}"},"query-input":{"@type":"PropertyValueSpecification","valueRequired":true,"valueName":"search_term_string"}}],"inLanguage":"en-US"},{"@type":"Organization","@id":"https:\/\/www.casarredo.it\/en\/#organization","name":"casarredo srl","url":"https:\/\/www.casarredo.it\/en\/","logo":{"@type":"ImageObject","inLanguage":"en-US","@id":"https:\/\/www.casarredo.it\/en\/#\/schema\/logo\/image\/","url":"https:\/\/www.casarredo.it\/wp-content\/uploads\/2018\/05\/vanity-scaled.jpg","contentUrl":"https:\/\/www.casarredo.it\/wp-content\/uploads\/2018\/05\/vanity-scaled.jpg","width":2560,"height":1848,"caption":"casarredo srl"},"image":{"@id":"https:\/\/www.casarredo.it\/en\/#\/schema\/logo\/image\/"},"sameAs":["https:\/\/www.facebook.com\/Casarredo-632870513490892","https:\/\/www.instagram.com\/casarredo_fano\/"]}]}},"_links":{"self":[{"href":"https:\/\/www.casarredo.it\/en\/wp-json\/wp\/v2\/product\/30337","targetHints":{"allow":["GET"]}}],"collection":[{"href":"https:\/\/www.casarredo.it\/en\/wp-json\/wp\/v2\/product"}],"about":[{"href":"https:\/\/www.casarredo.it\/en\/wp-json\/wp\/v2\/types\/product"}],"wp:featuredmedia":[{"embeddable":true,"href":"https:\/\/www.casarredo.it\/en\/wp-json\/wp\/v2\/media\/30340"}],"wp:attachment":[{"href":"https:\/\/www.casarredo.it\/en\/wp-json\/wp\/v2\/media?parent=30337"}],"wp:term":[{"taxonomy":"product_brand","embeddable":true,"href":"https:\/\/www.casarredo.it\/en\/wp-json\/wp\/v2\/product_brand?post=30337"},{"taxonomy":"product_cat","embeddable":true,"href":"https:\/\/www.casarredo.it\/en\/wp-json\/wp\/v2\/product_cat?post=30337"},{"taxonomy":"product_tag","embeddable":true,"href":"https:\/\/www.casarredo.it\/en\/wp-json\/wp\/v2\/product_tag?post=30337"}],"curies":[{"name":"wp","href":"https:\/\/api.w.org\/{rel}","templated":true}]}}