{"id":30308,"date":"2024-02-08T19:27:34","date_gmt":"2024-02-08T18:27:34","guid":{"rendered":"https:\/\/www.casarredo.it\/?post_type=product&#038;p=30308"},"modified":"2025-05-06T15:12:02","modified_gmt":"2025-05-06T13:12:02","slug":"collar-poltrona-frau","status":"publish","type":"product","link":"https:\/\/www.casarredo.it\/en\/prodotto\/collar-poltrona-frau\/","title":{"rendered":"COLLAR POLTRONA FRAU"},"content":{"rendered":"<p><\/p>\n<h1>COLLAR POLTRONA FRAU<\/h1>\n<p><strong>Collar Poltrona Frau, parte integrante della prestigiosa collezione Poltrona Frau Pet Collection, rappresenta l&#8217;eccellenza nell&#8217;unire stile e sicurezza per il vostro fedele compagno a quattro zampe.<\/strong><\/p>\n<p>Questo collare \u00e8 un&#8217;opera d&#8217;arte di artigianato italiano, progettato con cura e precisione per garantire la massima durata e comodit\u00e0. Al suo interno \u00e8 presente un rinforzo interno antistrappo che assicura che il vostro animale sia sempre al sicuro durante le sue avventure quotidiane divertendosi in serenit\u00e0. Un tocco di eleganza \u00e8 rappresentato dalla medaglietta lucida, arricchita dal logo Poltrona Frau\u00ae laserato, che gli conferisce un tocco di raffinatezza, con la possibilit\u00e0 di personalizzarla con il nome del vostro fedele amico. Questa possibile personalizzazione rende il collare unico e speciale, oltre a rappresentare una concreta misura di sicurezza, che in caso di smarrimento aiuter\u00e0 chiunque trovi il vostro animale a identificarlo facilmente. In definitiva, \u00e8 l&#8217;accessorio perfetto, che unisce stile, sicurezza e un tocco personale. Il collare \u00e8 disponibile in tre diverse dimensioni, small, medium, large e in tre diverse tonalit\u00e0 di pelle e tessuto sui toni del cammello, del viola e del verde.<\/p>\n<p><em>Il collare presenta un rivestimento interno in Pelle Frau\u00ae ColorSphere\u00ae ed il rivestimento esterno, il passante fisso, il passante mobile con blocco in Pelle Frau\u00ae Motif Weavers della designer Simona Cremascoli. Le fibbie e gli anelli a forma di D, sono prodotti in ottone e galvanizzati in nichel lucido a telaio.<\/em><\/p>\n<p><\/p>\n","protected":false},"excerpt":{"rendered":"<p><strong>Collar Poltrona Frau, parte integrante della prestigiosa collezione Poltrona Frau Pet Collection, rappresenta l&#8217;eccellenza nell&#8217;unire stile e sicurezza per il vostro fedele compagno a quattro zampe.<\/strong><\/p>\n<p>Questo collare \u00e8 un&#8217;opera d&#8217;arte di artigianato italiano, progettato con cura e precisione per garantire la massima durata e comodit\u00e0. Al suo interno \u00e8 presente un rinforzo interno antistrappo che assicura che il vostro animale sia sempre al sicuro durante le sue avventure quotidiane divertendosi in serenit\u00e0. Un tocco di eleganza \u00e8 rappresentato dalla medaglietta lucida, arricchita dal logo Poltrona Frau\u00ae laserato, che gli conferisce un tocco di raffinatezza, con la possibilit\u00e0 di personalizzarla con il nome del vostro fedele amico. Questa possibile personalizzazione rende il collare unico e speciale, oltre a rappresentare una concreta misura di sicurezza, che in caso di smarrimento aiuter\u00e0 chiunque trovi il vostro animale a identificarlo facilmente. In definitiva, \u00e8 l&#8217;accessorio perfetto, che unisce stile, sicurezza e un tocco personale. Il collare \u00e8 disponibile in tre diverse dimensioni, small, medium, large e in tre diverse tonalit\u00e0 di pelle e tessuto sui toni del cammello, del viola e del verde.<\/p>\n<p><em>Il collare presenta un rivestimento interno in Pelle Frau\u00ae ColorSphere\u00ae ed il rivestimento esterno, il passante fisso, il passante mobile con blocco in Pelle Frau\u00ae Motif Weavers della designer Simona Cremascoli. Le fibbie e gli anelli a forma di D, sono prodotti in ottone e galvanizzati in nichel lucido a telaio.<\/em><\/p>\n","protected":false},"featured_media":30318,"template":"","meta":[],"product_brand":[],"product_cat":[363,389,592],"product_tag":[3507],"class_list":{"0":"post-30308","1":"product","2":"type-product","3":"status-publish","4":"has-post-thumbnail","6":"product_cat-complementi","7":"product_cat-idee-regalo","8":"product_cat-poltrona-frau","9":"product_tag-colla","10":"pa_colore-cammello","11":"pa_colore-prugna","12":"pa_colore-verde","13":"pa_dimensioni-senza-imballo-grande","14":"pa_dimensioni-senza-imballo-medio","15":"pa_dimensioni-senza-imballo-piccolo","17":"first","18":"instock","19":"shipping-taxable","20":"purchasable","21":"product-type-simple","22":"add-to-wishlist-after_add_to_cart"},"yoast_head":"<!-- This site is optimized with the Yoast SEO plugin v27.4 - https:\/\/yoast.com\/product\/yoast-seo-wordpress\/ -->\n<title>COLLAR POLTRONA FRAU &#8212; Casarredo.it<\/title>\n<meta name=\"description\" content=\"Collar Poltrona Frau, parte integrante della prestigiosa collezione Poltrona Frau Pet Collection, rappresenta l&#039;eccellenza nell&#039;unire stile e sicurezza per il vostro fedele compagno a quattro zampe.Questo collare \u00e8 un&#039;opera d&#039;arte di artigianato italiano, progettato con cura e precisione per garantire la massima durata e comodit\u00e0. Al suo interno \u00e8 presente un rinforzo interno antistrappo che assicura che il vostro animale sia sempre al sicuro durante le sue avventure quotidiane divertendosi in serenit\u00e0. Un tocco di eleganza \u00e8 rappresentato dalla medaglietta lucida, arricchita dal logo Poltrona Frau\u00ae laserato, che gli conferisce un tocco di raffinatezza, con la possibilit\u00e0 di personalizzarla con il nome del vostro fedele amico.\" \/>\n<meta name=\"robots\" content=\"index, follow, max-snippet:-1, max-image-preview:large, max-video-preview:-1\" \/>\n<link rel=\"canonical\" href=\"https:\/\/www.casarredo.it\/en\/prodotto\/collar-poltrona-frau\/\" \/>\n<meta property=\"og:locale\" content=\"en_US\" \/>\n<meta property=\"og:type\" content=\"article\" \/>\n<meta property=\"og:title\" content=\"COLLAR POLTRONA FRAU &#8212; Casarredo.it\" \/>\n<meta property=\"og:description\" content=\"Collar Poltrona Frau, parte integrante della prestigiosa collezione Poltrona Frau Pet Collection, rappresenta l&#039;eccellenza nell&#039;unire stile e sicurezza per il vostro fedele compagno a quattro zampe.Questo collare \u00e8 un&#039;opera d&#039;arte di artigianato italiano, progettato con cura e precisione per garantire la massima durata e comodit\u00e0. Al suo interno \u00e8 presente un rinforzo interno antistrappo che assicura che il vostro animale sia sempre al sicuro durante le sue avventure quotidiane divertendosi in serenit\u00e0. Un tocco di eleganza \u00e8 rappresentato dalla medaglietta lucida, arricchita dal logo Poltrona Frau\u00ae laserato, che gli conferisce un tocco di raffinatezza, con la possibilit\u00e0 di personalizzarla con il nome del vostro fedele amico.\" \/>\n<meta property=\"og:url\" content=\"https:\/\/www.casarredo.it\/en\/prodotto\/collar-poltrona-frau\/\" \/>\n<meta property=\"og:site_name\" content=\"Casarredo.it\" \/>\n<meta property=\"article:publisher\" content=\"https:\/\/www.facebook.com\/Casarredo-632870513490892\" \/>\n<meta property=\"article:modified_time\" content=\"2025-05-06T13:12:02+00:00\" \/>\n<meta property=\"og:image\" content=\"https:\/\/www.casarredo.it\/wp-content\/uploads\/2024\/02\/COLLAR-POLTRONA-FRAU.webp\" \/>\n\t<meta property=\"og:image:width\" content=\"1200\" \/>\n\t<meta property=\"og:image:height\" content=\"900\" \/>\n\t<meta property=\"og:image:type\" content=\"image\/webp\" \/>\n<meta name=\"twitter:card\" content=\"summary_large_image\" \/>\n<meta name=\"twitter:label1\" content=\"Est. reading time\" \/>\n\t<meta name=\"twitter:data1\" content=\"2 minutes\" \/>\n<script type=\"application\/ld+json\" class=\"yoast-schema-graph\">{\"@context\":\"https:\\\/\\\/schema.org\",\"@graph\":[{\"@type\":\"WebPage\",\"@id\":\"https:\\\/\\\/www.casarredo.it\\\/en\\\/prodotto\\\/collar-poltrona-frau\\\/\",\"url\":\"https:\\\/\\\/www.casarredo.it\\\/en\\\/prodotto\\\/collar-poltrona-frau\\\/\",\"name\":\"COLLAR POLTRONA FRAU &#8212; Casarredo.it\",\"isPartOf\":{\"@id\":\"https:\\\/\\\/www.casarredo.it\\\/en\\\/#website\"},\"primaryImageOfPage\":{\"@id\":\"https:\\\/\\\/www.casarredo.it\\\/en\\\/prodotto\\\/collar-poltrona-frau\\\/#primaryimage\"},\"image\":{\"@id\":\"https:\\\/\\\/www.casarredo.it\\\/en\\\/prodotto\\\/collar-poltrona-frau\\\/#primaryimage\"},\"thumbnailUrl\":\"https:\\\/\\\/www.casarredo.it\\\/wp-content\\\/uploads\\\/2024\\\/02\\\/COLLAR-POLTRONA-FRAU.webp\",\"datePublished\":\"2024-02-08T18:27:34+00:00\",\"dateModified\":\"2025-05-06T13:12:02+00:00\",\"description\":\"Collar Poltrona Frau, parte integrante della prestigiosa collezione Poltrona Frau Pet Collection, rappresenta l'eccellenza nell'unire stile e sicurezza per il vostro fedele compagno a quattro zampe.Questo collare \u00e8 un'opera d'arte di artigianato italiano, progettato con cura e precisione per garantire la massima durata e comodit\u00e0. Al suo interno \u00e8 presente un rinforzo interno antistrappo che assicura che il vostro animale sia sempre al sicuro durante le sue avventure quotidiane divertendosi in serenit\u00e0. Un tocco di eleganza \u00e8 rappresentato dalla medaglietta lucida, arricchita dal logo Poltrona Frau\u00ae laserato, che gli conferisce un tocco di raffinatezza, con la possibilit\u00e0 di personalizzarla con il nome del vostro fedele amico.\",\"breadcrumb\":{\"@id\":\"https:\\\/\\\/www.casarredo.it\\\/en\\\/prodotto\\\/collar-poltrona-frau\\\/#breadcrumb\"},\"inLanguage\":\"en-US\",\"potentialAction\":[{\"@type\":\"ReadAction\",\"target\":[\"https:\\\/\\\/www.casarredo.it\\\/en\\\/prodotto\\\/collar-poltrona-frau\\\/\"]}]},{\"@type\":\"ImageObject\",\"inLanguage\":\"en-US\",\"@id\":\"https:\\\/\\\/www.casarredo.it\\\/en\\\/prodotto\\\/collar-poltrona-frau\\\/#primaryimage\",\"url\":\"https:\\\/\\\/www.casarredo.it\\\/wp-content\\\/uploads\\\/2024\\\/02\\\/COLLAR-POLTRONA-FRAU.webp\",\"contentUrl\":\"https:\\\/\\\/www.casarredo.it\\\/wp-content\\\/uploads\\\/2024\\\/02\\\/COLLAR-POLTRONA-FRAU.webp\",\"width\":1200,\"height\":900},{\"@type\":\"BreadcrumbList\",\"@id\":\"https:\\\/\\\/www.casarredo.it\\\/en\\\/prodotto\\\/collar-poltrona-frau\\\/#breadcrumb\",\"itemListElement\":[{\"@type\":\"ListItem\",\"position\":1,\"name\":\"Home\",\"item\":\"https:\\\/\\\/www.casarredo.it\\\/en\\\/\"},{\"@type\":\"ListItem\",\"position\":2,\"name\":\"Shop online\",\"item\":\"https:\\\/\\\/www.casarredo.it\\\/en\\\/shop\\\/\"},{\"@type\":\"ListItem\",\"position\":3,\"name\":\"COLLAR POLTRONA FRAU\"}]},{\"@type\":\"WebSite\",\"@id\":\"https:\\\/\\\/www.casarredo.it\\\/en\\\/#website\",\"url\":\"https:\\\/\\\/www.casarredo.it\\\/en\\\/\",\"name\":\"Casarredo.it\",\"description\":\"Design da vivere\",\"publisher\":{\"@id\":\"https:\\\/\\\/www.casarredo.it\\\/en\\\/#organization\"},\"potentialAction\":[{\"@type\":\"SearchAction\",\"target\":{\"@type\":\"EntryPoint\",\"urlTemplate\":\"https:\\\/\\\/www.casarredo.it\\\/en\\\/?s={search_term_string}\"},\"query-input\":{\"@type\":\"PropertyValueSpecification\",\"valueRequired\":true,\"valueName\":\"search_term_string\"}}],\"inLanguage\":\"en-US\"},{\"@type\":\"Organization\",\"@id\":\"https:\\\/\\\/www.casarredo.it\\\/en\\\/#organization\",\"name\":\"casarredo srl\",\"url\":\"https:\\\/\\\/www.casarredo.it\\\/en\\\/\",\"logo\":{\"@type\":\"ImageObject\",\"inLanguage\":\"en-US\",\"@id\":\"https:\\\/\\\/www.casarredo.it\\\/en\\\/#\\\/schema\\\/logo\\\/image\\\/\",\"url\":\"https:\\\/\\\/www.casarredo.it\\\/wp-content\\\/uploads\\\/2018\\\/05\\\/vanity-scaled.jpg\",\"contentUrl\":\"https:\\\/\\\/www.casarredo.it\\\/wp-content\\\/uploads\\\/2018\\\/05\\\/vanity-scaled.jpg\",\"width\":2560,\"height\":1848,\"caption\":\"casarredo srl\"},\"image\":{\"@id\":\"https:\\\/\\\/www.casarredo.it\\\/en\\\/#\\\/schema\\\/logo\\\/image\\\/\"},\"sameAs\":[\"https:\\\/\\\/www.facebook.com\\\/Casarredo-632870513490892\",\"https:\\\/\\\/www.instagram.com\\\/casarredo_fano\\\/\"]}]}<\/script>\n<!-- \/ Yoast SEO plugin. -->","yoast_head_json":{"title":"COLLAR POLTRONA FRAU &#8212; Casarredo.it","description":"Collar Poltrona Frau, parte integrante della prestigiosa collezione Poltrona Frau Pet Collection, rappresenta l'eccellenza nell'unire stile e sicurezza per il vostro fedele compagno a quattro zampe.Questo collare \u00e8 un'opera d'arte di artigianato italiano, progettato con cura e precisione per garantire la massima durata e comodit\u00e0. Al suo interno \u00e8 presente un rinforzo interno antistrappo che assicura che il vostro animale sia sempre al sicuro durante le sue avventure quotidiane divertendosi in serenit\u00e0. Un tocco di eleganza \u00e8 rappresentato dalla medaglietta lucida, arricchita dal logo Poltrona Frau\u00ae laserato, che gli conferisce un tocco di raffinatezza, con la possibilit\u00e0 di personalizzarla con il nome del vostro fedele amico.","robots":{"index":"index","follow":"follow","max-snippet":"max-snippet:-1","max-image-preview":"max-image-preview:large","max-video-preview":"max-video-preview:-1"},"canonical":"https:\/\/www.casarredo.it\/en\/prodotto\/collar-poltrona-frau\/","og_locale":"en_US","og_type":"article","og_title":"COLLAR POLTRONA FRAU &#8212; Casarredo.it","og_description":"Collar Poltrona Frau, parte integrante della prestigiosa collezione Poltrona Frau Pet Collection, rappresenta l'eccellenza nell'unire stile e sicurezza per il vostro fedele compagno a quattro zampe.Questo collare \u00e8 un'opera d'arte di artigianato italiano, progettato con cura e precisione per garantire la massima durata e comodit\u00e0. Al suo interno \u00e8 presente un rinforzo interno antistrappo che assicura che il vostro animale sia sempre al sicuro durante le sue avventure quotidiane divertendosi in serenit\u00e0. Un tocco di eleganza \u00e8 rappresentato dalla medaglietta lucida, arricchita dal logo Poltrona Frau\u00ae laserato, che gli conferisce un tocco di raffinatezza, con la possibilit\u00e0 di personalizzarla con il nome del vostro fedele amico.","og_url":"https:\/\/www.casarredo.it\/en\/prodotto\/collar-poltrona-frau\/","og_site_name":"Casarredo.it","article_publisher":"https:\/\/www.facebook.com\/Casarredo-632870513490892","article_modified_time":"2025-05-06T13:12:02+00:00","og_image":[{"width":1200,"height":900,"url":"https:\/\/www.casarredo.it\/wp-content\/uploads\/2024\/02\/COLLAR-POLTRONA-FRAU.webp","type":"image\/webp"}],"twitter_card":"summary_large_image","twitter_misc":{"Est. reading time":"2 minutes"},"schema":{"@context":"https:\/\/schema.org","@graph":[{"@type":"WebPage","@id":"https:\/\/www.casarredo.it\/en\/prodotto\/collar-poltrona-frau\/","url":"https:\/\/www.casarredo.it\/en\/prodotto\/collar-poltrona-frau\/","name":"COLLAR POLTRONA FRAU &#8212; Casarredo.it","isPartOf":{"@id":"https:\/\/www.casarredo.it\/en\/#website"},"primaryImageOfPage":{"@id":"https:\/\/www.casarredo.it\/en\/prodotto\/collar-poltrona-frau\/#primaryimage"},"image":{"@id":"https:\/\/www.casarredo.it\/en\/prodotto\/collar-poltrona-frau\/#primaryimage"},"thumbnailUrl":"https:\/\/www.casarredo.it\/wp-content\/uploads\/2024\/02\/COLLAR-POLTRONA-FRAU.webp","datePublished":"2024-02-08T18:27:34+00:00","dateModified":"2025-05-06T13:12:02+00:00","description":"Collar Poltrona Frau, parte integrante della prestigiosa collezione Poltrona Frau Pet Collection, rappresenta l'eccellenza nell'unire stile e sicurezza per il vostro fedele compagno a quattro zampe.Questo collare \u00e8 un'opera d'arte di artigianato italiano, progettato con cura e precisione per garantire la massima durata e comodit\u00e0. Al suo interno \u00e8 presente un rinforzo interno antistrappo che assicura che il vostro animale sia sempre al sicuro durante le sue avventure quotidiane divertendosi in serenit\u00e0. Un tocco di eleganza \u00e8 rappresentato dalla medaglietta lucida, arricchita dal logo Poltrona Frau\u00ae laserato, che gli conferisce un tocco di raffinatezza, con la possibilit\u00e0 di personalizzarla con il nome del vostro fedele amico.","breadcrumb":{"@id":"https:\/\/www.casarredo.it\/en\/prodotto\/collar-poltrona-frau\/#breadcrumb"},"inLanguage":"en-US","potentialAction":[{"@type":"ReadAction","target":["https:\/\/www.casarredo.it\/en\/prodotto\/collar-poltrona-frau\/"]}]},{"@type":"ImageObject","inLanguage":"en-US","@id":"https:\/\/www.casarredo.it\/en\/prodotto\/collar-poltrona-frau\/#primaryimage","url":"https:\/\/www.casarredo.it\/wp-content\/uploads\/2024\/02\/COLLAR-POLTRONA-FRAU.webp","contentUrl":"https:\/\/www.casarredo.it\/wp-content\/uploads\/2024\/02\/COLLAR-POLTRONA-FRAU.webp","width":1200,"height":900},{"@type":"BreadcrumbList","@id":"https:\/\/www.casarredo.it\/en\/prodotto\/collar-poltrona-frau\/#breadcrumb","itemListElement":[{"@type":"ListItem","position":1,"name":"Home","item":"https:\/\/www.casarredo.it\/en\/"},{"@type":"ListItem","position":2,"name":"Shop online","item":"https:\/\/www.casarredo.it\/en\/shop\/"},{"@type":"ListItem","position":3,"name":"COLLAR POLTRONA FRAU"}]},{"@type":"WebSite","@id":"https:\/\/www.casarredo.it\/en\/#website","url":"https:\/\/www.casarredo.it\/en\/","name":"Casarredo.it","description":"Design da vivere","publisher":{"@id":"https:\/\/www.casarredo.it\/en\/#organization"},"potentialAction":[{"@type":"SearchAction","target":{"@type":"EntryPoint","urlTemplate":"https:\/\/www.casarredo.it\/en\/?s={search_term_string}"},"query-input":{"@type":"PropertyValueSpecification","valueRequired":true,"valueName":"search_term_string"}}],"inLanguage":"en-US"},{"@type":"Organization","@id":"https:\/\/www.casarredo.it\/en\/#organization","name":"casarredo srl","url":"https:\/\/www.casarredo.it\/en\/","logo":{"@type":"ImageObject","inLanguage":"en-US","@id":"https:\/\/www.casarredo.it\/en\/#\/schema\/logo\/image\/","url":"https:\/\/www.casarredo.it\/wp-content\/uploads\/2018\/05\/vanity-scaled.jpg","contentUrl":"https:\/\/www.casarredo.it\/wp-content\/uploads\/2018\/05\/vanity-scaled.jpg","width":2560,"height":1848,"caption":"casarredo srl"},"image":{"@id":"https:\/\/www.casarredo.it\/en\/#\/schema\/logo\/image\/"},"sameAs":["https:\/\/www.facebook.com\/Casarredo-632870513490892","https:\/\/www.instagram.com\/casarredo_fano\/"]}]}},"_links":{"self":[{"href":"https:\/\/www.casarredo.it\/en\/wp-json\/wp\/v2\/product\/30308","targetHints":{"allow":["GET"]}}],"collection":[{"href":"https:\/\/www.casarredo.it\/en\/wp-json\/wp\/v2\/product"}],"about":[{"href":"https:\/\/www.casarredo.it\/en\/wp-json\/wp\/v2\/types\/product"}],"wp:featuredmedia":[{"embeddable":true,"href":"https:\/\/www.casarredo.it\/en\/wp-json\/wp\/v2\/media\/30318"}],"wp:attachment":[{"href":"https:\/\/www.casarredo.it\/en\/wp-json\/wp\/v2\/media?parent=30308"}],"wp:term":[{"taxonomy":"product_brand","embeddable":true,"href":"https:\/\/www.casarredo.it\/en\/wp-json\/wp\/v2\/product_brand?post=30308"},{"taxonomy":"product_cat","embeddable":true,"href":"https:\/\/www.casarredo.it\/en\/wp-json\/wp\/v2\/product_cat?post=30308"},{"taxonomy":"product_tag","embeddable":true,"href":"https:\/\/www.casarredo.it\/en\/wp-json\/wp\/v2\/product_tag?post=30308"}],"curies":[{"name":"wp","href":"https:\/\/api.w.org\/{rel}","templated":true}]}}