{"id":30292,"date":"2024-02-08T18:21:08","date_gmt":"2024-02-08T17:21:08","guid":{"rendered":"https:\/\/www.casarredo.it\/?post_type=product&#038;p=30292"},"modified":"2025-05-06T17:02:17","modified_gmt":"2025-05-06T15:02:17","slug":"sofa-plaid-poltrona-frau","status":"publish","type":"product","link":"https:\/\/www.casarredo.it\/en\/prodotto\/sofa-plaid-poltrona-frau\/","title":{"rendered":"SOFA PLAID POLTRONA FRAU"},"content":{"rendered":"<h1>SOFA PLAID POLTRONA FRAU<\/h1>\n<p><strong>Sofa Plaid della collezione Poltrona Frau Pet Collection del prestigioso brand italiano Poltrona Frau \u00e8 un&#8217;icona di comfort e stile, progettato appositamente per soddisfare le esigenze dei vostri animali domestici e integrarsi perfettamente nella vostra casa. Disponibile nelle colorazioni cammello, viola e verde.<\/strong>Questo sofisticato e lussuoso plaid \u00e8 realizzato con la stessa maestria artigianale che ha reso celebre il marchio Poltrona Frau. Ogni dettaglio \u00e8 stato attentamente curato per garantire un prodotto di alta qualit\u00e0, duraturo e affascinante sotto ogni aspetto. La sua superficie \u00e8 avvolta in tessuti di alta qualit\u00e0, lana e cashmere per il periodo invernale e trapuntato impermeabile per l\u2019estivo, morbidi al tatto e resistenti all&#8217;usura, per garantire il massimo comfort per i vostri amici a quattro zampe. Inoltre \u00e8 dotato di un utile gancio per fissarlo facilmente alla cuscinatura. Questo coperta non \u00e8 solo un accessorio elegante, ma offre anche un rifugio perfetto per i vostri animali domestici. Il suo design spazioso e accogliente li invita a rannicchiarsi e a sentirsi al sicuro. Inoltre, \u00e8 facile da pulire, garantendo un ambiente sempre fresco e igienico per i vostri amici. Questa coperta \u00e8 dunque il connubio perfetto tra l&#8217;amore per gli animali domestici e il design italiano senza tempo.<\/p>\n<p><em>Il Plaid Presenta un lato invernale realizzato in lana (90%) e cashmere (10%) e un lato estivo in tessuto acrilico trapuntato color avorio anti-scoloritura, antimacchia, imbottito (80 gr) in dralon idrofugo e water repellent.<\/em><\/p>\n","protected":false},"excerpt":{"rendered":"<p><strong>Sofa Plaid della collezione Poltrona Frau Pet Collection del prestigioso brand italiano Poltrona Frau \u00e8 un&#8217;icona di comfort e stile, progettato appositamente per soddisfare le esigenze dei vostri animali domestici e integrarsi perfettamente nella vostra casa. Disponibile nelle colorazioni cammello, viola e verde.<\/strong><\/p>\n<p>Questo sofisticato e lussuoso plaid \u00e8 realizzato con la stessa maestria artigianale che ha reso celebre il marchio Poltrona Frau. Ogni dettaglio \u00e8 stato attentamente curato per garantire un prodotto di alta qualit\u00e0, duraturo e affascinante sotto ogni aspetto. La sua superficie \u00e8 avvolta in tessuti di alta qualit\u00e0, lana e cashmere per il periodo invernale e trapuntato impermeabile per l\u2019estivo, morbidi al tatto e resistenti all&#8217;usura, per garantire il massimo comfort per i vostri amici a quattro zampe. Inoltre \u00e8 dotato di un utile gancio per fissarlo facilmente alla cuscinatura. Questo coperta non \u00e8 solo un accessorio elegante, ma offre anche un rifugio perfetto per i vostri animali domestici. Il suo design spazioso e accogliente li invita a rannicchiarsi e a sentirsi al sicuro. Inoltre, \u00e8 facile da pulire, garantendo un ambiente sempre fresco e igienico per i vostri amici. Questa coperta \u00e8 dunque il connubio perfetto tra l&#8217;amore per gli animali domestici e il design italiano senza tempo.<\/p>\n<p><em>Il Plaid Presenta un lato invernale realizzato in lana (90%) e cashmere (10%) e un lato estivo in tessuto acrilico trapuntato color avorio anti-scoloritura, antimacchia, imbottito (80 gr) in dralon idrofugo e water repellent.<\/em><\/p>\n","protected":false},"featured_media":30304,"template":"","meta":[],"product_brand":[],"product_cat":[389,592],"product_tag":[3503,3504,3501,3502,593,3500],"class_list":{"0":"post-30292","1":"product","2":"type-product","3":"status-publish","4":"has-post-thumbnail","6":"product_cat-idee-regalo","7":"product_cat-poltrona-frau","8":"product_tag-cane","9":"product_tag-gatto","10":"product_tag-pet-collection","11":"product_tag-plaid-x-animali","12":"product_tag-poltrona-frau","13":"product_tag-sofa-playd","14":"pa_colore-cammello","15":"pa_colore-prugna","16":"pa_colore-verde","18":"first","19":"onbackorder","20":"sale","21":"shipping-taxable","22":"purchasable","23":"product-type-variable","24":"add-to-wishlist-after_add_to_cart"},"yoast_head":"<!-- This site is optimized with the Yoast SEO plugin v27.4 - https:\/\/yoast.com\/product\/yoast-seo-wordpress\/ -->\n<title>SOFA PLAID POLTRONA FRAU &#8212; Casarredo.it<\/title>\n<meta name=\"description\" content=\"Sofa Plaid della collezione Poltrona Frau Pet Collection del prestigioso brand italiano Poltrona Frau \u00e8 un&#039;icona di comfort e stile, progettato appositamente per soddisfare le esigenze dei vostri animali domestici e integrarsi perfettamente nella vostra casa. Disponibile nelle colorazioni cammello, viola e verde. Questo sofisticato e lussuoso plaid \u00e8 realizzato con la stessa maestria artigianale che ha reso celebre il marchio Poltrona Frau. Ogni dettaglio \u00e8 stato attentamente curato per garantire un prodotto di alta qualit\u00e0, duraturo e affascinante sotto ogni aspetto. La sua superficie \u00e8 avvolta in tessuti di alta qualit\u00e0, lana e cashmere per il periodo invernale e trapuntato impermeabile per l\u2019estivo, morbidi al tatto e resistenti all&#039;usura, per garantire il massimo comfort per i vostri amici a quattro zampe. Inoltre \u00e8 dotato di un utile gancio per fissarlo facilmente alla cuscinatura. Questo coperta non \u00e8 solo un accessorio elegante, ma offre anche un rifugio perfetto per i vostri animali domestici. Il suo design spazioso e accogliente li invita a rannicchiarsi e a sentirsi al sicuro. Inoltre, \u00e8 facile da pulire, garantendo un ambiente sempre fresco e igienico per i vostri amici.\" \/>\n<meta name=\"robots\" content=\"index, follow, max-snippet:-1, max-image-preview:large, max-video-preview:-1\" \/>\n<link rel=\"canonical\" href=\"https:\/\/www.casarredo.it\/en\/prodotto\/sofa-plaid-poltrona-frau\/\" \/>\n<meta property=\"og:locale\" content=\"en_US\" \/>\n<meta property=\"og:type\" content=\"article\" \/>\n<meta property=\"og:title\" content=\"SOFA PLAID POLTRONA FRAU &#8212; Casarredo.it\" \/>\n<meta property=\"og:description\" content=\"Sofa Plaid della collezione Poltrona Frau Pet Collection del prestigioso brand italiano Poltrona Frau \u00e8 un&#039;icona di comfort e stile, progettato appositamente per soddisfare le esigenze dei vostri animali domestici e integrarsi perfettamente nella vostra casa. Disponibile nelle colorazioni cammello, viola e verde. Questo sofisticato e lussuoso plaid \u00e8 realizzato con la stessa maestria artigianale che ha reso celebre il marchio Poltrona Frau. Ogni dettaglio \u00e8 stato attentamente curato per garantire un prodotto di alta qualit\u00e0, duraturo e affascinante sotto ogni aspetto. La sua superficie \u00e8 avvolta in tessuti di alta qualit\u00e0, lana e cashmere per il periodo invernale e trapuntato impermeabile per l\u2019estivo, morbidi al tatto e resistenti all&#039;usura, per garantire il massimo comfort per i vostri amici a quattro zampe. Inoltre \u00e8 dotato di un utile gancio per fissarlo facilmente alla cuscinatura. Questo coperta non \u00e8 solo un accessorio elegante, ma offre anche un rifugio perfetto per i vostri animali domestici. Il suo design spazioso e accogliente li invita a rannicchiarsi e a sentirsi al sicuro. Inoltre, \u00e8 facile da pulire, garantendo un ambiente sempre fresco e igienico per i vostri amici.\" \/>\n<meta property=\"og:url\" content=\"https:\/\/www.casarredo.it\/en\/prodotto\/sofa-plaid-poltrona-frau\/\" \/>\n<meta property=\"og:site_name\" content=\"Casarredo.it\" \/>\n<meta property=\"article:publisher\" content=\"https:\/\/www.facebook.com\/Casarredo-632870513490892\" \/>\n<meta property=\"article:modified_time\" content=\"2025-05-06T15:02:17+00:00\" \/>\n<meta property=\"og:image\" content=\"https:\/\/www.casarredo.it\/wp-content\/uploads\/2024\/02\/SOFA-PLAID-PET.jpg\" \/>\n\t<meta property=\"og:image:width\" content=\"1200\" \/>\n\t<meta property=\"og:image:height\" content=\"900\" \/>\n\t<meta property=\"og:image:type\" content=\"image\/jpeg\" \/>\n<meta name=\"twitter:card\" content=\"summary_large_image\" \/>\n<meta name=\"twitter:label1\" content=\"Est. reading time\" \/>\n\t<meta name=\"twitter:data1\" content=\"2 minutes\" \/>\n<script type=\"application\/ld+json\" class=\"yoast-schema-graph\">{\"@context\":\"https:\\\/\\\/schema.org\",\"@graph\":[{\"@type\":\"WebPage\",\"@id\":\"https:\\\/\\\/www.casarredo.it\\\/en\\\/prodotto\\\/sofa-plaid-poltrona-frau\\\/\",\"url\":\"https:\\\/\\\/www.casarredo.it\\\/en\\\/prodotto\\\/sofa-plaid-poltrona-frau\\\/\",\"name\":\"SOFA PLAID POLTRONA FRAU &#8212; Casarredo.it\",\"isPartOf\":{\"@id\":\"https:\\\/\\\/www.casarredo.it\\\/en\\\/#website\"},\"primaryImageOfPage\":{\"@id\":\"https:\\\/\\\/www.casarredo.it\\\/en\\\/prodotto\\\/sofa-plaid-poltrona-frau\\\/#primaryimage\"},\"image\":{\"@id\":\"https:\\\/\\\/www.casarredo.it\\\/en\\\/prodotto\\\/sofa-plaid-poltrona-frau\\\/#primaryimage\"},\"thumbnailUrl\":\"https:\\\/\\\/www.casarredo.it\\\/wp-content\\\/uploads\\\/2024\\\/02\\\/SOFA-PLAID-PET.jpg\",\"datePublished\":\"2024-02-08T17:21:08+00:00\",\"dateModified\":\"2025-05-06T15:02:17+00:00\",\"description\":\"Sofa Plaid della collezione Poltrona Frau Pet Collection del prestigioso brand italiano Poltrona Frau \u00e8 un'icona di comfort e stile, progettato appositamente per soddisfare le esigenze dei vostri animali domestici e integrarsi perfettamente nella vostra casa. Disponibile nelle colorazioni cammello, viola e verde. Questo sofisticato e lussuoso plaid \u00e8 realizzato con la stessa maestria artigianale che ha reso celebre il marchio Poltrona Frau. Ogni dettaglio \u00e8 stato attentamente curato per garantire un prodotto di alta qualit\u00e0, duraturo e affascinante sotto ogni aspetto. La sua superficie \u00e8 avvolta in tessuti di alta qualit\u00e0, lana e cashmere per il periodo invernale e trapuntato impermeabile per l\u2019estivo, morbidi al tatto e resistenti all'usura, per garantire il massimo comfort per i vostri amici a quattro zampe. Inoltre \u00e8 dotato di un utile gancio per fissarlo facilmente alla cuscinatura. Questo coperta non \u00e8 solo un accessorio elegante, ma offre anche un rifugio perfetto per i vostri animali domestici. Il suo design spazioso e accogliente li invita a rannicchiarsi e a sentirsi al sicuro. Inoltre, \u00e8 facile da pulire, garantendo un ambiente sempre fresco e igienico per i vostri amici.\",\"breadcrumb\":{\"@id\":\"https:\\\/\\\/www.casarredo.it\\\/en\\\/prodotto\\\/sofa-plaid-poltrona-frau\\\/#breadcrumb\"},\"inLanguage\":\"en-US\",\"potentialAction\":[{\"@type\":\"ReadAction\",\"target\":[\"https:\\\/\\\/www.casarredo.it\\\/en\\\/prodotto\\\/sofa-plaid-poltrona-frau\\\/\"]}]},{\"@type\":\"ImageObject\",\"inLanguage\":\"en-US\",\"@id\":\"https:\\\/\\\/www.casarredo.it\\\/en\\\/prodotto\\\/sofa-plaid-poltrona-frau\\\/#primaryimage\",\"url\":\"https:\\\/\\\/www.casarredo.it\\\/wp-content\\\/uploads\\\/2024\\\/02\\\/SOFA-PLAID-PET.jpg\",\"contentUrl\":\"https:\\\/\\\/www.casarredo.it\\\/wp-content\\\/uploads\\\/2024\\\/02\\\/SOFA-PLAID-PET.jpg\",\"width\":1200,\"height\":900},{\"@type\":\"BreadcrumbList\",\"@id\":\"https:\\\/\\\/www.casarredo.it\\\/en\\\/prodotto\\\/sofa-plaid-poltrona-frau\\\/#breadcrumb\",\"itemListElement\":[{\"@type\":\"ListItem\",\"position\":1,\"name\":\"Home\",\"item\":\"https:\\\/\\\/www.casarredo.it\\\/en\\\/\"},{\"@type\":\"ListItem\",\"position\":2,\"name\":\"Shop online\",\"item\":\"https:\\\/\\\/www.casarredo.it\\\/en\\\/shop\\\/\"},{\"@type\":\"ListItem\",\"position\":3,\"name\":\"SOFA PLAID POLTRONA FRAU\"}]},{\"@type\":\"WebSite\",\"@id\":\"https:\\\/\\\/www.casarredo.it\\\/en\\\/#website\",\"url\":\"https:\\\/\\\/www.casarredo.it\\\/en\\\/\",\"name\":\"Casarredo.it\",\"description\":\"Design da vivere\",\"publisher\":{\"@id\":\"https:\\\/\\\/www.casarredo.it\\\/en\\\/#organization\"},\"potentialAction\":[{\"@type\":\"SearchAction\",\"target\":{\"@type\":\"EntryPoint\",\"urlTemplate\":\"https:\\\/\\\/www.casarredo.it\\\/en\\\/?s={search_term_string}\"},\"query-input\":{\"@type\":\"PropertyValueSpecification\",\"valueRequired\":true,\"valueName\":\"search_term_string\"}}],\"inLanguage\":\"en-US\"},{\"@type\":\"Organization\",\"@id\":\"https:\\\/\\\/www.casarredo.it\\\/en\\\/#organization\",\"name\":\"casarredo srl\",\"url\":\"https:\\\/\\\/www.casarredo.it\\\/en\\\/\",\"logo\":{\"@type\":\"ImageObject\",\"inLanguage\":\"en-US\",\"@id\":\"https:\\\/\\\/www.casarredo.it\\\/en\\\/#\\\/schema\\\/logo\\\/image\\\/\",\"url\":\"https:\\\/\\\/www.casarredo.it\\\/wp-content\\\/uploads\\\/2018\\\/05\\\/vanity-scaled.jpg\",\"contentUrl\":\"https:\\\/\\\/www.casarredo.it\\\/wp-content\\\/uploads\\\/2018\\\/05\\\/vanity-scaled.jpg\",\"width\":2560,\"height\":1848,\"caption\":\"casarredo srl\"},\"image\":{\"@id\":\"https:\\\/\\\/www.casarredo.it\\\/en\\\/#\\\/schema\\\/logo\\\/image\\\/\"},\"sameAs\":[\"https:\\\/\\\/www.facebook.com\\\/Casarredo-632870513490892\",\"https:\\\/\\\/www.instagram.com\\\/casarredo_fano\\\/\"]}]}<\/script>\n<!-- \/ Yoast SEO plugin. -->","yoast_head_json":{"title":"SOFA PLAID POLTRONA FRAU &#8212; Casarredo.it","description":"Sofa Plaid della collezione Poltrona Frau Pet Collection del prestigioso brand italiano Poltrona Frau \u00e8 un'icona di comfort e stile, progettato appositamente per soddisfare le esigenze dei vostri animali domestici e integrarsi perfettamente nella vostra casa. Disponibile nelle colorazioni cammello, viola e verde. Questo sofisticato e lussuoso plaid \u00e8 realizzato con la stessa maestria artigianale che ha reso celebre il marchio Poltrona Frau. Ogni dettaglio \u00e8 stato attentamente curato per garantire un prodotto di alta qualit\u00e0, duraturo e affascinante sotto ogni aspetto. La sua superficie \u00e8 avvolta in tessuti di alta qualit\u00e0, lana e cashmere per il periodo invernale e trapuntato impermeabile per l\u2019estivo, morbidi al tatto e resistenti all'usura, per garantire il massimo comfort per i vostri amici a quattro zampe. Inoltre \u00e8 dotato di un utile gancio per fissarlo facilmente alla cuscinatura. Questo coperta non \u00e8 solo un accessorio elegante, ma offre anche un rifugio perfetto per i vostri animali domestici. Il suo design spazioso e accogliente li invita a rannicchiarsi e a sentirsi al sicuro. Inoltre, \u00e8 facile da pulire, garantendo un ambiente sempre fresco e igienico per i vostri amici.","robots":{"index":"index","follow":"follow","max-snippet":"max-snippet:-1","max-image-preview":"max-image-preview:large","max-video-preview":"max-video-preview:-1"},"canonical":"https:\/\/www.casarredo.it\/en\/prodotto\/sofa-plaid-poltrona-frau\/","og_locale":"en_US","og_type":"article","og_title":"SOFA PLAID POLTRONA FRAU &#8212; Casarredo.it","og_description":"Sofa Plaid della collezione Poltrona Frau Pet Collection del prestigioso brand italiano Poltrona Frau \u00e8 un'icona di comfort e stile, progettato appositamente per soddisfare le esigenze dei vostri animali domestici e integrarsi perfettamente nella vostra casa. Disponibile nelle colorazioni cammello, viola e verde. Questo sofisticato e lussuoso plaid \u00e8 realizzato con la stessa maestria artigianale che ha reso celebre il marchio Poltrona Frau. Ogni dettaglio \u00e8 stato attentamente curato per garantire un prodotto di alta qualit\u00e0, duraturo e affascinante sotto ogni aspetto. La sua superficie \u00e8 avvolta in tessuti di alta qualit\u00e0, lana e cashmere per il periodo invernale e trapuntato impermeabile per l\u2019estivo, morbidi al tatto e resistenti all'usura, per garantire il massimo comfort per i vostri amici a quattro zampe. Inoltre \u00e8 dotato di un utile gancio per fissarlo facilmente alla cuscinatura. Questo coperta non \u00e8 solo un accessorio elegante, ma offre anche un rifugio perfetto per i vostri animali domestici. Il suo design spazioso e accogliente li invita a rannicchiarsi e a sentirsi al sicuro. Inoltre, \u00e8 facile da pulire, garantendo un ambiente sempre fresco e igienico per i vostri amici.","og_url":"https:\/\/www.casarredo.it\/en\/prodotto\/sofa-plaid-poltrona-frau\/","og_site_name":"Casarredo.it","article_publisher":"https:\/\/www.facebook.com\/Casarredo-632870513490892","article_modified_time":"2025-05-06T15:02:17+00:00","og_image":[{"width":1200,"height":900,"url":"https:\/\/www.casarredo.it\/wp-content\/uploads\/2024\/02\/SOFA-PLAID-PET.jpg","type":"image\/jpeg"}],"twitter_card":"summary_large_image","twitter_misc":{"Est. reading time":"2 minutes"},"schema":{"@context":"https:\/\/schema.org","@graph":[{"@type":"WebPage","@id":"https:\/\/www.casarredo.it\/en\/prodotto\/sofa-plaid-poltrona-frau\/","url":"https:\/\/www.casarredo.it\/en\/prodotto\/sofa-plaid-poltrona-frau\/","name":"SOFA PLAID POLTRONA FRAU &#8212; Casarredo.it","isPartOf":{"@id":"https:\/\/www.casarredo.it\/en\/#website"},"primaryImageOfPage":{"@id":"https:\/\/www.casarredo.it\/en\/prodotto\/sofa-plaid-poltrona-frau\/#primaryimage"},"image":{"@id":"https:\/\/www.casarredo.it\/en\/prodotto\/sofa-plaid-poltrona-frau\/#primaryimage"},"thumbnailUrl":"https:\/\/www.casarredo.it\/wp-content\/uploads\/2024\/02\/SOFA-PLAID-PET.jpg","datePublished":"2024-02-08T17:21:08+00:00","dateModified":"2025-05-06T15:02:17+00:00","description":"Sofa Plaid della collezione Poltrona Frau Pet Collection del prestigioso brand italiano Poltrona Frau \u00e8 un'icona di comfort e stile, progettato appositamente per soddisfare le esigenze dei vostri animali domestici e integrarsi perfettamente nella vostra casa. Disponibile nelle colorazioni cammello, viola e verde. Questo sofisticato e lussuoso plaid \u00e8 realizzato con la stessa maestria artigianale che ha reso celebre il marchio Poltrona Frau. Ogni dettaglio \u00e8 stato attentamente curato per garantire un prodotto di alta qualit\u00e0, duraturo e affascinante sotto ogni aspetto. La sua superficie \u00e8 avvolta in tessuti di alta qualit\u00e0, lana e cashmere per il periodo invernale e trapuntato impermeabile per l\u2019estivo, morbidi al tatto e resistenti all'usura, per garantire il massimo comfort per i vostri amici a quattro zampe. Inoltre \u00e8 dotato di un utile gancio per fissarlo facilmente alla cuscinatura. Questo coperta non \u00e8 solo un accessorio elegante, ma offre anche un rifugio perfetto per i vostri animali domestici. Il suo design spazioso e accogliente li invita a rannicchiarsi e a sentirsi al sicuro. Inoltre, \u00e8 facile da pulire, garantendo un ambiente sempre fresco e igienico per i vostri amici.","breadcrumb":{"@id":"https:\/\/www.casarredo.it\/en\/prodotto\/sofa-plaid-poltrona-frau\/#breadcrumb"},"inLanguage":"en-US","potentialAction":[{"@type":"ReadAction","target":["https:\/\/www.casarredo.it\/en\/prodotto\/sofa-plaid-poltrona-frau\/"]}]},{"@type":"ImageObject","inLanguage":"en-US","@id":"https:\/\/www.casarredo.it\/en\/prodotto\/sofa-plaid-poltrona-frau\/#primaryimage","url":"https:\/\/www.casarredo.it\/wp-content\/uploads\/2024\/02\/SOFA-PLAID-PET.jpg","contentUrl":"https:\/\/www.casarredo.it\/wp-content\/uploads\/2024\/02\/SOFA-PLAID-PET.jpg","width":1200,"height":900},{"@type":"BreadcrumbList","@id":"https:\/\/www.casarredo.it\/en\/prodotto\/sofa-plaid-poltrona-frau\/#breadcrumb","itemListElement":[{"@type":"ListItem","position":1,"name":"Home","item":"https:\/\/www.casarredo.it\/en\/"},{"@type":"ListItem","position":2,"name":"Shop online","item":"https:\/\/www.casarredo.it\/en\/shop\/"},{"@type":"ListItem","position":3,"name":"SOFA PLAID POLTRONA FRAU"}]},{"@type":"WebSite","@id":"https:\/\/www.casarredo.it\/en\/#website","url":"https:\/\/www.casarredo.it\/en\/","name":"Casarredo.it","description":"Design da vivere","publisher":{"@id":"https:\/\/www.casarredo.it\/en\/#organization"},"potentialAction":[{"@type":"SearchAction","target":{"@type":"EntryPoint","urlTemplate":"https:\/\/www.casarredo.it\/en\/?s={search_term_string}"},"query-input":{"@type":"PropertyValueSpecification","valueRequired":true,"valueName":"search_term_string"}}],"inLanguage":"en-US"},{"@type":"Organization","@id":"https:\/\/www.casarredo.it\/en\/#organization","name":"casarredo srl","url":"https:\/\/www.casarredo.it\/en\/","logo":{"@type":"ImageObject","inLanguage":"en-US","@id":"https:\/\/www.casarredo.it\/en\/#\/schema\/logo\/image\/","url":"https:\/\/www.casarredo.it\/wp-content\/uploads\/2018\/05\/vanity-scaled.jpg","contentUrl":"https:\/\/www.casarredo.it\/wp-content\/uploads\/2018\/05\/vanity-scaled.jpg","width":2560,"height":1848,"caption":"casarredo srl"},"image":{"@id":"https:\/\/www.casarredo.it\/en\/#\/schema\/logo\/image\/"},"sameAs":["https:\/\/www.facebook.com\/Casarredo-632870513490892","https:\/\/www.instagram.com\/casarredo_fano\/"]}]}},"_links":{"self":[{"href":"https:\/\/www.casarredo.it\/en\/wp-json\/wp\/v2\/product\/30292","targetHints":{"allow":["GET"]}}],"collection":[{"href":"https:\/\/www.casarredo.it\/en\/wp-json\/wp\/v2\/product"}],"about":[{"href":"https:\/\/www.casarredo.it\/en\/wp-json\/wp\/v2\/types\/product"}],"wp:featuredmedia":[{"embeddable":true,"href":"https:\/\/www.casarredo.it\/en\/wp-json\/wp\/v2\/media\/30304"}],"wp:attachment":[{"href":"https:\/\/www.casarredo.it\/en\/wp-json\/wp\/v2\/media?parent=30292"}],"wp:term":[{"taxonomy":"product_brand","embeddable":true,"href":"https:\/\/www.casarredo.it\/en\/wp-json\/wp\/v2\/product_brand?post=30292"},{"taxonomy":"product_cat","embeddable":true,"href":"https:\/\/www.casarredo.it\/en\/wp-json\/wp\/v2\/product_cat?post=30292"},{"taxonomy":"product_tag","embeddable":true,"href":"https:\/\/www.casarredo.it\/en\/wp-json\/wp\/v2\/product_tag?post=30292"}],"curies":[{"name":"wp","href":"https:\/\/api.w.org\/{rel}","templated":true}]}}