{"id":30270,"date":"2024-02-08T12:38:06","date_gmt":"2024-02-08T11:38:06","guid":{"rendered":"https:\/\/www.casarredo.it\/?post_type=product&#038;p=30270"},"modified":"2025-12-20T12:50:36","modified_gmt":"2025-12-20T11:50:36","slug":"dog-bed-poltrona-frau","status":"publish","type":"product","link":"https:\/\/www.casarredo.it\/en\/prodotto\/dog-bed-poltrona-frau\/","title":{"rendered":"DOG BED POLTRONA FRAU"},"content":{"rendered":"<p><\/p>\n<h1>DOG BED POLTRONA FRAU<\/h1>\n<p>Dog bed. Elegante, confortevole ed ergonomica, la <b>cuccia per cani<\/b>\u00a0\u00e8 un rifugio di alta qualit\u00e0 che offre un sonno ottimale, oltre che il perfetto supporto per le articolazioni. Ha forma ovale ed \u00e8 realizzata con pregiata\u00a0<b>Pelle Frau\u00ae<\/b>. La struttura interna in legno certificato FSC \u00e8 abbinata a imbottiture ignifughe, mentre il\u00a0<b>cuscino interno in foam anallergico \u00e8 sfoderabile e resistente all&#8217;acqua<\/b>. I piedini incorporati migliorano l&#8217;aerazione e la termoregolazione.<\/p>\n<p><\/p>\n","protected":false},"excerpt":{"rendered":"<h1>DOG BED POLTRONA FRAU<\/h1>\n<p>Dog bed. Elegante, confortevole ed ergonomica, la <b>cuccia per cani<\/b>\u00a0\u00e8 un rifugio di alta qualit\u00e0 che offre un sonno ottimale, oltre che il perfetto supporto per le articolazioni. Ha forma ovale ed \u00e8 realizzata con pregiata\u00a0<b>Pelle Frau\u00ae<\/b>. La struttura interna in legno certificato FSC \u00e8 abbinata a imbottiture ignifughe, mentre il\u00a0<b>cuscino interno in foam anallergico \u00e8 sfoderabile e resistente all&#8217;acqua<\/b>. I piedini incorporati migliorano l&#8217;aerazione e la termoregolazione.<\/p>\n","protected":false},"featured_media":30271,"template":"","meta":[],"product_brand":[],"product_cat":[363,1000,389,592],"product_tag":[3496,3497,3498,593],"class_list":{"0":"post-30270","1":"product","2":"type-product","3":"status-publish","4":"has-post-thumbnail","6":"product_cat-complementi","7":"product_cat-da-non-perdere","8":"product_cat-idee-regalo","9":"product_cat-poltrona-frau","10":"product_tag-cuccia","11":"product_tag-dog-bed","12":"product_tag-letto-x-cane","13":"product_tag-poltrona-frau","14":"pa_colore-sc209-cypress","15":"pa_colore-sc66-india","16":"pa_dimensioni-senza-imballo-grande","17":"pa_dimensioni-senza-imballo-media","19":"first","20":"onbackorder","21":"sale","22":"shipping-taxable","23":"purchasable","24":"product-type-variable","25":"add-to-wishlist-after_add_to_cart"},"yoast_head":"<!-- This site is optimized with the Yoast SEO plugin v27.4 - https:\/\/yoast.com\/product\/yoast-seo-wordpress\/ -->\n<title>DOG BED POLTRONA FRAU &#8212; Casarredo.it<\/title>\n<meta name=\"description\" content=\"DOG BED POLTRONA FRAUDog bed. Elegante, confortevole ed ergonomica, la cuccia per cani\u00a0\u00e8 un rifugio di alta qualit\u00e0 che offre un sonno ottimale, oltre che il perfetto supporto per le articolazioni. Ha forma ovale ed \u00e8 realizzata con pregiata\u00a0Pelle Frau\u00ae. La struttura interna in legno certificato FSC \u00e8 abbinata a imbottiture ignifughe, mentre il\u00a0cuscino interno in foam anallergico \u00e8 sfoderabile e resistente all&#039;acqua. I piedini incorporati migliorano l&#039;aerazione e la termoregolazione.\" \/>\n<meta name=\"robots\" content=\"index, follow, max-snippet:-1, max-image-preview:large, max-video-preview:-1\" \/>\n<link rel=\"canonical\" href=\"https:\/\/www.casarredo.it\/en\/prodotto\/dog-bed-poltrona-frau\/\" \/>\n<meta property=\"og:locale\" content=\"en_US\" \/>\n<meta property=\"og:type\" content=\"article\" \/>\n<meta property=\"og:title\" content=\"DOG BED POLTRONA FRAU &#8212; Casarredo.it\" \/>\n<meta property=\"og:description\" content=\"DOG BED POLTRONA FRAUDog bed. Elegante, confortevole ed ergonomica, la cuccia per cani\u00a0\u00e8 un rifugio di alta qualit\u00e0 che offre un sonno ottimale, oltre che il perfetto supporto per le articolazioni. Ha forma ovale ed \u00e8 realizzata con pregiata\u00a0Pelle Frau\u00ae. La struttura interna in legno certificato FSC \u00e8 abbinata a imbottiture ignifughe, mentre il\u00a0cuscino interno in foam anallergico \u00e8 sfoderabile e resistente all&#039;acqua. I piedini incorporati migliorano l&#039;aerazione e la termoregolazione.\" \/>\n<meta property=\"og:url\" content=\"https:\/\/www.casarredo.it\/en\/prodotto\/dog-bed-poltrona-frau\/\" \/>\n<meta property=\"og:site_name\" content=\"Casarredo.it\" \/>\n<meta property=\"article:publisher\" content=\"https:\/\/www.facebook.com\/Casarredo-632870513490892\" \/>\n<meta property=\"article:modified_time\" content=\"2025-12-20T11:50:36+00:00\" \/>\n<meta property=\"og:image\" content=\"https:\/\/www.casarredo.it\/wp-content\/uploads\/2024\/02\/DOG-BED.jpg\" \/>\n\t<meta property=\"og:image:width\" content=\"300\" \/>\n\t<meta property=\"og:image:height\" content=\"300\" \/>\n\t<meta property=\"og:image:type\" content=\"image\/jpeg\" \/>\n<meta name=\"twitter:card\" content=\"summary_large_image\" \/>\n<meta name=\"twitter:label1\" content=\"Est. reading time\" \/>\n\t<meta name=\"twitter:data1\" content=\"1 minute\" \/>\n<script type=\"application\/ld+json\" class=\"yoast-schema-graph\">{\"@context\":\"https:\\\/\\\/schema.org\",\"@graph\":[{\"@type\":\"WebPage\",\"@id\":\"https:\\\/\\\/www.casarredo.it\\\/en\\\/prodotto\\\/dog-bed-poltrona-frau\\\/\",\"url\":\"https:\\\/\\\/www.casarredo.it\\\/en\\\/prodotto\\\/dog-bed-poltrona-frau\\\/\",\"name\":\"DOG BED POLTRONA FRAU &#8212; Casarredo.it\",\"isPartOf\":{\"@id\":\"https:\\\/\\\/www.casarredo.it\\\/en\\\/#website\"},\"primaryImageOfPage\":{\"@id\":\"https:\\\/\\\/www.casarredo.it\\\/en\\\/prodotto\\\/dog-bed-poltrona-frau\\\/#primaryimage\"},\"image\":{\"@id\":\"https:\\\/\\\/www.casarredo.it\\\/en\\\/prodotto\\\/dog-bed-poltrona-frau\\\/#primaryimage\"},\"thumbnailUrl\":\"https:\\\/\\\/www.casarredo.it\\\/wp-content\\\/uploads\\\/2024\\\/02\\\/DOG-BED.jpg\",\"datePublished\":\"2024-02-08T11:38:06+00:00\",\"dateModified\":\"2025-12-20T11:50:36+00:00\",\"description\":\"DOG BED POLTRONA FRAUDog bed. Elegante, confortevole ed ergonomica, la cuccia per cani\u00a0\u00e8 un rifugio di alta qualit\u00e0 che offre un sonno ottimale, oltre che il perfetto supporto per le articolazioni. Ha forma ovale ed \u00e8 realizzata con pregiata\u00a0Pelle Frau\u00ae. La struttura interna in legno certificato FSC \u00e8 abbinata a imbottiture ignifughe, mentre il\u00a0cuscino interno in foam anallergico \u00e8 sfoderabile e resistente all'acqua. I piedini incorporati migliorano l'aerazione e la termoregolazione.\",\"breadcrumb\":{\"@id\":\"https:\\\/\\\/www.casarredo.it\\\/en\\\/prodotto\\\/dog-bed-poltrona-frau\\\/#breadcrumb\"},\"inLanguage\":\"en-US\",\"potentialAction\":[{\"@type\":\"ReadAction\",\"target\":[\"https:\\\/\\\/www.casarredo.it\\\/en\\\/prodotto\\\/dog-bed-poltrona-frau\\\/\"]}]},{\"@type\":\"ImageObject\",\"inLanguage\":\"en-US\",\"@id\":\"https:\\\/\\\/www.casarredo.it\\\/en\\\/prodotto\\\/dog-bed-poltrona-frau\\\/#primaryimage\",\"url\":\"https:\\\/\\\/www.casarredo.it\\\/wp-content\\\/uploads\\\/2024\\\/02\\\/DOG-BED.jpg\",\"contentUrl\":\"https:\\\/\\\/www.casarredo.it\\\/wp-content\\\/uploads\\\/2024\\\/02\\\/DOG-BED.jpg\",\"width\":300,\"height\":300},{\"@type\":\"BreadcrumbList\",\"@id\":\"https:\\\/\\\/www.casarredo.it\\\/en\\\/prodotto\\\/dog-bed-poltrona-frau\\\/#breadcrumb\",\"itemListElement\":[{\"@type\":\"ListItem\",\"position\":1,\"name\":\"Home\",\"item\":\"https:\\\/\\\/www.casarredo.it\\\/en\\\/\"},{\"@type\":\"ListItem\",\"position\":2,\"name\":\"Shop online\",\"item\":\"https:\\\/\\\/www.casarredo.it\\\/en\\\/shop\\\/\"},{\"@type\":\"ListItem\",\"position\":3,\"name\":\"DOG BED POLTRONA FRAU\"}]},{\"@type\":\"WebSite\",\"@id\":\"https:\\\/\\\/www.casarredo.it\\\/en\\\/#website\",\"url\":\"https:\\\/\\\/www.casarredo.it\\\/en\\\/\",\"name\":\"Casarredo.it\",\"description\":\"Design da vivere\",\"publisher\":{\"@id\":\"https:\\\/\\\/www.casarredo.it\\\/en\\\/#organization\"},\"potentialAction\":[{\"@type\":\"SearchAction\",\"target\":{\"@type\":\"EntryPoint\",\"urlTemplate\":\"https:\\\/\\\/www.casarredo.it\\\/en\\\/?s={search_term_string}\"},\"query-input\":{\"@type\":\"PropertyValueSpecification\",\"valueRequired\":true,\"valueName\":\"search_term_string\"}}],\"inLanguage\":\"en-US\"},{\"@type\":\"Organization\",\"@id\":\"https:\\\/\\\/www.casarredo.it\\\/en\\\/#organization\",\"name\":\"casarredo srl\",\"url\":\"https:\\\/\\\/www.casarredo.it\\\/en\\\/\",\"logo\":{\"@type\":\"ImageObject\",\"inLanguage\":\"en-US\",\"@id\":\"https:\\\/\\\/www.casarredo.it\\\/en\\\/#\\\/schema\\\/logo\\\/image\\\/\",\"url\":\"https:\\\/\\\/www.casarredo.it\\\/wp-content\\\/uploads\\\/2018\\\/05\\\/vanity-scaled.jpg\",\"contentUrl\":\"https:\\\/\\\/www.casarredo.it\\\/wp-content\\\/uploads\\\/2018\\\/05\\\/vanity-scaled.jpg\",\"width\":2560,\"height\":1848,\"caption\":\"casarredo srl\"},\"image\":{\"@id\":\"https:\\\/\\\/www.casarredo.it\\\/en\\\/#\\\/schema\\\/logo\\\/image\\\/\"},\"sameAs\":[\"https:\\\/\\\/www.facebook.com\\\/Casarredo-632870513490892\",\"https:\\\/\\\/www.instagram.com\\\/casarredo_fano\\\/\"]}]}<\/script>\n<!-- \/ Yoast SEO plugin. -->","yoast_head_json":{"title":"DOG BED POLTRONA FRAU &#8212; Casarredo.it","description":"DOG BED POLTRONA FRAUDog bed. Elegante, confortevole ed ergonomica, la cuccia per cani\u00a0\u00e8 un rifugio di alta qualit\u00e0 che offre un sonno ottimale, oltre che il perfetto supporto per le articolazioni. Ha forma ovale ed \u00e8 realizzata con pregiata\u00a0Pelle Frau\u00ae. La struttura interna in legno certificato FSC \u00e8 abbinata a imbottiture ignifughe, mentre il\u00a0cuscino interno in foam anallergico \u00e8 sfoderabile e resistente all'acqua. I piedini incorporati migliorano l'aerazione e la termoregolazione.","robots":{"index":"index","follow":"follow","max-snippet":"max-snippet:-1","max-image-preview":"max-image-preview:large","max-video-preview":"max-video-preview:-1"},"canonical":"https:\/\/www.casarredo.it\/en\/prodotto\/dog-bed-poltrona-frau\/","og_locale":"en_US","og_type":"article","og_title":"DOG BED POLTRONA FRAU &#8212; Casarredo.it","og_description":"DOG BED POLTRONA FRAUDog bed. Elegante, confortevole ed ergonomica, la cuccia per cani\u00a0\u00e8 un rifugio di alta qualit\u00e0 che offre un sonno ottimale, oltre che il perfetto supporto per le articolazioni. Ha forma ovale ed \u00e8 realizzata con pregiata\u00a0Pelle Frau\u00ae. La struttura interna in legno certificato FSC \u00e8 abbinata a imbottiture ignifughe, mentre il\u00a0cuscino interno in foam anallergico \u00e8 sfoderabile e resistente all'acqua. I piedini incorporati migliorano l'aerazione e la termoregolazione.","og_url":"https:\/\/www.casarredo.it\/en\/prodotto\/dog-bed-poltrona-frau\/","og_site_name":"Casarredo.it","article_publisher":"https:\/\/www.facebook.com\/Casarredo-632870513490892","article_modified_time":"2025-12-20T11:50:36+00:00","og_image":[{"width":300,"height":300,"url":"https:\/\/www.casarredo.it\/wp-content\/uploads\/2024\/02\/DOG-BED.jpg","type":"image\/jpeg"}],"twitter_card":"summary_large_image","twitter_misc":{"Est. reading time":"1 minute"},"schema":{"@context":"https:\/\/schema.org","@graph":[{"@type":"WebPage","@id":"https:\/\/www.casarredo.it\/en\/prodotto\/dog-bed-poltrona-frau\/","url":"https:\/\/www.casarredo.it\/en\/prodotto\/dog-bed-poltrona-frau\/","name":"DOG BED POLTRONA FRAU &#8212; Casarredo.it","isPartOf":{"@id":"https:\/\/www.casarredo.it\/en\/#website"},"primaryImageOfPage":{"@id":"https:\/\/www.casarredo.it\/en\/prodotto\/dog-bed-poltrona-frau\/#primaryimage"},"image":{"@id":"https:\/\/www.casarredo.it\/en\/prodotto\/dog-bed-poltrona-frau\/#primaryimage"},"thumbnailUrl":"https:\/\/www.casarredo.it\/wp-content\/uploads\/2024\/02\/DOG-BED.jpg","datePublished":"2024-02-08T11:38:06+00:00","dateModified":"2025-12-20T11:50:36+00:00","description":"DOG BED POLTRONA FRAUDog bed. Elegante, confortevole ed ergonomica, la cuccia per cani\u00a0\u00e8 un rifugio di alta qualit\u00e0 che offre un sonno ottimale, oltre che il perfetto supporto per le articolazioni. Ha forma ovale ed \u00e8 realizzata con pregiata\u00a0Pelle Frau\u00ae. La struttura interna in legno certificato FSC \u00e8 abbinata a imbottiture ignifughe, mentre il\u00a0cuscino interno in foam anallergico \u00e8 sfoderabile e resistente all'acqua. I piedini incorporati migliorano l'aerazione e la termoregolazione.","breadcrumb":{"@id":"https:\/\/www.casarredo.it\/en\/prodotto\/dog-bed-poltrona-frau\/#breadcrumb"},"inLanguage":"en-US","potentialAction":[{"@type":"ReadAction","target":["https:\/\/www.casarredo.it\/en\/prodotto\/dog-bed-poltrona-frau\/"]}]},{"@type":"ImageObject","inLanguage":"en-US","@id":"https:\/\/www.casarredo.it\/en\/prodotto\/dog-bed-poltrona-frau\/#primaryimage","url":"https:\/\/www.casarredo.it\/wp-content\/uploads\/2024\/02\/DOG-BED.jpg","contentUrl":"https:\/\/www.casarredo.it\/wp-content\/uploads\/2024\/02\/DOG-BED.jpg","width":300,"height":300},{"@type":"BreadcrumbList","@id":"https:\/\/www.casarredo.it\/en\/prodotto\/dog-bed-poltrona-frau\/#breadcrumb","itemListElement":[{"@type":"ListItem","position":1,"name":"Home","item":"https:\/\/www.casarredo.it\/en\/"},{"@type":"ListItem","position":2,"name":"Shop online","item":"https:\/\/www.casarredo.it\/en\/shop\/"},{"@type":"ListItem","position":3,"name":"DOG BED POLTRONA FRAU"}]},{"@type":"WebSite","@id":"https:\/\/www.casarredo.it\/en\/#website","url":"https:\/\/www.casarredo.it\/en\/","name":"Casarredo.it","description":"Design da vivere","publisher":{"@id":"https:\/\/www.casarredo.it\/en\/#organization"},"potentialAction":[{"@type":"SearchAction","target":{"@type":"EntryPoint","urlTemplate":"https:\/\/www.casarredo.it\/en\/?s={search_term_string}"},"query-input":{"@type":"PropertyValueSpecification","valueRequired":true,"valueName":"search_term_string"}}],"inLanguage":"en-US"},{"@type":"Organization","@id":"https:\/\/www.casarredo.it\/en\/#organization","name":"casarredo srl","url":"https:\/\/www.casarredo.it\/en\/","logo":{"@type":"ImageObject","inLanguage":"en-US","@id":"https:\/\/www.casarredo.it\/en\/#\/schema\/logo\/image\/","url":"https:\/\/www.casarredo.it\/wp-content\/uploads\/2018\/05\/vanity-scaled.jpg","contentUrl":"https:\/\/www.casarredo.it\/wp-content\/uploads\/2018\/05\/vanity-scaled.jpg","width":2560,"height":1848,"caption":"casarredo srl"},"image":{"@id":"https:\/\/www.casarredo.it\/en\/#\/schema\/logo\/image\/"},"sameAs":["https:\/\/www.facebook.com\/Casarredo-632870513490892","https:\/\/www.instagram.com\/casarredo_fano\/"]}]}},"_links":{"self":[{"href":"https:\/\/www.casarredo.it\/en\/wp-json\/wp\/v2\/product\/30270","targetHints":{"allow":["GET"]}}],"collection":[{"href":"https:\/\/www.casarredo.it\/en\/wp-json\/wp\/v2\/product"}],"about":[{"href":"https:\/\/www.casarredo.it\/en\/wp-json\/wp\/v2\/types\/product"}],"wp:featuredmedia":[{"embeddable":true,"href":"https:\/\/www.casarredo.it\/en\/wp-json\/wp\/v2\/media\/30271"}],"wp:attachment":[{"href":"https:\/\/www.casarredo.it\/en\/wp-json\/wp\/v2\/media?parent=30270"}],"wp:term":[{"taxonomy":"product_brand","embeddable":true,"href":"https:\/\/www.casarredo.it\/en\/wp-json\/wp\/v2\/product_brand?post=30270"},{"taxonomy":"product_cat","embeddable":true,"href":"https:\/\/www.casarredo.it\/en\/wp-json\/wp\/v2\/product_cat?post=30270"},{"taxonomy":"product_tag","embeddable":true,"href":"https:\/\/www.casarredo.it\/en\/wp-json\/wp\/v2\/product_tag?post=30270"}],"curies":[{"name":"wp","href":"https:\/\/api.w.org\/{rel}","templated":true}]}}