{"id":30012,"date":"2023-10-31T17:52:29","date_gmt":"2023-10-31T16:52:29","guid":{"rendered":"https:\/\/www.casarredo.it\/?post_type=product&#038;p=30012"},"modified":"2026-04-18T19:43:29","modified_gmt":"2026-04-18T17:43:29","slug":"karelia-870-poltrona-zanotta","status":"publish","type":"product","link":"https:\/\/www.casarredo.it\/en\/prodotto\/karelia-870-poltrona-zanotta\/","title":{"rendered":"KARELIA 870 POLTRONA ZANOTTA"},"content":{"rendered":"<p><\/p>\n<h1>KARELIA 870, POLTRONA ZANOTTA<\/h1>\n<p>Karelia 870 \u00e8 una poltrona disegnata da Liisi Beckmann per Zanotta . Ha una\u00a0 struttura in poliuretano espanso a quote differenziate. Il rivestimento esterno \u00e8 sfilabile e realizzato in tessuto bielastico.<\/p>\n<p>Torna in produzione la poltrona\u00a0<b>Karelia<\/b>, icona pop anticonformista dell\u2019arredo anni Sessanta e simbolo di libert\u00e0.\u200e Una delle prime poltrone senza struttura, realizzata interamente in poliuretano espanso.\u200e La morbida superficie a onde, trae ispirazione dalla terra d\u2019origine della designer, la Repubblica di Carelia in Finlandia frastagliata da insenature e golfi.\u200e Il nuovo rivestimento tessile dai colori cangianti e brillanti sostituisce il vinilico degli anni 70.\u200e<br \/>\n<b><br \/>\nDescrizione e materiali<\/b><br \/>\nLe curve della poltrona sono valorizzate dal nuovo rivestimento sfilabile in un tessuto bioelastico Samba a trama diagonale dalle straordinarie prestazioni tecniche: calza perfettamente il volume della seduta seguendo molto bene la deformazione e il ritorno in forma dell\u2019oggetto.\u200e Cangiante e contemporaneo nelle scelte cromatiche, il tessuto determina una forte variazione del colore dato dal movimento e dalla luce.\u200e La riedizione \u00e8 migliorata nel comfort della zona renale grazie a una doppia densit\u00e0 del poliuretano ed \u00e8 stata aggiornata nelle proporzioni allargando leggermente la poltrona.\u200e Inoltre, \u00e8 ora possibile unire in soluzione aggregata due o pi\u00f9 moduli grazie a ganci posti sui piedini per creare una seduta ondulata continua.\u200e<\/p>\n<p><\/p>\n","protected":false},"excerpt":{"rendered":"<h1>KARELIA 870, POLTRONA ZANOTTA<\/h1>\n<p>Karelia 870 \u00e8 una poltrona disegnata da Liisi Beckmann per Zanotta . Ha una\u00a0 struttura in poliuretano espanso a quote differenziate. Il rivestimento esterno \u00e8 sfilabile e realizzato in tessuto bielastico.<\/p>\n<p>Torna in produzione la poltrona\u00a0<b>Karelia<\/b>, icona pop anticonformista dell\u2019arredo anni Sessanta e simbolo di libert\u00e0.\u200e Una delle prime poltrone senza struttura, realizzata interamente in poliuretano espanso.\u200e La morbida superficie a onde, trae ispirazione dalla terra d\u2019origine della designer, la Repubblica di Carelia in Finlandia frastagliata da insenature e golfi.\u200e Il nuovo rivestimento tessile dai colori cangianti e brillanti sostituisce il vinilico degli anni 70.\u200e<\/p>\n","protected":false},"featured_media":30015,"template":"","meta":[],"product_brand":[],"product_cat":[672,608,367],"product_tag":[3446,3445,1633,369],"class_list":{"0":"post-30012","1":"product","2":"type-product","3":"status-publish","4":"has-post-thumbnail","6":"product_cat-poltrone","7":"product_cat-zanotta","8":"product_cat-zona-giorno","9":"product_tag-karelia","10":"product_tag-liisi-beckmann","11":"product_tag-poltrona","12":"product_tag-zanotta","13":"pa_colore-arancio-32726","14":"pa_colore-blu-32757","15":"pa_colore-grigio-32703","16":"pa_colore-grigio-scuro-32704","17":"pa_colore-rosso-32727","18":"pa_colore-verde-32747","19":"pa_colore-viola-32756","20":"pa_colore-viola-scuro-32758","22":"first","23":"onbackorder","24":"sale","25":"shipping-taxable","26":"purchasable","27":"product-type-variable","28":"add-to-wishlist-after_add_to_cart"},"yoast_head":"<!-- This site is optimized with the Yoast SEO plugin v27.4 - https:\/\/yoast.com\/product\/yoast-seo-wordpress\/ -->\n<title>KARELIA 870 POLTRONA ZANOTTA &#8212; Casarredo.it<\/title>\n<meta name=\"description\" content=\"Karelia 870 \u00e8 una poltrona disegnata da Liisi Beckmann per Zanotta . Ha una\u00a0 struttura in poliuretano espanso a quote differenziate. Il rivestimento esterno \u00e8 sfilabile e realizzato in tessuto bielastico.\" \/>\n<meta name=\"robots\" content=\"index, follow, max-snippet:-1, max-image-preview:large, max-video-preview:-1\" \/>\n<link rel=\"canonical\" href=\"https:\/\/www.casarredo.it\/en\/prodotto\/karelia-870-poltrona-zanotta\/\" \/>\n<meta property=\"og:locale\" content=\"en_US\" \/>\n<meta property=\"og:type\" content=\"article\" \/>\n<meta property=\"og:title\" content=\"KARELIA 870 POLTRONA ZANOTTA &#8212; Casarredo.it\" \/>\n<meta property=\"og:description\" content=\"Karelia 870 \u00e8 una poltrona disegnata da Liisi Beckmann per Zanotta . Ha una\u00a0 struttura in poliuretano espanso a quote differenziate. Il rivestimento esterno \u00e8 sfilabile e realizzato in tessuto bielastico.\" \/>\n<meta property=\"og:url\" content=\"https:\/\/www.casarredo.it\/en\/prodotto\/karelia-870-poltrona-zanotta\/\" \/>\n<meta property=\"og:site_name\" content=\"Casarredo.it\" \/>\n<meta property=\"article:publisher\" content=\"https:\/\/www.facebook.com\/Casarredo-632870513490892\" \/>\n<meta property=\"article:modified_time\" content=\"2026-04-18T17:43:29+00:00\" \/>\n<meta property=\"og:image\" content=\"https:\/\/www.casarredo.it\/wp-content\/uploads\/2023\/10\/karelia-arancio.jpg\" \/>\n\t<meta property=\"og:image:width\" content=\"800\" \/>\n\t<meta property=\"og:image:height\" content=\"907\" \/>\n\t<meta property=\"og:image:type\" content=\"image\/jpeg\" \/>\n<meta name=\"twitter:card\" content=\"summary_large_image\" \/>\n<meta name=\"twitter:label1\" content=\"Est. reading time\" \/>\n\t<meta name=\"twitter:data1\" content=\"2 minutes\" \/>\n<script type=\"application\/ld+json\" class=\"yoast-schema-graph\">{\"@context\":\"https:\\\/\\\/schema.org\",\"@graph\":[{\"@type\":\"WebPage\",\"@id\":\"https:\\\/\\\/www.casarredo.it\\\/en\\\/prodotto\\\/karelia-870-poltrona-zanotta\\\/\",\"url\":\"https:\\\/\\\/www.casarredo.it\\\/en\\\/prodotto\\\/karelia-870-poltrona-zanotta\\\/\",\"name\":\"KARELIA 870 POLTRONA ZANOTTA &#8212; Casarredo.it\",\"isPartOf\":{\"@id\":\"https:\\\/\\\/www.casarredo.it\\\/en\\\/#website\"},\"primaryImageOfPage\":{\"@id\":\"https:\\\/\\\/www.casarredo.it\\\/en\\\/prodotto\\\/karelia-870-poltrona-zanotta\\\/#primaryimage\"},\"image\":{\"@id\":\"https:\\\/\\\/www.casarredo.it\\\/en\\\/prodotto\\\/karelia-870-poltrona-zanotta\\\/#primaryimage\"},\"thumbnailUrl\":\"https:\\\/\\\/www.casarredo.it\\\/wp-content\\\/uploads\\\/2023\\\/10\\\/karelia-arancio.jpg\",\"datePublished\":\"2023-10-31T16:52:29+00:00\",\"dateModified\":\"2026-04-18T17:43:29+00:00\",\"description\":\"Karelia 870 \u00e8 una poltrona disegnata da Liisi Beckmann per Zanotta . Ha una\u00a0 struttura in poliuretano espanso a quote differenziate. Il rivestimento esterno \u00e8 sfilabile e realizzato in tessuto bielastico.\",\"breadcrumb\":{\"@id\":\"https:\\\/\\\/www.casarredo.it\\\/en\\\/prodotto\\\/karelia-870-poltrona-zanotta\\\/#breadcrumb\"},\"inLanguage\":\"en-US\",\"potentialAction\":[{\"@type\":\"ReadAction\",\"target\":[\"https:\\\/\\\/www.casarredo.it\\\/en\\\/prodotto\\\/karelia-870-poltrona-zanotta\\\/\"]}]},{\"@type\":\"ImageObject\",\"inLanguage\":\"en-US\",\"@id\":\"https:\\\/\\\/www.casarredo.it\\\/en\\\/prodotto\\\/karelia-870-poltrona-zanotta\\\/#primaryimage\",\"url\":\"https:\\\/\\\/www.casarredo.it\\\/wp-content\\\/uploads\\\/2023\\\/10\\\/karelia-arancio.jpg\",\"contentUrl\":\"https:\\\/\\\/www.casarredo.it\\\/wp-content\\\/uploads\\\/2023\\\/10\\\/karelia-arancio.jpg\",\"width\":800,\"height\":907},{\"@type\":\"BreadcrumbList\",\"@id\":\"https:\\\/\\\/www.casarredo.it\\\/en\\\/prodotto\\\/karelia-870-poltrona-zanotta\\\/#breadcrumb\",\"itemListElement\":[{\"@type\":\"ListItem\",\"position\":1,\"name\":\"Home\",\"item\":\"https:\\\/\\\/www.casarredo.it\\\/en\\\/\"},{\"@type\":\"ListItem\",\"position\":2,\"name\":\"Shop online\",\"item\":\"https:\\\/\\\/www.casarredo.it\\\/en\\\/shop\\\/\"},{\"@type\":\"ListItem\",\"position\":3,\"name\":\"KARELIA 870 POLTRONA ZANOTTA\"}]},{\"@type\":\"WebSite\",\"@id\":\"https:\\\/\\\/www.casarredo.it\\\/en\\\/#website\",\"url\":\"https:\\\/\\\/www.casarredo.it\\\/en\\\/\",\"name\":\"Casarredo.it\",\"description\":\"Design da vivere\",\"publisher\":{\"@id\":\"https:\\\/\\\/www.casarredo.it\\\/en\\\/#organization\"},\"potentialAction\":[{\"@type\":\"SearchAction\",\"target\":{\"@type\":\"EntryPoint\",\"urlTemplate\":\"https:\\\/\\\/www.casarredo.it\\\/en\\\/?s={search_term_string}\"},\"query-input\":{\"@type\":\"PropertyValueSpecification\",\"valueRequired\":true,\"valueName\":\"search_term_string\"}}],\"inLanguage\":\"en-US\"},{\"@type\":\"Organization\",\"@id\":\"https:\\\/\\\/www.casarredo.it\\\/en\\\/#organization\",\"name\":\"casarredo srl\",\"url\":\"https:\\\/\\\/www.casarredo.it\\\/en\\\/\",\"logo\":{\"@type\":\"ImageObject\",\"inLanguage\":\"en-US\",\"@id\":\"https:\\\/\\\/www.casarredo.it\\\/en\\\/#\\\/schema\\\/logo\\\/image\\\/\",\"url\":\"https:\\\/\\\/www.casarredo.it\\\/wp-content\\\/uploads\\\/2018\\\/05\\\/vanity-scaled.jpg\",\"contentUrl\":\"https:\\\/\\\/www.casarredo.it\\\/wp-content\\\/uploads\\\/2018\\\/05\\\/vanity-scaled.jpg\",\"width\":2560,\"height\":1848,\"caption\":\"casarredo srl\"},\"image\":{\"@id\":\"https:\\\/\\\/www.casarredo.it\\\/en\\\/#\\\/schema\\\/logo\\\/image\\\/\"},\"sameAs\":[\"https:\\\/\\\/www.facebook.com\\\/Casarredo-632870513490892\",\"https:\\\/\\\/www.instagram.com\\\/casarredo_fano\\\/\"]}]}<\/script>\n<!-- \/ Yoast SEO plugin. -->","yoast_head_json":{"title":"KARELIA 870 POLTRONA ZANOTTA &#8212; Casarredo.it","description":"Karelia 870 \u00e8 una poltrona disegnata da Liisi Beckmann per Zanotta . Ha una\u00a0 struttura in poliuretano espanso a quote differenziate. Il rivestimento esterno \u00e8 sfilabile e realizzato in tessuto bielastico.","robots":{"index":"index","follow":"follow","max-snippet":"max-snippet:-1","max-image-preview":"max-image-preview:large","max-video-preview":"max-video-preview:-1"},"canonical":"https:\/\/www.casarredo.it\/en\/prodotto\/karelia-870-poltrona-zanotta\/","og_locale":"en_US","og_type":"article","og_title":"KARELIA 870 POLTRONA ZANOTTA &#8212; Casarredo.it","og_description":"Karelia 870 \u00e8 una poltrona disegnata da Liisi Beckmann per Zanotta . Ha una\u00a0 struttura in poliuretano espanso a quote differenziate. Il rivestimento esterno \u00e8 sfilabile e realizzato in tessuto bielastico.","og_url":"https:\/\/www.casarredo.it\/en\/prodotto\/karelia-870-poltrona-zanotta\/","og_site_name":"Casarredo.it","article_publisher":"https:\/\/www.facebook.com\/Casarredo-632870513490892","article_modified_time":"2026-04-18T17:43:29+00:00","og_image":[{"width":800,"height":907,"url":"https:\/\/www.casarredo.it\/wp-content\/uploads\/2023\/10\/karelia-arancio.jpg","type":"image\/jpeg"}],"twitter_card":"summary_large_image","twitter_misc":{"Est. reading time":"2 minutes"},"schema":{"@context":"https:\/\/schema.org","@graph":[{"@type":"WebPage","@id":"https:\/\/www.casarredo.it\/en\/prodotto\/karelia-870-poltrona-zanotta\/","url":"https:\/\/www.casarredo.it\/en\/prodotto\/karelia-870-poltrona-zanotta\/","name":"KARELIA 870 POLTRONA ZANOTTA &#8212; Casarredo.it","isPartOf":{"@id":"https:\/\/www.casarredo.it\/en\/#website"},"primaryImageOfPage":{"@id":"https:\/\/www.casarredo.it\/en\/prodotto\/karelia-870-poltrona-zanotta\/#primaryimage"},"image":{"@id":"https:\/\/www.casarredo.it\/en\/prodotto\/karelia-870-poltrona-zanotta\/#primaryimage"},"thumbnailUrl":"https:\/\/www.casarredo.it\/wp-content\/uploads\/2023\/10\/karelia-arancio.jpg","datePublished":"2023-10-31T16:52:29+00:00","dateModified":"2026-04-18T17:43:29+00:00","description":"Karelia 870 \u00e8 una poltrona disegnata da Liisi Beckmann per Zanotta . Ha una\u00a0 struttura in poliuretano espanso a quote differenziate. Il rivestimento esterno \u00e8 sfilabile e realizzato in tessuto bielastico.","breadcrumb":{"@id":"https:\/\/www.casarredo.it\/en\/prodotto\/karelia-870-poltrona-zanotta\/#breadcrumb"},"inLanguage":"en-US","potentialAction":[{"@type":"ReadAction","target":["https:\/\/www.casarredo.it\/en\/prodotto\/karelia-870-poltrona-zanotta\/"]}]},{"@type":"ImageObject","inLanguage":"en-US","@id":"https:\/\/www.casarredo.it\/en\/prodotto\/karelia-870-poltrona-zanotta\/#primaryimage","url":"https:\/\/www.casarredo.it\/wp-content\/uploads\/2023\/10\/karelia-arancio.jpg","contentUrl":"https:\/\/www.casarredo.it\/wp-content\/uploads\/2023\/10\/karelia-arancio.jpg","width":800,"height":907},{"@type":"BreadcrumbList","@id":"https:\/\/www.casarredo.it\/en\/prodotto\/karelia-870-poltrona-zanotta\/#breadcrumb","itemListElement":[{"@type":"ListItem","position":1,"name":"Home","item":"https:\/\/www.casarredo.it\/en\/"},{"@type":"ListItem","position":2,"name":"Shop online","item":"https:\/\/www.casarredo.it\/en\/shop\/"},{"@type":"ListItem","position":3,"name":"KARELIA 870 POLTRONA ZANOTTA"}]},{"@type":"WebSite","@id":"https:\/\/www.casarredo.it\/en\/#website","url":"https:\/\/www.casarredo.it\/en\/","name":"Casarredo.it","description":"Design da vivere","publisher":{"@id":"https:\/\/www.casarredo.it\/en\/#organization"},"potentialAction":[{"@type":"SearchAction","target":{"@type":"EntryPoint","urlTemplate":"https:\/\/www.casarredo.it\/en\/?s={search_term_string}"},"query-input":{"@type":"PropertyValueSpecification","valueRequired":true,"valueName":"search_term_string"}}],"inLanguage":"en-US"},{"@type":"Organization","@id":"https:\/\/www.casarredo.it\/en\/#organization","name":"casarredo srl","url":"https:\/\/www.casarredo.it\/en\/","logo":{"@type":"ImageObject","inLanguage":"en-US","@id":"https:\/\/www.casarredo.it\/en\/#\/schema\/logo\/image\/","url":"https:\/\/www.casarredo.it\/wp-content\/uploads\/2018\/05\/vanity-scaled.jpg","contentUrl":"https:\/\/www.casarredo.it\/wp-content\/uploads\/2018\/05\/vanity-scaled.jpg","width":2560,"height":1848,"caption":"casarredo srl"},"image":{"@id":"https:\/\/www.casarredo.it\/en\/#\/schema\/logo\/image\/"},"sameAs":["https:\/\/www.facebook.com\/Casarredo-632870513490892","https:\/\/www.instagram.com\/casarredo_fano\/"]}]}},"_links":{"self":[{"href":"https:\/\/www.casarredo.it\/en\/wp-json\/wp\/v2\/product\/30012","targetHints":{"allow":["GET"]}}],"collection":[{"href":"https:\/\/www.casarredo.it\/en\/wp-json\/wp\/v2\/product"}],"about":[{"href":"https:\/\/www.casarredo.it\/en\/wp-json\/wp\/v2\/types\/product"}],"wp:featuredmedia":[{"embeddable":true,"href":"https:\/\/www.casarredo.it\/en\/wp-json\/wp\/v2\/media\/30015"}],"wp:attachment":[{"href":"https:\/\/www.casarredo.it\/en\/wp-json\/wp\/v2\/media?parent=30012"}],"wp:term":[{"taxonomy":"product_brand","embeddable":true,"href":"https:\/\/www.casarredo.it\/en\/wp-json\/wp\/v2\/product_brand?post=30012"},{"taxonomy":"product_cat","embeddable":true,"href":"https:\/\/www.casarredo.it\/en\/wp-json\/wp\/v2\/product_cat?post=30012"},{"taxonomy":"product_tag","embeddable":true,"href":"https:\/\/www.casarredo.it\/en\/wp-json\/wp\/v2\/product_tag?post=30012"}],"curies":[{"name":"wp","href":"https:\/\/api.w.org\/{rel}","templated":true}]}}