{"id":29708,"date":"2021-03-03T16:14:23","date_gmt":"2021-03-03T15:14:23","guid":{"rendered":"https:\/\/www.casarredo.it\/?post_type=product&#038;p=29708"},"modified":"2026-01-28T16:50:44","modified_gmt":"2026-01-28T15:50:44","slug":"29708","status":"publish","type":"product","link":"https:\/\/www.casarredo.it\/en\/prodotto\/29708\/","title":{"rendered":"TABOURET BERGER 524"},"content":{"rendered":"<p><\/p>\n<h1 class=\"product-name\">TABOURET BERGERE 524<\/h1>\n<div class=\"product-description\">\n<p><strong>Disegnato da Charlotte Perriand per Cassina, 524 Tabouret Berger, semplice ed essenziale, ricorda gli sgabelli utilizzati dai pastori per mungere le mucche. Caratterizzato da tre gambe a \u201ctaglio\u201d, \u00e8 disponibile con finitura in rovere naturale, rovere tinto nero o noce canaletto.<\/strong><\/p>\n<p>Versione bassa e stilizzata di quello utilizzato dai pastori, a cui deve il nome, Berger fu presentato per la prima volta nel 1955 all\u2019esposizione Synth\u00e8se des arts di Tokyo ed \u00e8 un classico senza tempo che esalta le forme e gli spessori robusti, valorizzando l&#8217;espressivit\u00e0 del legno in tutte le sue finiture. Sgabello si, ma anche tavolino utilizzabile vicino ai divani e in coppia con la versione alta Meribel. Amante della montagna e dei materiali che le appartengono, la designer produce due oggetti di grande genuinit\u00e0 e linearit\u00e0, ispirati ai materiali e alle forme semplici dell\u2019architettura di interni alpina. Classici ma contemporanei, hanno una comoda seduta rotonda, sorretta da gambe arrotondate. Il legno, materiale tradizionale e naturale, forgia oggetti veramente caratteristici, resi da Charlotte Perriand pregiati e adatti anche ad ambienti sofisticati.<\/p>\n<\/div>\n<p><\/p>\n","protected":false},"excerpt":{"rendered":"<p>TABOURET BERGERE 524 Disegnato da Charlotte Perriand per Cassina, 524 Tabouret Berger, semplice ed essenziale, ricorda gli sgabelli utilizzati dai pastori per mungere le mucche. Caratterizzato da tre gambe a \u201ctaglio\u201d, \u00e8 disponibile con finitura in rovere naturale, rovere tinto nero o noce canaletto. Versione bassa e stilizzata di quello utilizzato dai pastori, a cui [&hellip;]<\/p>\n","protected":false},"featured_media":30144,"template":"","meta":[],"product_brand":[],"product_cat":[566,813,367],"product_tag":[],"class_list":{"0":"post-29708","1":"product","2":"type-product","3":"status-publish","4":"has-post-thumbnail","6":"product_cat-cassina","7":"product_cat-sgabelli","8":"product_cat-zona-giorno","9":"pa_finitura-noce-canaletto","10":"pa_finitura-rovere-naturale","11":"pa_finitura-rovere-tinto-nero","13":"first","14":"instock","15":"sale","16":"shipping-taxable","17":"purchasable","18":"product-type-variable","19":"add-to-wishlist-after_add_to_cart"},"yoast_head":"<!-- This site is optimized with the Yoast SEO plugin v27.4 - https:\/\/yoast.com\/product\/yoast-seo-wordpress\/ -->\n<title>TABOURET BERGER 524 &#8212; Casarredo.it<\/title>\n<meta name=\"description\" content=\"TABOURET BERGER 524Disegnato da Charlotte Perriand per Cassina, 524 Tabouret Berger, semplice ed essenziale, ricorda gli sgabelli utilizzati dai pastori per mungere le mucche. Caratterizzato da tre gambe a \u201ctaglio\u201d, \u00e8 disponibile con finitura in rovere naturale, rovere tinto nero o noce canaletto.\" \/>\n<meta name=\"robots\" content=\"index, follow, max-snippet:-1, max-image-preview:large, max-video-preview:-1\" \/>\n<link rel=\"canonical\" href=\"https:\/\/www.casarredo.it\/en\/prodotto\/29708\/\" \/>\n<meta property=\"og:locale\" content=\"en_US\" \/>\n<meta property=\"og:type\" content=\"article\" \/>\n<meta property=\"og:title\" content=\"TABOURET BERGER 524 &#8212; Casarredo.it\" \/>\n<meta property=\"og:description\" content=\"TABOURET BERGER 524Disegnato da Charlotte Perriand per Cassina, 524 Tabouret Berger, semplice ed essenziale, ricorda gli sgabelli utilizzati dai pastori per mungere le mucche. Caratterizzato da tre gambe a \u201ctaglio\u201d, \u00e8 disponibile con finitura in rovere naturale, rovere tinto nero o noce canaletto.\" \/>\n<meta property=\"og:url\" content=\"https:\/\/www.casarredo.it\/en\/prodotto\/29708\/\" \/>\n<meta property=\"og:site_name\" content=\"Casarredo.it\" \/>\n<meta property=\"article:publisher\" content=\"https:\/\/www.facebook.com\/Casarredo-632870513490892\" \/>\n<meta property=\"article:modified_time\" content=\"2026-01-28T15:50:44+00:00\" \/>\n<meta property=\"og:image\" content=\"https:\/\/www.casarredo.it\/wp-content\/uploads\/2021\/03\/TABOURET-BERGERE-524.webp\" \/>\n\t<meta property=\"og:image:width\" content=\"794\" \/>\n\t<meta property=\"og:image:height\" content=\"794\" \/>\n\t<meta property=\"og:image:type\" content=\"image\/webp\" \/>\n<meta name=\"twitter:card\" content=\"summary_large_image\" \/>\n<meta name=\"twitter:label1\" content=\"Est. reading time\" \/>\n\t<meta name=\"twitter:data1\" content=\"2 minutes\" \/>\n<script type=\"application\/ld+json\" class=\"yoast-schema-graph\">{\"@context\":\"https:\\\/\\\/schema.org\",\"@graph\":[{\"@type\":\"WebPage\",\"@id\":\"https:\\\/\\\/www.casarredo.it\\\/en\\\/prodotto\\\/29708\\\/\",\"url\":\"https:\\\/\\\/www.casarredo.it\\\/en\\\/prodotto\\\/29708\\\/\",\"name\":\"TABOURET BERGER 524 &#8212; Casarredo.it\",\"isPartOf\":{\"@id\":\"https:\\\/\\\/www.casarredo.it\\\/en\\\/#website\"},\"primaryImageOfPage\":{\"@id\":\"https:\\\/\\\/www.casarredo.it\\\/en\\\/prodotto\\\/29708\\\/#primaryimage\"},\"image\":{\"@id\":\"https:\\\/\\\/www.casarredo.it\\\/en\\\/prodotto\\\/29708\\\/#primaryimage\"},\"thumbnailUrl\":\"https:\\\/\\\/www.casarredo.it\\\/wp-content\\\/uploads\\\/2021\\\/03\\\/TABOURET-BERGERE-524.webp\",\"datePublished\":\"2021-03-03T15:14:23+00:00\",\"dateModified\":\"2026-01-28T15:50:44+00:00\",\"description\":\"TABOURET BERGER 524Disegnato da Charlotte Perriand per Cassina, 524 Tabouret Berger, semplice ed essenziale, ricorda gli sgabelli utilizzati dai pastori per mungere le mucche. Caratterizzato da tre gambe a \u201ctaglio\u201d, \u00e8 disponibile con finitura in rovere naturale, rovere tinto nero o noce canaletto.\",\"breadcrumb\":{\"@id\":\"https:\\\/\\\/www.casarredo.it\\\/en\\\/prodotto\\\/29708\\\/#breadcrumb\"},\"inLanguage\":\"en-US\",\"potentialAction\":[{\"@type\":\"ReadAction\",\"target\":[\"https:\\\/\\\/www.casarredo.it\\\/en\\\/prodotto\\\/29708\\\/\"]}]},{\"@type\":\"ImageObject\",\"inLanguage\":\"en-US\",\"@id\":\"https:\\\/\\\/www.casarredo.it\\\/en\\\/prodotto\\\/29708\\\/#primaryimage\",\"url\":\"https:\\\/\\\/www.casarredo.it\\\/wp-content\\\/uploads\\\/2021\\\/03\\\/TABOURET-BERGERE-524.webp\",\"contentUrl\":\"https:\\\/\\\/www.casarredo.it\\\/wp-content\\\/uploads\\\/2021\\\/03\\\/TABOURET-BERGERE-524.webp\",\"width\":794,\"height\":794},{\"@type\":\"BreadcrumbList\",\"@id\":\"https:\\\/\\\/www.casarredo.it\\\/en\\\/prodotto\\\/29708\\\/#breadcrumb\",\"itemListElement\":[{\"@type\":\"ListItem\",\"position\":1,\"name\":\"Home\",\"item\":\"https:\\\/\\\/www.casarredo.it\\\/en\\\/\"},{\"@type\":\"ListItem\",\"position\":2,\"name\":\"Shop online\",\"item\":\"https:\\\/\\\/www.casarredo.it\\\/en\\\/shop\\\/\"},{\"@type\":\"ListItem\",\"position\":3,\"name\":\"TABOURET BERGER 524\"}]},{\"@type\":\"WebSite\",\"@id\":\"https:\\\/\\\/www.casarredo.it\\\/en\\\/#website\",\"url\":\"https:\\\/\\\/www.casarredo.it\\\/en\\\/\",\"name\":\"Casarredo.it\",\"description\":\"Design da vivere\",\"publisher\":{\"@id\":\"https:\\\/\\\/www.casarredo.it\\\/en\\\/#organization\"},\"potentialAction\":[{\"@type\":\"SearchAction\",\"target\":{\"@type\":\"EntryPoint\",\"urlTemplate\":\"https:\\\/\\\/www.casarredo.it\\\/en\\\/?s={search_term_string}\"},\"query-input\":{\"@type\":\"PropertyValueSpecification\",\"valueRequired\":true,\"valueName\":\"search_term_string\"}}],\"inLanguage\":\"en-US\"},{\"@type\":\"Organization\",\"@id\":\"https:\\\/\\\/www.casarredo.it\\\/en\\\/#organization\",\"name\":\"casarredo srl\",\"url\":\"https:\\\/\\\/www.casarredo.it\\\/en\\\/\",\"logo\":{\"@type\":\"ImageObject\",\"inLanguage\":\"en-US\",\"@id\":\"https:\\\/\\\/www.casarredo.it\\\/en\\\/#\\\/schema\\\/logo\\\/image\\\/\",\"url\":\"https:\\\/\\\/www.casarredo.it\\\/wp-content\\\/uploads\\\/2018\\\/05\\\/vanity-scaled.jpg\",\"contentUrl\":\"https:\\\/\\\/www.casarredo.it\\\/wp-content\\\/uploads\\\/2018\\\/05\\\/vanity-scaled.jpg\",\"width\":2560,\"height\":1848,\"caption\":\"casarredo srl\"},\"image\":{\"@id\":\"https:\\\/\\\/www.casarredo.it\\\/en\\\/#\\\/schema\\\/logo\\\/image\\\/\"},\"sameAs\":[\"https:\\\/\\\/www.facebook.com\\\/Casarredo-632870513490892\",\"https:\\\/\\\/www.instagram.com\\\/casarredo_fano\\\/\"]}]}<\/script>\n<!-- \/ Yoast SEO plugin. -->","yoast_head_json":{"title":"TABOURET BERGER 524 &#8212; Casarredo.it","description":"TABOURET BERGER 524Disegnato da Charlotte Perriand per Cassina, 524 Tabouret Berger, semplice ed essenziale, ricorda gli sgabelli utilizzati dai pastori per mungere le mucche. Caratterizzato da tre gambe a \u201ctaglio\u201d, \u00e8 disponibile con finitura in rovere naturale, rovere tinto nero o noce canaletto.","robots":{"index":"index","follow":"follow","max-snippet":"max-snippet:-1","max-image-preview":"max-image-preview:large","max-video-preview":"max-video-preview:-1"},"canonical":"https:\/\/www.casarredo.it\/en\/prodotto\/29708\/","og_locale":"en_US","og_type":"article","og_title":"TABOURET BERGER 524 &#8212; Casarredo.it","og_description":"TABOURET BERGER 524Disegnato da Charlotte Perriand per Cassina, 524 Tabouret Berger, semplice ed essenziale, ricorda gli sgabelli utilizzati dai pastori per mungere le mucche. Caratterizzato da tre gambe a \u201ctaglio\u201d, \u00e8 disponibile con finitura in rovere naturale, rovere tinto nero o noce canaletto.","og_url":"https:\/\/www.casarredo.it\/en\/prodotto\/29708\/","og_site_name":"Casarredo.it","article_publisher":"https:\/\/www.facebook.com\/Casarredo-632870513490892","article_modified_time":"2026-01-28T15:50:44+00:00","og_image":[{"width":794,"height":794,"url":"https:\/\/www.casarredo.it\/wp-content\/uploads\/2021\/03\/TABOURET-BERGERE-524.webp","type":"image\/webp"}],"twitter_card":"summary_large_image","twitter_misc":{"Est. reading time":"2 minutes"},"schema":{"@context":"https:\/\/schema.org","@graph":[{"@type":"WebPage","@id":"https:\/\/www.casarredo.it\/en\/prodotto\/29708\/","url":"https:\/\/www.casarredo.it\/en\/prodotto\/29708\/","name":"TABOURET BERGER 524 &#8212; Casarredo.it","isPartOf":{"@id":"https:\/\/www.casarredo.it\/en\/#website"},"primaryImageOfPage":{"@id":"https:\/\/www.casarredo.it\/en\/prodotto\/29708\/#primaryimage"},"image":{"@id":"https:\/\/www.casarredo.it\/en\/prodotto\/29708\/#primaryimage"},"thumbnailUrl":"https:\/\/www.casarredo.it\/wp-content\/uploads\/2021\/03\/TABOURET-BERGERE-524.webp","datePublished":"2021-03-03T15:14:23+00:00","dateModified":"2026-01-28T15:50:44+00:00","description":"TABOURET BERGER 524Disegnato da Charlotte Perriand per Cassina, 524 Tabouret Berger, semplice ed essenziale, ricorda gli sgabelli utilizzati dai pastori per mungere le mucche. Caratterizzato da tre gambe a \u201ctaglio\u201d, \u00e8 disponibile con finitura in rovere naturale, rovere tinto nero o noce canaletto.","breadcrumb":{"@id":"https:\/\/www.casarredo.it\/en\/prodotto\/29708\/#breadcrumb"},"inLanguage":"en-US","potentialAction":[{"@type":"ReadAction","target":["https:\/\/www.casarredo.it\/en\/prodotto\/29708\/"]}]},{"@type":"ImageObject","inLanguage":"en-US","@id":"https:\/\/www.casarredo.it\/en\/prodotto\/29708\/#primaryimage","url":"https:\/\/www.casarredo.it\/wp-content\/uploads\/2021\/03\/TABOURET-BERGERE-524.webp","contentUrl":"https:\/\/www.casarredo.it\/wp-content\/uploads\/2021\/03\/TABOURET-BERGERE-524.webp","width":794,"height":794},{"@type":"BreadcrumbList","@id":"https:\/\/www.casarredo.it\/en\/prodotto\/29708\/#breadcrumb","itemListElement":[{"@type":"ListItem","position":1,"name":"Home","item":"https:\/\/www.casarredo.it\/en\/"},{"@type":"ListItem","position":2,"name":"Shop online","item":"https:\/\/www.casarredo.it\/en\/shop\/"},{"@type":"ListItem","position":3,"name":"TABOURET BERGER 524"}]},{"@type":"WebSite","@id":"https:\/\/www.casarredo.it\/en\/#website","url":"https:\/\/www.casarredo.it\/en\/","name":"Casarredo.it","description":"Design da vivere","publisher":{"@id":"https:\/\/www.casarredo.it\/en\/#organization"},"potentialAction":[{"@type":"SearchAction","target":{"@type":"EntryPoint","urlTemplate":"https:\/\/www.casarredo.it\/en\/?s={search_term_string}"},"query-input":{"@type":"PropertyValueSpecification","valueRequired":true,"valueName":"search_term_string"}}],"inLanguage":"en-US"},{"@type":"Organization","@id":"https:\/\/www.casarredo.it\/en\/#organization","name":"casarredo srl","url":"https:\/\/www.casarredo.it\/en\/","logo":{"@type":"ImageObject","inLanguage":"en-US","@id":"https:\/\/www.casarredo.it\/en\/#\/schema\/logo\/image\/","url":"https:\/\/www.casarredo.it\/wp-content\/uploads\/2018\/05\/vanity-scaled.jpg","contentUrl":"https:\/\/www.casarredo.it\/wp-content\/uploads\/2018\/05\/vanity-scaled.jpg","width":2560,"height":1848,"caption":"casarredo srl"},"image":{"@id":"https:\/\/www.casarredo.it\/en\/#\/schema\/logo\/image\/"},"sameAs":["https:\/\/www.facebook.com\/Casarredo-632870513490892","https:\/\/www.instagram.com\/casarredo_fano\/"]}]}},"_links":{"self":[{"href":"https:\/\/www.casarredo.it\/en\/wp-json\/wp\/v2\/product\/29708","targetHints":{"allow":["GET"]}}],"collection":[{"href":"https:\/\/www.casarredo.it\/en\/wp-json\/wp\/v2\/product"}],"about":[{"href":"https:\/\/www.casarredo.it\/en\/wp-json\/wp\/v2\/types\/product"}],"wp:featuredmedia":[{"embeddable":true,"href":"https:\/\/www.casarredo.it\/en\/wp-json\/wp\/v2\/media\/30144"}],"wp:attachment":[{"href":"https:\/\/www.casarredo.it\/en\/wp-json\/wp\/v2\/media?parent=29708"}],"wp:term":[{"taxonomy":"product_brand","embeddable":true,"href":"https:\/\/www.casarredo.it\/en\/wp-json\/wp\/v2\/product_brand?post=29708"},{"taxonomy":"product_cat","embeddable":true,"href":"https:\/\/www.casarredo.it\/en\/wp-json\/wp\/v2\/product_cat?post=29708"},{"taxonomy":"product_tag","embeddable":true,"href":"https:\/\/www.casarredo.it\/en\/wp-json\/wp\/v2\/product_tag?post=29708"}],"curies":[{"name":"wp","href":"https:\/\/api.w.org\/{rel}","templated":true}]}}