{"id":29096,"date":"2022-04-15T16:41:53","date_gmt":"2022-04-15T14:41:53","guid":{"rendered":"https:\/\/www.casarredo.it\/?post_type=product&#038;p=29096"},"modified":"2026-01-08T17:50:42","modified_gmt":"2026-01-08T16:50:42","slug":"argyle-sedia-mackintosh-cassina","status":"publish","type":"product","link":"https:\/\/www.casarredo.it\/en\/prodotto\/argyle-sedia-mackintosh-cassina\/","title":{"rendered":"ARGYLE SEDIA MACKINTOSH CASSINA"},"content":{"rendered":"<p><\/p>\n<h1>ARGYLE SEDIA MACKINTOSH CASSINA<\/h1>\n<h2>SEDUTA PELLE BIANCA<\/h2>\n<p>Argyle ,nel 1897 Charles Rennie Mackintosh disegna per la Creston Tea room in Argyle street gli arredamenti interni. E\u2019 cos\u00ec che nasce una delle sedie pi\u00f9 iconiche dello stile d\u2019avanguardia a cavallo fra \u2018800 e \u2018900. Questo \u00e8 il primo incarico importante per uno degli architetti pi\u00f9 rappresentativi della scuola di Glasgow, che partecip\u00f2 attivamente anche al movimento della Secessione viennese. Nel 1973 Cassina decide di riproporre questa eccezionale sedia.<\/p>\n<p>Seduta pelle bianca.<\/p>\n<p><\/p>\n","protected":false},"excerpt":{"rendered":"<p>Argyle ,nel 1897 Charles Rennie Mackintosh disegna per la Creston Tea room in Argyle street gli arredamenti interni. E\u2019 cos\u00ec che nasce una delle sedie pi\u00f9 iconiche dello stile d\u2019avanguardia a cavallo fra \u2018800 e \u2018900. Questo \u00e8 il primo incarico importante per uno degli architetti pi\u00f9 rappresentativi della scuola di Glasgow, che partecip\u00f2 attivamente anche al movimento della Secessione viennese. Nel 1973 Cassina decide di riproporre questa eccezionale sedia .Seduta pelle bianca.<\/p>\n","protected":false},"featured_media":29395,"template":"","meta":[],"product_brand":[],"product_cat":[566,3792,639,367],"product_tag":[3354,567,768,783],"class_list":{"0":"post-29096","1":"product","2":"type-product","3":"status-publish","4":"has-post-thumbnail","6":"product_cat-cassina","7":"product_cat-outlet","8":"product_cat-sedie","9":"product_cat-zona-giorno","10":"product_tag-argyle","11":"product_tag-cassina","12":"product_tag-mackintosh","13":"product_tag-sedia","15":"first","16":"instock","17":"sale","18":"shipping-taxable","19":"purchasable","20":"product-type-simple","21":"add-to-wishlist-after_add_to_cart"},"yoast_head":"<!-- This site is optimized with the Yoast SEO plugin v27.4 - https:\/\/yoast.com\/product\/yoast-seo-wordpress\/ -->\n<title>ARGYLE SEDIA MACKINTOSH CASSINA &#8212; Casarredo.it<\/title>\n<meta name=\"description\" content=\"Argyle ,nel 1897 Charles Rennie Mackintosh disegna per la Creston Tea room in Argyle street gli arredamenti interni. E\u2019 cos\u00ec che nasce una delle sedie pi\u00f9 iconiche dello stile d\u2019avanguardia a cavallo fra \u2018800 e \u2018900. Questo \u00e8 il primo incarico importante per uno degli architetti pi\u00f9 rappresentativi della scuola di Glasgow, che partecip\u00f2 attivamente anche al movimento della Secessione viennese. Nel 1973 Cassina decide di riproporre questa eccezionale sedia .Seduta pelle bianca.\" \/>\n<meta name=\"robots\" content=\"index, follow, max-snippet:-1, max-image-preview:large, max-video-preview:-1\" \/>\n<link rel=\"canonical\" href=\"https:\/\/www.casarredo.it\/en\/prodotto\/argyle-sedia-mackintosh-cassina\/\" \/>\n<meta property=\"og:locale\" content=\"en_US\" \/>\n<meta property=\"og:type\" content=\"article\" \/>\n<meta property=\"og:title\" content=\"ARGYLE SEDIA MACKINTOSH CASSINA &#8212; Casarredo.it\" \/>\n<meta property=\"og:description\" content=\"Argyle ,nel 1897 Charles Rennie Mackintosh disegna per la Creston Tea room in Argyle street gli arredamenti interni. E\u2019 cos\u00ec che nasce una delle sedie pi\u00f9 iconiche dello stile d\u2019avanguardia a cavallo fra \u2018800 e \u2018900. Questo \u00e8 il primo incarico importante per uno degli architetti pi\u00f9 rappresentativi della scuola di Glasgow, che partecip\u00f2 attivamente anche al movimento della Secessione viennese. Nel 1973 Cassina decide di riproporre questa eccezionale sedia .Seduta pelle bianca.\" \/>\n<meta property=\"og:url\" content=\"https:\/\/www.casarredo.it\/en\/prodotto\/argyle-sedia-mackintosh-cassina\/\" \/>\n<meta property=\"og:site_name\" content=\"Casarredo.it\" \/>\n<meta property=\"article:publisher\" content=\"https:\/\/www.facebook.com\/Casarredo-632870513490892\" \/>\n<meta property=\"article:modified_time\" content=\"2026-01-08T16:50:42+00:00\" \/>\n<meta property=\"og:image\" content=\"https:\/\/www.casarredo.it\/wp-content\/uploads\/2022\/04\/ARGYLE-FOTO.jpg\" \/>\n\t<meta property=\"og:image:width\" content=\"736\" \/>\n\t<meta property=\"og:image:height\" content=\"737\" \/>\n\t<meta property=\"og:image:type\" content=\"image\/jpeg\" \/>\n<meta name=\"twitter:card\" content=\"summary_large_image\" \/>\n<meta name=\"twitter:label1\" content=\"Est. reading time\" \/>\n\t<meta name=\"twitter:data1\" content=\"1 minute\" \/>\n<script type=\"application\/ld+json\" class=\"yoast-schema-graph\">{\"@context\":\"https:\\\/\\\/schema.org\",\"@graph\":[{\"@type\":\"WebPage\",\"@id\":\"https:\\\/\\\/www.casarredo.it\\\/en\\\/prodotto\\\/argyle-sedia-mackintosh-cassina\\\/\",\"url\":\"https:\\\/\\\/www.casarredo.it\\\/en\\\/prodotto\\\/argyle-sedia-mackintosh-cassina\\\/\",\"name\":\"ARGYLE SEDIA MACKINTOSH CASSINA &#8212; Casarredo.it\",\"isPartOf\":{\"@id\":\"https:\\\/\\\/www.casarredo.it\\\/en\\\/#website\"},\"primaryImageOfPage\":{\"@id\":\"https:\\\/\\\/www.casarredo.it\\\/en\\\/prodotto\\\/argyle-sedia-mackintosh-cassina\\\/#primaryimage\"},\"image\":{\"@id\":\"https:\\\/\\\/www.casarredo.it\\\/en\\\/prodotto\\\/argyle-sedia-mackintosh-cassina\\\/#primaryimage\"},\"thumbnailUrl\":\"https:\\\/\\\/www.casarredo.it\\\/wp-content\\\/uploads\\\/2022\\\/04\\\/ARGYLE-FOTO.jpg\",\"datePublished\":\"2022-04-15T14:41:53+00:00\",\"dateModified\":\"2026-01-08T16:50:42+00:00\",\"description\":\"Argyle ,nel 1897 Charles Rennie Mackintosh disegna per la Creston Tea room in Argyle street gli arredamenti interni. E\u2019 cos\u00ec che nasce una delle sedie pi\u00f9 iconiche dello stile d\u2019avanguardia a cavallo fra \u2018800 e \u2018900. Questo \u00e8 il primo incarico importante per uno degli architetti pi\u00f9 rappresentativi della scuola di Glasgow, che partecip\u00f2 attivamente anche al movimento della Secessione viennese. Nel 1973 Cassina decide di riproporre questa eccezionale sedia .Seduta pelle bianca.\",\"breadcrumb\":{\"@id\":\"https:\\\/\\\/www.casarredo.it\\\/en\\\/prodotto\\\/argyle-sedia-mackintosh-cassina\\\/#breadcrumb\"},\"inLanguage\":\"en-US\",\"potentialAction\":[{\"@type\":\"ReadAction\",\"target\":[\"https:\\\/\\\/www.casarredo.it\\\/en\\\/prodotto\\\/argyle-sedia-mackintosh-cassina\\\/\"]}]},{\"@type\":\"ImageObject\",\"inLanguage\":\"en-US\",\"@id\":\"https:\\\/\\\/www.casarredo.it\\\/en\\\/prodotto\\\/argyle-sedia-mackintosh-cassina\\\/#primaryimage\",\"url\":\"https:\\\/\\\/www.casarredo.it\\\/wp-content\\\/uploads\\\/2022\\\/04\\\/ARGYLE-FOTO.jpg\",\"contentUrl\":\"https:\\\/\\\/www.casarredo.it\\\/wp-content\\\/uploads\\\/2022\\\/04\\\/ARGYLE-FOTO.jpg\",\"width\":736,\"height\":737},{\"@type\":\"BreadcrumbList\",\"@id\":\"https:\\\/\\\/www.casarredo.it\\\/en\\\/prodotto\\\/argyle-sedia-mackintosh-cassina\\\/#breadcrumb\",\"itemListElement\":[{\"@type\":\"ListItem\",\"position\":1,\"name\":\"Home\",\"item\":\"https:\\\/\\\/www.casarredo.it\\\/en\\\/\"},{\"@type\":\"ListItem\",\"position\":2,\"name\":\"Shop online\",\"item\":\"https:\\\/\\\/www.casarredo.it\\\/en\\\/shop\\\/\"},{\"@type\":\"ListItem\",\"position\":3,\"name\":\"ARGYLE SEDIA MACKINTOSH CASSINA\"}]},{\"@type\":\"WebSite\",\"@id\":\"https:\\\/\\\/www.casarredo.it\\\/en\\\/#website\",\"url\":\"https:\\\/\\\/www.casarredo.it\\\/en\\\/\",\"name\":\"Casarredo.it\",\"description\":\"Design da vivere\",\"publisher\":{\"@id\":\"https:\\\/\\\/www.casarredo.it\\\/en\\\/#organization\"},\"potentialAction\":[{\"@type\":\"SearchAction\",\"target\":{\"@type\":\"EntryPoint\",\"urlTemplate\":\"https:\\\/\\\/www.casarredo.it\\\/en\\\/?s={search_term_string}\"},\"query-input\":{\"@type\":\"PropertyValueSpecification\",\"valueRequired\":true,\"valueName\":\"search_term_string\"}}],\"inLanguage\":\"en-US\"},{\"@type\":\"Organization\",\"@id\":\"https:\\\/\\\/www.casarredo.it\\\/en\\\/#organization\",\"name\":\"casarredo srl\",\"url\":\"https:\\\/\\\/www.casarredo.it\\\/en\\\/\",\"logo\":{\"@type\":\"ImageObject\",\"inLanguage\":\"en-US\",\"@id\":\"https:\\\/\\\/www.casarredo.it\\\/en\\\/#\\\/schema\\\/logo\\\/image\\\/\",\"url\":\"https:\\\/\\\/www.casarredo.it\\\/wp-content\\\/uploads\\\/2018\\\/05\\\/vanity-scaled.jpg\",\"contentUrl\":\"https:\\\/\\\/www.casarredo.it\\\/wp-content\\\/uploads\\\/2018\\\/05\\\/vanity-scaled.jpg\",\"width\":2560,\"height\":1848,\"caption\":\"casarredo srl\"},\"image\":{\"@id\":\"https:\\\/\\\/www.casarredo.it\\\/en\\\/#\\\/schema\\\/logo\\\/image\\\/\"},\"sameAs\":[\"https:\\\/\\\/www.facebook.com\\\/Casarredo-632870513490892\",\"https:\\\/\\\/www.instagram.com\\\/casarredo_fano\\\/\"]}]}<\/script>\n<!-- \/ Yoast SEO plugin. -->","yoast_head_json":{"title":"ARGYLE SEDIA MACKINTOSH CASSINA &#8212; Casarredo.it","description":"Argyle ,nel 1897 Charles Rennie Mackintosh disegna per la Creston Tea room in Argyle street gli arredamenti interni. E\u2019 cos\u00ec che nasce una delle sedie pi\u00f9 iconiche dello stile d\u2019avanguardia a cavallo fra \u2018800 e \u2018900. Questo \u00e8 il primo incarico importante per uno degli architetti pi\u00f9 rappresentativi della scuola di Glasgow, che partecip\u00f2 attivamente anche al movimento della Secessione viennese. Nel 1973 Cassina decide di riproporre questa eccezionale sedia .Seduta pelle bianca.","robots":{"index":"index","follow":"follow","max-snippet":"max-snippet:-1","max-image-preview":"max-image-preview:large","max-video-preview":"max-video-preview:-1"},"canonical":"https:\/\/www.casarredo.it\/en\/prodotto\/argyle-sedia-mackintosh-cassina\/","og_locale":"en_US","og_type":"article","og_title":"ARGYLE SEDIA MACKINTOSH CASSINA &#8212; Casarredo.it","og_description":"Argyle ,nel 1897 Charles Rennie Mackintosh disegna per la Creston Tea room in Argyle street gli arredamenti interni. E\u2019 cos\u00ec che nasce una delle sedie pi\u00f9 iconiche dello stile d\u2019avanguardia a cavallo fra \u2018800 e \u2018900. Questo \u00e8 il primo incarico importante per uno degli architetti pi\u00f9 rappresentativi della scuola di Glasgow, che partecip\u00f2 attivamente anche al movimento della Secessione viennese. Nel 1973 Cassina decide di riproporre questa eccezionale sedia .Seduta pelle bianca.","og_url":"https:\/\/www.casarredo.it\/en\/prodotto\/argyle-sedia-mackintosh-cassina\/","og_site_name":"Casarredo.it","article_publisher":"https:\/\/www.facebook.com\/Casarredo-632870513490892","article_modified_time":"2026-01-08T16:50:42+00:00","og_image":[{"width":736,"height":737,"url":"https:\/\/www.casarredo.it\/wp-content\/uploads\/2022\/04\/ARGYLE-FOTO.jpg","type":"image\/jpeg"}],"twitter_card":"summary_large_image","twitter_misc":{"Est. reading time":"1 minute"},"schema":{"@context":"https:\/\/schema.org","@graph":[{"@type":"WebPage","@id":"https:\/\/www.casarredo.it\/en\/prodotto\/argyle-sedia-mackintosh-cassina\/","url":"https:\/\/www.casarredo.it\/en\/prodotto\/argyle-sedia-mackintosh-cassina\/","name":"ARGYLE SEDIA MACKINTOSH CASSINA &#8212; Casarredo.it","isPartOf":{"@id":"https:\/\/www.casarredo.it\/en\/#website"},"primaryImageOfPage":{"@id":"https:\/\/www.casarredo.it\/en\/prodotto\/argyle-sedia-mackintosh-cassina\/#primaryimage"},"image":{"@id":"https:\/\/www.casarredo.it\/en\/prodotto\/argyle-sedia-mackintosh-cassina\/#primaryimage"},"thumbnailUrl":"https:\/\/www.casarredo.it\/wp-content\/uploads\/2022\/04\/ARGYLE-FOTO.jpg","datePublished":"2022-04-15T14:41:53+00:00","dateModified":"2026-01-08T16:50:42+00:00","description":"Argyle ,nel 1897 Charles Rennie Mackintosh disegna per la Creston Tea room in Argyle street gli arredamenti interni. E\u2019 cos\u00ec che nasce una delle sedie pi\u00f9 iconiche dello stile d\u2019avanguardia a cavallo fra \u2018800 e \u2018900. Questo \u00e8 il primo incarico importante per uno degli architetti pi\u00f9 rappresentativi della scuola di Glasgow, che partecip\u00f2 attivamente anche al movimento della Secessione viennese. Nel 1973 Cassina decide di riproporre questa eccezionale sedia .Seduta pelle bianca.","breadcrumb":{"@id":"https:\/\/www.casarredo.it\/en\/prodotto\/argyle-sedia-mackintosh-cassina\/#breadcrumb"},"inLanguage":"en-US","potentialAction":[{"@type":"ReadAction","target":["https:\/\/www.casarredo.it\/en\/prodotto\/argyle-sedia-mackintosh-cassina\/"]}]},{"@type":"ImageObject","inLanguage":"en-US","@id":"https:\/\/www.casarredo.it\/en\/prodotto\/argyle-sedia-mackintosh-cassina\/#primaryimage","url":"https:\/\/www.casarredo.it\/wp-content\/uploads\/2022\/04\/ARGYLE-FOTO.jpg","contentUrl":"https:\/\/www.casarredo.it\/wp-content\/uploads\/2022\/04\/ARGYLE-FOTO.jpg","width":736,"height":737},{"@type":"BreadcrumbList","@id":"https:\/\/www.casarredo.it\/en\/prodotto\/argyle-sedia-mackintosh-cassina\/#breadcrumb","itemListElement":[{"@type":"ListItem","position":1,"name":"Home","item":"https:\/\/www.casarredo.it\/en\/"},{"@type":"ListItem","position":2,"name":"Shop online","item":"https:\/\/www.casarredo.it\/en\/shop\/"},{"@type":"ListItem","position":3,"name":"ARGYLE SEDIA MACKINTOSH CASSINA"}]},{"@type":"WebSite","@id":"https:\/\/www.casarredo.it\/en\/#website","url":"https:\/\/www.casarredo.it\/en\/","name":"Casarredo.it","description":"Design da vivere","publisher":{"@id":"https:\/\/www.casarredo.it\/en\/#organization"},"potentialAction":[{"@type":"SearchAction","target":{"@type":"EntryPoint","urlTemplate":"https:\/\/www.casarredo.it\/en\/?s={search_term_string}"},"query-input":{"@type":"PropertyValueSpecification","valueRequired":true,"valueName":"search_term_string"}}],"inLanguage":"en-US"},{"@type":"Organization","@id":"https:\/\/www.casarredo.it\/en\/#organization","name":"casarredo srl","url":"https:\/\/www.casarredo.it\/en\/","logo":{"@type":"ImageObject","inLanguage":"en-US","@id":"https:\/\/www.casarredo.it\/en\/#\/schema\/logo\/image\/","url":"https:\/\/www.casarredo.it\/wp-content\/uploads\/2018\/05\/vanity-scaled.jpg","contentUrl":"https:\/\/www.casarredo.it\/wp-content\/uploads\/2018\/05\/vanity-scaled.jpg","width":2560,"height":1848,"caption":"casarredo srl"},"image":{"@id":"https:\/\/www.casarredo.it\/en\/#\/schema\/logo\/image\/"},"sameAs":["https:\/\/www.facebook.com\/Casarredo-632870513490892","https:\/\/www.instagram.com\/casarredo_fano\/"]}]}},"_links":{"self":[{"href":"https:\/\/www.casarredo.it\/en\/wp-json\/wp\/v2\/product\/29096","targetHints":{"allow":["GET"]}}],"collection":[{"href":"https:\/\/www.casarredo.it\/en\/wp-json\/wp\/v2\/product"}],"about":[{"href":"https:\/\/www.casarredo.it\/en\/wp-json\/wp\/v2\/types\/product"}],"wp:featuredmedia":[{"embeddable":true,"href":"https:\/\/www.casarredo.it\/en\/wp-json\/wp\/v2\/media\/29395"}],"wp:attachment":[{"href":"https:\/\/www.casarredo.it\/en\/wp-json\/wp\/v2\/media?parent=29096"}],"wp:term":[{"taxonomy":"product_brand","embeddable":true,"href":"https:\/\/www.casarredo.it\/en\/wp-json\/wp\/v2\/product_brand?post=29096"},{"taxonomy":"product_cat","embeddable":true,"href":"https:\/\/www.casarredo.it\/en\/wp-json\/wp\/v2\/product_cat?post=29096"},{"taxonomy":"product_tag","embeddable":true,"href":"https:\/\/www.casarredo.it\/en\/wp-json\/wp\/v2\/product_tag?post=29096"}],"curies":[{"name":"wp","href":"https:\/\/api.w.org\/{rel}","templated":true}]}}