{"id":29085,"date":"2022-04-12T11:35:31","date_gmt":"2022-04-12T09:35:31","guid":{"rendered":"https:\/\/www.casarredo.it\/?post_type=product&#038;p=29085"},"modified":"2025-12-20T18:29:53","modified_gmt":"2025-12-20T17:29:53","slug":"applique-de-marseille","status":"publish","type":"product","link":"https:\/\/www.casarredo.it\/en\/prodotto\/applique-de-marseille\/","title":{"rendered":"APPLIQUE DE MARSEILLE"},"content":{"rendered":"<p><\/p>\n<h1>APPLIQUE DE MARSEILLE<\/h1>\n<h2>NEMO<\/h2>\n<p>Applique de Marseille lampada da parete\u00a0 progettata dall&#8217;architetto franco-svizzero Le Corbusier per il suo nuovo tipo di abitazione &#8220;Unit\u00e9 d&#8217;Habitation&#8221;, realizzato per la prima volta a Marsiglia nel 1947. La lampada da parete Applique de Marseille \u00e8 stata disegnata da Le Corbusier per il suo appartamento di Parigi. Essa implementa il motivo della serie della doppia tonalit\u00e0 in forma semplificata; Applique de Marseille \u00e8 dotata di due strette tonalit\u00e0 cilindriche di dimensioni leggermente diverse, orientate rispettivamente verso l&#8217;alto e verso il basso. La finitura monocromatica e la forma semplice e chiara danno vita a una lampada da parete discreta che pu\u00f2 essere integrata in molti concetti di interior design.<\/p>\n<p><\/p>\n","protected":false},"excerpt":{"rendered":"<p>Applique de Marseille lampada da parete\u00a0 progettata dall&#8217;architetto franco-svizzero Le Corbusier per il suo nuovo tipo di abitazione &#8220;Unit\u00e9 d&#8217;Habitation&#8221;, realizzato per la prima volta a Marsiglia nel 1947. La lampada da parete Applique de Marseille \u00e8 stata disegnata da Le Corbusier per il suo appartamento di Parigi. Essa implementa il motivo della serie della doppia tonalit\u00e0 in forma semplificata; Applique de Marseille \u00e8 dotata di due strette tonalit\u00e0 cilindriche di dimensioni leggermente diverse, orientate rispettivamente verso l&#8217;alto e verso il basso. La finitura monocromatica e la forma semplice e chiara danno vita a una lampada da parete discreta che pu\u00f2 essere integrata in molti concetti di interior design.<\/p>\n","protected":false},"featured_media":29086,"template":"","meta":[],"product_brand":[],"product_cat":[1000,389,1338,403,2635],"product_tag":[372,3353,1281,712,2637],"class_list":{"0":"post-29085","1":"product","2":"type-product","3":"status-publish","4":"has-post-thumbnail","6":"product_cat-da-non-perdere","7":"product_cat-idee-regalo","8":"product_cat-lampada-parete","9":"product_cat-lampada","10":"product_cat-nemo","11":"product_tag-applique","12":"product_tag-applique-de-marseille","13":"product_tag-lampada","14":"product_tag-le-corbusier","15":"product_tag-nemo","16":"product_shipping_class-standard","18":"first","19":"onbackorder","20":"sale","21":"shipping-taxable","22":"purchasable","23":"product-type-simple","24":"add-to-wishlist-after_add_to_cart"},"yoast_head":"<!-- This site is optimized with the Yoast SEO plugin v27.3 - https:\/\/yoast.com\/product\/yoast-seo-wordpress\/ -->\n<title>APPLIQUE DE MARSEILLE &#8212; Casarredo.it<\/title>\n<meta name=\"description\" content=\"Applique de Marseille lampada da parete\u00a0 progettata dall&#039;architetto franco-svizzero Le Corbusier per il suo nuovo tipo di abitazione &quot;Unit\u00e9 d&#039;Habitation&quot;, realizzato per la prima volta a Marsiglia nel 1947. La lampada da parete Applique de Marseille \u00e8 stata disegnata da Le Corbusier per il suo appartamento di Parigi. Essa implementa il motivo della serie della doppia tonalit\u00e0 in forma semplificata; Applique de Marseille \u00e8 dotata di due strette tonalit\u00e0 cilindriche di dimensioni leggermente diverse, orientate rispettivamente verso l&#039;alto e verso il basso. La finitura monocromatica e la forma semplice e chiara danno vita a una lampada da parete discreta che pu\u00f2 essere integrata in molti concetti di interior design.\" \/>\n<meta name=\"robots\" content=\"index, follow, max-snippet:-1, max-image-preview:large, max-video-preview:-1\" \/>\n<link rel=\"canonical\" href=\"https:\/\/www.casarredo.it\/en\/prodotto\/applique-de-marseille\/\" \/>\n<meta property=\"og:locale\" content=\"en_US\" \/>\n<meta property=\"og:type\" content=\"article\" \/>\n<meta property=\"og:title\" content=\"APPLIQUE DE MARSEILLE &#8212; Casarredo.it\" \/>\n<meta property=\"og:description\" content=\"Applique de Marseille lampada da parete\u00a0 progettata dall&#039;architetto franco-svizzero Le Corbusier per il suo nuovo tipo di abitazione &quot;Unit\u00e9 d&#039;Habitation&quot;, realizzato per la prima volta a Marsiglia nel 1947. La lampada da parete Applique de Marseille \u00e8 stata disegnata da Le Corbusier per il suo appartamento di Parigi. Essa implementa il motivo della serie della doppia tonalit\u00e0 in forma semplificata; Applique de Marseille \u00e8 dotata di due strette tonalit\u00e0 cilindriche di dimensioni leggermente diverse, orientate rispettivamente verso l&#039;alto e verso il basso. La finitura monocromatica e la forma semplice e chiara danno vita a una lampada da parete discreta che pu\u00f2 essere integrata in molti concetti di interior design.\" \/>\n<meta property=\"og:url\" content=\"https:\/\/www.casarredo.it\/en\/prodotto\/applique-de-marseille\/\" \/>\n<meta property=\"og:site_name\" content=\"Casarredo.it\" \/>\n<meta property=\"article:publisher\" content=\"https:\/\/www.facebook.com\/Casarredo-632870513490892\" \/>\n<meta property=\"article:modified_time\" content=\"2025-12-20T17:29:53+00:00\" \/>\n<meta property=\"og:image\" content=\"https:\/\/www.casarredo.it\/wp-content\/uploads\/2022\/04\/applique-de-maseille-nera.webp\" \/>\n\t<meta property=\"og:image:width\" content=\"1250\" \/>\n\t<meta property=\"og:image:height\" content=\"1250\" \/>\n\t<meta property=\"og:image:type\" content=\"image\/webp\" \/>\n<meta name=\"twitter:card\" content=\"summary_large_image\" \/>\n<meta name=\"twitter:label1\" content=\"Est. reading time\" \/>\n\t<meta name=\"twitter:data1\" content=\"1 minute\" \/>\n<script type=\"application\/ld+json\" class=\"yoast-schema-graph\">{\"@context\":\"https:\\\/\\\/schema.org\",\"@graph\":[{\"@type\":\"WebPage\",\"@id\":\"https:\\\/\\\/www.casarredo.it\\\/en\\\/prodotto\\\/applique-de-marseille\\\/\",\"url\":\"https:\\\/\\\/www.casarredo.it\\\/en\\\/prodotto\\\/applique-de-marseille\\\/\",\"name\":\"APPLIQUE DE MARSEILLE &#8212; Casarredo.it\",\"isPartOf\":{\"@id\":\"https:\\\/\\\/www.casarredo.it\\\/en\\\/#website\"},\"primaryImageOfPage\":{\"@id\":\"https:\\\/\\\/www.casarredo.it\\\/en\\\/prodotto\\\/applique-de-marseille\\\/#primaryimage\"},\"image\":{\"@id\":\"https:\\\/\\\/www.casarredo.it\\\/en\\\/prodotto\\\/applique-de-marseille\\\/#primaryimage\"},\"thumbnailUrl\":\"https:\\\/\\\/www.casarredo.it\\\/wp-content\\\/uploads\\\/2022\\\/04\\\/applique-de-maseille-nera.webp\",\"datePublished\":\"2022-04-12T09:35:31+00:00\",\"dateModified\":\"2025-12-20T17:29:53+00:00\",\"description\":\"Applique de Marseille lampada da parete\u00a0 progettata dall'architetto franco-svizzero Le Corbusier per il suo nuovo tipo di abitazione \\\"Unit\u00e9 d'Habitation\\\", realizzato per la prima volta a Marsiglia nel 1947. La lampada da parete Applique de Marseille \u00e8 stata disegnata da Le Corbusier per il suo appartamento di Parigi. Essa implementa il motivo della serie della doppia tonalit\u00e0 in forma semplificata; Applique de Marseille \u00e8 dotata di due strette tonalit\u00e0 cilindriche di dimensioni leggermente diverse, orientate rispettivamente verso l'alto e verso il basso. La finitura monocromatica e la forma semplice e chiara danno vita a una lampada da parete discreta che pu\u00f2 essere integrata in molti concetti di interior design.\",\"breadcrumb\":{\"@id\":\"https:\\\/\\\/www.casarredo.it\\\/en\\\/prodotto\\\/applique-de-marseille\\\/#breadcrumb\"},\"inLanguage\":\"en-US\",\"potentialAction\":[{\"@type\":\"ReadAction\",\"target\":[\"https:\\\/\\\/www.casarredo.it\\\/en\\\/prodotto\\\/applique-de-marseille\\\/\"]}]},{\"@type\":\"ImageObject\",\"inLanguage\":\"en-US\",\"@id\":\"https:\\\/\\\/www.casarredo.it\\\/en\\\/prodotto\\\/applique-de-marseille\\\/#primaryimage\",\"url\":\"https:\\\/\\\/www.casarredo.it\\\/wp-content\\\/uploads\\\/2022\\\/04\\\/applique-de-maseille-nera.webp\",\"contentUrl\":\"https:\\\/\\\/www.casarredo.it\\\/wp-content\\\/uploads\\\/2022\\\/04\\\/applique-de-maseille-nera.webp\",\"width\":1250,\"height\":1250},{\"@type\":\"BreadcrumbList\",\"@id\":\"https:\\\/\\\/www.casarredo.it\\\/en\\\/prodotto\\\/applique-de-marseille\\\/#breadcrumb\",\"itemListElement\":[{\"@type\":\"ListItem\",\"position\":1,\"name\":\"Home\",\"item\":\"https:\\\/\\\/www.casarredo.it\\\/en\\\/\"},{\"@type\":\"ListItem\",\"position\":2,\"name\":\"Shop online\",\"item\":\"https:\\\/\\\/www.casarredo.it\\\/en\\\/shop\\\/\"},{\"@type\":\"ListItem\",\"position\":3,\"name\":\"APPLIQUE DE MARSEILLE\"}]},{\"@type\":\"WebSite\",\"@id\":\"https:\\\/\\\/www.casarredo.it\\\/en\\\/#website\",\"url\":\"https:\\\/\\\/www.casarredo.it\\\/en\\\/\",\"name\":\"Casarredo.it\",\"description\":\"Design da vivere\",\"publisher\":{\"@id\":\"https:\\\/\\\/www.casarredo.it\\\/en\\\/#organization\"},\"potentialAction\":[{\"@type\":\"SearchAction\",\"target\":{\"@type\":\"EntryPoint\",\"urlTemplate\":\"https:\\\/\\\/www.casarredo.it\\\/en\\\/?s={search_term_string}\"},\"query-input\":{\"@type\":\"PropertyValueSpecification\",\"valueRequired\":true,\"valueName\":\"search_term_string\"}}],\"inLanguage\":\"en-US\"},{\"@type\":\"Organization\",\"@id\":\"https:\\\/\\\/www.casarredo.it\\\/en\\\/#organization\",\"name\":\"casarredo srl\",\"url\":\"https:\\\/\\\/www.casarredo.it\\\/en\\\/\",\"logo\":{\"@type\":\"ImageObject\",\"inLanguage\":\"en-US\",\"@id\":\"https:\\\/\\\/www.casarredo.it\\\/en\\\/#\\\/schema\\\/logo\\\/image\\\/\",\"url\":\"https:\\\/\\\/www.casarredo.it\\\/wp-content\\\/uploads\\\/2018\\\/05\\\/vanity-scaled.jpg\",\"contentUrl\":\"https:\\\/\\\/www.casarredo.it\\\/wp-content\\\/uploads\\\/2018\\\/05\\\/vanity-scaled.jpg\",\"width\":2560,\"height\":1848,\"caption\":\"casarredo srl\"},\"image\":{\"@id\":\"https:\\\/\\\/www.casarredo.it\\\/en\\\/#\\\/schema\\\/logo\\\/image\\\/\"},\"sameAs\":[\"https:\\\/\\\/www.facebook.com\\\/Casarredo-632870513490892\",\"https:\\\/\\\/www.instagram.com\\\/casarredo_fano\\\/\"]}]}<\/script>\n<!-- \/ Yoast SEO plugin. -->","yoast_head_json":{"title":"APPLIQUE DE MARSEILLE &#8212; Casarredo.it","description":"Applique de Marseille lampada da parete\u00a0 progettata dall'architetto franco-svizzero Le Corbusier per il suo nuovo tipo di abitazione \"Unit\u00e9 d'Habitation\", realizzato per la prima volta a Marsiglia nel 1947. La lampada da parete Applique de Marseille \u00e8 stata disegnata da Le Corbusier per il suo appartamento di Parigi. Essa implementa il motivo della serie della doppia tonalit\u00e0 in forma semplificata; Applique de Marseille \u00e8 dotata di due strette tonalit\u00e0 cilindriche di dimensioni leggermente diverse, orientate rispettivamente verso l'alto e verso il basso. La finitura monocromatica e la forma semplice e chiara danno vita a una lampada da parete discreta che pu\u00f2 essere integrata in molti concetti di interior design.","robots":{"index":"index","follow":"follow","max-snippet":"max-snippet:-1","max-image-preview":"max-image-preview:large","max-video-preview":"max-video-preview:-1"},"canonical":"https:\/\/www.casarredo.it\/en\/prodotto\/applique-de-marseille\/","og_locale":"en_US","og_type":"article","og_title":"APPLIQUE DE MARSEILLE &#8212; Casarredo.it","og_description":"Applique de Marseille lampada da parete\u00a0 progettata dall'architetto franco-svizzero Le Corbusier per il suo nuovo tipo di abitazione \"Unit\u00e9 d'Habitation\", realizzato per la prima volta a Marsiglia nel 1947. La lampada da parete Applique de Marseille \u00e8 stata disegnata da Le Corbusier per il suo appartamento di Parigi. Essa implementa il motivo della serie della doppia tonalit\u00e0 in forma semplificata; Applique de Marseille \u00e8 dotata di due strette tonalit\u00e0 cilindriche di dimensioni leggermente diverse, orientate rispettivamente verso l'alto e verso il basso. La finitura monocromatica e la forma semplice e chiara danno vita a una lampada da parete discreta che pu\u00f2 essere integrata in molti concetti di interior design.","og_url":"https:\/\/www.casarredo.it\/en\/prodotto\/applique-de-marseille\/","og_site_name":"Casarredo.it","article_publisher":"https:\/\/www.facebook.com\/Casarredo-632870513490892","article_modified_time":"2025-12-20T17:29:53+00:00","og_image":[{"width":1250,"height":1250,"url":"https:\/\/www.casarredo.it\/wp-content\/uploads\/2022\/04\/applique-de-maseille-nera.webp","type":"image\/webp"}],"twitter_card":"summary_large_image","twitter_misc":{"Est. reading time":"1 minute"},"schema":{"@context":"https:\/\/schema.org","@graph":[{"@type":"WebPage","@id":"https:\/\/www.casarredo.it\/en\/prodotto\/applique-de-marseille\/","url":"https:\/\/www.casarredo.it\/en\/prodotto\/applique-de-marseille\/","name":"APPLIQUE DE MARSEILLE &#8212; Casarredo.it","isPartOf":{"@id":"https:\/\/www.casarredo.it\/en\/#website"},"primaryImageOfPage":{"@id":"https:\/\/www.casarredo.it\/en\/prodotto\/applique-de-marseille\/#primaryimage"},"image":{"@id":"https:\/\/www.casarredo.it\/en\/prodotto\/applique-de-marseille\/#primaryimage"},"thumbnailUrl":"https:\/\/www.casarredo.it\/wp-content\/uploads\/2022\/04\/applique-de-maseille-nera.webp","datePublished":"2022-04-12T09:35:31+00:00","dateModified":"2025-12-20T17:29:53+00:00","description":"Applique de Marseille lampada da parete\u00a0 progettata dall'architetto franco-svizzero Le Corbusier per il suo nuovo tipo di abitazione \"Unit\u00e9 d'Habitation\", realizzato per la prima volta a Marsiglia nel 1947. La lampada da parete Applique de Marseille \u00e8 stata disegnata da Le Corbusier per il suo appartamento di Parigi. Essa implementa il motivo della serie della doppia tonalit\u00e0 in forma semplificata; Applique de Marseille \u00e8 dotata di due strette tonalit\u00e0 cilindriche di dimensioni leggermente diverse, orientate rispettivamente verso l'alto e verso il basso. La finitura monocromatica e la forma semplice e chiara danno vita a una lampada da parete discreta che pu\u00f2 essere integrata in molti concetti di interior design.","breadcrumb":{"@id":"https:\/\/www.casarredo.it\/en\/prodotto\/applique-de-marseille\/#breadcrumb"},"inLanguage":"en-US","potentialAction":[{"@type":"ReadAction","target":["https:\/\/www.casarredo.it\/en\/prodotto\/applique-de-marseille\/"]}]},{"@type":"ImageObject","inLanguage":"en-US","@id":"https:\/\/www.casarredo.it\/en\/prodotto\/applique-de-marseille\/#primaryimage","url":"https:\/\/www.casarredo.it\/wp-content\/uploads\/2022\/04\/applique-de-maseille-nera.webp","contentUrl":"https:\/\/www.casarredo.it\/wp-content\/uploads\/2022\/04\/applique-de-maseille-nera.webp","width":1250,"height":1250},{"@type":"BreadcrumbList","@id":"https:\/\/www.casarredo.it\/en\/prodotto\/applique-de-marseille\/#breadcrumb","itemListElement":[{"@type":"ListItem","position":1,"name":"Home","item":"https:\/\/www.casarredo.it\/en\/"},{"@type":"ListItem","position":2,"name":"Shop online","item":"https:\/\/www.casarredo.it\/en\/shop\/"},{"@type":"ListItem","position":3,"name":"APPLIQUE DE MARSEILLE"}]},{"@type":"WebSite","@id":"https:\/\/www.casarredo.it\/en\/#website","url":"https:\/\/www.casarredo.it\/en\/","name":"Casarredo.it","description":"Design da vivere","publisher":{"@id":"https:\/\/www.casarredo.it\/en\/#organization"},"potentialAction":[{"@type":"SearchAction","target":{"@type":"EntryPoint","urlTemplate":"https:\/\/www.casarredo.it\/en\/?s={search_term_string}"},"query-input":{"@type":"PropertyValueSpecification","valueRequired":true,"valueName":"search_term_string"}}],"inLanguage":"en-US"},{"@type":"Organization","@id":"https:\/\/www.casarredo.it\/en\/#organization","name":"casarredo srl","url":"https:\/\/www.casarredo.it\/en\/","logo":{"@type":"ImageObject","inLanguage":"en-US","@id":"https:\/\/www.casarredo.it\/en\/#\/schema\/logo\/image\/","url":"https:\/\/www.casarredo.it\/wp-content\/uploads\/2018\/05\/vanity-scaled.jpg","contentUrl":"https:\/\/www.casarredo.it\/wp-content\/uploads\/2018\/05\/vanity-scaled.jpg","width":2560,"height":1848,"caption":"casarredo srl"},"image":{"@id":"https:\/\/www.casarredo.it\/en\/#\/schema\/logo\/image\/"},"sameAs":["https:\/\/www.facebook.com\/Casarredo-632870513490892","https:\/\/www.instagram.com\/casarredo_fano\/"]}]}},"_links":{"self":[{"href":"https:\/\/www.casarredo.it\/en\/wp-json\/wp\/v2\/product\/29085","targetHints":{"allow":["GET"]}}],"collection":[{"href":"https:\/\/www.casarredo.it\/en\/wp-json\/wp\/v2\/product"}],"about":[{"href":"https:\/\/www.casarredo.it\/en\/wp-json\/wp\/v2\/types\/product"}],"wp:featuredmedia":[{"embeddable":true,"href":"https:\/\/www.casarredo.it\/en\/wp-json\/wp\/v2\/media\/29086"}],"wp:attachment":[{"href":"https:\/\/www.casarredo.it\/en\/wp-json\/wp\/v2\/media?parent=29085"}],"wp:term":[{"taxonomy":"product_brand","embeddable":true,"href":"https:\/\/www.casarredo.it\/en\/wp-json\/wp\/v2\/product_brand?post=29085"},{"taxonomy":"product_cat","embeddable":true,"href":"https:\/\/www.casarredo.it\/en\/wp-json\/wp\/v2\/product_cat?post=29085"},{"taxonomy":"product_tag","embeddable":true,"href":"https:\/\/www.casarredo.it\/en\/wp-json\/wp\/v2\/product_tag?post=29085"}],"curies":[{"name":"wp","href":"https:\/\/api.w.org\/{rel}","templated":true}]}}