{"id":28707,"date":"2022-03-04T10:28:42","date_gmt":"2022-03-04T09:28:42","guid":{"rendered":"https:\/\/www.casarredo.it\/?post_type=product&#038;p=28707"},"modified":"2026-04-15T19:20:29","modified_gmt":"2026-04-15T17:20:29","slug":"28707","status":"publish","type":"product","link":"https:\/\/www.casarredo.it\/en\/prodotto\/28707\/","title":{"rendered":"TIP TON SEDIA VITRA"},"content":{"rendered":"<p><\/p>\n<h1>\u00a0TIP TON SEDIA VITRA<\/h1>\n<h2>DESIGN EDWARD BARBER &amp; JAY OSGERBY<\/h2>\n<p>Tip Ton Vitra \u00e8 una sedia che pu\u00f2 essere inclinata in avanti di alcuni gradi dalla posizione normale. Tale posizione di seduta inclinata in avanti raddrizza il bacino e la colonna vertebrale, migliorando pertanto la circolazione nei muscoli addominali e dorsali. Assieme a Edward Barber e Jay Osgerby, ora Vitra ha sviluppato una versione della sedia realizzata completamente in plastica riciclata: Tip Ton RE. Il materiale di alta qualit\u00e0 utilizzato proviene da rifiuti domestici riciclati, in particolare imballaggi usati. L\u2018impiego di questa materia prima al posto della plastica primaria a base di petrolio genera il 54% in meno di emissioni dannose per il clima, riducendo in modo significativo il consumo di energia primaria.<\/p>\n<p>Per conseguire la stabilit\u00e0 e la qualit\u00e0 necessarie, il materiale riciclato viene mescolato con un quantitativo proporzionale di fibra di vetro. Il grigio scuro tipico di Tip Ton RE \u00e8 la tonalit\u00e0 naturale del materiale riciclato lavorato, che esibisce lievissime irregolarit\u00e0 cromatiche. La stessa seduta Tip Ton RE \u00e8 riciclabile al 100% e si possono impilare fino a quattro sedie in altezza.<\/p>\n<p>Schienale, sedile, base: polipropilene riciclato, riciclabile a sua volta al 100%.<br \/>\nPattini: polietilene riciclato.<br \/>\nImpilabilit\u00e0: Tip Ton RE \u00e8 impilabile fino all&#8217;altezza di 4 sedie a pavimento e fino all&#8217;altezza di 11 sedie su carrello di trasporto. Carrello di impilazione disponibile separatamente<\/p>\n<p><img decoding=\"async\" src=\"https:\/\/www.myareadesign.it\/images\/vitra\/vitra_tip_ton_sizes.jpg\" alt=\"vitra tip ton misure\" \/><\/p>\n<p><\/p>\n","protected":false},"excerpt":{"rendered":"<p>Tip Ton Vitra \u00e8 una sedia che pu\u00f2 essere inclinata in avanti di alcuni gradi dalla posizione normale. Tale posizione di seduta inclinata in avanti raddrizza il bacino e la colonna vertebrale, migliorando pertanto la circolazione nei muscoli addominali e dorsali. Assieme a Edward Barber e Jay Osgerby, ora Vitra ha sviluppato una versione della sedia realizzata completamente in plastica riciclata: Tip Ton RE. Il materiale di alta qualit\u00e0 utilizzato proviene da rifiuti domestici riciclati, in particolare imballaggi usati. L\u2018impiego di questa materia prima al posto della plastica primaria a base di petrolio genera il 54% in meno di emissioni dannose per il clima, riducendo in modo significativo il consumo di energia primaria.<\/p>\n<p>Per conseguire la stabilit\u00e0 e la qualit\u00e0 necessarie, il materiale riciclato viene mescolato con un quantitativo proporzionale di fibra di vetro. Il grigio scuro tipico di Tip Ton RE \u00e8 la tonalit\u00e0 naturale del materiale riciclato lavorato, che esibisce lievissime irregolarit\u00e0 cromatiche. La stessa seduta Tip Ton RE \u00e8 riciclabile al 100% e si possono impilare fino a quattro sedie in altezza.<\/p>\n","protected":false},"featured_media":33791,"template":"","meta":[],"product_brand":[],"product_cat":[639,707],"product_tag":[3307,3308,783,3306,708],"class_list":{"0":"post-28707","1":"product","2":"type-product","3":"status-publish","4":"has-post-thumbnail","6":"product_cat-sedie","7":"product_cat-vitra","8":"product_tag-barber","9":"product_tag-osgerby","10":"product_tag-sedia","11":"product_tag-tip-ton","12":"product_tag-vitra","13":"pa_colore-12-nero-intenso","14":"pa_colore-22-grigio-scuro","15":"pa_colore-23-grigio-ghiaccio","16":"pa_colore-38-light-lavender","17":"pa_colore-53-soft-grey","18":"pa_colore-64-corallo","19":"pa_colore-76-verde-industriale","20":"pa_colore-78-mango","22":"first","23":"onbackorder","24":"sale","25":"shipping-taxable","26":"purchasable","27":"product-type-variable","28":"add-to-wishlist-after_add_to_cart"},"yoast_head":"<!-- This site is optimized with the Yoast SEO plugin v27.4 - https:\/\/yoast.com\/product\/yoast-seo-wordpress\/ -->\n<title>TIP TON SEDIA VITRA &#8212; Casarredo.it<\/title>\n<meta name=\"description\" content=\"Tip Ton Vitra \u00e8 una sedia che pu\u00f2 essere inclinata in avanti di alcuni gradi dalla posizione normale. Tale posizione di seduta inclinata in avanti raddrizza il bacino e la colonna vertebrale, migliorando pertanto la circolazione nei muscoli addominali e dorsali. Assieme a Edward Barber e Jay Osgerby, ora Vitra ha sviluppato una versione della sedia realizzata completamente in plastica riciclata: Tip Ton RE. Il materiale di alta qualit\u00e0 utilizzato proviene da rifiuti domestici riciclati, in particolare imballaggi usati. L\u2018impiego di questa materia prima al posto della plastica primaria a base di petrolio genera il 54% in meno di emissioni dannose per il clima, riducendo in modo significativo il consumo di energia primaria.\" \/>\n<meta name=\"robots\" content=\"index, follow, max-snippet:-1, max-image-preview:large, max-video-preview:-1\" \/>\n<link rel=\"canonical\" href=\"https:\/\/www.casarredo.it\/en\/prodotto\/28707\/\" \/>\n<meta property=\"og:locale\" content=\"en_US\" \/>\n<meta property=\"og:type\" content=\"article\" \/>\n<meta property=\"og:title\" content=\"TIP TON SEDIA VITRA &#8212; Casarredo.it\" \/>\n<meta property=\"og:description\" content=\"Tip Ton Vitra \u00e8 una sedia che pu\u00f2 essere inclinata in avanti di alcuni gradi dalla posizione normale. Tale posizione di seduta inclinata in avanti raddrizza il bacino e la colonna vertebrale, migliorando pertanto la circolazione nei muscoli addominali e dorsali. Assieme a Edward Barber e Jay Osgerby, ora Vitra ha sviluppato una versione della sedia realizzata completamente in plastica riciclata: Tip Ton RE. Il materiale di alta qualit\u00e0 utilizzato proviene da rifiuti domestici riciclati, in particolare imballaggi usati. L\u2018impiego di questa materia prima al posto della plastica primaria a base di petrolio genera il 54% in meno di emissioni dannose per il clima, riducendo in modo significativo il consumo di energia primaria.\" \/>\n<meta property=\"og:url\" content=\"https:\/\/www.casarredo.it\/en\/prodotto\/28707\/\" \/>\n<meta property=\"og:site_name\" content=\"Casarredo.it\" \/>\n<meta property=\"article:publisher\" content=\"https:\/\/www.facebook.com\/Casarredo-632870513490892\" \/>\n<meta property=\"article:modified_time\" content=\"2026-04-15T17:20:29+00:00\" \/>\n<meta property=\"og:image\" content=\"https:\/\/www.casarredo.it\/wp-content\/uploads\/2022\/03\/tip-ton-re-chair-coral-vitra.webp\" \/>\n\t<meta property=\"og:image:width\" content=\"741\" \/>\n\t<meta property=\"og:image:height\" content=\"1000\" \/>\n\t<meta property=\"og:image:type\" content=\"image\/webp\" \/>\n<meta name=\"twitter:card\" content=\"summary_large_image\" \/>\n<meta name=\"twitter:label1\" content=\"Est. reading time\" \/>\n\t<meta name=\"twitter:data1\" content=\"2 minutes\" \/>\n<script type=\"application\/ld+json\" class=\"yoast-schema-graph\">{\"@context\":\"https:\\\/\\\/schema.org\",\"@graph\":[{\"@type\":\"WebPage\",\"@id\":\"https:\\\/\\\/www.casarredo.it\\\/en\\\/prodotto\\\/28707\\\/\",\"url\":\"https:\\\/\\\/www.casarredo.it\\\/en\\\/prodotto\\\/28707\\\/\",\"name\":\"TIP TON SEDIA VITRA &#8212; Casarredo.it\",\"isPartOf\":{\"@id\":\"https:\\\/\\\/www.casarredo.it\\\/en\\\/#website\"},\"primaryImageOfPage\":{\"@id\":\"https:\\\/\\\/www.casarredo.it\\\/en\\\/prodotto\\\/28707\\\/#primaryimage\"},\"image\":{\"@id\":\"https:\\\/\\\/www.casarredo.it\\\/en\\\/prodotto\\\/28707\\\/#primaryimage\"},\"thumbnailUrl\":\"https:\\\/\\\/www.casarredo.it\\\/wp-content\\\/uploads\\\/2022\\\/03\\\/tip-ton-re-chair-coral-vitra.webp\",\"datePublished\":\"2022-03-04T09:28:42+00:00\",\"dateModified\":\"2026-04-15T17:20:29+00:00\",\"description\":\"Tip Ton Vitra \u00e8 una sedia che pu\u00f2 essere inclinata in avanti di alcuni gradi dalla posizione normale. Tale posizione di seduta inclinata in avanti raddrizza il bacino e la colonna vertebrale, migliorando pertanto la circolazione nei muscoli addominali e dorsali. Assieme a Edward Barber e Jay Osgerby, ora Vitra ha sviluppato una versione della sedia realizzata completamente in plastica riciclata: Tip Ton RE. Il materiale di alta qualit\u00e0 utilizzato proviene da rifiuti domestici riciclati, in particolare imballaggi usati. L\u2018impiego di questa materia prima al posto della plastica primaria a base di petrolio genera il 54% in meno di emissioni dannose per il clima, riducendo in modo significativo il consumo di energia primaria.\",\"breadcrumb\":{\"@id\":\"https:\\\/\\\/www.casarredo.it\\\/en\\\/prodotto\\\/28707\\\/#breadcrumb\"},\"inLanguage\":\"en-US\",\"potentialAction\":[{\"@type\":\"ReadAction\",\"target\":[\"https:\\\/\\\/www.casarredo.it\\\/en\\\/prodotto\\\/28707\\\/\"]}]},{\"@type\":\"ImageObject\",\"inLanguage\":\"en-US\",\"@id\":\"https:\\\/\\\/www.casarredo.it\\\/en\\\/prodotto\\\/28707\\\/#primaryimage\",\"url\":\"https:\\\/\\\/www.casarredo.it\\\/wp-content\\\/uploads\\\/2022\\\/03\\\/tip-ton-re-chair-coral-vitra.webp\",\"contentUrl\":\"https:\\\/\\\/www.casarredo.it\\\/wp-content\\\/uploads\\\/2022\\\/03\\\/tip-ton-re-chair-coral-vitra.webp\",\"width\":741,\"height\":1000},{\"@type\":\"BreadcrumbList\",\"@id\":\"https:\\\/\\\/www.casarredo.it\\\/en\\\/prodotto\\\/28707\\\/#breadcrumb\",\"itemListElement\":[{\"@type\":\"ListItem\",\"position\":1,\"name\":\"Home\",\"item\":\"https:\\\/\\\/www.casarredo.it\\\/en\\\/\"},{\"@type\":\"ListItem\",\"position\":2,\"name\":\"Shop online\",\"item\":\"https:\\\/\\\/www.casarredo.it\\\/en\\\/shop\\\/\"},{\"@type\":\"ListItem\",\"position\":3,\"name\":\"TIP TON SEDIA VITRA\"}]},{\"@type\":\"WebSite\",\"@id\":\"https:\\\/\\\/www.casarredo.it\\\/en\\\/#website\",\"url\":\"https:\\\/\\\/www.casarredo.it\\\/en\\\/\",\"name\":\"Casarredo.it\",\"description\":\"Design da vivere\",\"publisher\":{\"@id\":\"https:\\\/\\\/www.casarredo.it\\\/en\\\/#organization\"},\"potentialAction\":[{\"@type\":\"SearchAction\",\"target\":{\"@type\":\"EntryPoint\",\"urlTemplate\":\"https:\\\/\\\/www.casarredo.it\\\/en\\\/?s={search_term_string}\"},\"query-input\":{\"@type\":\"PropertyValueSpecification\",\"valueRequired\":true,\"valueName\":\"search_term_string\"}}],\"inLanguage\":\"en-US\"},{\"@type\":\"Organization\",\"@id\":\"https:\\\/\\\/www.casarredo.it\\\/en\\\/#organization\",\"name\":\"casarredo srl\",\"url\":\"https:\\\/\\\/www.casarredo.it\\\/en\\\/\",\"logo\":{\"@type\":\"ImageObject\",\"inLanguage\":\"en-US\",\"@id\":\"https:\\\/\\\/www.casarredo.it\\\/en\\\/#\\\/schema\\\/logo\\\/image\\\/\",\"url\":\"https:\\\/\\\/www.casarredo.it\\\/wp-content\\\/uploads\\\/2018\\\/05\\\/vanity-scaled.jpg\",\"contentUrl\":\"https:\\\/\\\/www.casarredo.it\\\/wp-content\\\/uploads\\\/2018\\\/05\\\/vanity-scaled.jpg\",\"width\":2560,\"height\":1848,\"caption\":\"casarredo srl\"},\"image\":{\"@id\":\"https:\\\/\\\/www.casarredo.it\\\/en\\\/#\\\/schema\\\/logo\\\/image\\\/\"},\"sameAs\":[\"https:\\\/\\\/www.facebook.com\\\/Casarredo-632870513490892\",\"https:\\\/\\\/www.instagram.com\\\/casarredo_fano\\\/\"]}]}<\/script>\n<!-- \/ Yoast SEO plugin. -->","yoast_head_json":{"title":"TIP TON SEDIA VITRA &#8212; Casarredo.it","description":"Tip Ton Vitra \u00e8 una sedia che pu\u00f2 essere inclinata in avanti di alcuni gradi dalla posizione normale. Tale posizione di seduta inclinata in avanti raddrizza il bacino e la colonna vertebrale, migliorando pertanto la circolazione nei muscoli addominali e dorsali. Assieme a Edward Barber e Jay Osgerby, ora Vitra ha sviluppato una versione della sedia realizzata completamente in plastica riciclata: Tip Ton RE. Il materiale di alta qualit\u00e0 utilizzato proviene da rifiuti domestici riciclati, in particolare imballaggi usati. L\u2018impiego di questa materia prima al posto della plastica primaria a base di petrolio genera il 54% in meno di emissioni dannose per il clima, riducendo in modo significativo il consumo di energia primaria.","robots":{"index":"index","follow":"follow","max-snippet":"max-snippet:-1","max-image-preview":"max-image-preview:large","max-video-preview":"max-video-preview:-1"},"canonical":"https:\/\/www.casarredo.it\/en\/prodotto\/28707\/","og_locale":"en_US","og_type":"article","og_title":"TIP TON SEDIA VITRA &#8212; Casarredo.it","og_description":"Tip Ton Vitra \u00e8 una sedia che pu\u00f2 essere inclinata in avanti di alcuni gradi dalla posizione normale. Tale posizione di seduta inclinata in avanti raddrizza il bacino e la colonna vertebrale, migliorando pertanto la circolazione nei muscoli addominali e dorsali. Assieme a Edward Barber e Jay Osgerby, ora Vitra ha sviluppato una versione della sedia realizzata completamente in plastica riciclata: Tip Ton RE. Il materiale di alta qualit\u00e0 utilizzato proviene da rifiuti domestici riciclati, in particolare imballaggi usati. L\u2018impiego di questa materia prima al posto della plastica primaria a base di petrolio genera il 54% in meno di emissioni dannose per il clima, riducendo in modo significativo il consumo di energia primaria.","og_url":"https:\/\/www.casarredo.it\/en\/prodotto\/28707\/","og_site_name":"Casarredo.it","article_publisher":"https:\/\/www.facebook.com\/Casarredo-632870513490892","article_modified_time":"2026-04-15T17:20:29+00:00","og_image":[{"width":741,"height":1000,"url":"https:\/\/www.casarredo.it\/wp-content\/uploads\/2022\/03\/tip-ton-re-chair-coral-vitra.webp","type":"image\/webp"}],"twitter_card":"summary_large_image","twitter_misc":{"Est. reading time":"2 minutes"},"schema":{"@context":"https:\/\/schema.org","@graph":[{"@type":"WebPage","@id":"https:\/\/www.casarredo.it\/en\/prodotto\/28707\/","url":"https:\/\/www.casarredo.it\/en\/prodotto\/28707\/","name":"TIP TON SEDIA VITRA &#8212; Casarredo.it","isPartOf":{"@id":"https:\/\/www.casarredo.it\/en\/#website"},"primaryImageOfPage":{"@id":"https:\/\/www.casarredo.it\/en\/prodotto\/28707\/#primaryimage"},"image":{"@id":"https:\/\/www.casarredo.it\/en\/prodotto\/28707\/#primaryimage"},"thumbnailUrl":"https:\/\/www.casarredo.it\/wp-content\/uploads\/2022\/03\/tip-ton-re-chair-coral-vitra.webp","datePublished":"2022-03-04T09:28:42+00:00","dateModified":"2026-04-15T17:20:29+00:00","description":"Tip Ton Vitra \u00e8 una sedia che pu\u00f2 essere inclinata in avanti di alcuni gradi dalla posizione normale. Tale posizione di seduta inclinata in avanti raddrizza il bacino e la colonna vertebrale, migliorando pertanto la circolazione nei muscoli addominali e dorsali. Assieme a Edward Barber e Jay Osgerby, ora Vitra ha sviluppato una versione della sedia realizzata completamente in plastica riciclata: Tip Ton RE. Il materiale di alta qualit\u00e0 utilizzato proviene da rifiuti domestici riciclati, in particolare imballaggi usati. L\u2018impiego di questa materia prima al posto della plastica primaria a base di petrolio genera il 54% in meno di emissioni dannose per il clima, riducendo in modo significativo il consumo di energia primaria.","breadcrumb":{"@id":"https:\/\/www.casarredo.it\/en\/prodotto\/28707\/#breadcrumb"},"inLanguage":"en-US","potentialAction":[{"@type":"ReadAction","target":["https:\/\/www.casarredo.it\/en\/prodotto\/28707\/"]}]},{"@type":"ImageObject","inLanguage":"en-US","@id":"https:\/\/www.casarredo.it\/en\/prodotto\/28707\/#primaryimage","url":"https:\/\/www.casarredo.it\/wp-content\/uploads\/2022\/03\/tip-ton-re-chair-coral-vitra.webp","contentUrl":"https:\/\/www.casarredo.it\/wp-content\/uploads\/2022\/03\/tip-ton-re-chair-coral-vitra.webp","width":741,"height":1000},{"@type":"BreadcrumbList","@id":"https:\/\/www.casarredo.it\/en\/prodotto\/28707\/#breadcrumb","itemListElement":[{"@type":"ListItem","position":1,"name":"Home","item":"https:\/\/www.casarredo.it\/en\/"},{"@type":"ListItem","position":2,"name":"Shop online","item":"https:\/\/www.casarredo.it\/en\/shop\/"},{"@type":"ListItem","position":3,"name":"TIP TON SEDIA VITRA"}]},{"@type":"WebSite","@id":"https:\/\/www.casarredo.it\/en\/#website","url":"https:\/\/www.casarredo.it\/en\/","name":"Casarredo.it","description":"Design da vivere","publisher":{"@id":"https:\/\/www.casarredo.it\/en\/#organization"},"potentialAction":[{"@type":"SearchAction","target":{"@type":"EntryPoint","urlTemplate":"https:\/\/www.casarredo.it\/en\/?s={search_term_string}"},"query-input":{"@type":"PropertyValueSpecification","valueRequired":true,"valueName":"search_term_string"}}],"inLanguage":"en-US"},{"@type":"Organization","@id":"https:\/\/www.casarredo.it\/en\/#organization","name":"casarredo srl","url":"https:\/\/www.casarredo.it\/en\/","logo":{"@type":"ImageObject","inLanguage":"en-US","@id":"https:\/\/www.casarredo.it\/en\/#\/schema\/logo\/image\/","url":"https:\/\/www.casarredo.it\/wp-content\/uploads\/2018\/05\/vanity-scaled.jpg","contentUrl":"https:\/\/www.casarredo.it\/wp-content\/uploads\/2018\/05\/vanity-scaled.jpg","width":2560,"height":1848,"caption":"casarredo srl"},"image":{"@id":"https:\/\/www.casarredo.it\/en\/#\/schema\/logo\/image\/"},"sameAs":["https:\/\/www.facebook.com\/Casarredo-632870513490892","https:\/\/www.instagram.com\/casarredo_fano\/"]}]}},"_links":{"self":[{"href":"https:\/\/www.casarredo.it\/en\/wp-json\/wp\/v2\/product\/28707","targetHints":{"allow":["GET"]}}],"collection":[{"href":"https:\/\/www.casarredo.it\/en\/wp-json\/wp\/v2\/product"}],"about":[{"href":"https:\/\/www.casarredo.it\/en\/wp-json\/wp\/v2\/types\/product"}],"wp:featuredmedia":[{"embeddable":true,"href":"https:\/\/www.casarredo.it\/en\/wp-json\/wp\/v2\/media\/33791"}],"wp:attachment":[{"href":"https:\/\/www.casarredo.it\/en\/wp-json\/wp\/v2\/media?parent=28707"}],"wp:term":[{"taxonomy":"product_brand","embeddable":true,"href":"https:\/\/www.casarredo.it\/en\/wp-json\/wp\/v2\/product_brand?post=28707"},{"taxonomy":"product_cat","embeddable":true,"href":"https:\/\/www.casarredo.it\/en\/wp-json\/wp\/v2\/product_cat?post=28707"},{"taxonomy":"product_tag","embeddable":true,"href":"https:\/\/www.casarredo.it\/en\/wp-json\/wp\/v2\/product_tag?post=28707"}],"curies":[{"name":"wp","href":"https:\/\/api.w.org\/{rel}","templated":true}]}}