{"id":28354,"date":"2022-02-04T10:43:52","date_gmt":"2022-02-04T09:43:52","guid":{"rendered":"https:\/\/www.casarredo.it\/?post_type=product&#038;p=28354"},"modified":"2025-02-28T19:41:59","modified_gmt":"2025-02-28T18:41:59","slug":"montecarlo-divano","status":"publish","type":"product","link":"https:\/\/www.casarredo.it\/en\/prodotto\/montecarlo-divano\/","title":{"rendered":"MONTECARLO DIVANO"},"content":{"rendered":"<div id=\"product-info-description-extended\" class=\"info-content mobile-accordion\">\n<div class=\"wrap-content list-items-wrap\">\n<h1 class=\"product-name\">MonteCarlo Divano<\/h1>\n<h2>PELLE NERA CLASSIC<\/h2>\n<div class=\"product-description\">\n<p><strong>Monte Carlo \u00e8 il divano\/panca disegnato dalla designer anticonformista Eileen Gray e prodotto oggi da ClassiCon. Una seduta originale che segue una leggera curva mantenendo equilibrio tra eleganza ed estro.<\/strong><\/p>\n<p>Eileen Gray \u00e8 autrice di numerosi elementi d&#8217;arredo che hanno segnato la storia del design.Collaboratrice di famosi architetti, negli anni &#8217;20 e &#8217;30 si impone con uno stile originalissimo e fuori dagli schemi. Monte Carlo \u00e8 un divano dal grande fascino, realizzato con telaio in tubo di acciaio cromato. La struttura in faggio \u00e8 imbottita con cinghie di gomma, la tappezzeria \u00e8 in poliuretano con fibra di poliestere. Autorizzato dal titolo mondiale Holder Aram Designs Ltd, London, per la riproduzione di ClassiCon. Per goderne a pieno va guardato nel suo insieme, \u00e8 un arredo che fa da padrone negli ambienti e ha bisogno di grandi spazi per sprigionare tutto il suo fascino. Rivestimento disponibile\u00a0 in tessuto o pelle.<\/p>\n<\/div>\n<\/div>\n<\/div>\n<div id=\"additional\" class=\"info-content mobile-accordion\">\n<div class=\"info-content-title list-title scroll-top\">CARATTERISTICHE<\/div>\n<div class=\"wrap-content list-items-wrap\">\n<div class=\"additional-attributes-wrapper table-wrapper\">\n<div class=\"box-sx\">\n<div class=\"dimensione\">\n<div class=\"attribute-name\">Dimensione<\/div>\n<div class=\"attribute-value\">\n<div>280 cm &#8211; 95 cm &#8211; H. 60 cm<\/div>\n<\/div>\n<\/div>\n<\/div>\n<\/div>\n<\/div>\n<\/div>\n","protected":false},"excerpt":{"rendered":"<div id=\"product-info-description-extended\" class=\"info-content mobile-accordion\">\n<div class=\"wrap-content list-items-wrap\">\n<div class=\"product-name\"><strong>Monte Carlo \u00e8 il divano\/panca firmato dalla designer anticonformista Eileen Gray e prodotto oggi da ClassiCon. Una seduta originale che segue una morbida curva mantenendo equilibrio tra eleganza ed estro.<\/strong><\/div>\n<div class=\"product-description\">\n<p>Eileen Gray \u00e8 autrice di numerosi elementi d&#8217;arredo che hanno segnato la storia del design.Collaboratrice di famosi architetti, negli anni &#8217;20 e &#8217;30 si impone con uno stile originalissimo e fuori dagli schemi. Monte Carlo \u00e8 un divano dal grande fascino, realizzato con telaio in tubo di acciaio cromato. La struttura in faggio \u00e8 imbottita con cinghie di gomma, la tappezzeria \u00e8 in poliuretano con fibra di poliestere. Autorizzato dal titolo mondiale Holder Aram Designs Ltd, London, per la riproduzione di ClassiCon. Per goderne a pieno va guardato nel suo insieme, \u00e8 un arredo che fa da padrone negli ambienti e ha bisogno di grandi spazi per sprigionare tutto il suo charme. Rivestimento disponibile\u00a0 in tessuto o pelle.<\/p>\n<\/div>\n<\/div>\n<\/div>\n<div id=\"additional\" class=\"info-content mobile-accordion\"><a class=\"description_anchor\" name=\"product-info-description-extended-anchor\"><\/a><\/p>\n<div class=\"info-content-title list-title scroll-top\">CARATTERISTICHE<\/div>\n<div class=\"wrap-content list-items-wrap\">\n<div class=\"additional-attributes-wrapper table-wrapper\">\n<div class=\"box-sx\">\n<div class=\"dimensione\">\n<div class=\"attribute-name\">Dimensione<\/div>\n<div class=\"attribute-value\">\n<div>280 cm &#8211; 95 cm &#8211; H. 60 cm<\/div>\n<\/div>\n<\/div>\n<\/div>\n<\/div>\n<\/div>\n<\/div>\n","protected":false},"featured_media":28355,"template":"","meta":[],"product_brand":[],"product_cat":[2606,615],"product_tag":[2607,2950,3081,3215,2789],"class_list":{"0":"post-28354","1":"product","2":"type-product","3":"status-publish","4":"has-post-thumbnail","6":"product_cat-classicon","7":"product_cat-divani","8":"product_tag-classicon","9":"product_tag-divano","10":"product_tag-eileen-gray","11":"product_tag-montecarlo","12":"product_tag-panca","13":"product_shipping_class-standard","15":"first","16":"onbackorder","17":"sale","18":"shipping-taxable","19":"purchasable","20":"product-type-simple","21":"add-to-wishlist-after_add_to_cart"},"yoast_head":"<!-- This site is optimized with the Yoast SEO plugin v27.4 - https:\/\/yoast.com\/product\/yoast-seo-wordpress\/ -->\n<title>MONTECARLO DIVANO &#8212; Casarredo.it<\/title>\n<meta name=\"description\" content=\"Monte Carlo \u00e8 il divano\/panca firmato dalla designer anticonformista Eileen Gray e prodotto oggi da ClassiCon. Una seduta originale che segue una morbida curva mantenendo equilibrio tra eleganza ed estro.\" \/>\n<meta name=\"robots\" content=\"index, follow, max-snippet:-1, max-image-preview:large, max-video-preview:-1\" \/>\n<link rel=\"canonical\" href=\"https:\/\/www.casarredo.it\/en\/prodotto\/montecarlo-divano\/\" \/>\n<meta property=\"og:locale\" content=\"en_US\" \/>\n<meta property=\"og:type\" content=\"article\" \/>\n<meta property=\"og:title\" content=\"MONTECARLO DIVANO &#8212; Casarredo.it\" \/>\n<meta property=\"og:description\" content=\"Monte Carlo \u00e8 il divano\/panca firmato dalla designer anticonformista Eileen Gray e prodotto oggi da ClassiCon. Una seduta originale che segue una morbida curva mantenendo equilibrio tra eleganza ed estro.\" \/>\n<meta property=\"og:url\" content=\"https:\/\/www.casarredo.it\/en\/prodotto\/montecarlo-divano\/\" \/>\n<meta property=\"og:site_name\" content=\"Casarredo.it\" \/>\n<meta property=\"article:publisher\" content=\"https:\/\/www.facebook.com\/Casarredo-632870513490892\" \/>\n<meta property=\"article:modified_time\" content=\"2025-02-28T18:41:59+00:00\" \/>\n<meta property=\"og:image\" content=\"https:\/\/www.casarredo.it\/wp-content\/uploads\/2022\/02\/monte-carlo-sofa-classicon-1.o.jpg\" \/>\n\t<meta property=\"og:image:width\" content=\"300\" \/>\n\t<meta property=\"og:image:height\" content=\"300\" \/>\n\t<meta property=\"og:image:type\" content=\"image\/jpeg\" \/>\n<meta name=\"twitter:card\" content=\"summary_large_image\" \/>\n<meta name=\"twitter:label1\" content=\"Est. reading time\" \/>\n\t<meta name=\"twitter:data1\" content=\"1 minute\" \/>\n<script type=\"application\/ld+json\" class=\"yoast-schema-graph\">{\"@context\":\"https:\\\/\\\/schema.org\",\"@graph\":[{\"@type\":\"WebPage\",\"@id\":\"https:\\\/\\\/www.casarredo.it\\\/en\\\/prodotto\\\/montecarlo-divano\\\/\",\"url\":\"https:\\\/\\\/www.casarredo.it\\\/en\\\/prodotto\\\/montecarlo-divano\\\/\",\"name\":\"MONTECARLO DIVANO &#8212; Casarredo.it\",\"isPartOf\":{\"@id\":\"https:\\\/\\\/www.casarredo.it\\\/en\\\/#website\"},\"primaryImageOfPage\":{\"@id\":\"https:\\\/\\\/www.casarredo.it\\\/en\\\/prodotto\\\/montecarlo-divano\\\/#primaryimage\"},\"image\":{\"@id\":\"https:\\\/\\\/www.casarredo.it\\\/en\\\/prodotto\\\/montecarlo-divano\\\/#primaryimage\"},\"thumbnailUrl\":\"https:\\\/\\\/www.casarredo.it\\\/wp-content\\\/uploads\\\/2022\\\/02\\\/monte-carlo-sofa-classicon-1.o.jpg\",\"datePublished\":\"2022-02-04T09:43:52+00:00\",\"dateModified\":\"2025-02-28T18:41:59+00:00\",\"description\":\"Monte Carlo \u00e8 il divano\\\/panca firmato dalla designer anticonformista Eileen Gray e prodotto oggi da ClassiCon. Una seduta originale che segue una morbida curva mantenendo equilibrio tra eleganza ed estro.\",\"breadcrumb\":{\"@id\":\"https:\\\/\\\/www.casarredo.it\\\/en\\\/prodotto\\\/montecarlo-divano\\\/#breadcrumb\"},\"inLanguage\":\"en-US\",\"potentialAction\":[{\"@type\":\"ReadAction\",\"target\":[\"https:\\\/\\\/www.casarredo.it\\\/en\\\/prodotto\\\/montecarlo-divano\\\/\"]}]},{\"@type\":\"ImageObject\",\"inLanguage\":\"en-US\",\"@id\":\"https:\\\/\\\/www.casarredo.it\\\/en\\\/prodotto\\\/montecarlo-divano\\\/#primaryimage\",\"url\":\"https:\\\/\\\/www.casarredo.it\\\/wp-content\\\/uploads\\\/2022\\\/02\\\/monte-carlo-sofa-classicon-1.o.jpg\",\"contentUrl\":\"https:\\\/\\\/www.casarredo.it\\\/wp-content\\\/uploads\\\/2022\\\/02\\\/monte-carlo-sofa-classicon-1.o.jpg\",\"width\":300,\"height\":300},{\"@type\":\"BreadcrumbList\",\"@id\":\"https:\\\/\\\/www.casarredo.it\\\/en\\\/prodotto\\\/montecarlo-divano\\\/#breadcrumb\",\"itemListElement\":[{\"@type\":\"ListItem\",\"position\":1,\"name\":\"Home\",\"item\":\"https:\\\/\\\/www.casarredo.it\\\/en\\\/\"},{\"@type\":\"ListItem\",\"position\":2,\"name\":\"Shop online\",\"item\":\"https:\\\/\\\/www.casarredo.it\\\/en\\\/shop\\\/\"},{\"@type\":\"ListItem\",\"position\":3,\"name\":\"MONTECARLO DIVANO\"}]},{\"@type\":\"WebSite\",\"@id\":\"https:\\\/\\\/www.casarredo.it\\\/en\\\/#website\",\"url\":\"https:\\\/\\\/www.casarredo.it\\\/en\\\/\",\"name\":\"Casarredo.it\",\"description\":\"Design da vivere\",\"publisher\":{\"@id\":\"https:\\\/\\\/www.casarredo.it\\\/en\\\/#organization\"},\"potentialAction\":[{\"@type\":\"SearchAction\",\"target\":{\"@type\":\"EntryPoint\",\"urlTemplate\":\"https:\\\/\\\/www.casarredo.it\\\/en\\\/?s={search_term_string}\"},\"query-input\":{\"@type\":\"PropertyValueSpecification\",\"valueRequired\":true,\"valueName\":\"search_term_string\"}}],\"inLanguage\":\"en-US\"},{\"@type\":\"Organization\",\"@id\":\"https:\\\/\\\/www.casarredo.it\\\/en\\\/#organization\",\"name\":\"casarredo srl\",\"url\":\"https:\\\/\\\/www.casarredo.it\\\/en\\\/\",\"logo\":{\"@type\":\"ImageObject\",\"inLanguage\":\"en-US\",\"@id\":\"https:\\\/\\\/www.casarredo.it\\\/en\\\/#\\\/schema\\\/logo\\\/image\\\/\",\"url\":\"https:\\\/\\\/www.casarredo.it\\\/wp-content\\\/uploads\\\/2018\\\/05\\\/vanity-scaled.jpg\",\"contentUrl\":\"https:\\\/\\\/www.casarredo.it\\\/wp-content\\\/uploads\\\/2018\\\/05\\\/vanity-scaled.jpg\",\"width\":2560,\"height\":1848,\"caption\":\"casarredo srl\"},\"image\":{\"@id\":\"https:\\\/\\\/www.casarredo.it\\\/en\\\/#\\\/schema\\\/logo\\\/image\\\/\"},\"sameAs\":[\"https:\\\/\\\/www.facebook.com\\\/Casarredo-632870513490892\",\"https:\\\/\\\/www.instagram.com\\\/casarredo_fano\\\/\"]}]}<\/script>\n<!-- \/ Yoast SEO plugin. -->","yoast_head_json":{"title":"MONTECARLO DIVANO &#8212; Casarredo.it","description":"Monte Carlo \u00e8 il divano\/panca firmato dalla designer anticonformista Eileen Gray e prodotto oggi da ClassiCon. Una seduta originale che segue una morbida curva mantenendo equilibrio tra eleganza ed estro.","robots":{"index":"index","follow":"follow","max-snippet":"max-snippet:-1","max-image-preview":"max-image-preview:large","max-video-preview":"max-video-preview:-1"},"canonical":"https:\/\/www.casarredo.it\/en\/prodotto\/montecarlo-divano\/","og_locale":"en_US","og_type":"article","og_title":"MONTECARLO DIVANO &#8212; Casarredo.it","og_description":"Monte Carlo \u00e8 il divano\/panca firmato dalla designer anticonformista Eileen Gray e prodotto oggi da ClassiCon. Una seduta originale che segue una morbida curva mantenendo equilibrio tra eleganza ed estro.","og_url":"https:\/\/www.casarredo.it\/en\/prodotto\/montecarlo-divano\/","og_site_name":"Casarredo.it","article_publisher":"https:\/\/www.facebook.com\/Casarredo-632870513490892","article_modified_time":"2025-02-28T18:41:59+00:00","og_image":[{"width":300,"height":300,"url":"https:\/\/www.casarredo.it\/wp-content\/uploads\/2022\/02\/monte-carlo-sofa-classicon-1.o.jpg","type":"image\/jpeg"}],"twitter_card":"summary_large_image","twitter_misc":{"Est. reading time":"1 minute"},"schema":{"@context":"https:\/\/schema.org","@graph":[{"@type":"WebPage","@id":"https:\/\/www.casarredo.it\/en\/prodotto\/montecarlo-divano\/","url":"https:\/\/www.casarredo.it\/en\/prodotto\/montecarlo-divano\/","name":"MONTECARLO DIVANO &#8212; Casarredo.it","isPartOf":{"@id":"https:\/\/www.casarredo.it\/en\/#website"},"primaryImageOfPage":{"@id":"https:\/\/www.casarredo.it\/en\/prodotto\/montecarlo-divano\/#primaryimage"},"image":{"@id":"https:\/\/www.casarredo.it\/en\/prodotto\/montecarlo-divano\/#primaryimage"},"thumbnailUrl":"https:\/\/www.casarredo.it\/wp-content\/uploads\/2022\/02\/monte-carlo-sofa-classicon-1.o.jpg","datePublished":"2022-02-04T09:43:52+00:00","dateModified":"2025-02-28T18:41:59+00:00","description":"Monte Carlo \u00e8 il divano\/panca firmato dalla designer anticonformista Eileen Gray e prodotto oggi da ClassiCon. Una seduta originale che segue una morbida curva mantenendo equilibrio tra eleganza ed estro.","breadcrumb":{"@id":"https:\/\/www.casarredo.it\/en\/prodotto\/montecarlo-divano\/#breadcrumb"},"inLanguage":"en-US","potentialAction":[{"@type":"ReadAction","target":["https:\/\/www.casarredo.it\/en\/prodotto\/montecarlo-divano\/"]}]},{"@type":"ImageObject","inLanguage":"en-US","@id":"https:\/\/www.casarredo.it\/en\/prodotto\/montecarlo-divano\/#primaryimage","url":"https:\/\/www.casarredo.it\/wp-content\/uploads\/2022\/02\/monte-carlo-sofa-classicon-1.o.jpg","contentUrl":"https:\/\/www.casarredo.it\/wp-content\/uploads\/2022\/02\/monte-carlo-sofa-classicon-1.o.jpg","width":300,"height":300},{"@type":"BreadcrumbList","@id":"https:\/\/www.casarredo.it\/en\/prodotto\/montecarlo-divano\/#breadcrumb","itemListElement":[{"@type":"ListItem","position":1,"name":"Home","item":"https:\/\/www.casarredo.it\/en\/"},{"@type":"ListItem","position":2,"name":"Shop online","item":"https:\/\/www.casarredo.it\/en\/shop\/"},{"@type":"ListItem","position":3,"name":"MONTECARLO DIVANO"}]},{"@type":"WebSite","@id":"https:\/\/www.casarredo.it\/en\/#website","url":"https:\/\/www.casarredo.it\/en\/","name":"Casarredo.it","description":"Design da vivere","publisher":{"@id":"https:\/\/www.casarredo.it\/en\/#organization"},"potentialAction":[{"@type":"SearchAction","target":{"@type":"EntryPoint","urlTemplate":"https:\/\/www.casarredo.it\/en\/?s={search_term_string}"},"query-input":{"@type":"PropertyValueSpecification","valueRequired":true,"valueName":"search_term_string"}}],"inLanguage":"en-US"},{"@type":"Organization","@id":"https:\/\/www.casarredo.it\/en\/#organization","name":"casarredo srl","url":"https:\/\/www.casarredo.it\/en\/","logo":{"@type":"ImageObject","inLanguage":"en-US","@id":"https:\/\/www.casarredo.it\/en\/#\/schema\/logo\/image\/","url":"https:\/\/www.casarredo.it\/wp-content\/uploads\/2018\/05\/vanity-scaled.jpg","contentUrl":"https:\/\/www.casarredo.it\/wp-content\/uploads\/2018\/05\/vanity-scaled.jpg","width":2560,"height":1848,"caption":"casarredo srl"},"image":{"@id":"https:\/\/www.casarredo.it\/en\/#\/schema\/logo\/image\/"},"sameAs":["https:\/\/www.facebook.com\/Casarredo-632870513490892","https:\/\/www.instagram.com\/casarredo_fano\/"]}]}},"_links":{"self":[{"href":"https:\/\/www.casarredo.it\/en\/wp-json\/wp\/v2\/product\/28354","targetHints":{"allow":["GET"]}}],"collection":[{"href":"https:\/\/www.casarredo.it\/en\/wp-json\/wp\/v2\/product"}],"about":[{"href":"https:\/\/www.casarredo.it\/en\/wp-json\/wp\/v2\/types\/product"}],"wp:featuredmedia":[{"embeddable":true,"href":"https:\/\/www.casarredo.it\/en\/wp-json\/wp\/v2\/media\/28355"}],"wp:attachment":[{"href":"https:\/\/www.casarredo.it\/en\/wp-json\/wp\/v2\/media?parent=28354"}],"wp:term":[{"taxonomy":"product_brand","embeddable":true,"href":"https:\/\/www.casarredo.it\/en\/wp-json\/wp\/v2\/product_brand?post=28354"},{"taxonomy":"product_cat","embeddable":true,"href":"https:\/\/www.casarredo.it\/en\/wp-json\/wp\/v2\/product_cat?post=28354"},{"taxonomy":"product_tag","embeddable":true,"href":"https:\/\/www.casarredo.it\/en\/wp-json\/wp\/v2\/product_tag?post=28354"}],"curies":[{"name":"wp","href":"https:\/\/api.w.org\/{rel}","templated":true}]}}