{"id":28140,"date":"2021-12-14T19:40:39","date_gmt":"2021-12-14T18:40:39","guid":{"rendered":"https:\/\/www.casarredo.it\/?post_type=product&#038;p=28140"},"modified":"2025-12-20T18:44:58","modified_gmt":"2025-12-20T17:44:58","slug":"ch24-wishbone-chair-soft","status":"publish","type":"product","link":"https:\/\/www.casarredo.it\/en\/prodotto\/ch24-wishbone-chair-soft\/","title":{"rendered":"CH24 WISHBONE CHAIR SOFT"},"content":{"rendered":"<p><\/p>\n<h1>CH24 WISHBONE\u00a0 SOFT<\/h1>\n<h2>CARL HANSEN DESIGN WEGNER<\/h2>\n<p>CH24, nota anche come Wishbone, \u00e8 un vero classico del design danese. Progettata da Hans J. Wegner nel 1949, la sedia Wishbone \u00e8 prodotta da Carl Hansen &amp; S\u00f8n dal 1950.<\/p>\n<p>Durante la progettazione della sedia, Wegner desiderava combinare lo schienale e i braccioli in un unico pezzo. Per sostenere la parte superiore piegata a vapore, cre\u00f2 il classico schienale a forma di Y, che \u00e8 valso alla sedia il nome Wishbone. Il risultato finale fu una sedia elegante, aggraziata e con una seduta dal comfort impareggiabile.<\/p>\n<p>Il processo di fabbricazione della sedia Wishbone prevede pi\u00f9 di 100 passaggi, la maggior parte dei quali ancora realizzati a mano. La sola seduta intrecciata a mano richiede a un artigiano esperto circa un&#8217;ora e 120 metri di corda di carta. La sedia Wishbone, caratterizzata da accurate rifiniture, \u00e8 un capolavoro dell&#8217;artigianato tradizionale e del design danese.<\/p>\n<p><\/p>\n","protected":false},"excerpt":{"rendered":"<p>CH24, nota anche come Wishbone, \u00e8 un vero classico del design danese. Progettata da Hans J. Wegner nel 1949, la sedia Wishbone \u00e8 prodotta da Carl Hansen &amp; S\u00f8n dal 1950.<\/p>\n<p>Durante la progettazione della sedia, Wegner desiderava combinare lo schienale e i braccioli in un unico pezzo. Per sostenere la parte superiore piegata a vapore, cre\u00f2 il classico schienale a forma di Y, che \u00e8 valso alla sedia il nome Wishbone. Il risultato finale fu una sedia elegante, aggraziata e con una seduta dal comfort impareggiabile.<\/p>\n","protected":false},"featured_media":28151,"template":"","meta":[],"product_brand":[],"product_cat":[727,639,367],"product_tag":[2605,3193,783,758,3194,3195],"class_list":{"0":"post-28140","1":"product","2":"type-product","3":"status-publish","4":"has-post-thumbnail","6":"product_cat-carl-hansen-son","7":"product_cat-sedie","8":"product_cat-zona-giorno","9":"product_tag-carl-hansen-son-2","10":"product_tag-ch24","11":"product_tag-sedia","12":"product_tag-wegner","13":"product_tag-wishbone","14":"product_tag-y-chair","15":"product_shipping_class-standard","16":"pa_colore-soft-antrachite-grey","17":"pa_colore-soft-black","18":"pa_colore-soft-blue","19":"pa_colore-soft-dark-green","20":"pa_colore-soft-red","21":"pa_colore-soft-white","23":"first","24":"instock","25":"sale","26":"shipping-taxable","27":"purchasable","28":"product-type-variable","29":"add-to-wishlist-after_add_to_cart"},"yoast_head":"<!-- This site is optimized with the Yoast SEO plugin v27.4 - https:\/\/yoast.com\/product\/yoast-seo-wordpress\/ -->\n<title>CH24 WISHBONE CHAIR SOFT &#8212; Casarredo.it<\/title>\n<meta name=\"description\" content=\"CH24, nota anche come Wishbone, \u00e8 un vero classico del design danese. Progettata da Hans J. Wegner nel 1949, la sedia Wishbone \u00e8 prodotta da Carl Hansen &amp; S\u00f8n dal 1950.\" \/>\n<meta name=\"robots\" content=\"index, follow, max-snippet:-1, max-image-preview:large, max-video-preview:-1\" \/>\n<link rel=\"canonical\" href=\"https:\/\/www.casarredo.it\/en\/prodotto\/ch24-wishbone-chair-soft\/\" \/>\n<meta property=\"og:locale\" content=\"en_US\" \/>\n<meta property=\"og:type\" content=\"article\" \/>\n<meta property=\"og:title\" content=\"CH24 WISHBONE CHAIR SOFT &#8212; Casarredo.it\" \/>\n<meta property=\"og:description\" content=\"CH24, nota anche come Wishbone, \u00e8 un vero classico del design danese. Progettata da Hans J. Wegner nel 1949, la sedia Wishbone \u00e8 prodotta da Carl Hansen &amp; S\u00f8n dal 1950.\" \/>\n<meta property=\"og:url\" content=\"https:\/\/www.casarredo.it\/en\/prodotto\/ch24-wishbone-chair-soft\/\" \/>\n<meta property=\"og:site_name\" content=\"Casarredo.it\" \/>\n<meta property=\"article:publisher\" content=\"https:\/\/www.facebook.com\/Casarredo-632870513490892\" \/>\n<meta property=\"article:modified_time\" content=\"2025-12-20T17:44:58+00:00\" \/>\n<meta property=\"og:image\" content=\"https:\/\/www.casarredo.it\/wp-content\/uploads\/2021\/12\/ch24-beech-RED.jpg\" \/>\n\t<meta property=\"og:image:width\" content=\"800\" \/>\n\t<meta property=\"og:image:height\" content=\"800\" \/>\n\t<meta property=\"og:image:type\" content=\"image\/jpeg\" \/>\n<meta name=\"twitter:card\" content=\"summary_large_image\" \/>\n<meta name=\"twitter:label1\" content=\"Est. reading time\" \/>\n\t<meta name=\"twitter:data1\" content=\"2 minutes\" \/>\n<script type=\"application\/ld+json\" class=\"yoast-schema-graph\">{\"@context\":\"https:\\\/\\\/schema.org\",\"@graph\":[{\"@type\":\"WebPage\",\"@id\":\"https:\\\/\\\/www.casarredo.it\\\/en\\\/prodotto\\\/ch24-wishbone-chair-soft\\\/\",\"url\":\"https:\\\/\\\/www.casarredo.it\\\/en\\\/prodotto\\\/ch24-wishbone-chair-soft\\\/\",\"name\":\"CH24 WISHBONE CHAIR SOFT &#8212; Casarredo.it\",\"isPartOf\":{\"@id\":\"https:\\\/\\\/www.casarredo.it\\\/en\\\/#website\"},\"primaryImageOfPage\":{\"@id\":\"https:\\\/\\\/www.casarredo.it\\\/en\\\/prodotto\\\/ch24-wishbone-chair-soft\\\/#primaryimage\"},\"image\":{\"@id\":\"https:\\\/\\\/www.casarredo.it\\\/en\\\/prodotto\\\/ch24-wishbone-chair-soft\\\/#primaryimage\"},\"thumbnailUrl\":\"https:\\\/\\\/www.casarredo.it\\\/wp-content\\\/uploads\\\/2021\\\/12\\\/ch24-beech-RED.jpg\",\"datePublished\":\"2021-12-14T18:40:39+00:00\",\"dateModified\":\"2025-12-20T17:44:58+00:00\",\"description\":\"CH24, nota anche come Wishbone, \u00e8 un vero classico del design danese. Progettata da Hans J. Wegner nel 1949, la sedia Wishbone \u00e8 prodotta da Carl Hansen & S\u00f8n dal 1950.\",\"breadcrumb\":{\"@id\":\"https:\\\/\\\/www.casarredo.it\\\/en\\\/prodotto\\\/ch24-wishbone-chair-soft\\\/#breadcrumb\"},\"inLanguage\":\"en-US\",\"potentialAction\":[{\"@type\":\"ReadAction\",\"target\":[\"https:\\\/\\\/www.casarredo.it\\\/en\\\/prodotto\\\/ch24-wishbone-chair-soft\\\/\"]}]},{\"@type\":\"ImageObject\",\"inLanguage\":\"en-US\",\"@id\":\"https:\\\/\\\/www.casarredo.it\\\/en\\\/prodotto\\\/ch24-wishbone-chair-soft\\\/#primaryimage\",\"url\":\"https:\\\/\\\/www.casarredo.it\\\/wp-content\\\/uploads\\\/2021\\\/12\\\/ch24-beech-RED.jpg\",\"contentUrl\":\"https:\\\/\\\/www.casarredo.it\\\/wp-content\\\/uploads\\\/2021\\\/12\\\/ch24-beech-RED.jpg\",\"width\":800,\"height\":800},{\"@type\":\"BreadcrumbList\",\"@id\":\"https:\\\/\\\/www.casarredo.it\\\/en\\\/prodotto\\\/ch24-wishbone-chair-soft\\\/#breadcrumb\",\"itemListElement\":[{\"@type\":\"ListItem\",\"position\":1,\"name\":\"Home\",\"item\":\"https:\\\/\\\/www.casarredo.it\\\/en\\\/\"},{\"@type\":\"ListItem\",\"position\":2,\"name\":\"Shop online\",\"item\":\"https:\\\/\\\/www.casarredo.it\\\/en\\\/shop\\\/\"},{\"@type\":\"ListItem\",\"position\":3,\"name\":\"CH24 WISHBONE CHAIR SOFT\"}]},{\"@type\":\"WebSite\",\"@id\":\"https:\\\/\\\/www.casarredo.it\\\/en\\\/#website\",\"url\":\"https:\\\/\\\/www.casarredo.it\\\/en\\\/\",\"name\":\"Casarredo.it\",\"description\":\"Design da vivere\",\"publisher\":{\"@id\":\"https:\\\/\\\/www.casarredo.it\\\/en\\\/#organization\"},\"potentialAction\":[{\"@type\":\"SearchAction\",\"target\":{\"@type\":\"EntryPoint\",\"urlTemplate\":\"https:\\\/\\\/www.casarredo.it\\\/en\\\/?s={search_term_string}\"},\"query-input\":{\"@type\":\"PropertyValueSpecification\",\"valueRequired\":true,\"valueName\":\"search_term_string\"}}],\"inLanguage\":\"en-US\"},{\"@type\":\"Organization\",\"@id\":\"https:\\\/\\\/www.casarredo.it\\\/en\\\/#organization\",\"name\":\"casarredo srl\",\"url\":\"https:\\\/\\\/www.casarredo.it\\\/en\\\/\",\"logo\":{\"@type\":\"ImageObject\",\"inLanguage\":\"en-US\",\"@id\":\"https:\\\/\\\/www.casarredo.it\\\/en\\\/#\\\/schema\\\/logo\\\/image\\\/\",\"url\":\"https:\\\/\\\/www.casarredo.it\\\/wp-content\\\/uploads\\\/2018\\\/05\\\/vanity-scaled.jpg\",\"contentUrl\":\"https:\\\/\\\/www.casarredo.it\\\/wp-content\\\/uploads\\\/2018\\\/05\\\/vanity-scaled.jpg\",\"width\":2560,\"height\":1848,\"caption\":\"casarredo srl\"},\"image\":{\"@id\":\"https:\\\/\\\/www.casarredo.it\\\/en\\\/#\\\/schema\\\/logo\\\/image\\\/\"},\"sameAs\":[\"https:\\\/\\\/www.facebook.com\\\/Casarredo-632870513490892\",\"https:\\\/\\\/www.instagram.com\\\/casarredo_fano\\\/\"]}]}<\/script>\n<!-- \/ Yoast SEO plugin. -->","yoast_head_json":{"title":"CH24 WISHBONE CHAIR SOFT &#8212; Casarredo.it","description":"CH24, nota anche come Wishbone, \u00e8 un vero classico del design danese. Progettata da Hans J. Wegner nel 1949, la sedia Wishbone \u00e8 prodotta da Carl Hansen & S\u00f8n dal 1950.","robots":{"index":"index","follow":"follow","max-snippet":"max-snippet:-1","max-image-preview":"max-image-preview:large","max-video-preview":"max-video-preview:-1"},"canonical":"https:\/\/www.casarredo.it\/en\/prodotto\/ch24-wishbone-chair-soft\/","og_locale":"en_US","og_type":"article","og_title":"CH24 WISHBONE CHAIR SOFT &#8212; Casarredo.it","og_description":"CH24, nota anche come Wishbone, \u00e8 un vero classico del design danese. Progettata da Hans J. Wegner nel 1949, la sedia Wishbone \u00e8 prodotta da Carl Hansen & S\u00f8n dal 1950.","og_url":"https:\/\/www.casarredo.it\/en\/prodotto\/ch24-wishbone-chair-soft\/","og_site_name":"Casarredo.it","article_publisher":"https:\/\/www.facebook.com\/Casarredo-632870513490892","article_modified_time":"2025-12-20T17:44:58+00:00","og_image":[{"width":800,"height":800,"url":"https:\/\/www.casarredo.it\/wp-content\/uploads\/2021\/12\/ch24-beech-RED.jpg","type":"image\/jpeg"}],"twitter_card":"summary_large_image","twitter_misc":{"Est. reading time":"2 minutes"},"schema":{"@context":"https:\/\/schema.org","@graph":[{"@type":"WebPage","@id":"https:\/\/www.casarredo.it\/en\/prodotto\/ch24-wishbone-chair-soft\/","url":"https:\/\/www.casarredo.it\/en\/prodotto\/ch24-wishbone-chair-soft\/","name":"CH24 WISHBONE CHAIR SOFT &#8212; Casarredo.it","isPartOf":{"@id":"https:\/\/www.casarredo.it\/en\/#website"},"primaryImageOfPage":{"@id":"https:\/\/www.casarredo.it\/en\/prodotto\/ch24-wishbone-chair-soft\/#primaryimage"},"image":{"@id":"https:\/\/www.casarredo.it\/en\/prodotto\/ch24-wishbone-chair-soft\/#primaryimage"},"thumbnailUrl":"https:\/\/www.casarredo.it\/wp-content\/uploads\/2021\/12\/ch24-beech-RED.jpg","datePublished":"2021-12-14T18:40:39+00:00","dateModified":"2025-12-20T17:44:58+00:00","description":"CH24, nota anche come Wishbone, \u00e8 un vero classico del design danese. Progettata da Hans J. Wegner nel 1949, la sedia Wishbone \u00e8 prodotta da Carl Hansen & S\u00f8n dal 1950.","breadcrumb":{"@id":"https:\/\/www.casarredo.it\/en\/prodotto\/ch24-wishbone-chair-soft\/#breadcrumb"},"inLanguage":"en-US","potentialAction":[{"@type":"ReadAction","target":["https:\/\/www.casarredo.it\/en\/prodotto\/ch24-wishbone-chair-soft\/"]}]},{"@type":"ImageObject","inLanguage":"en-US","@id":"https:\/\/www.casarredo.it\/en\/prodotto\/ch24-wishbone-chair-soft\/#primaryimage","url":"https:\/\/www.casarredo.it\/wp-content\/uploads\/2021\/12\/ch24-beech-RED.jpg","contentUrl":"https:\/\/www.casarredo.it\/wp-content\/uploads\/2021\/12\/ch24-beech-RED.jpg","width":800,"height":800},{"@type":"BreadcrumbList","@id":"https:\/\/www.casarredo.it\/en\/prodotto\/ch24-wishbone-chair-soft\/#breadcrumb","itemListElement":[{"@type":"ListItem","position":1,"name":"Home","item":"https:\/\/www.casarredo.it\/en\/"},{"@type":"ListItem","position":2,"name":"Shop online","item":"https:\/\/www.casarredo.it\/en\/shop\/"},{"@type":"ListItem","position":3,"name":"CH24 WISHBONE CHAIR SOFT"}]},{"@type":"WebSite","@id":"https:\/\/www.casarredo.it\/en\/#website","url":"https:\/\/www.casarredo.it\/en\/","name":"Casarredo.it","description":"Design da vivere","publisher":{"@id":"https:\/\/www.casarredo.it\/en\/#organization"},"potentialAction":[{"@type":"SearchAction","target":{"@type":"EntryPoint","urlTemplate":"https:\/\/www.casarredo.it\/en\/?s={search_term_string}"},"query-input":{"@type":"PropertyValueSpecification","valueRequired":true,"valueName":"search_term_string"}}],"inLanguage":"en-US"},{"@type":"Organization","@id":"https:\/\/www.casarredo.it\/en\/#organization","name":"casarredo srl","url":"https:\/\/www.casarredo.it\/en\/","logo":{"@type":"ImageObject","inLanguage":"en-US","@id":"https:\/\/www.casarredo.it\/en\/#\/schema\/logo\/image\/","url":"https:\/\/www.casarredo.it\/wp-content\/uploads\/2018\/05\/vanity-scaled.jpg","contentUrl":"https:\/\/www.casarredo.it\/wp-content\/uploads\/2018\/05\/vanity-scaled.jpg","width":2560,"height":1848,"caption":"casarredo srl"},"image":{"@id":"https:\/\/www.casarredo.it\/en\/#\/schema\/logo\/image\/"},"sameAs":["https:\/\/www.facebook.com\/Casarredo-632870513490892","https:\/\/www.instagram.com\/casarredo_fano\/"]}]}},"_links":{"self":[{"href":"https:\/\/www.casarredo.it\/en\/wp-json\/wp\/v2\/product\/28140","targetHints":{"allow":["GET"]}}],"collection":[{"href":"https:\/\/www.casarredo.it\/en\/wp-json\/wp\/v2\/product"}],"about":[{"href":"https:\/\/www.casarredo.it\/en\/wp-json\/wp\/v2\/types\/product"}],"wp:featuredmedia":[{"embeddable":true,"href":"https:\/\/www.casarredo.it\/en\/wp-json\/wp\/v2\/media\/28151"}],"wp:attachment":[{"href":"https:\/\/www.casarredo.it\/en\/wp-json\/wp\/v2\/media?parent=28140"}],"wp:term":[{"taxonomy":"product_brand","embeddable":true,"href":"https:\/\/www.casarredo.it\/en\/wp-json\/wp\/v2\/product_brand?post=28140"},{"taxonomy":"product_cat","embeddable":true,"href":"https:\/\/www.casarredo.it\/en\/wp-json\/wp\/v2\/product_cat?post=28140"},{"taxonomy":"product_tag","embeddable":true,"href":"https:\/\/www.casarredo.it\/en\/wp-json\/wp\/v2\/product_tag?post=28140"}],"curies":[{"name":"wp","href":"https:\/\/api.w.org\/{rel}","templated":true}]}}