{"id":27812,"date":"2021-10-25T19:35:27","date_gmt":"2021-10-25T17:35:27","guid":{"rendered":"https:\/\/www.casarredo.it\/?post_type=product&#038;p=27812"},"modified":"2025-05-06T15:03:29","modified_gmt":"2025-05-06T13:03:29","slug":"chair-65-artek","status":"publish","type":"product","link":"https:\/\/www.casarredo.it\/en\/prodotto\/chair-65-artek\/","title":{"rendered":"CHAIR 65 ARTEK"},"content":{"rendered":"<p><\/p>\n<p>Chair 65 di Artek \u00e8 una delle molte sedie per tavolo da pranzo disegnate da Alvar Aalto negli anni \u201930. Realizzato utilizzando un singolo pezzo di multistrato di betulla, lo schienale \u00e8 pi\u00f9 basso del solito e leggermente curvato e rende la sedia particolarmente comoda. La sedia 65 \u00e8 caratterizzata da elementi tipici nei mobili di Aalto, come la seduta rotonda supportata da quattro gambe con struttura a L.<\/p>\n<p>La gamba con struttura a L \u00e8 un\u2019invenzione geniale: all\u2019estremit\u00e0 di un pezzo unico in betulla massello vengono fatti dei tagli in direzione delle fibre, formando una sorta di ventaglio. Sottili lamelle di compensato vengono inserite e incollate all\u2019interno dei tagli. Questa struttura rende possibile curvare il legno, con il calore o con il vapore, dell\u2019angolo desiderato e, una volta asciutta, la gamba sar\u00e0 molto resistente e potr\u00e0 essere unita direttamente alla seduta.<\/p>\n<p><\/p>\n","protected":false},"excerpt":{"rendered":"<p>Chair 65 di Artek \u00e8 una delle molte sedie per tavolo da pranzo disegnate da Alvar Aalto negli anni \u201930. Realizzato utilizzando un singolo pezzo di multistrato di betulla, lo schienale \u00e8 pi\u00f9 basso del solito e leggermente curvato e rende la sedia particolarmente comoda. La sedia 65 \u00e8 caratterizzata da elementi tipici nei mobili [&hellip;]<\/p>\n","protected":false},"featured_media":27818,"template":"","meta":[],"product_brand":[],"product_cat":[3011,639,367],"product_tag":[3136,726,3158,783],"class_list":{"0":"post-27812","1":"product","2":"type-product","3":"status-publish","4":"has-post-thumbnail","6":"product_cat-artek","7":"product_cat-sedie","8":"product_cat-zona-giorno","9":"product_tag-alvar-aalto","10":"product_tag-artek","11":"product_tag-chair-65","12":"product_tag-sedia","13":"product_shipping_class-standard","14":"pa_colore-betulla","15":"pa_colore-betulla-bianco","16":"pa_colore-betulla-nero","17":"pa_colore-bianco","18":"pa_colore-nero","20":"first","21":"onbackorder","22":"sale","23":"shipping-taxable","24":"purchasable","25":"product-type-variable","26":"add-to-wishlist-after_add_to_cart"},"yoast_head":"<!-- This site is optimized with the Yoast SEO plugin v27.4 - https:\/\/yoast.com\/product\/yoast-seo-wordpress\/ -->\n<title>CHAIR 65 ARTEK &#8212; Casarredo.it<\/title>\n<meta name=\"description\" content=\"Chair 65 di Artek \u00e8 una delle molte sedie per tavolo da pranzo disegnate da Alvar Aalto negli anni \u201930. Realizzato utilizzando un singolo pezzo di multistrato di betulla, lo schienale \u00e8 pi\u00f9 basso del solito e leggermente curvato e rende la sedia particolarmente comoda\" \/>\n<meta name=\"robots\" content=\"index, follow, max-snippet:-1, max-image-preview:large, max-video-preview:-1\" \/>\n<link rel=\"canonical\" href=\"https:\/\/www.casarredo.it\/en\/prodotto\/chair-65-artek\/\" \/>\n<meta property=\"og:locale\" content=\"en_US\" \/>\n<meta property=\"og:type\" content=\"article\" \/>\n<meta property=\"og:title\" content=\"CHAIR 65 ARTEK &#8212; Casarredo.it\" \/>\n<meta property=\"og:description\" content=\"Chair 65 di Artek \u00e8 una delle molte sedie per tavolo da pranzo disegnate da Alvar Aalto negli anni \u201930. Realizzato utilizzando un singolo pezzo di multistrato di betulla, lo schienale \u00e8 pi\u00f9 basso del solito e leggermente curvato e rende la sedia particolarmente comoda\" \/>\n<meta property=\"og:url\" content=\"https:\/\/www.casarredo.it\/en\/prodotto\/chair-65-artek\/\" \/>\n<meta property=\"og:site_name\" content=\"Casarredo.it\" \/>\n<meta property=\"article:publisher\" content=\"https:\/\/www.facebook.com\/Casarredo-632870513490892\" \/>\n<meta property=\"article:modified_time\" content=\"2025-05-06T13:03:29+00:00\" \/>\n<meta property=\"og:image\" content=\"https:\/\/www.casarredo.it\/wp-content\/uploads\/2021\/10\/CHAIR-65-NAT.jpg\" \/>\n\t<meta property=\"og:image:width\" content=\"840\" \/>\n\t<meta property=\"og:image:height\" content=\"630\" \/>\n\t<meta property=\"og:image:type\" content=\"image\/jpeg\" \/>\n<meta name=\"twitter:card\" content=\"summary_large_image\" \/>\n<meta name=\"twitter:label1\" content=\"Est. reading time\" \/>\n\t<meta name=\"twitter:data1\" content=\"2 minutes\" \/>\n<script type=\"application\/ld+json\" class=\"yoast-schema-graph\">{\"@context\":\"https:\\\/\\\/schema.org\",\"@graph\":[{\"@type\":\"WebPage\",\"@id\":\"https:\\\/\\\/www.casarredo.it\\\/en\\\/prodotto\\\/chair-65-artek\\\/\",\"url\":\"https:\\\/\\\/www.casarredo.it\\\/en\\\/prodotto\\\/chair-65-artek\\\/\",\"name\":\"CHAIR 65 ARTEK &#8212; Casarredo.it\",\"isPartOf\":{\"@id\":\"https:\\\/\\\/www.casarredo.it\\\/en\\\/#website\"},\"primaryImageOfPage\":{\"@id\":\"https:\\\/\\\/www.casarredo.it\\\/en\\\/prodotto\\\/chair-65-artek\\\/#primaryimage\"},\"image\":{\"@id\":\"https:\\\/\\\/www.casarredo.it\\\/en\\\/prodotto\\\/chair-65-artek\\\/#primaryimage\"},\"thumbnailUrl\":\"https:\\\/\\\/www.casarredo.it\\\/wp-content\\\/uploads\\\/2021\\\/10\\\/CHAIR-65-NAT.jpg\",\"datePublished\":\"2021-10-25T17:35:27+00:00\",\"dateModified\":\"2025-05-06T13:03:29+00:00\",\"description\":\"Chair 65 di Artek \u00e8 una delle molte sedie per tavolo da pranzo disegnate da Alvar Aalto negli anni \u201930. Realizzato utilizzando un singolo pezzo di multistrato di betulla, lo schienale \u00e8 pi\u00f9 basso del solito e leggermente curvato e rende la sedia particolarmente comoda\",\"breadcrumb\":{\"@id\":\"https:\\\/\\\/www.casarredo.it\\\/en\\\/prodotto\\\/chair-65-artek\\\/#breadcrumb\"},\"inLanguage\":\"en-US\",\"potentialAction\":[{\"@type\":\"ReadAction\",\"target\":[\"https:\\\/\\\/www.casarredo.it\\\/en\\\/prodotto\\\/chair-65-artek\\\/\"]}]},{\"@type\":\"ImageObject\",\"inLanguage\":\"en-US\",\"@id\":\"https:\\\/\\\/www.casarredo.it\\\/en\\\/prodotto\\\/chair-65-artek\\\/#primaryimage\",\"url\":\"https:\\\/\\\/www.casarredo.it\\\/wp-content\\\/uploads\\\/2021\\\/10\\\/CHAIR-65-NAT.jpg\",\"contentUrl\":\"https:\\\/\\\/www.casarredo.it\\\/wp-content\\\/uploads\\\/2021\\\/10\\\/CHAIR-65-NAT.jpg\",\"width\":840,\"height\":630},{\"@type\":\"BreadcrumbList\",\"@id\":\"https:\\\/\\\/www.casarredo.it\\\/en\\\/prodotto\\\/chair-65-artek\\\/#breadcrumb\",\"itemListElement\":[{\"@type\":\"ListItem\",\"position\":1,\"name\":\"Home\",\"item\":\"https:\\\/\\\/www.casarredo.it\\\/en\\\/\"},{\"@type\":\"ListItem\",\"position\":2,\"name\":\"Shop online\",\"item\":\"https:\\\/\\\/www.casarredo.it\\\/en\\\/shop\\\/\"},{\"@type\":\"ListItem\",\"position\":3,\"name\":\"CHAIR 65 ARTEK\"}]},{\"@type\":\"WebSite\",\"@id\":\"https:\\\/\\\/www.casarredo.it\\\/en\\\/#website\",\"url\":\"https:\\\/\\\/www.casarredo.it\\\/en\\\/\",\"name\":\"Casarredo.it\",\"description\":\"Design da vivere\",\"publisher\":{\"@id\":\"https:\\\/\\\/www.casarredo.it\\\/en\\\/#organization\"},\"potentialAction\":[{\"@type\":\"SearchAction\",\"target\":{\"@type\":\"EntryPoint\",\"urlTemplate\":\"https:\\\/\\\/www.casarredo.it\\\/en\\\/?s={search_term_string}\"},\"query-input\":{\"@type\":\"PropertyValueSpecification\",\"valueRequired\":true,\"valueName\":\"search_term_string\"}}],\"inLanguage\":\"en-US\"},{\"@type\":\"Organization\",\"@id\":\"https:\\\/\\\/www.casarredo.it\\\/en\\\/#organization\",\"name\":\"casarredo srl\",\"url\":\"https:\\\/\\\/www.casarredo.it\\\/en\\\/\",\"logo\":{\"@type\":\"ImageObject\",\"inLanguage\":\"en-US\",\"@id\":\"https:\\\/\\\/www.casarredo.it\\\/en\\\/#\\\/schema\\\/logo\\\/image\\\/\",\"url\":\"https:\\\/\\\/www.casarredo.it\\\/wp-content\\\/uploads\\\/2018\\\/05\\\/vanity-scaled.jpg\",\"contentUrl\":\"https:\\\/\\\/www.casarredo.it\\\/wp-content\\\/uploads\\\/2018\\\/05\\\/vanity-scaled.jpg\",\"width\":2560,\"height\":1848,\"caption\":\"casarredo srl\"},\"image\":{\"@id\":\"https:\\\/\\\/www.casarredo.it\\\/en\\\/#\\\/schema\\\/logo\\\/image\\\/\"},\"sameAs\":[\"https:\\\/\\\/www.facebook.com\\\/Casarredo-632870513490892\",\"https:\\\/\\\/www.instagram.com\\\/casarredo_fano\\\/\"]}]}<\/script>\n<!-- \/ Yoast SEO plugin. -->","yoast_head_json":{"title":"CHAIR 65 ARTEK &#8212; Casarredo.it","description":"Chair 65 di Artek \u00e8 una delle molte sedie per tavolo da pranzo disegnate da Alvar Aalto negli anni \u201930. Realizzato utilizzando un singolo pezzo di multistrato di betulla, lo schienale \u00e8 pi\u00f9 basso del solito e leggermente curvato e rende la sedia particolarmente comoda","robots":{"index":"index","follow":"follow","max-snippet":"max-snippet:-1","max-image-preview":"max-image-preview:large","max-video-preview":"max-video-preview:-1"},"canonical":"https:\/\/www.casarredo.it\/en\/prodotto\/chair-65-artek\/","og_locale":"en_US","og_type":"article","og_title":"CHAIR 65 ARTEK &#8212; Casarredo.it","og_description":"Chair 65 di Artek \u00e8 una delle molte sedie per tavolo da pranzo disegnate da Alvar Aalto negli anni \u201930. Realizzato utilizzando un singolo pezzo di multistrato di betulla, lo schienale \u00e8 pi\u00f9 basso del solito e leggermente curvato e rende la sedia particolarmente comoda","og_url":"https:\/\/www.casarredo.it\/en\/prodotto\/chair-65-artek\/","og_site_name":"Casarredo.it","article_publisher":"https:\/\/www.facebook.com\/Casarredo-632870513490892","article_modified_time":"2025-05-06T13:03:29+00:00","og_image":[{"width":840,"height":630,"url":"https:\/\/www.casarredo.it\/wp-content\/uploads\/2021\/10\/CHAIR-65-NAT.jpg","type":"image\/jpeg"}],"twitter_card":"summary_large_image","twitter_misc":{"Est. reading time":"2 minutes"},"schema":{"@context":"https:\/\/schema.org","@graph":[{"@type":"WebPage","@id":"https:\/\/www.casarredo.it\/en\/prodotto\/chair-65-artek\/","url":"https:\/\/www.casarredo.it\/en\/prodotto\/chair-65-artek\/","name":"CHAIR 65 ARTEK &#8212; Casarredo.it","isPartOf":{"@id":"https:\/\/www.casarredo.it\/en\/#website"},"primaryImageOfPage":{"@id":"https:\/\/www.casarredo.it\/en\/prodotto\/chair-65-artek\/#primaryimage"},"image":{"@id":"https:\/\/www.casarredo.it\/en\/prodotto\/chair-65-artek\/#primaryimage"},"thumbnailUrl":"https:\/\/www.casarredo.it\/wp-content\/uploads\/2021\/10\/CHAIR-65-NAT.jpg","datePublished":"2021-10-25T17:35:27+00:00","dateModified":"2025-05-06T13:03:29+00:00","description":"Chair 65 di Artek \u00e8 una delle molte sedie per tavolo da pranzo disegnate da Alvar Aalto negli anni \u201930. Realizzato utilizzando un singolo pezzo di multistrato di betulla, lo schienale \u00e8 pi\u00f9 basso del solito e leggermente curvato e rende la sedia particolarmente comoda","breadcrumb":{"@id":"https:\/\/www.casarredo.it\/en\/prodotto\/chair-65-artek\/#breadcrumb"},"inLanguage":"en-US","potentialAction":[{"@type":"ReadAction","target":["https:\/\/www.casarredo.it\/en\/prodotto\/chair-65-artek\/"]}]},{"@type":"ImageObject","inLanguage":"en-US","@id":"https:\/\/www.casarredo.it\/en\/prodotto\/chair-65-artek\/#primaryimage","url":"https:\/\/www.casarredo.it\/wp-content\/uploads\/2021\/10\/CHAIR-65-NAT.jpg","contentUrl":"https:\/\/www.casarredo.it\/wp-content\/uploads\/2021\/10\/CHAIR-65-NAT.jpg","width":840,"height":630},{"@type":"BreadcrumbList","@id":"https:\/\/www.casarredo.it\/en\/prodotto\/chair-65-artek\/#breadcrumb","itemListElement":[{"@type":"ListItem","position":1,"name":"Home","item":"https:\/\/www.casarredo.it\/en\/"},{"@type":"ListItem","position":2,"name":"Shop online","item":"https:\/\/www.casarredo.it\/en\/shop\/"},{"@type":"ListItem","position":3,"name":"CHAIR 65 ARTEK"}]},{"@type":"WebSite","@id":"https:\/\/www.casarredo.it\/en\/#website","url":"https:\/\/www.casarredo.it\/en\/","name":"Casarredo.it","description":"Design da vivere","publisher":{"@id":"https:\/\/www.casarredo.it\/en\/#organization"},"potentialAction":[{"@type":"SearchAction","target":{"@type":"EntryPoint","urlTemplate":"https:\/\/www.casarredo.it\/en\/?s={search_term_string}"},"query-input":{"@type":"PropertyValueSpecification","valueRequired":true,"valueName":"search_term_string"}}],"inLanguage":"en-US"},{"@type":"Organization","@id":"https:\/\/www.casarredo.it\/en\/#organization","name":"casarredo srl","url":"https:\/\/www.casarredo.it\/en\/","logo":{"@type":"ImageObject","inLanguage":"en-US","@id":"https:\/\/www.casarredo.it\/en\/#\/schema\/logo\/image\/","url":"https:\/\/www.casarredo.it\/wp-content\/uploads\/2018\/05\/vanity-scaled.jpg","contentUrl":"https:\/\/www.casarredo.it\/wp-content\/uploads\/2018\/05\/vanity-scaled.jpg","width":2560,"height":1848,"caption":"casarredo srl"},"image":{"@id":"https:\/\/www.casarredo.it\/en\/#\/schema\/logo\/image\/"},"sameAs":["https:\/\/www.facebook.com\/Casarredo-632870513490892","https:\/\/www.instagram.com\/casarredo_fano\/"]}]}},"_links":{"self":[{"href":"https:\/\/www.casarredo.it\/en\/wp-json\/wp\/v2\/product\/27812","targetHints":{"allow":["GET"]}}],"collection":[{"href":"https:\/\/www.casarredo.it\/en\/wp-json\/wp\/v2\/product"}],"about":[{"href":"https:\/\/www.casarredo.it\/en\/wp-json\/wp\/v2\/types\/product"}],"wp:featuredmedia":[{"embeddable":true,"href":"https:\/\/www.casarredo.it\/en\/wp-json\/wp\/v2\/media\/27818"}],"wp:attachment":[{"href":"https:\/\/www.casarredo.it\/en\/wp-json\/wp\/v2\/media?parent=27812"}],"wp:term":[{"taxonomy":"product_brand","embeddable":true,"href":"https:\/\/www.casarredo.it\/en\/wp-json\/wp\/v2\/product_brand?post=27812"},{"taxonomy":"product_cat","embeddable":true,"href":"https:\/\/www.casarredo.it\/en\/wp-json\/wp\/v2\/product_cat?post=27812"},{"taxonomy":"product_tag","embeddable":true,"href":"https:\/\/www.casarredo.it\/en\/wp-json\/wp\/v2\/product_tag?post=27812"}],"curies":[{"name":"wp","href":"https:\/\/api.w.org\/{rel}","templated":true}]}}