{"id":26022,"date":"2021-05-29T16:32:16","date_gmt":"2021-05-29T14:32:16","guid":{"rendered":"https:\/\/www.casarredo.it\/?post_type=product&#038;p=26022"},"modified":"2025-01-27T17:51:38","modified_gmt":"2025-01-27T16:51:38","slug":"taccia-pmma-lampada-tavolo-castiglioni-1962-flos-ln","status":"publish","type":"product","link":"https:\/\/www.casarredo.it\/en\/prodotto\/taccia-pmma-lampada-tavolo-castiglioni-1962-flos-ln\/","title":{"rendered":"TACCIA PMMA LAMPADA TAVOLO CASTIGLIONI 1962 FLOS"},"content":{"rendered":"<p><\/p>\n<h1>TACCIA LAMPADA CASTIGLIONI FLOS<\/h1>\n<h2>LAMPADA TAVOLO TACCIA<\/h2>\n<p>Ideata dai fratelli Castiglioni, la lampada Taccia fa parte dei grandi classici dell&#8217;illuminaizone. Esce dagli atelier Flos nel 1962 e appare come un grande proiettore (altezza 54 cm, diametro del diffusore 49,5 cm). Taccia celebra il design industriale caro ai nostri due designer italiani. Questa lampada \u00e8 composta da una base in alluminio striato sulla quale \u00e8 articolata una campana di pmma. Un disco in alluminio verniciato ricopre la campana e, come uno schermo, riflette la lampadina nascosta nel corpo della lampada. Taccia diffonde una luce indiretta di grande qualit\u00e0 che si pu\u00f2 dirigere esattamente l\u00e0 dove si vuole grazie alla campana di vetro orientabile. Vera e propria icona del design, le qualit\u00e0 estetiche di Taccia rimangono immutabili nel tempo: posizionata su un mobile o su un pavimento, apporta uno spirito loft tipico d&#8217;avanguardia. Achille Castiglioni ha detto di Taccia nel 1970 che rappresenta &#8221;la Mercedes delle lampade, un simbolo di successo: forse perch\u00e8 ricorda una colonna classica&#8221;. Si declina in due colori: corpo argento o corpo nero.<\/p>\n<div class=\"detailed\">\n<div class=\"detailed-label\">In dettaglio :<\/div>\n<div class=\"detailed-caracteristics\">\n<ul>\n<li class=\"\">\n<div><span class=\"product-caracteristics-label\">Colore : <\/span><span class=\"product-caracteristics-value\">Nero<\/span><\/div>\n<\/li>\n<li class=\"\">\n<div><span class=\"product-caracteristics-label\">Materiale : <\/span><span class=\"product-caracteristics-value\">Diffusore :pmma e disco in alluminio verniciato bianco &#8211; Base : alluminio<\/span><\/div>\n<\/li>\n<li class=\"\">\n<div><span class=\"product-caracteristics-label\">Dimensioni : <\/span><span class=\"product-caracteristics-value\">H. totale 54 cm x H. base 26 cm x \u00d8 diffusore 49.5 cm x \u00d8 base 19 cm<\/span><\/div>\n<\/li>\n<li class=\"two-rows-max\">\n<div><span class=\"product-caracteristics-label\">Caratteristiche : <\/span><span class=\"product-caracteristics-value\">Diffusore orientabile &#8211; luce indiretta e riflessa &#8211; 1 x max 28W &#8211; Lunghezza del cavo elettrico: 238 cm<\/span><\/div>\n<\/li>\n<\/ul>\n<\/div>\n<\/div>\n<p><\/p>\n","protected":false},"excerpt":{"rendered":"<p>TACCIA LAMPADA CASTIGLIONI FLOS LAMPADA TAVOLO TACCIA Ideata dai fratelli Castiglioni, la lampada Taccia fa parte dei grandi classici dell&#8217;illuminaizone. Esce dagli atelier Flos nel 1962 e appare come un grande proiettore (altezza 54 cm, diametro del diffusore 49,5 cm). Taccia celebra il design industriale caro ai nostri due designer italiani. Questa lampada \u00e8 composta [&hellip;]<\/p>\n","protected":false},"featured_media":6686,"template":"","meta":[],"product_brand":[],"product_cat":[370],"product_tag":[1052,373],"class_list":{"0":"post-26022","1":"product","2":"type-product","3":"status-publish","4":"has-post-thumbnail","6":"product_cat-flos","7":"product_tag-castiglioni","8":"product_tag-flos","9":"pa_colore-argento","10":"pa_colore-nero","12":"first","13":"onbackorder","14":"sale","15":"shipping-taxable","16":"purchasable","17":"product-type-simple","18":"add-to-wishlist-after_add_to_cart"},"yoast_head":"<!-- This site is optimized with the Yoast SEO plugin v27.4 - https:\/\/yoast.com\/product\/yoast-seo-wordpress\/ -->\n<title>TACCIA PMMA LAMPADA TAVOLO CASTIGLIONI 1962 FLOS &#8212; Casarredo.it<\/title>\n<meta name=\"description\" content=\"Ideata dai fratelli Castiglioni, la lampada Taccia fa parte dei grandi classici dell&#039;illuminaizone. Esce dagli atelier Flos nel 1962\" \/>\n<meta name=\"robots\" content=\"index, nofollow, max-snippet:-1, max-image-preview:large, max-video-preview:-1\" \/>\n<link rel=\"canonical\" href=\"https:\/\/www.casarredo.it\/en\/prodotto\/taccia-pmma-lampada-tavolo-castiglioni-1962-flos-ln\/\" \/>\n<meta property=\"og:locale\" content=\"en_US\" \/>\n<meta property=\"og:type\" content=\"article\" \/>\n<meta property=\"og:title\" content=\"TACCIA PMMA LAMPADA TAVOLO CASTIGLIONI 1962 FLOS &#8212; Casarredo.it\" \/>\n<meta property=\"og:description\" content=\"Ideata dai fratelli Castiglioni, la lampada Taccia fa parte dei grandi classici dell&#039;illuminaizone. Esce dagli atelier Flos nel 1962\" \/>\n<meta property=\"og:url\" content=\"https:\/\/www.casarredo.it\/en\/prodotto\/taccia-pmma-lampada-tavolo-castiglioni-1962-flos-ln\/\" \/>\n<meta property=\"og:site_name\" content=\"Casarredo.it\" \/>\n<meta property=\"article:publisher\" content=\"https:\/\/www.facebook.com\/Casarredo-632870513490892\" \/>\n<meta property=\"article:modified_time\" content=\"2025-01-27T16:51:38+00:00\" \/>\n<meta property=\"og:image\" content=\"https:\/\/www.casarredo.it\/wp-content\/uploads\/2016\/04\/taccia_big_modificato-1.jpg\" \/>\n\t<meta property=\"og:image:width\" content=\"489\" \/>\n\t<meta property=\"og:image:height\" content=\"399\" \/>\n\t<meta property=\"og:image:type\" content=\"image\/jpeg\" \/>\n<meta name=\"twitter:card\" content=\"summary_large_image\" \/>\n<meta name=\"twitter:label1\" content=\"Est. reading time\" \/>\n\t<meta name=\"twitter:data1\" content=\"2 minutes\" \/>\n<script type=\"application\/ld+json\" class=\"yoast-schema-graph\">{\"@context\":\"https:\\\/\\\/schema.org\",\"@graph\":[{\"@type\":\"WebPage\",\"@id\":\"https:\\\/\\\/www.casarredo.it\\\/en\\\/prodotto\\\/taccia-pmma-lampada-tavolo-castiglioni-1962-flos-ln\\\/\",\"url\":\"https:\\\/\\\/www.casarredo.it\\\/en\\\/prodotto\\\/taccia-pmma-lampada-tavolo-castiglioni-1962-flos-ln\\\/\",\"name\":\"TACCIA PMMA LAMPADA TAVOLO CASTIGLIONI 1962 FLOS &#8212; Casarredo.it\",\"isPartOf\":{\"@id\":\"https:\\\/\\\/www.casarredo.it\\\/en\\\/#website\"},\"primaryImageOfPage\":{\"@id\":\"https:\\\/\\\/www.casarredo.it\\\/en\\\/prodotto\\\/taccia-pmma-lampada-tavolo-castiglioni-1962-flos-ln\\\/#primaryimage\"},\"image\":{\"@id\":\"https:\\\/\\\/www.casarredo.it\\\/en\\\/prodotto\\\/taccia-pmma-lampada-tavolo-castiglioni-1962-flos-ln\\\/#primaryimage\"},\"thumbnailUrl\":\"https:\\\/\\\/www.casarredo.it\\\/wp-content\\\/uploads\\\/2016\\\/04\\\/taccia_big_modificato-1.jpg\",\"datePublished\":\"2021-05-29T14:32:16+00:00\",\"dateModified\":\"2025-01-27T16:51:38+00:00\",\"description\":\"Ideata dai fratelli Castiglioni, la lampada Taccia fa parte dei grandi classici dell'illuminaizone. Esce dagli atelier Flos nel 1962\",\"breadcrumb\":{\"@id\":\"https:\\\/\\\/www.casarredo.it\\\/en\\\/prodotto\\\/taccia-pmma-lampada-tavolo-castiglioni-1962-flos-ln\\\/#breadcrumb\"},\"inLanguage\":\"en-US\",\"potentialAction\":[{\"@type\":\"ReadAction\",\"target\":[\"https:\\\/\\\/www.casarredo.it\\\/en\\\/prodotto\\\/taccia-pmma-lampada-tavolo-castiglioni-1962-flos-ln\\\/\"]}]},{\"@type\":\"ImageObject\",\"inLanguage\":\"en-US\",\"@id\":\"https:\\\/\\\/www.casarredo.it\\\/en\\\/prodotto\\\/taccia-pmma-lampada-tavolo-castiglioni-1962-flos-ln\\\/#primaryimage\",\"url\":\"https:\\\/\\\/www.casarredo.it\\\/wp-content\\\/uploads\\\/2016\\\/04\\\/taccia_big_modificato-1.jpg\",\"contentUrl\":\"https:\\\/\\\/www.casarredo.it\\\/wp-content\\\/uploads\\\/2016\\\/04\\\/taccia_big_modificato-1.jpg\",\"width\":489,\"height\":399},{\"@type\":\"BreadcrumbList\",\"@id\":\"https:\\\/\\\/www.casarredo.it\\\/en\\\/prodotto\\\/taccia-pmma-lampada-tavolo-castiglioni-1962-flos-ln\\\/#breadcrumb\",\"itemListElement\":[{\"@type\":\"ListItem\",\"position\":1,\"name\":\"Home\",\"item\":\"https:\\\/\\\/www.casarredo.it\\\/en\\\/\"},{\"@type\":\"ListItem\",\"position\":2,\"name\":\"Shop online\",\"item\":\"https:\\\/\\\/www.casarredo.it\\\/en\\\/shop\\\/\"},{\"@type\":\"ListItem\",\"position\":3,\"name\":\"TACCIA PMMA LAMPADA TAVOLO CASTIGLIONI 1962 FLOS\"}]},{\"@type\":\"WebSite\",\"@id\":\"https:\\\/\\\/www.casarredo.it\\\/en\\\/#website\",\"url\":\"https:\\\/\\\/www.casarredo.it\\\/en\\\/\",\"name\":\"Casarredo.it\",\"description\":\"Design da vivere\",\"publisher\":{\"@id\":\"https:\\\/\\\/www.casarredo.it\\\/en\\\/#organization\"},\"potentialAction\":[{\"@type\":\"SearchAction\",\"target\":{\"@type\":\"EntryPoint\",\"urlTemplate\":\"https:\\\/\\\/www.casarredo.it\\\/en\\\/?s={search_term_string}\"},\"query-input\":{\"@type\":\"PropertyValueSpecification\",\"valueRequired\":true,\"valueName\":\"search_term_string\"}}],\"inLanguage\":\"en-US\"},{\"@type\":\"Organization\",\"@id\":\"https:\\\/\\\/www.casarredo.it\\\/en\\\/#organization\",\"name\":\"casarredo srl\",\"url\":\"https:\\\/\\\/www.casarredo.it\\\/en\\\/\",\"logo\":{\"@type\":\"ImageObject\",\"inLanguage\":\"en-US\",\"@id\":\"https:\\\/\\\/www.casarredo.it\\\/en\\\/#\\\/schema\\\/logo\\\/image\\\/\",\"url\":\"https:\\\/\\\/www.casarredo.it\\\/wp-content\\\/uploads\\\/2018\\\/05\\\/vanity-scaled.jpg\",\"contentUrl\":\"https:\\\/\\\/www.casarredo.it\\\/wp-content\\\/uploads\\\/2018\\\/05\\\/vanity-scaled.jpg\",\"width\":2560,\"height\":1848,\"caption\":\"casarredo srl\"},\"image\":{\"@id\":\"https:\\\/\\\/www.casarredo.it\\\/en\\\/#\\\/schema\\\/logo\\\/image\\\/\"},\"sameAs\":[\"https:\\\/\\\/www.facebook.com\\\/Casarredo-632870513490892\",\"https:\\\/\\\/www.instagram.com\\\/casarredo_fano\\\/\"]}]}<\/script>\n<!-- \/ Yoast SEO plugin. -->","yoast_head_json":{"title":"TACCIA PMMA LAMPADA TAVOLO CASTIGLIONI 1962 FLOS &#8212; Casarredo.it","description":"Ideata dai fratelli Castiglioni, la lampada Taccia fa parte dei grandi classici dell'illuminaizone. Esce dagli atelier Flos nel 1962","robots":{"index":"index","follow":"nofollow","max-snippet":"max-snippet:-1","max-image-preview":"max-image-preview:large","max-video-preview":"max-video-preview:-1"},"canonical":"https:\/\/www.casarredo.it\/en\/prodotto\/taccia-pmma-lampada-tavolo-castiglioni-1962-flos-ln\/","og_locale":"en_US","og_type":"article","og_title":"TACCIA PMMA LAMPADA TAVOLO CASTIGLIONI 1962 FLOS &#8212; Casarredo.it","og_description":"Ideata dai fratelli Castiglioni, la lampada Taccia fa parte dei grandi classici dell'illuminaizone. Esce dagli atelier Flos nel 1962","og_url":"https:\/\/www.casarredo.it\/en\/prodotto\/taccia-pmma-lampada-tavolo-castiglioni-1962-flos-ln\/","og_site_name":"Casarredo.it","article_publisher":"https:\/\/www.facebook.com\/Casarredo-632870513490892","article_modified_time":"2025-01-27T16:51:38+00:00","og_image":[{"width":489,"height":399,"url":"https:\/\/www.casarredo.it\/wp-content\/uploads\/2016\/04\/taccia_big_modificato-1.jpg","type":"image\/jpeg"}],"twitter_card":"summary_large_image","twitter_misc":{"Est. reading time":"2 minutes"},"schema":{"@context":"https:\/\/schema.org","@graph":[{"@type":"WebPage","@id":"https:\/\/www.casarredo.it\/en\/prodotto\/taccia-pmma-lampada-tavolo-castiglioni-1962-flos-ln\/","url":"https:\/\/www.casarredo.it\/en\/prodotto\/taccia-pmma-lampada-tavolo-castiglioni-1962-flos-ln\/","name":"TACCIA PMMA LAMPADA TAVOLO CASTIGLIONI 1962 FLOS &#8212; Casarredo.it","isPartOf":{"@id":"https:\/\/www.casarredo.it\/en\/#website"},"primaryImageOfPage":{"@id":"https:\/\/www.casarredo.it\/en\/prodotto\/taccia-pmma-lampada-tavolo-castiglioni-1962-flos-ln\/#primaryimage"},"image":{"@id":"https:\/\/www.casarredo.it\/en\/prodotto\/taccia-pmma-lampada-tavolo-castiglioni-1962-flos-ln\/#primaryimage"},"thumbnailUrl":"https:\/\/www.casarredo.it\/wp-content\/uploads\/2016\/04\/taccia_big_modificato-1.jpg","datePublished":"2021-05-29T14:32:16+00:00","dateModified":"2025-01-27T16:51:38+00:00","description":"Ideata dai fratelli Castiglioni, la lampada Taccia fa parte dei grandi classici dell'illuminaizone. Esce dagli atelier Flos nel 1962","breadcrumb":{"@id":"https:\/\/www.casarredo.it\/en\/prodotto\/taccia-pmma-lampada-tavolo-castiglioni-1962-flos-ln\/#breadcrumb"},"inLanguage":"en-US","potentialAction":[{"@type":"ReadAction","target":["https:\/\/www.casarredo.it\/en\/prodotto\/taccia-pmma-lampada-tavolo-castiglioni-1962-flos-ln\/"]}]},{"@type":"ImageObject","inLanguage":"en-US","@id":"https:\/\/www.casarredo.it\/en\/prodotto\/taccia-pmma-lampada-tavolo-castiglioni-1962-flos-ln\/#primaryimage","url":"https:\/\/www.casarredo.it\/wp-content\/uploads\/2016\/04\/taccia_big_modificato-1.jpg","contentUrl":"https:\/\/www.casarredo.it\/wp-content\/uploads\/2016\/04\/taccia_big_modificato-1.jpg","width":489,"height":399},{"@type":"BreadcrumbList","@id":"https:\/\/www.casarredo.it\/en\/prodotto\/taccia-pmma-lampada-tavolo-castiglioni-1962-flos-ln\/#breadcrumb","itemListElement":[{"@type":"ListItem","position":1,"name":"Home","item":"https:\/\/www.casarredo.it\/en\/"},{"@type":"ListItem","position":2,"name":"Shop online","item":"https:\/\/www.casarredo.it\/en\/shop\/"},{"@type":"ListItem","position":3,"name":"TACCIA PMMA LAMPADA TAVOLO CASTIGLIONI 1962 FLOS"}]},{"@type":"WebSite","@id":"https:\/\/www.casarredo.it\/en\/#website","url":"https:\/\/www.casarredo.it\/en\/","name":"Casarredo.it","description":"Design da vivere","publisher":{"@id":"https:\/\/www.casarredo.it\/en\/#organization"},"potentialAction":[{"@type":"SearchAction","target":{"@type":"EntryPoint","urlTemplate":"https:\/\/www.casarredo.it\/en\/?s={search_term_string}"},"query-input":{"@type":"PropertyValueSpecification","valueRequired":true,"valueName":"search_term_string"}}],"inLanguage":"en-US"},{"@type":"Organization","@id":"https:\/\/www.casarredo.it\/en\/#organization","name":"casarredo srl","url":"https:\/\/www.casarredo.it\/en\/","logo":{"@type":"ImageObject","inLanguage":"en-US","@id":"https:\/\/www.casarredo.it\/en\/#\/schema\/logo\/image\/","url":"https:\/\/www.casarredo.it\/wp-content\/uploads\/2018\/05\/vanity-scaled.jpg","contentUrl":"https:\/\/www.casarredo.it\/wp-content\/uploads\/2018\/05\/vanity-scaled.jpg","width":2560,"height":1848,"caption":"casarredo srl"},"image":{"@id":"https:\/\/www.casarredo.it\/en\/#\/schema\/logo\/image\/"},"sameAs":["https:\/\/www.facebook.com\/Casarredo-632870513490892","https:\/\/www.instagram.com\/casarredo_fano\/"]}]}},"_links":{"self":[{"href":"https:\/\/www.casarredo.it\/en\/wp-json\/wp\/v2\/product\/26022","targetHints":{"allow":["GET"]}}],"collection":[{"href":"https:\/\/www.casarredo.it\/en\/wp-json\/wp\/v2\/product"}],"about":[{"href":"https:\/\/www.casarredo.it\/en\/wp-json\/wp\/v2\/types\/product"}],"wp:featuredmedia":[{"embeddable":true,"href":"https:\/\/www.casarredo.it\/en\/wp-json\/wp\/v2\/media\/6686"}],"wp:attachment":[{"href":"https:\/\/www.casarredo.it\/en\/wp-json\/wp\/v2\/media?parent=26022"}],"wp:term":[{"taxonomy":"product_brand","embeddable":true,"href":"https:\/\/www.casarredo.it\/en\/wp-json\/wp\/v2\/product_brand?post=26022"},{"taxonomy":"product_cat","embeddable":true,"href":"https:\/\/www.casarredo.it\/en\/wp-json\/wp\/v2\/product_cat?post=26022"},{"taxonomy":"product_tag","embeddable":true,"href":"https:\/\/www.casarredo.it\/en\/wp-json\/wp\/v2\/product_tag?post=26022"}],"curies":[{"name":"wp","href":"https:\/\/api.w.org\/{rel}","templated":true}]}}