{"id":25688,"date":"2021-04-15T12:46:41","date_gmt":"2021-04-15T10:46:41","guid":{"rendered":"https:\/\/www.casarredo.it\/?post_type=product&#038;p=25688"},"modified":"2025-05-21T19:37:09","modified_gmt":"2025-05-21T17:37:09","slug":"coupe-2202-oluce-2","status":"publish","type":"product","link":"https:\/\/www.casarredo.it\/en\/prodotto\/coupe-2202-oluce-2\/","title":{"rendered":"COUPE 2202 OLUCE"},"content":{"rendered":"<p><\/p>\n<h1>COUPE 2202 OLUCE<\/h1>\n<p>Coup\u00e9 2202 lampada da tavolo\u00a0 disegnata nel 1967 da Joe Colombo per Oluce uno storico marchio italiano . La lampada Coup\u00e9 2202 \u00e8 caratterizzata da un riflettore in alluminio laccato regolabile, un&#8217;asta cromata e una base in metallo verniciato. Coup\u00e9 \u00e8 stata disegnata come variante della lampada Spider, di cui conserva la base e lo stelo. Coup\u00e9 ha ricevuto il premio International Design Award nel 1968 e fa parte della collezione permanente del MoMA di New York e del Neue Sammlung Museum di Monaco di Baviera.<\/p>\n<p><\/p>\n","protected":false},"excerpt":{"rendered":"<p>COUPE 2202 OLUCE Coup\u00e9 2202 lampada da tavolo\u00a0 disegnata nel 1967 da Joe Colombo per Oluce uno storico marchio italiano . La lampada Coup\u00e9 2202 \u00e8 caratterizzata da un riflettore in alluminio laccato regolabile, un&#8217;asta cromata e una base in metallo verniciato. Coup\u00e9 \u00e8 stata disegnata come variante della lampada Spider, di cui conserva la [&hellip;]<\/p>\n","protected":false},"featured_media":25694,"template":"","meta":[],"product_brand":[],"product_cat":[1000,389,399,403,3007,3792],"product_tag":[3008,3009,1363,652],"class_list":{"0":"post-25688","1":"product","2":"type-product","3":"status-publish","4":"has-post-thumbnail","6":"product_cat-da-non-perdere","7":"product_cat-idee-regalo","8":"product_cat-lampada-da-tavolo","9":"product_cat-lampada","10":"product_cat-oluce","11":"product_cat-outlet","12":"product_tag-colombo","13":"product_tag-coupe","14":"product_tag-lampada-tavolo","15":"product_tag-oluce","16":"pa_colore-bianco","17":"pa_colore-nero","19":"first","20":"instock","21":"sale","22":"shipping-taxable","23":"purchasable","24":"product-type-variable","25":"add-to-wishlist-after_add_to_cart"},"yoast_head":"<!-- This site is optimized with the Yoast SEO plugin v27.4 - https:\/\/yoast.com\/product\/yoast-seo-wordpress\/ -->\n<title>COUPE 2202 OLUCE &#8212; Casarredo.it<\/title>\n<meta name=\"description\" content=\"Coup\u00e9 2202 lampada da tavolo\u00a0 disegnata nel 1967 da Joe Colombo per Oluce uno storico marchio italiano . La lampada Coup\u00e9 2202 \u00e8 caratterizzata da un riflettore in alluminio laccato regolabile, un&#039;asta cromata e una base in metallo verniciato.\" \/>\n<meta name=\"robots\" content=\"index, follow, max-snippet:-1, max-image-preview:large, max-video-preview:-1\" \/>\n<link rel=\"canonical\" href=\"https:\/\/www.casarredo.it\/en\/prodotto\/coupe-2202-oluce-2\/\" \/>\n<meta property=\"og:locale\" content=\"en_US\" \/>\n<meta property=\"og:type\" content=\"article\" \/>\n<meta property=\"og:title\" content=\"COUPE 2202 OLUCE &#8212; Casarredo.it\" \/>\n<meta property=\"og:description\" content=\"Coup\u00e9 2202 lampada da tavolo\u00a0 disegnata nel 1967 da Joe Colombo per Oluce uno storico marchio italiano . La lampada Coup\u00e9 2202 \u00e8 caratterizzata da un riflettore in alluminio laccato regolabile, un&#039;asta cromata e una base in metallo verniciato.\" \/>\n<meta property=\"og:url\" content=\"https:\/\/www.casarredo.it\/en\/prodotto\/coupe-2202-oluce-2\/\" \/>\n<meta property=\"og:site_name\" content=\"Casarredo.it\" \/>\n<meta property=\"article:publisher\" content=\"https:\/\/www.facebook.com\/Casarredo-632870513490892\" \/>\n<meta property=\"article:modified_time\" content=\"2025-05-21T17:37:09+00:00\" \/>\n<meta property=\"og:image\" content=\"https:\/\/www.casarredo.it\/wp-content\/uploads\/2021\/04\/coupe-2202.jpg\" \/>\n\t<meta property=\"og:image:width\" content=\"1200\" \/>\n\t<meta property=\"og:image:height\" content=\"1200\" \/>\n\t<meta property=\"og:image:type\" content=\"image\/jpeg\" \/>\n<meta name=\"twitter:card\" content=\"summary_large_image\" \/>\n<meta name=\"twitter:label1\" content=\"Est. reading time\" \/>\n\t<meta name=\"twitter:data1\" content=\"2 minutes\" \/>\n<script type=\"application\/ld+json\" class=\"yoast-schema-graph\">{\"@context\":\"https:\\\/\\\/schema.org\",\"@graph\":[{\"@type\":\"WebPage\",\"@id\":\"https:\\\/\\\/www.casarredo.it\\\/en\\\/prodotto\\\/coupe-2202-oluce-2\\\/\",\"url\":\"https:\\\/\\\/www.casarredo.it\\\/en\\\/prodotto\\\/coupe-2202-oluce-2\\\/\",\"name\":\"COUPE 2202 OLUCE &#8212; Casarredo.it\",\"isPartOf\":{\"@id\":\"https:\\\/\\\/www.casarredo.it\\\/en\\\/#website\"},\"primaryImageOfPage\":{\"@id\":\"https:\\\/\\\/www.casarredo.it\\\/en\\\/prodotto\\\/coupe-2202-oluce-2\\\/#primaryimage\"},\"image\":{\"@id\":\"https:\\\/\\\/www.casarredo.it\\\/en\\\/prodotto\\\/coupe-2202-oluce-2\\\/#primaryimage\"},\"thumbnailUrl\":\"https:\\\/\\\/www.casarredo.it\\\/wp-content\\\/uploads\\\/2021\\\/04\\\/coupe-2202.jpg\",\"datePublished\":\"2021-04-15T10:46:41+00:00\",\"dateModified\":\"2025-05-21T17:37:09+00:00\",\"description\":\"Coup\u00e9 2202 lampada da tavolo\u00a0 disegnata nel 1967 da Joe Colombo per Oluce uno storico marchio italiano . La lampada Coup\u00e9 2202 \u00e8 caratterizzata da un riflettore in alluminio laccato regolabile, un'asta cromata e una base in metallo verniciato.\",\"breadcrumb\":{\"@id\":\"https:\\\/\\\/www.casarredo.it\\\/en\\\/prodotto\\\/coupe-2202-oluce-2\\\/#breadcrumb\"},\"inLanguage\":\"en-US\",\"potentialAction\":[{\"@type\":\"ReadAction\",\"target\":[\"https:\\\/\\\/www.casarredo.it\\\/en\\\/prodotto\\\/coupe-2202-oluce-2\\\/\"]}]},{\"@type\":\"ImageObject\",\"inLanguage\":\"en-US\",\"@id\":\"https:\\\/\\\/www.casarredo.it\\\/en\\\/prodotto\\\/coupe-2202-oluce-2\\\/#primaryimage\",\"url\":\"https:\\\/\\\/www.casarredo.it\\\/wp-content\\\/uploads\\\/2021\\\/04\\\/coupe-2202.jpg\",\"contentUrl\":\"https:\\\/\\\/www.casarredo.it\\\/wp-content\\\/uploads\\\/2021\\\/04\\\/coupe-2202.jpg\",\"width\":1200,\"height\":1200},{\"@type\":\"BreadcrumbList\",\"@id\":\"https:\\\/\\\/www.casarredo.it\\\/en\\\/prodotto\\\/coupe-2202-oluce-2\\\/#breadcrumb\",\"itemListElement\":[{\"@type\":\"ListItem\",\"position\":1,\"name\":\"Home\",\"item\":\"https:\\\/\\\/www.casarredo.it\\\/en\\\/\"},{\"@type\":\"ListItem\",\"position\":2,\"name\":\"Shop online\",\"item\":\"https:\\\/\\\/www.casarredo.it\\\/en\\\/shop\\\/\"},{\"@type\":\"ListItem\",\"position\":3,\"name\":\"COUPE 2202 OLUCE\"}]},{\"@type\":\"WebSite\",\"@id\":\"https:\\\/\\\/www.casarredo.it\\\/en\\\/#website\",\"url\":\"https:\\\/\\\/www.casarredo.it\\\/en\\\/\",\"name\":\"Casarredo.it\",\"description\":\"Design da vivere\",\"publisher\":{\"@id\":\"https:\\\/\\\/www.casarredo.it\\\/en\\\/#organization\"},\"potentialAction\":[{\"@type\":\"SearchAction\",\"target\":{\"@type\":\"EntryPoint\",\"urlTemplate\":\"https:\\\/\\\/www.casarredo.it\\\/en\\\/?s={search_term_string}\"},\"query-input\":{\"@type\":\"PropertyValueSpecification\",\"valueRequired\":true,\"valueName\":\"search_term_string\"}}],\"inLanguage\":\"en-US\"},{\"@type\":\"Organization\",\"@id\":\"https:\\\/\\\/www.casarredo.it\\\/en\\\/#organization\",\"name\":\"casarredo srl\",\"url\":\"https:\\\/\\\/www.casarredo.it\\\/en\\\/\",\"logo\":{\"@type\":\"ImageObject\",\"inLanguage\":\"en-US\",\"@id\":\"https:\\\/\\\/www.casarredo.it\\\/en\\\/#\\\/schema\\\/logo\\\/image\\\/\",\"url\":\"https:\\\/\\\/www.casarredo.it\\\/wp-content\\\/uploads\\\/2018\\\/05\\\/vanity-scaled.jpg\",\"contentUrl\":\"https:\\\/\\\/www.casarredo.it\\\/wp-content\\\/uploads\\\/2018\\\/05\\\/vanity-scaled.jpg\",\"width\":2560,\"height\":1848,\"caption\":\"casarredo srl\"},\"image\":{\"@id\":\"https:\\\/\\\/www.casarredo.it\\\/en\\\/#\\\/schema\\\/logo\\\/image\\\/\"},\"sameAs\":[\"https:\\\/\\\/www.facebook.com\\\/Casarredo-632870513490892\",\"https:\\\/\\\/www.instagram.com\\\/casarredo_fano\\\/\"]}]}<\/script>\n<!-- \/ Yoast SEO plugin. -->","yoast_head_json":{"title":"COUPE 2202 OLUCE &#8212; Casarredo.it","description":"Coup\u00e9 2202 lampada da tavolo\u00a0 disegnata nel 1967 da Joe Colombo per Oluce uno storico marchio italiano . La lampada Coup\u00e9 2202 \u00e8 caratterizzata da un riflettore in alluminio laccato regolabile, un'asta cromata e una base in metallo verniciato.","robots":{"index":"index","follow":"follow","max-snippet":"max-snippet:-1","max-image-preview":"max-image-preview:large","max-video-preview":"max-video-preview:-1"},"canonical":"https:\/\/www.casarredo.it\/en\/prodotto\/coupe-2202-oluce-2\/","og_locale":"en_US","og_type":"article","og_title":"COUPE 2202 OLUCE &#8212; Casarredo.it","og_description":"Coup\u00e9 2202 lampada da tavolo\u00a0 disegnata nel 1967 da Joe Colombo per Oluce uno storico marchio italiano . La lampada Coup\u00e9 2202 \u00e8 caratterizzata da un riflettore in alluminio laccato regolabile, un'asta cromata e una base in metallo verniciato.","og_url":"https:\/\/www.casarredo.it\/en\/prodotto\/coupe-2202-oluce-2\/","og_site_name":"Casarredo.it","article_publisher":"https:\/\/www.facebook.com\/Casarredo-632870513490892","article_modified_time":"2025-05-21T17:37:09+00:00","og_image":[{"width":1200,"height":1200,"url":"https:\/\/www.casarredo.it\/wp-content\/uploads\/2021\/04\/coupe-2202.jpg","type":"image\/jpeg"}],"twitter_card":"summary_large_image","twitter_misc":{"Est. reading time":"2 minutes"},"schema":{"@context":"https:\/\/schema.org","@graph":[{"@type":"WebPage","@id":"https:\/\/www.casarredo.it\/en\/prodotto\/coupe-2202-oluce-2\/","url":"https:\/\/www.casarredo.it\/en\/prodotto\/coupe-2202-oluce-2\/","name":"COUPE 2202 OLUCE &#8212; Casarredo.it","isPartOf":{"@id":"https:\/\/www.casarredo.it\/en\/#website"},"primaryImageOfPage":{"@id":"https:\/\/www.casarredo.it\/en\/prodotto\/coupe-2202-oluce-2\/#primaryimage"},"image":{"@id":"https:\/\/www.casarredo.it\/en\/prodotto\/coupe-2202-oluce-2\/#primaryimage"},"thumbnailUrl":"https:\/\/www.casarredo.it\/wp-content\/uploads\/2021\/04\/coupe-2202.jpg","datePublished":"2021-04-15T10:46:41+00:00","dateModified":"2025-05-21T17:37:09+00:00","description":"Coup\u00e9 2202 lampada da tavolo\u00a0 disegnata nel 1967 da Joe Colombo per Oluce uno storico marchio italiano . La lampada Coup\u00e9 2202 \u00e8 caratterizzata da un riflettore in alluminio laccato regolabile, un'asta cromata e una base in metallo verniciato.","breadcrumb":{"@id":"https:\/\/www.casarredo.it\/en\/prodotto\/coupe-2202-oluce-2\/#breadcrumb"},"inLanguage":"en-US","potentialAction":[{"@type":"ReadAction","target":["https:\/\/www.casarredo.it\/en\/prodotto\/coupe-2202-oluce-2\/"]}]},{"@type":"ImageObject","inLanguage":"en-US","@id":"https:\/\/www.casarredo.it\/en\/prodotto\/coupe-2202-oluce-2\/#primaryimage","url":"https:\/\/www.casarredo.it\/wp-content\/uploads\/2021\/04\/coupe-2202.jpg","contentUrl":"https:\/\/www.casarredo.it\/wp-content\/uploads\/2021\/04\/coupe-2202.jpg","width":1200,"height":1200},{"@type":"BreadcrumbList","@id":"https:\/\/www.casarredo.it\/en\/prodotto\/coupe-2202-oluce-2\/#breadcrumb","itemListElement":[{"@type":"ListItem","position":1,"name":"Home","item":"https:\/\/www.casarredo.it\/en\/"},{"@type":"ListItem","position":2,"name":"Shop online","item":"https:\/\/www.casarredo.it\/en\/shop\/"},{"@type":"ListItem","position":3,"name":"COUPE 2202 OLUCE"}]},{"@type":"WebSite","@id":"https:\/\/www.casarredo.it\/en\/#website","url":"https:\/\/www.casarredo.it\/en\/","name":"Casarredo.it","description":"Design da vivere","publisher":{"@id":"https:\/\/www.casarredo.it\/en\/#organization"},"potentialAction":[{"@type":"SearchAction","target":{"@type":"EntryPoint","urlTemplate":"https:\/\/www.casarredo.it\/en\/?s={search_term_string}"},"query-input":{"@type":"PropertyValueSpecification","valueRequired":true,"valueName":"search_term_string"}}],"inLanguage":"en-US"},{"@type":"Organization","@id":"https:\/\/www.casarredo.it\/en\/#organization","name":"casarredo srl","url":"https:\/\/www.casarredo.it\/en\/","logo":{"@type":"ImageObject","inLanguage":"en-US","@id":"https:\/\/www.casarredo.it\/en\/#\/schema\/logo\/image\/","url":"https:\/\/www.casarredo.it\/wp-content\/uploads\/2018\/05\/vanity-scaled.jpg","contentUrl":"https:\/\/www.casarredo.it\/wp-content\/uploads\/2018\/05\/vanity-scaled.jpg","width":2560,"height":1848,"caption":"casarredo srl"},"image":{"@id":"https:\/\/www.casarredo.it\/en\/#\/schema\/logo\/image\/"},"sameAs":["https:\/\/www.facebook.com\/Casarredo-632870513490892","https:\/\/www.instagram.com\/casarredo_fano\/"]}]}},"_links":{"self":[{"href":"https:\/\/www.casarredo.it\/en\/wp-json\/wp\/v2\/product\/25688","targetHints":{"allow":["GET"]}}],"collection":[{"href":"https:\/\/www.casarredo.it\/en\/wp-json\/wp\/v2\/product"}],"about":[{"href":"https:\/\/www.casarredo.it\/en\/wp-json\/wp\/v2\/types\/product"}],"wp:featuredmedia":[{"embeddable":true,"href":"https:\/\/www.casarredo.it\/en\/wp-json\/wp\/v2\/media\/25694"}],"wp:attachment":[{"href":"https:\/\/www.casarredo.it\/en\/wp-json\/wp\/v2\/media?parent=25688"}],"wp:term":[{"taxonomy":"product_brand","embeddable":true,"href":"https:\/\/www.casarredo.it\/en\/wp-json\/wp\/v2\/product_brand?post=25688"},{"taxonomy":"product_cat","embeddable":true,"href":"https:\/\/www.casarredo.it\/en\/wp-json\/wp\/v2\/product_cat?post=25688"},{"taxonomy":"product_tag","embeddable":true,"href":"https:\/\/www.casarredo.it\/en\/wp-json\/wp\/v2\/product_tag?post=25688"}],"curies":[{"name":"wp","href":"https:\/\/api.w.org\/{rel}","templated":true}]}}