{"id":25668,"date":"2021-04-14T11:56:40","date_gmt":"2021-04-14T09:56:40","guid":{"rendered":"https:\/\/www.casarredo.it\/?post_type=product&#038;p=25668"},"modified":"2025-05-06T17:01:52","modified_gmt":"2025-05-06T15:01:52","slug":"sonora-411-oluce","status":"publish","type":"product","link":"https:\/\/www.casarredo.it\/en\/prodotto\/sonora-411-oluce\/","title":{"rendered":"SONORA 411 OLUCE"},"content":{"rendered":"<div class=\"wpb-content-wrapper\"><p><\/p>\n<h1>SONORA 411 OLUCE<\/h1>\n<div class=\"wpb_column vc_column_container vc_col-sm-8\">\n<div class=\"vc_column-inner \">\n<div class=\"wpb_wrapper\">\n<div class=\"kleo_text_column wpb_content_element \">\n<div class=\"wpb_wrapper\">\n<h2 class=\"sottotitolo-prodotto\">SONORA Design Vico Magistretti, 1976<\/h2>\n<\/div>\n<\/div>\n<\/div>\n<\/div>\n<\/div>\n<div id=\"PRODUCT_SEARCH\" class=\"vc_row wpb_row vc_inner vc_row-fluid\">\n<div class=\"wpb_column vc_column_container vc_col-sm-4\">\n<div class=\"vc_column-inner \">\n<div class=\"wpb_wrapper\">\n<div class=\"vc_wp_search wpb_content_element\">\n<div class=\"widget widget_search\"><\/div>\n<\/div>\n<\/div>\n<\/div>\n<\/div>\n<\/div>\n<div class=\"vc_row wpb_row vc_inner vc_row-fluid\">\n<div class=\"wpb_column vc_column_container vc_col-sm-8\">\n<div class=\"vc_column-inner \">\n<div class=\"wpb_wrapper\">\n<div class=\"kleo_text_column wpb_content_element \">\n<div class=\"wpb_wrapper\">\n<p>Sonora. La storia di Sonora \u00e8 la storia di una forma geometrica pura, perseguita da Magistretti per tutta la vita. Il percorso creativo seguito dall\u2019architetto e designer nei suoi progetti \u00e8 infatti un percorso assolutamente peculiare: costante compagna di strada \u00e8 per lui la geometria, principio ispiratore, sempre e comunque, la semplificazione. Classe 1976, declinata in numerosi materiali e dimensioni, la Sonora \u00e8 uno degli emblemi di questo percorso creativo ed \u00e8 rimasta, nel corso dei suoi 40 anni, una delle lampade pi\u00f9 amate non solo dal pubblico ma anche da Magistretti stesso.<\/p>\n<h3><strong>Dati tecnici<\/strong><\/h3>\n<p>Lampada a sospensione a luce diretta e diffusa, in vetro soffiato di Murano.<\/p>\n<\/div>\n<\/div>\n<\/div>\n<\/div>\n<\/div>\n<div class=\"wpb_column vc_column_container vc_col-sm-4\">\n<div class=\"vc_column-inner \">\n<div class=\"wpb_wrapper\"><\/div>\n<\/div>\n<\/div>\n<\/div>\n<div class=\"vc_row wpb_row vc_inner vc_row-fluid\">\n<div class=\"wpb_column vc_column_container vc_col-sm-12\">\n<div class=\"vc_column-inner \">\n<div class=\"wpb_wrapper\">\n<div class=\"wpb_single_image wpb_content_element vc_align_center img-scheda\">\n<figure class=\"wpb_wrapper vc_figure\">\n<div class=\"vc_single_image-wrapper vc_box_border_grey\"><img loading=\"lazy\" decoding=\"async\" class=\"vc_single_image-img attachment-large\" src=\"https:\/\/www.oluce.com\/wp-content\/uploads\/2017\/07\/img-tecnica-Sonora411-438.jpg\" sizes=\"auto, (max-width: 611px) 100vw, 611px\" srcset=\"https:\/\/www.oluce.com\/wp-content\/uploads\/2017\/07\/img-tecnica-Sonora411-438.jpg 611w, https:\/\/www.oluce.com\/wp-content\/uploads\/2017\/07\/img-tecnica-Sonora411-438-300x129.jpg 300w\" alt=\"\" width=\"611\" height=\"263\" \/><\/div>\n<\/figure>\n<\/div>\n<\/div>\n<\/div>\n<\/div>\n<\/div>\n<div id=\"GRID_LAMP_INFO_CONTAINER\" class=\"vc_row wpb_row vc_inner vc_row-fluid\">\n<div class=\"wpb_column vc_column_container vc_col-sm-12\">\n<div class=\"vc_column-inner \">\n<div class=\"wpb_wrapper\">\n<div class=\"kleo_text_column wpb_content_element \">\n<div class=\"wpb_wrapper\">\n<h3>Informazioni tecniche<\/h3>\n<\/div>\n<\/div>\n<div class=\"wpb_raw_code wpb_content_element wpb_raw_html\">\n<div class=\"wpb_wrapper\">\n<div class=\"table-responsive\">\n<table id=\"mytable\" class=\"table table-bordred table-striped\">\n<thead>\n<tr>\n<th>CODICE<\/th>\n<th>SORGENTI<\/th>\n<th>MATERIALI<\/th>\n<th>COLORE<\/th>\n<th>MARCHI<\/th>\n<\/tr>\n<\/thead>\n<tbody id=\"GRID_LAMP_DATA_TABLE\">\n<tr>\n<td>411<\/td>\n<td>2 x max 100 W (E27)<\/td>\n<td>Metallo \/ Vetro soffiato<\/td>\n<td>Opale acidato<\/td>\n<td><img decoding=\"async\" title=\"Marchio CE\" src=\"https:\/\/www.oluce.com\/wp-content\/uploads\/2017\/08\/certificazioni-ce.png\" alt=\"Marchio CE\" border=\"0\" \/><img decoding=\"async\" title=\"Marchio CB\" src=\"https:\/\/www.oluce.com\/wp-content\/uploads\/2017\/08\/certificazioni-cb.png\" alt=\"Marchio CB\" border=\"0\" \/><img decoding=\"async\" title=\"Marchio UL\" src=\"https:\/\/www.oluce.com\/wp-content\/uploads\/2017\/08\/certificazioni-ul.png\" alt=\"Marchio UL\" border=\"0\" \/><\/td>\n<\/tr>\n<\/tbody>\n<\/table>\n<\/div>\n<\/div>\n<\/div>\n<\/div>\n<\/div>\n<\/div>\n<\/div>\n<p><\/p>\n<\/div>","protected":false},"excerpt":{"rendered":"<p>SONORA 411 OLUCE SONORA Design Vico Magistretti, 1976 Sonora. La storia di Sonora \u00e8 la storia di una forma geometrica pura, perseguita da Magistretti per tutta la vita. Il percorso creativo seguito dall\u2019architetto e designer nei suoi progetti \u00e8 infatti un percorso assolutamente peculiare: costante compagna di strada \u00e8 per lui la geometria, principio ispiratore, [&hellip;]<\/p>\n","protected":false},"featured_media":25669,"template":"","meta":[],"product_brand":[],"product_cat":[655,403],"product_tag":[1281,1008,3005,652,3006,3004],"class_list":{"0":"post-25668","1":"product","2":"type-product","3":"status-publish","4":"has-post-thumbnail","6":"product_cat-lampada-sospensione","7":"product_cat-lampada","8":"product_tag-lampada","9":"product_tag-lampade-sospensione","10":"product_tag-magistretti","11":"product_tag-oluce","12":"product_tag-opalino","13":"product_tag-sonora","14":"product_shipping_class-standard","15":"pa_colore-ottone","16":"pa_dimensioni-senza-imballo-cm-38","17":"pa_dimensioni-senza-imballo-cm-50","18":"pa_dimensioni-senza-imballo-cm-90","19":"pa_finitura-tessuto-s","21":"first","22":"onbackorder","23":"sale","24":"shipping-taxable","25":"purchasable","26":"product-type-variable","27":"add-to-wishlist-after_add_to_cart"},"yoast_head":"<!-- This site is optimized with the Yoast SEO plugin v27.4 - https:\/\/yoast.com\/product\/yoast-seo-wordpress\/ -->\n<title>SONORA 411 OLUCE &#8212; Casarredo.it<\/title>\n<meta name=\"description\" content=\"Sonora.La storia di Sonora \u00e8 la storia di una forma geometrica pura, perseguita da Magistretti per tutta la vita. Il percorso creativo seguito dall\u2019architetto e designer nei suoi progetti \u00e8 infatti un percorso assolutamente peculiare: costante compagna di strada \u00e8 per lui la geometria, principio ispiratore, sempre e comunque, la semplificazione.\" \/>\n<meta name=\"robots\" content=\"index, follow, max-snippet:-1, max-image-preview:large, max-video-preview:-1\" \/>\n<link rel=\"canonical\" href=\"https:\/\/www.casarredo.it\/en\/prodotto\/sonora-411-oluce\/\" \/>\n<meta property=\"og:locale\" content=\"en_US\" \/>\n<meta property=\"og:type\" content=\"article\" \/>\n<meta property=\"og:title\" content=\"SONORA 411 OLUCE &#8212; Casarredo.it\" \/>\n<meta property=\"og:description\" content=\"Sonora.La storia di Sonora \u00e8 la storia di una forma geometrica pura, perseguita da Magistretti per tutta la vita. Il percorso creativo seguito dall\u2019architetto e designer nei suoi progetti \u00e8 infatti un percorso assolutamente peculiare: costante compagna di strada \u00e8 per lui la geometria, principio ispiratore, sempre e comunque, la semplificazione.\" \/>\n<meta property=\"og:url\" content=\"https:\/\/www.casarredo.it\/en\/prodotto\/sonora-411-oluce\/\" \/>\n<meta property=\"og:site_name\" content=\"Casarredo.it\" \/>\n<meta property=\"article:publisher\" content=\"https:\/\/www.facebook.com\/Casarredo-632870513490892\" \/>\n<meta property=\"article:modified_time\" content=\"2025-05-06T15:01:52+00:00\" \/>\n<meta property=\"og:image\" content=\"https:\/\/www.casarredo.it\/wp-content\/uploads\/2021\/04\/sonora-oluce.jpg\" \/>\n\t<meta property=\"og:image:width\" content=\"1200\" \/>\n\t<meta property=\"og:image:height\" content=\"900\" \/>\n\t<meta property=\"og:image:type\" content=\"image\/jpeg\" \/>\n<meta name=\"twitter:card\" content=\"summary_large_image\" \/>\n<meta name=\"twitter:label1\" content=\"Est. reading time\" \/>\n\t<meta name=\"twitter:data1\" content=\"3 minutes\" \/>\n<script type=\"application\/ld+json\" class=\"yoast-schema-graph\">{\"@context\":\"https:\\\/\\\/schema.org\",\"@graph\":[{\"@type\":\"WebPage\",\"@id\":\"https:\\\/\\\/www.casarredo.it\\\/en\\\/prodotto\\\/sonora-411-oluce\\\/\",\"url\":\"https:\\\/\\\/www.casarredo.it\\\/en\\\/prodotto\\\/sonora-411-oluce\\\/\",\"name\":\"SONORA 411 OLUCE &#8212; Casarredo.it\",\"isPartOf\":{\"@id\":\"https:\\\/\\\/www.casarredo.it\\\/en\\\/#website\"},\"primaryImageOfPage\":{\"@id\":\"https:\\\/\\\/www.casarredo.it\\\/en\\\/prodotto\\\/sonora-411-oluce\\\/#primaryimage\"},\"image\":{\"@id\":\"https:\\\/\\\/www.casarredo.it\\\/en\\\/prodotto\\\/sonora-411-oluce\\\/#primaryimage\"},\"thumbnailUrl\":\"https:\\\/\\\/www.casarredo.it\\\/wp-content\\\/uploads\\\/2021\\\/04\\\/sonora-oluce.jpg\",\"datePublished\":\"2021-04-14T09:56:40+00:00\",\"dateModified\":\"2025-05-06T15:01:52+00:00\",\"description\":\"Sonora.La storia di Sonora \u00e8 la storia di una forma geometrica pura, perseguita da Magistretti per tutta la vita. Il percorso creativo seguito dall\u2019architetto e designer nei suoi progetti \u00e8 infatti un percorso assolutamente peculiare: costante compagna di strada \u00e8 per lui la geometria, principio ispiratore, sempre e comunque, la semplificazione.\",\"breadcrumb\":{\"@id\":\"https:\\\/\\\/www.casarredo.it\\\/en\\\/prodotto\\\/sonora-411-oluce\\\/#breadcrumb\"},\"inLanguage\":\"en-US\",\"potentialAction\":[{\"@type\":\"ReadAction\",\"target\":[\"https:\\\/\\\/www.casarredo.it\\\/en\\\/prodotto\\\/sonora-411-oluce\\\/\"]}]},{\"@type\":\"ImageObject\",\"inLanguage\":\"en-US\",\"@id\":\"https:\\\/\\\/www.casarredo.it\\\/en\\\/prodotto\\\/sonora-411-oluce\\\/#primaryimage\",\"url\":\"https:\\\/\\\/www.casarredo.it\\\/wp-content\\\/uploads\\\/2021\\\/04\\\/sonora-oluce.jpg\",\"contentUrl\":\"https:\\\/\\\/www.casarredo.it\\\/wp-content\\\/uploads\\\/2021\\\/04\\\/sonora-oluce.jpg\",\"width\":1200,\"height\":900},{\"@type\":\"BreadcrumbList\",\"@id\":\"https:\\\/\\\/www.casarredo.it\\\/en\\\/prodotto\\\/sonora-411-oluce\\\/#breadcrumb\",\"itemListElement\":[{\"@type\":\"ListItem\",\"position\":1,\"name\":\"Home\",\"item\":\"https:\\\/\\\/www.casarredo.it\\\/en\\\/\"},{\"@type\":\"ListItem\",\"position\":2,\"name\":\"Shop online\",\"item\":\"https:\\\/\\\/www.casarredo.it\\\/en\\\/shop\\\/\"},{\"@type\":\"ListItem\",\"position\":3,\"name\":\"SONORA 411 OLUCE\"}]},{\"@type\":\"WebSite\",\"@id\":\"https:\\\/\\\/www.casarredo.it\\\/en\\\/#website\",\"url\":\"https:\\\/\\\/www.casarredo.it\\\/en\\\/\",\"name\":\"Casarredo.it\",\"description\":\"Design da vivere\",\"publisher\":{\"@id\":\"https:\\\/\\\/www.casarredo.it\\\/en\\\/#organization\"},\"potentialAction\":[{\"@type\":\"SearchAction\",\"target\":{\"@type\":\"EntryPoint\",\"urlTemplate\":\"https:\\\/\\\/www.casarredo.it\\\/en\\\/?s={search_term_string}\"},\"query-input\":{\"@type\":\"PropertyValueSpecification\",\"valueRequired\":true,\"valueName\":\"search_term_string\"}}],\"inLanguage\":\"en-US\"},{\"@type\":\"Organization\",\"@id\":\"https:\\\/\\\/www.casarredo.it\\\/en\\\/#organization\",\"name\":\"casarredo srl\",\"url\":\"https:\\\/\\\/www.casarredo.it\\\/en\\\/\",\"logo\":{\"@type\":\"ImageObject\",\"inLanguage\":\"en-US\",\"@id\":\"https:\\\/\\\/www.casarredo.it\\\/en\\\/#\\\/schema\\\/logo\\\/image\\\/\",\"url\":\"https:\\\/\\\/www.casarredo.it\\\/wp-content\\\/uploads\\\/2018\\\/05\\\/vanity-scaled.jpg\",\"contentUrl\":\"https:\\\/\\\/www.casarredo.it\\\/wp-content\\\/uploads\\\/2018\\\/05\\\/vanity-scaled.jpg\",\"width\":2560,\"height\":1848,\"caption\":\"casarredo srl\"},\"image\":{\"@id\":\"https:\\\/\\\/www.casarredo.it\\\/en\\\/#\\\/schema\\\/logo\\\/image\\\/\"},\"sameAs\":[\"https:\\\/\\\/www.facebook.com\\\/Casarredo-632870513490892\",\"https:\\\/\\\/www.instagram.com\\\/casarredo_fano\\\/\"]}]}<\/script>\n<!-- \/ Yoast SEO plugin. -->","yoast_head_json":{"title":"SONORA 411 OLUCE &#8212; Casarredo.it","description":"Sonora.La storia di Sonora \u00e8 la storia di una forma geometrica pura, perseguita da Magistretti per tutta la vita. Il percorso creativo seguito dall\u2019architetto e designer nei suoi progetti \u00e8 infatti un percorso assolutamente peculiare: costante compagna di strada \u00e8 per lui la geometria, principio ispiratore, sempre e comunque, la semplificazione.","robots":{"index":"index","follow":"follow","max-snippet":"max-snippet:-1","max-image-preview":"max-image-preview:large","max-video-preview":"max-video-preview:-1"},"canonical":"https:\/\/www.casarredo.it\/en\/prodotto\/sonora-411-oluce\/","og_locale":"en_US","og_type":"article","og_title":"SONORA 411 OLUCE &#8212; Casarredo.it","og_description":"Sonora.La storia di Sonora \u00e8 la storia di una forma geometrica pura, perseguita da Magistretti per tutta la vita. Il percorso creativo seguito dall\u2019architetto e designer nei suoi progetti \u00e8 infatti un percorso assolutamente peculiare: costante compagna di strada \u00e8 per lui la geometria, principio ispiratore, sempre e comunque, la semplificazione.","og_url":"https:\/\/www.casarredo.it\/en\/prodotto\/sonora-411-oluce\/","og_site_name":"Casarredo.it","article_publisher":"https:\/\/www.facebook.com\/Casarredo-632870513490892","article_modified_time":"2025-05-06T15:01:52+00:00","og_image":[{"width":1200,"height":900,"url":"https:\/\/www.casarredo.it\/wp-content\/uploads\/2021\/04\/sonora-oluce.jpg","type":"image\/jpeg"}],"twitter_card":"summary_large_image","twitter_misc":{"Est. reading time":"3 minutes"},"schema":{"@context":"https:\/\/schema.org","@graph":[{"@type":"WebPage","@id":"https:\/\/www.casarredo.it\/en\/prodotto\/sonora-411-oluce\/","url":"https:\/\/www.casarredo.it\/en\/prodotto\/sonora-411-oluce\/","name":"SONORA 411 OLUCE &#8212; Casarredo.it","isPartOf":{"@id":"https:\/\/www.casarredo.it\/en\/#website"},"primaryImageOfPage":{"@id":"https:\/\/www.casarredo.it\/en\/prodotto\/sonora-411-oluce\/#primaryimage"},"image":{"@id":"https:\/\/www.casarredo.it\/en\/prodotto\/sonora-411-oluce\/#primaryimage"},"thumbnailUrl":"https:\/\/www.casarredo.it\/wp-content\/uploads\/2021\/04\/sonora-oluce.jpg","datePublished":"2021-04-14T09:56:40+00:00","dateModified":"2025-05-06T15:01:52+00:00","description":"Sonora.La storia di Sonora \u00e8 la storia di una forma geometrica pura, perseguita da Magistretti per tutta la vita. Il percorso creativo seguito dall\u2019architetto e designer nei suoi progetti \u00e8 infatti un percorso assolutamente peculiare: costante compagna di strada \u00e8 per lui la geometria, principio ispiratore, sempre e comunque, la semplificazione.","breadcrumb":{"@id":"https:\/\/www.casarredo.it\/en\/prodotto\/sonora-411-oluce\/#breadcrumb"},"inLanguage":"en-US","potentialAction":[{"@type":"ReadAction","target":["https:\/\/www.casarredo.it\/en\/prodotto\/sonora-411-oluce\/"]}]},{"@type":"ImageObject","inLanguage":"en-US","@id":"https:\/\/www.casarredo.it\/en\/prodotto\/sonora-411-oluce\/#primaryimage","url":"https:\/\/www.casarredo.it\/wp-content\/uploads\/2021\/04\/sonora-oluce.jpg","contentUrl":"https:\/\/www.casarredo.it\/wp-content\/uploads\/2021\/04\/sonora-oluce.jpg","width":1200,"height":900},{"@type":"BreadcrumbList","@id":"https:\/\/www.casarredo.it\/en\/prodotto\/sonora-411-oluce\/#breadcrumb","itemListElement":[{"@type":"ListItem","position":1,"name":"Home","item":"https:\/\/www.casarredo.it\/en\/"},{"@type":"ListItem","position":2,"name":"Shop online","item":"https:\/\/www.casarredo.it\/en\/shop\/"},{"@type":"ListItem","position":3,"name":"SONORA 411 OLUCE"}]},{"@type":"WebSite","@id":"https:\/\/www.casarredo.it\/en\/#website","url":"https:\/\/www.casarredo.it\/en\/","name":"Casarredo.it","description":"Design da vivere","publisher":{"@id":"https:\/\/www.casarredo.it\/en\/#organization"},"potentialAction":[{"@type":"SearchAction","target":{"@type":"EntryPoint","urlTemplate":"https:\/\/www.casarredo.it\/en\/?s={search_term_string}"},"query-input":{"@type":"PropertyValueSpecification","valueRequired":true,"valueName":"search_term_string"}}],"inLanguage":"en-US"},{"@type":"Organization","@id":"https:\/\/www.casarredo.it\/en\/#organization","name":"casarredo srl","url":"https:\/\/www.casarredo.it\/en\/","logo":{"@type":"ImageObject","inLanguage":"en-US","@id":"https:\/\/www.casarredo.it\/en\/#\/schema\/logo\/image\/","url":"https:\/\/www.casarredo.it\/wp-content\/uploads\/2018\/05\/vanity-scaled.jpg","contentUrl":"https:\/\/www.casarredo.it\/wp-content\/uploads\/2018\/05\/vanity-scaled.jpg","width":2560,"height":1848,"caption":"casarredo srl"},"image":{"@id":"https:\/\/www.casarredo.it\/en\/#\/schema\/logo\/image\/"},"sameAs":["https:\/\/www.facebook.com\/Casarredo-632870513490892","https:\/\/www.instagram.com\/casarredo_fano\/"]}]}},"_links":{"self":[{"href":"https:\/\/www.casarredo.it\/en\/wp-json\/wp\/v2\/product\/25668","targetHints":{"allow":["GET"]}}],"collection":[{"href":"https:\/\/www.casarredo.it\/en\/wp-json\/wp\/v2\/product"}],"about":[{"href":"https:\/\/www.casarredo.it\/en\/wp-json\/wp\/v2\/types\/product"}],"wp:featuredmedia":[{"embeddable":true,"href":"https:\/\/www.casarredo.it\/en\/wp-json\/wp\/v2\/media\/25669"}],"wp:attachment":[{"href":"https:\/\/www.casarredo.it\/en\/wp-json\/wp\/v2\/media?parent=25668"}],"wp:term":[{"taxonomy":"product_brand","embeddable":true,"href":"https:\/\/www.casarredo.it\/en\/wp-json\/wp\/v2\/product_brand?post=25668"},{"taxonomy":"product_cat","embeddable":true,"href":"https:\/\/www.casarredo.it\/en\/wp-json\/wp\/v2\/product_cat?post=25668"},{"taxonomy":"product_tag","embeddable":true,"href":"https:\/\/www.casarredo.it\/en\/wp-json\/wp\/v2\/product_tag?post=25668"}],"curies":[{"name":"wp","href":"https:\/\/api.w.org\/{rel}","templated":true}]}}