{"id":25401,"date":"2021-03-23T20:27:09","date_gmt":"2021-03-23T19:27:09","guid":{"rendered":"https:\/\/www.casarredo.it\/?post_type=product&#038;p=25401"},"modified":"2026-03-30T18:09:56","modified_gmt":"2026-03-30T16:09:56","slug":"evo-c-sedia-vitra","status":"publish","type":"product","link":"https:\/\/www.casarredo.it\/en\/prodotto\/evo-c-sedia-vitra\/","title":{"rendered":"EVO C SEDIA VITRA"},"content":{"rendered":"<p><\/p>\n<h1>EVO C SEDIA VITRA<\/h1>\n<p>EVO-C Vitra \u00e8 una replica di successo, senza compromessi, del principio e delle caratteristiche della classica sedia a sbalzo realizzata in plastica. Grazie all\u2018odierna tecnologia di stampaggio a iniezione di gas, le strutture di plastica possono conseguire la rigidit\u00e0 e la resistenza collaudata delle costruzioni in tubolare di acciaio a sbalzo. La struttura portante \u00e8 costituita da componenti simili a tubi vuoti, che confluiscono, senza soluzione di continuit\u00e0, nelle superfici piane di sedile e schienale.<\/p>\n<p>L\u2018intento di Morrison era quello di eliminare tutti i dettagli superflui: la forma di EVO-C, costruita al 100% in polipropilene riciclabile, \u00e8 determinata da fattori indispensabili per il conseguimento di stabilit\u00e0 e comfort. Combina le propriet\u00e0 elastiche del tubolare di acciaio con la comodit\u00e0 di una scocca del sedile ergonomica.<\/p>\n<p>L\u2018impiego di un unico materiale conferisce a EVO-C un aspetto coeso. La silhouette \u00e8 aggraziata a tal punto da scomparire quasi dietro alla persona seduta. E quando non viene utilizzata, la seduta assomiglia a una scultura con due gambe che spunta dal pavimento, sostituto elegante e discreto del proprietario assente.<\/p>\n<p><\/p>\n","protected":false},"excerpt":{"rendered":"<p>EVO C SEDIA VITRA EVO-C Vitra \u00e8 una replica di successo, senza compromessi, del principio e delle caratteristiche della classica sedia a sbalzo realizzata in plastica. Grazie all\u2018odierna tecnologia di stampaggio a iniezione di gas, le strutture di plastica possono conseguire la rigidit\u00e0 e la resistenza collaudata delle costruzioni in tubolare di acciaio a sbalzo. [&hellip;]<\/p>\n","protected":false},"featured_media":25405,"template":"","meta":[],"product_brand":[],"product_cat":[1000,389,671,639,707,367],"product_tag":[2971,577,783,708],"class_list":{"0":"post-25401","1":"product","2":"type-product","3":"status-publish","4":"has-post-thumbnail","6":"product_cat-da-non-perdere","7":"product_cat-idee-regalo","8":"product_cat-mobili-da-esterno","9":"product_cat-sedie","10":"product_cat-vitra","11":"product_cat-zona-giorno","12":"product_tag-evo-c","13":"product_tag-molteni","14":"product_tag-sedia","15":"product_tag-vitra","16":"pa_colore-avorio-49","17":"pa_colore-light-mint-62","18":"pa_colore-rosso-papavero-03","20":"first","21":"onbackorder","22":"sale","23":"shipping-taxable","24":"purchasable","25":"product-type-variable","26":"add-to-wishlist-after_add_to_cart"},"yoast_head":"<!-- This site is optimized with the Yoast SEO plugin v27.4 - https:\/\/yoast.com\/product\/yoast-seo-wordpress\/ -->\n<title>EVO C SEDIA VITRA &#8212; Casarredo.it<\/title>\n<meta name=\"description\" content=\"EVO-C Vitra \u00e8 una replica di successo, senza compromessi, del principio e delle caratteristiche della classica sedia a sbalzo realizzata in plastica. Grazie all\u2018odierna tecnologia di stampaggio a iniezione di gas, le strutture di plastica possono conseguire la rigidit\u00e0 e la resistenza collaudata delle costruzioni in tubolare di acciaio a sbalzo. La struttura portante \u00e8 costituita da componenti simili a tubi vuoti, che confluiscono, senza soluzione di continuit\u00e0, nelle superfici piane di sedile e schienale.\" \/>\n<meta name=\"robots\" content=\"index, follow, max-snippet:-1, max-image-preview:large, max-video-preview:-1\" \/>\n<link rel=\"canonical\" href=\"https:\/\/www.casarredo.it\/en\/prodotto\/evo-c-sedia-vitra\/\" \/>\n<meta property=\"og:locale\" content=\"en_US\" \/>\n<meta property=\"og:type\" content=\"article\" \/>\n<meta property=\"og:title\" content=\"EVO C SEDIA VITRA &#8212; Casarredo.it\" \/>\n<meta property=\"og:description\" content=\"EVO-C Vitra \u00e8 una replica di successo, senza compromessi, del principio e delle caratteristiche della classica sedia a sbalzo realizzata in plastica. Grazie all\u2018odierna tecnologia di stampaggio a iniezione di gas, le strutture di plastica possono conseguire la rigidit\u00e0 e la resistenza collaudata delle costruzioni in tubolare di acciaio a sbalzo. La struttura portante \u00e8 costituita da componenti simili a tubi vuoti, che confluiscono, senza soluzione di continuit\u00e0, nelle superfici piane di sedile e schienale.\" \/>\n<meta property=\"og:url\" content=\"https:\/\/www.casarredo.it\/en\/prodotto\/evo-c-sedia-vitra\/\" \/>\n<meta property=\"og:site_name\" content=\"Casarredo.it\" \/>\n<meta property=\"article:publisher\" content=\"https:\/\/www.facebook.com\/Casarredo-632870513490892\" \/>\n<meta property=\"article:modified_time\" content=\"2026-03-30T16:09:56+00:00\" \/>\n<meta property=\"og:image\" content=\"https:\/\/www.casarredo.it\/wp-content\/uploads\/2021\/03\/evo.jpg\" \/>\n\t<meta property=\"og:image:width\" content=\"700\" \/>\n\t<meta property=\"og:image:height\" content=\"700\" \/>\n\t<meta property=\"og:image:type\" content=\"image\/jpeg\" \/>\n<meta name=\"twitter:card\" content=\"summary_large_image\" \/>\n<meta name=\"twitter:label1\" content=\"Est. reading time\" \/>\n\t<meta name=\"twitter:data1\" content=\"2 minutes\" \/>\n<script type=\"application\/ld+json\" class=\"yoast-schema-graph\">{\"@context\":\"https:\\\/\\\/schema.org\",\"@graph\":[{\"@type\":\"WebPage\",\"@id\":\"https:\\\/\\\/www.casarredo.it\\\/en\\\/prodotto\\\/evo-c-sedia-vitra\\\/\",\"url\":\"https:\\\/\\\/www.casarredo.it\\\/en\\\/prodotto\\\/evo-c-sedia-vitra\\\/\",\"name\":\"EVO C SEDIA VITRA &#8212; Casarredo.it\",\"isPartOf\":{\"@id\":\"https:\\\/\\\/www.casarredo.it\\\/en\\\/#website\"},\"primaryImageOfPage\":{\"@id\":\"https:\\\/\\\/www.casarredo.it\\\/en\\\/prodotto\\\/evo-c-sedia-vitra\\\/#primaryimage\"},\"image\":{\"@id\":\"https:\\\/\\\/www.casarredo.it\\\/en\\\/prodotto\\\/evo-c-sedia-vitra\\\/#primaryimage\"},\"thumbnailUrl\":\"https:\\\/\\\/www.casarredo.it\\\/wp-content\\\/uploads\\\/2021\\\/03\\\/evo.jpg\",\"datePublished\":\"2021-03-23T19:27:09+00:00\",\"dateModified\":\"2026-03-30T16:09:56+00:00\",\"description\":\"EVO-C Vitra \u00e8 una replica di successo, senza compromessi, del principio e delle caratteristiche della classica sedia a sbalzo realizzata in plastica. Grazie all\u2018odierna tecnologia di stampaggio a iniezione di gas, le strutture di plastica possono conseguire la rigidit\u00e0 e la resistenza collaudata delle costruzioni in tubolare di acciaio a sbalzo. La struttura portante \u00e8 costituita da componenti simili a tubi vuoti, che confluiscono, senza soluzione di continuit\u00e0, nelle superfici piane di sedile e schienale.\",\"breadcrumb\":{\"@id\":\"https:\\\/\\\/www.casarredo.it\\\/en\\\/prodotto\\\/evo-c-sedia-vitra\\\/#breadcrumb\"},\"inLanguage\":\"en-US\",\"potentialAction\":[{\"@type\":\"ReadAction\",\"target\":[\"https:\\\/\\\/www.casarredo.it\\\/en\\\/prodotto\\\/evo-c-sedia-vitra\\\/\"]}]},{\"@type\":\"ImageObject\",\"inLanguage\":\"en-US\",\"@id\":\"https:\\\/\\\/www.casarredo.it\\\/en\\\/prodotto\\\/evo-c-sedia-vitra\\\/#primaryimage\",\"url\":\"https:\\\/\\\/www.casarredo.it\\\/wp-content\\\/uploads\\\/2021\\\/03\\\/evo.jpg\",\"contentUrl\":\"https:\\\/\\\/www.casarredo.it\\\/wp-content\\\/uploads\\\/2021\\\/03\\\/evo.jpg\",\"width\":700,\"height\":700},{\"@type\":\"BreadcrumbList\",\"@id\":\"https:\\\/\\\/www.casarredo.it\\\/en\\\/prodotto\\\/evo-c-sedia-vitra\\\/#breadcrumb\",\"itemListElement\":[{\"@type\":\"ListItem\",\"position\":1,\"name\":\"Home\",\"item\":\"https:\\\/\\\/www.casarredo.it\\\/en\\\/\"},{\"@type\":\"ListItem\",\"position\":2,\"name\":\"Shop online\",\"item\":\"https:\\\/\\\/www.casarredo.it\\\/en\\\/shop\\\/\"},{\"@type\":\"ListItem\",\"position\":3,\"name\":\"EVO C SEDIA VITRA\"}]},{\"@type\":\"WebSite\",\"@id\":\"https:\\\/\\\/www.casarredo.it\\\/en\\\/#website\",\"url\":\"https:\\\/\\\/www.casarredo.it\\\/en\\\/\",\"name\":\"Casarredo.it\",\"description\":\"Design da vivere\",\"publisher\":{\"@id\":\"https:\\\/\\\/www.casarredo.it\\\/en\\\/#organization\"},\"potentialAction\":[{\"@type\":\"SearchAction\",\"target\":{\"@type\":\"EntryPoint\",\"urlTemplate\":\"https:\\\/\\\/www.casarredo.it\\\/en\\\/?s={search_term_string}\"},\"query-input\":{\"@type\":\"PropertyValueSpecification\",\"valueRequired\":true,\"valueName\":\"search_term_string\"}}],\"inLanguage\":\"en-US\"},{\"@type\":\"Organization\",\"@id\":\"https:\\\/\\\/www.casarredo.it\\\/en\\\/#organization\",\"name\":\"casarredo srl\",\"url\":\"https:\\\/\\\/www.casarredo.it\\\/en\\\/\",\"logo\":{\"@type\":\"ImageObject\",\"inLanguage\":\"en-US\",\"@id\":\"https:\\\/\\\/www.casarredo.it\\\/en\\\/#\\\/schema\\\/logo\\\/image\\\/\",\"url\":\"https:\\\/\\\/www.casarredo.it\\\/wp-content\\\/uploads\\\/2018\\\/05\\\/vanity-scaled.jpg\",\"contentUrl\":\"https:\\\/\\\/www.casarredo.it\\\/wp-content\\\/uploads\\\/2018\\\/05\\\/vanity-scaled.jpg\",\"width\":2560,\"height\":1848,\"caption\":\"casarredo srl\"},\"image\":{\"@id\":\"https:\\\/\\\/www.casarredo.it\\\/en\\\/#\\\/schema\\\/logo\\\/image\\\/\"},\"sameAs\":[\"https:\\\/\\\/www.facebook.com\\\/Casarredo-632870513490892\",\"https:\\\/\\\/www.instagram.com\\\/casarredo_fano\\\/\"]}]}<\/script>\n<!-- \/ Yoast SEO plugin. -->","yoast_head_json":{"title":"EVO C SEDIA VITRA &#8212; Casarredo.it","description":"EVO-C Vitra \u00e8 una replica di successo, senza compromessi, del principio e delle caratteristiche della classica sedia a sbalzo realizzata in plastica. Grazie all\u2018odierna tecnologia di stampaggio a iniezione di gas, le strutture di plastica possono conseguire la rigidit\u00e0 e la resistenza collaudata delle costruzioni in tubolare di acciaio a sbalzo. La struttura portante \u00e8 costituita da componenti simili a tubi vuoti, che confluiscono, senza soluzione di continuit\u00e0, nelle superfici piane di sedile e schienale.","robots":{"index":"index","follow":"follow","max-snippet":"max-snippet:-1","max-image-preview":"max-image-preview:large","max-video-preview":"max-video-preview:-1"},"canonical":"https:\/\/www.casarredo.it\/en\/prodotto\/evo-c-sedia-vitra\/","og_locale":"en_US","og_type":"article","og_title":"EVO C SEDIA VITRA &#8212; Casarredo.it","og_description":"EVO-C Vitra \u00e8 una replica di successo, senza compromessi, del principio e delle caratteristiche della classica sedia a sbalzo realizzata in plastica. Grazie all\u2018odierna tecnologia di stampaggio a iniezione di gas, le strutture di plastica possono conseguire la rigidit\u00e0 e la resistenza collaudata delle costruzioni in tubolare di acciaio a sbalzo. La struttura portante \u00e8 costituita da componenti simili a tubi vuoti, che confluiscono, senza soluzione di continuit\u00e0, nelle superfici piane di sedile e schienale.","og_url":"https:\/\/www.casarredo.it\/en\/prodotto\/evo-c-sedia-vitra\/","og_site_name":"Casarredo.it","article_publisher":"https:\/\/www.facebook.com\/Casarredo-632870513490892","article_modified_time":"2026-03-30T16:09:56+00:00","og_image":[{"width":700,"height":700,"url":"https:\/\/www.casarredo.it\/wp-content\/uploads\/2021\/03\/evo.jpg","type":"image\/jpeg"}],"twitter_card":"summary_large_image","twitter_misc":{"Est. reading time":"2 minutes"},"schema":{"@context":"https:\/\/schema.org","@graph":[{"@type":"WebPage","@id":"https:\/\/www.casarredo.it\/en\/prodotto\/evo-c-sedia-vitra\/","url":"https:\/\/www.casarredo.it\/en\/prodotto\/evo-c-sedia-vitra\/","name":"EVO C SEDIA VITRA &#8212; Casarredo.it","isPartOf":{"@id":"https:\/\/www.casarredo.it\/en\/#website"},"primaryImageOfPage":{"@id":"https:\/\/www.casarredo.it\/en\/prodotto\/evo-c-sedia-vitra\/#primaryimage"},"image":{"@id":"https:\/\/www.casarredo.it\/en\/prodotto\/evo-c-sedia-vitra\/#primaryimage"},"thumbnailUrl":"https:\/\/www.casarredo.it\/wp-content\/uploads\/2021\/03\/evo.jpg","datePublished":"2021-03-23T19:27:09+00:00","dateModified":"2026-03-30T16:09:56+00:00","description":"EVO-C Vitra \u00e8 una replica di successo, senza compromessi, del principio e delle caratteristiche della classica sedia a sbalzo realizzata in plastica. Grazie all\u2018odierna tecnologia di stampaggio a iniezione di gas, le strutture di plastica possono conseguire la rigidit\u00e0 e la resistenza collaudata delle costruzioni in tubolare di acciaio a sbalzo. La struttura portante \u00e8 costituita da componenti simili a tubi vuoti, che confluiscono, senza soluzione di continuit\u00e0, nelle superfici piane di sedile e schienale.","breadcrumb":{"@id":"https:\/\/www.casarredo.it\/en\/prodotto\/evo-c-sedia-vitra\/#breadcrumb"},"inLanguage":"en-US","potentialAction":[{"@type":"ReadAction","target":["https:\/\/www.casarredo.it\/en\/prodotto\/evo-c-sedia-vitra\/"]}]},{"@type":"ImageObject","inLanguage":"en-US","@id":"https:\/\/www.casarredo.it\/en\/prodotto\/evo-c-sedia-vitra\/#primaryimage","url":"https:\/\/www.casarredo.it\/wp-content\/uploads\/2021\/03\/evo.jpg","contentUrl":"https:\/\/www.casarredo.it\/wp-content\/uploads\/2021\/03\/evo.jpg","width":700,"height":700},{"@type":"BreadcrumbList","@id":"https:\/\/www.casarredo.it\/en\/prodotto\/evo-c-sedia-vitra\/#breadcrumb","itemListElement":[{"@type":"ListItem","position":1,"name":"Home","item":"https:\/\/www.casarredo.it\/en\/"},{"@type":"ListItem","position":2,"name":"Shop online","item":"https:\/\/www.casarredo.it\/en\/shop\/"},{"@type":"ListItem","position":3,"name":"EVO C SEDIA VITRA"}]},{"@type":"WebSite","@id":"https:\/\/www.casarredo.it\/en\/#website","url":"https:\/\/www.casarredo.it\/en\/","name":"Casarredo.it","description":"Design da vivere","publisher":{"@id":"https:\/\/www.casarredo.it\/en\/#organization"},"potentialAction":[{"@type":"SearchAction","target":{"@type":"EntryPoint","urlTemplate":"https:\/\/www.casarredo.it\/en\/?s={search_term_string}"},"query-input":{"@type":"PropertyValueSpecification","valueRequired":true,"valueName":"search_term_string"}}],"inLanguage":"en-US"},{"@type":"Organization","@id":"https:\/\/www.casarredo.it\/en\/#organization","name":"casarredo srl","url":"https:\/\/www.casarredo.it\/en\/","logo":{"@type":"ImageObject","inLanguage":"en-US","@id":"https:\/\/www.casarredo.it\/en\/#\/schema\/logo\/image\/","url":"https:\/\/www.casarredo.it\/wp-content\/uploads\/2018\/05\/vanity-scaled.jpg","contentUrl":"https:\/\/www.casarredo.it\/wp-content\/uploads\/2018\/05\/vanity-scaled.jpg","width":2560,"height":1848,"caption":"casarredo srl"},"image":{"@id":"https:\/\/www.casarredo.it\/en\/#\/schema\/logo\/image\/"},"sameAs":["https:\/\/www.facebook.com\/Casarredo-632870513490892","https:\/\/www.instagram.com\/casarredo_fano\/"]}]}},"_links":{"self":[{"href":"https:\/\/www.casarredo.it\/en\/wp-json\/wp\/v2\/product\/25401","targetHints":{"allow":["GET"]}}],"collection":[{"href":"https:\/\/www.casarredo.it\/en\/wp-json\/wp\/v2\/product"}],"about":[{"href":"https:\/\/www.casarredo.it\/en\/wp-json\/wp\/v2\/types\/product"}],"wp:featuredmedia":[{"embeddable":true,"href":"https:\/\/www.casarredo.it\/en\/wp-json\/wp\/v2\/media\/25405"}],"wp:attachment":[{"href":"https:\/\/www.casarredo.it\/en\/wp-json\/wp\/v2\/media?parent=25401"}],"wp:term":[{"taxonomy":"product_brand","embeddable":true,"href":"https:\/\/www.casarredo.it\/en\/wp-json\/wp\/v2\/product_brand?post=25401"},{"taxonomy":"product_cat","embeddable":true,"href":"https:\/\/www.casarredo.it\/en\/wp-json\/wp\/v2\/product_cat?post=25401"},{"taxonomy":"product_tag","embeddable":true,"href":"https:\/\/www.casarredo.it\/en\/wp-json\/wp\/v2\/product_tag?post=25401"}],"curies":[{"name":"wp","href":"https:\/\/api.w.org\/{rel}","templated":true}]}}