{"id":20736,"date":"2021-01-05T18:12:16","date_gmt":"2021-01-05T17:12:16","guid":{"rendered":"https:\/\/www.casarredo.it\/?post_type=product&#038;p=20736"},"modified":"2026-02-11T09:46:49","modified_gmt":"2026-02-11T08:46:49","slug":"memoform-air-guanciale-flou","status":"publish","type":"product","link":"https:\/\/www.casarredo.it\/en\/prodotto\/memoform-air-guanciale-flou\/","title":{"rendered":"MEMOFORM AIR GUANCIALE FLOU"},"content":{"rendered":"<h1>MEMOFORM AIR GUANCIALE FLOU<\/h1>\n<div class=\"title\">Memoform Air guanciale<\/div>\n<div class=\"desc\">\n<p>Fodera finitura operata: 80% cotone, 20% fibra anallergica. Anima in materiale visco elastico Memoform e con una struttura a celle aperte BIOSGEL, un gel in grado di assorbire il calore.<\/p>\n<p>Resistente &#8211; Leggero e traspirante &#8211; Clinicamente testato &#8211; Dermocompatibile<br \/>\nConsigliato a chi soffre particolarmente il caldo notturno, questo guanciale, grazie alla sua struttura molecolare ad altissima densit\u00e0, assorbe il calore molto pi\u00f9 lentamente rispetto ai guanciali tradizionali, rimanendo fresco pi\u00f9 a lungo.<\/p>\n<\/div>\n","protected":false},"excerpt":{"rendered":"<p>MEMOFORM AIR GUANCIALE FLOU Memoform Air guanciale Fodera finitura operata: 80% cotone, 20% fibra anallergica. Anima in materiale visco elastico Memoform e con una struttura a celle aperte BIOSGEL, un gel in grado di assorbire il calore. Resistente &#8211; Leggero e traspirante &#8211; Clinicamente testato &#8211; Dermocompatibile Consigliato a chi soffre particolarmente il caldo notturno, [&hellip;]<\/p>\n","protected":false},"featured_media":20737,"template":"","meta":[],"product_brand":[],"product_cat":[386,663,561],"product_tag":[2932,387,2931,2936],"class_list":{"0":"post-20736","1":"product","2":"type-product","3":"status-publish","4":"has-post-thumbnail","6":"product_cat-flou","7":"product_cat-letti","8":"product_cat-zona-notte","9":"product_tag-cuscino","10":"product_tag-flou","11":"product_tag-guanciale","12":"product_tag-memoform-air","14":"first","15":"onbackorder","16":"sale","17":"shipping-taxable","18":"purchasable","19":"product-type-simple","20":"add-to-wishlist-after_add_to_cart"},"yoast_head":"<!-- This site is optimized with the Yoast SEO plugin v27.4 - https:\/\/yoast.com\/product\/yoast-seo-wordpress\/ -->\n<title>MEMOFORM AIR GUANCIALE FLOU &#8212; Casarredo.it<\/title>\n<meta name=\"description\" content=\"Memoform Air guancialeFodera finitura operata: 80% cotone, 20% fibra anallergica. Anima in materiale visco elastico Memoform e con una struttura a celle aperte BIOSGEL, un gel in grado di assorbire il calore.\" \/>\n<meta name=\"robots\" content=\"index, follow, max-snippet:-1, max-image-preview:large, max-video-preview:-1\" \/>\n<link rel=\"canonical\" href=\"https:\/\/www.casarredo.it\/en\/prodotto\/memoform-air-guanciale-flou\/\" \/>\n<meta property=\"og:locale\" content=\"en_US\" \/>\n<meta property=\"og:type\" content=\"article\" \/>\n<meta property=\"og:title\" content=\"MEMOFORM AIR GUANCIALE FLOU &#8212; Casarredo.it\" \/>\n<meta property=\"og:description\" content=\"Memoform Air guancialeFodera finitura operata: 80% cotone, 20% fibra anallergica. Anima in materiale visco elastico Memoform e con una struttura a celle aperte BIOSGEL, un gel in grado di assorbire il calore.\" \/>\n<meta property=\"og:url\" content=\"https:\/\/www.casarredo.it\/en\/prodotto\/memoform-air-guanciale-flou\/\" \/>\n<meta property=\"og:site_name\" content=\"Casarredo.it\" \/>\n<meta property=\"article:publisher\" content=\"https:\/\/www.facebook.com\/Casarredo-632870513490892\" \/>\n<meta property=\"article:modified_time\" content=\"2026-02-11T08:46:49+00:00\" \/>\n<meta property=\"og:image\" content=\"https:\/\/www.casarredo.it\/wp-content\/uploads\/2021\/01\/guanciali_memoforma.jpg\" \/>\n\t<meta property=\"og:image:width\" content=\"2400\" \/>\n\t<meta property=\"og:image:height\" content=\"1500\" \/>\n\t<meta property=\"og:image:type\" content=\"image\/jpeg\" \/>\n<meta name=\"twitter:card\" content=\"summary_large_image\" \/>\n<script type=\"application\/ld+json\" class=\"yoast-schema-graph\">{\"@context\":\"https:\\\/\\\/schema.org\",\"@graph\":[{\"@type\":\"WebPage\",\"@id\":\"https:\\\/\\\/www.casarredo.it\\\/en\\\/prodotto\\\/memoform-air-guanciale-flou\\\/\",\"url\":\"https:\\\/\\\/www.casarredo.it\\\/en\\\/prodotto\\\/memoform-air-guanciale-flou\\\/\",\"name\":\"MEMOFORM AIR GUANCIALE FLOU &#8212; Casarredo.it\",\"isPartOf\":{\"@id\":\"https:\\\/\\\/www.casarredo.it\\\/en\\\/#website\"},\"primaryImageOfPage\":{\"@id\":\"https:\\\/\\\/www.casarredo.it\\\/en\\\/prodotto\\\/memoform-air-guanciale-flou\\\/#primaryimage\"},\"image\":{\"@id\":\"https:\\\/\\\/www.casarredo.it\\\/en\\\/prodotto\\\/memoform-air-guanciale-flou\\\/#primaryimage\"},\"thumbnailUrl\":\"https:\\\/\\\/www.casarredo.it\\\/wp-content\\\/uploads\\\/2021\\\/01\\\/guanciali_memoforma.jpg\",\"datePublished\":\"2021-01-05T17:12:16+00:00\",\"dateModified\":\"2026-02-11T08:46:49+00:00\",\"description\":\"Memoform Air guancialeFodera finitura operata: 80% cotone, 20% fibra anallergica. Anima in materiale visco elastico Memoform e con una struttura a celle aperte BIOSGEL, un gel in grado di assorbire il calore.\",\"breadcrumb\":{\"@id\":\"https:\\\/\\\/www.casarredo.it\\\/en\\\/prodotto\\\/memoform-air-guanciale-flou\\\/#breadcrumb\"},\"inLanguage\":\"en-US\",\"potentialAction\":[{\"@type\":\"ReadAction\",\"target\":[\"https:\\\/\\\/www.casarredo.it\\\/en\\\/prodotto\\\/memoform-air-guanciale-flou\\\/\"]}]},{\"@type\":\"ImageObject\",\"inLanguage\":\"en-US\",\"@id\":\"https:\\\/\\\/www.casarredo.it\\\/en\\\/prodotto\\\/memoform-air-guanciale-flou\\\/#primaryimage\",\"url\":\"https:\\\/\\\/www.casarredo.it\\\/wp-content\\\/uploads\\\/2021\\\/01\\\/guanciali_memoforma.jpg\",\"contentUrl\":\"https:\\\/\\\/www.casarredo.it\\\/wp-content\\\/uploads\\\/2021\\\/01\\\/guanciali_memoforma.jpg\",\"width\":2400,\"height\":1500},{\"@type\":\"BreadcrumbList\",\"@id\":\"https:\\\/\\\/www.casarredo.it\\\/en\\\/prodotto\\\/memoform-air-guanciale-flou\\\/#breadcrumb\",\"itemListElement\":[{\"@type\":\"ListItem\",\"position\":1,\"name\":\"Home\",\"item\":\"https:\\\/\\\/www.casarredo.it\\\/en\\\/\"},{\"@type\":\"ListItem\",\"position\":2,\"name\":\"Shop online\",\"item\":\"https:\\\/\\\/www.casarredo.it\\\/en\\\/shop\\\/\"},{\"@type\":\"ListItem\",\"position\":3,\"name\":\"MEMOFORM AIR GUANCIALE FLOU\"}]},{\"@type\":\"WebSite\",\"@id\":\"https:\\\/\\\/www.casarredo.it\\\/en\\\/#website\",\"url\":\"https:\\\/\\\/www.casarredo.it\\\/en\\\/\",\"name\":\"Casarredo.it\",\"description\":\"Design da vivere\",\"publisher\":{\"@id\":\"https:\\\/\\\/www.casarredo.it\\\/en\\\/#organization\"},\"potentialAction\":[{\"@type\":\"SearchAction\",\"target\":{\"@type\":\"EntryPoint\",\"urlTemplate\":\"https:\\\/\\\/www.casarredo.it\\\/en\\\/?s={search_term_string}\"},\"query-input\":{\"@type\":\"PropertyValueSpecification\",\"valueRequired\":true,\"valueName\":\"search_term_string\"}}],\"inLanguage\":\"en-US\"},{\"@type\":\"Organization\",\"@id\":\"https:\\\/\\\/www.casarredo.it\\\/en\\\/#organization\",\"name\":\"casarredo srl\",\"url\":\"https:\\\/\\\/www.casarredo.it\\\/en\\\/\",\"logo\":{\"@type\":\"ImageObject\",\"inLanguage\":\"en-US\",\"@id\":\"https:\\\/\\\/www.casarredo.it\\\/en\\\/#\\\/schema\\\/logo\\\/image\\\/\",\"url\":\"https:\\\/\\\/www.casarredo.it\\\/wp-content\\\/uploads\\\/2018\\\/05\\\/vanity-scaled.jpg\",\"contentUrl\":\"https:\\\/\\\/www.casarredo.it\\\/wp-content\\\/uploads\\\/2018\\\/05\\\/vanity-scaled.jpg\",\"width\":2560,\"height\":1848,\"caption\":\"casarredo srl\"},\"image\":{\"@id\":\"https:\\\/\\\/www.casarredo.it\\\/en\\\/#\\\/schema\\\/logo\\\/image\\\/\"},\"sameAs\":[\"https:\\\/\\\/www.facebook.com\\\/Casarredo-632870513490892\",\"https:\\\/\\\/www.instagram.com\\\/casarredo_fano\\\/\"]}]}<\/script>\n<!-- \/ Yoast SEO plugin. -->","yoast_head_json":{"title":"MEMOFORM AIR GUANCIALE FLOU &#8212; Casarredo.it","description":"Memoform Air guancialeFodera finitura operata: 80% cotone, 20% fibra anallergica. Anima in materiale visco elastico Memoform e con una struttura a celle aperte BIOSGEL, un gel in grado di assorbire il calore.","robots":{"index":"index","follow":"follow","max-snippet":"max-snippet:-1","max-image-preview":"max-image-preview:large","max-video-preview":"max-video-preview:-1"},"canonical":"https:\/\/www.casarredo.it\/en\/prodotto\/memoform-air-guanciale-flou\/","og_locale":"en_US","og_type":"article","og_title":"MEMOFORM AIR GUANCIALE FLOU &#8212; Casarredo.it","og_description":"Memoform Air guancialeFodera finitura operata: 80% cotone, 20% fibra anallergica. Anima in materiale visco elastico Memoform e con una struttura a celle aperte BIOSGEL, un gel in grado di assorbire il calore.","og_url":"https:\/\/www.casarredo.it\/en\/prodotto\/memoform-air-guanciale-flou\/","og_site_name":"Casarredo.it","article_publisher":"https:\/\/www.facebook.com\/Casarredo-632870513490892","article_modified_time":"2026-02-11T08:46:49+00:00","og_image":[{"width":2400,"height":1500,"url":"https:\/\/www.casarredo.it\/wp-content\/uploads\/2021\/01\/guanciali_memoforma.jpg","type":"image\/jpeg"}],"twitter_card":"summary_large_image","schema":{"@context":"https:\/\/schema.org","@graph":[{"@type":"WebPage","@id":"https:\/\/www.casarredo.it\/en\/prodotto\/memoform-air-guanciale-flou\/","url":"https:\/\/www.casarredo.it\/en\/prodotto\/memoform-air-guanciale-flou\/","name":"MEMOFORM AIR GUANCIALE FLOU &#8212; Casarredo.it","isPartOf":{"@id":"https:\/\/www.casarredo.it\/en\/#website"},"primaryImageOfPage":{"@id":"https:\/\/www.casarredo.it\/en\/prodotto\/memoform-air-guanciale-flou\/#primaryimage"},"image":{"@id":"https:\/\/www.casarredo.it\/en\/prodotto\/memoform-air-guanciale-flou\/#primaryimage"},"thumbnailUrl":"https:\/\/www.casarredo.it\/wp-content\/uploads\/2021\/01\/guanciali_memoforma.jpg","datePublished":"2021-01-05T17:12:16+00:00","dateModified":"2026-02-11T08:46:49+00:00","description":"Memoform Air guancialeFodera finitura operata: 80% cotone, 20% fibra anallergica. Anima in materiale visco elastico Memoform e con una struttura a celle aperte BIOSGEL, un gel in grado di assorbire il calore.","breadcrumb":{"@id":"https:\/\/www.casarredo.it\/en\/prodotto\/memoform-air-guanciale-flou\/#breadcrumb"},"inLanguage":"en-US","potentialAction":[{"@type":"ReadAction","target":["https:\/\/www.casarredo.it\/en\/prodotto\/memoform-air-guanciale-flou\/"]}]},{"@type":"ImageObject","inLanguage":"en-US","@id":"https:\/\/www.casarredo.it\/en\/prodotto\/memoform-air-guanciale-flou\/#primaryimage","url":"https:\/\/www.casarredo.it\/wp-content\/uploads\/2021\/01\/guanciali_memoforma.jpg","contentUrl":"https:\/\/www.casarredo.it\/wp-content\/uploads\/2021\/01\/guanciali_memoforma.jpg","width":2400,"height":1500},{"@type":"BreadcrumbList","@id":"https:\/\/www.casarredo.it\/en\/prodotto\/memoform-air-guanciale-flou\/#breadcrumb","itemListElement":[{"@type":"ListItem","position":1,"name":"Home","item":"https:\/\/www.casarredo.it\/en\/"},{"@type":"ListItem","position":2,"name":"Shop online","item":"https:\/\/www.casarredo.it\/en\/shop\/"},{"@type":"ListItem","position":3,"name":"MEMOFORM AIR GUANCIALE FLOU"}]},{"@type":"WebSite","@id":"https:\/\/www.casarredo.it\/en\/#website","url":"https:\/\/www.casarredo.it\/en\/","name":"Casarredo.it","description":"Design da vivere","publisher":{"@id":"https:\/\/www.casarredo.it\/en\/#organization"},"potentialAction":[{"@type":"SearchAction","target":{"@type":"EntryPoint","urlTemplate":"https:\/\/www.casarredo.it\/en\/?s={search_term_string}"},"query-input":{"@type":"PropertyValueSpecification","valueRequired":true,"valueName":"search_term_string"}}],"inLanguage":"en-US"},{"@type":"Organization","@id":"https:\/\/www.casarredo.it\/en\/#organization","name":"casarredo srl","url":"https:\/\/www.casarredo.it\/en\/","logo":{"@type":"ImageObject","inLanguage":"en-US","@id":"https:\/\/www.casarredo.it\/en\/#\/schema\/logo\/image\/","url":"https:\/\/www.casarredo.it\/wp-content\/uploads\/2018\/05\/vanity-scaled.jpg","contentUrl":"https:\/\/www.casarredo.it\/wp-content\/uploads\/2018\/05\/vanity-scaled.jpg","width":2560,"height":1848,"caption":"casarredo srl"},"image":{"@id":"https:\/\/www.casarredo.it\/en\/#\/schema\/logo\/image\/"},"sameAs":["https:\/\/www.facebook.com\/Casarredo-632870513490892","https:\/\/www.instagram.com\/casarredo_fano\/"]}]}},"_links":{"self":[{"href":"https:\/\/www.casarredo.it\/en\/wp-json\/wp\/v2\/product\/20736","targetHints":{"allow":["GET"]}}],"collection":[{"href":"https:\/\/www.casarredo.it\/en\/wp-json\/wp\/v2\/product"}],"about":[{"href":"https:\/\/www.casarredo.it\/en\/wp-json\/wp\/v2\/types\/product"}],"wp:featuredmedia":[{"embeddable":true,"href":"https:\/\/www.casarredo.it\/en\/wp-json\/wp\/v2\/media\/20737"}],"wp:attachment":[{"href":"https:\/\/www.casarredo.it\/en\/wp-json\/wp\/v2\/media?parent=20736"}],"wp:term":[{"taxonomy":"product_brand","embeddable":true,"href":"https:\/\/www.casarredo.it\/en\/wp-json\/wp\/v2\/product_brand?post=20736"},{"taxonomy":"product_cat","embeddable":true,"href":"https:\/\/www.casarredo.it\/en\/wp-json\/wp\/v2\/product_cat?post=20736"},{"taxonomy":"product_tag","embeddable":true,"href":"https:\/\/www.casarredo.it\/en\/wp-json\/wp\/v2\/product_tag?post=20736"}],"curies":[{"name":"wp","href":"https:\/\/api.w.org\/{rel}","templated":true}]}}