{"id":20255,"date":"2020-11-19T19:04:32","date_gmt":"2020-11-19T18:04:32","guid":{"rendered":"https:\/\/www.casarredo.it\/?post_type=product&#038;p=20255"},"modified":"2026-03-05T18:56:17","modified_gmt":"2026-03-05T17:56:17","slug":"martha-poltrona-pelle-sc48-cuoio-testa-di-moro","status":"publish","type":"product","link":"https:\/\/www.casarredo.it\/en\/prodotto\/martha-poltrona-pelle-sc48-cuoio-testa-di-moro\/","title":{"rendered":"MARTHA POLTRONA PELLE SC48\/CUOIO TESTA DI MORO"},"content":{"rendered":"<h1>MARTHA POLTRONA IN PELLE SC48 TONKA, ESTERNO CUOIO SADDLE EXTRA TESTA DI MORO, PIEDI FRASSINO TINTO MOKA<\/h1>\n<h2>MARTHA POLTRONA FRAU<\/h2>\n<p>Martha ha un guscio che \u00e8 quasi un petalo che accoglie e protegge senza chiudersi in se stesso. La <strong>poltrona Martha<\/strong>, disegnata da\u00a0<strong>Roberto Lazzeroni<\/strong>\u00a0per\u00a0<strong>Poltrona Frau,<\/strong>\u00a0riesce a coniugare comfort e leggerezza. Forme morbide e materiali preziosi a contrasto per un&#8217;eleganza ariosa, rilassata.Il design della poltrona Martha nasce dall&#8217;incontro dei due elementi principali della scocca, entrambi in poliuretano rigido ottenuto da stampo. Seduta e braccioli fanno parte di un&#8217;unica linea sinuosa, aperta, con le due estremit\u00e0 protese verso l&#8217;esterno. Lo schienale curvo e leggermente imbottito sembra fluttuare nell&#8217;aria, in realt\u00e0 \u00e8 fissato al guscio con un sistema a scomparsa. Un cavalletto in legno a sezione triangolare sostiene il tutto. Una leggera inclinazione della seduta verso il dorso favorisce un comfort ottimale e accentua il design dinamico della poltroncina.<\/p>\n","protected":false},"excerpt":{"rendered":"<p>MARTHA POLTRONA IN PELLE SC48 TONKA, ESTERNO CUOIO SADDLE EXTRA TESTA DI MORO, PIEDI FRASSINO TINTO MOKA MARTHA POLTRONA FRAU Martha ha un guscio che \u00e8 quasi un petalo che accoglie e protegge senza chiudersi in se stesso. La poltrona Martha, disegnata da\u00a0Roberto Lazzeroni\u00a0per\u00a0Poltrona Frau,\u00a0riesce a coniugare comfort e leggerezza. Forme morbide e materiali preziosi [&hellip;]<\/p>\n","protected":false},"featured_media":20233,"template":"","meta":[],"product_brand":[],"product_cat":[592,672,367],"product_tag":[2896,1633,593],"class_list":{"0":"post-20255","1":"product","2":"type-product","3":"status-publish","4":"has-post-thumbnail","6":"product_cat-poltrona-frau","7":"product_cat-poltrone","8":"product_cat-zona-giorno","9":"product_tag-martha","10":"product_tag-poltrona","11":"product_tag-poltrona-frau","13":"first","14":"instock","15":"sale","16":"shipping-taxable","17":"purchasable","18":"product-type-simple","19":"add-to-wishlist-after_add_to_cart"},"yoast_head":"<!-- This site is optimized with the Yoast SEO plugin v27.4 - https:\/\/yoast.com\/product\/yoast-seo-wordpress\/ -->\n<title>MARTHA POLTRONA PELLE SC48\/CUOIO TESTA DI MORO &#8212; Casarredo.it<\/title>\n<meta name=\"description\" content=\"Martha ha un guscio che \u00e8 quasi un petalo che accoglie e protegge senza chiudersi in se stesso. La poltrona Martha, disegnata da\u00a0Roberto Lazzeroni\u00a0per\u00a0Poltrona Frau,\u00a0riesce a coniugare comfort e leggerezza. Forme morbide e materiali preziosi a contrasto per un&#039;eleganza ariosa, rilassata\" \/>\n<meta name=\"robots\" content=\"index, follow, max-snippet:-1, max-image-preview:large, max-video-preview:-1\" \/>\n<link rel=\"canonical\" href=\"https:\/\/www.casarredo.it\/en\/prodotto\/martha-poltrona-pelle-sc48-cuoio-testa-di-moro\/\" \/>\n<meta property=\"og:locale\" content=\"en_US\" \/>\n<meta property=\"og:type\" content=\"article\" \/>\n<meta property=\"og:title\" content=\"MARTHA POLTRONA PELLE SC48\/CUOIO TESTA DI MORO &#8212; Casarredo.it\" \/>\n<meta property=\"og:description\" content=\"Martha ha un guscio che \u00e8 quasi un petalo che accoglie e protegge senza chiudersi in se stesso. La poltrona Martha, disegnata da\u00a0Roberto Lazzeroni\u00a0per\u00a0Poltrona Frau,\u00a0riesce a coniugare comfort e leggerezza. Forme morbide e materiali preziosi a contrasto per un&#039;eleganza ariosa, rilassata\" \/>\n<meta property=\"og:url\" content=\"https:\/\/www.casarredo.it\/en\/prodotto\/martha-poltrona-pelle-sc48-cuoio-testa-di-moro\/\" \/>\n<meta property=\"og:site_name\" content=\"Casarredo.it\" \/>\n<meta property=\"article:publisher\" content=\"https:\/\/www.facebook.com\/Casarredo-632870513490892\" \/>\n<meta property=\"article:modified_time\" content=\"2026-03-05T17:56:17+00:00\" \/>\n<meta property=\"og:image\" content=\"https:\/\/www.casarredo.it\/wp-content\/uploads\/2020\/11\/martha.1.jpg\" \/>\n\t<meta property=\"og:image:width\" content=\"1000\" \/>\n\t<meta property=\"og:image:height\" content=\"768\" \/>\n\t<meta property=\"og:image:type\" content=\"image\/jpeg\" \/>\n<meta name=\"twitter:card\" content=\"summary_large_image\" \/>\n<meta name=\"twitter:label1\" content=\"Est. reading time\" \/>\n\t<meta name=\"twitter:data1\" content=\"1 minute\" \/>\n<script type=\"application\/ld+json\" class=\"yoast-schema-graph\">{\"@context\":\"https:\\\/\\\/schema.org\",\"@graph\":[{\"@type\":\"WebPage\",\"@id\":\"https:\\\/\\\/www.casarredo.it\\\/en\\\/prodotto\\\/martha-poltrona-pelle-sc48-cuoio-testa-di-moro\\\/\",\"url\":\"https:\\\/\\\/www.casarredo.it\\\/en\\\/prodotto\\\/martha-poltrona-pelle-sc48-cuoio-testa-di-moro\\\/\",\"name\":\"MARTHA POLTRONA PELLE SC48\\\/CUOIO TESTA DI MORO &#8212; Casarredo.it\",\"isPartOf\":{\"@id\":\"https:\\\/\\\/www.casarredo.it\\\/en\\\/#website\"},\"primaryImageOfPage\":{\"@id\":\"https:\\\/\\\/www.casarredo.it\\\/en\\\/prodotto\\\/martha-poltrona-pelle-sc48-cuoio-testa-di-moro\\\/#primaryimage\"},\"image\":{\"@id\":\"https:\\\/\\\/www.casarredo.it\\\/en\\\/prodotto\\\/martha-poltrona-pelle-sc48-cuoio-testa-di-moro\\\/#primaryimage\"},\"thumbnailUrl\":\"https:\\\/\\\/www.casarredo.it\\\/wp-content\\\/uploads\\\/2020\\\/11\\\/martha.1.jpg\",\"datePublished\":\"2020-11-19T18:04:32+00:00\",\"dateModified\":\"2026-03-05T17:56:17+00:00\",\"description\":\"Martha ha un guscio che \u00e8 quasi un petalo che accoglie e protegge senza chiudersi in se stesso. La poltrona Martha, disegnata da\u00a0Roberto Lazzeroni\u00a0per\u00a0Poltrona Frau,\u00a0riesce a coniugare comfort e leggerezza. Forme morbide e materiali preziosi a contrasto per un'eleganza ariosa, rilassata\",\"breadcrumb\":{\"@id\":\"https:\\\/\\\/www.casarredo.it\\\/en\\\/prodotto\\\/martha-poltrona-pelle-sc48-cuoio-testa-di-moro\\\/#breadcrumb\"},\"inLanguage\":\"en-US\",\"potentialAction\":[{\"@type\":\"ReadAction\",\"target\":[\"https:\\\/\\\/www.casarredo.it\\\/en\\\/prodotto\\\/martha-poltrona-pelle-sc48-cuoio-testa-di-moro\\\/\"]}]},{\"@type\":\"ImageObject\",\"inLanguage\":\"en-US\",\"@id\":\"https:\\\/\\\/www.casarredo.it\\\/en\\\/prodotto\\\/martha-poltrona-pelle-sc48-cuoio-testa-di-moro\\\/#primaryimage\",\"url\":\"https:\\\/\\\/www.casarredo.it\\\/wp-content\\\/uploads\\\/2020\\\/11\\\/martha.1.jpg\",\"contentUrl\":\"https:\\\/\\\/www.casarredo.it\\\/wp-content\\\/uploads\\\/2020\\\/11\\\/martha.1.jpg\",\"width\":1000,\"height\":768},{\"@type\":\"BreadcrumbList\",\"@id\":\"https:\\\/\\\/www.casarredo.it\\\/en\\\/prodotto\\\/martha-poltrona-pelle-sc48-cuoio-testa-di-moro\\\/#breadcrumb\",\"itemListElement\":[{\"@type\":\"ListItem\",\"position\":1,\"name\":\"Home\",\"item\":\"https:\\\/\\\/www.casarredo.it\\\/en\\\/\"},{\"@type\":\"ListItem\",\"position\":2,\"name\":\"Shop online\",\"item\":\"https:\\\/\\\/www.casarredo.it\\\/en\\\/shop\\\/\"},{\"@type\":\"ListItem\",\"position\":3,\"name\":\"MARTHA POLTRONA PELLE SC48\\\/CUOIO TESTA DI MORO\"}]},{\"@type\":\"WebSite\",\"@id\":\"https:\\\/\\\/www.casarredo.it\\\/en\\\/#website\",\"url\":\"https:\\\/\\\/www.casarredo.it\\\/en\\\/\",\"name\":\"Casarredo.it\",\"description\":\"Design da vivere\",\"publisher\":{\"@id\":\"https:\\\/\\\/www.casarredo.it\\\/en\\\/#organization\"},\"potentialAction\":[{\"@type\":\"SearchAction\",\"target\":{\"@type\":\"EntryPoint\",\"urlTemplate\":\"https:\\\/\\\/www.casarredo.it\\\/en\\\/?s={search_term_string}\"},\"query-input\":{\"@type\":\"PropertyValueSpecification\",\"valueRequired\":true,\"valueName\":\"search_term_string\"}}],\"inLanguage\":\"en-US\"},{\"@type\":\"Organization\",\"@id\":\"https:\\\/\\\/www.casarredo.it\\\/en\\\/#organization\",\"name\":\"casarredo srl\",\"url\":\"https:\\\/\\\/www.casarredo.it\\\/en\\\/\",\"logo\":{\"@type\":\"ImageObject\",\"inLanguage\":\"en-US\",\"@id\":\"https:\\\/\\\/www.casarredo.it\\\/en\\\/#\\\/schema\\\/logo\\\/image\\\/\",\"url\":\"https:\\\/\\\/www.casarredo.it\\\/wp-content\\\/uploads\\\/2018\\\/05\\\/vanity-scaled.jpg\",\"contentUrl\":\"https:\\\/\\\/www.casarredo.it\\\/wp-content\\\/uploads\\\/2018\\\/05\\\/vanity-scaled.jpg\",\"width\":2560,\"height\":1848,\"caption\":\"casarredo srl\"},\"image\":{\"@id\":\"https:\\\/\\\/www.casarredo.it\\\/en\\\/#\\\/schema\\\/logo\\\/image\\\/\"},\"sameAs\":[\"https:\\\/\\\/www.facebook.com\\\/Casarredo-632870513490892\",\"https:\\\/\\\/www.instagram.com\\\/casarredo_fano\\\/\"]}]}<\/script>\n<!-- \/ Yoast SEO plugin. -->","yoast_head_json":{"title":"MARTHA POLTRONA PELLE SC48\/CUOIO TESTA DI MORO &#8212; Casarredo.it","description":"Martha ha un guscio che \u00e8 quasi un petalo che accoglie e protegge senza chiudersi in se stesso. La poltrona Martha, disegnata da\u00a0Roberto Lazzeroni\u00a0per\u00a0Poltrona Frau,\u00a0riesce a coniugare comfort e leggerezza. Forme morbide e materiali preziosi a contrasto per un'eleganza ariosa, rilassata","robots":{"index":"index","follow":"follow","max-snippet":"max-snippet:-1","max-image-preview":"max-image-preview:large","max-video-preview":"max-video-preview:-1"},"canonical":"https:\/\/www.casarredo.it\/en\/prodotto\/martha-poltrona-pelle-sc48-cuoio-testa-di-moro\/","og_locale":"en_US","og_type":"article","og_title":"MARTHA POLTRONA PELLE SC48\/CUOIO TESTA DI MORO &#8212; Casarredo.it","og_description":"Martha ha un guscio che \u00e8 quasi un petalo che accoglie e protegge senza chiudersi in se stesso. La poltrona Martha, disegnata da\u00a0Roberto Lazzeroni\u00a0per\u00a0Poltrona Frau,\u00a0riesce a coniugare comfort e leggerezza. Forme morbide e materiali preziosi a contrasto per un'eleganza ariosa, rilassata","og_url":"https:\/\/www.casarredo.it\/en\/prodotto\/martha-poltrona-pelle-sc48-cuoio-testa-di-moro\/","og_site_name":"Casarredo.it","article_publisher":"https:\/\/www.facebook.com\/Casarredo-632870513490892","article_modified_time":"2026-03-05T17:56:17+00:00","og_image":[{"width":1000,"height":768,"url":"https:\/\/www.casarredo.it\/wp-content\/uploads\/2020\/11\/martha.1.jpg","type":"image\/jpeg"}],"twitter_card":"summary_large_image","twitter_misc":{"Est. reading time":"1 minute"},"schema":{"@context":"https:\/\/schema.org","@graph":[{"@type":"WebPage","@id":"https:\/\/www.casarredo.it\/en\/prodotto\/martha-poltrona-pelle-sc48-cuoio-testa-di-moro\/","url":"https:\/\/www.casarredo.it\/en\/prodotto\/martha-poltrona-pelle-sc48-cuoio-testa-di-moro\/","name":"MARTHA POLTRONA PELLE SC48\/CUOIO TESTA DI MORO &#8212; Casarredo.it","isPartOf":{"@id":"https:\/\/www.casarredo.it\/en\/#website"},"primaryImageOfPage":{"@id":"https:\/\/www.casarredo.it\/en\/prodotto\/martha-poltrona-pelle-sc48-cuoio-testa-di-moro\/#primaryimage"},"image":{"@id":"https:\/\/www.casarredo.it\/en\/prodotto\/martha-poltrona-pelle-sc48-cuoio-testa-di-moro\/#primaryimage"},"thumbnailUrl":"https:\/\/www.casarredo.it\/wp-content\/uploads\/2020\/11\/martha.1.jpg","datePublished":"2020-11-19T18:04:32+00:00","dateModified":"2026-03-05T17:56:17+00:00","description":"Martha ha un guscio che \u00e8 quasi un petalo che accoglie e protegge senza chiudersi in se stesso. La poltrona Martha, disegnata da\u00a0Roberto Lazzeroni\u00a0per\u00a0Poltrona Frau,\u00a0riesce a coniugare comfort e leggerezza. Forme morbide e materiali preziosi a contrasto per un'eleganza ariosa, rilassata","breadcrumb":{"@id":"https:\/\/www.casarredo.it\/en\/prodotto\/martha-poltrona-pelle-sc48-cuoio-testa-di-moro\/#breadcrumb"},"inLanguage":"en-US","potentialAction":[{"@type":"ReadAction","target":["https:\/\/www.casarredo.it\/en\/prodotto\/martha-poltrona-pelle-sc48-cuoio-testa-di-moro\/"]}]},{"@type":"ImageObject","inLanguage":"en-US","@id":"https:\/\/www.casarredo.it\/en\/prodotto\/martha-poltrona-pelle-sc48-cuoio-testa-di-moro\/#primaryimage","url":"https:\/\/www.casarredo.it\/wp-content\/uploads\/2020\/11\/martha.1.jpg","contentUrl":"https:\/\/www.casarredo.it\/wp-content\/uploads\/2020\/11\/martha.1.jpg","width":1000,"height":768},{"@type":"BreadcrumbList","@id":"https:\/\/www.casarredo.it\/en\/prodotto\/martha-poltrona-pelle-sc48-cuoio-testa-di-moro\/#breadcrumb","itemListElement":[{"@type":"ListItem","position":1,"name":"Home","item":"https:\/\/www.casarredo.it\/en\/"},{"@type":"ListItem","position":2,"name":"Shop online","item":"https:\/\/www.casarredo.it\/en\/shop\/"},{"@type":"ListItem","position":3,"name":"MARTHA POLTRONA PELLE SC48\/CUOIO TESTA DI MORO"}]},{"@type":"WebSite","@id":"https:\/\/www.casarredo.it\/en\/#website","url":"https:\/\/www.casarredo.it\/en\/","name":"Casarredo.it","description":"Design da vivere","publisher":{"@id":"https:\/\/www.casarredo.it\/en\/#organization"},"potentialAction":[{"@type":"SearchAction","target":{"@type":"EntryPoint","urlTemplate":"https:\/\/www.casarredo.it\/en\/?s={search_term_string}"},"query-input":{"@type":"PropertyValueSpecification","valueRequired":true,"valueName":"search_term_string"}}],"inLanguage":"en-US"},{"@type":"Organization","@id":"https:\/\/www.casarredo.it\/en\/#organization","name":"casarredo srl","url":"https:\/\/www.casarredo.it\/en\/","logo":{"@type":"ImageObject","inLanguage":"en-US","@id":"https:\/\/www.casarredo.it\/en\/#\/schema\/logo\/image\/","url":"https:\/\/www.casarredo.it\/wp-content\/uploads\/2018\/05\/vanity-scaled.jpg","contentUrl":"https:\/\/www.casarredo.it\/wp-content\/uploads\/2018\/05\/vanity-scaled.jpg","width":2560,"height":1848,"caption":"casarredo srl"},"image":{"@id":"https:\/\/www.casarredo.it\/en\/#\/schema\/logo\/image\/"},"sameAs":["https:\/\/www.facebook.com\/Casarredo-632870513490892","https:\/\/www.instagram.com\/casarredo_fano\/"]}]}},"_links":{"self":[{"href":"https:\/\/www.casarredo.it\/en\/wp-json\/wp\/v2\/product\/20255","targetHints":{"allow":["GET"]}}],"collection":[{"href":"https:\/\/www.casarredo.it\/en\/wp-json\/wp\/v2\/product"}],"about":[{"href":"https:\/\/www.casarredo.it\/en\/wp-json\/wp\/v2\/types\/product"}],"wp:featuredmedia":[{"embeddable":true,"href":"https:\/\/www.casarredo.it\/en\/wp-json\/wp\/v2\/media\/20233"}],"wp:attachment":[{"href":"https:\/\/www.casarredo.it\/en\/wp-json\/wp\/v2\/media?parent=20255"}],"wp:term":[{"taxonomy":"product_brand","embeddable":true,"href":"https:\/\/www.casarredo.it\/en\/wp-json\/wp\/v2\/product_brand?post=20255"},{"taxonomy":"product_cat","embeddable":true,"href":"https:\/\/www.casarredo.it\/en\/wp-json\/wp\/v2\/product_cat?post=20255"},{"taxonomy":"product_tag","embeddable":true,"href":"https:\/\/www.casarredo.it\/en\/wp-json\/wp\/v2\/product_tag?post=20255"}],"curies":[{"name":"wp","href":"https:\/\/api.w.org\/{rel}","templated":true}]}}