{"id":19307,"date":"2020-08-01T11:07:41","date_gmt":"2020-08-01T09:07:41","guid":{"rendered":"https:\/\/www.casarredo.it\/?post_type=product&#038;p=19307"},"modified":"2025-12-23T10:41:29","modified_gmt":"2025-12-23T09:41:29","slug":"ptolomeo-vino-opinion-ciatti","status":"publish","type":"product","link":"https:\/\/www.casarredo.it\/en\/prodotto\/ptolomeo-vino-opinion-ciatti\/","title":{"rendered":"PTOLOMEO VINO OPINION CIATTI"},"content":{"rendered":"<p><\/p>\n<h1>PTOLOMEO VINO OPINION CIATTI<\/h1>\n<p>Ptolomeo Vino Opinion Ciatti, assoluta novit\u00e0 del Salone del Mobile 2018, \u00e8 la versione porta bottiglie di Original Ptolomeo, la libreria self standing disegnata da Bruno Rainaldi, Compasso d\u2019Oro 2004 e gi\u00e0 icona del design contemporaneo.<\/p>\n<p>Un calice del nostro vino preferito e quel libro che ci appassiona tanto. Spesso i momenti di maggior relax, sono immaginati in compagnia di un buon libro e di un ottimo bicchiere di vino. Ptolomeo Vino diviene la &#8220;summa&#8221; di questa suggestione, rappresentando la trasformazione in scenografico porta bottiglie della pi\u00f9 celebre libreria Original Ptolomeo.<\/p>\n<p>In Ptolomeo Vino \u00e8 ancora una volta il contenitore a farsi da parte per esaltare il proprio contenuto. Le protagoniste principali sono le bottiglie di vino, bottiglie che sembrano letteralmente fluttuare nell\u2019aria e che grazie alle loro etichette si trasformano in oggetto dal forte carattere decorativo.<\/p>\n<p>Nata dai disegni lasciati da Bruno Rainaldi, Ptolomeo Vino \u00e8 una colonna in metallo a cui viene unito un sistema di alloggiamenti atti a contenere le pi\u00f9 svariate tipologie di bottiglie di vino. I sostegni sono stati studiati per risultare quanto pi\u00f9 possibile impercettibili e dare quindi la sensazione di trovarsi di fronte a bottiglie &#8220;sospese&#8221;.<\/p>\n<p>Esile, elegante, essenziale \u00e8 perfetta soluzione sia per gli ambienti domestici che per il mondo contract; hotel ristoranti, cantine, enoteche, dovunque il vino \u00e8 pi\u00f9 che una passione.<\/p>\n<p>Disponibile anche nella versione da muro, che se possibile esalta ancora di pi\u00f9 l\u2019effetto scenico, Ptolomeo Vino pu\u00f2 essere realizzata in tre misure e quattro finiture, dal bianco candido all\u2019inox pi\u00f9 scintillante, dal classico nero ad un effetto corten dal sapore antico. tutte le mensole sono corredate da pratici elastici antiscivolo lavabili.<\/p>\n<p><\/p>\n","protected":false},"excerpt":{"rendered":"<p>PTOLOMEO VINO OPINION CIATTI Ptolomeo Vino Opinion Ciatti, assoluta novit\u00e0 del Salone del Mobile 2018, \u00e8 la versione porta bottiglie di Original Ptolomeo, la libreria self standing disegnata da Bruno Rainaldi, Compasso d\u2019Oro 2004 e gi\u00e0 icona del design contemporaneo. Un calice del nostro vino preferito e quel libro che ci appassiona tanto. Spesso i [&hellip;]<\/p>\n","protected":false},"featured_media":19308,"template":"","meta":[],"product_brand":[],"product_cat":[389,2844],"product_tag":[1074],"class_list":{"0":"post-19307","1":"product","2":"type-product","3":"status-publish","4":"has-post-thumbnail","6":"product_cat-idee-regalo","7":"product_cat-opinion-ciatti","8":"product_tag-opinion-ciatti","9":"pa_colore-bianco","10":"pa_colore-corten","11":"pa_colore-inox","12":"pa_colore-nero","13":"pa_dimensioni-senza-imballo-2842","14":"pa_dimensioni-senza-imballo-2843","16":"first","17":"onbackorder","18":"sale","19":"shipping-taxable","20":"purchasable","21":"product-type-variable","22":"add-to-wishlist-after_add_to_cart"},"yoast_head":"<!-- This site is optimized with the Yoast SEO plugin v27.4 - https:\/\/yoast.com\/product\/yoast-seo-wordpress\/ -->\n<title>PTOLOMEO VINO OPINION CIATTI &#8212; Casarredo.it<\/title>\n<meta name=\"description\" content=\"Ptolomeo Vino Opinion Ciatti, assoluta novit\u00e0 del Salone del Mobile 2018, \u00e8 la versione porta bottiglie di Original Ptolomeo, la libreria self standing disegnata da Bruno Rainaldi, Compasso d\u2019Oro 2004 e gi\u00e0 icona del design contemporaneo.\" \/>\n<meta name=\"robots\" content=\"index, follow, max-snippet:-1, max-image-preview:large, max-video-preview:-1\" \/>\n<link rel=\"canonical\" href=\"https:\/\/www.casarredo.it\/en\/prodotto\/ptolomeo-vino-opinion-ciatti\/\" \/>\n<meta property=\"og:locale\" content=\"en_US\" \/>\n<meta property=\"og:type\" content=\"article\" \/>\n<meta property=\"og:title\" content=\"PTOLOMEO VINO OPINION CIATTI &#8212; Casarredo.it\" \/>\n<meta property=\"og:description\" content=\"Ptolomeo Vino Opinion Ciatti, assoluta novit\u00e0 del Salone del Mobile 2018, \u00e8 la versione porta bottiglie di Original Ptolomeo, la libreria self standing disegnata da Bruno Rainaldi, Compasso d\u2019Oro 2004 e gi\u00e0 icona del design contemporaneo.\" \/>\n<meta property=\"og:url\" content=\"https:\/\/www.casarredo.it\/en\/prodotto\/ptolomeo-vino-opinion-ciatti\/\" \/>\n<meta property=\"og:site_name\" content=\"Casarredo.it\" \/>\n<meta property=\"article:publisher\" content=\"https:\/\/www.facebook.com\/Casarredo-632870513490892\" \/>\n<meta property=\"article:modified_time\" content=\"2025-12-23T09:41:29+00:00\" \/>\n<meta property=\"og:image\" content=\"https:\/\/www.casarredo.it\/wp-content\/uploads\/2020\/08\/ptolomeo-vino.jpg\" \/>\n\t<meta property=\"og:image:width\" content=\"682\" \/>\n\t<meta property=\"og:image:height\" content=\"682\" \/>\n\t<meta property=\"og:image:type\" content=\"image\/jpeg\" \/>\n<meta name=\"twitter:card\" content=\"summary_large_image\" \/>\n<meta name=\"twitter:label1\" content=\"Est. reading time\" \/>\n\t<meta name=\"twitter:data1\" content=\"3 minutes\" \/>\n<script type=\"application\/ld+json\" class=\"yoast-schema-graph\">{\"@context\":\"https:\\\/\\\/schema.org\",\"@graph\":[{\"@type\":\"WebPage\",\"@id\":\"https:\\\/\\\/www.casarredo.it\\\/en\\\/prodotto\\\/ptolomeo-vino-opinion-ciatti\\\/\",\"url\":\"https:\\\/\\\/www.casarredo.it\\\/en\\\/prodotto\\\/ptolomeo-vino-opinion-ciatti\\\/\",\"name\":\"PTOLOMEO VINO OPINION CIATTI &#8212; Casarredo.it\",\"isPartOf\":{\"@id\":\"https:\\\/\\\/www.casarredo.it\\\/en\\\/#website\"},\"primaryImageOfPage\":{\"@id\":\"https:\\\/\\\/www.casarredo.it\\\/en\\\/prodotto\\\/ptolomeo-vino-opinion-ciatti\\\/#primaryimage\"},\"image\":{\"@id\":\"https:\\\/\\\/www.casarredo.it\\\/en\\\/prodotto\\\/ptolomeo-vino-opinion-ciatti\\\/#primaryimage\"},\"thumbnailUrl\":\"https:\\\/\\\/www.casarredo.it\\\/wp-content\\\/uploads\\\/2020\\\/08\\\/ptolomeo-vino.jpg\",\"datePublished\":\"2020-08-01T09:07:41+00:00\",\"dateModified\":\"2025-12-23T09:41:29+00:00\",\"description\":\"Ptolomeo Vino Opinion Ciatti, assoluta novit\u00e0 del Salone del Mobile 2018, \u00e8 la versione porta bottiglie di Original Ptolomeo, la libreria self standing disegnata da Bruno Rainaldi, Compasso d\u2019Oro 2004 e gi\u00e0 icona del design contemporaneo.\",\"breadcrumb\":{\"@id\":\"https:\\\/\\\/www.casarredo.it\\\/en\\\/prodotto\\\/ptolomeo-vino-opinion-ciatti\\\/#breadcrumb\"},\"inLanguage\":\"en-US\",\"potentialAction\":[{\"@type\":\"ReadAction\",\"target\":[\"https:\\\/\\\/www.casarredo.it\\\/en\\\/prodotto\\\/ptolomeo-vino-opinion-ciatti\\\/\"]}]},{\"@type\":\"ImageObject\",\"inLanguage\":\"en-US\",\"@id\":\"https:\\\/\\\/www.casarredo.it\\\/en\\\/prodotto\\\/ptolomeo-vino-opinion-ciatti\\\/#primaryimage\",\"url\":\"https:\\\/\\\/www.casarredo.it\\\/wp-content\\\/uploads\\\/2020\\\/08\\\/ptolomeo-vino.jpg\",\"contentUrl\":\"https:\\\/\\\/www.casarredo.it\\\/wp-content\\\/uploads\\\/2020\\\/08\\\/ptolomeo-vino.jpg\",\"width\":682,\"height\":682},{\"@type\":\"BreadcrumbList\",\"@id\":\"https:\\\/\\\/www.casarredo.it\\\/en\\\/prodotto\\\/ptolomeo-vino-opinion-ciatti\\\/#breadcrumb\",\"itemListElement\":[{\"@type\":\"ListItem\",\"position\":1,\"name\":\"Home\",\"item\":\"https:\\\/\\\/www.casarredo.it\\\/en\\\/\"},{\"@type\":\"ListItem\",\"position\":2,\"name\":\"Shop online\",\"item\":\"https:\\\/\\\/www.casarredo.it\\\/en\\\/shop\\\/\"},{\"@type\":\"ListItem\",\"position\":3,\"name\":\"PTOLOMEO VINO OPINION CIATTI\"}]},{\"@type\":\"WebSite\",\"@id\":\"https:\\\/\\\/www.casarredo.it\\\/en\\\/#website\",\"url\":\"https:\\\/\\\/www.casarredo.it\\\/en\\\/\",\"name\":\"Casarredo.it\",\"description\":\"Design da vivere\",\"publisher\":{\"@id\":\"https:\\\/\\\/www.casarredo.it\\\/en\\\/#organization\"},\"potentialAction\":[{\"@type\":\"SearchAction\",\"target\":{\"@type\":\"EntryPoint\",\"urlTemplate\":\"https:\\\/\\\/www.casarredo.it\\\/en\\\/?s={search_term_string}\"},\"query-input\":{\"@type\":\"PropertyValueSpecification\",\"valueRequired\":true,\"valueName\":\"search_term_string\"}}],\"inLanguage\":\"en-US\"},{\"@type\":\"Organization\",\"@id\":\"https:\\\/\\\/www.casarredo.it\\\/en\\\/#organization\",\"name\":\"casarredo srl\",\"url\":\"https:\\\/\\\/www.casarredo.it\\\/en\\\/\",\"logo\":{\"@type\":\"ImageObject\",\"inLanguage\":\"en-US\",\"@id\":\"https:\\\/\\\/www.casarredo.it\\\/en\\\/#\\\/schema\\\/logo\\\/image\\\/\",\"url\":\"https:\\\/\\\/www.casarredo.it\\\/wp-content\\\/uploads\\\/2018\\\/05\\\/vanity-scaled.jpg\",\"contentUrl\":\"https:\\\/\\\/www.casarredo.it\\\/wp-content\\\/uploads\\\/2018\\\/05\\\/vanity-scaled.jpg\",\"width\":2560,\"height\":1848,\"caption\":\"casarredo srl\"},\"image\":{\"@id\":\"https:\\\/\\\/www.casarredo.it\\\/en\\\/#\\\/schema\\\/logo\\\/image\\\/\"},\"sameAs\":[\"https:\\\/\\\/www.facebook.com\\\/Casarredo-632870513490892\",\"https:\\\/\\\/www.instagram.com\\\/casarredo_fano\\\/\"]}]}<\/script>\n<!-- \/ Yoast SEO plugin. -->","yoast_head_json":{"title":"PTOLOMEO VINO OPINION CIATTI &#8212; Casarredo.it","description":"Ptolomeo Vino Opinion Ciatti, assoluta novit\u00e0 del Salone del Mobile 2018, \u00e8 la versione porta bottiglie di Original Ptolomeo, la libreria self standing disegnata da Bruno Rainaldi, Compasso d\u2019Oro 2004 e gi\u00e0 icona del design contemporaneo.","robots":{"index":"index","follow":"follow","max-snippet":"max-snippet:-1","max-image-preview":"max-image-preview:large","max-video-preview":"max-video-preview:-1"},"canonical":"https:\/\/www.casarredo.it\/en\/prodotto\/ptolomeo-vino-opinion-ciatti\/","og_locale":"en_US","og_type":"article","og_title":"PTOLOMEO VINO OPINION CIATTI &#8212; Casarredo.it","og_description":"Ptolomeo Vino Opinion Ciatti, assoluta novit\u00e0 del Salone del Mobile 2018, \u00e8 la versione porta bottiglie di Original Ptolomeo, la libreria self standing disegnata da Bruno Rainaldi, Compasso d\u2019Oro 2004 e gi\u00e0 icona del design contemporaneo.","og_url":"https:\/\/www.casarredo.it\/en\/prodotto\/ptolomeo-vino-opinion-ciatti\/","og_site_name":"Casarredo.it","article_publisher":"https:\/\/www.facebook.com\/Casarredo-632870513490892","article_modified_time":"2025-12-23T09:41:29+00:00","og_image":[{"width":682,"height":682,"url":"https:\/\/www.casarredo.it\/wp-content\/uploads\/2020\/08\/ptolomeo-vino.jpg","type":"image\/jpeg"}],"twitter_card":"summary_large_image","twitter_misc":{"Est. reading time":"3 minutes"},"schema":{"@context":"https:\/\/schema.org","@graph":[{"@type":"WebPage","@id":"https:\/\/www.casarredo.it\/en\/prodotto\/ptolomeo-vino-opinion-ciatti\/","url":"https:\/\/www.casarredo.it\/en\/prodotto\/ptolomeo-vino-opinion-ciatti\/","name":"PTOLOMEO VINO OPINION CIATTI &#8212; Casarredo.it","isPartOf":{"@id":"https:\/\/www.casarredo.it\/en\/#website"},"primaryImageOfPage":{"@id":"https:\/\/www.casarredo.it\/en\/prodotto\/ptolomeo-vino-opinion-ciatti\/#primaryimage"},"image":{"@id":"https:\/\/www.casarredo.it\/en\/prodotto\/ptolomeo-vino-opinion-ciatti\/#primaryimage"},"thumbnailUrl":"https:\/\/www.casarredo.it\/wp-content\/uploads\/2020\/08\/ptolomeo-vino.jpg","datePublished":"2020-08-01T09:07:41+00:00","dateModified":"2025-12-23T09:41:29+00:00","description":"Ptolomeo Vino Opinion Ciatti, assoluta novit\u00e0 del Salone del Mobile 2018, \u00e8 la versione porta bottiglie di Original Ptolomeo, la libreria self standing disegnata da Bruno Rainaldi, Compasso d\u2019Oro 2004 e gi\u00e0 icona del design contemporaneo.","breadcrumb":{"@id":"https:\/\/www.casarredo.it\/en\/prodotto\/ptolomeo-vino-opinion-ciatti\/#breadcrumb"},"inLanguage":"en-US","potentialAction":[{"@type":"ReadAction","target":["https:\/\/www.casarredo.it\/en\/prodotto\/ptolomeo-vino-opinion-ciatti\/"]}]},{"@type":"ImageObject","inLanguage":"en-US","@id":"https:\/\/www.casarredo.it\/en\/prodotto\/ptolomeo-vino-opinion-ciatti\/#primaryimage","url":"https:\/\/www.casarredo.it\/wp-content\/uploads\/2020\/08\/ptolomeo-vino.jpg","contentUrl":"https:\/\/www.casarredo.it\/wp-content\/uploads\/2020\/08\/ptolomeo-vino.jpg","width":682,"height":682},{"@type":"BreadcrumbList","@id":"https:\/\/www.casarredo.it\/en\/prodotto\/ptolomeo-vino-opinion-ciatti\/#breadcrumb","itemListElement":[{"@type":"ListItem","position":1,"name":"Home","item":"https:\/\/www.casarredo.it\/en\/"},{"@type":"ListItem","position":2,"name":"Shop online","item":"https:\/\/www.casarredo.it\/en\/shop\/"},{"@type":"ListItem","position":3,"name":"PTOLOMEO VINO OPINION CIATTI"}]},{"@type":"WebSite","@id":"https:\/\/www.casarredo.it\/en\/#website","url":"https:\/\/www.casarredo.it\/en\/","name":"Casarredo.it","description":"Design da vivere","publisher":{"@id":"https:\/\/www.casarredo.it\/en\/#organization"},"potentialAction":[{"@type":"SearchAction","target":{"@type":"EntryPoint","urlTemplate":"https:\/\/www.casarredo.it\/en\/?s={search_term_string}"},"query-input":{"@type":"PropertyValueSpecification","valueRequired":true,"valueName":"search_term_string"}}],"inLanguage":"en-US"},{"@type":"Organization","@id":"https:\/\/www.casarredo.it\/en\/#organization","name":"casarredo srl","url":"https:\/\/www.casarredo.it\/en\/","logo":{"@type":"ImageObject","inLanguage":"en-US","@id":"https:\/\/www.casarredo.it\/en\/#\/schema\/logo\/image\/","url":"https:\/\/www.casarredo.it\/wp-content\/uploads\/2018\/05\/vanity-scaled.jpg","contentUrl":"https:\/\/www.casarredo.it\/wp-content\/uploads\/2018\/05\/vanity-scaled.jpg","width":2560,"height":1848,"caption":"casarredo srl"},"image":{"@id":"https:\/\/www.casarredo.it\/en\/#\/schema\/logo\/image\/"},"sameAs":["https:\/\/www.facebook.com\/Casarredo-632870513490892","https:\/\/www.instagram.com\/casarredo_fano\/"]}]}},"_links":{"self":[{"href":"https:\/\/www.casarredo.it\/en\/wp-json\/wp\/v2\/product\/19307","targetHints":{"allow":["GET"]}}],"collection":[{"href":"https:\/\/www.casarredo.it\/en\/wp-json\/wp\/v2\/product"}],"about":[{"href":"https:\/\/www.casarredo.it\/en\/wp-json\/wp\/v2\/types\/product"}],"wp:featuredmedia":[{"embeddable":true,"href":"https:\/\/www.casarredo.it\/en\/wp-json\/wp\/v2\/media\/19308"}],"wp:attachment":[{"href":"https:\/\/www.casarredo.it\/en\/wp-json\/wp\/v2\/media?parent=19307"}],"wp:term":[{"taxonomy":"product_brand","embeddable":true,"href":"https:\/\/www.casarredo.it\/en\/wp-json\/wp\/v2\/product_brand?post=19307"},{"taxonomy":"product_cat","embeddable":true,"href":"https:\/\/www.casarredo.it\/en\/wp-json\/wp\/v2\/product_cat?post=19307"},{"taxonomy":"product_tag","embeddable":true,"href":"https:\/\/www.casarredo.it\/en\/wp-json\/wp\/v2\/product_tag?post=19307"}],"curies":[{"name":"wp","href":"https:\/\/api.w.org\/{rel}","templated":true}]}}