{"id":19205,"date":"2020-07-21T19:16:00","date_gmt":"2020-07-21T17:16:00","guid":{"rendered":"https:\/\/www.casarredo.it\/?post_type=product&#038;p=19205"},"modified":"2025-10-11T10:04:19","modified_gmt":"2025-10-11T08:04:19","slug":"voido-dondolo-magis","status":"publish","type":"product","link":"https:\/\/www.casarredo.it\/en\/prodotto\/voido-dondolo-magis\/","title":{"rendered":"VOIDO DONDOLO MAGIS"},"content":{"rendered":"<h1>VOIDO DONDOLO MAGIS<\/h1>\n<h2>VOIDO DESIGN RON ARAD<\/h2>\n<p>Voido poltrona dondolo disegnata da Ron Arad per Magis \u00e8 interamente realizzata in polietilene stampato in rotational moulding in vari colori, anche verniciato lucido. La versione opaca \u00e8 adatta anche agli spazi esterni.<\/p>\n<p>Disegnata da Ron Arad, uno dei pi\u00f9 importanti designer della scena internazionale, con il suo stile magistralmente anticonvenzionale, Voido \u00e8 una poltrona a dondolo che ricorda una scultura contemporanea, ma \u00e8 realizzata con una tecnologia industriale che consente di creare forme grandi e leggere al tempo stesso: il polietilene stampato in rotazionale. Il volume sinuoso ed ergonomico di Voido accoglie il corpo come un fluido abbraccio, ma dietro alla sua solo apparente semplicit\u00e0, nasconde un complesso lavoro di ricerca ed ingegnerizzazione.<\/p>\n<p>Voido \u00e8 disponibile con finitura lucida, dall\u2019irresistibile effetto \u201cglamour\u201d, molto adatto agli ambienti pi\u00f9 sofisticati, oppure in versione opaca, in diversi colori per intonarsi ad ogni ambiente e stile, anche in esterni grazie alla resistenza del polietilene nei confronti dell\u2019acqua e delle intemperie.<\/p>\n","protected":false},"excerpt":{"rendered":"<p>VOIDO DONDOLO MAGIS VOIDO DESIGN RON ARAD Voido poltrona dondolo disegnata da Ron Arad per Magis \u00e8 interamente realizzata in polietilene stampato in rotational moulding in vari colori, anche verniciato lucido. La versione opaca \u00e8 adatta anche agli spazi esterni. Disegnata da Ron Arad, uno dei pi\u00f9 importanti designer della scena internazionale, con il suo [&hellip;]<\/p>\n","protected":false},"featured_media":19211,"template":"","meta":[],"product_brand":[],"product_cat":[363,389,557,671],"product_tag":[821,1443,559,1633,1522,2836],"class_list":{"0":"post-19205","1":"product","2":"type-product","3":"status-publish","4":"has-post-thumbnail","6":"product_cat-complementi","7":"product_cat-idee-regalo","8":"product_cat-magis","9":"product_cat-mobili-da-esterno","10":"product_tag-dondolo","11":"product_tag-esterno","12":"product_tag-magis","13":"product_tag-poltrona","14":"product_tag-ron-arad","15":"product_tag-voido","16":"pa_colore-arancio-1110c","17":"pa_colore-bianco-1736-c","18":"pa_colore-corten-1069c","19":"pa_colore-grigio-chiaro-1395c","20":"pa_colore-nero-lucido-1763c","22":"first","23":"onbackorder","24":"sale","25":"shipping-taxable","26":"purchasable","27":"product-type-variable","28":"add-to-wishlist-after_add_to_cart"},"yoast_head":"<!-- This site is optimized with the Yoast SEO plugin v27.4 - https:\/\/yoast.com\/product\/yoast-seo-wordpress\/ -->\n<title>VOIDO DONDOLO MAGIS &#8212; Casarredo.it<\/title>\n<meta name=\"description\" content=\"Voido poltrona dondolo disegnata da Ron Arad per Magis \u00e8 interamente realizzata in polietilene stampato in rotational moulding in vari colori, anche verniciato lucido. La versione opaca \u00e8 adatta anche agli spazi esterni.\" \/>\n<meta name=\"robots\" content=\"index, follow, max-snippet:-1, max-image-preview:large, max-video-preview:-1\" \/>\n<link rel=\"canonical\" href=\"https:\/\/www.casarredo.it\/en\/prodotto\/voido-dondolo-magis\/\" \/>\n<meta property=\"og:locale\" content=\"en_US\" \/>\n<meta property=\"og:type\" content=\"article\" \/>\n<meta property=\"og:title\" content=\"VOIDO DONDOLO MAGIS &#8212; Casarredo.it\" \/>\n<meta property=\"og:description\" content=\"Voido poltrona dondolo disegnata da Ron Arad per Magis \u00e8 interamente realizzata in polietilene stampato in rotational moulding in vari colori, anche verniciato lucido. La versione opaca \u00e8 adatta anche agli spazi esterni.\" \/>\n<meta property=\"og:url\" content=\"https:\/\/www.casarredo.it\/en\/prodotto\/voido-dondolo-magis\/\" \/>\n<meta property=\"og:site_name\" content=\"Casarredo.it\" \/>\n<meta property=\"article:publisher\" content=\"https:\/\/www.facebook.com\/Casarredo-632870513490892\" \/>\n<meta property=\"article:modified_time\" content=\"2025-10-11T08:04:19+00:00\" \/>\n<meta property=\"og:image\" content=\"https:\/\/www.casarredo.it\/wp-content\/uploads\/2020\/07\/voido-magis-white.jpg\" \/>\n\t<meta property=\"og:image:width\" content=\"1024\" \/>\n\t<meta property=\"og:image:height\" content=\"1024\" \/>\n\t<meta property=\"og:image:type\" content=\"image\/jpeg\" \/>\n<meta name=\"twitter:card\" content=\"summary_large_image\" \/>\n<meta name=\"twitter:label1\" content=\"Est. reading time\" \/>\n\t<meta name=\"twitter:data1\" content=\"2 minutes\" \/>\n<script type=\"application\/ld+json\" class=\"yoast-schema-graph\">{\"@context\":\"https:\\\/\\\/schema.org\",\"@graph\":[{\"@type\":\"WebPage\",\"@id\":\"https:\\\/\\\/www.casarredo.it\\\/en\\\/prodotto\\\/voido-dondolo-magis\\\/\",\"url\":\"https:\\\/\\\/www.casarredo.it\\\/en\\\/prodotto\\\/voido-dondolo-magis\\\/\",\"name\":\"VOIDO DONDOLO MAGIS &#8212; Casarredo.it\",\"isPartOf\":{\"@id\":\"https:\\\/\\\/www.casarredo.it\\\/en\\\/#website\"},\"primaryImageOfPage\":{\"@id\":\"https:\\\/\\\/www.casarredo.it\\\/en\\\/prodotto\\\/voido-dondolo-magis\\\/#primaryimage\"},\"image\":{\"@id\":\"https:\\\/\\\/www.casarredo.it\\\/en\\\/prodotto\\\/voido-dondolo-magis\\\/#primaryimage\"},\"thumbnailUrl\":\"https:\\\/\\\/www.casarredo.it\\\/wp-content\\\/uploads\\\/2020\\\/07\\\/voido-magis-white.jpg\",\"datePublished\":\"2020-07-21T17:16:00+00:00\",\"dateModified\":\"2025-10-11T08:04:19+00:00\",\"description\":\"Voido poltrona dondolo disegnata da Ron Arad per Magis \u00e8 interamente realizzata in polietilene stampato in rotational moulding in vari colori, anche verniciato lucido. La versione opaca \u00e8 adatta anche agli spazi esterni.\",\"breadcrumb\":{\"@id\":\"https:\\\/\\\/www.casarredo.it\\\/en\\\/prodotto\\\/voido-dondolo-magis\\\/#breadcrumb\"},\"inLanguage\":\"en-US\",\"potentialAction\":[{\"@type\":\"ReadAction\",\"target\":[\"https:\\\/\\\/www.casarredo.it\\\/en\\\/prodotto\\\/voido-dondolo-magis\\\/\"]}]},{\"@type\":\"ImageObject\",\"inLanguage\":\"en-US\",\"@id\":\"https:\\\/\\\/www.casarredo.it\\\/en\\\/prodotto\\\/voido-dondolo-magis\\\/#primaryimage\",\"url\":\"https:\\\/\\\/www.casarredo.it\\\/wp-content\\\/uploads\\\/2020\\\/07\\\/voido-magis-white.jpg\",\"contentUrl\":\"https:\\\/\\\/www.casarredo.it\\\/wp-content\\\/uploads\\\/2020\\\/07\\\/voido-magis-white.jpg\",\"width\":1024,\"height\":1024},{\"@type\":\"BreadcrumbList\",\"@id\":\"https:\\\/\\\/www.casarredo.it\\\/en\\\/prodotto\\\/voido-dondolo-magis\\\/#breadcrumb\",\"itemListElement\":[{\"@type\":\"ListItem\",\"position\":1,\"name\":\"Home\",\"item\":\"https:\\\/\\\/www.casarredo.it\\\/en\\\/\"},{\"@type\":\"ListItem\",\"position\":2,\"name\":\"Shop online\",\"item\":\"https:\\\/\\\/www.casarredo.it\\\/en\\\/shop\\\/\"},{\"@type\":\"ListItem\",\"position\":3,\"name\":\"VOIDO DONDOLO MAGIS\"}]},{\"@type\":\"WebSite\",\"@id\":\"https:\\\/\\\/www.casarredo.it\\\/en\\\/#website\",\"url\":\"https:\\\/\\\/www.casarredo.it\\\/en\\\/\",\"name\":\"Casarredo.it\",\"description\":\"Design da vivere\",\"publisher\":{\"@id\":\"https:\\\/\\\/www.casarredo.it\\\/en\\\/#organization\"},\"potentialAction\":[{\"@type\":\"SearchAction\",\"target\":{\"@type\":\"EntryPoint\",\"urlTemplate\":\"https:\\\/\\\/www.casarredo.it\\\/en\\\/?s={search_term_string}\"},\"query-input\":{\"@type\":\"PropertyValueSpecification\",\"valueRequired\":true,\"valueName\":\"search_term_string\"}}],\"inLanguage\":\"en-US\"},{\"@type\":\"Organization\",\"@id\":\"https:\\\/\\\/www.casarredo.it\\\/en\\\/#organization\",\"name\":\"casarredo srl\",\"url\":\"https:\\\/\\\/www.casarredo.it\\\/en\\\/\",\"logo\":{\"@type\":\"ImageObject\",\"inLanguage\":\"en-US\",\"@id\":\"https:\\\/\\\/www.casarredo.it\\\/en\\\/#\\\/schema\\\/logo\\\/image\\\/\",\"url\":\"https:\\\/\\\/www.casarredo.it\\\/wp-content\\\/uploads\\\/2018\\\/05\\\/vanity-scaled.jpg\",\"contentUrl\":\"https:\\\/\\\/www.casarredo.it\\\/wp-content\\\/uploads\\\/2018\\\/05\\\/vanity-scaled.jpg\",\"width\":2560,\"height\":1848,\"caption\":\"casarredo srl\"},\"image\":{\"@id\":\"https:\\\/\\\/www.casarredo.it\\\/en\\\/#\\\/schema\\\/logo\\\/image\\\/\"},\"sameAs\":[\"https:\\\/\\\/www.facebook.com\\\/Casarredo-632870513490892\",\"https:\\\/\\\/www.instagram.com\\\/casarredo_fano\\\/\"]}]}<\/script>\n<!-- \/ Yoast SEO plugin. -->","yoast_head_json":{"title":"VOIDO DONDOLO MAGIS &#8212; Casarredo.it","description":"Voido poltrona dondolo disegnata da Ron Arad per Magis \u00e8 interamente realizzata in polietilene stampato in rotational moulding in vari colori, anche verniciato lucido. La versione opaca \u00e8 adatta anche agli spazi esterni.","robots":{"index":"index","follow":"follow","max-snippet":"max-snippet:-1","max-image-preview":"max-image-preview:large","max-video-preview":"max-video-preview:-1"},"canonical":"https:\/\/www.casarredo.it\/en\/prodotto\/voido-dondolo-magis\/","og_locale":"en_US","og_type":"article","og_title":"VOIDO DONDOLO MAGIS &#8212; Casarredo.it","og_description":"Voido poltrona dondolo disegnata da Ron Arad per Magis \u00e8 interamente realizzata in polietilene stampato in rotational moulding in vari colori, anche verniciato lucido. La versione opaca \u00e8 adatta anche agli spazi esterni.","og_url":"https:\/\/www.casarredo.it\/en\/prodotto\/voido-dondolo-magis\/","og_site_name":"Casarredo.it","article_publisher":"https:\/\/www.facebook.com\/Casarredo-632870513490892","article_modified_time":"2025-10-11T08:04:19+00:00","og_image":[{"width":1024,"height":1024,"url":"https:\/\/www.casarredo.it\/wp-content\/uploads\/2020\/07\/voido-magis-white.jpg","type":"image\/jpeg"}],"twitter_card":"summary_large_image","twitter_misc":{"Est. reading time":"2 minutes"},"schema":{"@context":"https:\/\/schema.org","@graph":[{"@type":"WebPage","@id":"https:\/\/www.casarredo.it\/en\/prodotto\/voido-dondolo-magis\/","url":"https:\/\/www.casarredo.it\/en\/prodotto\/voido-dondolo-magis\/","name":"VOIDO DONDOLO MAGIS &#8212; Casarredo.it","isPartOf":{"@id":"https:\/\/www.casarredo.it\/en\/#website"},"primaryImageOfPage":{"@id":"https:\/\/www.casarredo.it\/en\/prodotto\/voido-dondolo-magis\/#primaryimage"},"image":{"@id":"https:\/\/www.casarredo.it\/en\/prodotto\/voido-dondolo-magis\/#primaryimage"},"thumbnailUrl":"https:\/\/www.casarredo.it\/wp-content\/uploads\/2020\/07\/voido-magis-white.jpg","datePublished":"2020-07-21T17:16:00+00:00","dateModified":"2025-10-11T08:04:19+00:00","description":"Voido poltrona dondolo disegnata da Ron Arad per Magis \u00e8 interamente realizzata in polietilene stampato in rotational moulding in vari colori, anche verniciato lucido. La versione opaca \u00e8 adatta anche agli spazi esterni.","breadcrumb":{"@id":"https:\/\/www.casarredo.it\/en\/prodotto\/voido-dondolo-magis\/#breadcrumb"},"inLanguage":"en-US","potentialAction":[{"@type":"ReadAction","target":["https:\/\/www.casarredo.it\/en\/prodotto\/voido-dondolo-magis\/"]}]},{"@type":"ImageObject","inLanguage":"en-US","@id":"https:\/\/www.casarredo.it\/en\/prodotto\/voido-dondolo-magis\/#primaryimage","url":"https:\/\/www.casarredo.it\/wp-content\/uploads\/2020\/07\/voido-magis-white.jpg","contentUrl":"https:\/\/www.casarredo.it\/wp-content\/uploads\/2020\/07\/voido-magis-white.jpg","width":1024,"height":1024},{"@type":"BreadcrumbList","@id":"https:\/\/www.casarredo.it\/en\/prodotto\/voido-dondolo-magis\/#breadcrumb","itemListElement":[{"@type":"ListItem","position":1,"name":"Home","item":"https:\/\/www.casarredo.it\/en\/"},{"@type":"ListItem","position":2,"name":"Shop online","item":"https:\/\/www.casarredo.it\/en\/shop\/"},{"@type":"ListItem","position":3,"name":"VOIDO DONDOLO MAGIS"}]},{"@type":"WebSite","@id":"https:\/\/www.casarredo.it\/en\/#website","url":"https:\/\/www.casarredo.it\/en\/","name":"Casarredo.it","description":"Design da vivere","publisher":{"@id":"https:\/\/www.casarredo.it\/en\/#organization"},"potentialAction":[{"@type":"SearchAction","target":{"@type":"EntryPoint","urlTemplate":"https:\/\/www.casarredo.it\/en\/?s={search_term_string}"},"query-input":{"@type":"PropertyValueSpecification","valueRequired":true,"valueName":"search_term_string"}}],"inLanguage":"en-US"},{"@type":"Organization","@id":"https:\/\/www.casarredo.it\/en\/#organization","name":"casarredo srl","url":"https:\/\/www.casarredo.it\/en\/","logo":{"@type":"ImageObject","inLanguage":"en-US","@id":"https:\/\/www.casarredo.it\/en\/#\/schema\/logo\/image\/","url":"https:\/\/www.casarredo.it\/wp-content\/uploads\/2018\/05\/vanity-scaled.jpg","contentUrl":"https:\/\/www.casarredo.it\/wp-content\/uploads\/2018\/05\/vanity-scaled.jpg","width":2560,"height":1848,"caption":"casarredo srl"},"image":{"@id":"https:\/\/www.casarredo.it\/en\/#\/schema\/logo\/image\/"},"sameAs":["https:\/\/www.facebook.com\/Casarredo-632870513490892","https:\/\/www.instagram.com\/casarredo_fano\/"]}]}},"_links":{"self":[{"href":"https:\/\/www.casarredo.it\/en\/wp-json\/wp\/v2\/product\/19205","targetHints":{"allow":["GET"]}}],"collection":[{"href":"https:\/\/www.casarredo.it\/en\/wp-json\/wp\/v2\/product"}],"about":[{"href":"https:\/\/www.casarredo.it\/en\/wp-json\/wp\/v2\/types\/product"}],"wp:featuredmedia":[{"embeddable":true,"href":"https:\/\/www.casarredo.it\/en\/wp-json\/wp\/v2\/media\/19211"}],"wp:attachment":[{"href":"https:\/\/www.casarredo.it\/en\/wp-json\/wp\/v2\/media?parent=19205"}],"wp:term":[{"taxonomy":"product_brand","embeddable":true,"href":"https:\/\/www.casarredo.it\/en\/wp-json\/wp\/v2\/product_brand?post=19205"},{"taxonomy":"product_cat","embeddable":true,"href":"https:\/\/www.casarredo.it\/en\/wp-json\/wp\/v2\/product_cat?post=19205"},{"taxonomy":"product_tag","embeddable":true,"href":"https:\/\/www.casarredo.it\/en\/wp-json\/wp\/v2\/product_tag?post=19205"}],"curies":[{"name":"wp","href":"https:\/\/api.w.org\/{rel}","templated":true}]}}