{"id":18901,"date":"2020-07-11T13:17:33","date_gmt":"2020-07-11T11:17:33","guid":{"rendered":"https:\/\/www.casarredo.it\/?post_type=product&#038;p=18901"},"modified":"2026-04-20T19:27:52","modified_gmt":"2026-04-20T17:27:52","slug":"sacco-280-zanotta","status":"publish","type":"product","link":"https:\/\/www.casarredo.it\/en\/prodotto\/sacco-280-zanotta\/","title":{"rendered":"SACCO 280 ZANOTTA TESSUTO VIP"},"content":{"rendered":"<p><\/p>\n<div class=\"product-plus__column\">\n<h1>SACCO Simbolo del design italiano<\/h1>\n<p><strong>Sacco .Cosa dire ancora dopo cinquant\u2019anni di uno dei simboli del design italiano, che da solo ancora oggi comunica la forza assoluta delle idee, quando davvero sono tali? Non c\u2019\u00e8 storia scritta, a qualunque latitudine, che non metta questo oggetto tra le dieci icone che hanno cambiato, per sempre e per tutti, la prospettiva di questa nostra amata disciplina.<br \/>\n<\/strong>Forse possiamo aggiungere che, al di l\u00e0 del gesto dissacrante di riempire un\u00a0Sacco\u00a0di pallini di polistirolo per farlo diventare la seduta imbottita pi\u00f9 informale, pi\u00f9 versatile, pi\u00f9 irriverente, pi\u00f9 libera, pi\u00f9 morbida, pi\u00f9 ergonomica e \u201cpi\u00f9\u201d di sempre, proprio per il fatto di non avere una forma definita ha superato indenne tutte le stagioni, le mode e gli \u201cismi\u201d, conservando il valore pi\u00f9 grande di tutti, quello di essere un concetto che va ben oltre le stagioni, arrivato indenne fino ad oggi, pronto a essere declinato in versioni per bambini e per ragazzi, perch\u00e9 poter sorridere, divertendosi anche seduti su una \u201cpoltrona\u201d, non rimanga solo un privilegio per adulti.<\/p>\n<\/div>\n<p><\/p>\n","protected":false},"excerpt":{"rendered":"<p>SACCO Simbolo del design italiano Sacco .Cosa dire ancora dopo cinquant\u2019anni di uno dei simboli del design italiano, che da solo ancora oggi comunica la forza assoluta delle idee, quando davvero sono tali? Non c\u2019\u00e8 storia scritta, a qualunque latitudine, che non metta questo oggetto tra le dieci icone che hanno cambiato, per sempre e [&hellip;]<\/p>\n","protected":false},"featured_media":18906,"template":"","meta":[],"product_brand":[],"product_cat":[363,1000,389,672,608],"product_tag":[2812,369],"class_list":{"0":"post-18901","1":"product","2":"type-product","3":"status-publish","4":"has-post-thumbnail","6":"product_cat-complementi","7":"product_cat-da-non-perdere","8":"product_cat-idee-regalo","9":"product_cat-poltrone","10":"product_cat-zanotta","11":"product_tag-sacco","12":"product_tag-zanotta","13":"pa_colore-argento-27505","14":"pa_colore-azzurro-27552","15":"pa_colore-bianco-27501","16":"pa_colore-blu-27557","17":"pa_colore-giallo","18":"pa_colore-mattone-27517","19":"pa_colore-nero-27506","20":"pa_colore-rosso","21":"pa_colore-verde-27547","23":"first","24":"instock","25":"sale","26":"shipping-taxable","27":"purchasable","28":"product-type-variable","29":"add-to-wishlist-after_add_to_cart"},"yoast_head":"<!-- This site is optimized with the Yoast SEO plugin v27.4 - https:\/\/yoast.com\/product\/yoast-seo-wordpress\/ -->\n<title>SACCO 280 ZANOTTA TESSUTO VIP &#8212; Casarredo.it<\/title>\n<meta name=\"description\" content=\"Sacco .Cosa dire ancora dopo cinquant\u2019anni di uno dei simboli del design italiano, che da solo ancora oggi comunica la forza assoluta delle idee, quando davvero sono tali?\" \/>\n<meta name=\"robots\" content=\"index, follow, max-snippet:-1, max-image-preview:large, max-video-preview:-1\" \/>\n<link rel=\"canonical\" href=\"https:\/\/www.casarredo.it\/en\/prodotto\/sacco-280-zanotta\/\" \/>\n<meta property=\"og:locale\" content=\"en_US\" \/>\n<meta property=\"og:type\" content=\"article\" \/>\n<meta property=\"og:title\" content=\"Sacco zanotta\" \/>\n<meta property=\"og:description\" content=\"Il mitico sacco di Zanotta nel nuovo tessuto.\" \/>\n<meta property=\"og:url\" content=\"https:\/\/www.casarredo.it\/en\/prodotto\/sacco-280-zanotta\/\" \/>\n<meta property=\"og:site_name\" content=\"Casarredo.it\" \/>\n<meta property=\"article:publisher\" content=\"https:\/\/www.facebook.com\/Casarredo-632870513490892\" \/>\n<meta property=\"article:modified_time\" content=\"2026-04-20T17:27:52+00:00\" \/>\n<meta property=\"og:image\" content=\"https:\/\/www.casarredo.it\/wp-content\/uploads\/2020\/07\/SACCO.jpg\" \/>\n\t<meta property=\"og:image:width\" content=\"595\" \/>\n\t<meta property=\"og:image:height\" content=\"446\" \/>\n\t<meta property=\"og:image:type\" content=\"image\/jpeg\" \/>\n<meta name=\"twitter:card\" content=\"summary_large_image\" \/>\n<meta name=\"twitter:label1\" content=\"Est. reading time\" \/>\n\t<meta name=\"twitter:data1\" content=\"2 minutes\" \/>\n<script type=\"application\/ld+json\" class=\"yoast-schema-graph\">{\"@context\":\"https:\\\/\\\/schema.org\",\"@graph\":[{\"@type\":\"WebPage\",\"@id\":\"https:\\\/\\\/www.casarredo.it\\\/en\\\/prodotto\\\/sacco-280-zanotta\\\/\",\"url\":\"https:\\\/\\\/www.casarredo.it\\\/en\\\/prodotto\\\/sacco-280-zanotta\\\/\",\"name\":\"SACCO 280 ZANOTTA TESSUTO VIP &#8212; Casarredo.it\",\"isPartOf\":{\"@id\":\"https:\\\/\\\/www.casarredo.it\\\/en\\\/#website\"},\"primaryImageOfPage\":{\"@id\":\"https:\\\/\\\/www.casarredo.it\\\/en\\\/prodotto\\\/sacco-280-zanotta\\\/#primaryimage\"},\"image\":{\"@id\":\"https:\\\/\\\/www.casarredo.it\\\/en\\\/prodotto\\\/sacco-280-zanotta\\\/#primaryimage\"},\"thumbnailUrl\":\"https:\\\/\\\/www.casarredo.it\\\/wp-content\\\/uploads\\\/2020\\\/07\\\/SACCO-27514.jpg\",\"datePublished\":\"2020-07-11T11:17:33+00:00\",\"dateModified\":\"2026-04-20T17:27:52+00:00\",\"description\":\"Sacco .Cosa dire ancora dopo cinquant\u2019anni di uno dei simboli del design italiano, che da solo ancora oggi comunica la forza assoluta delle idee, quando davvero sono tali?\",\"breadcrumb\":{\"@id\":\"https:\\\/\\\/www.casarredo.it\\\/en\\\/prodotto\\\/sacco-280-zanotta\\\/#breadcrumb\"},\"inLanguage\":\"en-US\",\"potentialAction\":[{\"@type\":\"ReadAction\",\"target\":[\"https:\\\/\\\/www.casarredo.it\\\/en\\\/prodotto\\\/sacco-280-zanotta\\\/\"]}]},{\"@type\":\"ImageObject\",\"inLanguage\":\"en-US\",\"@id\":\"https:\\\/\\\/www.casarredo.it\\\/en\\\/prodotto\\\/sacco-280-zanotta\\\/#primaryimage\",\"url\":\"https:\\\/\\\/www.casarredo.it\\\/wp-content\\\/uploads\\\/2020\\\/07\\\/SACCO-27514.jpg\",\"contentUrl\":\"https:\\\/\\\/www.casarredo.it\\\/wp-content\\\/uploads\\\/2020\\\/07\\\/SACCO-27514.jpg\",\"width\":840,\"height\":630},{\"@type\":\"BreadcrumbList\",\"@id\":\"https:\\\/\\\/www.casarredo.it\\\/en\\\/prodotto\\\/sacco-280-zanotta\\\/#breadcrumb\",\"itemListElement\":[{\"@type\":\"ListItem\",\"position\":1,\"name\":\"Home\",\"item\":\"https:\\\/\\\/www.casarredo.it\\\/en\\\/\"},{\"@type\":\"ListItem\",\"position\":2,\"name\":\"Shop online\",\"item\":\"https:\\\/\\\/www.casarredo.it\\\/en\\\/shop\\\/\"},{\"@type\":\"ListItem\",\"position\":3,\"name\":\"SACCO 280 ZANOTTA TESSUTO VIP\"}]},{\"@type\":\"WebSite\",\"@id\":\"https:\\\/\\\/www.casarredo.it\\\/en\\\/#website\",\"url\":\"https:\\\/\\\/www.casarredo.it\\\/en\\\/\",\"name\":\"Casarredo.it\",\"description\":\"Design da vivere\",\"publisher\":{\"@id\":\"https:\\\/\\\/www.casarredo.it\\\/en\\\/#organization\"},\"potentialAction\":[{\"@type\":\"SearchAction\",\"target\":{\"@type\":\"EntryPoint\",\"urlTemplate\":\"https:\\\/\\\/www.casarredo.it\\\/en\\\/?s={search_term_string}\"},\"query-input\":{\"@type\":\"PropertyValueSpecification\",\"valueRequired\":true,\"valueName\":\"search_term_string\"}}],\"inLanguage\":\"en-US\"},{\"@type\":\"Organization\",\"@id\":\"https:\\\/\\\/www.casarredo.it\\\/en\\\/#organization\",\"name\":\"casarredo srl\",\"url\":\"https:\\\/\\\/www.casarredo.it\\\/en\\\/\",\"logo\":{\"@type\":\"ImageObject\",\"inLanguage\":\"en-US\",\"@id\":\"https:\\\/\\\/www.casarredo.it\\\/en\\\/#\\\/schema\\\/logo\\\/image\\\/\",\"url\":\"https:\\\/\\\/www.casarredo.it\\\/wp-content\\\/uploads\\\/2018\\\/05\\\/vanity-scaled.jpg\",\"contentUrl\":\"https:\\\/\\\/www.casarredo.it\\\/wp-content\\\/uploads\\\/2018\\\/05\\\/vanity-scaled.jpg\",\"width\":2560,\"height\":1848,\"caption\":\"casarredo srl\"},\"image\":{\"@id\":\"https:\\\/\\\/www.casarredo.it\\\/en\\\/#\\\/schema\\\/logo\\\/image\\\/\"},\"sameAs\":[\"https:\\\/\\\/www.facebook.com\\\/Casarredo-632870513490892\",\"https:\\\/\\\/www.instagram.com\\\/casarredo_fano\\\/\"]}]}<\/script>\n<!-- \/ Yoast SEO plugin. -->","yoast_head_json":{"title":"SACCO 280 ZANOTTA TESSUTO VIP &#8212; Casarredo.it","description":"Sacco .Cosa dire ancora dopo cinquant\u2019anni di uno dei simboli del design italiano, che da solo ancora oggi comunica la forza assoluta delle idee, quando davvero sono tali?","robots":{"index":"index","follow":"follow","max-snippet":"max-snippet:-1","max-image-preview":"max-image-preview:large","max-video-preview":"max-video-preview:-1"},"canonical":"https:\/\/www.casarredo.it\/en\/prodotto\/sacco-280-zanotta\/","og_locale":"en_US","og_type":"article","og_title":"Sacco zanotta","og_description":"Il mitico sacco di Zanotta nel nuovo tessuto.","og_url":"https:\/\/www.casarredo.it\/en\/prodotto\/sacco-280-zanotta\/","og_site_name":"Casarredo.it","article_publisher":"https:\/\/www.facebook.com\/Casarredo-632870513490892","article_modified_time":"2026-04-20T17:27:52+00:00","og_image":[{"width":595,"height":446,"url":"https:\/\/www.casarredo.it\/wp-content\/uploads\/2020\/07\/SACCO.jpg","type":"image\/jpeg"}],"twitter_card":"summary_large_image","twitter_misc":{"Est. reading time":"2 minutes"},"schema":{"@context":"https:\/\/schema.org","@graph":[{"@type":"WebPage","@id":"https:\/\/www.casarredo.it\/en\/prodotto\/sacco-280-zanotta\/","url":"https:\/\/www.casarredo.it\/en\/prodotto\/sacco-280-zanotta\/","name":"SACCO 280 ZANOTTA TESSUTO VIP &#8212; Casarredo.it","isPartOf":{"@id":"https:\/\/www.casarredo.it\/en\/#website"},"primaryImageOfPage":{"@id":"https:\/\/www.casarredo.it\/en\/prodotto\/sacco-280-zanotta\/#primaryimage"},"image":{"@id":"https:\/\/www.casarredo.it\/en\/prodotto\/sacco-280-zanotta\/#primaryimage"},"thumbnailUrl":"https:\/\/www.casarredo.it\/wp-content\/uploads\/2020\/07\/SACCO-27514.jpg","datePublished":"2020-07-11T11:17:33+00:00","dateModified":"2026-04-20T17:27:52+00:00","description":"Sacco .Cosa dire ancora dopo cinquant\u2019anni di uno dei simboli del design italiano, che da solo ancora oggi comunica la forza assoluta delle idee, quando davvero sono tali?","breadcrumb":{"@id":"https:\/\/www.casarredo.it\/en\/prodotto\/sacco-280-zanotta\/#breadcrumb"},"inLanguage":"en-US","potentialAction":[{"@type":"ReadAction","target":["https:\/\/www.casarredo.it\/en\/prodotto\/sacco-280-zanotta\/"]}]},{"@type":"ImageObject","inLanguage":"en-US","@id":"https:\/\/www.casarredo.it\/en\/prodotto\/sacco-280-zanotta\/#primaryimage","url":"https:\/\/www.casarredo.it\/wp-content\/uploads\/2020\/07\/SACCO-27514.jpg","contentUrl":"https:\/\/www.casarredo.it\/wp-content\/uploads\/2020\/07\/SACCO-27514.jpg","width":840,"height":630},{"@type":"BreadcrumbList","@id":"https:\/\/www.casarredo.it\/en\/prodotto\/sacco-280-zanotta\/#breadcrumb","itemListElement":[{"@type":"ListItem","position":1,"name":"Home","item":"https:\/\/www.casarredo.it\/en\/"},{"@type":"ListItem","position":2,"name":"Shop online","item":"https:\/\/www.casarredo.it\/en\/shop\/"},{"@type":"ListItem","position":3,"name":"SACCO 280 ZANOTTA TESSUTO VIP"}]},{"@type":"WebSite","@id":"https:\/\/www.casarredo.it\/en\/#website","url":"https:\/\/www.casarredo.it\/en\/","name":"Casarredo.it","description":"Design da vivere","publisher":{"@id":"https:\/\/www.casarredo.it\/en\/#organization"},"potentialAction":[{"@type":"SearchAction","target":{"@type":"EntryPoint","urlTemplate":"https:\/\/www.casarredo.it\/en\/?s={search_term_string}"},"query-input":{"@type":"PropertyValueSpecification","valueRequired":true,"valueName":"search_term_string"}}],"inLanguage":"en-US"},{"@type":"Organization","@id":"https:\/\/www.casarredo.it\/en\/#organization","name":"casarredo srl","url":"https:\/\/www.casarredo.it\/en\/","logo":{"@type":"ImageObject","inLanguage":"en-US","@id":"https:\/\/www.casarredo.it\/en\/#\/schema\/logo\/image\/","url":"https:\/\/www.casarredo.it\/wp-content\/uploads\/2018\/05\/vanity-scaled.jpg","contentUrl":"https:\/\/www.casarredo.it\/wp-content\/uploads\/2018\/05\/vanity-scaled.jpg","width":2560,"height":1848,"caption":"casarredo srl"},"image":{"@id":"https:\/\/www.casarredo.it\/en\/#\/schema\/logo\/image\/"},"sameAs":["https:\/\/www.facebook.com\/Casarredo-632870513490892","https:\/\/www.instagram.com\/casarredo_fano\/"]}]}},"_links":{"self":[{"href":"https:\/\/www.casarredo.it\/en\/wp-json\/wp\/v2\/product\/18901","targetHints":{"allow":["GET"]}}],"collection":[{"href":"https:\/\/www.casarredo.it\/en\/wp-json\/wp\/v2\/product"}],"about":[{"href":"https:\/\/www.casarredo.it\/en\/wp-json\/wp\/v2\/types\/product"}],"wp:featuredmedia":[{"embeddable":true,"href":"https:\/\/www.casarredo.it\/en\/wp-json\/wp\/v2\/media\/18906"}],"wp:attachment":[{"href":"https:\/\/www.casarredo.it\/en\/wp-json\/wp\/v2\/media?parent=18901"}],"wp:term":[{"taxonomy":"product_brand","embeddable":true,"href":"https:\/\/www.casarredo.it\/en\/wp-json\/wp\/v2\/product_brand?post=18901"},{"taxonomy":"product_cat","embeddable":true,"href":"https:\/\/www.casarredo.it\/en\/wp-json\/wp\/v2\/product_cat?post=18901"},{"taxonomy":"product_tag","embeddable":true,"href":"https:\/\/www.casarredo.it\/en\/wp-json\/wp\/v2\/product_tag?post=18901"}],"curies":[{"name":"wp","href":"https:\/\/api.w.org\/{rel}","templated":true}]}}