{"id":17594,"date":"2020-04-17T21:06:45","date_gmt":"2020-04-17T19:06:45","guid":{"rendered":"https:\/\/www.casarredo.it\/?post_type=product&#038;p=17594"},"modified":"2026-02-27T12:02:22","modified_gmt":"2026-02-27T11:02:22","slug":"wooden-dolls-1","status":"publish","type":"product","link":"https:\/\/www.casarredo.it\/en\/prodotto\/wooden-dolls-1\/","title":{"rendered":"WOODEN DOLLS VITRA"},"content":{"rendered":"<p><\/p>\n<h2>Wooden Dolls Vitra<\/h2>\n<article>\n<div class=\"row\">\n<div class=\"col-xs-12 col-lg-10\">\n<p><span style=\"font-weight: 400;\">Nel 1953 il designer americano <em>Alexander Girard<\/em> cre\u00f2 una collezione di bambole in legno per la sua casa in Santa Fe: le <\/span><b>Wooden Dolls<\/b><span style=\"font-weight: 400;\">. La colorata collezione di bambole in legno di Girard viene prodotta da Vitra. Ispirate dalla passione<\/span>\u00a0<span style=\"font-weight: 400;\">dell\u2019architetto e designer <\/span><span style=\"font-weight: 400;\">per l\u2019arte popolare di Sud America, Asia e Europa, le graziose bambole in legno possono essere utilizzate sia come oggetti decorativi che come giocattoli.<\/span><\/p>\n<\/div>\n<\/div>\n<h3>Alexander Girard: il designer delle bambole in legno<\/h3>\n<p><span style=\"font-weight: 400;\"><img loading=\"lazy\" decoding=\"async\" class=\"alignleft wp-image-27385 size-medium\" src=\"https:\/\/www.casarredo.it\/wp-content\/uploads\/2020\/04\/alexander-girard-300x300.jpg\" alt=\"alexander girard\" width=\"300\" height=\"300\" \/>Girard nasce a New York nel 1907 da madre americana e padre franco-italiano ed \u00e8 ritenuto uno dei massimi esponenti del <\/span><b>design americano<\/b><span style=\"font-weight: 400;\"> post-bellico. I suoi studi &#8211; portati avanti fra Roma, Firenze, Londra e New York &#8211; si concentrano sull\u2019architettura, mentre il suo lavoro \u00e8 prevalentemente orientato verso il <\/span><b>design tessile<\/b><span style=\"font-weight: 400;\">, con una predisposizione particolare per l\u2019arte folkloristica e per tutto ci\u00f2 che rappresenta l\u2019originalit\u00e0 creativa di terre lontane.<\/span><\/p>\n<p><span style=\"font-weight: 400;\">Nonostante tutto, il suo talento maggiore non risiede esclusivamente nel <\/span><i><span style=\"font-weight: 400;\">concept <\/span><\/i><span style=\"font-weight: 400;\">di oggetti singoli di design, bens\u00ec \u2013 con l\u2019inclinazione artistica di architetto &#8211; nella composizione di spazi innovativi e all\u2019avanguardia che sappiano ispirare e richiamare luoghi reconditi, magici e assolutamente unici. I tessuti da lui scelti, le texture, i colori, parlano di terre esotiche \u2013 dal Marocco all\u2019Afghanistan \u2013, unendo la tradizionalit\u00e0 di ci\u00f2 che \u00e8 il <\/span><b>folklore <\/b><span style=\"font-weight: 400;\">pi\u00f9 puro con il <\/span><b>design modernista<\/b><span style=\"font-weight: 400;\">, pezzi in acciaio e forme che stupiscono, bilanciando non solo le proporzioni ma anche l\u2019estetica.<\/span><\/p>\n<p><span style=\"font-weight: 400;\">Cruciale nella sua esperienza professionale \u00e8 la collaborazione nella sezione tessile dell\u2019azienda <\/span><b>Herman Miller<\/b><span style=\"font-weight: 400;\"> dove, assieme a George Nelson e Charles e Ray Eames, forma un team di designer che finisce per rivoluzionare il concetto moderno di <\/span><b>design industriale e tessile<\/b><span style=\"font-weight: 400;\">, con ripercussioni del tutto positive visibili ancora oggi. La qualit\u00e0 e l\u2019eccellenza delle materie prime si uniscono, nel suo lavoro, a lavorazioni sapienti, alla voglia di sperimentare &#8211; sempre con forti conoscenze riguardo ai capisaldi dell\u2019architettura &#8211; e ad una forte propensione per la scoperta di culture sempre differenti.\u00a0<\/span><\/p>\n<h2>Vitra e le Wooden Dolls di Girard<\/h2>\n<p><b>Vitra<\/b><span style=\"font-weight: 400;\"> \u00e8 un marchio svizzero fondato negli anni \u201950. Con alle spalle una storia familiare, che si tramanda di generazione in generazione, da oltre 80 anni \u00e8 leader nel settore del design mondiale. <\/span><b>Lo spirito del brand \u00e8 innovativo<\/b><span style=\"font-weight: 400;\"> e l\u2019obiettivo primario \u00e8 quello di creare prodotti che combinino l\u2019esperienza concettuale e tecnica con la creativit\u00e0 e <\/span><b>l\u2019estro dei pi\u00f9 grandi designer contemporanei<\/b><span style=\"font-weight: 400;\">.\u00a0<\/span><\/p>\n<p><span style=\"font-weight: 400;\">Al principio degli anni Cinquanta <\/span><b>Alexander Girard<\/b><span style=\"font-weight: 400;\"> crea il primo design di alcune bambole in legno, come oggetti decorativi per la propria dimora di Santa F\u00e8. Non sono che i prototipi di una famiglia ben pi\u00f9 ampia di figure costruite in legno pregiato, raffiguranti sia persone che animali.<\/span><\/p>\n<p><b>Ancora oggi, queste bambole vengono riprodotte con la stessa tecnica e dipinte interamente a mano<\/b><span style=\"font-weight: 400;\">. Ogni pezzo \u00e8 inimitabile, reso unico dalle differenze che solo la mano dell\u2019essere umano \u00e8 in grado di lasciare, come un segno del proprio passaggio. Sono il simbolo e l\u2019espressione del folklore pi\u00f9 puro e dell\u2019amore incondizionato del designer per l\u2019arte popolare, in questo caso quella del Sud America, che cos\u00ec trova la sua massima manifestazione, per poi definirsi maggiormente quando <\/span><b>Vitra<\/b><span style=\"font-weight: 400;\"> ne fa una produzione stabile.<\/span><\/p>\n<p><span style=\"font-weight: 400;\">Intenzionalmente create per uso esclusivamente personale, le <\/span><b>Dolls di Girard<\/b><span style=\"font-weight: 400;\"> sono da subito un prodotto di successo, successo che perdura ancora oggi: oggetti mai visti prima, a met\u00e0 fra il gioco e il design, fra l\u2019utile e il dilettevole, fra l\u2019arredamento e la fantasia. <\/span><b>Wooden Dolls<\/b><span style=\"font-weight: 400;\"> significa \u201c<em>bambole di legno<\/em>\u201d, ed \u00e8 proprio questo ci\u00f2 che sono: delle bambole realizzate in legno d\u2019abete e dipinte a mano, che raccontano la storia di luoghi magnifici, lontani e segnati da colori e forme sognanti, a tratti infantili ma estremamente raffinate e ricche di dettagli che solo una mano esperta di un professionista pu\u00f2 saper ricreare.\u00a0<\/span><\/p>\n<p><span style=\"font-weight: 400;\">Risuona una frase di <em>Girard<\/em>, secondo il quale, fra tutti gli oggetti di design da lui creati, vale la pena di produrre solo quelli che lo soddisfacevano personalmente: fra questi rientrano con certezza le coloratissime <\/span><b>Wooden Dolls<\/b><span style=\"font-weight: 400;\">.<\/span><\/p>\n<ul>\n<li>Design: <a href=\"https:\/\/en.wikipedia.org\/wiki\/Alexander_Girard\" target=\"_blank\" rel=\"noopener\">Alexander Girard<\/a><\/li>\n<li>Produttore: <a href=\"https:\/\/www.casarredo.it\/en\/categoria-prodotto\/brands\/vitra-en\/\">Vitra<\/a><\/li>\n<li>Materiale: Abete verniciato a mano<\/li>\n<li>Colore: Multicolore<\/li>\n<\/ul>\n<dl class=\"mb-1\">\n<dt class=\"pull-left\"><\/dt>\n<\/dl>\n<\/article>\n<p><\/p>\n","protected":false},"excerpt":{"rendered":"<p>Wooden Dolls Vitra Nel 1953 il designer americano Alexander Girard cre\u00f2 una collezione di bambole in legno per la sua casa in Santa Fe: le Wooden Dolls. La colorata collezione di bambole in legno di Girard viene prodotta da Vitra. Ispirate dalla passione\u00a0dell\u2019architetto e designer per l\u2019arte popolare di Sud America, Asia e Europa, le [&hellip;]<\/p>\n","protected":false},"featured_media":31817,"template":"","meta":[],"product_brand":[],"product_cat":[388,363,1000,389,586,707],"product_tag":[3637,3638,2707,708,2708],"class_list":{"0":"post-17594","1":"product","2":"type-product","3":"status-publish","4":"has-post-thumbnail","6":"product_cat-arte-contemporanea","7":"product_cat-complementi","8":"product_cat-da-non-perdere","9":"product_cat-idee-regalo","10":"product_cat-oggettistica","11":"product_cat-vitra","12":"product_tag-bambolina","13":"product_tag-bamboline","14":"product_tag-girard","15":"product_tag-vitra","16":"product_tag-wooden-dolls","17":"pa_finitura-doll-1","18":"pa_finitura-doll-10","19":"pa_finitura-doll-11","20":"pa_finitura-doll-12","21":"pa_finitura-doll-14","22":"pa_finitura-doll-15","23":"pa_finitura-doll-16","24":"pa_finitura-doll-17","25":"pa_finitura-doll-18","26":"pa_finitura-doll-19","27":"pa_finitura-doll-2","28":"pa_finitura-doll-20","29":"pa_finitura-doll-21","30":"pa_finitura-doll-22","31":"pa_finitura-doll-3","32":"pa_finitura-doll-4","33":"pa_finitura-doll-5","34":"pa_finitura-doll-6","35":"pa_finitura-doll-7","36":"pa_finitura-doll-8","37":"pa_finitura-doll-9","38":"pa_finitura-doll-cat","39":"pa_finitura-doll-cat-large","40":"pa_finitura-doll-dog","41":"pa_finitura-doll-dog-large","42":"pa_finitura-doll-fisch","43":"pa_finitura-doll-little-devil","44":"pa_finitura-doll13","46":"first","47":"onbackorder","48":"sale","49":"shipping-taxable","50":"purchasable","51":"product-type-variable","52":"add-to-wishlist-after_add_to_cart"},"yoast_head":"<!-- This site is optimized with the Yoast SEO plugin v27.4 - https:\/\/yoast.com\/product\/yoast-seo-wordpress\/ -->\n<title>WOODEN DOLLS VITRA &#8212; Casarredo.it<\/title>\n<meta name=\"description\" content=\"Le Wooden Dolls di Girard sono espressione e simbolo del folklore e dell\u2019amore del designer verso l\u2019arte popolare di terre affascinanti.\" \/>\n<meta name=\"robots\" content=\"index, follow, max-snippet:-1, max-image-preview:large, max-video-preview:-1\" \/>\n<link rel=\"canonical\" href=\"https:\/\/www.casarredo.it\/en\/prodotto\/wooden-dolls-1\/\" \/>\n<meta property=\"og:locale\" content=\"en_US\" \/>\n<meta property=\"og:type\" content=\"article\" \/>\n<meta property=\"og:title\" content=\"WOODEN DOLLS VITRA &#8212; Casarredo.it\" \/>\n<meta property=\"og:description\" content=\"Le Wooden Dolls di Girard sono espressione e simbolo del folklore e dell\u2019amore del designer verso l\u2019arte popolare di terre affascinanti.\" \/>\n<meta property=\"og:url\" content=\"https:\/\/www.casarredo.it\/en\/prodotto\/wooden-dolls-1\/\" \/>\n<meta property=\"og:site_name\" content=\"Casarredo.it\" \/>\n<meta property=\"article:publisher\" content=\"https:\/\/www.facebook.com\/Casarredo-632870513490892\" \/>\n<meta property=\"article:modified_time\" content=\"2026-02-27T11:02:22+00:00\" \/>\n<meta name=\"twitter:card\" content=\"summary_large_image\" \/>\n<meta name=\"twitter:image\" content=\"https:\/\/www.casarredo.it\/wp-content\/uploads\/2020\/04\/wooden-dolls.jpeg\" \/>\n<meta name=\"twitter:label1\" content=\"Est. reading time\" \/>\n\t<meta name=\"twitter:data1\" content=\"5 minutes\" \/>\n<script type=\"application\/ld+json\" class=\"yoast-schema-graph\">{\"@context\":\"https:\\\/\\\/schema.org\",\"@graph\":[{\"@type\":\"WebPage\",\"@id\":\"https:\\\/\\\/www.casarredo.it\\\/en\\\/prodotto\\\/wooden-dolls-1\\\/\",\"url\":\"https:\\\/\\\/www.casarredo.it\\\/en\\\/prodotto\\\/wooden-dolls-1\\\/\",\"name\":\"WOODEN DOLLS VITRA &#8212; Casarredo.it\",\"isPartOf\":{\"@id\":\"https:\\\/\\\/www.casarredo.it\\\/en\\\/#website\"},\"primaryImageOfPage\":{\"@id\":\"https:\\\/\\\/www.casarredo.it\\\/en\\\/prodotto\\\/wooden-dolls-1\\\/#primaryimage\"},\"image\":{\"@id\":\"https:\\\/\\\/www.casarredo.it\\\/en\\\/prodotto\\\/wooden-dolls-1\\\/#primaryimage\"},\"thumbnailUrl\":\"https:\\\/\\\/www.casarredo.it\\\/wp-content\\\/uploads\\\/2020\\\/04\\\/wooden-dolls.jpeg\",\"datePublished\":\"2020-04-17T19:06:45+00:00\",\"dateModified\":\"2026-02-27T11:02:22+00:00\",\"description\":\"Le Wooden Dolls di Girard sono espressione e simbolo del folklore e dell\u2019amore del designer verso l\u2019arte popolare di terre affascinanti.\",\"breadcrumb\":{\"@id\":\"https:\\\/\\\/www.casarredo.it\\\/en\\\/prodotto\\\/wooden-dolls-1\\\/#breadcrumb\"},\"inLanguage\":\"en-US\",\"potentialAction\":[{\"@type\":\"ReadAction\",\"target\":[\"https:\\\/\\\/www.casarredo.it\\\/en\\\/prodotto\\\/wooden-dolls-1\\\/\"]}]},{\"@type\":\"ImageObject\",\"inLanguage\":\"en-US\",\"@id\":\"https:\\\/\\\/www.casarredo.it\\\/en\\\/prodotto\\\/wooden-dolls-1\\\/#primaryimage\",\"url\":\"https:\\\/\\\/www.casarredo.it\\\/wp-content\\\/uploads\\\/2020\\\/04\\\/wooden-dolls.jpeg\",\"contentUrl\":\"https:\\\/\\\/www.casarredo.it\\\/wp-content\\\/uploads\\\/2020\\\/04\\\/wooden-dolls.jpeg\",\"width\":1200,\"height\":1200},{\"@type\":\"BreadcrumbList\",\"@id\":\"https:\\\/\\\/www.casarredo.it\\\/en\\\/prodotto\\\/wooden-dolls-1\\\/#breadcrumb\",\"itemListElement\":[{\"@type\":\"ListItem\",\"position\":1,\"name\":\"Home\",\"item\":\"https:\\\/\\\/www.casarredo.it\\\/en\\\/\"},{\"@type\":\"ListItem\",\"position\":2,\"name\":\"Shop online\",\"item\":\"https:\\\/\\\/www.casarredo.it\\\/en\\\/shop\\\/\"},{\"@type\":\"ListItem\",\"position\":3,\"name\":\"WOODEN DOLLS VITRA\"}]},{\"@type\":\"WebSite\",\"@id\":\"https:\\\/\\\/www.casarredo.it\\\/en\\\/#website\",\"url\":\"https:\\\/\\\/www.casarredo.it\\\/en\\\/\",\"name\":\"Casarredo.it\",\"description\":\"Design da vivere\",\"publisher\":{\"@id\":\"https:\\\/\\\/www.casarredo.it\\\/en\\\/#organization\"},\"potentialAction\":[{\"@type\":\"SearchAction\",\"target\":{\"@type\":\"EntryPoint\",\"urlTemplate\":\"https:\\\/\\\/www.casarredo.it\\\/en\\\/?s={search_term_string}\"},\"query-input\":{\"@type\":\"PropertyValueSpecification\",\"valueRequired\":true,\"valueName\":\"search_term_string\"}}],\"inLanguage\":\"en-US\"},{\"@type\":\"Organization\",\"@id\":\"https:\\\/\\\/www.casarredo.it\\\/en\\\/#organization\",\"name\":\"casarredo srl\",\"url\":\"https:\\\/\\\/www.casarredo.it\\\/en\\\/\",\"logo\":{\"@type\":\"ImageObject\",\"inLanguage\":\"en-US\",\"@id\":\"https:\\\/\\\/www.casarredo.it\\\/en\\\/#\\\/schema\\\/logo\\\/image\\\/\",\"url\":\"https:\\\/\\\/www.casarredo.it\\\/wp-content\\\/uploads\\\/2018\\\/05\\\/vanity-scaled.jpg\",\"contentUrl\":\"https:\\\/\\\/www.casarredo.it\\\/wp-content\\\/uploads\\\/2018\\\/05\\\/vanity-scaled.jpg\",\"width\":2560,\"height\":1848,\"caption\":\"casarredo srl\"},\"image\":{\"@id\":\"https:\\\/\\\/www.casarredo.it\\\/en\\\/#\\\/schema\\\/logo\\\/image\\\/\"},\"sameAs\":[\"https:\\\/\\\/www.facebook.com\\\/Casarredo-632870513490892\",\"https:\\\/\\\/www.instagram.com\\\/casarredo_fano\\\/\"]}]}<\/script>\n<!-- \/ Yoast SEO plugin. -->","yoast_head_json":{"title":"WOODEN DOLLS VITRA &#8212; Casarredo.it","description":"Le Wooden Dolls di Girard sono espressione e simbolo del folklore e dell\u2019amore del designer verso l\u2019arte popolare di terre affascinanti.","robots":{"index":"index","follow":"follow","max-snippet":"max-snippet:-1","max-image-preview":"max-image-preview:large","max-video-preview":"max-video-preview:-1"},"canonical":"https:\/\/www.casarredo.it\/en\/prodotto\/wooden-dolls-1\/","og_locale":"en_US","og_type":"article","og_title":"WOODEN DOLLS VITRA &#8212; Casarredo.it","og_description":"Le Wooden Dolls di Girard sono espressione e simbolo del folklore e dell\u2019amore del designer verso l\u2019arte popolare di terre affascinanti.","og_url":"https:\/\/www.casarredo.it\/en\/prodotto\/wooden-dolls-1\/","og_site_name":"Casarredo.it","article_publisher":"https:\/\/www.facebook.com\/Casarredo-632870513490892","article_modified_time":"2026-02-27T11:02:22+00:00","twitter_card":"summary_large_image","twitter_image":"https:\/\/www.casarredo.it\/wp-content\/uploads\/2020\/04\/wooden-dolls.jpeg","twitter_misc":{"Est. reading time":"5 minutes"},"schema":{"@context":"https:\/\/schema.org","@graph":[{"@type":"WebPage","@id":"https:\/\/www.casarredo.it\/en\/prodotto\/wooden-dolls-1\/","url":"https:\/\/www.casarredo.it\/en\/prodotto\/wooden-dolls-1\/","name":"WOODEN DOLLS VITRA &#8212; Casarredo.it","isPartOf":{"@id":"https:\/\/www.casarredo.it\/en\/#website"},"primaryImageOfPage":{"@id":"https:\/\/www.casarredo.it\/en\/prodotto\/wooden-dolls-1\/#primaryimage"},"image":{"@id":"https:\/\/www.casarredo.it\/en\/prodotto\/wooden-dolls-1\/#primaryimage"},"thumbnailUrl":"https:\/\/www.casarredo.it\/wp-content\/uploads\/2020\/04\/wooden-dolls.jpeg","datePublished":"2020-04-17T19:06:45+00:00","dateModified":"2026-02-27T11:02:22+00:00","description":"Le Wooden Dolls di Girard sono espressione e simbolo del folklore e dell\u2019amore del designer verso l\u2019arte popolare di terre affascinanti.","breadcrumb":{"@id":"https:\/\/www.casarredo.it\/en\/prodotto\/wooden-dolls-1\/#breadcrumb"},"inLanguage":"en-US","potentialAction":[{"@type":"ReadAction","target":["https:\/\/www.casarredo.it\/en\/prodotto\/wooden-dolls-1\/"]}]},{"@type":"ImageObject","inLanguage":"en-US","@id":"https:\/\/www.casarredo.it\/en\/prodotto\/wooden-dolls-1\/#primaryimage","url":"https:\/\/www.casarredo.it\/wp-content\/uploads\/2020\/04\/wooden-dolls.jpeg","contentUrl":"https:\/\/www.casarredo.it\/wp-content\/uploads\/2020\/04\/wooden-dolls.jpeg","width":1200,"height":1200},{"@type":"BreadcrumbList","@id":"https:\/\/www.casarredo.it\/en\/prodotto\/wooden-dolls-1\/#breadcrumb","itemListElement":[{"@type":"ListItem","position":1,"name":"Home","item":"https:\/\/www.casarredo.it\/en\/"},{"@type":"ListItem","position":2,"name":"Shop online","item":"https:\/\/www.casarredo.it\/en\/shop\/"},{"@type":"ListItem","position":3,"name":"WOODEN DOLLS VITRA"}]},{"@type":"WebSite","@id":"https:\/\/www.casarredo.it\/en\/#website","url":"https:\/\/www.casarredo.it\/en\/","name":"Casarredo.it","description":"Design da vivere","publisher":{"@id":"https:\/\/www.casarredo.it\/en\/#organization"},"potentialAction":[{"@type":"SearchAction","target":{"@type":"EntryPoint","urlTemplate":"https:\/\/www.casarredo.it\/en\/?s={search_term_string}"},"query-input":{"@type":"PropertyValueSpecification","valueRequired":true,"valueName":"search_term_string"}}],"inLanguage":"en-US"},{"@type":"Organization","@id":"https:\/\/www.casarredo.it\/en\/#organization","name":"casarredo srl","url":"https:\/\/www.casarredo.it\/en\/","logo":{"@type":"ImageObject","inLanguage":"en-US","@id":"https:\/\/www.casarredo.it\/en\/#\/schema\/logo\/image\/","url":"https:\/\/www.casarredo.it\/wp-content\/uploads\/2018\/05\/vanity-scaled.jpg","contentUrl":"https:\/\/www.casarredo.it\/wp-content\/uploads\/2018\/05\/vanity-scaled.jpg","width":2560,"height":1848,"caption":"casarredo srl"},"image":{"@id":"https:\/\/www.casarredo.it\/en\/#\/schema\/logo\/image\/"},"sameAs":["https:\/\/www.facebook.com\/Casarredo-632870513490892","https:\/\/www.instagram.com\/casarredo_fano\/"]}]}},"_links":{"self":[{"href":"https:\/\/www.casarredo.it\/en\/wp-json\/wp\/v2\/product\/17594","targetHints":{"allow":["GET"]}}],"collection":[{"href":"https:\/\/www.casarredo.it\/en\/wp-json\/wp\/v2\/product"}],"about":[{"href":"https:\/\/www.casarredo.it\/en\/wp-json\/wp\/v2\/types\/product"}],"wp:featuredmedia":[{"embeddable":true,"href":"https:\/\/www.casarredo.it\/en\/wp-json\/wp\/v2\/media\/31817"}],"wp:attachment":[{"href":"https:\/\/www.casarredo.it\/en\/wp-json\/wp\/v2\/media?parent=17594"}],"wp:term":[{"taxonomy":"product_brand","embeddable":true,"href":"https:\/\/www.casarredo.it\/en\/wp-json\/wp\/v2\/product_brand?post=17594"},{"taxonomy":"product_cat","embeddable":true,"href":"https:\/\/www.casarredo.it\/en\/wp-json\/wp\/v2\/product_cat?post=17594"},{"taxonomy":"product_tag","embeddable":true,"href":"https:\/\/www.casarredo.it\/en\/wp-json\/wp\/v2\/product_tag?post=17594"}],"curies":[{"name":"wp","href":"https:\/\/api.w.org\/{rel}","templated":true}]}}