{"id":17285,"date":"2020-03-18T19:47:20","date_gmt":"2020-03-18T18:47:20","guid":{"rendered":"https:\/\/www.casarredo.it\/?post_type=product&#038;p=17285"},"modified":"2026-03-24T18:22:29","modified_gmt":"2026-03-24T17:22:29","slug":"fagiolo-tavolino-sx-in-noce","status":"publish","type":"product","link":"https:\/\/www.casarredo.it\/en\/prodotto\/fagiolo-tavolino-sx-in-noce\/","title":{"rendered":"FAGIOLO TAVOLINO SX IN NOCE"},"content":{"rendered":"<p>FAGIOLO TAVOLINO SX IN NOCE SCURO AMERICANO E TOP VETRO BRONZATO<\/p>\n<div class=\"product-name\">\n<h1>Fagiolo tavolino Ceccotti Collezioni<\/h1>\n<div class=\"col-md-12\">\n<div class=\"social-media hidden-md hidden-sm hidden-xs\"><\/div>\n<\/div>\n<\/div>\n<div class=\"short-description\">\n<div class=\"cut-description\">\n<p class=\"read-more-wrap\">Fagiolo ha l&#8217;aspetto estetico insieme alla fruibilit\u00e0 , che sono gli elementi chiave di ogni arredamento che si rispetti. Nello specifico, il tavolino Fagiolo di Ceccotti Collezioni \u00e8 di discrete dimensioni ed il piano \u00e8 disponibile in diversi colori in modo da essere perfetto per l&#8217;indoor e creare piccoli salotti surreali dal design sucltoreo e futuristico.<\/p>\n<p>Il tavolino Fagiolo di Ceccotti \u00e8 realizzato in legno massello di noce americano in grado di garantirgli solidit\u00e0. Il doppio piano pu\u00f2 <span class=\"read-more-target\"> essere disponibile in diverse finiture: doppio piano in vetro 4 mm, o in vetro e marmo solo nel piano inferiore. Potrai divertiti a personalizzare questo magnifico prodotto d&#8217;arredo in base ai tuoi gusti.<\/span><\/p>\n<p>Il tavolino Fagiolo di Ceccotti e&#8217; una creazione molto insolita e intrigante a livello funzionale e grazie alla forma particolareggiata da cui deriva il nome, risulta essere un oggetto davvero molto decorativo e che incarna molto bene le audaci idee di design tipiche del marchio che lo ha realizzato.<\/p>\n<p>Dimensioni: L 66 cm &#8211; P 48 cm &#8211; H 31\/52 cm<\/p>\n<\/div>\n<\/div>\n","protected":false},"excerpt":{"rendered":"<p>FAGIOLO TAVOLINO SX IN NOCE SCURO AMERICANO E TOP VETRO BRONZATO Fagiolo tavolino Ceccotti Collezioni Fagiolo ha l&#8217;aspetto estetico insieme alla fruibilit\u00e0 , che sono gli elementi chiave di ogni arredamento che si rispetti. Nello specifico, il tavolino Fagiolo di Ceccotti Collezioni \u00e8 di discrete dimensioni ed il piano \u00e8 disponibile in diversi colori in [&hellip;]<\/p>\n","protected":false},"featured_media":17286,"template":"","meta":[],"product_brand":[],"product_cat":[602,568,363,737],"product_tag":[603,1216],"class_list":{"0":"post-17285","1":"product","2":"type-product","3":"status-publish","4":"has-post-thumbnail","6":"product_cat-ceccotti","7":"product_cat-como-e-comodini","8":"product_cat-complementi","9":"product_cat-tavoli-bassi","10":"product_tag-ceccotti","11":"product_tag-lazzeroni","13":"first","14":"instock","15":"sale","16":"shipping-taxable","17":"purchasable","18":"product-type-simple","19":"add-to-wishlist-after_add_to_cart"},"yoast_head":"<!-- This site is optimized with the Yoast SEO plugin v27.4 - https:\/\/yoast.com\/product\/yoast-seo-wordpress\/ -->\n<title>FAGIOLO TAVOLINO SX IN NOCE &#8212; Casarredo.it<\/title>\n<meta name=\"description\" content=\"FAGIOLO TAVOLINO SX IN NOCE SCURO AMERICANO E TOP VETRO BRONZATO.CECCOTTI LAZZERONI\" \/>\n<meta name=\"robots\" content=\"index, follow, max-snippet:-1, max-image-preview:large, max-video-preview:-1\" \/>\n<link rel=\"canonical\" href=\"https:\/\/www.casarredo.it\/en\/prodotto\/fagiolo-tavolino-sx-in-noce\/\" \/>\n<meta property=\"og:locale\" content=\"en_US\" \/>\n<meta property=\"og:type\" content=\"article\" \/>\n<meta property=\"og:title\" content=\"FAGIOLO TAVOLINO SX IN NOCE &#8212; Casarredo.it\" \/>\n<meta property=\"og:description\" content=\"FAGIOLO TAVOLINO SX IN NOCE SCURO AMERICANO E TOP VETRO BRONZATO.CECCOTTI LAZZERONI\" \/>\n<meta property=\"og:url\" content=\"https:\/\/www.casarredo.it\/en\/prodotto\/fagiolo-tavolino-sx-in-noce\/\" \/>\n<meta property=\"og:site_name\" content=\"Casarredo.it\" \/>\n<meta property=\"article:publisher\" content=\"https:\/\/www.facebook.com\/Casarredo-632870513490892\" \/>\n<meta property=\"article:modified_time\" content=\"2026-03-24T17:22:29+00:00\" \/>\n<meta property=\"og:image\" content=\"https:\/\/www.casarredo.it\/wp-content\/uploads\/2020\/03\/COMODINO-CECCOTTI.jpg\" \/>\n\t<meta property=\"og:image:width\" content=\"1200\" \/>\n\t<meta property=\"og:image:height\" content=\"1600\" \/>\n\t<meta property=\"og:image:type\" content=\"image\/jpeg\" \/>\n<meta name=\"twitter:card\" content=\"summary_large_image\" \/>\n<meta name=\"twitter:label1\" content=\"Est. reading time\" \/>\n\t<meta name=\"twitter:data1\" content=\"2 minutes\" \/>\n<script type=\"application\/ld+json\" class=\"yoast-schema-graph\">{\"@context\":\"https:\\\/\\\/schema.org\",\"@graph\":[{\"@type\":\"WebPage\",\"@id\":\"https:\\\/\\\/www.casarredo.it\\\/en\\\/prodotto\\\/fagiolo-tavolino-sx-in-noce\\\/\",\"url\":\"https:\\\/\\\/www.casarredo.it\\\/en\\\/prodotto\\\/fagiolo-tavolino-sx-in-noce\\\/\",\"name\":\"FAGIOLO TAVOLINO SX IN NOCE &#8212; Casarredo.it\",\"isPartOf\":{\"@id\":\"https:\\\/\\\/www.casarredo.it\\\/en\\\/#website\"},\"primaryImageOfPage\":{\"@id\":\"https:\\\/\\\/www.casarredo.it\\\/en\\\/prodotto\\\/fagiolo-tavolino-sx-in-noce\\\/#primaryimage\"},\"image\":{\"@id\":\"https:\\\/\\\/www.casarredo.it\\\/en\\\/prodotto\\\/fagiolo-tavolino-sx-in-noce\\\/#primaryimage\"},\"thumbnailUrl\":\"https:\\\/\\\/www.casarredo.it\\\/wp-content\\\/uploads\\\/2020\\\/03\\\/COMODINO-CECCOTTI.jpg\",\"datePublished\":\"2020-03-18T18:47:20+00:00\",\"dateModified\":\"2026-03-24T17:22:29+00:00\",\"description\":\"FAGIOLO TAVOLINO SX IN NOCE SCURO AMERICANO E TOP VETRO BRONZATO.CECCOTTI LAZZERONI\",\"breadcrumb\":{\"@id\":\"https:\\\/\\\/www.casarredo.it\\\/en\\\/prodotto\\\/fagiolo-tavolino-sx-in-noce\\\/#breadcrumb\"},\"inLanguage\":\"en-US\",\"potentialAction\":[{\"@type\":\"ReadAction\",\"target\":[\"https:\\\/\\\/www.casarredo.it\\\/en\\\/prodotto\\\/fagiolo-tavolino-sx-in-noce\\\/\"]}]},{\"@type\":\"ImageObject\",\"inLanguage\":\"en-US\",\"@id\":\"https:\\\/\\\/www.casarredo.it\\\/en\\\/prodotto\\\/fagiolo-tavolino-sx-in-noce\\\/#primaryimage\",\"url\":\"https:\\\/\\\/www.casarredo.it\\\/wp-content\\\/uploads\\\/2020\\\/03\\\/COMODINO-CECCOTTI.jpg\",\"contentUrl\":\"https:\\\/\\\/www.casarredo.it\\\/wp-content\\\/uploads\\\/2020\\\/03\\\/COMODINO-CECCOTTI.jpg\",\"width\":1200,\"height\":1600},{\"@type\":\"BreadcrumbList\",\"@id\":\"https:\\\/\\\/www.casarredo.it\\\/en\\\/prodotto\\\/fagiolo-tavolino-sx-in-noce\\\/#breadcrumb\",\"itemListElement\":[{\"@type\":\"ListItem\",\"position\":1,\"name\":\"Home\",\"item\":\"https:\\\/\\\/www.casarredo.it\\\/en\\\/\"},{\"@type\":\"ListItem\",\"position\":2,\"name\":\"Shop online\",\"item\":\"https:\\\/\\\/www.casarredo.it\\\/en\\\/shop\\\/\"},{\"@type\":\"ListItem\",\"position\":3,\"name\":\"FAGIOLO TAVOLINO SX IN NOCE\"}]},{\"@type\":\"WebSite\",\"@id\":\"https:\\\/\\\/www.casarredo.it\\\/en\\\/#website\",\"url\":\"https:\\\/\\\/www.casarredo.it\\\/en\\\/\",\"name\":\"Casarredo.it\",\"description\":\"Design da vivere\",\"publisher\":{\"@id\":\"https:\\\/\\\/www.casarredo.it\\\/en\\\/#organization\"},\"potentialAction\":[{\"@type\":\"SearchAction\",\"target\":{\"@type\":\"EntryPoint\",\"urlTemplate\":\"https:\\\/\\\/www.casarredo.it\\\/en\\\/?s={search_term_string}\"},\"query-input\":{\"@type\":\"PropertyValueSpecification\",\"valueRequired\":true,\"valueName\":\"search_term_string\"}}],\"inLanguage\":\"en-US\"},{\"@type\":\"Organization\",\"@id\":\"https:\\\/\\\/www.casarredo.it\\\/en\\\/#organization\",\"name\":\"casarredo srl\",\"url\":\"https:\\\/\\\/www.casarredo.it\\\/en\\\/\",\"logo\":{\"@type\":\"ImageObject\",\"inLanguage\":\"en-US\",\"@id\":\"https:\\\/\\\/www.casarredo.it\\\/en\\\/#\\\/schema\\\/logo\\\/image\\\/\",\"url\":\"https:\\\/\\\/www.casarredo.it\\\/wp-content\\\/uploads\\\/2018\\\/05\\\/vanity-scaled.jpg\",\"contentUrl\":\"https:\\\/\\\/www.casarredo.it\\\/wp-content\\\/uploads\\\/2018\\\/05\\\/vanity-scaled.jpg\",\"width\":2560,\"height\":1848,\"caption\":\"casarredo srl\"},\"image\":{\"@id\":\"https:\\\/\\\/www.casarredo.it\\\/en\\\/#\\\/schema\\\/logo\\\/image\\\/\"},\"sameAs\":[\"https:\\\/\\\/www.facebook.com\\\/Casarredo-632870513490892\",\"https:\\\/\\\/www.instagram.com\\\/casarredo_fano\\\/\"]}]}<\/script>\n<!-- \/ Yoast SEO plugin. -->","yoast_head_json":{"title":"FAGIOLO TAVOLINO SX IN NOCE &#8212; Casarredo.it","description":"FAGIOLO TAVOLINO SX IN NOCE SCURO AMERICANO E TOP VETRO BRONZATO.CECCOTTI LAZZERONI","robots":{"index":"index","follow":"follow","max-snippet":"max-snippet:-1","max-image-preview":"max-image-preview:large","max-video-preview":"max-video-preview:-1"},"canonical":"https:\/\/www.casarredo.it\/en\/prodotto\/fagiolo-tavolino-sx-in-noce\/","og_locale":"en_US","og_type":"article","og_title":"FAGIOLO TAVOLINO SX IN NOCE &#8212; Casarredo.it","og_description":"FAGIOLO TAVOLINO SX IN NOCE SCURO AMERICANO E TOP VETRO BRONZATO.CECCOTTI LAZZERONI","og_url":"https:\/\/www.casarredo.it\/en\/prodotto\/fagiolo-tavolino-sx-in-noce\/","og_site_name":"Casarredo.it","article_publisher":"https:\/\/www.facebook.com\/Casarredo-632870513490892","article_modified_time":"2026-03-24T17:22:29+00:00","og_image":[{"width":1200,"height":1600,"url":"https:\/\/www.casarredo.it\/wp-content\/uploads\/2020\/03\/COMODINO-CECCOTTI.jpg","type":"image\/jpeg"}],"twitter_card":"summary_large_image","twitter_misc":{"Est. reading time":"2 minutes"},"schema":{"@context":"https:\/\/schema.org","@graph":[{"@type":"WebPage","@id":"https:\/\/www.casarredo.it\/en\/prodotto\/fagiolo-tavolino-sx-in-noce\/","url":"https:\/\/www.casarredo.it\/en\/prodotto\/fagiolo-tavolino-sx-in-noce\/","name":"FAGIOLO TAVOLINO SX IN NOCE &#8212; Casarredo.it","isPartOf":{"@id":"https:\/\/www.casarredo.it\/en\/#website"},"primaryImageOfPage":{"@id":"https:\/\/www.casarredo.it\/en\/prodotto\/fagiolo-tavolino-sx-in-noce\/#primaryimage"},"image":{"@id":"https:\/\/www.casarredo.it\/en\/prodotto\/fagiolo-tavolino-sx-in-noce\/#primaryimage"},"thumbnailUrl":"https:\/\/www.casarredo.it\/wp-content\/uploads\/2020\/03\/COMODINO-CECCOTTI.jpg","datePublished":"2020-03-18T18:47:20+00:00","dateModified":"2026-03-24T17:22:29+00:00","description":"FAGIOLO TAVOLINO SX IN NOCE SCURO AMERICANO E TOP VETRO BRONZATO.CECCOTTI LAZZERONI","breadcrumb":{"@id":"https:\/\/www.casarredo.it\/en\/prodotto\/fagiolo-tavolino-sx-in-noce\/#breadcrumb"},"inLanguage":"en-US","potentialAction":[{"@type":"ReadAction","target":["https:\/\/www.casarredo.it\/en\/prodotto\/fagiolo-tavolino-sx-in-noce\/"]}]},{"@type":"ImageObject","inLanguage":"en-US","@id":"https:\/\/www.casarredo.it\/en\/prodotto\/fagiolo-tavolino-sx-in-noce\/#primaryimage","url":"https:\/\/www.casarredo.it\/wp-content\/uploads\/2020\/03\/COMODINO-CECCOTTI.jpg","contentUrl":"https:\/\/www.casarredo.it\/wp-content\/uploads\/2020\/03\/COMODINO-CECCOTTI.jpg","width":1200,"height":1600},{"@type":"BreadcrumbList","@id":"https:\/\/www.casarredo.it\/en\/prodotto\/fagiolo-tavolino-sx-in-noce\/#breadcrumb","itemListElement":[{"@type":"ListItem","position":1,"name":"Home","item":"https:\/\/www.casarredo.it\/en\/"},{"@type":"ListItem","position":2,"name":"Shop online","item":"https:\/\/www.casarredo.it\/en\/shop\/"},{"@type":"ListItem","position":3,"name":"FAGIOLO TAVOLINO SX IN NOCE"}]},{"@type":"WebSite","@id":"https:\/\/www.casarredo.it\/en\/#website","url":"https:\/\/www.casarredo.it\/en\/","name":"Casarredo.it","description":"Design da vivere","publisher":{"@id":"https:\/\/www.casarredo.it\/en\/#organization"},"potentialAction":[{"@type":"SearchAction","target":{"@type":"EntryPoint","urlTemplate":"https:\/\/www.casarredo.it\/en\/?s={search_term_string}"},"query-input":{"@type":"PropertyValueSpecification","valueRequired":true,"valueName":"search_term_string"}}],"inLanguage":"en-US"},{"@type":"Organization","@id":"https:\/\/www.casarredo.it\/en\/#organization","name":"casarredo srl","url":"https:\/\/www.casarredo.it\/en\/","logo":{"@type":"ImageObject","inLanguage":"en-US","@id":"https:\/\/www.casarredo.it\/en\/#\/schema\/logo\/image\/","url":"https:\/\/www.casarredo.it\/wp-content\/uploads\/2018\/05\/vanity-scaled.jpg","contentUrl":"https:\/\/www.casarredo.it\/wp-content\/uploads\/2018\/05\/vanity-scaled.jpg","width":2560,"height":1848,"caption":"casarredo srl"},"image":{"@id":"https:\/\/www.casarredo.it\/en\/#\/schema\/logo\/image\/"},"sameAs":["https:\/\/www.facebook.com\/Casarredo-632870513490892","https:\/\/www.instagram.com\/casarredo_fano\/"]}]}},"_links":{"self":[{"href":"https:\/\/www.casarredo.it\/en\/wp-json\/wp\/v2\/product\/17285","targetHints":{"allow":["GET"]}}],"collection":[{"href":"https:\/\/www.casarredo.it\/en\/wp-json\/wp\/v2\/product"}],"about":[{"href":"https:\/\/www.casarredo.it\/en\/wp-json\/wp\/v2\/types\/product"}],"wp:featuredmedia":[{"embeddable":true,"href":"https:\/\/www.casarredo.it\/en\/wp-json\/wp\/v2\/media\/17286"}],"wp:attachment":[{"href":"https:\/\/www.casarredo.it\/en\/wp-json\/wp\/v2\/media?parent=17285"}],"wp:term":[{"taxonomy":"product_brand","embeddable":true,"href":"https:\/\/www.casarredo.it\/en\/wp-json\/wp\/v2\/product_brand?post=17285"},{"taxonomy":"product_cat","embeddable":true,"href":"https:\/\/www.casarredo.it\/en\/wp-json\/wp\/v2\/product_cat?post=17285"},{"taxonomy":"product_tag","embeddable":true,"href":"https:\/\/www.casarredo.it\/en\/wp-json\/wp\/v2\/product_tag?post=17285"}],"curies":[{"name":"wp","href":"https:\/\/api.w.org\/{rel}","templated":true}]}}