{"id":17149,"date":"2020-02-14T17:37:01","date_gmt":"2020-02-14T16:37:01","guid":{"rendered":"https:\/\/www.casarredo.it\/?post_type=product&#038;p=17149"},"modified":"2025-05-21T19:44:38","modified_gmt":"2025-05-21T17:44:38","slug":"space-limited-edition-rossa","status":"publish","type":"product","link":"https:\/\/www.casarredo.it\/en\/prodotto\/space-limited-edition-rossa\/","title":{"rendered":"SPACE LIMITED EDITION ROSSA"},"content":{"rendered":"<p><\/p>\n<h1>SPACE LIMITED EDITION ROSSA<\/h1>\n<p>Il colore che rappresenta al meglio la festivit\u00e0 di San Valentino \u00e8 il rosso, emblema dell\u2019amore e della passione: rosse sono le rose simbolo del giorno pi\u00f9 romantico, rosso \u00e8 il cuore che batte per la persona amata.<\/p>\n<p>Per San Valentino, le lam<\/p>\n<div class=\"wp-menu-arrow\">\n<div><\/div>\n<\/div>\n<div class=\"wp-menu-image dashicons-before dashicons-admin-post\"><\/div>\n<div class=\"wp-menu-name\">Prodotti<\/div>\n<p>pade Kartell, declinate in versione rossa per creare un\u2019atmosfera calda e avvolgente e far brillare questa romantica giornata della luce giusta.<\/p>\n<p><strong>SPACE\u00a0<\/strong>di\u00a0<strong>Adam Tihany<\/strong>\u00a0\u00e8 proposta in una\u00a0<strong>Limited Edition rossa<\/strong>.<\/p>\n<p>Una lampada perfetta per illuminare in modo soffuso una tavola romantica. La silhouette allungata e traslucida di Space si colora di rosso unitamente alla parte centrale del cappello da cui la lampada si accende con un semplice tocco. Una abat-jour dalle dimensioni contenute, la cui particolarit\u00e0 \u00e8 data dal fatto che \u00e8\u00a0<strong>100% ricaricabile<\/strong>\u00a0tramite una semplice spina elettrica e pu\u00f2 vivere in a<strong>utonomia fino a 6 ore<\/strong>.<\/p>\n<p>Per creare un\u2019atmosfera con le tinte della passione,\u00a0<strong>Lantern\u00a0<\/strong>di Fabio Novembre \u00e8 la scelta giusta. Un\u2019originale lampada a led portatile, una \u201clanterna ricaricabile\u201d trasparente, stampata a iniezione, che si ricarica appoggiandosi a una base conduttrice. La luce viene proiettata grazie a un effetto grafico del design che illumina in modo discreto ma molto emozionale ogni angolo della casa.<\/p>\n<p>Due lampade Taj si uniscono per creare la forma di un cuore rosso, il simbolo pi\u00f9 riconoscibile di San Valentino.\u00a0<strong>Taj<\/strong>\u00a0di Ferruccio Laviani pi\u00f9 che una lampada \u00e8 un segno tridimensionale, una scultura luminosa, una presenza che ci accompagna in questa giornata speciale. Pur essendo una lampada da tavolo, bella da accesa come da spenta, Taj sfrutta la tecnologia LED per ottimizzare e minimizzare il pi\u00f9 possibile la sorgente luminosa.<\/p>\n<div class=\"wp-block-image\"><\/div>\n<p><\/p>\n","protected":false},"excerpt":{"rendered":"<p>SPACE LIMITED EDITION ROSSA Il colore che rappresenta al meglio la festivit\u00e0 di San Valentino \u00e8 il rosso, emblema dell\u2019amore e della passione: rosse sono le rose simbolo del giorno pi\u00f9 romantico, rosso \u00e8 il cuore che batte per la persona amata. Per San Valentino, le lam Prodotti pade Kartell, declinate in versione rossa per [&hellip;]<\/p>\n","protected":false},"featured_media":17150,"template":"","meta":[],"product_brand":[],"product_cat":[356,399,403],"product_tag":[358,1281,1627],"class_list":{"0":"post-17149","1":"product","2":"type-product","3":"status-publish","4":"has-post-thumbnail","6":"product_cat-kartell","7":"product_cat-lampada-da-tavolo","8":"product_cat-lampada","9":"product_tag-kartell","10":"product_tag-lampada","11":"product_tag-space","13":"first","14":"outofstock","15":"sale","16":"shipping-taxable","17":"purchasable","18":"product-type-simple","19":"add-to-wishlist-after_add_to_cart"},"yoast_head":"<!-- This site is optimized with the Yoast SEO plugin v27.4 - https:\/\/yoast.com\/product\/yoast-seo-wordpress\/ -->\n<title>SPACE LIMITED EDITION ROSSA &#8212; Casarredo.it SPACE<\/title>\n<meta name=\"description\" content=\"ROSSA LIMITED EDITION\" \/>\n<meta name=\"robots\" content=\"index, follow, max-snippet:-1, max-image-preview:large, max-video-preview:-1\" \/>\n<link rel=\"canonical\" href=\"https:\/\/www.casarredo.it\/en\/prodotto\/space-limited-edition-rossa\/\" \/>\n<meta property=\"og:locale\" content=\"en_US\" \/>\n<meta property=\"og:type\" content=\"article\" \/>\n<meta property=\"og:title\" content=\"SPACE LIMITED EDITION ROSSA &#8212; Casarredo.it SPACE\" \/>\n<meta property=\"og:description\" content=\"ROSSA LIMITED EDITION\" \/>\n<meta property=\"og:url\" content=\"https:\/\/www.casarredo.it\/en\/prodotto\/space-limited-edition-rossa\/\" \/>\n<meta property=\"og:site_name\" content=\"Casarredo.it\" \/>\n<meta property=\"article:publisher\" content=\"https:\/\/www.facebook.com\/Casarredo-632870513490892\" \/>\n<meta property=\"article:modified_time\" content=\"2025-05-21T17:44:38+00:00\" \/>\n<meta property=\"og:image\" content=\"https:\/\/www.casarredo.it\/wp-content\/uploads\/2020\/02\/space_limited-edition_group-750x571.jpg\" \/>\n\t<meta property=\"og:image:width\" content=\"750\" \/>\n\t<meta property=\"og:image:height\" content=\"571\" \/>\n\t<meta property=\"og:image:type\" content=\"image\/jpeg\" \/>\n<meta name=\"twitter:card\" content=\"summary_large_image\" \/>\n<meta name=\"twitter:label1\" content=\"Est. reading time\" \/>\n\t<meta name=\"twitter:data1\" content=\"2 minutes\" \/>\n<script type=\"application\/ld+json\" class=\"yoast-schema-graph\">{\"@context\":\"https:\\\/\\\/schema.org\",\"@graph\":[{\"@type\":\"WebPage\",\"@id\":\"https:\\\/\\\/www.casarredo.it\\\/en\\\/prodotto\\\/space-limited-edition-rossa\\\/\",\"url\":\"https:\\\/\\\/www.casarredo.it\\\/en\\\/prodotto\\\/space-limited-edition-rossa\\\/\",\"name\":\"SPACE LIMITED EDITION ROSSA &#8212; Casarredo.it SPACE\",\"isPartOf\":{\"@id\":\"https:\\\/\\\/www.casarredo.it\\\/en\\\/#website\"},\"primaryImageOfPage\":{\"@id\":\"https:\\\/\\\/www.casarredo.it\\\/en\\\/prodotto\\\/space-limited-edition-rossa\\\/#primaryimage\"},\"image\":{\"@id\":\"https:\\\/\\\/www.casarredo.it\\\/en\\\/prodotto\\\/space-limited-edition-rossa\\\/#primaryimage\"},\"thumbnailUrl\":\"https:\\\/\\\/www.casarredo.it\\\/wp-content\\\/uploads\\\/2020\\\/02\\\/space_limited-edition_group-750x571.jpg\",\"datePublished\":\"2020-02-14T16:37:01+00:00\",\"dateModified\":\"2025-05-21T17:44:38+00:00\",\"description\":\"ROSSA LIMITED EDITION\",\"breadcrumb\":{\"@id\":\"https:\\\/\\\/www.casarredo.it\\\/en\\\/prodotto\\\/space-limited-edition-rossa\\\/#breadcrumb\"},\"inLanguage\":\"en-US\",\"potentialAction\":[{\"@type\":\"ReadAction\",\"target\":[\"https:\\\/\\\/www.casarredo.it\\\/en\\\/prodotto\\\/space-limited-edition-rossa\\\/\"]}]},{\"@type\":\"ImageObject\",\"inLanguage\":\"en-US\",\"@id\":\"https:\\\/\\\/www.casarredo.it\\\/en\\\/prodotto\\\/space-limited-edition-rossa\\\/#primaryimage\",\"url\":\"https:\\\/\\\/www.casarredo.it\\\/wp-content\\\/uploads\\\/2020\\\/02\\\/space_limited-edition_group-750x571.jpg\",\"contentUrl\":\"https:\\\/\\\/www.casarredo.it\\\/wp-content\\\/uploads\\\/2020\\\/02\\\/space_limited-edition_group-750x571.jpg\",\"width\":750,\"height\":571},{\"@type\":\"BreadcrumbList\",\"@id\":\"https:\\\/\\\/www.casarredo.it\\\/en\\\/prodotto\\\/space-limited-edition-rossa\\\/#breadcrumb\",\"itemListElement\":[{\"@type\":\"ListItem\",\"position\":1,\"name\":\"Home\",\"item\":\"https:\\\/\\\/www.casarredo.it\\\/en\\\/\"},{\"@type\":\"ListItem\",\"position\":2,\"name\":\"Shop online\",\"item\":\"https:\\\/\\\/www.casarredo.it\\\/en\\\/shop\\\/\"},{\"@type\":\"ListItem\",\"position\":3,\"name\":\"SPACE LIMITED EDITION ROSSA\"}]},{\"@type\":\"WebSite\",\"@id\":\"https:\\\/\\\/www.casarredo.it\\\/en\\\/#website\",\"url\":\"https:\\\/\\\/www.casarredo.it\\\/en\\\/\",\"name\":\"Casarredo.it\",\"description\":\"Design da vivere\",\"publisher\":{\"@id\":\"https:\\\/\\\/www.casarredo.it\\\/en\\\/#organization\"},\"potentialAction\":[{\"@type\":\"SearchAction\",\"target\":{\"@type\":\"EntryPoint\",\"urlTemplate\":\"https:\\\/\\\/www.casarredo.it\\\/en\\\/?s={search_term_string}\"},\"query-input\":{\"@type\":\"PropertyValueSpecification\",\"valueRequired\":true,\"valueName\":\"search_term_string\"}}],\"inLanguage\":\"en-US\"},{\"@type\":\"Organization\",\"@id\":\"https:\\\/\\\/www.casarredo.it\\\/en\\\/#organization\",\"name\":\"casarredo srl\",\"url\":\"https:\\\/\\\/www.casarredo.it\\\/en\\\/\",\"logo\":{\"@type\":\"ImageObject\",\"inLanguage\":\"en-US\",\"@id\":\"https:\\\/\\\/www.casarredo.it\\\/en\\\/#\\\/schema\\\/logo\\\/image\\\/\",\"url\":\"https:\\\/\\\/www.casarredo.it\\\/wp-content\\\/uploads\\\/2018\\\/05\\\/vanity-scaled.jpg\",\"contentUrl\":\"https:\\\/\\\/www.casarredo.it\\\/wp-content\\\/uploads\\\/2018\\\/05\\\/vanity-scaled.jpg\",\"width\":2560,\"height\":1848,\"caption\":\"casarredo srl\"},\"image\":{\"@id\":\"https:\\\/\\\/www.casarredo.it\\\/en\\\/#\\\/schema\\\/logo\\\/image\\\/\"},\"sameAs\":[\"https:\\\/\\\/www.facebook.com\\\/Casarredo-632870513490892\",\"https:\\\/\\\/www.instagram.com\\\/casarredo_fano\\\/\"]}]}<\/script>\n<!-- \/ Yoast SEO plugin. -->","yoast_head_json":{"title":"SPACE LIMITED EDITION ROSSA &#8212; Casarredo.it SPACE","description":"ROSSA LIMITED EDITION","robots":{"index":"index","follow":"follow","max-snippet":"max-snippet:-1","max-image-preview":"max-image-preview:large","max-video-preview":"max-video-preview:-1"},"canonical":"https:\/\/www.casarredo.it\/en\/prodotto\/space-limited-edition-rossa\/","og_locale":"en_US","og_type":"article","og_title":"SPACE LIMITED EDITION ROSSA &#8212; Casarredo.it SPACE","og_description":"ROSSA LIMITED EDITION","og_url":"https:\/\/www.casarredo.it\/en\/prodotto\/space-limited-edition-rossa\/","og_site_name":"Casarredo.it","article_publisher":"https:\/\/www.facebook.com\/Casarredo-632870513490892","article_modified_time":"2025-05-21T17:44:38+00:00","og_image":[{"width":750,"height":571,"url":"https:\/\/www.casarredo.it\/wp-content\/uploads\/2020\/02\/space_limited-edition_group-750x571.jpg","type":"image\/jpeg"}],"twitter_card":"summary_large_image","twitter_misc":{"Est. reading time":"2 minutes"},"schema":{"@context":"https:\/\/schema.org","@graph":[{"@type":"WebPage","@id":"https:\/\/www.casarredo.it\/en\/prodotto\/space-limited-edition-rossa\/","url":"https:\/\/www.casarredo.it\/en\/prodotto\/space-limited-edition-rossa\/","name":"SPACE LIMITED EDITION ROSSA &#8212; Casarredo.it SPACE","isPartOf":{"@id":"https:\/\/www.casarredo.it\/en\/#website"},"primaryImageOfPage":{"@id":"https:\/\/www.casarredo.it\/en\/prodotto\/space-limited-edition-rossa\/#primaryimage"},"image":{"@id":"https:\/\/www.casarredo.it\/en\/prodotto\/space-limited-edition-rossa\/#primaryimage"},"thumbnailUrl":"https:\/\/www.casarredo.it\/wp-content\/uploads\/2020\/02\/space_limited-edition_group-750x571.jpg","datePublished":"2020-02-14T16:37:01+00:00","dateModified":"2025-05-21T17:44:38+00:00","description":"ROSSA LIMITED EDITION","breadcrumb":{"@id":"https:\/\/www.casarredo.it\/en\/prodotto\/space-limited-edition-rossa\/#breadcrumb"},"inLanguage":"en-US","potentialAction":[{"@type":"ReadAction","target":["https:\/\/www.casarredo.it\/en\/prodotto\/space-limited-edition-rossa\/"]}]},{"@type":"ImageObject","inLanguage":"en-US","@id":"https:\/\/www.casarredo.it\/en\/prodotto\/space-limited-edition-rossa\/#primaryimage","url":"https:\/\/www.casarredo.it\/wp-content\/uploads\/2020\/02\/space_limited-edition_group-750x571.jpg","contentUrl":"https:\/\/www.casarredo.it\/wp-content\/uploads\/2020\/02\/space_limited-edition_group-750x571.jpg","width":750,"height":571},{"@type":"BreadcrumbList","@id":"https:\/\/www.casarredo.it\/en\/prodotto\/space-limited-edition-rossa\/#breadcrumb","itemListElement":[{"@type":"ListItem","position":1,"name":"Home","item":"https:\/\/www.casarredo.it\/en\/"},{"@type":"ListItem","position":2,"name":"Shop online","item":"https:\/\/www.casarredo.it\/en\/shop\/"},{"@type":"ListItem","position":3,"name":"SPACE LIMITED EDITION ROSSA"}]},{"@type":"WebSite","@id":"https:\/\/www.casarredo.it\/en\/#website","url":"https:\/\/www.casarredo.it\/en\/","name":"Casarredo.it","description":"Design da vivere","publisher":{"@id":"https:\/\/www.casarredo.it\/en\/#organization"},"potentialAction":[{"@type":"SearchAction","target":{"@type":"EntryPoint","urlTemplate":"https:\/\/www.casarredo.it\/en\/?s={search_term_string}"},"query-input":{"@type":"PropertyValueSpecification","valueRequired":true,"valueName":"search_term_string"}}],"inLanguage":"en-US"},{"@type":"Organization","@id":"https:\/\/www.casarredo.it\/en\/#organization","name":"casarredo srl","url":"https:\/\/www.casarredo.it\/en\/","logo":{"@type":"ImageObject","inLanguage":"en-US","@id":"https:\/\/www.casarredo.it\/en\/#\/schema\/logo\/image\/","url":"https:\/\/www.casarredo.it\/wp-content\/uploads\/2018\/05\/vanity-scaled.jpg","contentUrl":"https:\/\/www.casarredo.it\/wp-content\/uploads\/2018\/05\/vanity-scaled.jpg","width":2560,"height":1848,"caption":"casarredo srl"},"image":{"@id":"https:\/\/www.casarredo.it\/en\/#\/schema\/logo\/image\/"},"sameAs":["https:\/\/www.facebook.com\/Casarredo-632870513490892","https:\/\/www.instagram.com\/casarredo_fano\/"]}]}},"_links":{"self":[{"href":"https:\/\/www.casarredo.it\/en\/wp-json\/wp\/v2\/product\/17149","targetHints":{"allow":["GET"]}}],"collection":[{"href":"https:\/\/www.casarredo.it\/en\/wp-json\/wp\/v2\/product"}],"about":[{"href":"https:\/\/www.casarredo.it\/en\/wp-json\/wp\/v2\/types\/product"}],"wp:featuredmedia":[{"embeddable":true,"href":"https:\/\/www.casarredo.it\/en\/wp-json\/wp\/v2\/media\/17150"}],"wp:attachment":[{"href":"https:\/\/www.casarredo.it\/en\/wp-json\/wp\/v2\/media?parent=17149"}],"wp:term":[{"taxonomy":"product_brand","embeddable":true,"href":"https:\/\/www.casarredo.it\/en\/wp-json\/wp\/v2\/product_brand?post=17149"},{"taxonomy":"product_cat","embeddable":true,"href":"https:\/\/www.casarredo.it\/en\/wp-json\/wp\/v2\/product_cat?post=17149"},{"taxonomy":"product_tag","embeddable":true,"href":"https:\/\/www.casarredo.it\/en\/wp-json\/wp\/v2\/product_tag?post=17149"}],"curies":[{"name":"wp","href":"https:\/\/api.w.org\/{rel}","templated":true}]}}