{"id":16730,"date":"2019-07-30T11:27:19","date_gmt":"2019-07-30T09:27:19","guid":{"rendered":"https:\/\/www.casarredo.it\/?post_type=product&#038;p=16730"},"modified":"2025-11-03T19:46:47","modified_gmt":"2025-11-03T18:46:47","slug":"big-battery-kartell","status":"publish","type":"product","link":"https:\/\/www.casarredo.it\/en\/prodotto\/big-battery-kartell\/","title":{"rendered":"BIG BATTERY KARTELL"},"content":{"rendered":"<p><\/p>\n<h1>BIG BATTERY<\/h1>\n<p><strong>Big Battery \u00e8 la storica lampada di Ferruccio Laviani per Kartell. Realizzata in PMMA trasparente \u00e8 oggi disponibile in versione Big.<\/strong><\/p>\n<p>Big Battery \u00e8 una fortunata famiglia di lampade firmata Kartell, la cui grande innovazione della versione piccola \u00e8 data dal fatto che pu\u00f2 essere ricaricata e poi vivere in autonomia fino a 6 ore. Disponibile nella versione con alimentazione diretta o nella versione con batteria dimmerabile.<br \/>\n<em><br \/>\nIP 20 3,7 3W Led 2700 \u00b0K &#8211; PMMA trasparente, prugna , azzurro, cola<br \/>\n<span id=\"result_box\" lang=\"en\"><span class=\"hps\">9470 &#8211; versione con alimentazione diretta<\/span><\/span><\/em><\/p>\n<p><\/p>\n","protected":false},"excerpt":{"rendered":"<p>BIG BATTERY Big Battery \u00e8 la storica lampada di Ferruccio Laviani per Kartell. Realizzata in PMMA trasparente \u00e8 oggi disponibile in versione Big. Big Battery \u00e8 una fortunata famiglia di lampade firmata Kartell, la cui grande innovazione della versione piccola \u00e8 data dal fatto che pu\u00f2 essere ricaricata e poi vivere in autonomia fino a [&hellip;]<\/p>\n","protected":false},"featured_media":16731,"template":"","meta":[],"product_brand":[],"product_cat":[363,389,356,399,403],"product_tag":[2624,642],"class_list":{"0":"post-16730","1":"product","2":"type-product","3":"status-publish","4":"has-post-thumbnail","6":"product_cat-complementi","7":"product_cat-idee-regalo","8":"product_cat-kartell","9":"product_cat-lampada-da-tavolo","10":"product_cat-lampada","11":"product_tag-big-battery","12":"product_tag-ferruccio-laviani","13":"pa_colore-az-azzurro","14":"pa_colore-b4-cristallo","15":"pa_colore-co-cola","16":"pa_colore-pr-prugna","18":"first","19":"instock","20":"sale","21":"taxable","22":"shipping-taxable","23":"purchasable","24":"product-type-variable","25":"add-to-wishlist-after_add_to_cart"},"yoast_head":"<!-- This site is optimized with the Yoast SEO plugin v27.4 - https:\/\/yoast.com\/product\/yoast-seo-wordpress\/ -->\n<title>BIG BATTERY KARTELL &#8212; Casarredo.it<\/title>\n<meta name=\"description\" content=\"Big Battery \u00e8 la storica lampada di Ferruccio Laviani per Kartell. Realizzata in PMMA trasparente \u00e8 oggi disponibile in versione Big.\" \/>\n<meta name=\"robots\" content=\"index, follow, max-snippet:-1, max-image-preview:large, max-video-preview:-1\" \/>\n<link rel=\"canonical\" href=\"https:\/\/www.casarredo.it\/en\/prodotto\/big-battery-kartell\/\" \/>\n<meta property=\"og:locale\" content=\"en_US\" \/>\n<meta property=\"og:type\" content=\"article\" \/>\n<meta property=\"og:title\" content=\"BIG BATTERY KARTELL &#8212; Casarredo.it\" \/>\n<meta property=\"og:description\" content=\"Big Battery \u00e8 la storica lampada di Ferruccio Laviani per Kartell. Realizzata in PMMA trasparente \u00e8 oggi disponibile in versione Big.\" \/>\n<meta property=\"og:url\" content=\"https:\/\/www.casarredo.it\/en\/prodotto\/big-battery-kartell\/\" \/>\n<meta property=\"og:site_name\" content=\"Casarredo.it\" \/>\n<meta property=\"article:publisher\" content=\"https:\/\/www.facebook.com\/Casarredo-632870513490892\" \/>\n<meta property=\"article:modified_time\" content=\"2025-11-03T18:46:47+00:00\" \/>\n<meta property=\"og:image\" content=\"https:\/\/www.casarredo.it\/wp-content\/uploads\/2019\/07\/big-battery.jpg\" \/>\n\t<meta property=\"og:image:width\" content=\"1500\" \/>\n\t<meta property=\"og:image:height\" content=\"1500\" \/>\n\t<meta property=\"og:image:type\" content=\"image\/jpeg\" \/>\n<meta name=\"twitter:card\" content=\"summary_large_image\" \/>\n<meta name=\"twitter:label1\" content=\"Est. reading time\" \/>\n\t<meta name=\"twitter:data1\" content=\"2 minutes\" \/>\n<script type=\"application\/ld+json\" class=\"yoast-schema-graph\">{\"@context\":\"https:\\\/\\\/schema.org\",\"@graph\":[{\"@type\":\"WebPage\",\"@id\":\"https:\\\/\\\/www.casarredo.it\\\/en\\\/prodotto\\\/big-battery-kartell\\\/\",\"url\":\"https:\\\/\\\/www.casarredo.it\\\/en\\\/prodotto\\\/big-battery-kartell\\\/\",\"name\":\"BIG BATTERY KARTELL &#8212; Casarredo.it\",\"isPartOf\":{\"@id\":\"https:\\\/\\\/www.casarredo.it\\\/en\\\/#website\"},\"primaryImageOfPage\":{\"@id\":\"https:\\\/\\\/www.casarredo.it\\\/en\\\/prodotto\\\/big-battery-kartell\\\/#primaryimage\"},\"image\":{\"@id\":\"https:\\\/\\\/www.casarredo.it\\\/en\\\/prodotto\\\/big-battery-kartell\\\/#primaryimage\"},\"thumbnailUrl\":\"https:\\\/\\\/www.casarredo.it\\\/wp-content\\\/uploads\\\/2019\\\/07\\\/big-battery.jpg\",\"datePublished\":\"2019-07-30T09:27:19+00:00\",\"dateModified\":\"2025-11-03T18:46:47+00:00\",\"description\":\"Big Battery \u00e8 la storica lampada di Ferruccio Laviani per Kartell. Realizzata in PMMA trasparente \u00e8 oggi disponibile in versione Big.\",\"breadcrumb\":{\"@id\":\"https:\\\/\\\/www.casarredo.it\\\/en\\\/prodotto\\\/big-battery-kartell\\\/#breadcrumb\"},\"inLanguage\":\"en-US\",\"potentialAction\":[{\"@type\":\"ReadAction\",\"target\":[\"https:\\\/\\\/www.casarredo.it\\\/en\\\/prodotto\\\/big-battery-kartell\\\/\"]}]},{\"@type\":\"ImageObject\",\"inLanguage\":\"en-US\",\"@id\":\"https:\\\/\\\/www.casarredo.it\\\/en\\\/prodotto\\\/big-battery-kartell\\\/#primaryimage\",\"url\":\"https:\\\/\\\/www.casarredo.it\\\/wp-content\\\/uploads\\\/2019\\\/07\\\/big-battery.jpg\",\"contentUrl\":\"https:\\\/\\\/www.casarredo.it\\\/wp-content\\\/uploads\\\/2019\\\/07\\\/big-battery.jpg\",\"width\":1500,\"height\":1500},{\"@type\":\"BreadcrumbList\",\"@id\":\"https:\\\/\\\/www.casarredo.it\\\/en\\\/prodotto\\\/big-battery-kartell\\\/#breadcrumb\",\"itemListElement\":[{\"@type\":\"ListItem\",\"position\":1,\"name\":\"Home\",\"item\":\"https:\\\/\\\/www.casarredo.it\\\/en\\\/\"},{\"@type\":\"ListItem\",\"position\":2,\"name\":\"Shop online\",\"item\":\"https:\\\/\\\/www.casarredo.it\\\/en\\\/shop\\\/\"},{\"@type\":\"ListItem\",\"position\":3,\"name\":\"BIG BATTERY KARTELL\"}]},{\"@type\":\"WebSite\",\"@id\":\"https:\\\/\\\/www.casarredo.it\\\/en\\\/#website\",\"url\":\"https:\\\/\\\/www.casarredo.it\\\/en\\\/\",\"name\":\"Casarredo.it\",\"description\":\"Design da vivere\",\"publisher\":{\"@id\":\"https:\\\/\\\/www.casarredo.it\\\/en\\\/#organization\"},\"potentialAction\":[{\"@type\":\"SearchAction\",\"target\":{\"@type\":\"EntryPoint\",\"urlTemplate\":\"https:\\\/\\\/www.casarredo.it\\\/en\\\/?s={search_term_string}\"},\"query-input\":{\"@type\":\"PropertyValueSpecification\",\"valueRequired\":true,\"valueName\":\"search_term_string\"}}],\"inLanguage\":\"en-US\"},{\"@type\":\"Organization\",\"@id\":\"https:\\\/\\\/www.casarredo.it\\\/en\\\/#organization\",\"name\":\"casarredo srl\",\"url\":\"https:\\\/\\\/www.casarredo.it\\\/en\\\/\",\"logo\":{\"@type\":\"ImageObject\",\"inLanguage\":\"en-US\",\"@id\":\"https:\\\/\\\/www.casarredo.it\\\/en\\\/#\\\/schema\\\/logo\\\/image\\\/\",\"url\":\"https:\\\/\\\/www.casarredo.it\\\/wp-content\\\/uploads\\\/2018\\\/05\\\/vanity-scaled.jpg\",\"contentUrl\":\"https:\\\/\\\/www.casarredo.it\\\/wp-content\\\/uploads\\\/2018\\\/05\\\/vanity-scaled.jpg\",\"width\":2560,\"height\":1848,\"caption\":\"casarredo srl\"},\"image\":{\"@id\":\"https:\\\/\\\/www.casarredo.it\\\/en\\\/#\\\/schema\\\/logo\\\/image\\\/\"},\"sameAs\":[\"https:\\\/\\\/www.facebook.com\\\/Casarredo-632870513490892\",\"https:\\\/\\\/www.instagram.com\\\/casarredo_fano\\\/\"]}]}<\/script>\n<!-- \/ Yoast SEO plugin. -->","yoast_head_json":{"title":"BIG BATTERY KARTELL &#8212; Casarredo.it","description":"Big Battery \u00e8 la storica lampada di Ferruccio Laviani per Kartell. Realizzata in PMMA trasparente \u00e8 oggi disponibile in versione Big.","robots":{"index":"index","follow":"follow","max-snippet":"max-snippet:-1","max-image-preview":"max-image-preview:large","max-video-preview":"max-video-preview:-1"},"canonical":"https:\/\/www.casarredo.it\/en\/prodotto\/big-battery-kartell\/","og_locale":"en_US","og_type":"article","og_title":"BIG BATTERY KARTELL &#8212; Casarredo.it","og_description":"Big Battery \u00e8 la storica lampada di Ferruccio Laviani per Kartell. Realizzata in PMMA trasparente \u00e8 oggi disponibile in versione Big.","og_url":"https:\/\/www.casarredo.it\/en\/prodotto\/big-battery-kartell\/","og_site_name":"Casarredo.it","article_publisher":"https:\/\/www.facebook.com\/Casarredo-632870513490892","article_modified_time":"2025-11-03T18:46:47+00:00","og_image":[{"width":1500,"height":1500,"url":"https:\/\/www.casarredo.it\/wp-content\/uploads\/2019\/07\/big-battery.jpg","type":"image\/jpeg"}],"twitter_card":"summary_large_image","twitter_misc":{"Est. reading time":"2 minutes"},"schema":{"@context":"https:\/\/schema.org","@graph":[{"@type":"WebPage","@id":"https:\/\/www.casarredo.it\/en\/prodotto\/big-battery-kartell\/","url":"https:\/\/www.casarredo.it\/en\/prodotto\/big-battery-kartell\/","name":"BIG BATTERY KARTELL &#8212; Casarredo.it","isPartOf":{"@id":"https:\/\/www.casarredo.it\/en\/#website"},"primaryImageOfPage":{"@id":"https:\/\/www.casarredo.it\/en\/prodotto\/big-battery-kartell\/#primaryimage"},"image":{"@id":"https:\/\/www.casarredo.it\/en\/prodotto\/big-battery-kartell\/#primaryimage"},"thumbnailUrl":"https:\/\/www.casarredo.it\/wp-content\/uploads\/2019\/07\/big-battery.jpg","datePublished":"2019-07-30T09:27:19+00:00","dateModified":"2025-11-03T18:46:47+00:00","description":"Big Battery \u00e8 la storica lampada di Ferruccio Laviani per Kartell. Realizzata in PMMA trasparente \u00e8 oggi disponibile in versione Big.","breadcrumb":{"@id":"https:\/\/www.casarredo.it\/en\/prodotto\/big-battery-kartell\/#breadcrumb"},"inLanguage":"en-US","potentialAction":[{"@type":"ReadAction","target":["https:\/\/www.casarredo.it\/en\/prodotto\/big-battery-kartell\/"]}]},{"@type":"ImageObject","inLanguage":"en-US","@id":"https:\/\/www.casarredo.it\/en\/prodotto\/big-battery-kartell\/#primaryimage","url":"https:\/\/www.casarredo.it\/wp-content\/uploads\/2019\/07\/big-battery.jpg","contentUrl":"https:\/\/www.casarredo.it\/wp-content\/uploads\/2019\/07\/big-battery.jpg","width":1500,"height":1500},{"@type":"BreadcrumbList","@id":"https:\/\/www.casarredo.it\/en\/prodotto\/big-battery-kartell\/#breadcrumb","itemListElement":[{"@type":"ListItem","position":1,"name":"Home","item":"https:\/\/www.casarredo.it\/en\/"},{"@type":"ListItem","position":2,"name":"Shop online","item":"https:\/\/www.casarredo.it\/en\/shop\/"},{"@type":"ListItem","position":3,"name":"BIG BATTERY KARTELL"}]},{"@type":"WebSite","@id":"https:\/\/www.casarredo.it\/en\/#website","url":"https:\/\/www.casarredo.it\/en\/","name":"Casarredo.it","description":"Design da vivere","publisher":{"@id":"https:\/\/www.casarredo.it\/en\/#organization"},"potentialAction":[{"@type":"SearchAction","target":{"@type":"EntryPoint","urlTemplate":"https:\/\/www.casarredo.it\/en\/?s={search_term_string}"},"query-input":{"@type":"PropertyValueSpecification","valueRequired":true,"valueName":"search_term_string"}}],"inLanguage":"en-US"},{"@type":"Organization","@id":"https:\/\/www.casarredo.it\/en\/#organization","name":"casarredo srl","url":"https:\/\/www.casarredo.it\/en\/","logo":{"@type":"ImageObject","inLanguage":"en-US","@id":"https:\/\/www.casarredo.it\/en\/#\/schema\/logo\/image\/","url":"https:\/\/www.casarredo.it\/wp-content\/uploads\/2018\/05\/vanity-scaled.jpg","contentUrl":"https:\/\/www.casarredo.it\/wp-content\/uploads\/2018\/05\/vanity-scaled.jpg","width":2560,"height":1848,"caption":"casarredo srl"},"image":{"@id":"https:\/\/www.casarredo.it\/en\/#\/schema\/logo\/image\/"},"sameAs":["https:\/\/www.facebook.com\/Casarredo-632870513490892","https:\/\/www.instagram.com\/casarredo_fano\/"]}]}},"_links":{"self":[{"href":"https:\/\/www.casarredo.it\/en\/wp-json\/wp\/v2\/product\/16730","targetHints":{"allow":["GET"]}}],"collection":[{"href":"https:\/\/www.casarredo.it\/en\/wp-json\/wp\/v2\/product"}],"about":[{"href":"https:\/\/www.casarredo.it\/en\/wp-json\/wp\/v2\/types\/product"}],"wp:featuredmedia":[{"embeddable":true,"href":"https:\/\/www.casarredo.it\/en\/wp-json\/wp\/v2\/media\/16731"}],"wp:attachment":[{"href":"https:\/\/www.casarredo.it\/en\/wp-json\/wp\/v2\/media?parent=16730"}],"wp:term":[{"taxonomy":"product_brand","embeddable":true,"href":"https:\/\/www.casarredo.it\/en\/wp-json\/wp\/v2\/product_brand?post=16730"},{"taxonomy":"product_cat","embeddable":true,"href":"https:\/\/www.casarredo.it\/en\/wp-json\/wp\/v2\/product_cat?post=16730"},{"taxonomy":"product_tag","embeddable":true,"href":"https:\/\/www.casarredo.it\/en\/wp-json\/wp\/v2\/product_tag?post=16730"}],"curies":[{"name":"wp","href":"https:\/\/api.w.org\/{rel}","templated":true}]}}