{"id":14977,"date":"2015-10-03T00:00:00","date_gmt":"2015-10-02T22:00:00","guid":{"rendered":"https:\/\/www.casarredo.it\/prodotto\/lampada-a-sospensione-ge-di-ferruccio-laviani-per-kartell-vari\/"},"modified":"2019-04-20T10:12:05","modified_gmt":"2019-04-20T08:12:05","slug":"ge-lamp-laviani-kartell","status":"publish","type":"product","link":"https:\/\/www.casarredo.it\/en\/prodotto\/ge-lamp-laviani-kartell\/","title":{"rendered":"G\u00e8 Lamp Laviani Kartell"},"content":{"rendered":"<h2>G\u00e8 Lamp Laviani Kartell<\/h2>\n<p><span id=\"ouHighlight__32_33TO30_31\">G\u00e8<\/span><span id=\"noHighlight_0.0764768331287291\"> <\/span><span id=\"ouHighlight__35_61TO33_44\">is a pendant<\/span><span id=\"noHighlight_0.6674013486437846\"> <\/span><span id=\"ouHighlight__63_81TO46_68\">attached to the ceiling<\/span><span id=\"noHighlight_0.2821245442325968\"> <\/span><span id=\"ouHighlight__83_85TO70_73\">with<\/span><span id=\"noHighlight_0.2584101130969988\"> <\/span><span id=\"ouHighlight__87_95TO75_87\" class=\"\">a rose window<\/span><span id=\"noHighlight_0.27488331756590123\"> <\/span><span id=\"ouHighlight__97_121TO89_111\">decorated polycarbonate<\/span><span id=\"ouHighlight__122_126TO112_118\">, which<\/span><span id=\"noHighlight_0.9128595967701448\"> <\/span><span id=\"ouHighlight__128_138TO120_126\">in form<\/span><span id=\"noHighlight_0.5043692234758036\"> <\/span><span id=\"ouHighlight__140_153TO128_141\">is reminiscent<\/span><span id=\"noHighlight_0.27824321965036003\"> <\/span><span id=\"ouHighlight__155_167TO143_152\">of ancient<\/span><span id=\"noHighlight_0.5121935437749159\"> <\/span><span id=\"ouHighlight__169_197TO154_172\" class=\"\">Murano glass lamps,<\/span><span id=\"noHighlight_0.9100998163998902\"> <\/span><span id=\"ouHighlight__199_220TO174_192\">consists of a large<\/span><span id=\"noHighlight_0.5388202330826274\"> <\/span><span id=\"ouHighlight__222_229TO194_196\">Hat<\/span><span id=\"noHighlight_0.22935864189307942\"> <\/span><span id=\"ouHighlight__231_247TO198_210\">whose surface<\/span><span id=\"noHighlight_0.4160932474680773\"> <\/span><span id=\"ouHighlight__249_258TO212_222\">is machined<\/span><span id=\"noHighlight_0.9478172477271616\"> <\/span><span id=\"ouHighlight__260_260TO224_225\">to<\/span><span id=\"noHighlight_0.6284763080283864\"> <\/span><span id=\"ouHighlight__270_275TO227_233\">pleated<\/span><span id=\"noHighlight_0.5718420842437577\"> <\/span><span id=\"ouHighlight__262_268TO235_240\">effect<\/span><span id=\"noHighlight_0.8946883402299469\"> <\/span><span id=\"ouHighlight__277_277TO242_244\">and<\/span><span id=\"noHighlight_0.43507163216069655\"> <\/span><span id=\"ouHighlight__279_295TO246_262\" class=\"\">has a diameter of<\/span><span id=\"noHighlight_0.3903721109383427\"><\/span><span id=\"ouHighlight__297_303TO264_265\">37<\/span><span id=\"noHighlight_0.3304504121850482\"> <\/span><span id=\"ouHighlight__305_306TO267_268\">cm<\/span><span id=\"noHighlight_0.4845492850718677\">.<\/span><span id=\"noHighlight_0.24781741690379167\"> <\/span><span id=\"ouHighlight__304_325TO271_283\">Made entirely<\/span><span id=\"noHighlight_0.7492602023722407\"> <\/span><span id=\"ouHighlight__327_343TO285_301\">of polycarbonate,<\/span><span id=\"noHighlight_0.8205273322459533\"> <\/span><span id=\"ouHighlight__345_346TO303_304\">G\u00e8<\/span><span id=\"noHighlight_0.4433087263798914\"> <\/span><span id=\"ouHighlight__348_367TO306_324\">is available in two<\/span><span id=\"noHighlight_0.7567834146640691\"> <\/span><span id=\"ouHighlight__369_386TO326_344\" class=\"\">versions: the first<\/span><span id=\"noHighlight_0.6846567669084068\"><\/span><span id=\"ouHighlight__388_398TO346_360\">arises from the<\/span><span id=\"noHighlight_0.5182672012556298\"> <\/span><span id=\"ouHighlight__399_411TO362_370\">effect of<\/span><span id=\"noHighlight_0.5665449891202509\"> <\/span><span id=\"ouHighlight__413_423TO372_383\">transparency<\/span><span id=\"noHighlight_0.9047177987496227\"> <\/span><span id=\"ouHighlight__425_434TO385_391\">and its<\/span><span id=\"noHighlight_0.017680994999834443\"> <\/span><span id=\"ouHighlight__436_447TO393_403\">soft colors<\/span><span id=\"noHighlight_0.2083891354000661\"> <\/span><span id=\"ouHighlight__449_465TO405_426\">and sophisticated, the<\/span><span id=\"noHighlight_0.37437952360334725\"><\/span><span id=\"ouHighlight__467_473TO428_433\">second<\/span><span id=\"noHighlight_0.9003076126417157\"> <\/span><span id=\"ouHighlight__475_485TO435_448\">comes from the<\/span><span id=\"noHighlight_0.5945782254298244\"> <\/span><span id=\"ouHighlight__498_510TO450_464\">black and white<\/span><span id=\"noHighlight_0.9881618307704656\"> <\/span><span id=\"ouHighlight__486_496TO466_471\">effect<\/span><span id=\"noHighlight_0.6651368982670245\"> <\/span><span id=\"ouHighlight__512_524TO473_485\">combined with<\/span><span id=\"noHighlight_0.9194080302532983\"> <\/span><span id=\"ouHighlight__525_527TO487_490\">gold<\/span><span id=\"noHighlight_0.45975164355478493\"> <\/span><span id=\"ouHighlight__529_534TO492_494\">and<\/span><span id=\"noHighlight_0.01895049737796506\"> <\/span><span id=\"ouHighlight__536_552TO496_502\">chrome.<\/span><span id=\"noHighlight_0.24968424263125188\"><\/span><span id=\"ouHighlight__554_580TO504_529\">Composition: Polycarbonate<\/span><span id=\"noHighlight_0.4367872955699057\"> <\/span><span id=\"ouHighlight__582_603TO531_547\">dimensions: width<\/span><span id=\"noHighlight_0.9551738963409372\">: <\/span><span id=\"ouHighlight__605_611TO550_553\">37.0<\/span><span id=\"noHighlight_0.9948479419638052\"> <\/span><span id=\"ouHighlight__613_625TO555_562\">Cm depth<\/span><span id=\"noHighlight_0.4261630389069023\">:<\/span><span id=\"noHighlight_0.8461000399347239\"> <\/span><span id=\"ouHighlight__629_635TO565_568\">37.0<\/span><span id=\"noHighlight_0.6098663434567834\"> <\/span><span id=\"ouHighlight__637_647TO570_579\">Cm height:<\/span><span id=\"noHighlight_0.20046727216086668\"><\/span><span id=\"ouHighlight__649_655TO581_584\">26.0<\/span><span id=\"noHighlight_0.9070682385949469\"> <\/span><span id=\"ouHighlight__657_658TO586_587\">Cm<\/span><span id=\"noHighlight_0.32985921263161855\"> <\/span><span id=\"ouHighlight__660_688TO589_613\">available colors: Crystal<\/span><span id=\"noHighlight_0.7518188019684652\">,<\/span><span id=\"noHighlight_0.7867161638474602\"> <\/span><span id=\"ouHighlight__691_703TO616_625\" class=\"\">pink, blue<\/span><span id=\"noHighlight_0.26452953166342497\">,<\/span><span id=\"noHighlight_0.9704900737167714\"> <\/span><span id=\"ouHighlight__706_718TO628_640\" class=\"\">yellow, green<\/span><span id=\"noHighlight_0.29670884897634675\">.<\/span><\/p>\n<pre id=\"tw-target-text\" class=\"tw-data-text vk_txt tw-ta tw-text-small\" data-fulltext=\"\" data-placeholder=\"Traduzione\"><\/pre>\n","protected":false},"excerpt":{"rendered":"<p>G\u00e8 Lamp Laviani Kartell G\u00e8 is a pendant attached to the ceiling with a rose window decorated polycarbonate, which in form is reminiscent of ancient Murano glass lamps, consists of a large Hat whose surface is machined to pleated effect and has a diameter of37 cm. Made entirely of polycarbonate, G\u00e8 is available in two [&hellip;]<\/p>\n","protected":false},"featured_media":32465,"template":"","meta":[],"product_brand":[],"product_cat":[1677,1715,1679,1797],"product_tag":[1747,2255,1716,1945,2012,2279,1946],"class_list":{"0":"post-14977","1":"product","2":"type-product","3":"status-publish","4":"has-post-thumbnail","6":"product_cat-gift-ideas","7":"product_cat-kartell-en","8":"product_cat-lamps","9":"product_cat-suspension-lamp","10":"product_tag-ferruccio-laviani-en","11":"product_tag-idee-regalo-en","12":"product_tag-kartell-en","13":"product_tag-lampade-en","14":"product_tag-lampade-sospensione-kartell-en","15":"product_tag-saldi-en","16":"product_tag-sospensione-en","17":"pa_colore-b4-crystal","18":"pa_colore-jj-nerooro-en","19":"pa_colore-kk-biancooro-en","20":"pa_colore-p1-rosa-en","21":"pa_colore-p2-azzurro-en","22":"pa_colore-p4-giallo-en","23":"pa_colore-p8-verde-en","24":"pa_colore-xx-cromato-en","26":"first","27":"instock","28":"sale","29":"shipping-taxable","30":"purchasable","31":"product-type-variable","32":"add-to-wishlist-after_add_to_cart"},"yoast_head":"<!-- This site is optimized with the Yoast SEO plugin v27.4 - https:\/\/yoast.com\/product\/yoast-seo-wordpress\/ -->\n<title>G\u00e8 Lamp Laviani Kartell &#8212; Casarredo.it<\/title>\n<meta name=\"robots\" content=\"index, follow, max-snippet:-1, max-image-preview:large, max-video-preview:-1\" \/>\n<link rel=\"canonical\" href=\"https:\/\/www.casarredo.it\/en\/prodotto\/ge-lamp-laviani-kartell\/\" \/>\n<meta property=\"og:locale\" content=\"en_US\" \/>\n<meta property=\"og:type\" content=\"article\" \/>\n<meta property=\"og:title\" content=\"G\u00e8 Lamp Laviani Kartell &#8212; Casarredo.it\" \/>\n<meta property=\"og:description\" content=\"G\u00e8 Lamp Laviani Kartell G\u00e8 is a pendant attached to the ceiling with a rose window decorated polycarbonate, which in form is reminiscent of ancient Murano glass lamps, consists of a large Hat whose surface is machined to pleated effect and has a diameter of37 cm. Made entirely of polycarbonate, G\u00e8 is available in two [&hellip;]\" \/>\n<meta property=\"og:url\" content=\"https:\/\/www.casarredo.it\/en\/prodotto\/ge-lamp-laviani-kartell\/\" \/>\n<meta property=\"og:site_name\" content=\"Casarredo.it\" \/>\n<meta property=\"article:publisher\" content=\"https:\/\/www.facebook.com\/Casarredo-632870513490892\" \/>\n<meta property=\"article:modified_time\" content=\"2019-04-20T08:12:05+00:00\" \/>\n<meta property=\"og:image\" content=\"https:\/\/www.casarredo.it\/wp-content\/uploads\/2015\/10\/ge-chandelier-4.jpg\" \/>\n\t<meta property=\"og:image:width\" content=\"400\" \/>\n\t<meta property=\"og:image:height\" content=\"400\" \/>\n\t<meta property=\"og:image:type\" content=\"image\/jpeg\" \/>\n<meta name=\"twitter:card\" content=\"summary_large_image\" \/>\n<script type=\"application\/ld+json\" class=\"yoast-schema-graph\">{\"@context\":\"https:\\\/\\\/schema.org\",\"@graph\":[{\"@type\":\"WebPage\",\"@id\":\"https:\\\/\\\/www.casarredo.it\\\/en\\\/prodotto\\\/ge-lamp-laviani-kartell\\\/\",\"url\":\"https:\\\/\\\/www.casarredo.it\\\/en\\\/prodotto\\\/ge-lamp-laviani-kartell\\\/\",\"name\":\"G\u00e8 Lamp Laviani Kartell &#8212; Casarredo.it\",\"isPartOf\":{\"@id\":\"https:\\\/\\\/www.casarredo.it\\\/en\\\/#website\"},\"primaryImageOfPage\":{\"@id\":\"https:\\\/\\\/www.casarredo.it\\\/en\\\/prodotto\\\/ge-lamp-laviani-kartell\\\/#primaryimage\"},\"image\":{\"@id\":\"https:\\\/\\\/www.casarredo.it\\\/en\\\/prodotto\\\/ge-lamp-laviani-kartell\\\/#primaryimage\"},\"thumbnailUrl\":\"https:\\\/\\\/www.casarredo.it\\\/wp-content\\\/uploads\\\/2015\\\/10\\\/ge-chandelier-4-1.jpg\",\"datePublished\":\"2015-10-02T22:00:00+00:00\",\"dateModified\":\"2019-04-20T08:12:05+00:00\",\"breadcrumb\":{\"@id\":\"https:\\\/\\\/www.casarredo.it\\\/en\\\/prodotto\\\/ge-lamp-laviani-kartell\\\/#breadcrumb\"},\"inLanguage\":\"en-US\",\"potentialAction\":[{\"@type\":\"ReadAction\",\"target\":[\"https:\\\/\\\/www.casarredo.it\\\/en\\\/prodotto\\\/ge-lamp-laviani-kartell\\\/\"]}]},{\"@type\":\"ImageObject\",\"inLanguage\":\"en-US\",\"@id\":\"https:\\\/\\\/www.casarredo.it\\\/en\\\/prodotto\\\/ge-lamp-laviani-kartell\\\/#primaryimage\",\"url\":\"https:\\\/\\\/www.casarredo.it\\\/wp-content\\\/uploads\\\/2015\\\/10\\\/ge-chandelier-4-1.jpg\",\"contentUrl\":\"https:\\\/\\\/www.casarredo.it\\\/wp-content\\\/uploads\\\/2015\\\/10\\\/ge-chandelier-4-1.jpg\",\"width\":400,\"height\":400},{\"@type\":\"BreadcrumbList\",\"@id\":\"https:\\\/\\\/www.casarredo.it\\\/en\\\/prodotto\\\/ge-lamp-laviani-kartell\\\/#breadcrumb\",\"itemListElement\":[{\"@type\":\"ListItem\",\"position\":1,\"name\":\"Home\",\"item\":\"https:\\\/\\\/www.casarredo.it\\\/en\\\/\"},{\"@type\":\"ListItem\",\"position\":2,\"name\":\"Shop online\",\"item\":\"https:\\\/\\\/www.casarredo.it\\\/en\\\/shop\\\/\"},{\"@type\":\"ListItem\",\"position\":3,\"name\":\"G\u00e8 Lamp Laviani Kartell\"}]},{\"@type\":\"WebSite\",\"@id\":\"https:\\\/\\\/www.casarredo.it\\\/en\\\/#website\",\"url\":\"https:\\\/\\\/www.casarredo.it\\\/en\\\/\",\"name\":\"Casarredo.it\",\"description\":\"Design da vivere\",\"publisher\":{\"@id\":\"https:\\\/\\\/www.casarredo.it\\\/en\\\/#organization\"},\"potentialAction\":[{\"@type\":\"SearchAction\",\"target\":{\"@type\":\"EntryPoint\",\"urlTemplate\":\"https:\\\/\\\/www.casarredo.it\\\/en\\\/?s={search_term_string}\"},\"query-input\":{\"@type\":\"PropertyValueSpecification\",\"valueRequired\":true,\"valueName\":\"search_term_string\"}}],\"inLanguage\":\"en-US\"},{\"@type\":\"Organization\",\"@id\":\"https:\\\/\\\/www.casarredo.it\\\/en\\\/#organization\",\"name\":\"casarredo srl\",\"url\":\"https:\\\/\\\/www.casarredo.it\\\/en\\\/\",\"logo\":{\"@type\":\"ImageObject\",\"inLanguage\":\"en-US\",\"@id\":\"https:\\\/\\\/www.casarredo.it\\\/en\\\/#\\\/schema\\\/logo\\\/image\\\/\",\"url\":\"https:\\\/\\\/www.casarredo.it\\\/wp-content\\\/uploads\\\/2018\\\/05\\\/vanity-scaled.jpg\",\"contentUrl\":\"https:\\\/\\\/www.casarredo.it\\\/wp-content\\\/uploads\\\/2018\\\/05\\\/vanity-scaled.jpg\",\"width\":2560,\"height\":1848,\"caption\":\"casarredo srl\"},\"image\":{\"@id\":\"https:\\\/\\\/www.casarredo.it\\\/en\\\/#\\\/schema\\\/logo\\\/image\\\/\"},\"sameAs\":[\"https:\\\/\\\/www.facebook.com\\\/Casarredo-632870513490892\",\"https:\\\/\\\/www.instagram.com\\\/casarredo_fano\\\/\"]}]}<\/script>\n<!-- \/ Yoast SEO plugin. -->","yoast_head_json":{"title":"G\u00e8 Lamp Laviani Kartell &#8212; Casarredo.it","robots":{"index":"index","follow":"follow","max-snippet":"max-snippet:-1","max-image-preview":"max-image-preview:large","max-video-preview":"max-video-preview:-1"},"canonical":"https:\/\/www.casarredo.it\/en\/prodotto\/ge-lamp-laviani-kartell\/","og_locale":"en_US","og_type":"article","og_title":"G\u00e8 Lamp Laviani Kartell &#8212; Casarredo.it","og_description":"G\u00e8 Lamp Laviani Kartell G\u00e8 is a pendant attached to the ceiling with a rose window decorated polycarbonate, which in form is reminiscent of ancient Murano glass lamps, consists of a large Hat whose surface is machined to pleated effect and has a diameter of37 cm. Made entirely of polycarbonate, G\u00e8 is available in two [&hellip;]","og_url":"https:\/\/www.casarredo.it\/en\/prodotto\/ge-lamp-laviani-kartell\/","og_site_name":"Casarredo.it","article_publisher":"https:\/\/www.facebook.com\/Casarredo-632870513490892","article_modified_time":"2019-04-20T08:12:05+00:00","og_image":[{"width":400,"height":400,"url":"https:\/\/www.casarredo.it\/wp-content\/uploads\/2015\/10\/ge-chandelier-4.jpg","type":"image\/jpeg"}],"twitter_card":"summary_large_image","schema":{"@context":"https:\/\/schema.org","@graph":[{"@type":"WebPage","@id":"https:\/\/www.casarredo.it\/en\/prodotto\/ge-lamp-laviani-kartell\/","url":"https:\/\/www.casarredo.it\/en\/prodotto\/ge-lamp-laviani-kartell\/","name":"G\u00e8 Lamp Laviani Kartell &#8212; Casarredo.it","isPartOf":{"@id":"https:\/\/www.casarredo.it\/en\/#website"},"primaryImageOfPage":{"@id":"https:\/\/www.casarredo.it\/en\/prodotto\/ge-lamp-laviani-kartell\/#primaryimage"},"image":{"@id":"https:\/\/www.casarredo.it\/en\/prodotto\/ge-lamp-laviani-kartell\/#primaryimage"},"thumbnailUrl":"https:\/\/www.casarredo.it\/wp-content\/uploads\/2015\/10\/ge-chandelier-4-1.jpg","datePublished":"2015-10-02T22:00:00+00:00","dateModified":"2019-04-20T08:12:05+00:00","breadcrumb":{"@id":"https:\/\/www.casarredo.it\/en\/prodotto\/ge-lamp-laviani-kartell\/#breadcrumb"},"inLanguage":"en-US","potentialAction":[{"@type":"ReadAction","target":["https:\/\/www.casarredo.it\/en\/prodotto\/ge-lamp-laviani-kartell\/"]}]},{"@type":"ImageObject","inLanguage":"en-US","@id":"https:\/\/www.casarredo.it\/en\/prodotto\/ge-lamp-laviani-kartell\/#primaryimage","url":"https:\/\/www.casarredo.it\/wp-content\/uploads\/2015\/10\/ge-chandelier-4-1.jpg","contentUrl":"https:\/\/www.casarredo.it\/wp-content\/uploads\/2015\/10\/ge-chandelier-4-1.jpg","width":400,"height":400},{"@type":"BreadcrumbList","@id":"https:\/\/www.casarredo.it\/en\/prodotto\/ge-lamp-laviani-kartell\/#breadcrumb","itemListElement":[{"@type":"ListItem","position":1,"name":"Home","item":"https:\/\/www.casarredo.it\/en\/"},{"@type":"ListItem","position":2,"name":"Shop online","item":"https:\/\/www.casarredo.it\/en\/shop\/"},{"@type":"ListItem","position":3,"name":"G\u00e8 Lamp Laviani Kartell"}]},{"@type":"WebSite","@id":"https:\/\/www.casarredo.it\/en\/#website","url":"https:\/\/www.casarredo.it\/en\/","name":"Casarredo.it","description":"Design da vivere","publisher":{"@id":"https:\/\/www.casarredo.it\/en\/#organization"},"potentialAction":[{"@type":"SearchAction","target":{"@type":"EntryPoint","urlTemplate":"https:\/\/www.casarredo.it\/en\/?s={search_term_string}"},"query-input":{"@type":"PropertyValueSpecification","valueRequired":true,"valueName":"search_term_string"}}],"inLanguage":"en-US"},{"@type":"Organization","@id":"https:\/\/www.casarredo.it\/en\/#organization","name":"casarredo srl","url":"https:\/\/www.casarredo.it\/en\/","logo":{"@type":"ImageObject","inLanguage":"en-US","@id":"https:\/\/www.casarredo.it\/en\/#\/schema\/logo\/image\/","url":"https:\/\/www.casarredo.it\/wp-content\/uploads\/2018\/05\/vanity-scaled.jpg","contentUrl":"https:\/\/www.casarredo.it\/wp-content\/uploads\/2018\/05\/vanity-scaled.jpg","width":2560,"height":1848,"caption":"casarredo srl"},"image":{"@id":"https:\/\/www.casarredo.it\/en\/#\/schema\/logo\/image\/"},"sameAs":["https:\/\/www.facebook.com\/Casarredo-632870513490892","https:\/\/www.instagram.com\/casarredo_fano\/"]}]}},"_links":{"self":[{"href":"https:\/\/www.casarredo.it\/en\/wp-json\/wp\/v2\/product\/14977","targetHints":{"allow":["GET"]}}],"collection":[{"href":"https:\/\/www.casarredo.it\/en\/wp-json\/wp\/v2\/product"}],"about":[{"href":"https:\/\/www.casarredo.it\/en\/wp-json\/wp\/v2\/types\/product"}],"wp:featuredmedia":[{"embeddable":true,"href":"https:\/\/www.casarredo.it\/en\/wp-json\/wp\/v2\/media\/32465"}],"wp:attachment":[{"href":"https:\/\/www.casarredo.it\/en\/wp-json\/wp\/v2\/media?parent=14977"}],"wp:term":[{"taxonomy":"product_brand","embeddable":true,"href":"https:\/\/www.casarredo.it\/en\/wp-json\/wp\/v2\/product_brand?post=14977"},{"taxonomy":"product_cat","embeddable":true,"href":"https:\/\/www.casarredo.it\/en\/wp-json\/wp\/v2\/product_cat?post=14977"},{"taxonomy":"product_tag","embeddable":true,"href":"https:\/\/www.casarredo.it\/en\/wp-json\/wp\/v2\/product_tag?post=14977"}],"curies":[{"name":"wp","href":"https:\/\/api.w.org\/{rel}","templated":true}]}}