{"id":14851,"date":"2016-03-26T09:56:45","date_gmt":"2016-03-26T08:56:45","guid":{"rendered":"https:\/\/www.casarredo.it\/prodotto\/tolomeo-lampada-tavolo-alluminio\/"},"modified":"2022-01-30T22:26:32","modified_gmt":"2022-01-30T21:26:32","slug":"tolomeo-aluminum-table-lamp","status":"publish","type":"product","link":"https:\/\/www.casarredo.it\/en\/prodotto\/tolomeo-aluminum-table-lamp\/","title":{"rendered":"TOLOMEO ALUMINUM TABLE LAMP"},"content":{"rendered":"<p><span data-mce-type=\"bookmark\" style=\"display: inline-block; width: 0px; overflow: hidden; line-height: 0;\" class=\"mce_SELRES_start\">\ufeff<\/span>Tolomeo<\/p>\n<p>di Michele De Lucchi<br \/>\nArtemide<br \/>\nComparsa nel 1987, \u00e8 stata subito un best seller, premiata con il compasso d&#8217;Oro. \u00c8 la famosissima lampada da tavolo Tolomeo, disegnata da Michele De Lucchi e Giancarlo Fassina. Tuttora un pezzo di design ammirevole per la leggerezza e la purezza delle linee, apprezzato per la sua intramontabile attualit\u00e0. Ispirata a modelli tradizionali, Tolomeo \u00e8 la rilettura originale delle lampade a molla del passato interpretate con tecnologie moderne e linee contemporanee. Il risultato \u00e8 un oggetto innovativo e di grande stile, realizzato con pochi pezzi essenziali. La base \u00e8 un disco in alluminio lucidato a cui \u00e8 fissato il corpo lampada. Il meccanismo di equilibratura a molle consente infinite posizioni, con estrema manovrabilit\u00e0.Misure: \u00f8 23 cm (base)<br \/>\nP 78 cm<br \/>\nH 129 cm<span data-mce-type=\"bookmark\" style=\"display: inline-block; width: 0px; overflow: hidden; line-height: 0;\" class=\"mce_SELRES_start\">\ufeff<\/span><span data-mce-type=\"bookmark\" style=\"display: inline-block; width: 0px; overflow: hidden; line-height: 0;\" class=\"mce_SELRES_start\">\ufeff<\/span><\/p>\n","protected":false},"excerpt":{"rendered":"<p>\ufeffTolomeo di Michele De Lucchi Artemide Comparsa nel 1987, \u00e8 stata subito un best seller, premiata con il compasso d&#8217;Oro. \u00c8 la famosissima lampada da tavolo Tolomeo, disegnata da Michele De Lucchi e Giancarlo Fassina. Tuttora un pezzo di design ammirevole per la leggerezza e la purezza delle linee, apprezzato per la sua intramontabile attualit\u00e0. [&hellip;]<\/p>\n","protected":false},"featured_media":12872,"template":"","meta":[],"product_brand":[],"product_cat":[1693,1678],"product_tag":[1697,1945,2009],"class_list":{"0":"post-14851","1":"product","2":"type-product","3":"status-publish","4":"has-post-thumbnail","6":"product_cat-artemide-en","7":"product_cat-table-lamp","8":"product_tag-artemide-en","9":"product_tag-lampade-en","10":"product_tag-lampade-tavolo-en","12":"first","13":"instock","14":"sale","15":"shipping-taxable","16":"purchasable","17":"product-type-simple","18":"add-to-wishlist-after_add_to_cart"},"yoast_head":"<!-- This site is optimized with the Yoast SEO plugin v27.4 - https:\/\/yoast.com\/product\/yoast-seo-wordpress\/ -->\n<title>TOLOMEO ALUMINUM TABLE LAMP &#8212; Casarredo.it<\/title>\n<meta name=\"description\" content=\"Tolomeo lampada Comparsa nel 1987, \u00e8 stata subito un best seller, premiata con il compasso d&#039;Oro. \u00c8 la famosissima lampada da tavolo Tolomeo, disegnata da Michele De Lucchi e Giancarlo Fassina.\" \/>\n<meta name=\"robots\" content=\"index, follow, max-snippet:-1, max-image-preview:large, max-video-preview:-1\" \/>\n<link rel=\"canonical\" href=\"https:\/\/www.casarredo.it\/en\/prodotto\/tolomeo-aluminum-table-lamp\/\" \/>\n<meta property=\"og:locale\" content=\"en_US\" \/>\n<meta property=\"og:type\" content=\"article\" \/>\n<meta property=\"og:title\" content=\"TOLOMEO ALUMINUM TABLE LAMP &#8212; Casarredo.it\" \/>\n<meta property=\"og:description\" content=\"Tolomeo lampada Comparsa nel 1987, \u00e8 stata subito un best seller, premiata con il compasso d&#039;Oro. \u00c8 la famosissima lampada da tavolo Tolomeo, disegnata da Michele De Lucchi e Giancarlo Fassina.\" \/>\n<meta property=\"og:url\" content=\"https:\/\/www.casarredo.it\/en\/prodotto\/tolomeo-aluminum-table-lamp\/\" \/>\n<meta property=\"og:site_name\" content=\"Casarredo.it\" \/>\n<meta property=\"article:publisher\" content=\"https:\/\/www.facebook.com\/Casarredo-632870513490892\" \/>\n<meta property=\"article:modified_time\" content=\"2022-01-30T21:26:32+00:00\" \/>\n<meta property=\"og:image\" content=\"https:\/\/www.casarredo.it\/wp-content\/uploads\/2016\/03\/tolomeo-tavolo-aluminium-600x600_modificato-1.jpg\" \/>\n\t<meta property=\"og:image:width\" content=\"600\" \/>\n\t<meta property=\"og:image:height\" content=\"600\" \/>\n\t<meta property=\"og:image:type\" content=\"image\/jpeg\" \/>\n<meta name=\"twitter:card\" content=\"summary_large_image\" \/>\n<meta name=\"twitter:label1\" content=\"Est. reading time\" \/>\n\t<meta name=\"twitter:data1\" content=\"1 minute\" \/>\n<script type=\"application\/ld+json\" class=\"yoast-schema-graph\">{\"@context\":\"https:\\\/\\\/schema.org\",\"@graph\":[{\"@type\":\"WebPage\",\"@id\":\"https:\\\/\\\/www.casarredo.it\\\/en\\\/prodotto\\\/tolomeo-aluminum-table-lamp\\\/\",\"url\":\"https:\\\/\\\/www.casarredo.it\\\/en\\\/prodotto\\\/tolomeo-aluminum-table-lamp\\\/\",\"name\":\"TOLOMEO ALUMINUM TABLE LAMP &#8212; Casarredo.it\",\"isPartOf\":{\"@id\":\"https:\\\/\\\/www.casarredo.it\\\/en\\\/#website\"},\"primaryImageOfPage\":{\"@id\":\"https:\\\/\\\/www.casarredo.it\\\/en\\\/prodotto\\\/tolomeo-aluminum-table-lamp\\\/#primaryimage\"},\"image\":{\"@id\":\"https:\\\/\\\/www.casarredo.it\\\/en\\\/prodotto\\\/tolomeo-aluminum-table-lamp\\\/#primaryimage\"},\"thumbnailUrl\":\"https:\\\/\\\/www.casarredo.it\\\/wp-content\\\/uploads\\\/2016\\\/03\\\/tolomeo-tavolo-aluminium-600x600_modificato-1.jpg\",\"datePublished\":\"2016-03-26T08:56:45+00:00\",\"dateModified\":\"2022-01-30T21:26:32+00:00\",\"description\":\"Tolomeo lampada Comparsa nel 1987, \u00e8 stata subito un best seller, premiata con il compasso d'Oro. \u00c8 la famosissima lampada da tavolo Tolomeo, disegnata da Michele De Lucchi e Giancarlo Fassina.\",\"breadcrumb\":{\"@id\":\"https:\\\/\\\/www.casarredo.it\\\/en\\\/prodotto\\\/tolomeo-aluminum-table-lamp\\\/#breadcrumb\"},\"inLanguage\":\"en-US\",\"potentialAction\":[{\"@type\":\"ReadAction\",\"target\":[\"https:\\\/\\\/www.casarredo.it\\\/en\\\/prodotto\\\/tolomeo-aluminum-table-lamp\\\/\"]}]},{\"@type\":\"ImageObject\",\"inLanguage\":\"en-US\",\"@id\":\"https:\\\/\\\/www.casarredo.it\\\/en\\\/prodotto\\\/tolomeo-aluminum-table-lamp\\\/#primaryimage\",\"url\":\"https:\\\/\\\/www.casarredo.it\\\/wp-content\\\/uploads\\\/2016\\\/03\\\/tolomeo-tavolo-aluminium-600x600_modificato-1.jpg\",\"contentUrl\":\"https:\\\/\\\/www.casarredo.it\\\/wp-content\\\/uploads\\\/2016\\\/03\\\/tolomeo-tavolo-aluminium-600x600_modificato-1.jpg\",\"width\":600,\"height\":600},{\"@type\":\"BreadcrumbList\",\"@id\":\"https:\\\/\\\/www.casarredo.it\\\/en\\\/prodotto\\\/tolomeo-aluminum-table-lamp\\\/#breadcrumb\",\"itemListElement\":[{\"@type\":\"ListItem\",\"position\":1,\"name\":\"Home\",\"item\":\"https:\\\/\\\/www.casarredo.it\\\/en\\\/\"},{\"@type\":\"ListItem\",\"position\":2,\"name\":\"Shop online\",\"item\":\"https:\\\/\\\/www.casarredo.it\\\/en\\\/shop\\\/\"},{\"@type\":\"ListItem\",\"position\":3,\"name\":\"TOLOMEO ALUMINUM TABLE LAMP\"}]},{\"@type\":\"WebSite\",\"@id\":\"https:\\\/\\\/www.casarredo.it\\\/en\\\/#website\",\"url\":\"https:\\\/\\\/www.casarredo.it\\\/en\\\/\",\"name\":\"Casarredo.it\",\"description\":\"Design da vivere\",\"publisher\":{\"@id\":\"https:\\\/\\\/www.casarredo.it\\\/en\\\/#organization\"},\"potentialAction\":[{\"@type\":\"SearchAction\",\"target\":{\"@type\":\"EntryPoint\",\"urlTemplate\":\"https:\\\/\\\/www.casarredo.it\\\/en\\\/?s={search_term_string}\"},\"query-input\":{\"@type\":\"PropertyValueSpecification\",\"valueRequired\":true,\"valueName\":\"search_term_string\"}}],\"inLanguage\":\"en-US\"},{\"@type\":\"Organization\",\"@id\":\"https:\\\/\\\/www.casarredo.it\\\/en\\\/#organization\",\"name\":\"casarredo srl\",\"url\":\"https:\\\/\\\/www.casarredo.it\\\/en\\\/\",\"logo\":{\"@type\":\"ImageObject\",\"inLanguage\":\"en-US\",\"@id\":\"https:\\\/\\\/www.casarredo.it\\\/en\\\/#\\\/schema\\\/logo\\\/image\\\/\",\"url\":\"https:\\\/\\\/www.casarredo.it\\\/wp-content\\\/uploads\\\/2018\\\/05\\\/vanity-scaled.jpg\",\"contentUrl\":\"https:\\\/\\\/www.casarredo.it\\\/wp-content\\\/uploads\\\/2018\\\/05\\\/vanity-scaled.jpg\",\"width\":2560,\"height\":1848,\"caption\":\"casarredo srl\"},\"image\":{\"@id\":\"https:\\\/\\\/www.casarredo.it\\\/en\\\/#\\\/schema\\\/logo\\\/image\\\/\"},\"sameAs\":[\"https:\\\/\\\/www.facebook.com\\\/Casarredo-632870513490892\",\"https:\\\/\\\/www.instagram.com\\\/casarredo_fano\\\/\"]}]}<\/script>\n<!-- \/ Yoast SEO plugin. -->","yoast_head_json":{"title":"TOLOMEO ALUMINUM TABLE LAMP &#8212; Casarredo.it","description":"Tolomeo lampada Comparsa nel 1987, \u00e8 stata subito un best seller, premiata con il compasso d'Oro. \u00c8 la famosissima lampada da tavolo Tolomeo, disegnata da Michele De Lucchi e Giancarlo Fassina.","robots":{"index":"index","follow":"follow","max-snippet":"max-snippet:-1","max-image-preview":"max-image-preview:large","max-video-preview":"max-video-preview:-1"},"canonical":"https:\/\/www.casarredo.it\/en\/prodotto\/tolomeo-aluminum-table-lamp\/","og_locale":"en_US","og_type":"article","og_title":"TOLOMEO ALUMINUM TABLE LAMP &#8212; Casarredo.it","og_description":"Tolomeo lampada Comparsa nel 1987, \u00e8 stata subito un best seller, premiata con il compasso d'Oro. \u00c8 la famosissima lampada da tavolo Tolomeo, disegnata da Michele De Lucchi e Giancarlo Fassina.","og_url":"https:\/\/www.casarredo.it\/en\/prodotto\/tolomeo-aluminum-table-lamp\/","og_site_name":"Casarredo.it","article_publisher":"https:\/\/www.facebook.com\/Casarredo-632870513490892","article_modified_time":"2022-01-30T21:26:32+00:00","og_image":[{"width":600,"height":600,"url":"https:\/\/www.casarredo.it\/wp-content\/uploads\/2016\/03\/tolomeo-tavolo-aluminium-600x600_modificato-1.jpg","type":"image\/jpeg"}],"twitter_card":"summary_large_image","twitter_misc":{"Est. reading time":"1 minute"},"schema":{"@context":"https:\/\/schema.org","@graph":[{"@type":"WebPage","@id":"https:\/\/www.casarredo.it\/en\/prodotto\/tolomeo-aluminum-table-lamp\/","url":"https:\/\/www.casarredo.it\/en\/prodotto\/tolomeo-aluminum-table-lamp\/","name":"TOLOMEO ALUMINUM TABLE LAMP &#8212; Casarredo.it","isPartOf":{"@id":"https:\/\/www.casarredo.it\/en\/#website"},"primaryImageOfPage":{"@id":"https:\/\/www.casarredo.it\/en\/prodotto\/tolomeo-aluminum-table-lamp\/#primaryimage"},"image":{"@id":"https:\/\/www.casarredo.it\/en\/prodotto\/tolomeo-aluminum-table-lamp\/#primaryimage"},"thumbnailUrl":"https:\/\/www.casarredo.it\/wp-content\/uploads\/2016\/03\/tolomeo-tavolo-aluminium-600x600_modificato-1.jpg","datePublished":"2016-03-26T08:56:45+00:00","dateModified":"2022-01-30T21:26:32+00:00","description":"Tolomeo lampada Comparsa nel 1987, \u00e8 stata subito un best seller, premiata con il compasso d'Oro. \u00c8 la famosissima lampada da tavolo Tolomeo, disegnata da Michele De Lucchi e Giancarlo Fassina.","breadcrumb":{"@id":"https:\/\/www.casarredo.it\/en\/prodotto\/tolomeo-aluminum-table-lamp\/#breadcrumb"},"inLanguage":"en-US","potentialAction":[{"@type":"ReadAction","target":["https:\/\/www.casarredo.it\/en\/prodotto\/tolomeo-aluminum-table-lamp\/"]}]},{"@type":"ImageObject","inLanguage":"en-US","@id":"https:\/\/www.casarredo.it\/en\/prodotto\/tolomeo-aluminum-table-lamp\/#primaryimage","url":"https:\/\/www.casarredo.it\/wp-content\/uploads\/2016\/03\/tolomeo-tavolo-aluminium-600x600_modificato-1.jpg","contentUrl":"https:\/\/www.casarredo.it\/wp-content\/uploads\/2016\/03\/tolomeo-tavolo-aluminium-600x600_modificato-1.jpg","width":600,"height":600},{"@type":"BreadcrumbList","@id":"https:\/\/www.casarredo.it\/en\/prodotto\/tolomeo-aluminum-table-lamp\/#breadcrumb","itemListElement":[{"@type":"ListItem","position":1,"name":"Home","item":"https:\/\/www.casarredo.it\/en\/"},{"@type":"ListItem","position":2,"name":"Shop online","item":"https:\/\/www.casarredo.it\/en\/shop\/"},{"@type":"ListItem","position":3,"name":"TOLOMEO ALUMINUM TABLE LAMP"}]},{"@type":"WebSite","@id":"https:\/\/www.casarredo.it\/en\/#website","url":"https:\/\/www.casarredo.it\/en\/","name":"Casarredo.it","description":"Design da vivere","publisher":{"@id":"https:\/\/www.casarredo.it\/en\/#organization"},"potentialAction":[{"@type":"SearchAction","target":{"@type":"EntryPoint","urlTemplate":"https:\/\/www.casarredo.it\/en\/?s={search_term_string}"},"query-input":{"@type":"PropertyValueSpecification","valueRequired":true,"valueName":"search_term_string"}}],"inLanguage":"en-US"},{"@type":"Organization","@id":"https:\/\/www.casarredo.it\/en\/#organization","name":"casarredo srl","url":"https:\/\/www.casarredo.it\/en\/","logo":{"@type":"ImageObject","inLanguage":"en-US","@id":"https:\/\/www.casarredo.it\/en\/#\/schema\/logo\/image\/","url":"https:\/\/www.casarredo.it\/wp-content\/uploads\/2018\/05\/vanity-scaled.jpg","contentUrl":"https:\/\/www.casarredo.it\/wp-content\/uploads\/2018\/05\/vanity-scaled.jpg","width":2560,"height":1848,"caption":"casarredo srl"},"image":{"@id":"https:\/\/www.casarredo.it\/en\/#\/schema\/logo\/image\/"},"sameAs":["https:\/\/www.facebook.com\/Casarredo-632870513490892","https:\/\/www.instagram.com\/casarredo_fano\/"]}]}},"_links":{"self":[{"href":"https:\/\/www.casarredo.it\/en\/wp-json\/wp\/v2\/product\/14851","targetHints":{"allow":["GET"]}}],"collection":[{"href":"https:\/\/www.casarredo.it\/en\/wp-json\/wp\/v2\/product"}],"about":[{"href":"https:\/\/www.casarredo.it\/en\/wp-json\/wp\/v2\/types\/product"}],"wp:featuredmedia":[{"embeddable":true,"href":"https:\/\/www.casarredo.it\/en\/wp-json\/wp\/v2\/media\/12872"}],"wp:attachment":[{"href":"https:\/\/www.casarredo.it\/en\/wp-json\/wp\/v2\/media?parent=14851"}],"wp:term":[{"taxonomy":"product_brand","embeddable":true,"href":"https:\/\/www.casarredo.it\/en\/wp-json\/wp\/v2\/product_brand?post=14851"},{"taxonomy":"product_cat","embeddable":true,"href":"https:\/\/www.casarredo.it\/en\/wp-json\/wp\/v2\/product_cat?post=14851"},{"taxonomy":"product_tag","embeddable":true,"href":"https:\/\/www.casarredo.it\/en\/wp-json\/wp\/v2\/product_tag?post=14851"}],"curies":[{"name":"wp","href":"https:\/\/api.w.org\/{rel}","templated":true}]}}