{"id":14816,"date":"2016-05-20T09:42:53","date_gmt":"2016-05-20T07:42:53","guid":{"rendered":"https:\/\/www.casarredo.it\/prodotto\/corniches-mensola-media-ronan-erwan-bourollec-vitra\/"},"modified":"2022-01-21T14:56:14","modified_gmt":"2022-01-21T13:56:14","slug":"cornices-mensola-media-ronan-erwan-bourollec-vitra","status":"publish","type":"product","link":"https:\/\/www.casarredo.it\/en\/prodotto\/cornices-mensola-media-ronan-erwan-bourollec-vitra\/","title":{"rendered":"Cornices medium shelf Ronan &#038; Erwan Bourollec Vitra"},"content":{"rendered":"<div id=\"destText\" class=\"textArea\">\n<div><span id=\"ouHighlight__0_21TO0_14\" class=\"\">Corniches arose<\/span><span id=\"noHighlight_0.6374751461010737\"> <\/span><span id=\"ouHighlight__53_66TO16_28\">spontaneously<\/span><span id=\"noHighlight_0.8678870827792468\"> <\/span><span id=\"ouHighlight__23_51TO30_46\">from the need for<\/span><span id=\"noHighlight_0.8734469340381675\"> <\/span><span id=\"ouHighlight__68_74TO48_52\">small<\/span><span id=\"noHighlight_0.22981730733483596\"> <\/span><span id=\"ouHighlight__76_96TO54_61\">surfaces<\/span><span id=\"noHighlight_0.2906907710467559\">.<\/span><span id=\"noHighlight_0.2526142295083431\"> <\/span><span id=\"ouHighlight__99_108TO64_66\">&#8220;As<\/span><span id=\"noHighlight_0.02140096723069629\"> <\/span><span id=\"ouHighlight__110_129TO68_87\" class=\"\">before plunging into<\/span><span id=\"noHighlight_0.013682484600850753\"> <\/span><span id=\"ouHighlight__131_134TO89_91\">sea<\/span><span id=\"noHighlight_0.5707709702134183\"> <\/span><span id=\"ouHighlight__136_145TO93_97\">hangs<\/span><span id=\"noHighlight_0.5556586112786055\"> <\/span><span id=\"ouHighlight__147_159TO99_107\">the towel<\/span><span id=\"noHighlight_0.8142805312815738\"> <\/span><span id=\"ouHighlight__161_164TO109_110\">to<\/span><span id=\"noHighlight_0.9903038634932754\"> <\/span><span id=\"ouHighlight__175_187TO112_117\" class=\"highlighted\">a rock<\/span><span id=\"noHighlight_0.027721864937651053\"> <\/span><span id=\"ouHighlight__166_173TO119_125\">outcrop<\/span><span id=\"ouHighlight__188_194TO126_131\">, even<\/span><span id=\"noHighlight_0.08036946215840424\"> <\/span><span id=\"ouHighlight__196_213TO133_148\">in everyday life<\/span><span id=\"noHighlight_0.9126022879290439\"> <\/span><span id=\"ouHighlight__215_221TO150_154\">serve<\/span><span id=\"noHighlight_0.7771407785915907\"> <\/span><span id=\"ouHighlight__223_229TO156_160\">small<\/span><span id=\"noHighlight_0.7684094339814898\"> <\/span><span id=\"ouHighlight__231_251TO162_169\" class=\"\">surfaces<\/span><span id=\"ouHighlight__252_260TO170_176\" class=\"\">,&#8221; says<\/span><span id=\"noHighlight_0.6028187869533774\"> <\/span><span id=\"ouHighlight__262_266TO178_182\">Ronan<\/span><span id=\"noHighlight_0.11204447333480094\"> <\/span><span id=\"ouHighlight__268_278TO184_194\">Bouroullec.<\/span><\/div>\n<\/div>\n","protected":false},"excerpt":{"rendered":"<p>Corniches arose spontaneously from the need for small surfaces. &#8220;As before plunging into sea hangs the towel to a rock outcrop, even in everyday life serve small surfaces,&#8221; says Ronan Bouroullec.<\/p>\n","protected":false},"featured_media":12752,"template":"","meta":[],"product_brand":[],"product_cat":[1692,1677,1671],"product_tag":[1790],"class_list":{"0":"post-14816","1":"product","2":"type-product","3":"status-publish","4":"has-post-thumbnail","6":"product_cat-complements","7":"product_cat-gift-ideas","8":"product_cat-living-area","9":"product_tag-vitra-en","10":"pa_colore-black","11":"pa_colore-japanese-red-en","12":"pa_colore-orange","13":"pa_colore-white-en","15":"first","16":"instock","17":"sale","18":"shipping-taxable","19":"purchasable","20":"product-type-variable","21":"add-to-wishlist-after_add_to_cart"},"yoast_head":"<!-- This site is optimized with the Yoast SEO plugin v27.4 - https:\/\/yoast.com\/product\/yoast-seo-wordpress\/ -->\n<title>Cornices medium shelf Ronan &amp; Erwan Bourollec Vitra &#8212; Casarredo.it<\/title>\n<meta name=\"description\" content=\"Le Corniches sono nate dalla necessit\u00e0 di utilizzare spontaneamente piccole superfici di appoggio. &quot;Cos\u00ec come prima di tuffarsi in mare si appende l&#039;asciugamano allo spuntone di una roccia, anche nella quotidianit\u00e0 servono piccole superfici di appoggio&quot;, spiega Ronan Bouroullec.\" \/>\n<meta name=\"robots\" content=\"index, follow, max-snippet:-1, max-image-preview:large, max-video-preview:-1\" \/>\n<link rel=\"canonical\" href=\"https:\/\/www.casarredo.it\/en\/prodotto\/cornices-mensola-media-ronan-erwan-bourollec-vitra\/\" \/>\n<meta property=\"og:locale\" content=\"en_US\" \/>\n<meta property=\"og:type\" content=\"article\" \/>\n<meta property=\"og:title\" content=\"Cornices medium shelf Ronan &amp; Erwan Bourollec Vitra &#8212; Casarredo.it\" \/>\n<meta property=\"og:description\" content=\"Le Corniches sono nate dalla necessit\u00e0 di utilizzare spontaneamente piccole superfici di appoggio. &quot;Cos\u00ec come prima di tuffarsi in mare si appende l&#039;asciugamano allo spuntone di una roccia, anche nella quotidianit\u00e0 servono piccole superfici di appoggio&quot;, spiega Ronan Bouroullec.\" \/>\n<meta property=\"og:url\" content=\"https:\/\/www.casarredo.it\/en\/prodotto\/cornices-mensola-media-ronan-erwan-bourollec-vitra\/\" \/>\n<meta property=\"og:site_name\" content=\"Casarredo.it\" \/>\n<meta property=\"article:publisher\" content=\"https:\/\/www.facebook.com\/Casarredo-632870513490892\" \/>\n<meta property=\"article:modified_time\" content=\"2022-01-21T13:56:14+00:00\" \/>\n<meta property=\"og:image\" content=\"https:\/\/www.casarredo.it\/wp-content\/uploads\/2016\/05\/corniches-media-rosso.jpg\" \/>\n\t<meta property=\"og:image:width\" content=\"600\" \/>\n\t<meta property=\"og:image:height\" content=\"550\" \/>\n\t<meta property=\"og:image:type\" content=\"image\/jpeg\" \/>\n<meta name=\"twitter:card\" content=\"summary_large_image\" \/>\n<script type=\"application\/ld+json\" class=\"yoast-schema-graph\">{\"@context\":\"https:\\\/\\\/schema.org\",\"@graph\":[{\"@type\":\"WebPage\",\"@id\":\"https:\\\/\\\/www.casarredo.it\\\/en\\\/prodotto\\\/cornices-mensola-media-ronan-erwan-bourollec-vitra\\\/\",\"url\":\"https:\\\/\\\/www.casarredo.it\\\/en\\\/prodotto\\\/cornices-mensola-media-ronan-erwan-bourollec-vitra\\\/\",\"name\":\"Cornices medium shelf Ronan & Erwan Bourollec Vitra &#8212; Casarredo.it\",\"isPartOf\":{\"@id\":\"https:\\\/\\\/www.casarredo.it\\\/en\\\/#website\"},\"primaryImageOfPage\":{\"@id\":\"https:\\\/\\\/www.casarredo.it\\\/en\\\/prodotto\\\/cornices-mensola-media-ronan-erwan-bourollec-vitra\\\/#primaryimage\"},\"image\":{\"@id\":\"https:\\\/\\\/www.casarredo.it\\\/en\\\/prodotto\\\/cornices-mensola-media-ronan-erwan-bourollec-vitra\\\/#primaryimage\"},\"thumbnailUrl\":\"https:\\\/\\\/www.casarredo.it\\\/wp-content\\\/uploads\\\/2016\\\/05\\\/corniches-media-rosso.jpg\",\"datePublished\":\"2016-05-20T07:42:53+00:00\",\"dateModified\":\"2022-01-21T13:56:14+00:00\",\"description\":\"Le Corniches sono nate dalla necessit\u00e0 di utilizzare spontaneamente piccole superfici di appoggio. \\\"Cos\u00ec come prima di tuffarsi in mare si appende l'asciugamano allo spuntone di una roccia, anche nella quotidianit\u00e0 servono piccole superfici di appoggio\\\", spiega Ronan Bouroullec.\",\"breadcrumb\":{\"@id\":\"https:\\\/\\\/www.casarredo.it\\\/en\\\/prodotto\\\/cornices-mensola-media-ronan-erwan-bourollec-vitra\\\/#breadcrumb\"},\"inLanguage\":\"en-US\",\"potentialAction\":[{\"@type\":\"ReadAction\",\"target\":[\"https:\\\/\\\/www.casarredo.it\\\/en\\\/prodotto\\\/cornices-mensola-media-ronan-erwan-bourollec-vitra\\\/\"]}]},{\"@type\":\"ImageObject\",\"inLanguage\":\"en-US\",\"@id\":\"https:\\\/\\\/www.casarredo.it\\\/en\\\/prodotto\\\/cornices-mensola-media-ronan-erwan-bourollec-vitra\\\/#primaryimage\",\"url\":\"https:\\\/\\\/www.casarredo.it\\\/wp-content\\\/uploads\\\/2016\\\/05\\\/corniches-media-rosso.jpg\",\"contentUrl\":\"https:\\\/\\\/www.casarredo.it\\\/wp-content\\\/uploads\\\/2016\\\/05\\\/corniches-media-rosso.jpg\",\"width\":600,\"height\":550},{\"@type\":\"BreadcrumbList\",\"@id\":\"https:\\\/\\\/www.casarredo.it\\\/en\\\/prodotto\\\/cornices-mensola-media-ronan-erwan-bourollec-vitra\\\/#breadcrumb\",\"itemListElement\":[{\"@type\":\"ListItem\",\"position\":1,\"name\":\"Home\",\"item\":\"https:\\\/\\\/www.casarredo.it\\\/en\\\/\"},{\"@type\":\"ListItem\",\"position\":2,\"name\":\"Shop online\",\"item\":\"https:\\\/\\\/www.casarredo.it\\\/en\\\/shop\\\/\"},{\"@type\":\"ListItem\",\"position\":3,\"name\":\"Cornices medium shelf Ronan &#038; Erwan Bourollec Vitra\"}]},{\"@type\":\"WebSite\",\"@id\":\"https:\\\/\\\/www.casarredo.it\\\/en\\\/#website\",\"url\":\"https:\\\/\\\/www.casarredo.it\\\/en\\\/\",\"name\":\"Casarredo.it\",\"description\":\"Design da vivere\",\"publisher\":{\"@id\":\"https:\\\/\\\/www.casarredo.it\\\/en\\\/#organization\"},\"potentialAction\":[{\"@type\":\"SearchAction\",\"target\":{\"@type\":\"EntryPoint\",\"urlTemplate\":\"https:\\\/\\\/www.casarredo.it\\\/en\\\/?s={search_term_string}\"},\"query-input\":{\"@type\":\"PropertyValueSpecification\",\"valueRequired\":true,\"valueName\":\"search_term_string\"}}],\"inLanguage\":\"en-US\"},{\"@type\":\"Organization\",\"@id\":\"https:\\\/\\\/www.casarredo.it\\\/en\\\/#organization\",\"name\":\"casarredo srl\",\"url\":\"https:\\\/\\\/www.casarredo.it\\\/en\\\/\",\"logo\":{\"@type\":\"ImageObject\",\"inLanguage\":\"en-US\",\"@id\":\"https:\\\/\\\/www.casarredo.it\\\/en\\\/#\\\/schema\\\/logo\\\/image\\\/\",\"url\":\"https:\\\/\\\/www.casarredo.it\\\/wp-content\\\/uploads\\\/2018\\\/05\\\/vanity-scaled.jpg\",\"contentUrl\":\"https:\\\/\\\/www.casarredo.it\\\/wp-content\\\/uploads\\\/2018\\\/05\\\/vanity-scaled.jpg\",\"width\":2560,\"height\":1848,\"caption\":\"casarredo srl\"},\"image\":{\"@id\":\"https:\\\/\\\/www.casarredo.it\\\/en\\\/#\\\/schema\\\/logo\\\/image\\\/\"},\"sameAs\":[\"https:\\\/\\\/www.facebook.com\\\/Casarredo-632870513490892\",\"https:\\\/\\\/www.instagram.com\\\/casarredo_fano\\\/\"]}]}<\/script>\n<!-- \/ Yoast SEO plugin. -->","yoast_head_json":{"title":"Cornices medium shelf Ronan & Erwan Bourollec Vitra &#8212; Casarredo.it","description":"Le Corniches sono nate dalla necessit\u00e0 di utilizzare spontaneamente piccole superfici di appoggio. \"Cos\u00ec come prima di tuffarsi in mare si appende l'asciugamano allo spuntone di una roccia, anche nella quotidianit\u00e0 servono piccole superfici di appoggio\", spiega Ronan Bouroullec.","robots":{"index":"index","follow":"follow","max-snippet":"max-snippet:-1","max-image-preview":"max-image-preview:large","max-video-preview":"max-video-preview:-1"},"canonical":"https:\/\/www.casarredo.it\/en\/prodotto\/cornices-mensola-media-ronan-erwan-bourollec-vitra\/","og_locale":"en_US","og_type":"article","og_title":"Cornices medium shelf Ronan & Erwan Bourollec Vitra &#8212; Casarredo.it","og_description":"Le Corniches sono nate dalla necessit\u00e0 di utilizzare spontaneamente piccole superfici di appoggio. \"Cos\u00ec come prima di tuffarsi in mare si appende l'asciugamano allo spuntone di una roccia, anche nella quotidianit\u00e0 servono piccole superfici di appoggio\", spiega Ronan Bouroullec.","og_url":"https:\/\/www.casarredo.it\/en\/prodotto\/cornices-mensola-media-ronan-erwan-bourollec-vitra\/","og_site_name":"Casarredo.it","article_publisher":"https:\/\/www.facebook.com\/Casarredo-632870513490892","article_modified_time":"2022-01-21T13:56:14+00:00","og_image":[{"width":600,"height":550,"url":"https:\/\/www.casarredo.it\/wp-content\/uploads\/2016\/05\/corniches-media-rosso.jpg","type":"image\/jpeg"}],"twitter_card":"summary_large_image","schema":{"@context":"https:\/\/schema.org","@graph":[{"@type":"WebPage","@id":"https:\/\/www.casarredo.it\/en\/prodotto\/cornices-mensola-media-ronan-erwan-bourollec-vitra\/","url":"https:\/\/www.casarredo.it\/en\/prodotto\/cornices-mensola-media-ronan-erwan-bourollec-vitra\/","name":"Cornices medium shelf Ronan & Erwan Bourollec Vitra &#8212; Casarredo.it","isPartOf":{"@id":"https:\/\/www.casarredo.it\/en\/#website"},"primaryImageOfPage":{"@id":"https:\/\/www.casarredo.it\/en\/prodotto\/cornices-mensola-media-ronan-erwan-bourollec-vitra\/#primaryimage"},"image":{"@id":"https:\/\/www.casarredo.it\/en\/prodotto\/cornices-mensola-media-ronan-erwan-bourollec-vitra\/#primaryimage"},"thumbnailUrl":"https:\/\/www.casarredo.it\/wp-content\/uploads\/2016\/05\/corniches-media-rosso.jpg","datePublished":"2016-05-20T07:42:53+00:00","dateModified":"2022-01-21T13:56:14+00:00","description":"Le Corniches sono nate dalla necessit\u00e0 di utilizzare spontaneamente piccole superfici di appoggio. \"Cos\u00ec come prima di tuffarsi in mare si appende l'asciugamano allo spuntone di una roccia, anche nella quotidianit\u00e0 servono piccole superfici di appoggio\", spiega Ronan Bouroullec.","breadcrumb":{"@id":"https:\/\/www.casarredo.it\/en\/prodotto\/cornices-mensola-media-ronan-erwan-bourollec-vitra\/#breadcrumb"},"inLanguage":"en-US","potentialAction":[{"@type":"ReadAction","target":["https:\/\/www.casarredo.it\/en\/prodotto\/cornices-mensola-media-ronan-erwan-bourollec-vitra\/"]}]},{"@type":"ImageObject","inLanguage":"en-US","@id":"https:\/\/www.casarredo.it\/en\/prodotto\/cornices-mensola-media-ronan-erwan-bourollec-vitra\/#primaryimage","url":"https:\/\/www.casarredo.it\/wp-content\/uploads\/2016\/05\/corniches-media-rosso.jpg","contentUrl":"https:\/\/www.casarredo.it\/wp-content\/uploads\/2016\/05\/corniches-media-rosso.jpg","width":600,"height":550},{"@type":"BreadcrumbList","@id":"https:\/\/www.casarredo.it\/en\/prodotto\/cornices-mensola-media-ronan-erwan-bourollec-vitra\/#breadcrumb","itemListElement":[{"@type":"ListItem","position":1,"name":"Home","item":"https:\/\/www.casarredo.it\/en\/"},{"@type":"ListItem","position":2,"name":"Shop online","item":"https:\/\/www.casarredo.it\/en\/shop\/"},{"@type":"ListItem","position":3,"name":"Cornices medium shelf Ronan &#038; Erwan Bourollec Vitra"}]},{"@type":"WebSite","@id":"https:\/\/www.casarredo.it\/en\/#website","url":"https:\/\/www.casarredo.it\/en\/","name":"Casarredo.it","description":"Design da vivere","publisher":{"@id":"https:\/\/www.casarredo.it\/en\/#organization"},"potentialAction":[{"@type":"SearchAction","target":{"@type":"EntryPoint","urlTemplate":"https:\/\/www.casarredo.it\/en\/?s={search_term_string}"},"query-input":{"@type":"PropertyValueSpecification","valueRequired":true,"valueName":"search_term_string"}}],"inLanguage":"en-US"},{"@type":"Organization","@id":"https:\/\/www.casarredo.it\/en\/#organization","name":"casarredo srl","url":"https:\/\/www.casarredo.it\/en\/","logo":{"@type":"ImageObject","inLanguage":"en-US","@id":"https:\/\/www.casarredo.it\/en\/#\/schema\/logo\/image\/","url":"https:\/\/www.casarredo.it\/wp-content\/uploads\/2018\/05\/vanity-scaled.jpg","contentUrl":"https:\/\/www.casarredo.it\/wp-content\/uploads\/2018\/05\/vanity-scaled.jpg","width":2560,"height":1848,"caption":"casarredo srl"},"image":{"@id":"https:\/\/www.casarredo.it\/en\/#\/schema\/logo\/image\/"},"sameAs":["https:\/\/www.facebook.com\/Casarredo-632870513490892","https:\/\/www.instagram.com\/casarredo_fano\/"]}]}},"_links":{"self":[{"href":"https:\/\/www.casarredo.it\/en\/wp-json\/wp\/v2\/product\/14816","targetHints":{"allow":["GET"]}}],"collection":[{"href":"https:\/\/www.casarredo.it\/en\/wp-json\/wp\/v2\/product"}],"about":[{"href":"https:\/\/www.casarredo.it\/en\/wp-json\/wp\/v2\/types\/product"}],"wp:featuredmedia":[{"embeddable":true,"href":"https:\/\/www.casarredo.it\/en\/wp-json\/wp\/v2\/media\/12752"}],"wp:attachment":[{"href":"https:\/\/www.casarredo.it\/en\/wp-json\/wp\/v2\/media?parent=14816"}],"wp:term":[{"taxonomy":"product_brand","embeddable":true,"href":"https:\/\/www.casarredo.it\/en\/wp-json\/wp\/v2\/product_brand?post=14816"},{"taxonomy":"product_cat","embeddable":true,"href":"https:\/\/www.casarredo.it\/en\/wp-json\/wp\/v2\/product_cat?post=14816"},{"taxonomy":"product_tag","embeddable":true,"href":"https:\/\/www.casarredo.it\/en\/wp-json\/wp\/v2\/product_tag?post=14816"}],"curies":[{"name":"wp","href":"https:\/\/api.w.org\/{rel}","templated":true}]}}