{"id":14782,"date":"2016-07-20T19:46:19","date_gmt":"2016-07-20T17:46:19","guid":{"rendered":"https:\/\/www.casarredo.it\/prodotto\/letto-grantorino-coupe\/"},"modified":"2019-04-19T13:22:06","modified_gmt":"2019-04-19T11:22:06","slug":"grantorino-coupe-bed-170x200","status":"publish","type":"product","link":"https:\/\/www.casarredo.it\/en\/prodotto\/grantorino-coupe-bed-170x200\/","title":{"rendered":"Grantorino coup\u00e9 bed 170&#215;200"},"content":{"rendered":"<div><\/div>\n<div><span id=\"result_box\" class=\"\" lang=\"en\"><span class=\"\">Gran Torino<\/span> bed 170&#215;200 retro <span class=\"\">leather<\/span> canvas sc 52 Daino and fabric Nile color 12201\/1 including slatted.<\/span><\/div>\n<div>\n<p><span id=\"result_box\" class=\"\" lang=\"en\"><span title=\"Jean-Marie Massaud progetta una versione pi\u00f9 compatta e essenziale di GranTorino Bed.\">Jean-Marie Massaud designed a more compact and essential version of Gran Torino Bed. <\/span><span title=\"Elemento compositivo chiave di GranTorino Coup\u00e9 Bed \u00e8 la testata, che si riduce nelle dimensioni, definendo un\u2019elegante continuit\u00e0 con il giroletto.\">Key compositional element of Gran Torino Coupe B is the header, which is reduced in size, defining an elegant continuity with the bed frame. <\/span><span title=\"Delicate impunture a x, eseguite a mano con filo a contrasto, decorano l\u2019imbottitura a trapunta della testata. \">Delicate stitching x, carried out by hand with contrast stitching, decorating the padding quilted headboard.<\/span><\/span><\/p>\n<p><span title=\"La struttura della testata \u00e8 in multistrato di betulla, la morbida imbottitura della trapunta \u00e8 in ovatta poliestere.\">The headboard frame is made of birch plywood, the soft padding of the quilt is made of polyester wadding. <\/span><span title=\"Sponde in listellare di abete e pediera in multistrato di pioppo, con leggera imbottitura in poliuretano espanso. \">Banks in fir wood strips and footboard in poplar plywood, lightly padded with polyurethane foam.<\/span><\/p>\n<p><span title=\"Il rivestimento pu\u00f2 essere in Pelle Frau\u00ae o bi-materiale nelle versioni che prevedono l'abbinamento del cuoio alla pelle o al tessuto e della pelle al tessuto: Cuoio Saddle Extra o Pelle Frau\u00ae per la parte posteriore della testata e il giroletto e Pelle\">The coating can be in Pelle Frau \u00ae or bi-material in versions that include the leather combined with the skin or the tissue and skin to the fabric: Leather Saddle Extra or Pelle Frau \u00ae for the back of the headboard and bed frame and leather <\/span><span title=\"Frau\u00ae o tessuto sfoderabile per il rivestimento della trapunta.\">Frau\u00ae or removable fabric for the lining of the quilt. <\/span><span title=\"I piedi in alluminio a forma cilindrica possono essere rivestiti in Pelle Frau\u00ae o verniciati in nero.\">The feet in aluminum cylindrical can be upholstered in Pelle Frau \u00ae or painted in black.<\/span><\/p>\n<\/div>\n<div><img decoding=\"async\" src=\"http:\/\/cdn.poltronafrau.com\/sites\/poltronafrau.com\/files\/grantorino-cupe-bed_1.jpg\" alt=\"http:\/\/cdn.poltronafrau.com\/sites\/poltronafrau.com\/files\/grantorino-cupe-bed_1.jpg\" \/><\/div>\n","protected":false},"excerpt":{"rendered":"<p>Gran Torino bed 170&#215;200 retro leather canvas sc 52 Daino and fabric Nile color 12201\/1 including slatted. Jean-Marie Massaud designed a more compact and essential version of Gran Torino Bed. Key compositional element of Gran Torino Coupe B is the header, which is reduced in size, defining an elegant continuity with the bed frame. Delicate [&hellip;]<\/p>\n","protected":false},"featured_media":13229,"template":"","meta":[],"product_brand":[],"product_cat":[1712,1751],"product_tag":[1725,2104],"class_list":{"0":"post-14782","1":"product","2":"type-product","3":"status-publish","4":"has-post-thumbnail","6":"product_cat-bedroom-area","7":"product_cat-beds","8":"product_tag-frau-armchair","9":"product_tag-grantorino-coupe-bed-en","11":"first","12":"outofstock","13":"shipping-taxable","14":"purchasable","15":"product-type-simple","16":"add-to-wishlist-after_add_to_cart"},"yoast_head":"<!-- This site is optimized with the Yoast SEO plugin v27.4 - https:\/\/yoast.com\/product\/yoast-seo-wordpress\/ -->\n<title>Grantorino coup\u00e9 bed 170x200 &#8212; Casarredo.it<\/title>\n<meta name=\"description\" content=\"Grantorino coup\u00e8 bed 170x200 letto Poltrona Frau disegnato da Jean-Marie Massaud, uno splendido esempio di bel design e qualit\u00e0 costruttiva\" \/>\n<meta name=\"robots\" content=\"index, follow, max-snippet:-1, max-image-preview:large, max-video-preview:-1\" \/>\n<link rel=\"canonical\" href=\"https:\/\/www.casarredo.it\/en\/prodotto\/grantorino-coupe-bed-170x200\/\" \/>\n<meta property=\"og:locale\" content=\"en_US\" \/>\n<meta property=\"og:type\" content=\"article\" \/>\n<meta property=\"og:title\" content=\"Grantorino coup\u00e9 bed 170x200 &#8212; Casarredo.it\" \/>\n<meta property=\"og:description\" content=\"Grantorino coup\u00e8 bed 170x200 letto Poltrona Frau disegnato da Jean-Marie Massaud, uno splendido esempio di bel design e qualit\u00e0 costruttiva\" \/>\n<meta property=\"og:url\" content=\"https:\/\/www.casarredo.it\/en\/prodotto\/grantorino-coupe-bed-170x200\/\" \/>\n<meta property=\"og:site_name\" content=\"Casarredo.it\" \/>\n<meta property=\"article:publisher\" content=\"https:\/\/www.facebook.com\/Casarredo-632870513490892\" \/>\n<meta property=\"article:modified_time\" content=\"2019-04-19T11:22:06+00:00\" \/>\n<meta property=\"og:image\" content=\"https:\/\/www.casarredo.it\/wp-content\/uploads\/2016\/07\/grantorino_modificato-1-scaled.jpg\" \/>\n\t<meta property=\"og:image:width\" content=\"2560\" \/>\n\t<meta property=\"og:image:height\" content=\"1440\" \/>\n\t<meta property=\"og:image:type\" content=\"image\/jpeg\" \/>\n<meta name=\"twitter:card\" content=\"summary_large_image\" \/>\n<meta name=\"twitter:label1\" content=\"Est. reading time\" \/>\n\t<meta name=\"twitter:data1\" content=\"1 minute\" \/>\n<script type=\"application\/ld+json\" class=\"yoast-schema-graph\">{\"@context\":\"https:\\\/\\\/schema.org\",\"@graph\":[{\"@type\":\"WebPage\",\"@id\":\"https:\\\/\\\/www.casarredo.it\\\/en\\\/prodotto\\\/grantorino-coupe-bed-170x200\\\/\",\"url\":\"https:\\\/\\\/www.casarredo.it\\\/en\\\/prodotto\\\/grantorino-coupe-bed-170x200\\\/\",\"name\":\"Grantorino coup\u00e9 bed 170x200 &#8212; Casarredo.it\",\"isPartOf\":{\"@id\":\"https:\\\/\\\/www.casarredo.it\\\/en\\\/#website\"},\"primaryImageOfPage\":{\"@id\":\"https:\\\/\\\/www.casarredo.it\\\/en\\\/prodotto\\\/grantorino-coupe-bed-170x200\\\/#primaryimage\"},\"image\":{\"@id\":\"https:\\\/\\\/www.casarredo.it\\\/en\\\/prodotto\\\/grantorino-coupe-bed-170x200\\\/#primaryimage\"},\"thumbnailUrl\":\"https:\\\/\\\/www.casarredo.it\\\/wp-content\\\/uploads\\\/2016\\\/07\\\/grantorino_modificato-1-scaled.jpg\",\"datePublished\":\"2016-07-20T17:46:19+00:00\",\"dateModified\":\"2019-04-19T11:22:06+00:00\",\"description\":\"Grantorino coup\u00e8 bed 170x200 letto Poltrona Frau disegnato da Jean-Marie Massaud, uno splendido esempio di bel design e qualit\u00e0 costruttiva\",\"breadcrumb\":{\"@id\":\"https:\\\/\\\/www.casarredo.it\\\/en\\\/prodotto\\\/grantorino-coupe-bed-170x200\\\/#breadcrumb\"},\"inLanguage\":\"en-US\",\"potentialAction\":[{\"@type\":\"ReadAction\",\"target\":[\"https:\\\/\\\/www.casarredo.it\\\/en\\\/prodotto\\\/grantorino-coupe-bed-170x200\\\/\"]}]},{\"@type\":\"ImageObject\",\"inLanguage\":\"en-US\",\"@id\":\"https:\\\/\\\/www.casarredo.it\\\/en\\\/prodotto\\\/grantorino-coupe-bed-170x200\\\/#primaryimage\",\"url\":\"https:\\\/\\\/www.casarredo.it\\\/wp-content\\\/uploads\\\/2016\\\/07\\\/grantorino_modificato-1-scaled.jpg\",\"contentUrl\":\"https:\\\/\\\/www.casarredo.it\\\/wp-content\\\/uploads\\\/2016\\\/07\\\/grantorino_modificato-1-scaled.jpg\",\"width\":2560,\"height\":1440,\"caption\":\"Jpeg\"},{\"@type\":\"BreadcrumbList\",\"@id\":\"https:\\\/\\\/www.casarredo.it\\\/en\\\/prodotto\\\/grantorino-coupe-bed-170x200\\\/#breadcrumb\",\"itemListElement\":[{\"@type\":\"ListItem\",\"position\":1,\"name\":\"Home\",\"item\":\"https:\\\/\\\/www.casarredo.it\\\/en\\\/\"},{\"@type\":\"ListItem\",\"position\":2,\"name\":\"Shop online\",\"item\":\"https:\\\/\\\/www.casarredo.it\\\/en\\\/shop\\\/\"},{\"@type\":\"ListItem\",\"position\":3,\"name\":\"Grantorino coup\u00e9 bed 170&#215;200\"}]},{\"@type\":\"WebSite\",\"@id\":\"https:\\\/\\\/www.casarredo.it\\\/en\\\/#website\",\"url\":\"https:\\\/\\\/www.casarredo.it\\\/en\\\/\",\"name\":\"Casarredo.it\",\"description\":\"Design da vivere\",\"publisher\":{\"@id\":\"https:\\\/\\\/www.casarredo.it\\\/en\\\/#organization\"},\"potentialAction\":[{\"@type\":\"SearchAction\",\"target\":{\"@type\":\"EntryPoint\",\"urlTemplate\":\"https:\\\/\\\/www.casarredo.it\\\/en\\\/?s={search_term_string}\"},\"query-input\":{\"@type\":\"PropertyValueSpecification\",\"valueRequired\":true,\"valueName\":\"search_term_string\"}}],\"inLanguage\":\"en-US\"},{\"@type\":\"Organization\",\"@id\":\"https:\\\/\\\/www.casarredo.it\\\/en\\\/#organization\",\"name\":\"casarredo srl\",\"url\":\"https:\\\/\\\/www.casarredo.it\\\/en\\\/\",\"logo\":{\"@type\":\"ImageObject\",\"inLanguage\":\"en-US\",\"@id\":\"https:\\\/\\\/www.casarredo.it\\\/en\\\/#\\\/schema\\\/logo\\\/image\\\/\",\"url\":\"https:\\\/\\\/www.casarredo.it\\\/wp-content\\\/uploads\\\/2018\\\/05\\\/vanity-scaled.jpg\",\"contentUrl\":\"https:\\\/\\\/www.casarredo.it\\\/wp-content\\\/uploads\\\/2018\\\/05\\\/vanity-scaled.jpg\",\"width\":2560,\"height\":1848,\"caption\":\"casarredo srl\"},\"image\":{\"@id\":\"https:\\\/\\\/www.casarredo.it\\\/en\\\/#\\\/schema\\\/logo\\\/image\\\/\"},\"sameAs\":[\"https:\\\/\\\/www.facebook.com\\\/Casarredo-632870513490892\",\"https:\\\/\\\/www.instagram.com\\\/casarredo_fano\\\/\"]}]}<\/script>\n<!-- \/ Yoast SEO plugin. -->","yoast_head_json":{"title":"Grantorino coup\u00e9 bed 170x200 &#8212; Casarredo.it","description":"Grantorino coup\u00e8 bed 170x200 letto Poltrona Frau disegnato da Jean-Marie Massaud, uno splendido esempio di bel design e qualit\u00e0 costruttiva","robots":{"index":"index","follow":"follow","max-snippet":"max-snippet:-1","max-image-preview":"max-image-preview:large","max-video-preview":"max-video-preview:-1"},"canonical":"https:\/\/www.casarredo.it\/en\/prodotto\/grantorino-coupe-bed-170x200\/","og_locale":"en_US","og_type":"article","og_title":"Grantorino coup\u00e9 bed 170x200 &#8212; Casarredo.it","og_description":"Grantorino coup\u00e8 bed 170x200 letto Poltrona Frau disegnato da Jean-Marie Massaud, uno splendido esempio di bel design e qualit\u00e0 costruttiva","og_url":"https:\/\/www.casarredo.it\/en\/prodotto\/grantorino-coupe-bed-170x200\/","og_site_name":"Casarredo.it","article_publisher":"https:\/\/www.facebook.com\/Casarredo-632870513490892","article_modified_time":"2019-04-19T11:22:06+00:00","og_image":[{"width":2560,"height":1440,"url":"https:\/\/www.casarredo.it\/wp-content\/uploads\/2016\/07\/grantorino_modificato-1-scaled.jpg","type":"image\/jpeg"}],"twitter_card":"summary_large_image","twitter_misc":{"Est. reading time":"1 minute"},"schema":{"@context":"https:\/\/schema.org","@graph":[{"@type":"WebPage","@id":"https:\/\/www.casarredo.it\/en\/prodotto\/grantorino-coupe-bed-170x200\/","url":"https:\/\/www.casarredo.it\/en\/prodotto\/grantorino-coupe-bed-170x200\/","name":"Grantorino coup\u00e9 bed 170x200 &#8212; Casarredo.it","isPartOf":{"@id":"https:\/\/www.casarredo.it\/en\/#website"},"primaryImageOfPage":{"@id":"https:\/\/www.casarredo.it\/en\/prodotto\/grantorino-coupe-bed-170x200\/#primaryimage"},"image":{"@id":"https:\/\/www.casarredo.it\/en\/prodotto\/grantorino-coupe-bed-170x200\/#primaryimage"},"thumbnailUrl":"https:\/\/www.casarredo.it\/wp-content\/uploads\/2016\/07\/grantorino_modificato-1-scaled.jpg","datePublished":"2016-07-20T17:46:19+00:00","dateModified":"2019-04-19T11:22:06+00:00","description":"Grantorino coup\u00e8 bed 170x200 letto Poltrona Frau disegnato da Jean-Marie Massaud, uno splendido esempio di bel design e qualit\u00e0 costruttiva","breadcrumb":{"@id":"https:\/\/www.casarredo.it\/en\/prodotto\/grantorino-coupe-bed-170x200\/#breadcrumb"},"inLanguage":"en-US","potentialAction":[{"@type":"ReadAction","target":["https:\/\/www.casarredo.it\/en\/prodotto\/grantorino-coupe-bed-170x200\/"]}]},{"@type":"ImageObject","inLanguage":"en-US","@id":"https:\/\/www.casarredo.it\/en\/prodotto\/grantorino-coupe-bed-170x200\/#primaryimage","url":"https:\/\/www.casarredo.it\/wp-content\/uploads\/2016\/07\/grantorino_modificato-1-scaled.jpg","contentUrl":"https:\/\/www.casarredo.it\/wp-content\/uploads\/2016\/07\/grantorino_modificato-1-scaled.jpg","width":2560,"height":1440,"caption":"Jpeg"},{"@type":"BreadcrumbList","@id":"https:\/\/www.casarredo.it\/en\/prodotto\/grantorino-coupe-bed-170x200\/#breadcrumb","itemListElement":[{"@type":"ListItem","position":1,"name":"Home","item":"https:\/\/www.casarredo.it\/en\/"},{"@type":"ListItem","position":2,"name":"Shop online","item":"https:\/\/www.casarredo.it\/en\/shop\/"},{"@type":"ListItem","position":3,"name":"Grantorino coup\u00e9 bed 170&#215;200"}]},{"@type":"WebSite","@id":"https:\/\/www.casarredo.it\/en\/#website","url":"https:\/\/www.casarredo.it\/en\/","name":"Casarredo.it","description":"Design da vivere","publisher":{"@id":"https:\/\/www.casarredo.it\/en\/#organization"},"potentialAction":[{"@type":"SearchAction","target":{"@type":"EntryPoint","urlTemplate":"https:\/\/www.casarredo.it\/en\/?s={search_term_string}"},"query-input":{"@type":"PropertyValueSpecification","valueRequired":true,"valueName":"search_term_string"}}],"inLanguage":"en-US"},{"@type":"Organization","@id":"https:\/\/www.casarredo.it\/en\/#organization","name":"casarredo srl","url":"https:\/\/www.casarredo.it\/en\/","logo":{"@type":"ImageObject","inLanguage":"en-US","@id":"https:\/\/www.casarredo.it\/en\/#\/schema\/logo\/image\/","url":"https:\/\/www.casarredo.it\/wp-content\/uploads\/2018\/05\/vanity-scaled.jpg","contentUrl":"https:\/\/www.casarredo.it\/wp-content\/uploads\/2018\/05\/vanity-scaled.jpg","width":2560,"height":1848,"caption":"casarredo srl"},"image":{"@id":"https:\/\/www.casarredo.it\/en\/#\/schema\/logo\/image\/"},"sameAs":["https:\/\/www.facebook.com\/Casarredo-632870513490892","https:\/\/www.instagram.com\/casarredo_fano\/"]}]}},"_links":{"self":[{"href":"https:\/\/www.casarredo.it\/en\/wp-json\/wp\/v2\/product\/14782","targetHints":{"allow":["GET"]}}],"collection":[{"href":"https:\/\/www.casarredo.it\/en\/wp-json\/wp\/v2\/product"}],"about":[{"href":"https:\/\/www.casarredo.it\/en\/wp-json\/wp\/v2\/types\/product"}],"wp:featuredmedia":[{"embeddable":true,"href":"https:\/\/www.casarredo.it\/en\/wp-json\/wp\/v2\/media\/13229"}],"wp:attachment":[{"href":"https:\/\/www.casarredo.it\/en\/wp-json\/wp\/v2\/media?parent=14782"}],"wp:term":[{"taxonomy":"product_brand","embeddable":true,"href":"https:\/\/www.casarredo.it\/en\/wp-json\/wp\/v2\/product_brand?post=14782"},{"taxonomy":"product_cat","embeddable":true,"href":"https:\/\/www.casarredo.it\/en\/wp-json\/wp\/v2\/product_cat?post=14782"},{"taxonomy":"product_tag","embeddable":true,"href":"https:\/\/www.casarredo.it\/en\/wp-json\/wp\/v2\/product_tag?post=14782"}],"curies":[{"name":"wp","href":"https:\/\/api.w.org\/{rel}","templated":true}]}}