{"id":14756,"date":"2016-08-06T15:59:46","date_gmt":"2016-08-06T13:59:46","guid":{"rendered":"https:\/\/www.casarredo.it\/prodotto\/vanity-fair-poltrona-pelle-sc-127\/"},"modified":"2023-12-17T23:00:02","modified_gmt":"2023-12-17T22:00:02","slug":"vanity-fair-armchair-leather-sc-127-color-poltrona-frau","status":"publish","type":"product","link":"https:\/\/www.casarredo.it\/en\/prodotto\/vanity-fair-armchair-leather-sc-127-color-poltrona-frau\/","title":{"rendered":"Vanity Fair armchair leather sc 128 color  Poltrona Frau"},"content":{"rendered":"<p><span id=\"result_box\" class=\"\" lang=\"en\"><span title=\"Vanity Fair rappresena l'eccellenza e l'emblema del marchio Poltrona Frau.\">Vanity Fair rappresena excellence and the emblem of the Poltrona Frau brand. <\/span><span title=\"Una poltrona dallo stile classico, icona del design per lo stile e la qualit\u00e0 dei pellami.\">A chair with classic style and design icon for the style and quality of the leather. <\/span><span title=\"Vanity Fair \u00e8 con le sue forme piene e volumi armoniosi, caratterizzati da un filo di chiodini rivestiti in pelle che corrono lungo lo schienale ei braccioli \u00e8 la storia del marchio Poltrona Frau Caratteristiche: Poltrona in pelle Lavorazione artigianale con chiodini rivestiti in pelle nella parte posteriore\">Vanity Fair is with its full forms and harmonious volumes, characterized by a wire tacks coated leather that run along the back and armrests is the story of the Poltrona Frau logo Features: Hand-crafted leather armchair with leather-covered nails in the back <\/span><span title=\"dello schienale Pellami di prima qualit\u00e0 Garanzia Poltrona Frau Dimensioni: 94 x 91 x 99 Realizzata da: Poltrona Frau Designer: Poltrona Frau \">the notch back guarantee Poltrona Frau Leather Dimensions: 94 x 91 x 99 Made by: Poltrona Frau designer: Poltrona Frau<\/span><\/span><\/p>\n<p><span title=\"Vanity Fair \u00e8 la replica del famoso modello 904 del catalogo Poltrona Frau del 1930, divenuto archetipo per eccellenza della poltrona moderna e conosciuto in tutto il mondo per la tipica forma bombata e la lunga fila di chiodini rivestiti in pelle che rifiniscono schienale e braccioli.\">Vanity Fair is the replica of the famous model 904 catalog Poltrona Frau in 1930, he became the archetype par excellence of modern armchair and known throughout the world for the typical rounded shape and the long line of leather-covered nails that finish back and arms. <\/span><span title=\"L'imbottitura utilizza sia crine vegetale modellato a mano che crine gommato e il cuscino della seduta \u00e8 in piuma d'oca.\">The padding uses both hand-fashioned vegetal horsehair and rubberised horsehair, the seat cushion is in goose down. <\/span><span title=\"Sedile, schienale e braccioli hanno molleggio ottenuto con molle biconiche in acciaio legate a mano e appoggiate su cinghie di juta. \">Seat, back and armrests are springing obtained with steel biconical springs tied by hand and rested on jute belts.<\/span><\/p>\n<p><span title=\"Pelle Frau\u00ae SC - Color System Frau\u00ae Pelle Frau\u00ae significa anche colore, come le tonalit\u00e0 progettate del Color System: una gamma coordinata di 90 differenti nuance, caratterizzata dalla facilit\u00e0 di accostamento per permettere, a chi predilige il vocabolario artificiale del colore, di\">Pelle Frau \u00ae SC &#8211; Color System Pelle Frau \u00ae Frau\u00ae also means color, such as shades designed the Color System: a coordinated range of 90 different shades, characterized by the ease of approach to allow, to those who prefer the color artificial vocabulary of <\/span><span title=\"creare abbinamenti armonici delle tinte sia fra arredi diversi che all'interno dello stesso oggetto.\">create harmonious combinations of colors and between different furnishings that within the same object. <\/span><span title=\"Una particolare ricerca tecnica e la notevole esperienza di Poltrona Frau hanno permesso un ideale equilibrio tra il materiale naturale e il trattamento della superficie in fase di rifinizione.\">A special technique research and considerable experience of Poltrona Frau has allowed an ideal balance between the natural material and the surface treatment in the finishing process. <\/span><span title=\"Interessante sotto il profilo organolettico, per le caratteristiche di resistenza e per l\u2019eccellente rispondenza nelle fasi d\u2019uso e di manutenzione, la Pelle Frau\u00ae del Color System con il tempo acquista in eleganza. \">Interesting from an organoleptic, for the characteristics of resistance and excellent responsiveness in the operating and maintenance phases, the Frau \u00ae leather from the Color System with time buys in elegance.<\/span><\/p>\n<p><span title=\"Pelle Frau\u00ae Heritage I colori caldi e profondi delle tonalit\u00e0 presenti in natura, sono alla base della collezione Pelle Frau\u00ae Heritage, che grazie al trattamento misurato e naturale a cui \u00e8 sottoposta, risulta gradevole, morbida e corposa.\">Pelle Frau \u00ae Heritage The warm colors and deep shades found in nature, are the basis of the collection Pelle Frau \u00ae Heritage, which thanks to the measured and natural treatment to which it is subjected, is pleasant, soft and full-bodied. <\/span><span title=\"Una pelle delicata che riesce a dare piacevoli emozioni ai cultori della natura, a chi sa apprezzare i pregi delle imperfezioni della grana e la dignit\u00e0 con cui riesce ad invecchiare.\">A delicate skin that can give pleasant emotions to the lovers of nature, who know how to appreciate the merits of grain imperfections and the dignity with which it manages to age. <\/span><span title=\"Diventa Pelle Frau\u00ae Heritage soltanto una selezione di pelli bovine grezze considerate integre.\">Pelle Frau \u00ae Heritage becomes only a selection of raw cowhide considered intact. <\/span><span title=\"Scegliere di lasciarsi avvolgere dal piacere di questo materiale vuol dire accettare variazioni cromatiche nel tempo e considerare, in particolari condizioni d\u2019uso, un eventuale rilascio di colore.\">Choose to be immersed in the pleasure of this material is to accept changes in color over time and consider, in particular conditions of use, any color release. <\/span><span title=\"Per le sue caratteristiche, la Pelle Frau\u00ae Heritage non pu\u00f2 essere esposta a luce diretta o a fonti di calore e eventuali macchie accidentali sono difficilmente rimovibili. \">Due to its characteristics, the Pelle Frau \u00ae Heritage can not be exposed to direct sunlight or heat sources, and accidental stains are difficult to remove.<\/span><\/p>\n<p><span title=\"Pelle Frau\u00ae Soul, il brivido del contatto.\">Pelle Frau \u00ae Soul, the contact chill. <\/span><span title=\"L\u2019essenza stessa della materia.\">The very essence of matter. <\/span><span title=\"Calore, morbidezza, odore della pelle naturale in un\u2019esperienza sensoriale senza tempo.\">Warmth, softness, smell of genuine leather in timeless sensorial experience. <\/span><span title=\"Colori caldi e profondi delle tonalit\u00e0 presenti in natura.\">warm and deep colors of the shades found in nature. <\/span><span title=\"Pelle Frau\u00ae Soul \u00e8 una pelle pieno fiore tinta all\u2019anilina che non presenta alcun strato superficiale di rifinizione.\">Pelle Frau \u00ae Soul is a full-grain aniline-dyed leather that has no surface layer of finishing. <\/span><span title=\"Si distingue per la trasparenza e pienezza dei colori che rivelano, date le caratteristiche naturali fotosensibili, la profondit\u00e0 dei toni, il calore, la naturalit\u00e0 e la morbidezza della materia viva.\">Stands for transparency and fullness of colors that reveal, given the natural characteristics of photosensitive, the depth of tone, warmth, naturalness and softness of living matter. <\/span><span title=\"Pregi che, uniti ai difetti naturali della pelle, sono garanzia di unicit\u00e0 e qualit\u00e0.\">Qualities that, combined with the natural defects of the skin, are a guarantee of quality and originality. <\/span><span title=\"Diventa Pelle Frau\u00ae Soul solo una selezione di pregiate pelli bovine grezze di origine europea in cui la presenza di difettosit\u00e0 (cicatrici, bassi di fiore, rughe, punture d\u2019insetti, ecc.) sia limitata.\">Skin becomes Frau\u00ae Soul only a selection of valuable raw bovine hides of European origin in which the presence of defects (scars, low bloom, wrinkles, insect bites, etc.) Is limited. <\/span><span title=\"Solo 10 pelli su 100 lasciano trasparire le proprie caratteristiche naturali e possono diventare Pelle Frau\u00ae Soul.\">Only 10 of 100 skins let through its natural characteristics and can become Pelle Frau \u00ae Soul. <\/span><span title=\"Pi\u00f9 una pelle \u00e8 trasparente pi\u00f9 migliorer\u00e0 nel tempo invecchiando dignitosamente.\">More skin is more transparent will improve over time as we age with dignity. <\/span><span title=\"Perch\u00e9 nessuna pelle \u00e8 uguale ad un\u2019altra e ogni prodotto rivestito con la Pelle Frau\u00ae Soul sar\u00e0 unico.\">Because no skin is the same as another and each product coated with leather Frau\u00ae Soul will be unique. <\/span><span title=\"Per le sue caratteristiche, la Pelle Frau\u00ae Soul non pu\u00f2 essere esposta a luce diretta o a fonti di calore e eventuali macchie accidentali sono difficilmente rimovibili.\">Due to its characteristics, the Pelle Frau \u00ae Soul can not be exposed to direct sunlight or heat sources, and accidental stains are difficult to remove. <\/span><span title=\"Per la pulizia si consiglia di usare soltanto un panno morbido e asciutto. \">For cleaning it is recommended to use only a soft, dry cloth.<\/span><\/p>\n<p><span title=\"Pelle Frau\u00ae Nest si distingue per la trasparenza e pienezza dei colori, il calore, la naturalit\u00e0 e la morbidezza della materia viva.\">Pelle Frau \u00ae Nest stands out for its transparency and fullness of color, warmth, naturalness and softness of living matter. <\/span><span title=\"Struttura robusta dal carattere marcato.\">Robust construction from a strong character. <\/span><span title=\"Sapiente processo di lavorazione artigianale che, prima ancora della concia, parte da una rigorosa selezione delle pelli migliori, per arrivare al suo caratteristico aspetto di lucente eleganza, definito \u201cmillepunte\u201d nel gergo dei conciai.\">Skilful craftsmanship process, even before tanning, leaves from a rigorous selection of the best skins, to arrive at its characteristic appearance of sleek elegance, called &#8220;thousand points&#8221; in the jargon of tanners. <\/span><span title=\"Grana evidente, profonda con l\u2019effetto bicolor.\">Grained clear, deep with two-tone effect. <\/span><span title=\"Pelle Frau\u00ae Nest \u00e8 una pelle a pieno fiore, alla semianilina e poco coperta.\">Pelle Frau \u00ae Nest is a full-grain leather, semi-aniline and little blanket. <\/span><span title=\"La colorazione in botte dona trasparenza al materiale e pienezza ai colori passanti.\">The coloring in barrels gives transparency to the material and fullness to passers colors. <\/span><span title=\"La colorazione mantiene intatta la piacevole irregolarit\u00e0 e lascia intravedere i naturali movimenti di superficie.\">Coloring retains the pleasant irregularities and one can see the natural surface movement.<\/span><\/p>\n","protected":false},"excerpt":{"rendered":"<p>Vanity Fair rappresena excellence and the emblem of the Poltrona Frau brand. A chair with classic style and design icon for the style and quality of the leather. Vanity Fair is with its full forms and harmonious volumes, characterized by a wire tacks coated leather that run along the back and armrests is the story [&hellip;]<\/p>\n","protected":false},"featured_media":12899,"template":"","meta":[],"product_brand":[],"product_cat":[1700,1671,1660,1724],"product_tag":[1725,1953,2074,2075],"class_list":{"0":"post-14756","1":"product","2":"type-product","3":"status-publish","4":"has-post-thumbnail","6":"product_cat-armchairs","7":"product_cat-living-area","8":"product_cat-not-to-be-missed","9":"product_cat-poltrona-frau","10":"product_tag-frau-armchair","11":"product_tag-poltrone-en","12":"product_tag-vanity-en","13":"product_tag-zona-giorno-en","15":"first","16":"onbackorder","17":"sale","18":"shipping-taxable","19":"purchasable","20":"product-type-simple","21":"add-to-wishlist-after_add_to_cart"},"yoast_head":"<!-- This site is optimized with the Yoast SEO plugin v27.4 - https:\/\/yoast.com\/product\/yoast-seo-wordpress\/ -->\n<title>Vanity Fair armchair leather sc 128 color Poltrona Frau &#8212; Casarredo.it<\/title>\n<meta name=\"description\" content=\"Vanity Fair Poltrona Frau splendida poltrona in pelle senza tempo realizzata artigianalmente con i migliori materiali in Italia\" \/>\n<meta name=\"robots\" content=\"index, follow, max-snippet:-1, max-image-preview:large, max-video-preview:-1\" \/>\n<link rel=\"canonical\" href=\"https:\/\/www.casarredo.it\/en\/prodotto\/vanity-fair-armchair-leather-sc-127-color-poltrona-frau\/\" \/>\n<meta property=\"og:locale\" content=\"en_US\" \/>\n<meta property=\"og:type\" content=\"article\" \/>\n<meta property=\"og:title\" content=\"Vanity Fair armchair leather sc 128 color Poltrona Frau &#8212; Casarredo.it\" \/>\n<meta property=\"og:description\" content=\"Vanity Fair Poltrona Frau splendida poltrona in pelle senza tempo realizzata artigianalmente con i migliori materiali in Italia\" \/>\n<meta property=\"og:url\" content=\"https:\/\/www.casarredo.it\/en\/prodotto\/vanity-fair-armchair-leather-sc-127-color-poltrona-frau\/\" \/>\n<meta property=\"og:site_name\" content=\"Casarredo.it\" \/>\n<meta property=\"article:publisher\" content=\"https:\/\/www.facebook.com\/Casarredo-632870513490892\" \/>\n<meta property=\"article:modified_time\" content=\"2023-12-17T22:00:02+00:00\" \/>\n<meta property=\"og:image\" content=\"https:\/\/www.casarredo.it\/wp-content\/uploads\/2015\/10\/30507_Poltrona_vanity_Fair_poltrona_frau_modificato-2.jpg\" \/>\n\t<meta property=\"og:image:width\" content=\"250\" \/>\n\t<meta property=\"og:image:height\" content=\"235\" \/>\n\t<meta property=\"og:image:type\" content=\"image\/jpeg\" \/>\n<meta name=\"twitter:card\" content=\"summary_large_image\" \/>\n<meta name=\"twitter:label1\" content=\"Est. reading time\" \/>\n\t<meta name=\"twitter:data1\" content=\"4 minutes\" \/>\n<script type=\"application\/ld+json\" class=\"yoast-schema-graph\">{\"@context\":\"https:\\\/\\\/schema.org\",\"@graph\":[{\"@type\":\"WebPage\",\"@id\":\"https:\\\/\\\/www.casarredo.it\\\/en\\\/prodotto\\\/vanity-fair-armchair-leather-sc-127-color-poltrona-frau\\\/\",\"url\":\"https:\\\/\\\/www.casarredo.it\\\/en\\\/prodotto\\\/vanity-fair-armchair-leather-sc-127-color-poltrona-frau\\\/\",\"name\":\"Vanity Fair armchair leather sc 128 color Poltrona Frau &#8212; Casarredo.it\",\"isPartOf\":{\"@id\":\"https:\\\/\\\/www.casarredo.it\\\/en\\\/#website\"},\"primaryImageOfPage\":{\"@id\":\"https:\\\/\\\/www.casarredo.it\\\/en\\\/prodotto\\\/vanity-fair-armchair-leather-sc-127-color-poltrona-frau\\\/#primaryimage\"},\"image\":{\"@id\":\"https:\\\/\\\/www.casarredo.it\\\/en\\\/prodotto\\\/vanity-fair-armchair-leather-sc-127-color-poltrona-frau\\\/#primaryimage\"},\"thumbnailUrl\":\"https:\\\/\\\/www.casarredo.it\\\/wp-content\\\/uploads\\\/2015\\\/10\\\/30507_Poltrona_vanity_Fair_poltrona_frau_modificato-2.jpg\",\"datePublished\":\"2016-08-06T13:59:46+00:00\",\"dateModified\":\"2023-12-17T22:00:02+00:00\",\"description\":\"Vanity Fair Poltrona Frau splendida poltrona in pelle senza tempo realizzata artigianalmente con i migliori materiali in Italia\",\"breadcrumb\":{\"@id\":\"https:\\\/\\\/www.casarredo.it\\\/en\\\/prodotto\\\/vanity-fair-armchair-leather-sc-127-color-poltrona-frau\\\/#breadcrumb\"},\"inLanguage\":\"en-US\",\"potentialAction\":[{\"@type\":\"ReadAction\",\"target\":[\"https:\\\/\\\/www.casarredo.it\\\/en\\\/prodotto\\\/vanity-fair-armchair-leather-sc-127-color-poltrona-frau\\\/\"]}]},{\"@type\":\"ImageObject\",\"inLanguage\":\"en-US\",\"@id\":\"https:\\\/\\\/www.casarredo.it\\\/en\\\/prodotto\\\/vanity-fair-armchair-leather-sc-127-color-poltrona-frau\\\/#primaryimage\",\"url\":\"https:\\\/\\\/www.casarredo.it\\\/wp-content\\\/uploads\\\/2015\\\/10\\\/30507_Poltrona_vanity_Fair_poltrona_frau_modificato-2.jpg\",\"contentUrl\":\"https:\\\/\\\/www.casarredo.it\\\/wp-content\\\/uploads\\\/2015\\\/10\\\/30507_Poltrona_vanity_Fair_poltrona_frau_modificato-2.jpg\",\"width\":250,\"height\":235},{\"@type\":\"BreadcrumbList\",\"@id\":\"https:\\\/\\\/www.casarredo.it\\\/en\\\/prodotto\\\/vanity-fair-armchair-leather-sc-127-color-poltrona-frau\\\/#breadcrumb\",\"itemListElement\":[{\"@type\":\"ListItem\",\"position\":1,\"name\":\"Home\",\"item\":\"https:\\\/\\\/www.casarredo.it\\\/en\\\/\"},{\"@type\":\"ListItem\",\"position\":2,\"name\":\"Shop online\",\"item\":\"https:\\\/\\\/www.casarredo.it\\\/en\\\/shop\\\/\"},{\"@type\":\"ListItem\",\"position\":3,\"name\":\"Vanity Fair armchair leather sc 128 color Poltrona Frau\"}]},{\"@type\":\"WebSite\",\"@id\":\"https:\\\/\\\/www.casarredo.it\\\/en\\\/#website\",\"url\":\"https:\\\/\\\/www.casarredo.it\\\/en\\\/\",\"name\":\"Casarredo.it\",\"description\":\"Design da vivere\",\"publisher\":{\"@id\":\"https:\\\/\\\/www.casarredo.it\\\/en\\\/#organization\"},\"potentialAction\":[{\"@type\":\"SearchAction\",\"target\":{\"@type\":\"EntryPoint\",\"urlTemplate\":\"https:\\\/\\\/www.casarredo.it\\\/en\\\/?s={search_term_string}\"},\"query-input\":{\"@type\":\"PropertyValueSpecification\",\"valueRequired\":true,\"valueName\":\"search_term_string\"}}],\"inLanguage\":\"en-US\"},{\"@type\":\"Organization\",\"@id\":\"https:\\\/\\\/www.casarredo.it\\\/en\\\/#organization\",\"name\":\"casarredo srl\",\"url\":\"https:\\\/\\\/www.casarredo.it\\\/en\\\/\",\"logo\":{\"@type\":\"ImageObject\",\"inLanguage\":\"en-US\",\"@id\":\"https:\\\/\\\/www.casarredo.it\\\/en\\\/#\\\/schema\\\/logo\\\/image\\\/\",\"url\":\"https:\\\/\\\/www.casarredo.it\\\/wp-content\\\/uploads\\\/2018\\\/05\\\/vanity-scaled.jpg\",\"contentUrl\":\"https:\\\/\\\/www.casarredo.it\\\/wp-content\\\/uploads\\\/2018\\\/05\\\/vanity-scaled.jpg\",\"width\":2560,\"height\":1848,\"caption\":\"casarredo srl\"},\"image\":{\"@id\":\"https:\\\/\\\/www.casarredo.it\\\/en\\\/#\\\/schema\\\/logo\\\/image\\\/\"},\"sameAs\":[\"https:\\\/\\\/www.facebook.com\\\/Casarredo-632870513490892\",\"https:\\\/\\\/www.instagram.com\\\/casarredo_fano\\\/\"]}]}<\/script>\n<!-- \/ Yoast SEO plugin. -->","yoast_head_json":{"title":"Vanity Fair armchair leather sc 128 color Poltrona Frau &#8212; Casarredo.it","description":"Vanity Fair Poltrona Frau splendida poltrona in pelle senza tempo realizzata artigianalmente con i migliori materiali in Italia","robots":{"index":"index","follow":"follow","max-snippet":"max-snippet:-1","max-image-preview":"max-image-preview:large","max-video-preview":"max-video-preview:-1"},"canonical":"https:\/\/www.casarredo.it\/en\/prodotto\/vanity-fair-armchair-leather-sc-127-color-poltrona-frau\/","og_locale":"en_US","og_type":"article","og_title":"Vanity Fair armchair leather sc 128 color Poltrona Frau &#8212; Casarredo.it","og_description":"Vanity Fair Poltrona Frau splendida poltrona in pelle senza tempo realizzata artigianalmente con i migliori materiali in Italia","og_url":"https:\/\/www.casarredo.it\/en\/prodotto\/vanity-fair-armchair-leather-sc-127-color-poltrona-frau\/","og_site_name":"Casarredo.it","article_publisher":"https:\/\/www.facebook.com\/Casarredo-632870513490892","article_modified_time":"2023-12-17T22:00:02+00:00","og_image":[{"width":250,"height":235,"url":"https:\/\/www.casarredo.it\/wp-content\/uploads\/2015\/10\/30507_Poltrona_vanity_Fair_poltrona_frau_modificato-2.jpg","type":"image\/jpeg"}],"twitter_card":"summary_large_image","twitter_misc":{"Est. reading time":"4 minutes"},"schema":{"@context":"https:\/\/schema.org","@graph":[{"@type":"WebPage","@id":"https:\/\/www.casarredo.it\/en\/prodotto\/vanity-fair-armchair-leather-sc-127-color-poltrona-frau\/","url":"https:\/\/www.casarredo.it\/en\/prodotto\/vanity-fair-armchair-leather-sc-127-color-poltrona-frau\/","name":"Vanity Fair armchair leather sc 128 color Poltrona Frau &#8212; Casarredo.it","isPartOf":{"@id":"https:\/\/www.casarredo.it\/en\/#website"},"primaryImageOfPage":{"@id":"https:\/\/www.casarredo.it\/en\/prodotto\/vanity-fair-armchair-leather-sc-127-color-poltrona-frau\/#primaryimage"},"image":{"@id":"https:\/\/www.casarredo.it\/en\/prodotto\/vanity-fair-armchair-leather-sc-127-color-poltrona-frau\/#primaryimage"},"thumbnailUrl":"https:\/\/www.casarredo.it\/wp-content\/uploads\/2015\/10\/30507_Poltrona_vanity_Fair_poltrona_frau_modificato-2.jpg","datePublished":"2016-08-06T13:59:46+00:00","dateModified":"2023-12-17T22:00:02+00:00","description":"Vanity Fair Poltrona Frau splendida poltrona in pelle senza tempo realizzata artigianalmente con i migliori materiali in Italia","breadcrumb":{"@id":"https:\/\/www.casarredo.it\/en\/prodotto\/vanity-fair-armchair-leather-sc-127-color-poltrona-frau\/#breadcrumb"},"inLanguage":"en-US","potentialAction":[{"@type":"ReadAction","target":["https:\/\/www.casarredo.it\/en\/prodotto\/vanity-fair-armchair-leather-sc-127-color-poltrona-frau\/"]}]},{"@type":"ImageObject","inLanguage":"en-US","@id":"https:\/\/www.casarredo.it\/en\/prodotto\/vanity-fair-armchair-leather-sc-127-color-poltrona-frau\/#primaryimage","url":"https:\/\/www.casarredo.it\/wp-content\/uploads\/2015\/10\/30507_Poltrona_vanity_Fair_poltrona_frau_modificato-2.jpg","contentUrl":"https:\/\/www.casarredo.it\/wp-content\/uploads\/2015\/10\/30507_Poltrona_vanity_Fair_poltrona_frau_modificato-2.jpg","width":250,"height":235},{"@type":"BreadcrumbList","@id":"https:\/\/www.casarredo.it\/en\/prodotto\/vanity-fair-armchair-leather-sc-127-color-poltrona-frau\/#breadcrumb","itemListElement":[{"@type":"ListItem","position":1,"name":"Home","item":"https:\/\/www.casarredo.it\/en\/"},{"@type":"ListItem","position":2,"name":"Shop online","item":"https:\/\/www.casarredo.it\/en\/shop\/"},{"@type":"ListItem","position":3,"name":"Vanity Fair armchair leather sc 128 color Poltrona Frau"}]},{"@type":"WebSite","@id":"https:\/\/www.casarredo.it\/en\/#website","url":"https:\/\/www.casarredo.it\/en\/","name":"Casarredo.it","description":"Design da vivere","publisher":{"@id":"https:\/\/www.casarredo.it\/en\/#organization"},"potentialAction":[{"@type":"SearchAction","target":{"@type":"EntryPoint","urlTemplate":"https:\/\/www.casarredo.it\/en\/?s={search_term_string}"},"query-input":{"@type":"PropertyValueSpecification","valueRequired":true,"valueName":"search_term_string"}}],"inLanguage":"en-US"},{"@type":"Organization","@id":"https:\/\/www.casarredo.it\/en\/#organization","name":"casarredo srl","url":"https:\/\/www.casarredo.it\/en\/","logo":{"@type":"ImageObject","inLanguage":"en-US","@id":"https:\/\/www.casarredo.it\/en\/#\/schema\/logo\/image\/","url":"https:\/\/www.casarredo.it\/wp-content\/uploads\/2018\/05\/vanity-scaled.jpg","contentUrl":"https:\/\/www.casarredo.it\/wp-content\/uploads\/2018\/05\/vanity-scaled.jpg","width":2560,"height":1848,"caption":"casarredo srl"},"image":{"@id":"https:\/\/www.casarredo.it\/en\/#\/schema\/logo\/image\/"},"sameAs":["https:\/\/www.facebook.com\/Casarredo-632870513490892","https:\/\/www.instagram.com\/casarredo_fano\/"]}]}},"_links":{"self":[{"href":"https:\/\/www.casarredo.it\/en\/wp-json\/wp\/v2\/product\/14756","targetHints":{"allow":["GET"]}}],"collection":[{"href":"https:\/\/www.casarredo.it\/en\/wp-json\/wp\/v2\/product"}],"about":[{"href":"https:\/\/www.casarredo.it\/en\/wp-json\/wp\/v2\/types\/product"}],"wp:featuredmedia":[{"embeddable":true,"href":"https:\/\/www.casarredo.it\/en\/wp-json\/wp\/v2\/media\/12899"}],"wp:attachment":[{"href":"https:\/\/www.casarredo.it\/en\/wp-json\/wp\/v2\/media?parent=14756"}],"wp:term":[{"taxonomy":"product_brand","embeddable":true,"href":"https:\/\/www.casarredo.it\/en\/wp-json\/wp\/v2\/product_brand?post=14756"},{"taxonomy":"product_cat","embeddable":true,"href":"https:\/\/www.casarredo.it\/en\/wp-json\/wp\/v2\/product_cat?post=14756"},{"taxonomy":"product_tag","embeddable":true,"href":"https:\/\/www.casarredo.it\/en\/wp-json\/wp\/v2\/product_tag?post=14756"}],"curies":[{"name":"wp","href":"https:\/\/api.w.org\/{rel}","templated":true}]}}