{"id":14755,"date":"2016-08-09T11:31:05","date_gmt":"2016-08-09T09:31:05","guid":{"rendered":"https:\/\/www.casarredo.it\/prodotto\/lounge-chair-e-ottoman-vitra-eames\/"},"modified":"2022-06-13T06:46:23","modified_gmt":"2022-06-13T04:46:23","slug":"lounge-chair-e-ottoman-vitra-eames","status":"publish","type":"product","link":"https:\/\/www.casarredo.it\/en\/prodotto\/lounge-chair-e-ottoman-vitra-eames\/","title":{"rendered":"Lounge Chair e Ottoman Vitra Eames"},"content":{"rendered":"<p><span id=\"result_box\" class=\"\" lang=\"en\"><span class=\"\">LOUNGE CHAIR<\/span><\/span><\/p>\n<p>Black leather armchair, chromed frame and rosewood santos<\/p>\n<p>Produttore Vitra<\/p>\n<p>design by Charles &amp; Ray Eames<br \/>\n(1956)<br \/>\nThe Lounge Chair is one of the most famous designs by Charles and Ray Eames. It was built in 1956 and is now a classic of modern history of furniture. During the design process, which lasted several years, the Eames have always taken account of future users of the chair, for which they wanted to create a special place for relaxation and inspiration. The Lounge Chair combines comfort achieved in the light of this background with the highest quality in terms of materials and finish. The Lounge Chair is suited not only to the private housing, but also a lounge, lobby and prestigious lounges, where you want to offer the user a truly excellent comfort.<\/p>\n<p>&nbsp;<\/p>\n","protected":false},"excerpt":{"rendered":"<p>LOUNGE CHAIR Black leather armchair, chromed frame and rosewood santos Produttore Vitra design by Charles &amp; Ray Eames (1956) The Lounge Chair is one of the most famous designs by Charles and Ray Eames. It was built in 1956 and is now a classic of modern history of furniture. During the design process, which lasted [&hellip;]<\/p>\n","protected":false},"featured_media":13347,"template":"","meta":[],"product_brand":[],"product_cat":[1700,1660,1890],"product_tag":[1788],"class_list":{"0":"post-14755","1":"product","2":"type-product","3":"status-publish","4":"has-post-thumbnail","6":"product_cat-armchairs","7":"product_cat-not-to-be-missed","8":"product_cat-vitra-en","9":"product_tag-eames-en","11":"first","12":"onbackorder","13":"sale","14":"shipping-taxable","15":"purchasable","16":"product-type-simple","17":"add-to-wishlist-after_add_to_cart"},"yoast_head":"<!-- This site is optimized with the Yoast SEO plugin v27.4 - https:\/\/yoast.com\/product\/yoast-seo-wordpress\/ -->\n<title>Lounge Chair e Ottoman Vitra Eames &#8212; Casarredo.it<\/title>\n<meta name=\"description\" content=\"La Lounge Chair \u00e8 uno dei progetti pi\u00f9 noti di Charles e Ray Eames. Fu realizzata nel 1956 ed \u00e8 ormai un classico della moderna storia del mobile.\" \/>\n<meta name=\"robots\" content=\"index, follow, max-snippet:-1, max-image-preview:large, max-video-preview:-1\" \/>\n<link rel=\"canonical\" href=\"https:\/\/www.casarredo.it\/en\/prodotto\/lounge-chair-e-ottoman-vitra-eames\/\" \/>\n<meta property=\"og:locale\" content=\"en_US\" \/>\n<meta property=\"og:type\" content=\"article\" \/>\n<meta property=\"og:title\" content=\"Lounge Chair e Ottoman Vitra Eames &#8212; Casarredo.it\" \/>\n<meta property=\"og:description\" content=\"La Lounge Chair \u00e8 uno dei progetti pi\u00f9 noti di Charles e Ray Eames. Fu realizzata nel 1956 ed \u00e8 ormai un classico della moderna storia del mobile.\" \/>\n<meta property=\"og:url\" content=\"https:\/\/www.casarredo.it\/en\/prodotto\/lounge-chair-e-ottoman-vitra-eames\/\" \/>\n<meta property=\"og:site_name\" content=\"Casarredo.it\" \/>\n<meta property=\"article:publisher\" content=\"https:\/\/www.facebook.com\/Casarredo-632870513490892\" \/>\n<meta property=\"article:modified_time\" content=\"2022-06-13T04:46:23+00:00\" \/>\n<meta property=\"og:image\" content=\"https:\/\/www.casarredo.it\/wp-content\/uploads\/2016\/08\/lounge-chair-vitra-eames-11_modificato-3.jpg\" \/>\n\t<meta property=\"og:image:width\" content=\"630\" \/>\n\t<meta property=\"og:image:height\" content=\"350\" \/>\n\t<meta property=\"og:image:type\" content=\"image\/jpeg\" \/>\n<meta name=\"twitter:card\" content=\"summary_large_image\" \/>\n<meta name=\"twitter:label1\" content=\"Est. reading time\" \/>\n\t<meta name=\"twitter:data1\" content=\"1 minute\" \/>\n<script type=\"application\/ld+json\" class=\"yoast-schema-graph\">{\"@context\":\"https:\\\/\\\/schema.org\",\"@graph\":[{\"@type\":\"WebPage\",\"@id\":\"https:\\\/\\\/www.casarredo.it\\\/en\\\/prodotto\\\/lounge-chair-e-ottoman-vitra-eames\\\/\",\"url\":\"https:\\\/\\\/www.casarredo.it\\\/en\\\/prodotto\\\/lounge-chair-e-ottoman-vitra-eames\\\/\",\"name\":\"Lounge Chair e Ottoman Vitra Eames &#8212; Casarredo.it\",\"isPartOf\":{\"@id\":\"https:\\\/\\\/www.casarredo.it\\\/en\\\/#website\"},\"primaryImageOfPage\":{\"@id\":\"https:\\\/\\\/www.casarredo.it\\\/en\\\/prodotto\\\/lounge-chair-e-ottoman-vitra-eames\\\/#primaryimage\"},\"image\":{\"@id\":\"https:\\\/\\\/www.casarredo.it\\\/en\\\/prodotto\\\/lounge-chair-e-ottoman-vitra-eames\\\/#primaryimage\"},\"thumbnailUrl\":\"https:\\\/\\\/www.casarredo.it\\\/wp-content\\\/uploads\\\/2016\\\/08\\\/lounge-chair-vitra-eames-11_modificato-3.jpg\",\"datePublished\":\"2016-08-09T09:31:05+00:00\",\"dateModified\":\"2022-06-13T04:46:23+00:00\",\"description\":\"La Lounge Chair \u00e8 uno dei progetti pi\u00f9 noti di Charles e Ray Eames. Fu realizzata nel 1956 ed \u00e8 ormai un classico della moderna storia del mobile.\",\"breadcrumb\":{\"@id\":\"https:\\\/\\\/www.casarredo.it\\\/en\\\/prodotto\\\/lounge-chair-e-ottoman-vitra-eames\\\/#breadcrumb\"},\"inLanguage\":\"en-US\",\"potentialAction\":[{\"@type\":\"ReadAction\",\"target\":[\"https:\\\/\\\/www.casarredo.it\\\/en\\\/prodotto\\\/lounge-chair-e-ottoman-vitra-eames\\\/\"]}]},{\"@type\":\"ImageObject\",\"inLanguage\":\"en-US\",\"@id\":\"https:\\\/\\\/www.casarredo.it\\\/en\\\/prodotto\\\/lounge-chair-e-ottoman-vitra-eames\\\/#primaryimage\",\"url\":\"https:\\\/\\\/www.casarredo.it\\\/wp-content\\\/uploads\\\/2016\\\/08\\\/lounge-chair-vitra-eames-11_modificato-3.jpg\",\"contentUrl\":\"https:\\\/\\\/www.casarredo.it\\\/wp-content\\\/uploads\\\/2016\\\/08\\\/lounge-chair-vitra-eames-11_modificato-3.jpg\",\"width\":630,\"height\":350},{\"@type\":\"BreadcrumbList\",\"@id\":\"https:\\\/\\\/www.casarredo.it\\\/en\\\/prodotto\\\/lounge-chair-e-ottoman-vitra-eames\\\/#breadcrumb\",\"itemListElement\":[{\"@type\":\"ListItem\",\"position\":1,\"name\":\"Home\",\"item\":\"https:\\\/\\\/www.casarredo.it\\\/en\\\/\"},{\"@type\":\"ListItem\",\"position\":2,\"name\":\"Shop online\",\"item\":\"https:\\\/\\\/www.casarredo.it\\\/en\\\/shop\\\/\"},{\"@type\":\"ListItem\",\"position\":3,\"name\":\"Lounge Chair e Ottoman Vitra Eames\"}]},{\"@type\":\"WebSite\",\"@id\":\"https:\\\/\\\/www.casarredo.it\\\/en\\\/#website\",\"url\":\"https:\\\/\\\/www.casarredo.it\\\/en\\\/\",\"name\":\"Casarredo.it\",\"description\":\"Design da vivere\",\"publisher\":{\"@id\":\"https:\\\/\\\/www.casarredo.it\\\/en\\\/#organization\"},\"potentialAction\":[{\"@type\":\"SearchAction\",\"target\":{\"@type\":\"EntryPoint\",\"urlTemplate\":\"https:\\\/\\\/www.casarredo.it\\\/en\\\/?s={search_term_string}\"},\"query-input\":{\"@type\":\"PropertyValueSpecification\",\"valueRequired\":true,\"valueName\":\"search_term_string\"}}],\"inLanguage\":\"en-US\"},{\"@type\":\"Organization\",\"@id\":\"https:\\\/\\\/www.casarredo.it\\\/en\\\/#organization\",\"name\":\"casarredo srl\",\"url\":\"https:\\\/\\\/www.casarredo.it\\\/en\\\/\",\"logo\":{\"@type\":\"ImageObject\",\"inLanguage\":\"en-US\",\"@id\":\"https:\\\/\\\/www.casarredo.it\\\/en\\\/#\\\/schema\\\/logo\\\/image\\\/\",\"url\":\"https:\\\/\\\/www.casarredo.it\\\/wp-content\\\/uploads\\\/2018\\\/05\\\/vanity-scaled.jpg\",\"contentUrl\":\"https:\\\/\\\/www.casarredo.it\\\/wp-content\\\/uploads\\\/2018\\\/05\\\/vanity-scaled.jpg\",\"width\":2560,\"height\":1848,\"caption\":\"casarredo srl\"},\"image\":{\"@id\":\"https:\\\/\\\/www.casarredo.it\\\/en\\\/#\\\/schema\\\/logo\\\/image\\\/\"},\"sameAs\":[\"https:\\\/\\\/www.facebook.com\\\/Casarredo-632870513490892\",\"https:\\\/\\\/www.instagram.com\\\/casarredo_fano\\\/\"]}]}<\/script>\n<!-- \/ Yoast SEO plugin. -->","yoast_head_json":{"title":"Lounge Chair e Ottoman Vitra Eames &#8212; Casarredo.it","description":"La Lounge Chair \u00e8 uno dei progetti pi\u00f9 noti di Charles e Ray Eames. Fu realizzata nel 1956 ed \u00e8 ormai un classico della moderna storia del mobile.","robots":{"index":"index","follow":"follow","max-snippet":"max-snippet:-1","max-image-preview":"max-image-preview:large","max-video-preview":"max-video-preview:-1"},"canonical":"https:\/\/www.casarredo.it\/en\/prodotto\/lounge-chair-e-ottoman-vitra-eames\/","og_locale":"en_US","og_type":"article","og_title":"Lounge Chair e Ottoman Vitra Eames &#8212; Casarredo.it","og_description":"La Lounge Chair \u00e8 uno dei progetti pi\u00f9 noti di Charles e Ray Eames. Fu realizzata nel 1956 ed \u00e8 ormai un classico della moderna storia del mobile.","og_url":"https:\/\/www.casarredo.it\/en\/prodotto\/lounge-chair-e-ottoman-vitra-eames\/","og_site_name":"Casarredo.it","article_publisher":"https:\/\/www.facebook.com\/Casarredo-632870513490892","article_modified_time":"2022-06-13T04:46:23+00:00","og_image":[{"width":630,"height":350,"url":"https:\/\/www.casarredo.it\/wp-content\/uploads\/2016\/08\/lounge-chair-vitra-eames-11_modificato-3.jpg","type":"image\/jpeg"}],"twitter_card":"summary_large_image","twitter_misc":{"Est. reading time":"1 minute"},"schema":{"@context":"https:\/\/schema.org","@graph":[{"@type":"WebPage","@id":"https:\/\/www.casarredo.it\/en\/prodotto\/lounge-chair-e-ottoman-vitra-eames\/","url":"https:\/\/www.casarredo.it\/en\/prodotto\/lounge-chair-e-ottoman-vitra-eames\/","name":"Lounge Chair e Ottoman Vitra Eames &#8212; Casarredo.it","isPartOf":{"@id":"https:\/\/www.casarredo.it\/en\/#website"},"primaryImageOfPage":{"@id":"https:\/\/www.casarredo.it\/en\/prodotto\/lounge-chair-e-ottoman-vitra-eames\/#primaryimage"},"image":{"@id":"https:\/\/www.casarredo.it\/en\/prodotto\/lounge-chair-e-ottoman-vitra-eames\/#primaryimage"},"thumbnailUrl":"https:\/\/www.casarredo.it\/wp-content\/uploads\/2016\/08\/lounge-chair-vitra-eames-11_modificato-3.jpg","datePublished":"2016-08-09T09:31:05+00:00","dateModified":"2022-06-13T04:46:23+00:00","description":"La Lounge Chair \u00e8 uno dei progetti pi\u00f9 noti di Charles e Ray Eames. Fu realizzata nel 1956 ed \u00e8 ormai un classico della moderna storia del mobile.","breadcrumb":{"@id":"https:\/\/www.casarredo.it\/en\/prodotto\/lounge-chair-e-ottoman-vitra-eames\/#breadcrumb"},"inLanguage":"en-US","potentialAction":[{"@type":"ReadAction","target":["https:\/\/www.casarredo.it\/en\/prodotto\/lounge-chair-e-ottoman-vitra-eames\/"]}]},{"@type":"ImageObject","inLanguage":"en-US","@id":"https:\/\/www.casarredo.it\/en\/prodotto\/lounge-chair-e-ottoman-vitra-eames\/#primaryimage","url":"https:\/\/www.casarredo.it\/wp-content\/uploads\/2016\/08\/lounge-chair-vitra-eames-11_modificato-3.jpg","contentUrl":"https:\/\/www.casarredo.it\/wp-content\/uploads\/2016\/08\/lounge-chair-vitra-eames-11_modificato-3.jpg","width":630,"height":350},{"@type":"BreadcrumbList","@id":"https:\/\/www.casarredo.it\/en\/prodotto\/lounge-chair-e-ottoman-vitra-eames\/#breadcrumb","itemListElement":[{"@type":"ListItem","position":1,"name":"Home","item":"https:\/\/www.casarredo.it\/en\/"},{"@type":"ListItem","position":2,"name":"Shop online","item":"https:\/\/www.casarredo.it\/en\/shop\/"},{"@type":"ListItem","position":3,"name":"Lounge Chair e Ottoman Vitra Eames"}]},{"@type":"WebSite","@id":"https:\/\/www.casarredo.it\/en\/#website","url":"https:\/\/www.casarredo.it\/en\/","name":"Casarredo.it","description":"Design da vivere","publisher":{"@id":"https:\/\/www.casarredo.it\/en\/#organization"},"potentialAction":[{"@type":"SearchAction","target":{"@type":"EntryPoint","urlTemplate":"https:\/\/www.casarredo.it\/en\/?s={search_term_string}"},"query-input":{"@type":"PropertyValueSpecification","valueRequired":true,"valueName":"search_term_string"}}],"inLanguage":"en-US"},{"@type":"Organization","@id":"https:\/\/www.casarredo.it\/en\/#organization","name":"casarredo srl","url":"https:\/\/www.casarredo.it\/en\/","logo":{"@type":"ImageObject","inLanguage":"en-US","@id":"https:\/\/www.casarredo.it\/en\/#\/schema\/logo\/image\/","url":"https:\/\/www.casarredo.it\/wp-content\/uploads\/2018\/05\/vanity-scaled.jpg","contentUrl":"https:\/\/www.casarredo.it\/wp-content\/uploads\/2018\/05\/vanity-scaled.jpg","width":2560,"height":1848,"caption":"casarredo srl"},"image":{"@id":"https:\/\/www.casarredo.it\/en\/#\/schema\/logo\/image\/"},"sameAs":["https:\/\/www.facebook.com\/Casarredo-632870513490892","https:\/\/www.instagram.com\/casarredo_fano\/"]}]}},"_links":{"self":[{"href":"https:\/\/www.casarredo.it\/en\/wp-json\/wp\/v2\/product\/14755","targetHints":{"allow":["GET"]}}],"collection":[{"href":"https:\/\/www.casarredo.it\/en\/wp-json\/wp\/v2\/product"}],"about":[{"href":"https:\/\/www.casarredo.it\/en\/wp-json\/wp\/v2\/types\/product"}],"wp:featuredmedia":[{"embeddable":true,"href":"https:\/\/www.casarredo.it\/en\/wp-json\/wp\/v2\/media\/13347"}],"wp:attachment":[{"href":"https:\/\/www.casarredo.it\/en\/wp-json\/wp\/v2\/media?parent=14755"}],"wp:term":[{"taxonomy":"product_brand","embeddable":true,"href":"https:\/\/www.casarredo.it\/en\/wp-json\/wp\/v2\/product_brand?post=14755"},{"taxonomy":"product_cat","embeddable":true,"href":"https:\/\/www.casarredo.it\/en\/wp-json\/wp\/v2\/product_cat?post=14755"},{"taxonomy":"product_tag","embeddable":true,"href":"https:\/\/www.casarredo.it\/en\/wp-json\/wp\/v2\/product_tag?post=14755"}],"curies":[{"name":"wp","href":"https:\/\/api.w.org\/{rel}","templated":true}]}}