{"id":14754,"date":"2016-08-09T12:48:05","date_gmt":"2016-08-09T10:48:05","guid":{"rendered":"https:\/\/www.casarredo.it\/prodotto\/taccia-lled-tavolo-castiglioni-1962-flos-2\/"},"modified":"2024-08-06T10:00:15","modified_gmt":"2024-08-06T08:00:15","slug":"taccia-led-table-lamp-castiglioni-flos","status":"publish","type":"product","link":"https:\/\/www.casarredo.it\/en\/prodotto\/taccia-led-table-lamp-castiglioni-flos\/","title":{"rendered":"TACCIA LED TABLE LAMP CASTIGLIONI  FLOS"},"content":{"rendered":"<div id=\"gt-res-content\">\n<div dir=\"ltr\">\n<p><span id=\"result_box\" class=\"\" lang=\"en\"><span title=\"Ideata dai fratelli Castiglioni, la lampada Taccia fa parte dei grandi classici dell'illuminaizone.\">Designed by the Castiglioni brothers, the Taccia lamp is part of the great classics dell&#8217;illuminaizone. <\/span><span title=\"Esce dagli atelier Flos nel 1962 e appare come un grande proiettore (altezza 54 cm, diametro del diffusore 49,5 cm).\">He comes from Flos atelier in 1962 and looks like a large projector (height 54 cm, speaker diameter 49.5 cm). <\/span><span title=\"Taccia celebra il design industriale caro ai nostri due designer italiani.\">Taccia celebrates the first industrial design to our two Italian designers. <\/span><span title=\"Questa lampada \u00e8 composta da una base in alluminio striato sulla quale \u00e8 articolata una campana di vetro trasparente soffiato a bocca.\">This lamp consists of a striated aluminum base on which is articulated a transparent glass bell mouth blown. <\/span><span title=\"Un disco in alluminio verniciato ricopre la campana e, come uno schermo, riflette la lampadina nascosta nel corpo della lampada.\">A painted aluminum disk holds the bell and, as a screen, it reflects the light bulb hidden in the lamp housing. <\/span><span title=\"Taccia diffonde una luce indiretta di grande qualit\u00e0 che si pu\u00f2 dirigere esattamente l\u00e0 dove si vuole grazie alla campana di vetro orientabile.\">Taccia spreads indirect light of great quality that you can direct exactly where you want thanks to the adjustable glass bell. <\/span><span title=\"Vera e propria icona del design, le qualit\u00e0 estetiche di Taccia rimangono immutabili nel tempo: posizionata su un mobile o su un pavimento, apporta uno spirito loft tipico d'avanguardia.\">True design icon, the aesthetic qualities of Taccia remain immutable over time: placed in a cabinet or on a floor, it brings a spirit typical avant-garde loft. <\/span><span title=\"Achille Castiglioni ha detto di Taccia nel 1970 che rappresenta ''la Mercedes delle lampade, un simbolo di successo: forse perch\u00e8 ricorda una colonna classica\">Achille Castiglioni said Taccia in 1970 representing &#8221; the Mercedes lamp, a symbol of success, perhaps because it reminds a classical column. &#8220;It declined in two colors: silver or black body body.<\/span><\/span><\/p>\n<p><span title=\"In dettaglio : \">In detail :<br \/>\n<\/span><span title=\"Colore : Nero \">Black Colour<br \/>\n<\/span><span title=\"Materiale : Diffusore : vetro soffiato a bocca e disco in alluminio verniciato bianco - Base : alluminio \">Material: Diffuser: blown glass and hard white aluminum &#8211; Base: Aluminum<br \/>\n<\/span><span title=\"Dimensioni : H. totale 54 cm x H. base 26 cm x \u00d8 diffusore 49.5 cm x \u00d8 base 19 cm \">Dimensions: H. total 54 cm x 26 cm x \u00d8 H. base diffuser 49.5 cm x \u00d8 base 19 cm<br \/>\n<\/span><span title=\"Caratteristiche : Diffusore orientabile - luce indiretta e riflessa - 1 cob led 2700k 28w dimmer - Lunghezza del cavo elettrico: 238 cm\">Features: Adjustable diffuser &#8211; indirect and reflected light &#8211; 1 2700k 28w cob led dimmer &#8211; Power cable length: 238 cm<\/span><\/p>\n<\/div>\n<\/div>\n","protected":false},"excerpt":{"rendered":"<p>Designed by the Castiglioni brothers, the Taccia lamp is part of the great classics dell&#8217;illuminaizone. He comes from Flos atelier in 1962 and looks like a large projector (height 54 cm, speaker diameter 49.5 cm). Taccia celebrates the first industrial design to our two Italian designers. This lamp consists of a striated aluminum base on [&hellip;]<\/p>\n","protected":false},"featured_media":12862,"template":"","meta":[],"product_brand":[],"product_cat":[1743,1679,1678],"product_tag":[1732,1744],"class_list":{"0":"post-14754","1":"product","2":"type-product","3":"status-publish","4":"has-post-thumbnail","6":"product_cat-flos-en","7":"product_cat-lamps","8":"product_cat-table-lamp","9":"product_tag-castiglioni-en","10":"product_tag-flos-en","11":"pa_colore-argento-en","12":"pa_colore-black","13":"pa_colore-bronzo-en","15":"first","16":"onbackorder","17":"sale","18":"shipping-taxable","19":"purchasable","20":"product-type-variable","21":"add-to-wishlist-after_add_to_cart"},"yoast_head":"<!-- This site is optimized with the Yoast SEO plugin v27.4 - https:\/\/yoast.com\/product\/yoast-seo-wordpress\/ -->\n<title>TACCIA LED TABLE LAMP CASTIGLIONI FLOS &#8212; Casarredo.it<\/title>\n<meta name=\"description\" content=\"TACCIA FLOS Ideata dai fratelli Castiglioni, la lampada Taccia fa parte dei grandi classici dell&#039;illuminaizone. Esce dagli atelier Flos nel 1962 e appare come un grande proiettore\" \/>\n<meta name=\"robots\" content=\"index, follow, max-snippet:-1, max-image-preview:large, max-video-preview:-1\" \/>\n<link rel=\"canonical\" href=\"https:\/\/www.casarredo.it\/en\/prodotto\/taccia-led-table-lamp-castiglioni-flos\/\" \/>\n<meta property=\"og:locale\" content=\"en_US\" \/>\n<meta property=\"og:type\" content=\"article\" \/>\n<meta property=\"og:title\" content=\"TACCIA LED TABLE LAMP CASTIGLIONI FLOS &#8212; Casarredo.it\" \/>\n<meta property=\"og:description\" content=\"TACCIA FLOS Ideata dai fratelli Castiglioni, la lampada Taccia fa parte dei grandi classici dell&#039;illuminaizone. Esce dagli atelier Flos nel 1962 e appare come un grande proiettore\" \/>\n<meta property=\"og:url\" content=\"https:\/\/www.casarredo.it\/en\/prodotto\/taccia-led-table-lamp-castiglioni-flos\/\" \/>\n<meta property=\"og:site_name\" content=\"Casarredo.it\" \/>\n<meta property=\"article:publisher\" content=\"https:\/\/www.facebook.com\/Casarredo-632870513490892\" \/>\n<meta property=\"article:modified_time\" content=\"2024-08-06T08:00:15+00:00\" \/>\n<meta property=\"og:image\" content=\"https:\/\/www.casarredo.it\/wp-content\/uploads\/2016\/04\/taccia_big_modificato-1.jpg\" \/>\n\t<meta property=\"og:image:width\" content=\"489\" \/>\n\t<meta property=\"og:image:height\" content=\"399\" \/>\n\t<meta property=\"og:image:type\" content=\"image\/jpeg\" \/>\n<meta name=\"twitter:card\" content=\"summary_large_image\" \/>\n<meta name=\"twitter:label1\" content=\"Est. reading time\" \/>\n\t<meta name=\"twitter:data1\" content=\"1 minute\" \/>\n<script type=\"application\/ld+json\" class=\"yoast-schema-graph\">{\"@context\":\"https:\\\/\\\/schema.org\",\"@graph\":[{\"@type\":\"WebPage\",\"@id\":\"https:\\\/\\\/www.casarredo.it\\\/en\\\/prodotto\\\/taccia-led-table-lamp-castiglioni-flos\\\/\",\"url\":\"https:\\\/\\\/www.casarredo.it\\\/en\\\/prodotto\\\/taccia-led-table-lamp-castiglioni-flos\\\/\",\"name\":\"TACCIA LED TABLE LAMP CASTIGLIONI FLOS &#8212; Casarredo.it\",\"isPartOf\":{\"@id\":\"https:\\\/\\\/www.casarredo.it\\\/en\\\/#website\"},\"primaryImageOfPage\":{\"@id\":\"https:\\\/\\\/www.casarredo.it\\\/en\\\/prodotto\\\/taccia-led-table-lamp-castiglioni-flos\\\/#primaryimage\"},\"image\":{\"@id\":\"https:\\\/\\\/www.casarredo.it\\\/en\\\/prodotto\\\/taccia-led-table-lamp-castiglioni-flos\\\/#primaryimage\"},\"thumbnailUrl\":\"https:\\\/\\\/www.casarredo.it\\\/wp-content\\\/uploads\\\/2016\\\/04\\\/taccia_big_modificato-1.jpg\",\"datePublished\":\"2016-08-09T10:48:05+00:00\",\"dateModified\":\"2024-08-06T08:00:15+00:00\",\"description\":\"TACCIA FLOS Ideata dai fratelli Castiglioni, la lampada Taccia fa parte dei grandi classici dell'illuminaizone. Esce dagli atelier Flos nel 1962 e appare come un grande proiettore\",\"breadcrumb\":{\"@id\":\"https:\\\/\\\/www.casarredo.it\\\/en\\\/prodotto\\\/taccia-led-table-lamp-castiglioni-flos\\\/#breadcrumb\"},\"inLanguage\":\"en-US\",\"potentialAction\":[{\"@type\":\"ReadAction\",\"target\":[\"https:\\\/\\\/www.casarredo.it\\\/en\\\/prodotto\\\/taccia-led-table-lamp-castiglioni-flos\\\/\"]}]},{\"@type\":\"ImageObject\",\"inLanguage\":\"en-US\",\"@id\":\"https:\\\/\\\/www.casarredo.it\\\/en\\\/prodotto\\\/taccia-led-table-lamp-castiglioni-flos\\\/#primaryimage\",\"url\":\"https:\\\/\\\/www.casarredo.it\\\/wp-content\\\/uploads\\\/2016\\\/04\\\/taccia_big_modificato-1.jpg\",\"contentUrl\":\"https:\\\/\\\/www.casarredo.it\\\/wp-content\\\/uploads\\\/2016\\\/04\\\/taccia_big_modificato-1.jpg\",\"width\":489,\"height\":399},{\"@type\":\"BreadcrumbList\",\"@id\":\"https:\\\/\\\/www.casarredo.it\\\/en\\\/prodotto\\\/taccia-led-table-lamp-castiglioni-flos\\\/#breadcrumb\",\"itemListElement\":[{\"@type\":\"ListItem\",\"position\":1,\"name\":\"Home\",\"item\":\"https:\\\/\\\/www.casarredo.it\\\/en\\\/\"},{\"@type\":\"ListItem\",\"position\":2,\"name\":\"Shop online\",\"item\":\"https:\\\/\\\/www.casarredo.it\\\/en\\\/shop\\\/\"},{\"@type\":\"ListItem\",\"position\":3,\"name\":\"TACCIA LED TABLE LAMP CASTIGLIONI FLOS\"}]},{\"@type\":\"WebSite\",\"@id\":\"https:\\\/\\\/www.casarredo.it\\\/en\\\/#website\",\"url\":\"https:\\\/\\\/www.casarredo.it\\\/en\\\/\",\"name\":\"Casarredo.it\",\"description\":\"Design da vivere\",\"publisher\":{\"@id\":\"https:\\\/\\\/www.casarredo.it\\\/en\\\/#organization\"},\"potentialAction\":[{\"@type\":\"SearchAction\",\"target\":{\"@type\":\"EntryPoint\",\"urlTemplate\":\"https:\\\/\\\/www.casarredo.it\\\/en\\\/?s={search_term_string}\"},\"query-input\":{\"@type\":\"PropertyValueSpecification\",\"valueRequired\":true,\"valueName\":\"search_term_string\"}}],\"inLanguage\":\"en-US\"},{\"@type\":\"Organization\",\"@id\":\"https:\\\/\\\/www.casarredo.it\\\/en\\\/#organization\",\"name\":\"casarredo srl\",\"url\":\"https:\\\/\\\/www.casarredo.it\\\/en\\\/\",\"logo\":{\"@type\":\"ImageObject\",\"inLanguage\":\"en-US\",\"@id\":\"https:\\\/\\\/www.casarredo.it\\\/en\\\/#\\\/schema\\\/logo\\\/image\\\/\",\"url\":\"https:\\\/\\\/www.casarredo.it\\\/wp-content\\\/uploads\\\/2018\\\/05\\\/vanity-scaled.jpg\",\"contentUrl\":\"https:\\\/\\\/www.casarredo.it\\\/wp-content\\\/uploads\\\/2018\\\/05\\\/vanity-scaled.jpg\",\"width\":2560,\"height\":1848,\"caption\":\"casarredo srl\"},\"image\":{\"@id\":\"https:\\\/\\\/www.casarredo.it\\\/en\\\/#\\\/schema\\\/logo\\\/image\\\/\"},\"sameAs\":[\"https:\\\/\\\/www.facebook.com\\\/Casarredo-632870513490892\",\"https:\\\/\\\/www.instagram.com\\\/casarredo_fano\\\/\"]}]}<\/script>\n<!-- \/ Yoast SEO plugin. -->","yoast_head_json":{"title":"TACCIA LED TABLE LAMP CASTIGLIONI FLOS &#8212; Casarredo.it","description":"TACCIA FLOS Ideata dai fratelli Castiglioni, la lampada Taccia fa parte dei grandi classici dell'illuminaizone. Esce dagli atelier Flos nel 1962 e appare come un grande proiettore","robots":{"index":"index","follow":"follow","max-snippet":"max-snippet:-1","max-image-preview":"max-image-preview:large","max-video-preview":"max-video-preview:-1"},"canonical":"https:\/\/www.casarredo.it\/en\/prodotto\/taccia-led-table-lamp-castiglioni-flos\/","og_locale":"en_US","og_type":"article","og_title":"TACCIA LED TABLE LAMP CASTIGLIONI FLOS &#8212; Casarredo.it","og_description":"TACCIA FLOS Ideata dai fratelli Castiglioni, la lampada Taccia fa parte dei grandi classici dell'illuminaizone. Esce dagli atelier Flos nel 1962 e appare come un grande proiettore","og_url":"https:\/\/www.casarredo.it\/en\/prodotto\/taccia-led-table-lamp-castiglioni-flos\/","og_site_name":"Casarredo.it","article_publisher":"https:\/\/www.facebook.com\/Casarredo-632870513490892","article_modified_time":"2024-08-06T08:00:15+00:00","og_image":[{"width":489,"height":399,"url":"https:\/\/www.casarredo.it\/wp-content\/uploads\/2016\/04\/taccia_big_modificato-1.jpg","type":"image\/jpeg"}],"twitter_card":"summary_large_image","twitter_misc":{"Est. reading time":"1 minute"},"schema":{"@context":"https:\/\/schema.org","@graph":[{"@type":"WebPage","@id":"https:\/\/www.casarredo.it\/en\/prodotto\/taccia-led-table-lamp-castiglioni-flos\/","url":"https:\/\/www.casarredo.it\/en\/prodotto\/taccia-led-table-lamp-castiglioni-flos\/","name":"TACCIA LED TABLE LAMP CASTIGLIONI FLOS &#8212; Casarredo.it","isPartOf":{"@id":"https:\/\/www.casarredo.it\/en\/#website"},"primaryImageOfPage":{"@id":"https:\/\/www.casarredo.it\/en\/prodotto\/taccia-led-table-lamp-castiglioni-flos\/#primaryimage"},"image":{"@id":"https:\/\/www.casarredo.it\/en\/prodotto\/taccia-led-table-lamp-castiglioni-flos\/#primaryimage"},"thumbnailUrl":"https:\/\/www.casarredo.it\/wp-content\/uploads\/2016\/04\/taccia_big_modificato-1.jpg","datePublished":"2016-08-09T10:48:05+00:00","dateModified":"2024-08-06T08:00:15+00:00","description":"TACCIA FLOS Ideata dai fratelli Castiglioni, la lampada Taccia fa parte dei grandi classici dell'illuminaizone. Esce dagli atelier Flos nel 1962 e appare come un grande proiettore","breadcrumb":{"@id":"https:\/\/www.casarredo.it\/en\/prodotto\/taccia-led-table-lamp-castiglioni-flos\/#breadcrumb"},"inLanguage":"en-US","potentialAction":[{"@type":"ReadAction","target":["https:\/\/www.casarredo.it\/en\/prodotto\/taccia-led-table-lamp-castiglioni-flos\/"]}]},{"@type":"ImageObject","inLanguage":"en-US","@id":"https:\/\/www.casarredo.it\/en\/prodotto\/taccia-led-table-lamp-castiglioni-flos\/#primaryimage","url":"https:\/\/www.casarredo.it\/wp-content\/uploads\/2016\/04\/taccia_big_modificato-1.jpg","contentUrl":"https:\/\/www.casarredo.it\/wp-content\/uploads\/2016\/04\/taccia_big_modificato-1.jpg","width":489,"height":399},{"@type":"BreadcrumbList","@id":"https:\/\/www.casarredo.it\/en\/prodotto\/taccia-led-table-lamp-castiglioni-flos\/#breadcrumb","itemListElement":[{"@type":"ListItem","position":1,"name":"Home","item":"https:\/\/www.casarredo.it\/en\/"},{"@type":"ListItem","position":2,"name":"Shop online","item":"https:\/\/www.casarredo.it\/en\/shop\/"},{"@type":"ListItem","position":3,"name":"TACCIA LED TABLE LAMP CASTIGLIONI FLOS"}]},{"@type":"WebSite","@id":"https:\/\/www.casarredo.it\/en\/#website","url":"https:\/\/www.casarredo.it\/en\/","name":"Casarredo.it","description":"Design da vivere","publisher":{"@id":"https:\/\/www.casarredo.it\/en\/#organization"},"potentialAction":[{"@type":"SearchAction","target":{"@type":"EntryPoint","urlTemplate":"https:\/\/www.casarredo.it\/en\/?s={search_term_string}"},"query-input":{"@type":"PropertyValueSpecification","valueRequired":true,"valueName":"search_term_string"}}],"inLanguage":"en-US"},{"@type":"Organization","@id":"https:\/\/www.casarredo.it\/en\/#organization","name":"casarredo srl","url":"https:\/\/www.casarredo.it\/en\/","logo":{"@type":"ImageObject","inLanguage":"en-US","@id":"https:\/\/www.casarredo.it\/en\/#\/schema\/logo\/image\/","url":"https:\/\/www.casarredo.it\/wp-content\/uploads\/2018\/05\/vanity-scaled.jpg","contentUrl":"https:\/\/www.casarredo.it\/wp-content\/uploads\/2018\/05\/vanity-scaled.jpg","width":2560,"height":1848,"caption":"casarredo srl"},"image":{"@id":"https:\/\/www.casarredo.it\/en\/#\/schema\/logo\/image\/"},"sameAs":["https:\/\/www.facebook.com\/Casarredo-632870513490892","https:\/\/www.instagram.com\/casarredo_fano\/"]}]}},"_links":{"self":[{"href":"https:\/\/www.casarredo.it\/en\/wp-json\/wp\/v2\/product\/14754","targetHints":{"allow":["GET"]}}],"collection":[{"href":"https:\/\/www.casarredo.it\/en\/wp-json\/wp\/v2\/product"}],"about":[{"href":"https:\/\/www.casarredo.it\/en\/wp-json\/wp\/v2\/types\/product"}],"wp:featuredmedia":[{"embeddable":true,"href":"https:\/\/www.casarredo.it\/en\/wp-json\/wp\/v2\/media\/12862"}],"wp:attachment":[{"href":"https:\/\/www.casarredo.it\/en\/wp-json\/wp\/v2\/media?parent=14754"}],"wp:term":[{"taxonomy":"product_brand","embeddable":true,"href":"https:\/\/www.casarredo.it\/en\/wp-json\/wp\/v2\/product_brand?post=14754"},{"taxonomy":"product_cat","embeddable":true,"href":"https:\/\/www.casarredo.it\/en\/wp-json\/wp\/v2\/product_cat?post=14754"},{"taxonomy":"product_tag","embeddable":true,"href":"https:\/\/www.casarredo.it\/en\/wp-json\/wp\/v2\/product_tag?post=14754"}],"curies":[{"name":"wp","href":"https:\/\/api.w.org\/{rel}","templated":true}]}}