{"id":14752,"date":"2016-08-10T11:10:46","date_gmt":"2016-08-10T09:10:46","guid":{"rendered":"https:\/\/www.casarredo.it\/prodotto\/moleskine-kit-mensola-con-elemento-scorrevole-driade\/"},"modified":"2019-04-19T13:22:17","modified_gmt":"2019-04-19T11:22:17","slug":"moleskine-kit-shelf-with-sliding-element-driade","status":"publish","type":"product","link":"https:\/\/www.casarredo.it\/en\/prodotto\/moleskine-kit-shelf-with-sliding-element-driade\/","title":{"rendered":"Moleskine + kit + shelf with sliding element Driade"},"content":{"rendered":"<div id=\"gt-res-content\">\n<div dir=\"ltr\">\n<p><span id=\"result_box\" class=\"\" lang=\"en\"><span title=\"Moleskine by Driade \">Moleskine by Driade<\/span><\/span><\/p>\n<p><span title=\"1 marzo 2016 \">March 1, 2016<br \/>\n<\/span><span title=\"Share \">Share<\/span><\/p>\n<p><span title=\"Portable Atelier disegnata da Philippe Nigro, firmata in partnership con Moleskine e presentata in anteprima ad Imm Colonia lo scorso Gennaio comprende una linea di arredi e accessori legati alla scrivania, con l\u2019idea di creare una postazione studio e\/o lavoro \u2018nomade\u2019.\">Portable Atelier designed by Philippe Nigro, signed in partnership with Moleskine and previewed at Imm Cologne last January includes a line of furniture and accessories related to the desk, with the idea of creating a studio workstation and \/ or job &#8216;nomad&#8217;. <\/span><span title=\"Oggetti semplici ed eleganti, pensati per definire e personalizzare il proprio spazio di riflessione trasformandolo in un inspiring journey. \">simple and elegant objects, designed to define and customize your own space for reflection, transforming it into an inspiring journey.<\/span><\/p>\n<p><span title=\"La scrivania ha un\u2019estetica leggera, caratterizzata dal piano in multistrato di betulla con finitura in rovere apribile a ribalta, e si appoggia su una struttura in lamiera di acciaio verniciato nero opaco con dettagli in rovere.\">The desk has slight aesthetic, characterized by the plan of birch plywood with openable flap oak finish, and rests on a frame in matt black painted steel with oak details. <\/span><span title=\"La mensola in rovere, elemento iconico della collezione, \u00e8 dotata di pannelli laterali e di un elemento scorrevole;\">The oak shelf, iconic element of the collection, is equipped with side panels and a sliding element; <\/span><span title=\"disponibile nei colori bianco e nero, giallo fluo e arancione fluo, consente una funzionale e dinamica ripartizione dello spazio e di personalizzare il proprio desk. \">available in black and white, fluorescent yellow and fluorescent orange, it allows a functional and dynamic allocation of space and customize your own desk.<\/span><\/p>\n<p><span title=\"A completare la collezione, una serie di accessori funzionali: un portapenne alto, un portapenne\/portaoggetti basso e una scatolina porta oggetti, realizzati in legno e metallo e disponibili nelle diverse finiture.\">To complete the collection, a series of functional accessories: a pen top, a pen holder \/ glove down and a small box for objects, made of wood and metal and available in different finishes. <\/span><span title=\"Mensola e accessori da scrivania riprendono nel disegno le linee arrotondate dell\u2019iconico taccuino Moleskine. \">Shelf and desk accessories recover in the drawing the rounded lines of the iconic Moleskine notebook.<\/span><\/p>\n<p><span title=\"\u201cLa collezione \u00e8 nata partendo dagli accessori da scrivania e poi si \u00e8 evoluta in un progetto pi\u00f9 ampio.\">&#8220;The collection is born starting from desk accessories and then evolved into a larger project. <\/span><span title=\"L\u2019elemento chiave \u00e8 la mensola, pensata come un \u2018micromondo\u2019 dove raccogliere oggetti o documenti in modo ordinato.\">The key element is the shelf, designed as a &#8216;microcosm&#8217; in which to collect items or documents in an orderly manner. <\/span><span title=\"Tutti i pezzi dialogano tra loro, ma possono al tempo stesso vivere autonomamente.\u201d Philippe Nigro\">All the pieces interact with each other, but they can at the same time live independently. &#8220;Philippe Nigro<\/span><\/p>\n<\/div>\n<\/div>\n","protected":false},"excerpt":{"rendered":"<p>Moleskine by Driade March 1, 2016 Share Portable Atelier designed by Philippe Nigro, signed in partnership with Moleskine and previewed at Imm Cologne last January includes a line of furniture and accessories related to the desk, with the idea of creating a studio workstation and \/ or job &#8216;nomad&#8217;. simple and elegant objects, designed to [&hellip;]<\/p>\n","protected":false},"featured_media":13357,"template":"","meta":[],"product_brand":[],"product_cat":[1791,1820,1660,1789,1661],"product_tag":[2071],"class_list":{"0":"post-14752","1":"product","2":"type-product","3":"status-publish","4":"has-post-thumbnail","6":"product_cat-desk","7":"product_cat-driade-en","8":"product_cat-not-to-be-missed","9":"product_cat-office-furniture","10":"product_cat-tavoli-en","11":"product_tag-nigro-en","12":"product_shipping_class-standard-en","14":"first","15":"onbackorder","16":"sale","17":"shipping-taxable","18":"purchasable","19":"product-type-simple","20":"add-to-wishlist-after_add_to_cart"},"yoast_head":"<!-- This site is optimized with the Yoast SEO plugin v27.4 - https:\/\/yoast.com\/product\/yoast-seo-wordpress\/ -->\n<title>Moleskine + kit + shelf with sliding element Driade &#8212; Casarredo.it<\/title>\n<meta name=\"description\" content=\"La scrivania ha un\u2019estetica leggera, caratterizzata dal piano in multistrato di betulla con finitura in rovere apribile a ribalta,\" \/>\n<meta name=\"robots\" content=\"index, follow, max-snippet:-1, max-image-preview:large, max-video-preview:-1\" \/>\n<link rel=\"canonical\" href=\"https:\/\/www.casarredo.it\/en\/prodotto\/moleskine-kit-shelf-with-sliding-element-driade\/\" \/>\n<meta property=\"og:locale\" content=\"en_US\" \/>\n<meta property=\"og:type\" content=\"article\" \/>\n<meta property=\"og:title\" content=\"Moleskine + kit + shelf with sliding element Driade &#8212; Casarredo.it\" \/>\n<meta property=\"og:description\" content=\"La scrivania ha un\u2019estetica leggera, caratterizzata dal piano in multistrato di betulla con finitura in rovere apribile a ribalta,\" \/>\n<meta property=\"og:url\" content=\"https:\/\/www.casarredo.it\/en\/prodotto\/moleskine-kit-shelf-with-sliding-element-driade\/\" \/>\n<meta property=\"og:site_name\" content=\"Casarredo.it\" \/>\n<meta property=\"article:publisher\" content=\"https:\/\/www.facebook.com\/Casarredo-632870513490892\" \/>\n<meta property=\"article:modified_time\" content=\"2019-04-19T11:22:17+00:00\" \/>\n<meta property=\"og:image\" content=\"https:\/\/www.casarredo.it\/wp-content\/uploads\/2016\/08\/moleskine6.1.gif\" \/>\n\t<meta property=\"og:image:width\" content=\"1229\" \/>\n\t<meta property=\"og:image:height\" content=\"922\" \/>\n\t<meta property=\"og:image:type\" content=\"image\/gif\" \/>\n<meta name=\"twitter:card\" content=\"summary_large_image\" \/>\n<meta name=\"twitter:label1\" content=\"Est. reading time\" \/>\n\t<meta name=\"twitter:data1\" content=\"1 minute\" \/>\n<script type=\"application\/ld+json\" class=\"yoast-schema-graph\">{\"@context\":\"https:\\\/\\\/schema.org\",\"@graph\":[{\"@type\":\"WebPage\",\"@id\":\"https:\\\/\\\/www.casarredo.it\\\/en\\\/prodotto\\\/moleskine-kit-shelf-with-sliding-element-driade\\\/\",\"url\":\"https:\\\/\\\/www.casarredo.it\\\/en\\\/prodotto\\\/moleskine-kit-shelf-with-sliding-element-driade\\\/\",\"name\":\"Moleskine + kit + shelf with sliding element Driade &#8212; Casarredo.it\",\"isPartOf\":{\"@id\":\"https:\\\/\\\/www.casarredo.it\\\/en\\\/#website\"},\"primaryImageOfPage\":{\"@id\":\"https:\\\/\\\/www.casarredo.it\\\/en\\\/prodotto\\\/moleskine-kit-shelf-with-sliding-element-driade\\\/#primaryimage\"},\"image\":{\"@id\":\"https:\\\/\\\/www.casarredo.it\\\/en\\\/prodotto\\\/moleskine-kit-shelf-with-sliding-element-driade\\\/#primaryimage\"},\"thumbnailUrl\":\"https:\\\/\\\/www.casarredo.it\\\/wp-content\\\/uploads\\\/2016\\\/08\\\/moleskine6.1.gif\",\"datePublished\":\"2016-08-10T09:10:46+00:00\",\"dateModified\":\"2019-04-19T11:22:17+00:00\",\"description\":\"La scrivania ha un\u2019estetica leggera, caratterizzata dal piano in multistrato di betulla con finitura in rovere apribile a ribalta,\",\"breadcrumb\":{\"@id\":\"https:\\\/\\\/www.casarredo.it\\\/en\\\/prodotto\\\/moleskine-kit-shelf-with-sliding-element-driade\\\/#breadcrumb\"},\"inLanguage\":\"en-US\",\"potentialAction\":[{\"@type\":\"ReadAction\",\"target\":[\"https:\\\/\\\/www.casarredo.it\\\/en\\\/prodotto\\\/moleskine-kit-shelf-with-sliding-element-driade\\\/\"]}]},{\"@type\":\"ImageObject\",\"inLanguage\":\"en-US\",\"@id\":\"https:\\\/\\\/www.casarredo.it\\\/en\\\/prodotto\\\/moleskine-kit-shelf-with-sliding-element-driade\\\/#primaryimage\",\"url\":\"https:\\\/\\\/www.casarredo.it\\\/wp-content\\\/uploads\\\/2016\\\/08\\\/moleskine6.1.gif\",\"contentUrl\":\"https:\\\/\\\/www.casarredo.it\\\/wp-content\\\/uploads\\\/2016\\\/08\\\/moleskine6.1.gif\",\"width\":1229,\"height\":922},{\"@type\":\"BreadcrumbList\",\"@id\":\"https:\\\/\\\/www.casarredo.it\\\/en\\\/prodotto\\\/moleskine-kit-shelf-with-sliding-element-driade\\\/#breadcrumb\",\"itemListElement\":[{\"@type\":\"ListItem\",\"position\":1,\"name\":\"Home\",\"item\":\"https:\\\/\\\/www.casarredo.it\\\/en\\\/\"},{\"@type\":\"ListItem\",\"position\":2,\"name\":\"Shop online\",\"item\":\"https:\\\/\\\/www.casarredo.it\\\/en\\\/shop\\\/\"},{\"@type\":\"ListItem\",\"position\":3,\"name\":\"Moleskine + kit + shelf with sliding element Driade\"}]},{\"@type\":\"WebSite\",\"@id\":\"https:\\\/\\\/www.casarredo.it\\\/en\\\/#website\",\"url\":\"https:\\\/\\\/www.casarredo.it\\\/en\\\/\",\"name\":\"Casarredo.it\",\"description\":\"Design da vivere\",\"publisher\":{\"@id\":\"https:\\\/\\\/www.casarredo.it\\\/en\\\/#organization\"},\"potentialAction\":[{\"@type\":\"SearchAction\",\"target\":{\"@type\":\"EntryPoint\",\"urlTemplate\":\"https:\\\/\\\/www.casarredo.it\\\/en\\\/?s={search_term_string}\"},\"query-input\":{\"@type\":\"PropertyValueSpecification\",\"valueRequired\":true,\"valueName\":\"search_term_string\"}}],\"inLanguage\":\"en-US\"},{\"@type\":\"Organization\",\"@id\":\"https:\\\/\\\/www.casarredo.it\\\/en\\\/#organization\",\"name\":\"casarredo srl\",\"url\":\"https:\\\/\\\/www.casarredo.it\\\/en\\\/\",\"logo\":{\"@type\":\"ImageObject\",\"inLanguage\":\"en-US\",\"@id\":\"https:\\\/\\\/www.casarredo.it\\\/en\\\/#\\\/schema\\\/logo\\\/image\\\/\",\"url\":\"https:\\\/\\\/www.casarredo.it\\\/wp-content\\\/uploads\\\/2018\\\/05\\\/vanity-scaled.jpg\",\"contentUrl\":\"https:\\\/\\\/www.casarredo.it\\\/wp-content\\\/uploads\\\/2018\\\/05\\\/vanity-scaled.jpg\",\"width\":2560,\"height\":1848,\"caption\":\"casarredo srl\"},\"image\":{\"@id\":\"https:\\\/\\\/www.casarredo.it\\\/en\\\/#\\\/schema\\\/logo\\\/image\\\/\"},\"sameAs\":[\"https:\\\/\\\/www.facebook.com\\\/Casarredo-632870513490892\",\"https:\\\/\\\/www.instagram.com\\\/casarredo_fano\\\/\"]}]}<\/script>\n<!-- \/ Yoast SEO plugin. -->","yoast_head_json":{"title":"Moleskine + kit + shelf with sliding element Driade &#8212; Casarredo.it","description":"La scrivania ha un\u2019estetica leggera, caratterizzata dal piano in multistrato di betulla con finitura in rovere apribile a ribalta,","robots":{"index":"index","follow":"follow","max-snippet":"max-snippet:-1","max-image-preview":"max-image-preview:large","max-video-preview":"max-video-preview:-1"},"canonical":"https:\/\/www.casarredo.it\/en\/prodotto\/moleskine-kit-shelf-with-sliding-element-driade\/","og_locale":"en_US","og_type":"article","og_title":"Moleskine + kit + shelf with sliding element Driade &#8212; Casarredo.it","og_description":"La scrivania ha un\u2019estetica leggera, caratterizzata dal piano in multistrato di betulla con finitura in rovere apribile a ribalta,","og_url":"https:\/\/www.casarredo.it\/en\/prodotto\/moleskine-kit-shelf-with-sliding-element-driade\/","og_site_name":"Casarredo.it","article_publisher":"https:\/\/www.facebook.com\/Casarredo-632870513490892","article_modified_time":"2019-04-19T11:22:17+00:00","og_image":[{"width":1229,"height":922,"url":"https:\/\/www.casarredo.it\/wp-content\/uploads\/2016\/08\/moleskine6.1.gif","type":"image\/gif"}],"twitter_card":"summary_large_image","twitter_misc":{"Est. reading time":"1 minute"},"schema":{"@context":"https:\/\/schema.org","@graph":[{"@type":"WebPage","@id":"https:\/\/www.casarredo.it\/en\/prodotto\/moleskine-kit-shelf-with-sliding-element-driade\/","url":"https:\/\/www.casarredo.it\/en\/prodotto\/moleskine-kit-shelf-with-sliding-element-driade\/","name":"Moleskine + kit + shelf with sliding element Driade &#8212; Casarredo.it","isPartOf":{"@id":"https:\/\/www.casarredo.it\/en\/#website"},"primaryImageOfPage":{"@id":"https:\/\/www.casarredo.it\/en\/prodotto\/moleskine-kit-shelf-with-sliding-element-driade\/#primaryimage"},"image":{"@id":"https:\/\/www.casarredo.it\/en\/prodotto\/moleskine-kit-shelf-with-sliding-element-driade\/#primaryimage"},"thumbnailUrl":"https:\/\/www.casarredo.it\/wp-content\/uploads\/2016\/08\/moleskine6.1.gif","datePublished":"2016-08-10T09:10:46+00:00","dateModified":"2019-04-19T11:22:17+00:00","description":"La scrivania ha un\u2019estetica leggera, caratterizzata dal piano in multistrato di betulla con finitura in rovere apribile a ribalta,","breadcrumb":{"@id":"https:\/\/www.casarredo.it\/en\/prodotto\/moleskine-kit-shelf-with-sliding-element-driade\/#breadcrumb"},"inLanguage":"en-US","potentialAction":[{"@type":"ReadAction","target":["https:\/\/www.casarredo.it\/en\/prodotto\/moleskine-kit-shelf-with-sliding-element-driade\/"]}]},{"@type":"ImageObject","inLanguage":"en-US","@id":"https:\/\/www.casarredo.it\/en\/prodotto\/moleskine-kit-shelf-with-sliding-element-driade\/#primaryimage","url":"https:\/\/www.casarredo.it\/wp-content\/uploads\/2016\/08\/moleskine6.1.gif","contentUrl":"https:\/\/www.casarredo.it\/wp-content\/uploads\/2016\/08\/moleskine6.1.gif","width":1229,"height":922},{"@type":"BreadcrumbList","@id":"https:\/\/www.casarredo.it\/en\/prodotto\/moleskine-kit-shelf-with-sliding-element-driade\/#breadcrumb","itemListElement":[{"@type":"ListItem","position":1,"name":"Home","item":"https:\/\/www.casarredo.it\/en\/"},{"@type":"ListItem","position":2,"name":"Shop online","item":"https:\/\/www.casarredo.it\/en\/shop\/"},{"@type":"ListItem","position":3,"name":"Moleskine + kit + shelf with sliding element Driade"}]},{"@type":"WebSite","@id":"https:\/\/www.casarredo.it\/en\/#website","url":"https:\/\/www.casarredo.it\/en\/","name":"Casarredo.it","description":"Design da vivere","publisher":{"@id":"https:\/\/www.casarredo.it\/en\/#organization"},"potentialAction":[{"@type":"SearchAction","target":{"@type":"EntryPoint","urlTemplate":"https:\/\/www.casarredo.it\/en\/?s={search_term_string}"},"query-input":{"@type":"PropertyValueSpecification","valueRequired":true,"valueName":"search_term_string"}}],"inLanguage":"en-US"},{"@type":"Organization","@id":"https:\/\/www.casarredo.it\/en\/#organization","name":"casarredo srl","url":"https:\/\/www.casarredo.it\/en\/","logo":{"@type":"ImageObject","inLanguage":"en-US","@id":"https:\/\/www.casarredo.it\/en\/#\/schema\/logo\/image\/","url":"https:\/\/www.casarredo.it\/wp-content\/uploads\/2018\/05\/vanity-scaled.jpg","contentUrl":"https:\/\/www.casarredo.it\/wp-content\/uploads\/2018\/05\/vanity-scaled.jpg","width":2560,"height":1848,"caption":"casarredo srl"},"image":{"@id":"https:\/\/www.casarredo.it\/en\/#\/schema\/logo\/image\/"},"sameAs":["https:\/\/www.facebook.com\/Casarredo-632870513490892","https:\/\/www.instagram.com\/casarredo_fano\/"]}]}},"_links":{"self":[{"href":"https:\/\/www.casarredo.it\/en\/wp-json\/wp\/v2\/product\/14752","targetHints":{"allow":["GET"]}}],"collection":[{"href":"https:\/\/www.casarredo.it\/en\/wp-json\/wp\/v2\/product"}],"about":[{"href":"https:\/\/www.casarredo.it\/en\/wp-json\/wp\/v2\/types\/product"}],"wp:featuredmedia":[{"embeddable":true,"href":"https:\/\/www.casarredo.it\/en\/wp-json\/wp\/v2\/media\/13357"}],"wp:attachment":[{"href":"https:\/\/www.casarredo.it\/en\/wp-json\/wp\/v2\/media?parent=14752"}],"wp:term":[{"taxonomy":"product_brand","embeddable":true,"href":"https:\/\/www.casarredo.it\/en\/wp-json\/wp\/v2\/product_brand?post=14752"},{"taxonomy":"product_cat","embeddable":true,"href":"https:\/\/www.casarredo.it\/en\/wp-json\/wp\/v2\/product_cat?post=14752"},{"taxonomy":"product_tag","embeddable":true,"href":"https:\/\/www.casarredo.it\/en\/wp-json\/wp\/v2\/product_tag?post=14752"}],"curies":[{"name":"wp","href":"https:\/\/api.w.org\/{rel}","templated":true}]}}